{"id":43187,"date":"2025-05-27T15:00:34","date_gmt":"2025-05-27T13:00:34","guid":{"rendered":"https:\/\/baubauwall.com\/product\/mural-wallpaper-wall-of-expressions\/"},"modified":"2025-05-29T11:45:54","modified_gmt":"2025-05-29T09:45:54","slug":"mustvalge-pilttapeet-ilmekas-sein","status":"publish","type":"product","link":"https:\/\/baubauwall.com\/et\/toode\/mustvalge-pilttapeet-ilmekas-sein\/","title":{"rendered":"Ilmekas sein"},"content":{"rendered":"<p data-start=\"256\" data-end=\"314\">Kui sein saaks n\u00e4gusid teha, siis ta valiks selle mustvalge tapeedi! &#8220;Ilmekas sein&#8221; on julge ja m\u00e4nguline mustvalge pilttapeet, mis sobib neile, kes armastavad disaini, mis pole tagasihoidlik taustategelane. Sellel pilttapeedi picassolikud abstraktsed n\u00e4od ja geomeetrilised detailid loovad graafilise seina, mis ongi ise ilmekas kunstiteos. Ning ilmselt ka vestluste alustaja! Seega v\u00f5iks see mustvalge pilttapeet sobida h\u00e4sti s\u00f6\u00f6gituppa v\u00f5i elutoa seinale. Monokroomne v\u00e4rvigamma hoiab \u00fcldilme stiilsena ja modernsena, kuid disain ise toob interj\u00f6\u00f6ri energiat.<\/p>\n<p data-start=\"256\" data-end=\"314\">Tapeedi tr\u00fckime vastavalt Sinu seina m\u00f5\u00f5tudele \u2013 ei mingit kodust tapeedil\u00f5ikumist ega raiskamist. Tapeetimine on lihtsam, kui arvad. Sest meilt saad tapeedi valmis l\u00f5igatud ning nummerdatud paanides, mis on just nii pikad, kui sein. Kaasa tuleb ka sobiv fliistapeedi liim. <a href=\"https:\/\/baubauwall.com\/et\/ideed\/let-the-homes-do-the-talking\/\">Piilu ka tehtud t\u00f6\u00f6de tapeedigaleriid<\/a> \u2013 kas midagi v\u00f5iks veel inspireerida?<\/p>\n<p><strong>Miks osta tapeet siit? Sest tapeedi valimine, tellimine ja tapeetimine on n\u00fc\u00fcd lihtne.<\/strong><\/p>\n<ul>\n<li>Eesti ettev\u00f5tte, Eestis tr\u00fckitud tapeedid<\/li>\n<li>Nummerdatud tapeedipaanid<\/li>\n<li>Just nii pikad tapeedipaanid, kui on Sinu sein<\/li>\n<li>Premium, matt fliistapeedi materjal<\/li>\n<li>M\u00fcrgivabad tr\u00fckiv\u00e4rvid, Greenguard sertifitseeritud<\/li>\n<li>Keskkonnas\u00f5bralik, j\u00e4\u00e4tmevaba tapeetimine<\/li>\n<li>Tasuta tapeediliim<\/li>\n<li>Tasuta transport ja kiire tarne 5 t\u00f6\u00f6p\u00e4evaga<\/li>\n<\/ul>\n<p>Vaata veel ideid ja ilusat tapeedimaailma meie <a href=\"https:\/\/www.instagram.com\/baubauwall\">Instagramis!<\/a><\/p>\n","protected":false},"excerpt":{"rendered":"<p>Kui sein saaks n\u00e4gusid teha, siis ta valiks selle mustvalge tapeedi! &#8220;Ilmekas sein&#8221; on julge ja m\u00e4nguline mustvalge pilttapeet, mis sobib neile, kes armastavad disaini, mis pole tagasihoidlik taustategelane. Sellel pilttapeedi picassolikud abstraktsed n\u00e4od ja geomeetrilised detailid loovad graafilise seina, mis ongi ise ilmekas kunstiteos. Ning ilmselt ka vestluste alustaja! Seega v\u00f5iks see mustvalge pilttapeet [&hellip;]<\/p>\n","protected":false},"featured_media":43264,"comment_status":"open","ping_status":"closed","template":"","meta":{"_acf_changed":false,"inline_featured_image":false},"product_brand":[],"product_cat":[387,390,396,266,273,410,715],"product_tag":[294,345],"class_list":{"0":"post-43187","1":"product","2":"type-product","3":"status-publish","4":"has-post-thumbnail","6":"product_cat-pilttapeedid","7":"product_cat-jooned","8":"product_cat-skandinaavia","9":"product_cat-mustad-tapeedid","10":"product_cat-heledad-tapeedid","11":"product_cat-valge-tapeedid","12":"product_cat-soodsad-tapeedid-leiunurk","13":"product_tag-mustvalge","14":"product_tag-pilttapeet","15":"pa_designedby-baubauwall","17":"first","18":"instock","19":"sale","20":"taxable","21":"shipping-taxable","22":"purchasable","23":"product-type-simple"},"acf":[],"yoast_head":"<!-- This site is optimized with the Yoast SEO plugin v25.9 - https:\/\/yoast.com\/wordpress\/plugins\/seo\/ -->\n<title>Mustvalge pilttapeet - Ilmekas sein<\/title>\n<meta name=\"description\" content=\"Mustvalge pilttapeet elutuppa v\u00f5i mujale interj\u00f6\u00f6ri, mis vajab karakterit! See on tapeet, mida on hea sobitada musta v\u00f5i just valge sisustusega.\" \/>\n<meta name=\"robots\" content=\"index, follow, max-snippet:-1, max-image-preview:large, max-video-preview:-1\" \/>\n<link rel=\"canonical\" href=\"https:\/\/baubauwall.com\/et\/toode\/mustvalge-pilttapeet-ilmekas-sein\/\" \/>\n<meta property=\"og:locale\" content=\"et_EE\" \/>\n<meta property=\"og:type\" content=\"article\" \/>\n<meta property=\"og:title\" content=\"BAUBAUWALL TAPEEDID\" \/>\n<meta property=\"og:description\" content=\"Mustvalge pilttapeet elutuppa v\u00f5i mujale interj\u00f6\u00f6ri, mis vajab karakterit! See on tapeet, mida on hea sobitada musta v\u00f5i just valge sisustusega.\" \/>\n<meta property=\"og:url\" content=\"https:\/\/baubauwall.com\/et\/toode\/mustvalge-pilttapeet-ilmekas-sein\/\" \/>\n<meta property=\"og:site_name\" content=\"BAUBAUWALL TAPEEDID\" \/>\n<meta property=\"article:publisher\" content=\"https:\/\/www.facebook.com\/Baubauwall\" \/>\n<meta property=\"article:modified_time\" content=\"2025-05-29T09:45:54+00:00\" \/>\n<meta property=\"og:image\" content=\"https:\/\/baubauwall.com\/wp-content\/uploads\/2022\/11\/51200488_WallofExpressions_Baubauwall_Wall_Mural_room3.jpg\" \/>\n\t<meta property=\"og:image:width\" content=\"1067\" \/>\n\t<meta property=\"og:image:height\" content=\"1600\" \/>\n\t<meta property=\"og:image:type\" content=\"image\/jpeg\" \/>\n<meta name=\"twitter:card\" content=\"summary_large_image\" \/>\n<meta name=\"twitter:label1\" content=\"Est. reading time\" \/>\n\t<meta name=\"twitter:data1\" content=\"1 minut\" \/>\n<script type=\"application\/ld+json\" class=\"yoast-schema-graph\">{\"@context\":\"https:\/\/schema.org\",\"@graph\":[{\"@type\":\"WebPage\",\"@id\":\"https:\/\/baubauwall.com\/et\/toode\/mustvalge-pilttapeet-ilmekas-sein\/\",\"url\":\"https:\/\/baubauwall.com\/et\/toode\/mustvalge-pilttapeet-ilmekas-sein\/\",\"name\":\"Mustvalge pilttapeet - Ilmekas sein\",\"isPartOf\":{\"@id\":\"https:\/\/baubauwall.com\/et\/#website\"},\"primaryImageOfPage\":{\"@id\":\"https:\/\/baubauwall.com\/et\/toode\/mustvalge-pilttapeet-ilmekas-sein\/#primaryimage\"},\"image\":{\"@id\":\"https:\/\/baubauwall.com\/et\/toode\/mustvalge-pilttapeet-ilmekas-sein\/#primaryimage\"},\"thumbnailUrl\":\"https:\/\/baubauwall.com\/wp-content\/uploads\/2025\/05\/51200488_WallofExpressions_Baubauwall_Wall_Mural_room2.jpg\",\"datePublished\":\"2025-05-27T13:00:34+00:00\",\"dateModified\":\"2025-05-29T09:45:54+00:00\",\"description\":\"Mustvalge pilttapeet elutuppa v\u00f5i mujale interj\u00f6\u00f6ri, mis vajab karakterit! See on tapeet, mida on hea sobitada musta v\u00f5i just valge sisustusega.\",\"breadcrumb\":{\"@id\":\"https:\/\/baubauwall.com\/et\/toode\/mustvalge-pilttapeet-ilmekas-sein\/#breadcrumb\"},\"inLanguage\":\"et\",\"potentialAction\":[{\"@type\":\"ReadAction\",\"target\":[\"https:\/\/baubauwall.com\/et\/toode\/mustvalge-pilttapeet-ilmekas-sein\/\"]}]},{\"@type\":\"ImageObject\",\"inLanguage\":\"et\",\"@id\":\"https:\/\/baubauwall.com\/et\/toode\/mustvalge-pilttapeet-ilmekas-sein\/#primaryimage\",\"url\":\"https:\/\/baubauwall.com\/wp-content\/uploads\/2025\/05\/51200488_WallofExpressions_Baubauwall_Wall_Mural_room2.jpg\",\"contentUrl\":\"https:\/\/baubauwall.com\/wp-content\/uploads\/2025\/05\/51200488_WallofExpressions_Baubauwall_Wall_Mural_room2.jpg\",\"width\":534,\"height\":800,\"caption\":\"Elutoa tapeet koos halli diivaniga. Baubuawall tapeedid koju ja avalikku ruumi | Living room statement wall with graphic wallpaper. Baubauwall Wallpapers\"},{\"@type\":\"BreadcrumbList\",\"@id\":\"https:\/\/baubauwall.com\/et\/toode\/mustvalge-pilttapeet-ilmekas-sein\/#breadcrumb\",\"itemListElement\":[{\"@type\":\"ListItem\",\"position\":1,\"name\":\"Koju\",\"item\":\"https:\/\/baubauwall.com\/et\/\"},{\"@type\":\"ListItem\",\"position\":2,\"name\":\"Tapeedid\",\"item\":\"https:\/\/baubauwall.com\/et\/tapeedid\/\"},{\"@type\":\"ListItem\",\"position\":3,\"name\":\"Ilmekas sein\"}]},{\"@type\":\"WebSite\",\"@id\":\"https:\/\/baubauwall.com\/et\/#website\",\"url\":\"https:\/\/baubauwall.com\/et\/\",\"name\":\"BAUBAUWALL Wallpapers\",\"description\":\"Valmis paanides tapeet Eestist!\",\"publisher\":{\"@id\":\"https:\/\/baubauwall.com\/et\/#organization\"},\"potentialAction\":[{\"@type\":\"SearchAction\",\"target\":{\"@type\":\"EntryPoint\",\"urlTemplate\":\"https:\/\/baubauwall.com\/et\/?s={search_term_string}\"},\"query-input\":{\"@type\":\"PropertyValueSpecification\",\"valueRequired\":true,\"valueName\":\"search_term_string\"}}],\"inLanguage\":\"et\"},{\"@type\":\"Organization\",\"@id\":\"https:\/\/baubauwall.com\/et\/#organization\",\"name\":\"BAUBAUWALL Wallpapers\",\"url\":\"https:\/\/baubauwall.com\/et\/\",\"logo\":{\"@type\":\"ImageObject\",\"inLanguage\":\"et\",\"@id\":\"https:\/\/baubauwall.com\/et\/#\/schema\/logo\/image\/\",\"url\":\"https:\/\/baubauwall.com\/wp-content\/uploads\/2022\/03\/logo-horizontal.svg\",\"contentUrl\":\"https:\/\/baubauwall.com\/wp-content\/uploads\/2022\/03\/logo-horizontal.svg\",\"width\":\"1024\",\"height\":\"1024\",\"caption\":\"BAUBAUWALL Wallpapers\"},\"image\":{\"@id\":\"https:\/\/baubauwall.com\/et\/#\/schema\/logo\/image\/\"},\"sameAs\":[\"https:\/\/www.facebook.com\/Baubauwall\",\"https:\/\/www.instagram.com\/baubauwall\"]}]}<\/script>\n<!-- \/ Yoast SEO plugin. -->","yoast_head_json":{"title":"Mustvalge pilttapeet - Ilmekas sein","description":"Mustvalge pilttapeet elutuppa v\u00f5i mujale interj\u00f6\u00f6ri, mis vajab karakterit! See on tapeet, mida on hea sobitada musta v\u00f5i just valge sisustusega.","robots":{"index":"index","follow":"follow","max-snippet":"max-snippet:-1","max-image-preview":"max-image-preview:large","max-video-preview":"max-video-preview:-1"},"canonical":"https:\/\/baubauwall.com\/et\/toode\/mustvalge-pilttapeet-ilmekas-sein\/","og_locale":"et_EE","og_type":"article","og_title":"BAUBAUWALL TAPEEDID","og_description":"Mustvalge pilttapeet elutuppa v\u00f5i mujale interj\u00f6\u00f6ri, mis vajab karakterit! See on tapeet, mida on hea sobitada musta v\u00f5i just valge sisustusega.","og_url":"https:\/\/baubauwall.com\/et\/toode\/mustvalge-pilttapeet-ilmekas-sein\/","og_site_name":"BAUBAUWALL TAPEEDID","article_publisher":"https:\/\/www.facebook.com\/Baubauwall","article_modified_time":"2025-05-29T09:45:54+00:00","og_image":[{"width":1067,"height":1600,"url":"https:\/\/baubauwall.com\/wp-content\/uploads\/2022\/11\/51200488_WallofExpressions_Baubauwall_Wall_Mural_room3.jpg","type":"image\/jpeg"}],"twitter_card":"summary_large_image","twitter_misc":{"Est. reading time":"1 minut"},"schema":{"@context":"https:\/\/schema.org","@graph":[{"@type":"WebPage","@id":"https:\/\/baubauwall.com\/et\/toode\/mustvalge-pilttapeet-ilmekas-sein\/","url":"https:\/\/baubauwall.com\/et\/toode\/mustvalge-pilttapeet-ilmekas-sein\/","name":"Mustvalge pilttapeet - Ilmekas sein","isPartOf":{"@id":"https:\/\/baubauwall.com\/et\/#website"},"primaryImageOfPage":{"@id":"https:\/\/baubauwall.com\/et\/toode\/mustvalge-pilttapeet-ilmekas-sein\/#primaryimage"},"image":{"@id":"https:\/\/baubauwall.com\/et\/toode\/mustvalge-pilttapeet-ilmekas-sein\/#primaryimage"},"thumbnailUrl":"https:\/\/baubauwall.com\/wp-content\/uploads\/2025\/05\/51200488_WallofExpressions_Baubauwall_Wall_Mural_room2.jpg","datePublished":"2025-05-27T13:00:34+00:00","dateModified":"2025-05-29T09:45:54+00:00","description":"Mustvalge pilttapeet elutuppa v\u00f5i mujale interj\u00f6\u00f6ri, mis vajab karakterit! See on tapeet, mida on hea sobitada musta v\u00f5i just valge sisustusega.","breadcrumb":{"@id":"https:\/\/baubauwall.com\/et\/toode\/mustvalge-pilttapeet-ilmekas-sein\/#breadcrumb"},"inLanguage":"et","potentialAction":[{"@type":"ReadAction","target":["https:\/\/baubauwall.com\/et\/toode\/mustvalge-pilttapeet-ilmekas-sein\/"]}]},{"@type":"ImageObject","inLanguage":"et","@id":"https:\/\/baubauwall.com\/et\/toode\/mustvalge-pilttapeet-ilmekas-sein\/#primaryimage","url":"https:\/\/baubauwall.com\/wp-content\/uploads\/2025\/05\/51200488_WallofExpressions_Baubauwall_Wall_Mural_room2.jpg","contentUrl":"https:\/\/baubauwall.com\/wp-content\/uploads\/2025\/05\/51200488_WallofExpressions_Baubauwall_Wall_Mural_room2.jpg","width":534,"height":800,"caption":"Elutoa tapeet koos halli diivaniga. Baubuawall tapeedid koju ja avalikku ruumi | Living room statement wall with graphic wallpaper. Baubauwall Wallpapers"},{"@type":"BreadcrumbList","@id":"https:\/\/baubauwall.com\/et\/toode\/mustvalge-pilttapeet-ilmekas-sein\/#breadcrumb","itemListElement":[{"@type":"ListItem","position":1,"name":"Koju","item":"https:\/\/baubauwall.com\/et\/"},{"@type":"ListItem","position":2,"name":"Tapeedid","item":"https:\/\/baubauwall.com\/et\/tapeedid\/"},{"@type":"ListItem","position":3,"name":"Ilmekas sein"}]},{"@type":"WebSite","@id":"https:\/\/baubauwall.com\/et\/#website","url":"https:\/\/baubauwall.com\/et\/","name":"BAUBAUWALL Wallpapers","description":"Valmis paanides tapeet Eestist!","publisher":{"@id":"https:\/\/baubauwall.com\/et\/#organization"},"potentialAction":[{"@type":"SearchAction","target":{"@type":"EntryPoint","urlTemplate":"https:\/\/baubauwall.com\/et\/?s={search_term_string}"},"query-input":{"@type":"PropertyValueSpecification","valueRequired":true,"valueName":"search_term_string"}}],"inLanguage":"et"},{"@type":"Organization","@id":"https:\/\/baubauwall.com\/et\/#organization","name":"BAUBAUWALL Wallpapers","url":"https:\/\/baubauwall.com\/et\/","logo":{"@type":"ImageObject","inLanguage":"et","@id":"https:\/\/baubauwall.com\/et\/#\/schema\/logo\/image\/","url":"https:\/\/baubauwall.com\/wp-content\/uploads\/2022\/03\/logo-horizontal.svg","contentUrl":"https:\/\/baubauwall.com\/wp-content\/uploads\/2022\/03\/logo-horizontal.svg","width":"1024","height":"1024","caption":"BAUBAUWALL Wallpapers"},"image":{"@id":"https:\/\/baubauwall.com\/et\/#\/schema\/logo\/image\/"},"sameAs":["https:\/\/www.facebook.com\/Baubauwall","https:\/\/www.instagram.com\/baubauwall"]}]}},"jetpack_sharing_enabled":true,"_links":{"self":[{"href":"https:\/\/baubauwall.com\/et\/wp-json\/wp\/v2\/product\/43187","targetHints":{"allow":["GET"]}}],"collection":[{"href":"https:\/\/baubauwall.com\/et\/wp-json\/wp\/v2\/product"}],"about":[{"href":"https:\/\/baubauwall.com\/et\/wp-json\/wp\/v2\/types\/product"}],"replies":[{"embeddable":true,"href":"https:\/\/baubauwall.com\/et\/wp-json\/wp\/v2\/comments?post=43187"}],"wp:featuredmedia":[{"embeddable":true,"href":"https:\/\/baubauwall.com\/et\/wp-json\/wp\/v2\/media\/43264"}],"wp:attachment":[{"href":"https:\/\/baubauwall.com\/et\/wp-json\/wp\/v2\/media?parent=43187"}],"wp:term":[{"taxonomy":"product_brand","embeddable":true,"href":"https:\/\/baubauwall.com\/et\/wp-json\/wp\/v2\/product_brand?post=43187"},{"taxonomy":"product_cat","embeddable":true,"href":"https:\/\/baubauwall.com\/et\/wp-json\/wp\/v2\/product_cat?post=43187"},{"taxonomy":"product_tag","embeddable":true,"href":"https:\/\/baubauwall.com\/et\/wp-json\/wp\/v2\/product_tag?post=43187"}],"curies":[{"name":"wp","href":"https:\/\/api.w.org\/{rel}","templated":true}]}}