{"id":43208,"date":"2025-05-27T15:00:34","date_gmt":"2025-05-27T13:00:34","guid":{"rendered":"https:\/\/baubauwall.com\/product\/mural-wallpaper-face-to-face\/"},"modified":"2025-05-29T11:55:54","modified_gmt":"2025-05-29T09:55:54","slug":"pilttapeet-naost-nakku","status":"publish","type":"product","link":"https:\/\/baubauwall.com\/et\/toode\/pilttapeet-naost-nakku\/","title":{"rendered":"N\u00e4ost n\u00e4kku"},"content":{"rendered":"<p data-start=\"223\" data-end=\"281\">Mustvalge tapeet, mis j\u00e4\u00e4b meelde. Disain sobib eriliselt h\u00e4sti kitsale seinale. Abstraktsed n\u00e4od, emotsioonid ja graafiline lihtsus kohtuvad sellel pilttapeedil, mile ilme ei j\u00e4ta k\u00fclmaks kedagi! Tapeedi disain on minimalistlik, aga m\u00f5ju maksimaalne. Justkui oleksid n\u00e4itusel, ainult et see on Su oma kodu sein.<\/p>\n<p data-start=\"674\" data-end=\"924\">&#8220;N\u00e4ost n\u00e4kku&#8221; mustvalge tapeet sobib elutoa fookusseinaks, korteri kitsale esikuseinale v\u00f5i kodukontorisse. Sinna, kuhu on vaja natuke karakterit ja inspiratsiooni. Tapeedi mustvalge v\u00e4rvigamma teeb sobitamise lihtsaks \u2013 disain t\u00f6\u00f6tab nii heledas kui tumedas interj\u00f6\u00f6ris.<\/p>\n<p data-start=\"926\" data-end=\"1104\">Nagu ikka \u2013 tapeedi tr\u00fckime t\u00e4pselt sinu seina m\u00f5\u00f5tude j\u00e4rgi. Tarne 5 t\u00f6\u00f6p\u00e4eva jooksul, ja tapeedi paigaldamine on lihtne t\u00e4nu valmis l\u00f5igatud ja nummerdatud paanidele.<\/p>\n<p data-start=\"256\" data-end=\"314\"><a href=\"https:\/\/baubauwall.com\/et\/ideed\/let-the-homes-do-the-talking\/\">Piilu ka tehtud t\u00f6\u00f6de tapeedigaleriid<\/a>\u00a0\u2013 kas midagi v\u00f5iks veel inspireerida?<\/p>\n<p><strong>Miks osta tapeet siit? Sest tapeedi valimine, tellimine ja tapeetimine on n\u00fc\u00fcd lihtne.<\/strong><\/p>\n<ul>\n<li>Eesti ettev\u00f5tte, Eestis tr\u00fckitud tapeedid<\/li>\n<li>Nummerdatud tapeedipaanid<\/li>\n<li>Just nii pikad tapeedipaanid, kui on Sinu sein<\/li>\n<li>Premium, matt fliistapeedi materjal<\/li>\n<li>M\u00fcrgivabad tr\u00fckiv\u00e4rvid, Greenguard sertifitseeritud<\/li>\n<li>Keskkonnas\u00f5bralik, j\u00e4\u00e4tmevaba tapeetimine<\/li>\n<li>Tasuta tapeediliim<\/li>\n<li>Tasuta transport ja kiire tarne 5 t\u00f6\u00f6p\u00e4evaga<\/li>\n<\/ul>\n<p>Vaata veel ideid ja ilusat tapeedimaailma meie\u00a0<a href=\"https:\/\/www.instagram.com\/baubauwall\">Instagramis!<\/a><\/p>\n","protected":false},"excerpt":{"rendered":"<p>Mustvalge tapeet, mis j\u00e4\u00e4b meelde. Disain sobib eriliselt h\u00e4sti kitsale seinale. Abstraktsed n\u00e4od, emotsioonid ja graafiline lihtsus kohtuvad sellel pilttapeedil, mile ilme ei j\u00e4ta k\u00fclmaks kedagi! Tapeedi disain on minimalistlik, aga m\u00f5ju maksimaalne. Justkui oleksid n\u00e4itusel, ainult et see on Su oma kodu sein. &#8220;N\u00e4ost n\u00e4kku&#8221; mustvalge tapeet sobib elutoa fookusseinaks, korteri kitsale esikuseinale v\u00f5i [&hellip;]<\/p>\n","protected":false},"featured_media":43194,"comment_status":"open","ping_status":"closed","template":"","meta":{"_acf_changed":false,"inline_featured_image":false},"product_brand":[],"product_cat":[387,408,405,388,272,273,410,752,413,414,416,399,402],"product_tag":[294,345,731],"class_list":{"0":"post-43208","1":"product","2":"type-product","3":"status-publish","4":"has-post-thumbnail","6":"product_cat-pilttapeedid","7":"product_cat-geomeetriline","8":"product_cat-art-deco","9":"product_cat-vintage-et","10":"product_cat-hallid-tapeedid","11":"product_cat-heledad-tapeedid","12":"product_cat-valge-tapeedid","13":"product_cat-avalik-ruum","14":"product_cat-magamistoa-tapeedid","15":"product_cat-soogitoa-tapeedid","16":"product_cat-esiku-tapeedid","17":"product_cat-kodukontori-tapeedid","18":"product_cat-elutoa-tapeedid","19":"product_tag-mustvalge","20":"product_tag-pilttapeet","21":"product_tag-vertikaalne-pustine-pilttapeet-et","22":"pa_designedby-baubauwall","24":"first","25":"instock","26":"taxable","27":"shipping-taxable","28":"purchasable","29":"product-type-simple"},"acf":[],"yoast_head":"<!-- This site is optimized with the Yoast SEO plugin v25.9 - https:\/\/yoast.com\/wordpress\/plugins\/seo\/ -->\n<title>Mustvalge tapeet N\u00e4ost n\u00e4kku - BAUBAUWALL TAPEEDID Disaintapeedid<\/title>\n<meta name=\"description\" content=\"Mustvalge tapeet, mida on lihtne sobitada erinevate stiilidega \u2013 skandinaavia, modernne, boho. See tapeet sobib eriti h\u00e4sti kitsale seinale!\" \/>\n<meta name=\"robots\" content=\"index, follow, max-snippet:-1, max-image-preview:large, max-video-preview:-1\" \/>\n<link rel=\"canonical\" href=\"https:\/\/baubauwall.com\/et\/toode\/pilttapeet-naost-nakku\/\" \/>\n<meta property=\"og:locale\" content=\"et_EE\" \/>\n<meta property=\"og:type\" content=\"article\" \/>\n<meta property=\"og:title\" content=\"Mustvalge tapeet N\u00e4ost n\u00e4kku - BAUBAUWALL TAPEEDID Disaintapeedid\" \/>\n<meta property=\"og:description\" content=\"Mustvalge tapeet, mida on lihtne sobitada erinevate stiilidega \u2013 skandinaavia, modernne, boho. See tapeet sobib eriti h\u00e4sti kitsale seinale!\" \/>\n<meta property=\"og:url\" content=\"https:\/\/baubauwall.com\/et\/toode\/pilttapeet-naost-nakku\/\" \/>\n<meta property=\"og:site_name\" content=\"BAUBAUWALL TAPEEDID\" \/>\n<meta property=\"article:publisher\" content=\"https:\/\/www.facebook.com\/Baubauwall\" \/>\n<meta property=\"article:modified_time\" content=\"2025-05-29T09:55:54+00:00\" \/>\n<meta property=\"og:image\" content=\"https:\/\/baubauwall.com\/wp-content\/uploads\/2022\/11\/51200489_FacetoFace_Baubauwall_Wall_Mural_room2.jpg\" \/>\n\t<meta property=\"og:image:width\" content=\"2465\" \/>\n\t<meta property=\"og:image:height\" content=\"1600\" \/>\n\t<meta property=\"og:image:type\" content=\"image\/jpeg\" \/>\n<meta name=\"twitter:card\" content=\"summary_large_image\" \/>\n<meta name=\"twitter:label1\" content=\"Est. reading time\" \/>\n\t<meta name=\"twitter:data1\" content=\"1 minut\" \/>\n<script type=\"application\/ld+json\" class=\"yoast-schema-graph\">{\"@context\":\"https:\/\/schema.org\",\"@graph\":[{\"@type\":\"WebPage\",\"@id\":\"https:\/\/baubauwall.com\/et\/toode\/pilttapeet-naost-nakku\/\",\"url\":\"https:\/\/baubauwall.com\/et\/toode\/pilttapeet-naost-nakku\/\",\"name\":\"Mustvalge tapeet N\u00e4ost n\u00e4kku - BAUBAUWALL TAPEEDID Disaintapeedid\",\"isPartOf\":{\"@id\":\"https:\/\/baubauwall.com\/et\/#website\"},\"primaryImageOfPage\":{\"@id\":\"https:\/\/baubauwall.com\/et\/toode\/pilttapeet-naost-nakku\/#primaryimage\"},\"image\":{\"@id\":\"https:\/\/baubauwall.com\/et\/toode\/pilttapeet-naost-nakku\/#primaryimage\"},\"thumbnailUrl\":\"https:\/\/baubauwall.com\/wp-content\/uploads\/2022\/11\/51200489_FacetoFace_Baubauwall_Wall_Mural_room2.jpg\",\"datePublished\":\"2025-05-27T13:00:34+00:00\",\"dateModified\":\"2025-05-29T09:55:54+00:00\",\"description\":\"Mustvalge tapeet, mida on lihtne sobitada erinevate stiilidega \u2013 skandinaavia, modernne, boho. See tapeet sobib eriti h\u00e4sti kitsale seinale!\",\"breadcrumb\":{\"@id\":\"https:\/\/baubauwall.com\/et\/toode\/pilttapeet-naost-nakku\/#breadcrumb\"},\"inLanguage\":\"et\",\"potentialAction\":[{\"@type\":\"ReadAction\",\"target\":[\"https:\/\/baubauwall.com\/et\/toode\/pilttapeet-naost-nakku\/\"]}]},{\"@type\":\"ImageObject\",\"inLanguage\":\"et\",\"@id\":\"https:\/\/baubauwall.com\/et\/toode\/pilttapeet-naost-nakku\/#primaryimage\",\"url\":\"https:\/\/baubauwall.com\/wp-content\/uploads\/2022\/11\/51200489_FacetoFace_Baubauwall_Wall_Mural_room2.jpg\",\"contentUrl\":\"https:\/\/baubauwall.com\/wp-content\/uploads\/2022\/11\/51200489_FacetoFace_Baubauwall_Wall_Mural_room2.jpg\",\"width\":2465,\"height\":1600,\"caption\":\"Bedroom statement wall with line art mural wallpaper behind the bed\"},{\"@type\":\"BreadcrumbList\",\"@id\":\"https:\/\/baubauwall.com\/et\/toode\/pilttapeet-naost-nakku\/#breadcrumb\",\"itemListElement\":[{\"@type\":\"ListItem\",\"position\":1,\"name\":\"Koju\",\"item\":\"https:\/\/baubauwall.com\/et\/\"},{\"@type\":\"ListItem\",\"position\":2,\"name\":\"Tapeedid\",\"item\":\"https:\/\/baubauwall.com\/et\/tapeedid\/\"},{\"@type\":\"ListItem\",\"position\":3,\"name\":\"N\u00e4ost n\u00e4kku\"}]},{\"@type\":\"WebSite\",\"@id\":\"https:\/\/baubauwall.com\/et\/#website\",\"url\":\"https:\/\/baubauwall.com\/et\/\",\"name\":\"BAUBAUWALL Wallpapers\",\"description\":\"Valmis paanides tapeet Eestist!\",\"publisher\":{\"@id\":\"https:\/\/baubauwall.com\/et\/#organization\"},\"potentialAction\":[{\"@type\":\"SearchAction\",\"target\":{\"@type\":\"EntryPoint\",\"urlTemplate\":\"https:\/\/baubauwall.com\/et\/?s={search_term_string}\"},\"query-input\":{\"@type\":\"PropertyValueSpecification\",\"valueRequired\":true,\"valueName\":\"search_term_string\"}}],\"inLanguage\":\"et\"},{\"@type\":\"Organization\",\"@id\":\"https:\/\/baubauwall.com\/et\/#organization\",\"name\":\"BAUBAUWALL Wallpapers\",\"url\":\"https:\/\/baubauwall.com\/et\/\",\"logo\":{\"@type\":\"ImageObject\",\"inLanguage\":\"et\",\"@id\":\"https:\/\/baubauwall.com\/et\/#\/schema\/logo\/image\/\",\"url\":\"https:\/\/baubauwall.com\/wp-content\/uploads\/2022\/03\/logo-horizontal.svg\",\"contentUrl\":\"https:\/\/baubauwall.com\/wp-content\/uploads\/2022\/03\/logo-horizontal.svg\",\"width\":\"1024\",\"height\":\"1024\",\"caption\":\"BAUBAUWALL Wallpapers\"},\"image\":{\"@id\":\"https:\/\/baubauwall.com\/et\/#\/schema\/logo\/image\/\"},\"sameAs\":[\"https:\/\/www.facebook.com\/Baubauwall\",\"https:\/\/www.instagram.com\/baubauwall\"]}]}<\/script>\n<!-- \/ Yoast SEO plugin. -->","yoast_head_json":{"title":"Mustvalge tapeet N\u00e4ost n\u00e4kku - BAUBAUWALL TAPEEDID Disaintapeedid","description":"Mustvalge tapeet, mida on lihtne sobitada erinevate stiilidega \u2013 skandinaavia, modernne, boho. See tapeet sobib eriti h\u00e4sti kitsale seinale!","robots":{"index":"index","follow":"follow","max-snippet":"max-snippet:-1","max-image-preview":"max-image-preview:large","max-video-preview":"max-video-preview:-1"},"canonical":"https:\/\/baubauwall.com\/et\/toode\/pilttapeet-naost-nakku\/","og_locale":"et_EE","og_type":"article","og_title":"Mustvalge tapeet N\u00e4ost n\u00e4kku - BAUBAUWALL TAPEEDID Disaintapeedid","og_description":"Mustvalge tapeet, mida on lihtne sobitada erinevate stiilidega \u2013 skandinaavia, modernne, boho. See tapeet sobib eriti h\u00e4sti kitsale seinale!","og_url":"https:\/\/baubauwall.com\/et\/toode\/pilttapeet-naost-nakku\/","og_site_name":"BAUBAUWALL TAPEEDID","article_publisher":"https:\/\/www.facebook.com\/Baubauwall","article_modified_time":"2025-05-29T09:55:54+00:00","og_image":[{"width":2465,"height":1600,"url":"https:\/\/baubauwall.com\/wp-content\/uploads\/2022\/11\/51200489_FacetoFace_Baubauwall_Wall_Mural_room2.jpg","type":"image\/jpeg"}],"twitter_card":"summary_large_image","twitter_misc":{"Est. reading time":"1 minut"},"schema":{"@context":"https:\/\/schema.org","@graph":[{"@type":"WebPage","@id":"https:\/\/baubauwall.com\/et\/toode\/pilttapeet-naost-nakku\/","url":"https:\/\/baubauwall.com\/et\/toode\/pilttapeet-naost-nakku\/","name":"Mustvalge tapeet N\u00e4ost n\u00e4kku - BAUBAUWALL TAPEEDID Disaintapeedid","isPartOf":{"@id":"https:\/\/baubauwall.com\/et\/#website"},"primaryImageOfPage":{"@id":"https:\/\/baubauwall.com\/et\/toode\/pilttapeet-naost-nakku\/#primaryimage"},"image":{"@id":"https:\/\/baubauwall.com\/et\/toode\/pilttapeet-naost-nakku\/#primaryimage"},"thumbnailUrl":"https:\/\/baubauwall.com\/wp-content\/uploads\/2022\/11\/51200489_FacetoFace_Baubauwall_Wall_Mural_room2.jpg","datePublished":"2025-05-27T13:00:34+00:00","dateModified":"2025-05-29T09:55:54+00:00","description":"Mustvalge tapeet, mida on lihtne sobitada erinevate stiilidega \u2013 skandinaavia, modernne, boho. See tapeet sobib eriti h\u00e4sti kitsale seinale!","breadcrumb":{"@id":"https:\/\/baubauwall.com\/et\/toode\/pilttapeet-naost-nakku\/#breadcrumb"},"inLanguage":"et","potentialAction":[{"@type":"ReadAction","target":["https:\/\/baubauwall.com\/et\/toode\/pilttapeet-naost-nakku\/"]}]},{"@type":"ImageObject","inLanguage":"et","@id":"https:\/\/baubauwall.com\/et\/toode\/pilttapeet-naost-nakku\/#primaryimage","url":"https:\/\/baubauwall.com\/wp-content\/uploads\/2022\/11\/51200489_FacetoFace_Baubauwall_Wall_Mural_room2.jpg","contentUrl":"https:\/\/baubauwall.com\/wp-content\/uploads\/2022\/11\/51200489_FacetoFace_Baubauwall_Wall_Mural_room2.jpg","width":2465,"height":1600,"caption":"Bedroom statement wall with line art mural wallpaper behind the bed"},{"@type":"BreadcrumbList","@id":"https:\/\/baubauwall.com\/et\/toode\/pilttapeet-naost-nakku\/#breadcrumb","itemListElement":[{"@type":"ListItem","position":1,"name":"Koju","item":"https:\/\/baubauwall.com\/et\/"},{"@type":"ListItem","position":2,"name":"Tapeedid","item":"https:\/\/baubauwall.com\/et\/tapeedid\/"},{"@type":"ListItem","position":3,"name":"N\u00e4ost n\u00e4kku"}]},{"@type":"WebSite","@id":"https:\/\/baubauwall.com\/et\/#website","url":"https:\/\/baubauwall.com\/et\/","name":"BAUBAUWALL Wallpapers","description":"Valmis paanides tapeet Eestist!","publisher":{"@id":"https:\/\/baubauwall.com\/et\/#organization"},"potentialAction":[{"@type":"SearchAction","target":{"@type":"EntryPoint","urlTemplate":"https:\/\/baubauwall.com\/et\/?s={search_term_string}"},"query-input":{"@type":"PropertyValueSpecification","valueRequired":true,"valueName":"search_term_string"}}],"inLanguage":"et"},{"@type":"Organization","@id":"https:\/\/baubauwall.com\/et\/#organization","name":"BAUBAUWALL Wallpapers","url":"https:\/\/baubauwall.com\/et\/","logo":{"@type":"ImageObject","inLanguage":"et","@id":"https:\/\/baubauwall.com\/et\/#\/schema\/logo\/image\/","url":"https:\/\/baubauwall.com\/wp-content\/uploads\/2022\/03\/logo-horizontal.svg","contentUrl":"https:\/\/baubauwall.com\/wp-content\/uploads\/2022\/03\/logo-horizontal.svg","width":"1024","height":"1024","caption":"BAUBAUWALL Wallpapers"},"image":{"@id":"https:\/\/baubauwall.com\/et\/#\/schema\/logo\/image\/"},"sameAs":["https:\/\/www.facebook.com\/Baubauwall","https:\/\/www.instagram.com\/baubauwall"]}]}},"jetpack_sharing_enabled":true,"_links":{"self":[{"href":"https:\/\/baubauwall.com\/et\/wp-json\/wp\/v2\/product\/43208","targetHints":{"allow":["GET"]}}],"collection":[{"href":"https:\/\/baubauwall.com\/et\/wp-json\/wp\/v2\/product"}],"about":[{"href":"https:\/\/baubauwall.com\/et\/wp-json\/wp\/v2\/types\/product"}],"replies":[{"embeddable":true,"href":"https:\/\/baubauwall.com\/et\/wp-json\/wp\/v2\/comments?post=43208"}],"wp:featuredmedia":[{"embeddable":true,"href":"https:\/\/baubauwall.com\/et\/wp-json\/wp\/v2\/media\/43194"}],"wp:attachment":[{"href":"https:\/\/baubauwall.com\/et\/wp-json\/wp\/v2\/media?parent=43208"}],"wp:term":[{"taxonomy":"product_brand","embeddable":true,"href":"https:\/\/baubauwall.com\/et\/wp-json\/wp\/v2\/product_brand?post=43208"},{"taxonomy":"product_cat","embeddable":true,"href":"https:\/\/baubauwall.com\/et\/wp-json\/wp\/v2\/product_cat?post=43208"},{"taxonomy":"product_tag","embeddable":true,"href":"https:\/\/baubauwall.com\/et\/wp-json\/wp\/v2\/product_tag?post=43208"}],"curies":[{"name":"wp","href":"https:\/\/api.w.org\/{rel}","templated":true}]}}