{"id":43352,"date":"2025-06-05T15:15:43","date_gmt":"2025-06-05T13:15:43","guid":{"rendered":"https:\/\/baubauwall.com\/product\/beige-mural-wallpaper-soft-stems\/"},"modified":"2025-08-26T13:34:09","modified_gmt":"2025-08-26T11:34:09","slug":"pilttapeet-korrejutud","status":"publish","type":"product","link":"https:\/\/baubauwall.com\/et\/toode\/pilttapeet-korrejutud\/","title":{"rendered":"K\u00f5rrejutud"},"content":{"rendered":"<p data-start=\"256\" data-end=\"314\">Minimalistlik, k\u00f5rtega tapeet interj\u00f6\u00f6ri, milles valitseb rahu. Pilttapeedi bee\u017e v\u00e4rvigamma lubab disaini sobitada h\u00f5lpsalt kodu muu sisekujundusega. Paiguta k\u00f5rtega tapeet magamistoa voodi taustale &#8211; k\u00f5rred ja lilled j\u00e4\u00e4vad kelmikalt piidlema. V\u00f5i tapeedi k\u00f5rtega tapeediga elutuba, olles nii taustaks k\u00f5ikidele juttudele.<\/p>\n<p data-start=\"144\" data-end=\"435\"><em>K\u00f5rrejutud <\/em>on rahulik ja loodusega sammu pidevhele pilttapeet, mis sobib skandinaavialiku sisekujunduse s\u00f5pradele. \u00d5rnad k\u00f5rred joonistuvad seinale nagu pehmed pintslit\u00f5mbed, tuues tuppa rahu ja tasakaalu. Muide, just selle tapeedi valis Merko ilmestama uue n\u00e4idiskorteri magamistoa seina. <a href=\"https:\/\/merko.ee\/tihase\/galerii\/#item-2\">Vaata siit!<\/a><\/p>\n<p data-start=\"437\" data-end=\"627\">\u00a0<strong>Miks osta tapeet siit? Sest tapeedi valimine, tellimine ja tapeetimine on n\u00fc\u00fcd lihtne.<\/strong><\/p>\n<ul>\n<li>Eesti ettev\u00f5tte, Eestis tr\u00fckitud tapeedid<\/li>\n<li><a href=\"https:\/\/baubauwall.com\/et\/kuidas-see-tootab\/\">Nummerdatud tapeedipaanid<\/a><\/li>\n<li>Just nii pikad tapeedipaanid, kui on Sinu sein<\/li>\n<li>Premium, matt fliistapeedi materjal<\/li>\n<li>M\u00fcrgivabad tr\u00fckiv\u00e4rvid, Greenguard sertifitseeritud<\/li>\n<li>Keskkonnas\u00f5bralik, j\u00e4\u00e4tmevaba tapeetimine<\/li>\n<li>Tasuta tapeediliim<\/li>\n<li>Tasuta transport ja kiire tarne 5 t\u00f6\u00f6p\u00e4evaga<\/li>\n<\/ul>\n<p><a href=\"https:\/\/baubauwall.com\/et\/ideed\/let-the-homes-do-the-talking\/\">Piilu ka tehtud t\u00f6\u00f6de tapeedigaleriid<\/a>\u00a0\u2013 kas midagi v\u00f5iks veel inspireerida?<\/p>\n<p>&nbsp;<\/p>\n","protected":false},"excerpt":{"rendered":"<p>Minimalistlik, k\u00f5rtega tapeet interj\u00f6\u00f6ri, milles valitseb rahu. Pilttapeedi bee\u017e v\u00e4rvigamma lubab disaini sobitada h\u00f5lpsalt kodu muu sisekujundusega. Paiguta k\u00f5rtega tapeet magamistoa voodi taustale &#8211; k\u00f5rred ja lilled j\u00e4\u00e4vad kelmikalt piidlema. V\u00f5i tapeedi k\u00f5rtega tapeediga elutuba, olles nii taustaks k\u00f5ikidele juttudele. K\u00f5rrejutud on rahulik ja loodusega sammu pidevhele pilttapeet, mis sobib skandinaavialiku sisekujunduse s\u00f5pradele. \u00d5rnad k\u00f5rred [&hellip;]<\/p>\n","protected":false},"featured_media":43908,"comment_status":"open","ping_status":"closed","template":"","meta":{"_acf_changed":false,"inline_featured_image":false},"product_brand":[],"product_cat":[387,395,406,392,396,265,272,273,276,752,413,414,415,402,254,260,561],"product_tag":[],"class_list":{"0":"post-43352","1":"product","2":"type-product","3":"status-publish","4":"has-post-thumbnail","6":"product_cat-pilttapeedid","7":"product_cat-romantiline","8":"product_cat-klassika","9":"product_cat-minimalistlik","10":"product_cat-skandinaavia","11":"product_cat-beezid-tapeedid","12":"product_cat-hallid-tapeedid","13":"product_cat-heledad-tapeedid","14":"product_cat-pastelsed-tapeedid","15":"product_cat-avalik-ruum","16":"product_cat-magamistoa-tapeedid","17":"product_cat-soogitoa-tapeedid","18":"product_cat-kulalistetoa-tapeedid","19":"product_cat-elutoa-tapeedid","20":"product_cat-loodus","21":"product_cat-lilled","22":"product_cat-suvised-tapeedid","23":"pa_designedby-triinu-silla","25":"first","26":"instock","27":"taxable","28":"shipping-taxable","29":"purchasable","30":"product-type-simple"},"acf":[],"yoast_head":"<!-- This site is optimized with the Yoast SEO plugin v25.9 - https:\/\/yoast.com\/wordpress\/plugins\/seo\/ -->\n<title>K\u00f5rtega tapeet - K\u00f5rrejutud. hele pilttapeet Baubauwallilt<\/title>\n<meta name=\"description\" content=\"K\u00f5rrejutud on rahulik k\u00f5rtega tapeet, mis toob looduse vaikuse sinu koju. Hele pilttapeet, mis sobib h\u00e4sti skandinaavialikku interj\u00f6\u00f6ri.\" \/>\n<meta name=\"robots\" content=\"index, follow, max-snippet:-1, max-image-preview:large, max-video-preview:-1\" \/>\n<link rel=\"canonical\" href=\"https:\/\/baubauwall.com\/et\/toode\/pilttapeet-korrejutud\/\" \/>\n<meta property=\"og:locale\" content=\"et_EE\" \/>\n<meta property=\"og:type\" content=\"article\" \/>\n<meta property=\"og:title\" content=\"BAUBAUWALL TAPEEDID\" \/>\n<meta property=\"og:description\" content=\"BAUBAUWALL TAPEEDID\" \/>\n<meta property=\"og:url\" content=\"https:\/\/baubauwall.com\/et\/toode\/pilttapeet-korrejutud\/\" \/>\n<meta property=\"og:site_name\" content=\"BAUBAUWALL TAPEEDID\" \/>\n<meta property=\"article:publisher\" content=\"https:\/\/www.facebook.com\/Baubauwall\" \/>\n<meta property=\"article:modified_time\" content=\"2025-08-26T11:34:09+00:00\" \/>\n<meta property=\"og:image\" content=\"https:\/\/baubauwall.com\/wp-content\/uploads\/2025\/06\/51200494_soft_stems_beige_mural_wallpaper_baubauwall-scaled.jpg\" \/>\n\t<meta property=\"og:image:width\" content=\"2560\" \/>\n\t<meta property=\"og:image:height\" content=\"1707\" \/>\n\t<meta property=\"og:image:type\" content=\"image\/jpeg\" \/>\n<meta name=\"twitter:card\" content=\"summary_large_image\" \/>\n<meta name=\"twitter:label1\" content=\"Est. reading time\" \/>\n\t<meta name=\"twitter:data1\" content=\"1 minut\" \/>\n<script type=\"application\/ld+json\" class=\"yoast-schema-graph\">{\"@context\":\"https:\/\/schema.org\",\"@graph\":[{\"@type\":\"WebPage\",\"@id\":\"https:\/\/baubauwall.com\/et\/toode\/pilttapeet-korrejutud\/\",\"url\":\"https:\/\/baubauwall.com\/et\/toode\/pilttapeet-korrejutud\/\",\"name\":\"K\u00f5rtega tapeet - K\u00f5rrejutud. hele pilttapeet Baubauwallilt\",\"isPartOf\":{\"@id\":\"https:\/\/baubauwall.com\/et\/#website\"},\"primaryImageOfPage\":{\"@id\":\"https:\/\/baubauwall.com\/et\/toode\/pilttapeet-korrejutud\/#primaryimage\"},\"image\":{\"@id\":\"https:\/\/baubauwall.com\/et\/toode\/pilttapeet-korrejutud\/#primaryimage\"},\"thumbnailUrl\":\"https:\/\/baubauwall.com\/wp-content\/uploads\/2025\/06\/51200494_soft_stems_beige_mural_wallpaper_baubauwall-scaled.jpg\",\"datePublished\":\"2025-06-05T13:15:43+00:00\",\"dateModified\":\"2025-08-26T11:34:09+00:00\",\"description\":\"K\u00f5rrejutud on rahulik k\u00f5rtega tapeet, mis toob looduse vaikuse sinu koju. Hele pilttapeet, mis sobib h\u00e4sti skandinaavialikku interj\u00f6\u00f6ri.\",\"breadcrumb\":{\"@id\":\"https:\/\/baubauwall.com\/et\/toode\/pilttapeet-korrejutud\/#breadcrumb\"},\"inLanguage\":\"et\",\"potentialAction\":[{\"@type\":\"ReadAction\",\"target\":[\"https:\/\/baubauwall.com\/et\/toode\/pilttapeet-korrejutud\/\"]}]},{\"@type\":\"ImageObject\",\"inLanguage\":\"et\",\"@id\":\"https:\/\/baubauwall.com\/et\/toode\/pilttapeet-korrejutud\/#primaryimage\",\"url\":\"https:\/\/baubauwall.com\/wp-content\/uploads\/2025\/06\/51200494_soft_stems_beige_mural_wallpaper_baubauwall-scaled.jpg\",\"contentUrl\":\"https:\/\/baubauwall.com\/wp-content\/uploads\/2025\/06\/51200494_soft_stems_beige_mural_wallpaper_baubauwall-scaled.jpg\",\"width\":2560,\"height\":1707,\"caption\":\"Bee\u017e magamistoa tapeet K\u00f5rrejutud\"},{\"@type\":\"BreadcrumbList\",\"@id\":\"https:\/\/baubauwall.com\/et\/toode\/pilttapeet-korrejutud\/#breadcrumb\",\"itemListElement\":[{\"@type\":\"ListItem\",\"position\":1,\"name\":\"Koju\",\"item\":\"https:\/\/baubauwall.com\/et\/\"},{\"@type\":\"ListItem\",\"position\":2,\"name\":\"Tapeedid\",\"item\":\"https:\/\/baubauwall.com\/et\/tapeedid\/\"},{\"@type\":\"ListItem\",\"position\":3,\"name\":\"K\u00f5rrejutud\"}]},{\"@type\":\"WebSite\",\"@id\":\"https:\/\/baubauwall.com\/et\/#website\",\"url\":\"https:\/\/baubauwall.com\/et\/\",\"name\":\"BAUBAUWALL Wallpapers\",\"description\":\"Valmis paanides tapeet Eestist!\",\"publisher\":{\"@id\":\"https:\/\/baubauwall.com\/et\/#organization\"},\"potentialAction\":[{\"@type\":\"SearchAction\",\"target\":{\"@type\":\"EntryPoint\",\"urlTemplate\":\"https:\/\/baubauwall.com\/et\/?s={search_term_string}\"},\"query-input\":{\"@type\":\"PropertyValueSpecification\",\"valueRequired\":true,\"valueName\":\"search_term_string\"}}],\"inLanguage\":\"et\"},{\"@type\":\"Organization\",\"@id\":\"https:\/\/baubauwall.com\/et\/#organization\",\"name\":\"BAUBAUWALL Wallpapers\",\"url\":\"https:\/\/baubauwall.com\/et\/\",\"logo\":{\"@type\":\"ImageObject\",\"inLanguage\":\"et\",\"@id\":\"https:\/\/baubauwall.com\/et\/#\/schema\/logo\/image\/\",\"url\":\"https:\/\/baubauwall.com\/wp-content\/uploads\/2022\/03\/logo-horizontal.svg\",\"contentUrl\":\"https:\/\/baubauwall.com\/wp-content\/uploads\/2022\/03\/logo-horizontal.svg\",\"width\":\"1024\",\"height\":\"1024\",\"caption\":\"BAUBAUWALL Wallpapers\"},\"image\":{\"@id\":\"https:\/\/baubauwall.com\/et\/#\/schema\/logo\/image\/\"},\"sameAs\":[\"https:\/\/www.facebook.com\/Baubauwall\",\"https:\/\/www.instagram.com\/baubauwall\"]}]}<\/script>\n<!-- \/ Yoast SEO plugin. -->","yoast_head_json":{"title":"K\u00f5rtega tapeet - K\u00f5rrejutud. hele pilttapeet Baubauwallilt","description":"K\u00f5rrejutud on rahulik k\u00f5rtega tapeet, mis toob looduse vaikuse sinu koju. Hele pilttapeet, mis sobib h\u00e4sti skandinaavialikku interj\u00f6\u00f6ri.","robots":{"index":"index","follow":"follow","max-snippet":"max-snippet:-1","max-image-preview":"max-image-preview:large","max-video-preview":"max-video-preview:-1"},"canonical":"https:\/\/baubauwall.com\/et\/toode\/pilttapeet-korrejutud\/","og_locale":"et_EE","og_type":"article","og_title":"BAUBAUWALL TAPEEDID","og_description":"BAUBAUWALL TAPEEDID","og_url":"https:\/\/baubauwall.com\/et\/toode\/pilttapeet-korrejutud\/","og_site_name":"BAUBAUWALL TAPEEDID","article_publisher":"https:\/\/www.facebook.com\/Baubauwall","article_modified_time":"2025-08-26T11:34:09+00:00","og_image":[{"width":2560,"height":1707,"url":"https:\/\/baubauwall.com\/wp-content\/uploads\/2025\/06\/51200494_soft_stems_beige_mural_wallpaper_baubauwall-scaled.jpg","type":"image\/jpeg"}],"twitter_card":"summary_large_image","twitter_misc":{"Est. reading time":"1 minut"},"schema":{"@context":"https:\/\/schema.org","@graph":[{"@type":"WebPage","@id":"https:\/\/baubauwall.com\/et\/toode\/pilttapeet-korrejutud\/","url":"https:\/\/baubauwall.com\/et\/toode\/pilttapeet-korrejutud\/","name":"K\u00f5rtega tapeet - K\u00f5rrejutud. hele pilttapeet Baubauwallilt","isPartOf":{"@id":"https:\/\/baubauwall.com\/et\/#website"},"primaryImageOfPage":{"@id":"https:\/\/baubauwall.com\/et\/toode\/pilttapeet-korrejutud\/#primaryimage"},"image":{"@id":"https:\/\/baubauwall.com\/et\/toode\/pilttapeet-korrejutud\/#primaryimage"},"thumbnailUrl":"https:\/\/baubauwall.com\/wp-content\/uploads\/2025\/06\/51200494_soft_stems_beige_mural_wallpaper_baubauwall-scaled.jpg","datePublished":"2025-06-05T13:15:43+00:00","dateModified":"2025-08-26T11:34:09+00:00","description":"K\u00f5rrejutud on rahulik k\u00f5rtega tapeet, mis toob looduse vaikuse sinu koju. Hele pilttapeet, mis sobib h\u00e4sti skandinaavialikku interj\u00f6\u00f6ri.","breadcrumb":{"@id":"https:\/\/baubauwall.com\/et\/toode\/pilttapeet-korrejutud\/#breadcrumb"},"inLanguage":"et","potentialAction":[{"@type":"ReadAction","target":["https:\/\/baubauwall.com\/et\/toode\/pilttapeet-korrejutud\/"]}]},{"@type":"ImageObject","inLanguage":"et","@id":"https:\/\/baubauwall.com\/et\/toode\/pilttapeet-korrejutud\/#primaryimage","url":"https:\/\/baubauwall.com\/wp-content\/uploads\/2025\/06\/51200494_soft_stems_beige_mural_wallpaper_baubauwall-scaled.jpg","contentUrl":"https:\/\/baubauwall.com\/wp-content\/uploads\/2025\/06\/51200494_soft_stems_beige_mural_wallpaper_baubauwall-scaled.jpg","width":2560,"height":1707,"caption":"Bee\u017e magamistoa tapeet K\u00f5rrejutud"},{"@type":"BreadcrumbList","@id":"https:\/\/baubauwall.com\/et\/toode\/pilttapeet-korrejutud\/#breadcrumb","itemListElement":[{"@type":"ListItem","position":1,"name":"Koju","item":"https:\/\/baubauwall.com\/et\/"},{"@type":"ListItem","position":2,"name":"Tapeedid","item":"https:\/\/baubauwall.com\/et\/tapeedid\/"},{"@type":"ListItem","position":3,"name":"K\u00f5rrejutud"}]},{"@type":"WebSite","@id":"https:\/\/baubauwall.com\/et\/#website","url":"https:\/\/baubauwall.com\/et\/","name":"BAUBAUWALL Wallpapers","description":"Valmis paanides tapeet Eestist!","publisher":{"@id":"https:\/\/baubauwall.com\/et\/#organization"},"potentialAction":[{"@type":"SearchAction","target":{"@type":"EntryPoint","urlTemplate":"https:\/\/baubauwall.com\/et\/?s={search_term_string}"},"query-input":{"@type":"PropertyValueSpecification","valueRequired":true,"valueName":"search_term_string"}}],"inLanguage":"et"},{"@type":"Organization","@id":"https:\/\/baubauwall.com\/et\/#organization","name":"BAUBAUWALL Wallpapers","url":"https:\/\/baubauwall.com\/et\/","logo":{"@type":"ImageObject","inLanguage":"et","@id":"https:\/\/baubauwall.com\/et\/#\/schema\/logo\/image\/","url":"https:\/\/baubauwall.com\/wp-content\/uploads\/2022\/03\/logo-horizontal.svg","contentUrl":"https:\/\/baubauwall.com\/wp-content\/uploads\/2022\/03\/logo-horizontal.svg","width":"1024","height":"1024","caption":"BAUBAUWALL Wallpapers"},"image":{"@id":"https:\/\/baubauwall.com\/et\/#\/schema\/logo\/image\/"},"sameAs":["https:\/\/www.facebook.com\/Baubauwall","https:\/\/www.instagram.com\/baubauwall"]}]}},"jetpack_sharing_enabled":true,"_links":{"self":[{"href":"https:\/\/baubauwall.com\/et\/wp-json\/wp\/v2\/product\/43352","targetHints":{"allow":["GET"]}}],"collection":[{"href":"https:\/\/baubauwall.com\/et\/wp-json\/wp\/v2\/product"}],"about":[{"href":"https:\/\/baubauwall.com\/et\/wp-json\/wp\/v2\/types\/product"}],"replies":[{"embeddable":true,"href":"https:\/\/baubauwall.com\/et\/wp-json\/wp\/v2\/comments?post=43352"}],"wp:featuredmedia":[{"embeddable":true,"href":"https:\/\/baubauwall.com\/et\/wp-json\/wp\/v2\/media\/43908"}],"wp:attachment":[{"href":"https:\/\/baubauwall.com\/et\/wp-json\/wp\/v2\/media?parent=43352"}],"wp:term":[{"taxonomy":"product_brand","embeddable":true,"href":"https:\/\/baubauwall.com\/et\/wp-json\/wp\/v2\/product_brand?post=43352"},{"taxonomy":"product_cat","embeddable":true,"href":"https:\/\/baubauwall.com\/et\/wp-json\/wp\/v2\/product_cat?post=43352"},{"taxonomy":"product_tag","embeddable":true,"href":"https:\/\/baubauwall.com\/et\/wp-json\/wp\/v2\/product_tag?post=43352"}],"curies":[{"name":"wp","href":"https:\/\/api.w.org\/{rel}","templated":true}]}}