{"id":43353,"date":"2025-06-05T15:00:34","date_gmt":"2025-06-05T13:00:34","guid":{"rendered":"https:\/\/baubauwall.com\/product\/mural-wallpaper-gentle-meadow\/"},"modified":"2025-06-06T11:39:51","modified_gmt":"2025-06-06T09:39:51","slug":"pilttapeet-korte-aas","status":"publish","type":"product","link":"https:\/\/baubauwall.com\/et\/toode\/pilttapeet-korte-aas\/","title":{"rendered":"K\u00f5rte aas"},"content":{"rendered":"<p data-start=\"125\" data-end=\"167\">Pilttapeet K\u00f5rte aas \u2013 loodus seinal, rahu hinges!<\/p>\n<p data-start=\"169\" data-end=\"421\">Kui su kodu vajab rahulikku tausta ja \u00f5hulisust, siis <em data-start=\"228\" data-end=\"239\">K\u00f5rte aas<\/em> on see hele tapeet, mida oled otsinud. Hele, skandinaavialikult \u00f5huline disain toob tuppa justkui suvise aasa, kus k\u00f5rred ja muud taimed \u00f5itsevad ning k\u00f5ik tundub hetkeks aeglasem.<\/p>\n<p data-start=\"423\" data-end=\"621\">See hele pilttapeet sobib suurep\u00e4raselt magamistuppa, elutoa seinale v\u00f5i rahustavaks fooniks kodukontorisse. Sel pilttapeedil on justkui vaade aknast, mida pole olemas \u2013 loodus, mis ei tuhmu ega vaju varju.<\/p>\n<p data-start=\"437\" data-end=\"627\"><strong>Miks osta tapeet siit? Sest tapeedi valimine, tellimine ja tapeetimine on n\u00fc\u00fcd lihtne.<\/strong><\/p>\n<ul>\n<li>Eesti ettev\u00f5tte, Eestis tr\u00fckitud tapeedid<\/li>\n<li><a href=\"https:\/\/baubauwall.com\/et\/kuidas-see-tootab\/\">Nummerdatud tapeedipaanid<\/a><\/li>\n<li>Just nii pikad tapeedipaanid, kui on Sinu sein<\/li>\n<li>Premium, matt fliistapeedi materjal<\/li>\n<li>M\u00fcrgivabad tr\u00fckiv\u00e4rvid, Greenguard sertifitseeritud<\/li>\n<li>Keskkonnas\u00f5bralik, j\u00e4\u00e4tmevaba tapeetimine<\/li>\n<li>Tasuta tapeediliim<\/li>\n<li>Tasuta transport ja kiire tarne 5 t\u00f6\u00f6p\u00e4evaga<\/li>\n<\/ul>\n<p><a href=\"https:\/\/baubauwall.com\/et\/ideed\/let-the-homes-do-the-talking\/\">Piilu ka tehtud t\u00f6\u00f6de tapeedigaleriid<\/a>\u00a0\u2013 kas midagi v\u00f5iks veel inspireerida?<\/p>\n<p>&nbsp;<\/p>\n","protected":false},"excerpt":{"rendered":"<p>Pilttapeet K\u00f5rte aas \u2013 loodus seinal, rahu hinges! Kui su kodu vajab rahulikku tausta ja \u00f5hulisust, siis K\u00f5rte aas on see hele tapeet, mida oled otsinud. Hele, skandinaavialikult \u00f5huline disain toob tuppa justkui suvise aasa, kus k\u00f5rred ja muud taimed \u00f5itsevad ning k\u00f5ik tundub hetkeks aeglasem. See hele pilttapeet sobib suurep\u00e4raselt magamistuppa, elutoa seinale v\u00f5i [&hellip;]<\/p>\n","protected":false},"featured_media":43324,"comment_status":"open","ping_status":"closed","template":"","meta":{"_acf_changed":false,"inline_featured_image":false},"product_brand":[],"product_cat":[387,395,406,392,396,265,273,276,752,413,414,415,402,254,260,561],"product_tag":[],"class_list":{"0":"post-43353","1":"product","2":"type-product","3":"status-publish","4":"has-post-thumbnail","6":"product_cat-pilttapeedid","7":"product_cat-romantiline","8":"product_cat-klassika","9":"product_cat-minimalistlik","10":"product_cat-skandinaavia","11":"product_cat-beezid-tapeedid","12":"product_cat-heledad-tapeedid","13":"product_cat-pastelsed-tapeedid","14":"product_cat-avalik-ruum","15":"product_cat-magamistoa-tapeedid","16":"product_cat-soogitoa-tapeedid","17":"product_cat-kulalistetoa-tapeedid","18":"product_cat-elutoa-tapeedid","19":"product_cat-loodus","20":"product_cat-lilled","21":"product_cat-suvised-tapeedid","22":"pa_designedby-triinu-silla","24":"first","25":"instock","26":"taxable","27":"shipping-taxable","28":"purchasable","29":"product-type-simple"},"acf":[],"yoast_head":"<!-- This site is optimized with the Yoast SEO plugin v25.9 - https:\/\/yoast.com\/wordpress\/plugins\/seo\/ -->\n<title>Hele, k\u00f5rtega tapeet K\u00f5rte aas - BAUBAUWALL TAPEEDID disaintapeedid<\/title>\n<meta name=\"description\" content=\"\u00d5huline, hele k\u00f5rtega tapeet, mis toob tuppa rahu ja loodusl\u00e4hedust. Heledates toonides pilttapeet, mis sobib h\u00e4sti magamistuppa v\u00f5i elutoa seinale.\" \/>\n<meta name=\"robots\" content=\"index, follow, max-snippet:-1, max-image-preview:large, max-video-preview:-1\" \/>\n<link rel=\"canonical\" href=\"https:\/\/baubauwall.com\/et\/toode\/pilttapeet-korte-aas\/\" \/>\n<meta property=\"og:locale\" content=\"et_EE\" \/>\n<meta property=\"og:type\" content=\"article\" \/>\n<meta property=\"og:title\" content=\"BAUBAUWALL TAPEEDID\" \/>\n<meta property=\"og:description\" content=\"\u00d5huline, hele k\u00f5rtega tapeet, mis toob tuppa rahu ja loodusl\u00e4hedust. Heledates toonides pilttapeet, mis sobib h\u00e4sti magamistuppa v\u00f5i elutoa seinale.\" \/>\n<meta property=\"og:url\" content=\"https:\/\/baubauwall.com\/et\/toode\/pilttapeet-korte-aas\/\" \/>\n<meta property=\"og:site_name\" content=\"BAUBAUWALL TAPEEDID\" \/>\n<meta property=\"article:publisher\" content=\"https:\/\/www.facebook.com\/Baubauwall\" \/>\n<meta property=\"article:modified_time\" content=\"2025-06-06T09:39:51+00:00\" \/>\n<meta property=\"og:image\" content=\"https:\/\/baubauwall.com\/wp-content\/uploads\/2022\/11\/51200495_GentleMeadow_Baubauwall_Wall_Mural_room2.jpg\" \/>\n\t<meta property=\"og:image:width\" content=\"1068\" \/>\n\t<meta property=\"og:image:height\" content=\"1600\" \/>\n\t<meta property=\"og:image:type\" content=\"image\/jpeg\" \/>\n<meta name=\"twitter:card\" content=\"summary_large_image\" \/>\n<meta name=\"twitter:label1\" content=\"Est. reading time\" \/>\n\t<meta name=\"twitter:data1\" content=\"1 minut\" \/>\n<script type=\"application\/ld+json\" class=\"yoast-schema-graph\">{\"@context\":\"https:\/\/schema.org\",\"@graph\":[{\"@type\":\"WebPage\",\"@id\":\"https:\/\/baubauwall.com\/et\/toode\/pilttapeet-korte-aas\/\",\"url\":\"https:\/\/baubauwall.com\/et\/toode\/pilttapeet-korte-aas\/\",\"name\":\"Hele, k\u00f5rtega tapeet K\u00f5rte aas - BAUBAUWALL TAPEEDID disaintapeedid\",\"isPartOf\":{\"@id\":\"https:\/\/baubauwall.com\/et\/#website\"},\"primaryImageOfPage\":{\"@id\":\"https:\/\/baubauwall.com\/et\/toode\/pilttapeet-korte-aas\/#primaryimage\"},\"image\":{\"@id\":\"https:\/\/baubauwall.com\/et\/toode\/pilttapeet-korte-aas\/#primaryimage\"},\"thumbnailUrl\":\"https:\/\/baubauwall.com\/wp-content\/uploads\/2022\/11\/51200495_GentleMeadow_Baubauwall_Wall_Mural_room2.jpg\",\"datePublished\":\"2025-06-05T13:00:34+00:00\",\"dateModified\":\"2025-06-06T09:39:51+00:00\",\"description\":\"\u00d5huline, hele k\u00f5rtega tapeet, mis toob tuppa rahu ja loodusl\u00e4hedust. Heledates toonides pilttapeet, mis sobib h\u00e4sti magamistuppa v\u00f5i elutoa seinale.\",\"breadcrumb\":{\"@id\":\"https:\/\/baubauwall.com\/et\/toode\/pilttapeet-korte-aas\/#breadcrumb\"},\"inLanguage\":\"et\",\"potentialAction\":[{\"@type\":\"ReadAction\",\"target\":[\"https:\/\/baubauwall.com\/et\/toode\/pilttapeet-korte-aas\/\"]}]},{\"@type\":\"ImageObject\",\"inLanguage\":\"et\",\"@id\":\"https:\/\/baubauwall.com\/et\/toode\/pilttapeet-korte-aas\/#primaryimage\",\"url\":\"https:\/\/baubauwall.com\/wp-content\/uploads\/2022\/11\/51200495_GentleMeadow_Baubauwall_Wall_Mural_room2.jpg\",\"contentUrl\":\"https:\/\/baubauwall.com\/wp-content\/uploads\/2022\/11\/51200495_GentleMeadow_Baubauwall_Wall_Mural_room2.jpg\",\"width\":1068,\"height\":1600,\"caption\":\"Mural wallpaper with soft beige and taupe-toned silhouettes of meadow grasses and wildflowers, styled behind a modern leather chair and black side table.\"},{\"@type\":\"BreadcrumbList\",\"@id\":\"https:\/\/baubauwall.com\/et\/toode\/pilttapeet-korte-aas\/#breadcrumb\",\"itemListElement\":[{\"@type\":\"ListItem\",\"position\":1,\"name\":\"Koju\",\"item\":\"https:\/\/baubauwall.com\/et\/\"},{\"@type\":\"ListItem\",\"position\":2,\"name\":\"Tapeedid\",\"item\":\"https:\/\/baubauwall.com\/et\/tapeedid\/\"},{\"@type\":\"ListItem\",\"position\":3,\"name\":\"K\u00f5rte aas\"}]},{\"@type\":\"WebSite\",\"@id\":\"https:\/\/baubauwall.com\/et\/#website\",\"url\":\"https:\/\/baubauwall.com\/et\/\",\"name\":\"BAUBAUWALL Wallpapers\",\"description\":\"Valmis paanides tapeet Eestist!\",\"publisher\":{\"@id\":\"https:\/\/baubauwall.com\/et\/#organization\"},\"potentialAction\":[{\"@type\":\"SearchAction\",\"target\":{\"@type\":\"EntryPoint\",\"urlTemplate\":\"https:\/\/baubauwall.com\/et\/?s={search_term_string}\"},\"query-input\":{\"@type\":\"PropertyValueSpecification\",\"valueRequired\":true,\"valueName\":\"search_term_string\"}}],\"inLanguage\":\"et\"},{\"@type\":\"Organization\",\"@id\":\"https:\/\/baubauwall.com\/et\/#organization\",\"name\":\"BAUBAUWALL Wallpapers\",\"url\":\"https:\/\/baubauwall.com\/et\/\",\"logo\":{\"@type\":\"ImageObject\",\"inLanguage\":\"et\",\"@id\":\"https:\/\/baubauwall.com\/et\/#\/schema\/logo\/image\/\",\"url\":\"https:\/\/baubauwall.com\/wp-content\/uploads\/2022\/03\/logo-horizontal.svg\",\"contentUrl\":\"https:\/\/baubauwall.com\/wp-content\/uploads\/2022\/03\/logo-horizontal.svg\",\"width\":\"1024\",\"height\":\"1024\",\"caption\":\"BAUBAUWALL Wallpapers\"},\"image\":{\"@id\":\"https:\/\/baubauwall.com\/et\/#\/schema\/logo\/image\/\"},\"sameAs\":[\"https:\/\/www.facebook.com\/Baubauwall\",\"https:\/\/www.instagram.com\/baubauwall\"]}]}<\/script>\n<!-- \/ Yoast SEO plugin. -->","yoast_head_json":{"title":"Hele, k\u00f5rtega tapeet K\u00f5rte aas - BAUBAUWALL TAPEEDID disaintapeedid","description":"\u00d5huline, hele k\u00f5rtega tapeet, mis toob tuppa rahu ja loodusl\u00e4hedust. Heledates toonides pilttapeet, mis sobib h\u00e4sti magamistuppa v\u00f5i elutoa seinale.","robots":{"index":"index","follow":"follow","max-snippet":"max-snippet:-1","max-image-preview":"max-image-preview:large","max-video-preview":"max-video-preview:-1"},"canonical":"https:\/\/baubauwall.com\/et\/toode\/pilttapeet-korte-aas\/","og_locale":"et_EE","og_type":"article","og_title":"BAUBAUWALL TAPEEDID","og_description":"\u00d5huline, hele k\u00f5rtega tapeet, mis toob tuppa rahu ja loodusl\u00e4hedust. Heledates toonides pilttapeet, mis sobib h\u00e4sti magamistuppa v\u00f5i elutoa seinale.","og_url":"https:\/\/baubauwall.com\/et\/toode\/pilttapeet-korte-aas\/","og_site_name":"BAUBAUWALL TAPEEDID","article_publisher":"https:\/\/www.facebook.com\/Baubauwall","article_modified_time":"2025-06-06T09:39:51+00:00","og_image":[{"width":1068,"height":1600,"url":"https:\/\/baubauwall.com\/wp-content\/uploads\/2022\/11\/51200495_GentleMeadow_Baubauwall_Wall_Mural_room2.jpg","type":"image\/jpeg"}],"twitter_card":"summary_large_image","twitter_misc":{"Est. reading time":"1 minut"},"schema":{"@context":"https:\/\/schema.org","@graph":[{"@type":"WebPage","@id":"https:\/\/baubauwall.com\/et\/toode\/pilttapeet-korte-aas\/","url":"https:\/\/baubauwall.com\/et\/toode\/pilttapeet-korte-aas\/","name":"Hele, k\u00f5rtega tapeet K\u00f5rte aas - BAUBAUWALL TAPEEDID disaintapeedid","isPartOf":{"@id":"https:\/\/baubauwall.com\/et\/#website"},"primaryImageOfPage":{"@id":"https:\/\/baubauwall.com\/et\/toode\/pilttapeet-korte-aas\/#primaryimage"},"image":{"@id":"https:\/\/baubauwall.com\/et\/toode\/pilttapeet-korte-aas\/#primaryimage"},"thumbnailUrl":"https:\/\/baubauwall.com\/wp-content\/uploads\/2022\/11\/51200495_GentleMeadow_Baubauwall_Wall_Mural_room2.jpg","datePublished":"2025-06-05T13:00:34+00:00","dateModified":"2025-06-06T09:39:51+00:00","description":"\u00d5huline, hele k\u00f5rtega tapeet, mis toob tuppa rahu ja loodusl\u00e4hedust. Heledates toonides pilttapeet, mis sobib h\u00e4sti magamistuppa v\u00f5i elutoa seinale.","breadcrumb":{"@id":"https:\/\/baubauwall.com\/et\/toode\/pilttapeet-korte-aas\/#breadcrumb"},"inLanguage":"et","potentialAction":[{"@type":"ReadAction","target":["https:\/\/baubauwall.com\/et\/toode\/pilttapeet-korte-aas\/"]}]},{"@type":"ImageObject","inLanguage":"et","@id":"https:\/\/baubauwall.com\/et\/toode\/pilttapeet-korte-aas\/#primaryimage","url":"https:\/\/baubauwall.com\/wp-content\/uploads\/2022\/11\/51200495_GentleMeadow_Baubauwall_Wall_Mural_room2.jpg","contentUrl":"https:\/\/baubauwall.com\/wp-content\/uploads\/2022\/11\/51200495_GentleMeadow_Baubauwall_Wall_Mural_room2.jpg","width":1068,"height":1600,"caption":"Mural wallpaper with soft beige and taupe-toned silhouettes of meadow grasses and wildflowers, styled behind a modern leather chair and black side table."},{"@type":"BreadcrumbList","@id":"https:\/\/baubauwall.com\/et\/toode\/pilttapeet-korte-aas\/#breadcrumb","itemListElement":[{"@type":"ListItem","position":1,"name":"Koju","item":"https:\/\/baubauwall.com\/et\/"},{"@type":"ListItem","position":2,"name":"Tapeedid","item":"https:\/\/baubauwall.com\/et\/tapeedid\/"},{"@type":"ListItem","position":3,"name":"K\u00f5rte aas"}]},{"@type":"WebSite","@id":"https:\/\/baubauwall.com\/et\/#website","url":"https:\/\/baubauwall.com\/et\/","name":"BAUBAUWALL Wallpapers","description":"Valmis paanides tapeet Eestist!","publisher":{"@id":"https:\/\/baubauwall.com\/et\/#organization"},"potentialAction":[{"@type":"SearchAction","target":{"@type":"EntryPoint","urlTemplate":"https:\/\/baubauwall.com\/et\/?s={search_term_string}"},"query-input":{"@type":"PropertyValueSpecification","valueRequired":true,"valueName":"search_term_string"}}],"inLanguage":"et"},{"@type":"Organization","@id":"https:\/\/baubauwall.com\/et\/#organization","name":"BAUBAUWALL Wallpapers","url":"https:\/\/baubauwall.com\/et\/","logo":{"@type":"ImageObject","inLanguage":"et","@id":"https:\/\/baubauwall.com\/et\/#\/schema\/logo\/image\/","url":"https:\/\/baubauwall.com\/wp-content\/uploads\/2022\/03\/logo-horizontal.svg","contentUrl":"https:\/\/baubauwall.com\/wp-content\/uploads\/2022\/03\/logo-horizontal.svg","width":"1024","height":"1024","caption":"BAUBAUWALL Wallpapers"},"image":{"@id":"https:\/\/baubauwall.com\/et\/#\/schema\/logo\/image\/"},"sameAs":["https:\/\/www.facebook.com\/Baubauwall","https:\/\/www.instagram.com\/baubauwall"]}]}},"jetpack_sharing_enabled":true,"_links":{"self":[{"href":"https:\/\/baubauwall.com\/et\/wp-json\/wp\/v2\/product\/43353","targetHints":{"allow":["GET"]}}],"collection":[{"href":"https:\/\/baubauwall.com\/et\/wp-json\/wp\/v2\/product"}],"about":[{"href":"https:\/\/baubauwall.com\/et\/wp-json\/wp\/v2\/types\/product"}],"replies":[{"embeddable":true,"href":"https:\/\/baubauwall.com\/et\/wp-json\/wp\/v2\/comments?post=43353"}],"wp:featuredmedia":[{"embeddable":true,"href":"https:\/\/baubauwall.com\/et\/wp-json\/wp\/v2\/media\/43324"}],"wp:attachment":[{"href":"https:\/\/baubauwall.com\/et\/wp-json\/wp\/v2\/media?parent=43353"}],"wp:term":[{"taxonomy":"product_brand","embeddable":true,"href":"https:\/\/baubauwall.com\/et\/wp-json\/wp\/v2\/product_brand?post=43353"},{"taxonomy":"product_cat","embeddable":true,"href":"https:\/\/baubauwall.com\/et\/wp-json\/wp\/v2\/product_cat?post=43353"},{"taxonomy":"product_tag","embeddable":true,"href":"https:\/\/baubauwall.com\/et\/wp-json\/wp\/v2\/product_tag?post=43353"}],"curies":[{"name":"wp","href":"https:\/\/api.w.org\/{rel}","templated":true}]}}