{"id":43503,"date":"2025-06-19T15:13:15","date_gmt":"2025-06-19T13:13:15","guid":{"rendered":"https:\/\/baubauwall.com\/product\/mural-wallpaper-orangerie-light\/"},"modified":"2025-07-31T10:57:29","modified_gmt":"2025-07-31T08:57:29","slug":"pilttapeet-orangerie-hele","status":"publish","type":"product","link":"https:\/\/baubauwall.com\/et\/toode\/pilttapeet-orangerie-hele\/","title":{"rendered":"Orangerie &#8211; hele"},"content":{"rendered":"<p data-start=\"195\" data-end=\"490\">Orangerie on pilttapeet apelsini ja sidrunipuudega \u2013 soe, elur\u00f5\u00f5mus ja k\u00e4sitsi maalitud seinatapeet. Disain, mis toob interj\u00f6\u00f6ri Vahemere aia h\u00f5ngu. V\u00f5i ongi see paradiisiaed? Roheline taust, mahlased viljad ja lehtede vahelt kumav valgus loovad meeleolu, mis sobib suurep\u00e4raselt suure k\u00f6\u00f6gi, s\u00f6\u00f6gitoa v\u00f5i elutoa fookusseinale. See pilttapeet on efektne valik avalikku ruumi &#8211; olgu see restoran v\u00f5i butiik!<\/p>\n<p data-start=\"492\" data-end=\"773\">K\u00e4sitsi maalitud disain toob tapeedile orgaanilise voolavuse, justkui oleks iga leht ja vili pintsli all elav. Kui otsid ainulaadset seinatapeeti, mis loob interj\u00f6\u00f6ris sooja ja kutsuva atmosf\u00e4\u00e4ri, siis see pilttapeet apelsini ja sidrunipuudega on kindel lemmik.<\/p>\n<p data-start=\"437\" data-end=\"627\">\u00a0<strong>Miks osta tapeet siit? Sest tapeedi valimine, tellimine ja tapeetimine on n\u00fc\u00fcd lihtne.<\/strong><\/p>\n<ul>\n<li>Eesti ettev\u00f5tte, Eestis tr\u00fckitud tapeedid &#8211; <a href=\"https:\/\/kodu.postimees.ee\/8277872\/eestis-loodud-digiteenus-mis-muudab-tapeetimise-lihtsaks-ja-isikuparaseks\">loe veel meist siin!<\/a><\/li>\n<li><a href=\"https:\/\/baubauwall.com\/et\/kuidas-see-tootab\/\">Nummerdatud tapeedipaanid<\/a><\/li>\n<li>Just nii pikad tapeedipaanid, kui on Sinu sein<\/li>\n<li>Premium, matt fliistapeedi materjal<\/li>\n<li>M\u00fcrgivabad tr\u00fckiv\u00e4rvid, Greenguard sertifitseeritud<\/li>\n<li>Keskkonnas\u00f5bralik, j\u00e4\u00e4tmevaba tapeetimine<\/li>\n<li>Tasuta tapeediliim<\/li>\n<li>Tasuta transport ja kiire tarne 5 t\u00f6\u00f6p\u00e4evaga<\/li>\n<\/ul>\n<p><a href=\"https:\/\/baubauwall.com\/et\/ideed\/let-the-homes-do-the-talking\/\">Piilu ka tehtud t\u00f6\u00f6de tapeedigaleriid<\/a>\u00a0\u2013 kas midagi v\u00f5iks veel inspireerida?<\/p>\n<p data-start=\"492\" data-end=\"773\">\n","protected":false},"excerpt":{"rendered":"<p>Orangerie on pilttapeet apelsini ja sidrunipuudega \u2013 soe, elur\u00f5\u00f5mus ja k\u00e4sitsi maalitud seinatapeet. Disain, mis toob interj\u00f6\u00f6ri Vahemere aia h\u00f5ngu. V\u00f5i ongi see paradiisiaed? Roheline taust, mahlased viljad ja lehtede vahelt kumav valgus loovad meeleolu, mis sobib suurep\u00e4raselt suure k\u00f6\u00f6gi, s\u00f6\u00f6gitoa v\u00f5i elutoa fookusseinale. See pilttapeet on efektne valik avalikku ruumi &#8211; olgu see restoran [&hellip;]<\/p>\n","protected":false},"featured_media":43486,"comment_status":"open","ping_status":"closed","template":"","meta":{"_acf_changed":false,"inline_featured_image":false},"product_brand":[],"product_cat":[780,387,268,271,752,413,414,416,402,699,583,248,254,261,561],"product_tag":[320,381],"class_list":{"0":"post-43503","1":"product","2":"type-product","3":"status-publish","4":"has-post-thumbnail","6":"product_cat-pilttapeedid-lugudega","7":"product_cat-pilttapeedid","8":"product_cat-kirkad-tapeedid","9":"product_cat-rohelised-tapeedid","10":"product_cat-avalik-ruum","11":"product_cat-magamistoa-tapeedid","12":"product_cat-soogitoa-tapeedid","13":"product_cat-esiku-tapeedid","14":"product_cat-elutoa-tapeedid","15":"product_cat-eesti-disain-tapeedid","16":"product_cat-vesivarv","17":"product_cat-mets","18":"product_cat-loodus","19":"product_cat-puuviljad","20":"product_cat-suvised-tapeedid","21":"product_tag-kasitoo","22":"product_tag-vesivarv","23":"pa_designedby-triinu-silla","25":"first","26":"instock","27":"taxable","28":"shipping-taxable","29":"purchasable","30":"product-type-simple"},"acf":[],"yoast_head":"<!-- This site is optimized with the Yoast SEO plugin v25.9 - https:\/\/yoast.com\/wordpress\/plugins\/seo\/ -->\n<title>K\u00e4sitsi maalitud seinatapeet. Pilttapeet sidruni- ja apelsinipuudega.<\/title>\n<meta name=\"description\" content=\"Orangerie seinatapeet avalikku ruumi v\u00f5i koju. Pilttapeet apelsini ja sidrunipuudega \u2013 Vahemerelik tapeet, mis on k\u00e4sitsi maalitud. Fliistapeet.\" \/>\n<meta name=\"robots\" content=\"index, follow, max-snippet:-1, max-image-preview:large, max-video-preview:-1\" \/>\n<link rel=\"canonical\" href=\"https:\/\/baubauwall.com\/et\/toode\/pilttapeet-orangerie-hele\/\" \/>\n<meta property=\"og:locale\" content=\"et_EE\" \/>\n<meta property=\"og:type\" content=\"article\" \/>\n<meta property=\"og:title\" content=\"BAUBAUWALL TAPEEDID\" \/>\n<meta property=\"og:description\" content=\"Orangerie seinatapeet avalikku ruumi v\u00f5i koju. Pilttapeet apelsini ja sidrunipuudega \u2013 Vahemerelik tapeet, mis on k\u00e4sitsi maalitud. Fliistapeet.\" \/>\n<meta property=\"og:url\" content=\"https:\/\/baubauwall.com\/et\/toode\/pilttapeet-orangerie-hele\/\" \/>\n<meta property=\"og:site_name\" content=\"BAUBAUWALL TAPEEDID\" \/>\n<meta property=\"article:publisher\" content=\"https:\/\/www.facebook.com\/Baubauwall\" \/>\n<meta property=\"article:modified_time\" content=\"2025-07-31T08:57:29+00:00\" \/>\n<meta property=\"og:image\" content=\"https:\/\/baubauwall.com\/wp-content\/uploads\/2025\/06\/51200499_Orangerie-Light_Baubauwall_Wall_Mural_room2.jpg\" \/>\n\t<meta property=\"og:image:width\" content=\"2400\" \/>\n\t<meta property=\"og:image:height\" content=\"1600\" \/>\n\t<meta property=\"og:image:type\" content=\"image\/jpeg\" \/>\n<meta name=\"twitter:card\" content=\"summary_large_image\" \/>\n<meta name=\"twitter:label1\" content=\"Est. reading time\" \/>\n\t<meta name=\"twitter:data1\" content=\"1 minut\" \/>\n<script type=\"application\/ld+json\" class=\"yoast-schema-graph\">{\"@context\":\"https:\/\/schema.org\",\"@graph\":[{\"@type\":\"WebPage\",\"@id\":\"https:\/\/baubauwall.com\/et\/toode\/pilttapeet-orangerie-hele\/\",\"url\":\"https:\/\/baubauwall.com\/et\/toode\/pilttapeet-orangerie-hele\/\",\"name\":\"K\u00e4sitsi maalitud seinatapeet. Pilttapeet sidruni- ja apelsinipuudega.\",\"isPartOf\":{\"@id\":\"https:\/\/baubauwall.com\/et\/#website\"},\"primaryImageOfPage\":{\"@id\":\"https:\/\/baubauwall.com\/et\/toode\/pilttapeet-orangerie-hele\/#primaryimage\"},\"image\":{\"@id\":\"https:\/\/baubauwall.com\/et\/toode\/pilttapeet-orangerie-hele\/#primaryimage\"},\"thumbnailUrl\":\"https:\/\/baubauwall.com\/wp-content\/uploads\/2025\/06\/51200499_Orangerie-Light_Baubauwall_Wall_Mural_room1-scaled.jpg\",\"datePublished\":\"2025-06-19T13:13:15+00:00\",\"dateModified\":\"2025-07-31T08:57:29+00:00\",\"description\":\"Orangerie seinatapeet avalikku ruumi v\u00f5i koju. Pilttapeet apelsini ja sidrunipuudega \u2013 Vahemerelik tapeet, mis on k\u00e4sitsi maalitud. Fliistapeet.\",\"breadcrumb\":{\"@id\":\"https:\/\/baubauwall.com\/et\/toode\/pilttapeet-orangerie-hele\/#breadcrumb\"},\"inLanguage\":\"et\",\"potentialAction\":[{\"@type\":\"ReadAction\",\"target\":[\"https:\/\/baubauwall.com\/et\/toode\/pilttapeet-orangerie-hele\/\"]}]},{\"@type\":\"ImageObject\",\"inLanguage\":\"et\",\"@id\":\"https:\/\/baubauwall.com\/et\/toode\/pilttapeet-orangerie-hele\/#primaryimage\",\"url\":\"https:\/\/baubauwall.com\/wp-content\/uploads\/2025\/06\/51200499_Orangerie-Light_Baubauwall_Wall_Mural_room1-scaled.jpg\",\"contentUrl\":\"https:\/\/baubauwall.com\/wp-content\/uploads\/2025\/06\/51200499_Orangerie-Light_Baubauwall_Wall_Mural_room1-scaled.jpg\",\"width\":2560,\"height\":1440,\"caption\":\"Light botanical wall mural with hand-painted citrus trees and soft green meadow background in a minimal interior.\"},{\"@type\":\"BreadcrumbList\",\"@id\":\"https:\/\/baubauwall.com\/et\/toode\/pilttapeet-orangerie-hele\/#breadcrumb\",\"itemListElement\":[{\"@type\":\"ListItem\",\"position\":1,\"name\":\"Koju\",\"item\":\"https:\/\/baubauwall.com\/et\/\"},{\"@type\":\"ListItem\",\"position\":2,\"name\":\"Tapeedid\",\"item\":\"https:\/\/baubauwall.com\/et\/tapeedid\/\"},{\"@type\":\"ListItem\",\"position\":3,\"name\":\"Orangerie &#8211; hele\"}]},{\"@type\":\"WebSite\",\"@id\":\"https:\/\/baubauwall.com\/et\/#website\",\"url\":\"https:\/\/baubauwall.com\/et\/\",\"name\":\"BAUBAUWALL Wallpapers\",\"description\":\"Valmis paanides tapeet Eestist!\",\"publisher\":{\"@id\":\"https:\/\/baubauwall.com\/et\/#organization\"},\"potentialAction\":[{\"@type\":\"SearchAction\",\"target\":{\"@type\":\"EntryPoint\",\"urlTemplate\":\"https:\/\/baubauwall.com\/et\/?s={search_term_string}\"},\"query-input\":{\"@type\":\"PropertyValueSpecification\",\"valueRequired\":true,\"valueName\":\"search_term_string\"}}],\"inLanguage\":\"et\"},{\"@type\":\"Organization\",\"@id\":\"https:\/\/baubauwall.com\/et\/#organization\",\"name\":\"BAUBAUWALL Wallpapers\",\"url\":\"https:\/\/baubauwall.com\/et\/\",\"logo\":{\"@type\":\"ImageObject\",\"inLanguage\":\"et\",\"@id\":\"https:\/\/baubauwall.com\/et\/#\/schema\/logo\/image\/\",\"url\":\"https:\/\/baubauwall.com\/wp-content\/uploads\/2022\/03\/logo-horizontal.svg\",\"contentUrl\":\"https:\/\/baubauwall.com\/wp-content\/uploads\/2022\/03\/logo-horizontal.svg\",\"width\":\"1024\",\"height\":\"1024\",\"caption\":\"BAUBAUWALL Wallpapers\"},\"image\":{\"@id\":\"https:\/\/baubauwall.com\/et\/#\/schema\/logo\/image\/\"},\"sameAs\":[\"https:\/\/www.facebook.com\/Baubauwall\",\"https:\/\/www.instagram.com\/baubauwall\"]}]}<\/script>\n<!-- \/ Yoast SEO plugin. -->","yoast_head_json":{"title":"K\u00e4sitsi maalitud seinatapeet. Pilttapeet sidruni- ja apelsinipuudega.","description":"Orangerie seinatapeet avalikku ruumi v\u00f5i koju. Pilttapeet apelsini ja sidrunipuudega \u2013 Vahemerelik tapeet, mis on k\u00e4sitsi maalitud. Fliistapeet.","robots":{"index":"index","follow":"follow","max-snippet":"max-snippet:-1","max-image-preview":"max-image-preview:large","max-video-preview":"max-video-preview:-1"},"canonical":"https:\/\/baubauwall.com\/et\/toode\/pilttapeet-orangerie-hele\/","og_locale":"et_EE","og_type":"article","og_title":"BAUBAUWALL TAPEEDID","og_description":"Orangerie seinatapeet avalikku ruumi v\u00f5i koju. Pilttapeet apelsini ja sidrunipuudega \u2013 Vahemerelik tapeet, mis on k\u00e4sitsi maalitud. Fliistapeet.","og_url":"https:\/\/baubauwall.com\/et\/toode\/pilttapeet-orangerie-hele\/","og_site_name":"BAUBAUWALL TAPEEDID","article_publisher":"https:\/\/www.facebook.com\/Baubauwall","article_modified_time":"2025-07-31T08:57:29+00:00","og_image":[{"width":2400,"height":1600,"url":"https:\/\/baubauwall.com\/wp-content\/uploads\/2025\/06\/51200499_Orangerie-Light_Baubauwall_Wall_Mural_room2.jpg","type":"image\/jpeg"}],"twitter_card":"summary_large_image","twitter_misc":{"Est. reading time":"1 minut"},"schema":{"@context":"https:\/\/schema.org","@graph":[{"@type":"WebPage","@id":"https:\/\/baubauwall.com\/et\/toode\/pilttapeet-orangerie-hele\/","url":"https:\/\/baubauwall.com\/et\/toode\/pilttapeet-orangerie-hele\/","name":"K\u00e4sitsi maalitud seinatapeet. Pilttapeet sidruni- ja apelsinipuudega.","isPartOf":{"@id":"https:\/\/baubauwall.com\/et\/#website"},"primaryImageOfPage":{"@id":"https:\/\/baubauwall.com\/et\/toode\/pilttapeet-orangerie-hele\/#primaryimage"},"image":{"@id":"https:\/\/baubauwall.com\/et\/toode\/pilttapeet-orangerie-hele\/#primaryimage"},"thumbnailUrl":"https:\/\/baubauwall.com\/wp-content\/uploads\/2025\/06\/51200499_Orangerie-Light_Baubauwall_Wall_Mural_room1-scaled.jpg","datePublished":"2025-06-19T13:13:15+00:00","dateModified":"2025-07-31T08:57:29+00:00","description":"Orangerie seinatapeet avalikku ruumi v\u00f5i koju. Pilttapeet apelsini ja sidrunipuudega \u2013 Vahemerelik tapeet, mis on k\u00e4sitsi maalitud. Fliistapeet.","breadcrumb":{"@id":"https:\/\/baubauwall.com\/et\/toode\/pilttapeet-orangerie-hele\/#breadcrumb"},"inLanguage":"et","potentialAction":[{"@type":"ReadAction","target":["https:\/\/baubauwall.com\/et\/toode\/pilttapeet-orangerie-hele\/"]}]},{"@type":"ImageObject","inLanguage":"et","@id":"https:\/\/baubauwall.com\/et\/toode\/pilttapeet-orangerie-hele\/#primaryimage","url":"https:\/\/baubauwall.com\/wp-content\/uploads\/2025\/06\/51200499_Orangerie-Light_Baubauwall_Wall_Mural_room1-scaled.jpg","contentUrl":"https:\/\/baubauwall.com\/wp-content\/uploads\/2025\/06\/51200499_Orangerie-Light_Baubauwall_Wall_Mural_room1-scaled.jpg","width":2560,"height":1440,"caption":"Light botanical wall mural with hand-painted citrus trees and soft green meadow background in a minimal interior."},{"@type":"BreadcrumbList","@id":"https:\/\/baubauwall.com\/et\/toode\/pilttapeet-orangerie-hele\/#breadcrumb","itemListElement":[{"@type":"ListItem","position":1,"name":"Koju","item":"https:\/\/baubauwall.com\/et\/"},{"@type":"ListItem","position":2,"name":"Tapeedid","item":"https:\/\/baubauwall.com\/et\/tapeedid\/"},{"@type":"ListItem","position":3,"name":"Orangerie &#8211; hele"}]},{"@type":"WebSite","@id":"https:\/\/baubauwall.com\/et\/#website","url":"https:\/\/baubauwall.com\/et\/","name":"BAUBAUWALL Wallpapers","description":"Valmis paanides tapeet Eestist!","publisher":{"@id":"https:\/\/baubauwall.com\/et\/#organization"},"potentialAction":[{"@type":"SearchAction","target":{"@type":"EntryPoint","urlTemplate":"https:\/\/baubauwall.com\/et\/?s={search_term_string}"},"query-input":{"@type":"PropertyValueSpecification","valueRequired":true,"valueName":"search_term_string"}}],"inLanguage":"et"},{"@type":"Organization","@id":"https:\/\/baubauwall.com\/et\/#organization","name":"BAUBAUWALL Wallpapers","url":"https:\/\/baubauwall.com\/et\/","logo":{"@type":"ImageObject","inLanguage":"et","@id":"https:\/\/baubauwall.com\/et\/#\/schema\/logo\/image\/","url":"https:\/\/baubauwall.com\/wp-content\/uploads\/2022\/03\/logo-horizontal.svg","contentUrl":"https:\/\/baubauwall.com\/wp-content\/uploads\/2022\/03\/logo-horizontal.svg","width":"1024","height":"1024","caption":"BAUBAUWALL Wallpapers"},"image":{"@id":"https:\/\/baubauwall.com\/et\/#\/schema\/logo\/image\/"},"sameAs":["https:\/\/www.facebook.com\/Baubauwall","https:\/\/www.instagram.com\/baubauwall"]}]}},"jetpack_sharing_enabled":true,"_links":{"self":[{"href":"https:\/\/baubauwall.com\/et\/wp-json\/wp\/v2\/product\/43503","targetHints":{"allow":["GET"]}}],"collection":[{"href":"https:\/\/baubauwall.com\/et\/wp-json\/wp\/v2\/product"}],"about":[{"href":"https:\/\/baubauwall.com\/et\/wp-json\/wp\/v2\/types\/product"}],"replies":[{"embeddable":true,"href":"https:\/\/baubauwall.com\/et\/wp-json\/wp\/v2\/comments?post=43503"}],"wp:featuredmedia":[{"embeddable":true,"href":"https:\/\/baubauwall.com\/et\/wp-json\/wp\/v2\/media\/43486"}],"wp:attachment":[{"href":"https:\/\/baubauwall.com\/et\/wp-json\/wp\/v2\/media?parent=43503"}],"wp:term":[{"taxonomy":"product_brand","embeddable":true,"href":"https:\/\/baubauwall.com\/et\/wp-json\/wp\/v2\/product_brand?post=43503"},{"taxonomy":"product_cat","embeddable":true,"href":"https:\/\/baubauwall.com\/et\/wp-json\/wp\/v2\/product_cat?post=43503"},{"taxonomy":"product_tag","embeddable":true,"href":"https:\/\/baubauwall.com\/et\/wp-json\/wp\/v2\/product_tag?post=43503"}],"curies":[{"name":"wp","href":"https:\/\/api.w.org\/{rel}","templated":true}]}}