{"id":43508,"date":"2025-06-19T14:50:37","date_gmt":"2025-06-19T12:50:37","guid":{"rendered":"https:\/\/baubauwall.com\/product\/mural-wallpaper-citrus-garden-light\/"},"modified":"2025-07-31T10:41:21","modified_gmt":"2025-07-31T08:41:21","slug":"pilttapeet-tsitrusunelm-hele","status":"publish","type":"product","link":"https:\/\/baubauwall.com\/et\/toode\/pilttapeet-tsitrusunelm-hele\/","title":{"rendered":"Tsitrusunelm &#8211; hele"},"content":{"rendered":"<p data-start=\"475\" data-end=\"773\">Kui sa armastad sisekujundust, mis on ehe ja oman\u00e4oline, siis <em data-start=\"537\" data-end=\"551\">Tsitrusunelm<\/em> on t\u00e4pselt see roheline disaintapeet, mida otsid. See pilttapeet on k\u00e4sitsi maalitud \u2013 iga apelsin, sidrun, leheke ja oksake on osa elavast kompositsioonist, mis muudab seina justkui maalikunstiks!<\/p>\n<p data-start=\"775\" data-end=\"1120\"><a href=\"https:\/\/baubauwall.com\/et\/ideed\/mis-teeb-tapeedist-disaintapeedi\/\">Disaintapeetide<\/a> v\u00f5lu peitubki detailides \u2013 <em data-start=\"818\" data-end=\"832\">Tsitrusunelm<\/em> ei ole lihtsalt ilus muster, vaid hoolikalt maalitud kunstiteos, mis on digitaliseeritud ja kui otsustad selle koju tuua oma seinale &#8211; tr\u00fckime kvaliteetsele fliistapeedi materjalile. Tapeedi pehme taust toob tuppa rahu ja v\u00e4rskuse, samal ajal kui sidrunid ja apelsinid lisavad interj\u00f6\u00f6rile soojust ning s\u00e4rtsu. See roheline disaintapeet sobib h\u00e4sti avalikku ruumi v\u00f5i kodu s\u00f6\u00f6gituppa, suveverandale v\u00f5i miks mitte ka lastetuppa. Tsitruste v\u00e4rskus m\u00f5jub ergutavalt ja r\u00f5\u00f5msalt igas interj\u00f6\u00f6ris. Tapeet tr\u00fckitakse alati r\u00e4tsepat\u00f6\u00f6na \u2013 vastavalt sinu seina m\u00f5\u00f5tudele. Ei mingit l\u00f5ikumist ega mustri kokkusobitamist \u2013 k\u00f5ik on juba ette tehtud.<\/p>\n<p><strong>Miks valida pilttapeet Baubauwallist? Sest me teeme tapeedi valimise, ostmise ja paigalduse lihtsaks.\u00a0<\/strong><\/p>\n<ul>\n<li>Eesti ettev\u00f5te, Eesti disain<\/li>\n<li>Tr\u00fckime t\u00e4pselt Sinu seina m\u00f5\u00f5dus tapeedi<\/li>\n<li>Just nii pikad tapeedipaanid, kui on Sinu sein<\/li>\n<li>Premium, matt fliistapeedi materjal, 100% taaskasutatud kiust<\/li>\n<li>M\u00fcrgivabad tr\u00fckiv\u00e4rvid, Greenguard sertifitseeritud<\/li>\n<li>Keskkonnas\u00f5bralik, j\u00e4\u00e4tmevaba tapeetimine<\/li>\n<li>Tasuta tapeediliim<\/li>\n<li>Tasuta transport ja kiire tarne 5 t\u00f6\u00f6p\u00e4evaga<\/li>\n<\/ul>\n<p>Loe l\u00e4hemalt nutikatest, eritellimust\u00f6\u00f6na valmivatest tapeetidest\u00a0<a href=\"https:\/\/kodu.postimees.ee\/8277872\/eestis-loodud-digiteenus-mis-muudab-tapeetimise-lihtsaks-ja-isikuparaseks\">siit.\u00a0<\/a><\/p>\n<p>Vaata ka <a href=\"https:\/\/baubauwall.com\/et\/ideed\/let-the-homes-do-the-talking\/\">tehtud t\u00f6\u00f6de galeriid!<\/a><\/p>\n<p class=\"\" data-start=\"557\" data-end=\"886\"><i>\u00a0<\/i><\/p>\n<p class=\"\" data-start=\"888\" data-end=\"1055\">\n","protected":false},"excerpt":{"rendered":"<p>Kui sa armastad sisekujundust, mis on ehe ja oman\u00e4oline, siis Tsitrusunelm on t\u00e4pselt see roheline disaintapeet, mida otsid. See pilttapeet on k\u00e4sitsi maalitud \u2013 iga apelsin, sidrun, leheke ja oksake on osa elavast kompositsioonist, mis muudab seina justkui maalikunstiks! Disaintapeetide v\u00f5lu peitubki detailides \u2013 Tsitrusunelm ei ole lihtsalt ilus muster, vaid hoolikalt maalitud kunstiteos, mis [&hellip;]<\/p>\n","protected":false},"featured_media":43442,"comment_status":"open","ping_status":"closed","template":"","meta":{"_acf_changed":false,"inline_featured_image":false},"product_brand":[],"product_cat":[387,395,394,391,268,271,411,752,413,414,415,402,699,583,248,254,261,561],"product_tag":[320,381],"class_list":{"0":"post-43508","1":"product","2":"type-product","3":"status-publish","4":"has-post-thumbnail","6":"product_cat-pilttapeedid","7":"product_cat-romantiline","8":"product_cat-rikkalik","9":"product_cat-vahemereline","10":"product_cat-kirkad-tapeedid","11":"product_cat-rohelised-tapeedid","12":"product_cat-kollased-tapeedid","13":"product_cat-avalik-ruum","14":"product_cat-magamistoa-tapeedid","15":"product_cat-soogitoa-tapeedid","16":"product_cat-kulalistetoa-tapeedid","17":"product_cat-elutoa-tapeedid","18":"product_cat-eesti-disain-tapeedid","19":"product_cat-vesivarv","20":"product_cat-mets","21":"product_cat-loodus","22":"product_cat-puuviljad","23":"product_cat-suvised-tapeedid","24":"product_tag-kasitoo","25":"product_tag-vesivarv","26":"pa_designedby-triinu-silla","28":"first","29":"instock","30":"taxable","31":"shipping-taxable","32":"purchasable","33":"product-type-simple"},"acf":[],"yoast_head":"<!-- This site is optimized with the Yoast SEO plugin v25.9 - https:\/\/yoast.com\/wordpress\/plugins\/seo\/ -->\n<title>Roheline disaintapeet Tsitrusunelm. Baubauwall tapeedid<\/title>\n<meta name=\"description\" content=\"Roheline disaintapeet, mis on k\u00e4sitsi maalitud ja digitaliseeritud. Efektne tapeet on justkui paradiisiaed t\u00e4is apelsine ja sidruneid. Astu sisse!\" \/>\n<meta name=\"robots\" content=\"index, follow, max-snippet:-1, max-image-preview:large, max-video-preview:-1\" \/>\n<link rel=\"canonical\" href=\"https:\/\/baubauwall.com\/et\/toode\/pilttapeet-tsitrusunelm-hele\/\" \/>\n<meta property=\"og:locale\" content=\"et_EE\" \/>\n<meta property=\"og:type\" content=\"article\" \/>\n<meta property=\"og:title\" content=\"BAUBAUWALL TAPEEDID\" \/>\n<meta property=\"og:description\" content=\"Roheline disaintapeet, mis on k\u00e4sitsi maalitud ja digitaliseeritud. Efektne tapeet on justkui paradiisiaed t\u00e4is apelsine ja sidruneid. Astu sisse!\" \/>\n<meta property=\"og:url\" content=\"https:\/\/baubauwall.com\/et\/toode\/pilttapeet-tsitrusunelm-hele\/\" \/>\n<meta property=\"og:site_name\" content=\"BAUBAUWALL TAPEEDID\" \/>\n<meta property=\"article:publisher\" content=\"https:\/\/www.facebook.com\/Baubauwall\" \/>\n<meta property=\"article:modified_time\" content=\"2025-07-31T08:41:21+00:00\" \/>\n<meta property=\"og:image\" content=\"https:\/\/baubauwall.com\/wp-content\/uploads\/2025\/06\/51200497_CitrusGarden-Light_Baubauwall_Wall_Mural_room1.jpg\" \/>\n\t<meta property=\"og:image:width\" content=\"2400\" \/>\n\t<meta property=\"og:image:height\" content=\"1600\" \/>\n\t<meta property=\"og:image:type\" content=\"image\/jpeg\" \/>\n<meta name=\"twitter:card\" content=\"summary_large_image\" \/>\n<meta name=\"twitter:label1\" content=\"Est. reading time\" \/>\n\t<meta name=\"twitter:data1\" content=\"2 minutit\" \/>\n<script type=\"application\/ld+json\" class=\"yoast-schema-graph\">{\"@context\":\"https:\/\/schema.org\",\"@graph\":[{\"@type\":\"WebPage\",\"@id\":\"https:\/\/baubauwall.com\/et\/toode\/pilttapeet-tsitrusunelm-hele\/\",\"url\":\"https:\/\/baubauwall.com\/et\/toode\/pilttapeet-tsitrusunelm-hele\/\",\"name\":\"Roheline disaintapeet Tsitrusunelm. Baubauwall tapeedid\",\"isPartOf\":{\"@id\":\"https:\/\/baubauwall.com\/et\/#website\"},\"primaryImageOfPage\":{\"@id\":\"https:\/\/baubauwall.com\/et\/toode\/pilttapeet-tsitrusunelm-hele\/#primaryimage\"},\"image\":{\"@id\":\"https:\/\/baubauwall.com\/et\/toode\/pilttapeet-tsitrusunelm-hele\/#primaryimage\"},\"thumbnailUrl\":\"https:\/\/baubauwall.com\/wp-content\/uploads\/2025\/06\/51200497_CitrusGarden-Light_Baubauwall_Wall_Mural_room2-scaled.jpg\",\"datePublished\":\"2025-06-19T12:50:37+00:00\",\"dateModified\":\"2025-07-31T08:41:21+00:00\",\"description\":\"Roheline disaintapeet, mis on k\u00e4sitsi maalitud ja digitaliseeritud. Efektne tapeet on justkui paradiisiaed t\u00e4is apelsine ja sidruneid. Astu sisse!\",\"breadcrumb\":{\"@id\":\"https:\/\/baubauwall.com\/et\/toode\/pilttapeet-tsitrusunelm-hele\/#breadcrumb\"},\"inLanguage\":\"et\",\"potentialAction\":[{\"@type\":\"ReadAction\",\"target\":[\"https:\/\/baubauwall.com\/et\/toode\/pilttapeet-tsitrusunelm-hele\/\"]}]},{\"@type\":\"ImageObject\",\"inLanguage\":\"et\",\"@id\":\"https:\/\/baubauwall.com\/et\/toode\/pilttapeet-tsitrusunelm-hele\/#primaryimage\",\"url\":\"https:\/\/baubauwall.com\/wp-content\/uploads\/2025\/06\/51200497_CitrusGarden-Light_Baubauwall_Wall_Mural_room2-scaled.jpg\",\"contentUrl\":\"https:\/\/baubauwall.com\/wp-content\/uploads\/2025\/06\/51200497_CitrusGarden-Light_Baubauwall_Wall_Mural_room2-scaled.jpg\",\"width\":2560,\"height\":1286,\"caption\":\"Light-toned mural wallpaper with citrus trees and soft brushstroke background in a bright living room lounge\"},{\"@type\":\"BreadcrumbList\",\"@id\":\"https:\/\/baubauwall.com\/et\/toode\/pilttapeet-tsitrusunelm-hele\/#breadcrumb\",\"itemListElement\":[{\"@type\":\"ListItem\",\"position\":1,\"name\":\"Koju\",\"item\":\"https:\/\/baubauwall.com\/et\/\"},{\"@type\":\"ListItem\",\"position\":2,\"name\":\"Tapeedid\",\"item\":\"https:\/\/baubauwall.com\/et\/tapeedid\/\"},{\"@type\":\"ListItem\",\"position\":3,\"name\":\"Tsitrusunelm &#8211; hele\"}]},{\"@type\":\"WebSite\",\"@id\":\"https:\/\/baubauwall.com\/et\/#website\",\"url\":\"https:\/\/baubauwall.com\/et\/\",\"name\":\"BAUBAUWALL Wallpapers\",\"description\":\"Valmis paanides tapeet Eestist!\",\"publisher\":{\"@id\":\"https:\/\/baubauwall.com\/et\/#organization\"},\"potentialAction\":[{\"@type\":\"SearchAction\",\"target\":{\"@type\":\"EntryPoint\",\"urlTemplate\":\"https:\/\/baubauwall.com\/et\/?s={search_term_string}\"},\"query-input\":{\"@type\":\"PropertyValueSpecification\",\"valueRequired\":true,\"valueName\":\"search_term_string\"}}],\"inLanguage\":\"et\"},{\"@type\":\"Organization\",\"@id\":\"https:\/\/baubauwall.com\/et\/#organization\",\"name\":\"BAUBAUWALL Wallpapers\",\"url\":\"https:\/\/baubauwall.com\/et\/\",\"logo\":{\"@type\":\"ImageObject\",\"inLanguage\":\"et\",\"@id\":\"https:\/\/baubauwall.com\/et\/#\/schema\/logo\/image\/\",\"url\":\"https:\/\/baubauwall.com\/wp-content\/uploads\/2022\/03\/logo-horizontal.svg\",\"contentUrl\":\"https:\/\/baubauwall.com\/wp-content\/uploads\/2022\/03\/logo-horizontal.svg\",\"width\":\"1024\",\"height\":\"1024\",\"caption\":\"BAUBAUWALL Wallpapers\"},\"image\":{\"@id\":\"https:\/\/baubauwall.com\/et\/#\/schema\/logo\/image\/\"},\"sameAs\":[\"https:\/\/www.facebook.com\/Baubauwall\",\"https:\/\/www.instagram.com\/baubauwall\"]}]}<\/script>\n<!-- \/ Yoast SEO plugin. -->","yoast_head_json":{"title":"Roheline disaintapeet Tsitrusunelm. Baubauwall tapeedid","description":"Roheline disaintapeet, mis on k\u00e4sitsi maalitud ja digitaliseeritud. Efektne tapeet on justkui paradiisiaed t\u00e4is apelsine ja sidruneid. Astu sisse!","robots":{"index":"index","follow":"follow","max-snippet":"max-snippet:-1","max-image-preview":"max-image-preview:large","max-video-preview":"max-video-preview:-1"},"canonical":"https:\/\/baubauwall.com\/et\/toode\/pilttapeet-tsitrusunelm-hele\/","og_locale":"et_EE","og_type":"article","og_title":"BAUBAUWALL TAPEEDID","og_description":"Roheline disaintapeet, mis on k\u00e4sitsi maalitud ja digitaliseeritud. Efektne tapeet on justkui paradiisiaed t\u00e4is apelsine ja sidruneid. Astu sisse!","og_url":"https:\/\/baubauwall.com\/et\/toode\/pilttapeet-tsitrusunelm-hele\/","og_site_name":"BAUBAUWALL TAPEEDID","article_publisher":"https:\/\/www.facebook.com\/Baubauwall","article_modified_time":"2025-07-31T08:41:21+00:00","og_image":[{"width":2400,"height":1600,"url":"https:\/\/baubauwall.com\/wp-content\/uploads\/2025\/06\/51200497_CitrusGarden-Light_Baubauwall_Wall_Mural_room1.jpg","type":"image\/jpeg"}],"twitter_card":"summary_large_image","twitter_misc":{"Est. reading time":"2 minutit"},"schema":{"@context":"https:\/\/schema.org","@graph":[{"@type":"WebPage","@id":"https:\/\/baubauwall.com\/et\/toode\/pilttapeet-tsitrusunelm-hele\/","url":"https:\/\/baubauwall.com\/et\/toode\/pilttapeet-tsitrusunelm-hele\/","name":"Roheline disaintapeet Tsitrusunelm. Baubauwall tapeedid","isPartOf":{"@id":"https:\/\/baubauwall.com\/et\/#website"},"primaryImageOfPage":{"@id":"https:\/\/baubauwall.com\/et\/toode\/pilttapeet-tsitrusunelm-hele\/#primaryimage"},"image":{"@id":"https:\/\/baubauwall.com\/et\/toode\/pilttapeet-tsitrusunelm-hele\/#primaryimage"},"thumbnailUrl":"https:\/\/baubauwall.com\/wp-content\/uploads\/2025\/06\/51200497_CitrusGarden-Light_Baubauwall_Wall_Mural_room2-scaled.jpg","datePublished":"2025-06-19T12:50:37+00:00","dateModified":"2025-07-31T08:41:21+00:00","description":"Roheline disaintapeet, mis on k\u00e4sitsi maalitud ja digitaliseeritud. Efektne tapeet on justkui paradiisiaed t\u00e4is apelsine ja sidruneid. Astu sisse!","breadcrumb":{"@id":"https:\/\/baubauwall.com\/et\/toode\/pilttapeet-tsitrusunelm-hele\/#breadcrumb"},"inLanguage":"et","potentialAction":[{"@type":"ReadAction","target":["https:\/\/baubauwall.com\/et\/toode\/pilttapeet-tsitrusunelm-hele\/"]}]},{"@type":"ImageObject","inLanguage":"et","@id":"https:\/\/baubauwall.com\/et\/toode\/pilttapeet-tsitrusunelm-hele\/#primaryimage","url":"https:\/\/baubauwall.com\/wp-content\/uploads\/2025\/06\/51200497_CitrusGarden-Light_Baubauwall_Wall_Mural_room2-scaled.jpg","contentUrl":"https:\/\/baubauwall.com\/wp-content\/uploads\/2025\/06\/51200497_CitrusGarden-Light_Baubauwall_Wall_Mural_room2-scaled.jpg","width":2560,"height":1286,"caption":"Light-toned mural wallpaper with citrus trees and soft brushstroke background in a bright living room lounge"},{"@type":"BreadcrumbList","@id":"https:\/\/baubauwall.com\/et\/toode\/pilttapeet-tsitrusunelm-hele\/#breadcrumb","itemListElement":[{"@type":"ListItem","position":1,"name":"Koju","item":"https:\/\/baubauwall.com\/et\/"},{"@type":"ListItem","position":2,"name":"Tapeedid","item":"https:\/\/baubauwall.com\/et\/tapeedid\/"},{"@type":"ListItem","position":3,"name":"Tsitrusunelm &#8211; hele"}]},{"@type":"WebSite","@id":"https:\/\/baubauwall.com\/et\/#website","url":"https:\/\/baubauwall.com\/et\/","name":"BAUBAUWALL Wallpapers","description":"Valmis paanides tapeet Eestist!","publisher":{"@id":"https:\/\/baubauwall.com\/et\/#organization"},"potentialAction":[{"@type":"SearchAction","target":{"@type":"EntryPoint","urlTemplate":"https:\/\/baubauwall.com\/et\/?s={search_term_string}"},"query-input":{"@type":"PropertyValueSpecification","valueRequired":true,"valueName":"search_term_string"}}],"inLanguage":"et"},{"@type":"Organization","@id":"https:\/\/baubauwall.com\/et\/#organization","name":"BAUBAUWALL Wallpapers","url":"https:\/\/baubauwall.com\/et\/","logo":{"@type":"ImageObject","inLanguage":"et","@id":"https:\/\/baubauwall.com\/et\/#\/schema\/logo\/image\/","url":"https:\/\/baubauwall.com\/wp-content\/uploads\/2022\/03\/logo-horizontal.svg","contentUrl":"https:\/\/baubauwall.com\/wp-content\/uploads\/2022\/03\/logo-horizontal.svg","width":"1024","height":"1024","caption":"BAUBAUWALL Wallpapers"},"image":{"@id":"https:\/\/baubauwall.com\/et\/#\/schema\/logo\/image\/"},"sameAs":["https:\/\/www.facebook.com\/Baubauwall","https:\/\/www.instagram.com\/baubauwall"]}]}},"jetpack_sharing_enabled":true,"_links":{"self":[{"href":"https:\/\/baubauwall.com\/et\/wp-json\/wp\/v2\/product\/43508","targetHints":{"allow":["GET"]}}],"collection":[{"href":"https:\/\/baubauwall.com\/et\/wp-json\/wp\/v2\/product"}],"about":[{"href":"https:\/\/baubauwall.com\/et\/wp-json\/wp\/v2\/types\/product"}],"replies":[{"embeddable":true,"href":"https:\/\/baubauwall.com\/et\/wp-json\/wp\/v2\/comments?post=43508"}],"wp:featuredmedia":[{"embeddable":true,"href":"https:\/\/baubauwall.com\/et\/wp-json\/wp\/v2\/media\/43442"}],"wp:attachment":[{"href":"https:\/\/baubauwall.com\/et\/wp-json\/wp\/v2\/media?parent=43508"}],"wp:term":[{"taxonomy":"product_brand","embeddable":true,"href":"https:\/\/baubauwall.com\/et\/wp-json\/wp\/v2\/product_brand?post=43508"},{"taxonomy":"product_cat","embeddable":true,"href":"https:\/\/baubauwall.com\/et\/wp-json\/wp\/v2\/product_cat?post=43508"},{"taxonomy":"product_tag","embeddable":true,"href":"https:\/\/baubauwall.com\/et\/wp-json\/wp\/v2\/product_tag?post=43508"}],"curies":[{"name":"wp","href":"https:\/\/api.w.org\/{rel}","templated":true}]}}