{"id":43554,"date":"2025-06-30T10:00:10","date_gmt":"2025-06-30T08:00:10","guid":{"rendered":"https:\/\/baubauwall.com\/product\/wallpaper-orange-azul-black\/"},"modified":"2025-07-21T08:51:07","modified_gmt":"2025-07-21T06:51:07","slug":"tapeet-apelsinisuudlus-must","status":"publish","type":"product","link":"https:\/\/baubauwall.com\/et\/toode\/tapeet-apelsinisuudlus-must\/","title":{"rendered":"Apelsinisuudlus &#8211; must"},"content":{"rendered":"<p data-start=\"194\" data-end=\"252\">Vahemere stiilis, k\u00e4sitsi maalitud tapeet apelsinidega mustal taustal. &#8220;Apelsinisuudlus&#8221; on tapeet, mis teeb igast seinast kunstiteose! Tapeedi disainis kohtuvad p\u00e4ikesek\u00fcpsed apelsinid, \u00f5rnad lehed ja veidi dramaatiline must taust. Must taustal lisab s\u00fcgavust ja elegantsi, samal ajal kui tapeedi tsitruselised detailid toovad interj\u00f6\u00f6ri v\u00e4rskust.<\/p>\n<p data-start=\"254\" data-end=\"597\">See Vahemere stiilis, k\u00e4sitsi maalitud tapeet on ideaalne valik, kui soovid interj\u00f6\u00f6ri tuua l\u00f5unamaist rikkalikkust ja hubasust \u2013 ilma, et stiil muutuks liiga rustikaalseks. Lopsaka disaini ja v\u00e4rvidega tapeet sobib h\u00e4sti v\u00e4ikestele pindadele.<\/p>\n<p data-start=\"829\" data-end=\"1061\"><strong data-start=\"829\" data-end=\"850\">Kuhu see tapeet paigaldada?<\/strong><br data-start=\"850\" data-end=\"853\" \/>\u2013 S\u00f6\u00f6gituba v\u00f5i k\u00f6\u00f6k, kus on vaja erksat aktsentseina<br data-start=\"914\" data-end=\"917\" \/>\u2013 Esik v\u00f5i tualettruum, kuhu sobib tugev tapeet<br data-start=\"982\" data-end=\"985\" \/>\u2013 Samuti v\u00e4ike kohvik, stuudio v\u00f5i butiik, mis igatseb l\u00f5unamaist meeleolu<\/p>\n<p><strong>Miks valida pilttapeet Baubauwallist? Sest me teeme tapeedi valimise, ostmise ja paigalduse lihtsaks.\u00a0<\/strong><\/p>\n<ul>\n<li>Eesti ettev\u00f5te<\/li>\n<li>Tr\u00fckime t\u00e4pselt Sinu seina m\u00f5\u00f5dus tapeedi<\/li>\n<li>Just nii pikad tapeedipaanid, kui on Sinu sein<\/li>\n<li>Premium, matt fliistapeedi materjal, 100% taaskasutatud kiust<\/li>\n<li>M\u00fcrgivabad tr\u00fckiv\u00e4rvid, Greenguard sertifitseeritud<\/li>\n<li>Keskkonnas\u00f5bralik, j\u00e4\u00e4tmevaba tapeetimine<\/li>\n<li>Tasuta tapeediliim<\/li>\n<li>Tasuta transport ja kiire tarne 5 t\u00f6\u00f6p\u00e4evaga<\/li>\n<\/ul>\n<p>Loe l\u00e4hemalt nutikatest, eritellimust\u00f6\u00f6na valmivatest tapeetidest\u00a0<a href=\"https:\/\/baubauwall.com\/et\/keskkonnasobralikud-tapeedid\/\">siit.<\/a><\/p>\n","protected":false},"excerpt":{"rendered":"<p>Vahemere stiilis, k\u00e4sitsi maalitud tapeet apelsinidega mustal taustal. &#8220;Apelsinisuudlus&#8221; on tapeet, mis teeb igast seinast kunstiteose! Tapeedi disainis kohtuvad p\u00e4ikesek\u00fcpsed apelsinid, \u00f5rnad lehed ja veidi dramaatiline must taust. Must taustal lisab s\u00fcgavust ja elegantsi, samal ajal kui tapeedi tsitruselised detailid toovad interj\u00f6\u00f6ri v\u00e4rskust. See Vahemere stiilis, k\u00e4sitsi maalitud tapeet on ideaalne valik, kui soovid interj\u00f6\u00f6ri [&hellip;]<\/p>\n","protected":false},"featured_media":43839,"comment_status":"open","ping_status":"closed","template":"","meta":{"_acf_changed":false,"inline_featured_image":false},"product_brand":[],"product_cat":[386,622,447,394,391,388,266,270,271,752,413,414,416,402,412,254,261],"product_tag":[320],"class_list":{"0":"post-43554","1":"product","2":"type-product","3":"status-publish","4":"has-post-thumbnail","6":"product_cat-kordusmustriga-tapeedid","7":"product_cat-julged-tapeedid","8":"product_cat-maksimalistlik-et","9":"product_cat-rikkalik","10":"product_cat-vahemereline","11":"product_cat-vintage-et","12":"product_cat-mustad-tapeedid","13":"product_cat-tumedad-tapeedid","14":"product_cat-rohelised-tapeedid","15":"product_cat-avalik-ruum","16":"product_cat-magamistoa-tapeedid","17":"product_cat-soogitoa-tapeedid","18":"product_cat-esiku-tapeedid","19":"product_cat-elutoa-tapeedid","20":"product_cat-vannitoa-tapeedid","21":"product_cat-loodus","22":"product_cat-puuviljad","23":"product_tag-kasitoo","24":"pa_designedby-triinu-silla","26":"first","27":"instock","28":"taxable","29":"shipping-taxable","30":"purchasable","31":"product-type-simple"},"acf":[],"yoast_head":"<!-- This site is optimized with the Yoast SEO plugin v25.9 - https:\/\/yoast.com\/wordpress\/plugins\/seo\/ -->\n<title>K\u00e4sitsi maalitud tapeet - Apelsinisuudlus - must - BAUBAUWALL TAPEEDID<\/title>\n<meta name=\"description\" content=\"Apelsinidega, k\u00e4sitsi maalitud tapeet t\u00e4is Vahemere stiili. Taustaks must Azulejo stiilis muster. Sobita tapeet n\u00e4iteks tualettruumi!\" \/>\n<meta name=\"robots\" content=\"index, follow, max-snippet:-1, max-image-preview:large, max-video-preview:-1\" \/>\n<link rel=\"canonical\" href=\"https:\/\/baubauwall.com\/et\/toode\/tapeet-apelsinisuudlus-must\/\" \/>\n<meta property=\"og:locale\" content=\"et_EE\" \/>\n<meta property=\"og:type\" content=\"article\" \/>\n<meta property=\"og:title\" content=\"BAUBAUWALL TAPEEDID\" \/>\n<meta property=\"og:description\" content=\"Apelsinidega, k\u00e4sitsi maalitud tapeet t\u00e4is Vahemere stiili. Taustaks must Azulejo stiilis muster. Sobita tapeet n\u00e4iteks tualettruumi!\" \/>\n<meta property=\"og:url\" content=\"https:\/\/baubauwall.com\/et\/toode\/tapeet-apelsinisuudlus-must\/\" \/>\n<meta property=\"og:site_name\" content=\"BAUBAUWALL TAPEEDID\" \/>\n<meta property=\"article:publisher\" content=\"https:\/\/www.facebook.com\/Baubauwall\" \/>\n<meta property=\"article:modified_time\" content=\"2025-07-21T06:51:07+00:00\" \/>\n<meta property=\"og:image\" content=\"https:\/\/baubauwall.com\/wp-content\/uploads\/2024\/11\/51100481_OrangeAzul-Black_Baubauwall_Wallpaper_room4.jpg\" \/>\n\t<meta property=\"og:image:width\" content=\"1067\" \/>\n\t<meta property=\"og:image:height\" content=\"1600\" \/>\n\t<meta property=\"og:image:type\" content=\"image\/jpeg\" \/>\n<meta name=\"twitter:card\" content=\"summary_large_image\" \/>\n<meta name=\"twitter:label1\" content=\"Est. reading time\" \/>\n\t<meta name=\"twitter:data1\" content=\"1 minut\" \/>\n<script type=\"application\/ld+json\" class=\"yoast-schema-graph\">{\"@context\":\"https:\/\/schema.org\",\"@graph\":[{\"@type\":\"WebPage\",\"@id\":\"https:\/\/baubauwall.com\/et\/toode\/tapeet-apelsinisuudlus-must\/\",\"url\":\"https:\/\/baubauwall.com\/et\/toode\/tapeet-apelsinisuudlus-must\/\",\"name\":\"K\u00e4sitsi maalitud tapeet - Apelsinisuudlus - must - BAUBAUWALL TAPEEDID\",\"isPartOf\":{\"@id\":\"https:\/\/baubauwall.com\/et\/#website\"},\"primaryImageOfPage\":{\"@id\":\"https:\/\/baubauwall.com\/et\/toode\/tapeet-apelsinisuudlus-must\/#primaryimage\"},\"image\":{\"@id\":\"https:\/\/baubauwall.com\/et\/toode\/tapeet-apelsinisuudlus-must\/#primaryimage\"},\"thumbnailUrl\":\"https:\/\/baubauwall.com\/wp-content\/uploads\/2025\/06\/51100481_OrangeKiss-Black_Baubauwall_Wallpaper_room2.jpg\",\"datePublished\":\"2025-06-30T08:00:10+00:00\",\"dateModified\":\"2025-07-21T06:51:07+00:00\",\"description\":\"Apelsinidega, k\u00e4sitsi maalitud tapeet t\u00e4is Vahemere stiili. Taustaks must Azulejo stiilis muster. Sobita tapeet n\u00e4iteks tualettruumi!\",\"breadcrumb\":{\"@id\":\"https:\/\/baubauwall.com\/et\/toode\/tapeet-apelsinisuudlus-must\/#breadcrumb\"},\"inLanguage\":\"et\",\"potentialAction\":[{\"@type\":\"ReadAction\",\"target\":[\"https:\/\/baubauwall.com\/et\/toode\/tapeet-apelsinisuudlus-must\/\"]}]},{\"@type\":\"ImageObject\",\"inLanguage\":\"et\",\"@id\":\"https:\/\/baubauwall.com\/et\/toode\/tapeet-apelsinisuudlus-must\/#primaryimage\",\"url\":\"https:\/\/baubauwall.com\/wp-content\/uploads\/2025\/06\/51100481_OrangeKiss-Black_Baubauwall_Wallpaper_room2.jpg\",\"contentUrl\":\"https:\/\/baubauwall.com\/wp-content\/uploads\/2025\/06\/51100481_OrangeKiss-Black_Baubauwall_Wallpaper_room2.jpg\",\"width\":1894,\"height\":1600,\"caption\":\"Must tapeet peegliga. Apelsinipuudega k\u00e4sitsi maalitud tapeet. Baubauwall.com\"},{\"@type\":\"BreadcrumbList\",\"@id\":\"https:\/\/baubauwall.com\/et\/toode\/tapeet-apelsinisuudlus-must\/#breadcrumb\",\"itemListElement\":[{\"@type\":\"ListItem\",\"position\":1,\"name\":\"Koju\",\"item\":\"https:\/\/baubauwall.com\/et\/\"},{\"@type\":\"ListItem\",\"position\":2,\"name\":\"Tapeedid\",\"item\":\"https:\/\/baubauwall.com\/et\/tapeedid\/\"},{\"@type\":\"ListItem\",\"position\":3,\"name\":\"Apelsinisuudlus &#8211; must\"}]},{\"@type\":\"WebSite\",\"@id\":\"https:\/\/baubauwall.com\/et\/#website\",\"url\":\"https:\/\/baubauwall.com\/et\/\",\"name\":\"BAUBAUWALL Wallpapers\",\"description\":\"Valmis paanides tapeet Eestist!\",\"publisher\":{\"@id\":\"https:\/\/baubauwall.com\/et\/#organization\"},\"potentialAction\":[{\"@type\":\"SearchAction\",\"target\":{\"@type\":\"EntryPoint\",\"urlTemplate\":\"https:\/\/baubauwall.com\/et\/?s={search_term_string}\"},\"query-input\":{\"@type\":\"PropertyValueSpecification\",\"valueRequired\":true,\"valueName\":\"search_term_string\"}}],\"inLanguage\":\"et\"},{\"@type\":\"Organization\",\"@id\":\"https:\/\/baubauwall.com\/et\/#organization\",\"name\":\"BAUBAUWALL Wallpapers\",\"url\":\"https:\/\/baubauwall.com\/et\/\",\"logo\":{\"@type\":\"ImageObject\",\"inLanguage\":\"et\",\"@id\":\"https:\/\/baubauwall.com\/et\/#\/schema\/logo\/image\/\",\"url\":\"https:\/\/baubauwall.com\/wp-content\/uploads\/2022\/03\/logo-horizontal.svg\",\"contentUrl\":\"https:\/\/baubauwall.com\/wp-content\/uploads\/2022\/03\/logo-horizontal.svg\",\"width\":\"1024\",\"height\":\"1024\",\"caption\":\"BAUBAUWALL Wallpapers\"},\"image\":{\"@id\":\"https:\/\/baubauwall.com\/et\/#\/schema\/logo\/image\/\"},\"sameAs\":[\"https:\/\/www.facebook.com\/Baubauwall\",\"https:\/\/www.instagram.com\/baubauwall\"]}]}<\/script>\n<!-- \/ Yoast SEO plugin. -->","yoast_head_json":{"title":"K\u00e4sitsi maalitud tapeet - Apelsinisuudlus - must - BAUBAUWALL TAPEEDID","description":"Apelsinidega, k\u00e4sitsi maalitud tapeet t\u00e4is Vahemere stiili. Taustaks must Azulejo stiilis muster. Sobita tapeet n\u00e4iteks tualettruumi!","robots":{"index":"index","follow":"follow","max-snippet":"max-snippet:-1","max-image-preview":"max-image-preview:large","max-video-preview":"max-video-preview:-1"},"canonical":"https:\/\/baubauwall.com\/et\/toode\/tapeet-apelsinisuudlus-must\/","og_locale":"et_EE","og_type":"article","og_title":"BAUBAUWALL TAPEEDID","og_description":"Apelsinidega, k\u00e4sitsi maalitud tapeet t\u00e4is Vahemere stiili. Taustaks must Azulejo stiilis muster. Sobita tapeet n\u00e4iteks tualettruumi!","og_url":"https:\/\/baubauwall.com\/et\/toode\/tapeet-apelsinisuudlus-must\/","og_site_name":"BAUBAUWALL TAPEEDID","article_publisher":"https:\/\/www.facebook.com\/Baubauwall","article_modified_time":"2025-07-21T06:51:07+00:00","og_image":[{"width":1067,"height":1600,"url":"https:\/\/baubauwall.com\/wp-content\/uploads\/2024\/11\/51100481_OrangeAzul-Black_Baubauwall_Wallpaper_room4.jpg","type":"image\/jpeg"}],"twitter_card":"summary_large_image","twitter_misc":{"Est. reading time":"1 minut"},"schema":{"@context":"https:\/\/schema.org","@graph":[{"@type":"WebPage","@id":"https:\/\/baubauwall.com\/et\/toode\/tapeet-apelsinisuudlus-must\/","url":"https:\/\/baubauwall.com\/et\/toode\/tapeet-apelsinisuudlus-must\/","name":"K\u00e4sitsi maalitud tapeet - Apelsinisuudlus - must - BAUBAUWALL TAPEEDID","isPartOf":{"@id":"https:\/\/baubauwall.com\/et\/#website"},"primaryImageOfPage":{"@id":"https:\/\/baubauwall.com\/et\/toode\/tapeet-apelsinisuudlus-must\/#primaryimage"},"image":{"@id":"https:\/\/baubauwall.com\/et\/toode\/tapeet-apelsinisuudlus-must\/#primaryimage"},"thumbnailUrl":"https:\/\/baubauwall.com\/wp-content\/uploads\/2025\/06\/51100481_OrangeKiss-Black_Baubauwall_Wallpaper_room2.jpg","datePublished":"2025-06-30T08:00:10+00:00","dateModified":"2025-07-21T06:51:07+00:00","description":"Apelsinidega, k\u00e4sitsi maalitud tapeet t\u00e4is Vahemere stiili. Taustaks must Azulejo stiilis muster. Sobita tapeet n\u00e4iteks tualettruumi!","breadcrumb":{"@id":"https:\/\/baubauwall.com\/et\/toode\/tapeet-apelsinisuudlus-must\/#breadcrumb"},"inLanguage":"et","potentialAction":[{"@type":"ReadAction","target":["https:\/\/baubauwall.com\/et\/toode\/tapeet-apelsinisuudlus-must\/"]}]},{"@type":"ImageObject","inLanguage":"et","@id":"https:\/\/baubauwall.com\/et\/toode\/tapeet-apelsinisuudlus-must\/#primaryimage","url":"https:\/\/baubauwall.com\/wp-content\/uploads\/2025\/06\/51100481_OrangeKiss-Black_Baubauwall_Wallpaper_room2.jpg","contentUrl":"https:\/\/baubauwall.com\/wp-content\/uploads\/2025\/06\/51100481_OrangeKiss-Black_Baubauwall_Wallpaper_room2.jpg","width":1894,"height":1600,"caption":"Must tapeet peegliga. Apelsinipuudega k\u00e4sitsi maalitud tapeet. Baubauwall.com"},{"@type":"BreadcrumbList","@id":"https:\/\/baubauwall.com\/et\/toode\/tapeet-apelsinisuudlus-must\/#breadcrumb","itemListElement":[{"@type":"ListItem","position":1,"name":"Koju","item":"https:\/\/baubauwall.com\/et\/"},{"@type":"ListItem","position":2,"name":"Tapeedid","item":"https:\/\/baubauwall.com\/et\/tapeedid\/"},{"@type":"ListItem","position":3,"name":"Apelsinisuudlus &#8211; must"}]},{"@type":"WebSite","@id":"https:\/\/baubauwall.com\/et\/#website","url":"https:\/\/baubauwall.com\/et\/","name":"BAUBAUWALL Wallpapers","description":"Valmis paanides tapeet Eestist!","publisher":{"@id":"https:\/\/baubauwall.com\/et\/#organization"},"potentialAction":[{"@type":"SearchAction","target":{"@type":"EntryPoint","urlTemplate":"https:\/\/baubauwall.com\/et\/?s={search_term_string}"},"query-input":{"@type":"PropertyValueSpecification","valueRequired":true,"valueName":"search_term_string"}}],"inLanguage":"et"},{"@type":"Organization","@id":"https:\/\/baubauwall.com\/et\/#organization","name":"BAUBAUWALL Wallpapers","url":"https:\/\/baubauwall.com\/et\/","logo":{"@type":"ImageObject","inLanguage":"et","@id":"https:\/\/baubauwall.com\/et\/#\/schema\/logo\/image\/","url":"https:\/\/baubauwall.com\/wp-content\/uploads\/2022\/03\/logo-horizontal.svg","contentUrl":"https:\/\/baubauwall.com\/wp-content\/uploads\/2022\/03\/logo-horizontal.svg","width":"1024","height":"1024","caption":"BAUBAUWALL Wallpapers"},"image":{"@id":"https:\/\/baubauwall.com\/et\/#\/schema\/logo\/image\/"},"sameAs":["https:\/\/www.facebook.com\/Baubauwall","https:\/\/www.instagram.com\/baubauwall"]}]}},"jetpack_sharing_enabled":true,"_links":{"self":[{"href":"https:\/\/baubauwall.com\/et\/wp-json\/wp\/v2\/product\/43554","targetHints":{"allow":["GET"]}}],"collection":[{"href":"https:\/\/baubauwall.com\/et\/wp-json\/wp\/v2\/product"}],"about":[{"href":"https:\/\/baubauwall.com\/et\/wp-json\/wp\/v2\/types\/product"}],"replies":[{"embeddable":true,"href":"https:\/\/baubauwall.com\/et\/wp-json\/wp\/v2\/comments?post=43554"}],"wp:featuredmedia":[{"embeddable":true,"href":"https:\/\/baubauwall.com\/et\/wp-json\/wp\/v2\/media\/43839"}],"wp:attachment":[{"href":"https:\/\/baubauwall.com\/et\/wp-json\/wp\/v2\/media?parent=43554"}],"wp:term":[{"taxonomy":"product_brand","embeddable":true,"href":"https:\/\/baubauwall.com\/et\/wp-json\/wp\/v2\/product_brand?post=43554"},{"taxonomy":"product_cat","embeddable":true,"href":"https:\/\/baubauwall.com\/et\/wp-json\/wp\/v2\/product_cat?post=43554"},{"taxonomy":"product_tag","embeddable":true,"href":"https:\/\/baubauwall.com\/et\/wp-json\/wp\/v2\/product_tag?post=43554"}],"curies":[{"name":"wp","href":"https:\/\/api.w.org\/{rel}","templated":true}]}}