{"id":43588,"date":"2025-07-02T11:15:56","date_gmt":"2025-07-02T09:15:56","guid":{"rendered":"https:\/\/baubauwall.com\/product\/photo-mural-wallpaper-bamboo-dream\/"},"modified":"2025-07-10T19:56:04","modified_gmt":"2025-07-10T17:56:04","slug":"fototapeet-unelev-bambus","status":"publish","type":"product","link":"https:\/\/baubauwall.com\/et\/toode\/fototapeet-unelev-bambus\/","title":{"rendered":"Fototapeet Unelev bambus"},"content":{"rendered":"<p data-start=\"203\" data-end=\"434\">Fototapeet bambustega toob interj\u00f6\u00f6ri rahu ja tasakaalu. <em data-start=\"236\" data-end=\"250\">Unelev bambus<\/em> on \u00f5huline fototapeet, millel kujutatud udusse m\u00e4hkunud\u00a0 bambusevarred. Pehmetes rohelistes toonides, valgel piimjal taustal fototapeedi disain lisab seinale kergust ja harmooniat. R\u00e4\u00e4kimata rahust ja omamoodi\u00a0<em>zen\u00a0<\/em>tundest. Kas teadsid, et looduses bambus paindub, kuid ei murdu \u2013 see on tugevuse ja kohanemisv\u00f5ime s\u00fcmbol. Seega sobib bambustega fototapeet h\u00e4sti ruumidesse, kus otsitakse tasakaalu ja sisemist rahu ning ka j\u00f5udu.<\/p>\n<p data-start=\"436\" data-end=\"714\">See bambusemetsaga fototapeet sobib eriti h\u00e4sti:<br \/>\n\u2013 <strong data-start=\"487\" data-end=\"515\">Jooga- ja puhkeruumidesse<\/strong>, kus vajad vaikust ja rahu<br data-start=\"541\" data-end=\"544\" \/>\u2013 <strong data-start=\"546\" data-end=\"579\">Kontorisse v\u00f5i vastuv\u00f5tualale<\/strong>\u00a0aktsentseinaks<br data-start=\"612\" data-end=\"615\" \/>\u2013 <strong data-start=\"617\" data-end=\"629\">Kodu magamistuppa<\/strong>\u00a0<strong>v\u00f5i<\/strong> <strong data-start=\"634\" data-end=\"658\">elutoa pilgup\u00fc\u00fcdjaks<\/strong>, et tuua tuppa kergust ja loodusest inspireeritud ilu<\/p>\n<p data-start=\"716\" data-end=\"835\">Nagu alati Baubauwallis \u2013 fototapeet valmistatakse just sinu seina m\u00f5\u00f5tude j\u00e4rgi ja tarnitakse kiiresti! <a href=\"https:\/\/baubauwall.com\/et\/ideed\/let-the-homes-do-the-talking\/\">Piilu tehtud t\u00f6\u00f6de galeriid<\/a> ja saa inspiratsiooni.<\/p>\n<p><strong>Miks valida fototapeet Baubauwallist? Sest me teeme tapeedi valimise, ostmise ja paigalduse lihtsaks.\u00a0<\/strong><\/p>\n<ul>\n<li>Eesti ettev\u00f5te<\/li>\n<li>Tr\u00fckime t\u00e4pselt Sinu seina m\u00f5\u00f5dus fototapeedi<\/li>\n<li>Just nii pikad tapeedipaanid, kui on Sinu sein<\/li>\n<li>Premium, matt fliistapeedi materjal, 100% taaskasutatud kiust<\/li>\n<li>M\u00fcrgivabad tr\u00fckiv\u00e4rvid, Greenguard sertifitseeritud<\/li>\n<li>Keskkonnas\u00f5bralik, j\u00e4\u00e4tmevaba tapeetimine<\/li>\n<li>Tasuta tapeediliim<\/li>\n<li>Tasuta transport ja kiire tarne 5 t\u00f6\u00f6p\u00e4evaga<\/li>\n<\/ul>\n<p>Loe l\u00e4hemalt nutikatest, eritellimust\u00f6\u00f6na valmivatest tapeetidest ka Postimehest &#8211; <a href=\"https:\/\/kodu.postimees.ee\/8277872\/eestis-loodud-digiteenus-mis-muudab-tapeetimise-lihtsaks-ja-isikuparaseks\">siin.<\/a><\/p>\n","protected":false},"excerpt":{"rendered":"<p>Fototapeet bambustega toob interj\u00f6\u00f6ri rahu ja tasakaalu. Unelev bambus on \u00f5huline fototapeet, millel kujutatud udusse m\u00e4hkunud\u00a0 bambusevarred. Pehmetes rohelistes toonides, valgel piimjal taustal fototapeedi disain lisab seinale kergust ja harmooniat. R\u00e4\u00e4kimata rahust ja omamoodi\u00a0zen\u00a0tundest. Kas teadsid, et looduses bambus paindub, kuid ei murdu \u2013 see on tugevuse ja kohanemisv\u00f5ime s\u00fcmbol. Seega sobib bambustega fototapeet h\u00e4sti [&hellip;]<\/p>\n","protected":false},"featured_media":43573,"comment_status":"open","ping_status":"closed","template":"","meta":{"_acf_changed":false,"inline_featured_image":false},"product_brand":[],"product_cat":[433,393,271,410,752,413,399,402,250,254],"product_tag":[454],"class_list":{"0":"post-43588","1":"product","2":"type-product","3":"status-publish","4":"has-post-thumbnail","6":"product_cat-fototapeedid","7":"product_cat-idamaine","8":"product_cat-rohelised-tapeedid","9":"product_cat-valge-tapeedid","10":"product_cat-avalik-ruum","11":"product_cat-magamistoa-tapeedid","12":"product_cat-kodukontori-tapeedid","13":"product_cat-elutoa-tapeedid","14":"product_cat-dzungel-troopika","15":"product_cat-loodus","16":"product_tag-fototapeet-et","17":"pa_designedby-baubauwall","19":"first","20":"instock","21":"taxable","22":"shipping-taxable","23":"purchasable","24":"product-type-simple"},"acf":[],"yoast_head":"<!-- This site is optimized with the Yoast SEO plugin v25.9 - https:\/\/yoast.com\/wordpress\/plugins\/seo\/ -->\n<title>Fototapeet Bambus - troopiline rahulik vaade seinal!<\/title>\n<meta name=\"description\" content=\"Fototapeet bambus on rahulik valik avalikku ruumi - koosolekute saali v\u00f5i vastuv\u00f5tu laua taustaks. Ning miks mitte kasutada bambustega fototapeeti kodus.\" \/>\n<meta name=\"robots\" content=\"index, follow, max-snippet:-1, max-image-preview:large, max-video-preview:-1\" \/>\n<link rel=\"canonical\" href=\"https:\/\/baubauwall.com\/et\/toode\/fototapeet-unelev-bambus\/\" \/>\n<meta property=\"og:locale\" content=\"et_EE\" \/>\n<meta property=\"og:type\" content=\"article\" \/>\n<meta property=\"og:title\" content=\"BAUBAUWALL TAPEEDID\" \/>\n<meta property=\"og:description\" content=\"Bamboo Dream is a calm, misty bamboo trees photo wallpaper ideal for spa areas, wellness rooms, offices, or feature walls. Custom printed and made to measure.\" \/>\n<meta property=\"og:url\" content=\"https:\/\/baubauwall.com\/et\/toode\/fototapeet-unelev-bambus\/\" \/>\n<meta property=\"og:site_name\" content=\"BAUBAUWALL TAPEEDID\" \/>\n<meta property=\"article:publisher\" content=\"https:\/\/www.facebook.com\/Baubauwall\" \/>\n<meta property=\"article:modified_time\" content=\"2025-07-10T17:56:04+00:00\" \/>\n<meta property=\"og:image\" content=\"https:\/\/baubauwall.com\/wp-content\/uploads\/2022\/03\/51300032_BambooDream_Baubauwall_Wall_Photo_Wallpaper_room3.jpg\" \/>\n\t<meta property=\"og:image:width\" content=\"2400\" \/>\n\t<meta property=\"og:image:height\" content=\"1600\" \/>\n\t<meta property=\"og:image:type\" content=\"image\/jpeg\" \/>\n<meta name=\"twitter:card\" content=\"summary_large_image\" \/>\n<meta name=\"twitter:label1\" content=\"Est. reading time\" \/>\n\t<meta name=\"twitter:data1\" content=\"1 minut\" \/>\n<script type=\"application\/ld+json\" class=\"yoast-schema-graph\">{\"@context\":\"https:\/\/schema.org\",\"@graph\":[{\"@type\":\"WebPage\",\"@id\":\"https:\/\/baubauwall.com\/et\/toode\/fototapeet-unelev-bambus\/\",\"url\":\"https:\/\/baubauwall.com\/et\/toode\/fototapeet-unelev-bambus\/\",\"name\":\"Fototapeet Bambus - troopiline rahulik vaade seinal!\",\"isPartOf\":{\"@id\":\"https:\/\/baubauwall.com\/et\/#website\"},\"primaryImageOfPage\":{\"@id\":\"https:\/\/baubauwall.com\/et\/toode\/fototapeet-unelev-bambus\/#primaryimage\"},\"image\":{\"@id\":\"https:\/\/baubauwall.com\/et\/toode\/fototapeet-unelev-bambus\/#primaryimage\"},\"thumbnailUrl\":\"https:\/\/baubauwall.com\/wp-content\/uploads\/2022\/03\/51300032_BambooDream_Baubauwall_Wall_Photo_Wallpaper_room4.jpg\",\"datePublished\":\"2025-07-02T09:15:56+00:00\",\"dateModified\":\"2025-07-10T17:56:04+00:00\",\"description\":\"Fototapeet bambus on rahulik valik avalikku ruumi - koosolekute saali v\u00f5i vastuv\u00f5tu laua taustaks. Ning miks mitte kasutada bambustega fototapeeti kodus.\",\"breadcrumb\":{\"@id\":\"https:\/\/baubauwall.com\/et\/toode\/fototapeet-unelev-bambus\/#breadcrumb\"},\"inLanguage\":\"et\",\"potentialAction\":[{\"@type\":\"ReadAction\",\"target\":[\"https:\/\/baubauwall.com\/et\/toode\/fototapeet-unelev-bambus\/\"]}]},{\"@type\":\"ImageObject\",\"inLanguage\":\"et\",\"@id\":\"https:\/\/baubauwall.com\/et\/toode\/fototapeet-unelev-bambus\/#primaryimage\",\"url\":\"https:\/\/baubauwall.com\/wp-content\/uploads\/2022\/03\/51300032_BambooDream_Baubauwall_Wall_Photo_Wallpaper_room4.jpg\",\"contentUrl\":\"https:\/\/baubauwall.com\/wp-content\/uploads\/2022\/03\/51300032_BambooDream_Baubauwall_Wall_Photo_Wallpaper_room4.jpg\",\"width\":1200,\"height\":1600,\"caption\":\"Misty bamboo leaves photo wallpaper peeking through glass. Commercial space feature wall photo wallpaper\"},{\"@type\":\"BreadcrumbList\",\"@id\":\"https:\/\/baubauwall.com\/et\/toode\/fototapeet-unelev-bambus\/#breadcrumb\",\"itemListElement\":[{\"@type\":\"ListItem\",\"position\":1,\"name\":\"Koju\",\"item\":\"https:\/\/baubauwall.com\/et\/\"},{\"@type\":\"ListItem\",\"position\":2,\"name\":\"Tapeedid\",\"item\":\"https:\/\/baubauwall.com\/et\/tapeedid\/\"},{\"@type\":\"ListItem\",\"position\":3,\"name\":\"Fototapeet Unelev bambus\"}]},{\"@type\":\"WebSite\",\"@id\":\"https:\/\/baubauwall.com\/et\/#website\",\"url\":\"https:\/\/baubauwall.com\/et\/\",\"name\":\"BAUBAUWALL Wallpapers\",\"description\":\"Valmis paanides tapeet Eestist!\",\"publisher\":{\"@id\":\"https:\/\/baubauwall.com\/et\/#organization\"},\"potentialAction\":[{\"@type\":\"SearchAction\",\"target\":{\"@type\":\"EntryPoint\",\"urlTemplate\":\"https:\/\/baubauwall.com\/et\/?s={search_term_string}\"},\"query-input\":{\"@type\":\"PropertyValueSpecification\",\"valueRequired\":true,\"valueName\":\"search_term_string\"}}],\"inLanguage\":\"et\"},{\"@type\":\"Organization\",\"@id\":\"https:\/\/baubauwall.com\/et\/#organization\",\"name\":\"BAUBAUWALL Wallpapers\",\"url\":\"https:\/\/baubauwall.com\/et\/\",\"logo\":{\"@type\":\"ImageObject\",\"inLanguage\":\"et\",\"@id\":\"https:\/\/baubauwall.com\/et\/#\/schema\/logo\/image\/\",\"url\":\"https:\/\/baubauwall.com\/wp-content\/uploads\/2022\/03\/logo-horizontal.svg\",\"contentUrl\":\"https:\/\/baubauwall.com\/wp-content\/uploads\/2022\/03\/logo-horizontal.svg\",\"width\":\"1024\",\"height\":\"1024\",\"caption\":\"BAUBAUWALL Wallpapers\"},\"image\":{\"@id\":\"https:\/\/baubauwall.com\/et\/#\/schema\/logo\/image\/\"},\"sameAs\":[\"https:\/\/www.facebook.com\/Baubauwall\",\"https:\/\/www.instagram.com\/baubauwall\"]}]}<\/script>\n<!-- \/ Yoast SEO plugin. -->","yoast_head_json":{"title":"Fototapeet Bambus - troopiline rahulik vaade seinal!","description":"Fototapeet bambus on rahulik valik avalikku ruumi - koosolekute saali v\u00f5i vastuv\u00f5tu laua taustaks. Ning miks mitte kasutada bambustega fototapeeti kodus.","robots":{"index":"index","follow":"follow","max-snippet":"max-snippet:-1","max-image-preview":"max-image-preview:large","max-video-preview":"max-video-preview:-1"},"canonical":"https:\/\/baubauwall.com\/et\/toode\/fototapeet-unelev-bambus\/","og_locale":"et_EE","og_type":"article","og_title":"BAUBAUWALL TAPEEDID","og_description":"Bamboo Dream is a calm, misty bamboo trees photo wallpaper ideal for spa areas, wellness rooms, offices, or feature walls. Custom printed and made to measure.","og_url":"https:\/\/baubauwall.com\/et\/toode\/fototapeet-unelev-bambus\/","og_site_name":"BAUBAUWALL TAPEEDID","article_publisher":"https:\/\/www.facebook.com\/Baubauwall","article_modified_time":"2025-07-10T17:56:04+00:00","og_image":[{"width":2400,"height":1600,"url":"https:\/\/baubauwall.com\/wp-content\/uploads\/2022\/03\/51300032_BambooDream_Baubauwall_Wall_Photo_Wallpaper_room3.jpg","type":"image\/jpeg"}],"twitter_card":"summary_large_image","twitter_misc":{"Est. reading time":"1 minut"},"schema":{"@context":"https:\/\/schema.org","@graph":[{"@type":"WebPage","@id":"https:\/\/baubauwall.com\/et\/toode\/fototapeet-unelev-bambus\/","url":"https:\/\/baubauwall.com\/et\/toode\/fototapeet-unelev-bambus\/","name":"Fototapeet Bambus - troopiline rahulik vaade seinal!","isPartOf":{"@id":"https:\/\/baubauwall.com\/et\/#website"},"primaryImageOfPage":{"@id":"https:\/\/baubauwall.com\/et\/toode\/fototapeet-unelev-bambus\/#primaryimage"},"image":{"@id":"https:\/\/baubauwall.com\/et\/toode\/fototapeet-unelev-bambus\/#primaryimage"},"thumbnailUrl":"https:\/\/baubauwall.com\/wp-content\/uploads\/2022\/03\/51300032_BambooDream_Baubauwall_Wall_Photo_Wallpaper_room4.jpg","datePublished":"2025-07-02T09:15:56+00:00","dateModified":"2025-07-10T17:56:04+00:00","description":"Fototapeet bambus on rahulik valik avalikku ruumi - koosolekute saali v\u00f5i vastuv\u00f5tu laua taustaks. Ning miks mitte kasutada bambustega fototapeeti kodus.","breadcrumb":{"@id":"https:\/\/baubauwall.com\/et\/toode\/fototapeet-unelev-bambus\/#breadcrumb"},"inLanguage":"et","potentialAction":[{"@type":"ReadAction","target":["https:\/\/baubauwall.com\/et\/toode\/fototapeet-unelev-bambus\/"]}]},{"@type":"ImageObject","inLanguage":"et","@id":"https:\/\/baubauwall.com\/et\/toode\/fototapeet-unelev-bambus\/#primaryimage","url":"https:\/\/baubauwall.com\/wp-content\/uploads\/2022\/03\/51300032_BambooDream_Baubauwall_Wall_Photo_Wallpaper_room4.jpg","contentUrl":"https:\/\/baubauwall.com\/wp-content\/uploads\/2022\/03\/51300032_BambooDream_Baubauwall_Wall_Photo_Wallpaper_room4.jpg","width":1200,"height":1600,"caption":"Misty bamboo leaves photo wallpaper peeking through glass. Commercial space feature wall photo wallpaper"},{"@type":"BreadcrumbList","@id":"https:\/\/baubauwall.com\/et\/toode\/fototapeet-unelev-bambus\/#breadcrumb","itemListElement":[{"@type":"ListItem","position":1,"name":"Koju","item":"https:\/\/baubauwall.com\/et\/"},{"@type":"ListItem","position":2,"name":"Tapeedid","item":"https:\/\/baubauwall.com\/et\/tapeedid\/"},{"@type":"ListItem","position":3,"name":"Fototapeet Unelev bambus"}]},{"@type":"WebSite","@id":"https:\/\/baubauwall.com\/et\/#website","url":"https:\/\/baubauwall.com\/et\/","name":"BAUBAUWALL Wallpapers","description":"Valmis paanides tapeet Eestist!","publisher":{"@id":"https:\/\/baubauwall.com\/et\/#organization"},"potentialAction":[{"@type":"SearchAction","target":{"@type":"EntryPoint","urlTemplate":"https:\/\/baubauwall.com\/et\/?s={search_term_string}"},"query-input":{"@type":"PropertyValueSpecification","valueRequired":true,"valueName":"search_term_string"}}],"inLanguage":"et"},{"@type":"Organization","@id":"https:\/\/baubauwall.com\/et\/#organization","name":"BAUBAUWALL Wallpapers","url":"https:\/\/baubauwall.com\/et\/","logo":{"@type":"ImageObject","inLanguage":"et","@id":"https:\/\/baubauwall.com\/et\/#\/schema\/logo\/image\/","url":"https:\/\/baubauwall.com\/wp-content\/uploads\/2022\/03\/logo-horizontal.svg","contentUrl":"https:\/\/baubauwall.com\/wp-content\/uploads\/2022\/03\/logo-horizontal.svg","width":"1024","height":"1024","caption":"BAUBAUWALL Wallpapers"},"image":{"@id":"https:\/\/baubauwall.com\/et\/#\/schema\/logo\/image\/"},"sameAs":["https:\/\/www.facebook.com\/Baubauwall","https:\/\/www.instagram.com\/baubauwall"]}]}},"jetpack_sharing_enabled":true,"_links":{"self":[{"href":"https:\/\/baubauwall.com\/et\/wp-json\/wp\/v2\/product\/43588","targetHints":{"allow":["GET"]}}],"collection":[{"href":"https:\/\/baubauwall.com\/et\/wp-json\/wp\/v2\/product"}],"about":[{"href":"https:\/\/baubauwall.com\/et\/wp-json\/wp\/v2\/types\/product"}],"replies":[{"embeddable":true,"href":"https:\/\/baubauwall.com\/et\/wp-json\/wp\/v2\/comments?post=43588"}],"wp:featuredmedia":[{"embeddable":true,"href":"https:\/\/baubauwall.com\/et\/wp-json\/wp\/v2\/media\/43573"}],"wp:attachment":[{"href":"https:\/\/baubauwall.com\/et\/wp-json\/wp\/v2\/media?parent=43588"}],"wp:term":[{"taxonomy":"product_brand","embeddable":true,"href":"https:\/\/baubauwall.com\/et\/wp-json\/wp\/v2\/product_brand?post=43588"},{"taxonomy":"product_cat","embeddable":true,"href":"https:\/\/baubauwall.com\/et\/wp-json\/wp\/v2\/product_cat?post=43588"},{"taxonomy":"product_tag","embeddable":true,"href":"https:\/\/baubauwall.com\/et\/wp-json\/wp\/v2\/product_tag?post=43588"}],"curies":[{"name":"wp","href":"https:\/\/api.w.org\/{rel}","templated":true}]}}