{"id":43593,"date":"2025-07-03T11:43:58","date_gmt":"2025-07-03T09:43:58","guid":{"rendered":"https:\/\/baubauwall.com\/?post_type=product&#038;p=43593"},"modified":"2025-07-03T12:02:04","modified_gmt":"2025-07-03T10:02:04","slug":"kordusmustriga-tapeet-apelsinikeraamika-petrooleumroheline","status":"publish","type":"product","link":"https:\/\/baubauwall.com\/et\/toode\/kordusmustriga-tapeet-apelsinikeraamika-petrooleumroheline\/","title":{"rendered":"Apelsinikeraamika &#8211;  petrooleumroheline"},"content":{"rendered":"<p data-start=\"194\" data-end=\"252\">Vahemere stiilis tapeet apelsinide ja Azulejo mustriga! &#8220;Apelsinikeraamika&#8221; on imeline, k\u00e4sitsi maalitud petrooleumroheline tapeet. Tapeedi disainis\u00a0kohtuvad p\u00e4ikesek\u00fcpsed apelsinid, \u00f5rnad lehed ja peen Portugali Azulejo stiilis mustrip\u00f5hi. S\u00fcgav petrooleumroheline taust lisab s\u00fcgavust ja elegantsi, samal ajal kui tsitruselised detailid toovad v\u00e4rskust ja soojust.<\/p>\n<p data-start=\"254\" data-end=\"597\">See Vahemere stiilis tapeet on ideaalne valik, kui soovid interj\u00f6\u00f6ri tuua l\u00f5unamaist rikkalikkust ja hubasust \u2013 ilma, et stiil muutuks liiga rustikaalseks. Klassikaline, aga samas m\u00e4nguline disain sobib h\u00e4sti ka pisikestele seintele.<\/p>\n<p data-start=\"829\" data-end=\"1061\"><strong data-start=\"829\" data-end=\"850\">Kuhu see tapeet paigaldada?<\/strong><br data-start=\"850\" data-end=\"853\" \/>\u2013 S\u00f6\u00f6gituba v\u00f5i k\u00f6\u00f6k, kus on vaja erksat aktsentseina<br data-start=\"914\" data-end=\"917\" \/>\u2013 Esik v\u00f5i k\u00fclaliste WC, kuhu sobib tugev kujunduselement<br data-start=\"982\" data-end=\"985\" \/>\u2013 Samuti v\u00e4ike kohvik, stuudio v\u00f5i butiik, mis igatseb l\u00f5unamaist meeleolu<\/p>\n<p><strong>Miks valida pilttapeet Baubauwallist? Sest me teeme tapeedi valimise, ostmise ja paigalduse lihtsaks.\u00a0<\/strong><\/p>\n<ul>\n<li>Eesti ettev\u00f5te<\/li>\n<li>Tr\u00fckime t\u00e4pselt Sinu seina m\u00f5\u00f5dus tapeedi<\/li>\n<li>Just nii pikad tapeedipaanid, kui on Sinu sein<\/li>\n<li>Premium, matt fliistapeedi materjal, 100% taaskasutatud kiust<\/li>\n<li>M\u00fcrgivabad tr\u00fckiv\u00e4rvid, Greenguard sertifitseeritud<\/li>\n<li>Keskkonnas\u00f5bralik, j\u00e4\u00e4tmevaba tapeetimine<\/li>\n<li>Tasuta tapeediliim<\/li>\n<li>Tasuta transport ja kiire tarne 5 t\u00f6\u00f6p\u00e4evaga<\/li>\n<\/ul>\n<p>Loe l\u00e4hemalt nutikatest, eritellimust\u00f6\u00f6na valmivatest tapeetidest\u00a0<a href=\"https:\/\/baubauwall.com\/et\/keskkonnasobralikud-tapeedid\/\">siit.<\/a><\/p>\n","protected":false},"excerpt":{"rendered":"<p>Vahemere stiilis tapeet apelsinide ja Azulejo mustriga! &#8220;Apelsinikeraamika&#8221; on imeline, k\u00e4sitsi maalitud petrooleumroheline tapeet. Tapeedi disainis\u00a0kohtuvad p\u00e4ikesek\u00fcpsed apelsinid, \u00f5rnad lehed ja peen Portugali Azulejo stiilis mustrip\u00f5hi. S\u00fcgav petrooleumroheline taust lisab s\u00fcgavust ja elegantsi, samal ajal kui tsitruselised detailid toovad v\u00e4rskust ja soojust. See Vahemere stiilis tapeet on ideaalne valik, kui soovid interj\u00f6\u00f6ri tuua l\u00f5unamaist rikkalikkust [&hellip;]<\/p>\n","protected":false},"featured_media":43605,"comment_status":"open","ping_status":"closed","template":"","meta":{"_acf_changed":false,"inline_featured_image":false},"product_brand":[],"product_cat":[386,622,447,394,391,388,270,271,277,752,413,414,416,402,412,254,261,561],"product_tag":[320],"class_list":{"0":"post-43593","1":"product","2":"type-product","3":"status-publish","4":"has-post-thumbnail","6":"product_cat-kordusmustriga-tapeedid","7":"product_cat-julged-tapeedid","8":"product_cat-maksimalistlik-et","9":"product_cat-rikkalik","10":"product_cat-vahemereline","11":"product_cat-vintage-et","12":"product_cat-tumedad-tapeedid","13":"product_cat-rohelised-tapeedid","14":"product_cat-petrool-sinised-tapeedid","15":"product_cat-avalik-ruum","16":"product_cat-magamistoa-tapeedid","17":"product_cat-soogitoa-tapeedid","18":"product_cat-esiku-tapeedid","19":"product_cat-elutoa-tapeedid","20":"product_cat-vannitoa-tapeedid","21":"product_cat-loodus","22":"product_cat-puuviljad","23":"product_cat-suvised-tapeedid","24":"product_tag-kasitoo","25":"pa_designedby-triinu-silla","27":"first","28":"instock","29":"taxable","30":"shipping-taxable","31":"purchasable","32":"product-type-simple"},"acf":[],"yoast_head":"<!-- This site is optimized with the Yoast SEO plugin v25.9 - https:\/\/yoast.com\/wordpress\/plugins\/seo\/ -->\n<title>Petrooleumroheline tapeet k\u00e4sitsi maalitud apelsinipuudega<\/title>\n<meta name=\"description\" content=\"Rikkalik, petrooleumroheline tapeet Vahemereliku taustamustri ning lopsaka rohelusega. K\u00e4sitsi maalitud apelsinipuud v\u00f5iksid kasvada sinu interj\u00f6\u00f6ris!\" \/>\n<meta name=\"robots\" content=\"index, follow, max-snippet:-1, max-image-preview:large, max-video-preview:-1\" \/>\n<link rel=\"canonical\" href=\"https:\/\/baubauwall.com\/et\/toode\/kordusmustriga-tapeet-apelsinikeraamika-petrooleumroheline\/\" \/>\n<meta property=\"og:locale\" content=\"et_EE\" \/>\n<meta property=\"og:type\" content=\"article\" \/>\n<meta property=\"og:title\" content=\"BAUBAUWALL TAPEEDID\" \/>\n<meta property=\"og:description\" content=\"Rikkalik, petrooleumroheline tapeet Vahemereliku taustamustri ning lopsaka rohelusega. K\u00e4sitsi maalitud apelsinipuud v\u00f5iksid kasvada sinu interj\u00f6\u00f6ris!\" \/>\n<meta property=\"og:url\" content=\"https:\/\/baubauwall.com\/et\/toode\/kordusmustriga-tapeet-apelsinikeraamika-petrooleumroheline\/\" \/>\n<meta property=\"og:site_name\" content=\"BAUBAUWALL TAPEEDID\" \/>\n<meta property=\"article:publisher\" content=\"https:\/\/www.facebook.com\/Baubauwall\" \/>\n<meta property=\"article:modified_time\" content=\"2025-07-03T10:02:04+00:00\" \/>\n<meta property=\"og:image\" content=\"https:\/\/baubauwall.com\/wp-content\/uploads\/2025\/07\/51100482_OrangeAzul-Petrol_Baubauwall_Wallpaper_room1.jpg\" \/>\n\t<meta property=\"og:image:width\" content=\"1067\" \/>\n\t<meta property=\"og:image:height\" content=\"1600\" \/>\n\t<meta property=\"og:image:type\" content=\"image\/jpeg\" \/>\n<meta name=\"twitter:card\" content=\"summary_large_image\" \/>\n<meta name=\"twitter:label1\" content=\"Est. reading time\" \/>\n\t<meta name=\"twitter:data1\" content=\"1 minut\" \/>\n<script type=\"application\/ld+json\" class=\"yoast-schema-graph\">{\"@context\":\"https:\/\/schema.org\",\"@graph\":[{\"@type\":\"WebPage\",\"@id\":\"https:\/\/baubauwall.com\/et\/toode\/kordusmustriga-tapeet-apelsinikeraamika-petrooleumroheline\/\",\"url\":\"https:\/\/baubauwall.com\/et\/toode\/kordusmustriga-tapeet-apelsinikeraamika-petrooleumroheline\/\",\"name\":\"Petrooleumroheline tapeet k\u00e4sitsi maalitud apelsinipuudega\",\"isPartOf\":{\"@id\":\"https:\/\/baubauwall.com\/et\/#website\"},\"primaryImageOfPage\":{\"@id\":\"https:\/\/baubauwall.com\/et\/toode\/kordusmustriga-tapeet-apelsinikeraamika-petrooleumroheline\/#primaryimage\"},\"image\":{\"@id\":\"https:\/\/baubauwall.com\/et\/toode\/kordusmustriga-tapeet-apelsinikeraamika-petrooleumroheline\/#primaryimage\"},\"thumbnailUrl\":\"https:\/\/baubauwall.com\/wp-content\/uploads\/2025\/07\/51100482_OrangeAzul-Petrol_Baubauwall_Wallpaper_preview.jpg\",\"datePublished\":\"2025-07-03T09:43:58+00:00\",\"dateModified\":\"2025-07-03T10:02:04+00:00\",\"description\":\"Rikkalik, petrooleumroheline tapeet Vahemereliku taustamustri ning lopsaka rohelusega. K\u00e4sitsi maalitud apelsinipuud v\u00f5iksid kasvada sinu interj\u00f6\u00f6ris!\",\"breadcrumb\":{\"@id\":\"https:\/\/baubauwall.com\/et\/toode\/kordusmustriga-tapeet-apelsinikeraamika-petrooleumroheline\/#breadcrumb\"},\"inLanguage\":\"et\",\"potentialAction\":[{\"@type\":\"ReadAction\",\"target\":[\"https:\/\/baubauwall.com\/et\/toode\/kordusmustriga-tapeet-apelsinikeraamika-petrooleumroheline\/\"]}]},{\"@type\":\"ImageObject\",\"inLanguage\":\"et\",\"@id\":\"https:\/\/baubauwall.com\/et\/toode\/kordusmustriga-tapeet-apelsinikeraamika-petrooleumroheline\/#primaryimage\",\"url\":\"https:\/\/baubauwall.com\/wp-content\/uploads\/2025\/07\/51100482_OrangeAzul-Petrol_Baubauwall_Wallpaper_preview.jpg\",\"contentUrl\":\"https:\/\/baubauwall.com\/wp-content\/uploads\/2025\/07\/51100482_OrangeAzul-Petrol_Baubauwall_Wallpaper_preview.jpg\",\"width\":800,\"height\":800},{\"@type\":\"BreadcrumbList\",\"@id\":\"https:\/\/baubauwall.com\/et\/toode\/kordusmustriga-tapeet-apelsinikeraamika-petrooleumroheline\/#breadcrumb\",\"itemListElement\":[{\"@type\":\"ListItem\",\"position\":1,\"name\":\"Koju\",\"item\":\"https:\/\/baubauwall.com\/et\/\"},{\"@type\":\"ListItem\",\"position\":2,\"name\":\"Tapeedid\",\"item\":\"https:\/\/baubauwall.com\/et\/tapeedid\/\"},{\"@type\":\"ListItem\",\"position\":3,\"name\":\"Apelsinikeraamika &#8211; petrooleumroheline\"}]},{\"@type\":\"WebSite\",\"@id\":\"https:\/\/baubauwall.com\/et\/#website\",\"url\":\"https:\/\/baubauwall.com\/et\/\",\"name\":\"BAUBAUWALL Wallpapers\",\"description\":\"Valmis paanides tapeet Eestist!\",\"publisher\":{\"@id\":\"https:\/\/baubauwall.com\/et\/#organization\"},\"potentialAction\":[{\"@type\":\"SearchAction\",\"target\":{\"@type\":\"EntryPoint\",\"urlTemplate\":\"https:\/\/baubauwall.com\/et\/?s={search_term_string}\"},\"query-input\":{\"@type\":\"PropertyValueSpecification\",\"valueRequired\":true,\"valueName\":\"search_term_string\"}}],\"inLanguage\":\"et\"},{\"@type\":\"Organization\",\"@id\":\"https:\/\/baubauwall.com\/et\/#organization\",\"name\":\"BAUBAUWALL Wallpapers\",\"url\":\"https:\/\/baubauwall.com\/et\/\",\"logo\":{\"@type\":\"ImageObject\",\"inLanguage\":\"et\",\"@id\":\"https:\/\/baubauwall.com\/et\/#\/schema\/logo\/image\/\",\"url\":\"https:\/\/baubauwall.com\/wp-content\/uploads\/2022\/03\/logo-horizontal.svg\",\"contentUrl\":\"https:\/\/baubauwall.com\/wp-content\/uploads\/2022\/03\/logo-horizontal.svg\",\"width\":\"1024\",\"height\":\"1024\",\"caption\":\"BAUBAUWALL Wallpapers\"},\"image\":{\"@id\":\"https:\/\/baubauwall.com\/et\/#\/schema\/logo\/image\/\"},\"sameAs\":[\"https:\/\/www.facebook.com\/Baubauwall\",\"https:\/\/www.instagram.com\/baubauwall\"]}]}<\/script>\n<!-- \/ Yoast SEO plugin. -->","yoast_head_json":{"title":"Petrooleumroheline tapeet k\u00e4sitsi maalitud apelsinipuudega","description":"Rikkalik, petrooleumroheline tapeet Vahemereliku taustamustri ning lopsaka rohelusega. K\u00e4sitsi maalitud apelsinipuud v\u00f5iksid kasvada sinu interj\u00f6\u00f6ris!","robots":{"index":"index","follow":"follow","max-snippet":"max-snippet:-1","max-image-preview":"max-image-preview:large","max-video-preview":"max-video-preview:-1"},"canonical":"https:\/\/baubauwall.com\/et\/toode\/kordusmustriga-tapeet-apelsinikeraamika-petrooleumroheline\/","og_locale":"et_EE","og_type":"article","og_title":"BAUBAUWALL TAPEEDID","og_description":"Rikkalik, petrooleumroheline tapeet Vahemereliku taustamustri ning lopsaka rohelusega. K\u00e4sitsi maalitud apelsinipuud v\u00f5iksid kasvada sinu interj\u00f6\u00f6ris!","og_url":"https:\/\/baubauwall.com\/et\/toode\/kordusmustriga-tapeet-apelsinikeraamika-petrooleumroheline\/","og_site_name":"BAUBAUWALL TAPEEDID","article_publisher":"https:\/\/www.facebook.com\/Baubauwall","article_modified_time":"2025-07-03T10:02:04+00:00","og_image":[{"width":1067,"height":1600,"url":"https:\/\/baubauwall.com\/wp-content\/uploads\/2025\/07\/51100482_OrangeAzul-Petrol_Baubauwall_Wallpaper_room1.jpg","type":"image\/jpeg"}],"twitter_card":"summary_large_image","twitter_misc":{"Est. reading time":"1 minut"},"schema":{"@context":"https:\/\/schema.org","@graph":[{"@type":"WebPage","@id":"https:\/\/baubauwall.com\/et\/toode\/kordusmustriga-tapeet-apelsinikeraamika-petrooleumroheline\/","url":"https:\/\/baubauwall.com\/et\/toode\/kordusmustriga-tapeet-apelsinikeraamika-petrooleumroheline\/","name":"Petrooleumroheline tapeet k\u00e4sitsi maalitud apelsinipuudega","isPartOf":{"@id":"https:\/\/baubauwall.com\/et\/#website"},"primaryImageOfPage":{"@id":"https:\/\/baubauwall.com\/et\/toode\/kordusmustriga-tapeet-apelsinikeraamika-petrooleumroheline\/#primaryimage"},"image":{"@id":"https:\/\/baubauwall.com\/et\/toode\/kordusmustriga-tapeet-apelsinikeraamika-petrooleumroheline\/#primaryimage"},"thumbnailUrl":"https:\/\/baubauwall.com\/wp-content\/uploads\/2025\/07\/51100482_OrangeAzul-Petrol_Baubauwall_Wallpaper_preview.jpg","datePublished":"2025-07-03T09:43:58+00:00","dateModified":"2025-07-03T10:02:04+00:00","description":"Rikkalik, petrooleumroheline tapeet Vahemereliku taustamustri ning lopsaka rohelusega. K\u00e4sitsi maalitud apelsinipuud v\u00f5iksid kasvada sinu interj\u00f6\u00f6ris!","breadcrumb":{"@id":"https:\/\/baubauwall.com\/et\/toode\/kordusmustriga-tapeet-apelsinikeraamika-petrooleumroheline\/#breadcrumb"},"inLanguage":"et","potentialAction":[{"@type":"ReadAction","target":["https:\/\/baubauwall.com\/et\/toode\/kordusmustriga-tapeet-apelsinikeraamika-petrooleumroheline\/"]}]},{"@type":"ImageObject","inLanguage":"et","@id":"https:\/\/baubauwall.com\/et\/toode\/kordusmustriga-tapeet-apelsinikeraamika-petrooleumroheline\/#primaryimage","url":"https:\/\/baubauwall.com\/wp-content\/uploads\/2025\/07\/51100482_OrangeAzul-Petrol_Baubauwall_Wallpaper_preview.jpg","contentUrl":"https:\/\/baubauwall.com\/wp-content\/uploads\/2025\/07\/51100482_OrangeAzul-Petrol_Baubauwall_Wallpaper_preview.jpg","width":800,"height":800},{"@type":"BreadcrumbList","@id":"https:\/\/baubauwall.com\/et\/toode\/kordusmustriga-tapeet-apelsinikeraamika-petrooleumroheline\/#breadcrumb","itemListElement":[{"@type":"ListItem","position":1,"name":"Koju","item":"https:\/\/baubauwall.com\/et\/"},{"@type":"ListItem","position":2,"name":"Tapeedid","item":"https:\/\/baubauwall.com\/et\/tapeedid\/"},{"@type":"ListItem","position":3,"name":"Apelsinikeraamika &#8211; petrooleumroheline"}]},{"@type":"WebSite","@id":"https:\/\/baubauwall.com\/et\/#website","url":"https:\/\/baubauwall.com\/et\/","name":"BAUBAUWALL Wallpapers","description":"Valmis paanides tapeet Eestist!","publisher":{"@id":"https:\/\/baubauwall.com\/et\/#organization"},"potentialAction":[{"@type":"SearchAction","target":{"@type":"EntryPoint","urlTemplate":"https:\/\/baubauwall.com\/et\/?s={search_term_string}"},"query-input":{"@type":"PropertyValueSpecification","valueRequired":true,"valueName":"search_term_string"}}],"inLanguage":"et"},{"@type":"Organization","@id":"https:\/\/baubauwall.com\/et\/#organization","name":"BAUBAUWALL Wallpapers","url":"https:\/\/baubauwall.com\/et\/","logo":{"@type":"ImageObject","inLanguage":"et","@id":"https:\/\/baubauwall.com\/et\/#\/schema\/logo\/image\/","url":"https:\/\/baubauwall.com\/wp-content\/uploads\/2022\/03\/logo-horizontal.svg","contentUrl":"https:\/\/baubauwall.com\/wp-content\/uploads\/2022\/03\/logo-horizontal.svg","width":"1024","height":"1024","caption":"BAUBAUWALL Wallpapers"},"image":{"@id":"https:\/\/baubauwall.com\/et\/#\/schema\/logo\/image\/"},"sameAs":["https:\/\/www.facebook.com\/Baubauwall","https:\/\/www.instagram.com\/baubauwall"]}]}},"jetpack_sharing_enabled":true,"_links":{"self":[{"href":"https:\/\/baubauwall.com\/et\/wp-json\/wp\/v2\/product\/43593","targetHints":{"allow":["GET"]}}],"collection":[{"href":"https:\/\/baubauwall.com\/et\/wp-json\/wp\/v2\/product"}],"about":[{"href":"https:\/\/baubauwall.com\/et\/wp-json\/wp\/v2\/types\/product"}],"replies":[{"embeddable":true,"href":"https:\/\/baubauwall.com\/et\/wp-json\/wp\/v2\/comments?post=43593"}],"wp:featuredmedia":[{"embeddable":true,"href":"https:\/\/baubauwall.com\/et\/wp-json\/wp\/v2\/media\/43605"}],"wp:attachment":[{"href":"https:\/\/baubauwall.com\/et\/wp-json\/wp\/v2\/media?parent=43593"}],"wp:term":[{"taxonomy":"product_brand","embeddable":true,"href":"https:\/\/baubauwall.com\/et\/wp-json\/wp\/v2\/product_brand?post=43593"},{"taxonomy":"product_cat","embeddable":true,"href":"https:\/\/baubauwall.com\/et\/wp-json\/wp\/v2\/product_cat?post=43593"},{"taxonomy":"product_tag","embeddable":true,"href":"https:\/\/baubauwall.com\/et\/wp-json\/wp\/v2\/product_tag?post=43593"}],"curies":[{"name":"wp","href":"https:\/\/api.w.org\/{rel}","templated":true}]}}