{"id":43656,"date":"2025-07-03T12:30:10","date_gmt":"2025-07-03T10:30:10","guid":{"rendered":"https:\/\/baubauwall.com\/product\/repeat-pattern-wallpaper-orange-kiss-turquoise\/"},"modified":"2025-07-03T13:12:40","modified_gmt":"2025-07-03T11:12:40","slug":"kordusmustriga-tapeet-apelsinisuudlus-turkiissinine","status":"publish","type":"product","link":"https:\/\/baubauwall.com\/et\/toode\/kordusmustriga-tapeet-apelsinisuudlus-turkiissinine\/","title":{"rendered":"Apelsinisuudlus &#8211; t\u00fcrkiissinine"},"content":{"rendered":"<p data-start=\"157\" data-end=\"212\">K\u00e4sitsi maalitud, t\u00fcrkiissinine tapeet t\u00e4is lopsakat Vahemere stiili! <em data-start=\"214\" data-end=\"231\">Apelsinisuudlus<\/em> on r\u00f5\u00f5mus ja elujaatav apelsinidega tapeet, mis toob seinale suvise soojustunde ja kerge Vahemere h\u00f5ngu. K\u00e4sitsi maalitud apelsinid, lehed ja oksad joonistuvad kaunilt v\u00e4lja kirkal taustal \u2013 tulemuseks on tapeet, mis m\u00f5jub v\u00e4rskena, aga ei tundu kunagi liiga kirju.<\/p>\n<p data-start=\"515\" data-end=\"622\">See disaintapeet sobib ideaalselt Sulle, kes otsivad sisekujundusse midagi m\u00e4ngulist, ent maitsekalt tasakaalus.<\/p>\n<p data-start=\"624\" data-end=\"876\"><strong data-start=\"624\" data-end=\"639\">Kuhu see t\u00fcrkiisinine tapeet v\u00f5iks sobida?<\/strong><br data-start=\"639\" data-end=\"642\" \/>\u2013 K\u00f6\u00f6gisein v\u00f5i s\u00f6\u00f6gituba, kuhu on vaja v\u00e4rskust ja elu<br data-start=\"705\" data-end=\"708\" \/>\u2013 Lastetuba v\u00f5i p\u00e4ikseline esik, kus tapeet toob naearatuse n\u00e4ole!<br data-start=\"785\" data-end=\"788\" \/>\u2013 Kohvikud, stuudiod v\u00f5i restoranid, mis vajavad sooja ja kutsuvat Vahemerelist stiili<\/p>\n<p data-start=\"878\" data-end=\"1004\"><strong>Nagu k\u00f5ik Baubauwalli kordusmustriga tapeedid ja pilttapeedid, on ka see imeilus disain tr\u00fckitud <a href=\"https:\/\/baubauwall.com\/et\/keskkonnasobralikud-tapeedid\/\" target=\"_blank\" rel=\"noopener\">keskkonnas\u00f5bralike v\u00e4rvidega<\/a>, hingavale fliistapeedi materjalile, mis ei l\u00e4igi ja on lihtne paigaldada. Sinu uus tapeet tuleb valmis l\u00f5igatud ning nummerdatud paanides, mis on t\u00e4pselt nii k\u00f5rged, kui Sinu sein.\u00a0<\/strong><\/p>\n<p data-start=\"878\" data-end=\"1004\">\n","protected":false},"excerpt":{"rendered":"<p>K\u00e4sitsi maalitud, t\u00fcrkiissinine tapeet t\u00e4is lopsakat Vahemere stiili! Apelsinisuudlus on r\u00f5\u00f5mus ja elujaatav apelsinidega tapeet, mis toob seinale suvise soojustunde ja kerge Vahemere h\u00f5ngu. K\u00e4sitsi maalitud apelsinid, lehed ja oksad joonistuvad kaunilt v\u00e4lja kirkal taustal \u2013 tulemuseks on tapeet, mis m\u00f5jub v\u00e4rskena, aga ei tundu kunagi liiga kirju. See disaintapeet sobib ideaalselt Sulle, kes otsivad [&hellip;]<\/p>\n","protected":false},"featured_media":43642,"comment_status":"open","ping_status":"closed","template":"","meta":{"_acf_changed":false,"inline_featured_image":false},"product_brand":[],"product_cat":[386,395,447,394,391,267,268,271,400,414,415,416,401,402,412,699,583,254,261,561],"product_tag":[320],"class_list":{"0":"post-43656","1":"product","2":"type-product","3":"status-publish","4":"has-post-thumbnail","6":"product_cat-kordusmustriga-tapeedid","7":"product_cat-romantiline","8":"product_cat-maksimalistlik-et","9":"product_cat-rikkalik","10":"product_cat-vahemereline","11":"product_cat-sinised-tapeedid","12":"product_cat-kirkad-tapeedid","13":"product_cat-rohelised-tapeedid","14":"product_cat-lastetoa-tapeedid","15":"product_cat-soogitoa-tapeedid","16":"product_cat-kulalistetoa-tapeedid","17":"product_cat-esiku-tapeedid","18":"product_cat-koogi-tapeedid","19":"product_cat-elutoa-tapeedid","20":"product_cat-vannitoa-tapeedid","21":"product_cat-eesti-disain-tapeedid","22":"product_cat-vesivarv","23":"product_cat-loodus","24":"product_cat-puuviljad","25":"product_cat-suvised-tapeedid","26":"product_tag-kasitoo","27":"pa_designedby-triinu-silla","29":"first","30":"instock","31":"taxable","32":"shipping-taxable","33":"purchasable","34":"product-type-simple"},"acf":[],"yoast_head":"<!-- This site is optimized with the Yoast SEO plugin v25.9 - https:\/\/yoast.com\/wordpress\/plugins\/seo\/ -->\n<title>T\u00fcrkiissinine tapeet Apelsinisuudlus - k\u00e4sitsi maalitud muster<\/title>\n<meta name=\"description\" content=\"T\u00fcrkiissinine tapeet lopsakate apelsinipuudega. K\u00e4sitsi maalitud tapeet, mille kordusmuster v\u00f5iks kaunistada sinu kodu ja tuua Vahemere soojuse!\" \/>\n<meta name=\"robots\" content=\"index, follow, max-snippet:-1, max-image-preview:large, max-video-preview:-1\" \/>\n<link rel=\"canonical\" href=\"https:\/\/baubauwall.com\/et\/toode\/kordusmustriga-tapeet-apelsinisuudlus-turkiissinine\/\" \/>\n<meta property=\"og:locale\" content=\"et_EE\" \/>\n<meta property=\"og:type\" content=\"article\" \/>\n<meta property=\"og:title\" content=\"BAUBAUWALL TAPEEDID\" \/>\n<meta property=\"og:description\" content=\"T\u00fcrkiissinine tapeet lopsakate apelsinipuudega. K\u00e4sitsi maalitud tapeet, mille kordusmuster v\u00f5iks kaunistada sinu kodu ja tuua Vahemere soojuse!\" \/>\n<meta property=\"og:url\" content=\"https:\/\/baubauwall.com\/et\/toode\/kordusmustriga-tapeet-apelsinisuudlus-turkiissinine\/\" \/>\n<meta property=\"og:site_name\" content=\"BAUBAUWALL TAPEEDID\" \/>\n<meta property=\"article:publisher\" content=\"https:\/\/www.facebook.com\/Baubauwall\" \/>\n<meta property=\"article:modified_time\" content=\"2025-07-03T11:12:40+00:00\" \/>\n<meta property=\"og:image\" content=\"https:\/\/baubauwall.com\/wp-content\/uploads\/2024\/11\/51100484_OrangeKiss-Turquoise_Baubauwall_Wallpaper_room2.jpg\" \/>\n\t<meta property=\"og:image:width\" content=\"2350\" \/>\n\t<meta property=\"og:image:height\" content=\"1600\" \/>\n\t<meta property=\"og:image:type\" content=\"image\/jpeg\" \/>\n<meta name=\"twitter:card\" content=\"summary_large_image\" \/>\n<meta name=\"twitter:label1\" content=\"Est. reading time\" \/>\n\t<meta name=\"twitter:data1\" content=\"1 minut\" \/>\n<script type=\"application\/ld+json\" class=\"yoast-schema-graph\">{\"@context\":\"https:\/\/schema.org\",\"@graph\":[{\"@type\":\"WebPage\",\"@id\":\"https:\/\/baubauwall.com\/et\/toode\/kordusmustriga-tapeet-apelsinisuudlus-turkiissinine\/\",\"url\":\"https:\/\/baubauwall.com\/et\/toode\/kordusmustriga-tapeet-apelsinisuudlus-turkiissinine\/\",\"name\":\"T\u00fcrkiissinine tapeet Apelsinisuudlus - k\u00e4sitsi maalitud muster\",\"isPartOf\":{\"@id\":\"https:\/\/baubauwall.com\/et\/#website\"},\"primaryImageOfPage\":{\"@id\":\"https:\/\/baubauwall.com\/et\/toode\/kordusmustriga-tapeet-apelsinisuudlus-turkiissinine\/#primaryimage\"},\"image\":{\"@id\":\"https:\/\/baubauwall.com\/et\/toode\/kordusmustriga-tapeet-apelsinisuudlus-turkiissinine\/#primaryimage\"},\"thumbnailUrl\":\"https:\/\/baubauwall.com\/wp-content\/uploads\/2024\/11\/51100484_OrangeKiss-Turquoise_Baubauwall_Wallpaper_room2.jpg\",\"datePublished\":\"2025-07-03T10:30:10+00:00\",\"dateModified\":\"2025-07-03T11:12:40+00:00\",\"description\":\"T\u00fcrkiissinine tapeet lopsakate apelsinipuudega. K\u00e4sitsi maalitud tapeet, mille kordusmuster v\u00f5iks kaunistada sinu kodu ja tuua Vahemere soojuse!\",\"breadcrumb\":{\"@id\":\"https:\/\/baubauwall.com\/et\/toode\/kordusmustriga-tapeet-apelsinisuudlus-turkiissinine\/#breadcrumb\"},\"inLanguage\":\"et\",\"potentialAction\":[{\"@type\":\"ReadAction\",\"target\":[\"https:\/\/baubauwall.com\/et\/toode\/kordusmustriga-tapeet-apelsinisuudlus-turkiissinine\/\"]}]},{\"@type\":\"ImageObject\",\"inLanguage\":\"et\",\"@id\":\"https:\/\/baubauwall.com\/et\/toode\/kordusmustriga-tapeet-apelsinisuudlus-turkiissinine\/#primaryimage\",\"url\":\"https:\/\/baubauwall.com\/wp-content\/uploads\/2024\/11\/51100484_OrangeKiss-Turquoise_Baubauwall_Wallpaper_room2.jpg\",\"contentUrl\":\"https:\/\/baubauwall.com\/wp-content\/uploads\/2024\/11\/51100484_OrangeKiss-Turquoise_Baubauwall_Wallpaper_room2.jpg\",\"width\":2350,\"height\":1600,\"caption\":\"Mediterranean citrus pattern wallpaper clouseup with a plant in vase. Baubauwall wallpapers\"},{\"@type\":\"BreadcrumbList\",\"@id\":\"https:\/\/baubauwall.com\/et\/toode\/kordusmustriga-tapeet-apelsinisuudlus-turkiissinine\/#breadcrumb\",\"itemListElement\":[{\"@type\":\"ListItem\",\"position\":1,\"name\":\"Koju\",\"item\":\"https:\/\/baubauwall.com\/et\/\"},{\"@type\":\"ListItem\",\"position\":2,\"name\":\"Tapeedid\",\"item\":\"https:\/\/baubauwall.com\/et\/tapeedid\/\"},{\"@type\":\"ListItem\",\"position\":3,\"name\":\"Apelsinisuudlus &#8211; t\u00fcrkiissinine\"}]},{\"@type\":\"WebSite\",\"@id\":\"https:\/\/baubauwall.com\/et\/#website\",\"url\":\"https:\/\/baubauwall.com\/et\/\",\"name\":\"BAUBAUWALL Wallpapers\",\"description\":\"Valmis paanides tapeet Eestist!\",\"publisher\":{\"@id\":\"https:\/\/baubauwall.com\/et\/#organization\"},\"potentialAction\":[{\"@type\":\"SearchAction\",\"target\":{\"@type\":\"EntryPoint\",\"urlTemplate\":\"https:\/\/baubauwall.com\/et\/?s={search_term_string}\"},\"query-input\":{\"@type\":\"PropertyValueSpecification\",\"valueRequired\":true,\"valueName\":\"search_term_string\"}}],\"inLanguage\":\"et\"},{\"@type\":\"Organization\",\"@id\":\"https:\/\/baubauwall.com\/et\/#organization\",\"name\":\"BAUBAUWALL Wallpapers\",\"url\":\"https:\/\/baubauwall.com\/et\/\",\"logo\":{\"@type\":\"ImageObject\",\"inLanguage\":\"et\",\"@id\":\"https:\/\/baubauwall.com\/et\/#\/schema\/logo\/image\/\",\"url\":\"https:\/\/baubauwall.com\/wp-content\/uploads\/2022\/03\/logo-horizontal.svg\",\"contentUrl\":\"https:\/\/baubauwall.com\/wp-content\/uploads\/2022\/03\/logo-horizontal.svg\",\"width\":\"1024\",\"height\":\"1024\",\"caption\":\"BAUBAUWALL Wallpapers\"},\"image\":{\"@id\":\"https:\/\/baubauwall.com\/et\/#\/schema\/logo\/image\/\"},\"sameAs\":[\"https:\/\/www.facebook.com\/Baubauwall\",\"https:\/\/www.instagram.com\/baubauwall\"]}]}<\/script>\n<!-- \/ Yoast SEO plugin. -->","yoast_head_json":{"title":"T\u00fcrkiissinine tapeet Apelsinisuudlus - k\u00e4sitsi maalitud muster","description":"T\u00fcrkiissinine tapeet lopsakate apelsinipuudega. K\u00e4sitsi maalitud tapeet, mille kordusmuster v\u00f5iks kaunistada sinu kodu ja tuua Vahemere soojuse!","robots":{"index":"index","follow":"follow","max-snippet":"max-snippet:-1","max-image-preview":"max-image-preview:large","max-video-preview":"max-video-preview:-1"},"canonical":"https:\/\/baubauwall.com\/et\/toode\/kordusmustriga-tapeet-apelsinisuudlus-turkiissinine\/","og_locale":"et_EE","og_type":"article","og_title":"BAUBAUWALL TAPEEDID","og_description":"T\u00fcrkiissinine tapeet lopsakate apelsinipuudega. K\u00e4sitsi maalitud tapeet, mille kordusmuster v\u00f5iks kaunistada sinu kodu ja tuua Vahemere soojuse!","og_url":"https:\/\/baubauwall.com\/et\/toode\/kordusmustriga-tapeet-apelsinisuudlus-turkiissinine\/","og_site_name":"BAUBAUWALL TAPEEDID","article_publisher":"https:\/\/www.facebook.com\/Baubauwall","article_modified_time":"2025-07-03T11:12:40+00:00","og_image":[{"width":2350,"height":1600,"url":"https:\/\/baubauwall.com\/wp-content\/uploads\/2024\/11\/51100484_OrangeKiss-Turquoise_Baubauwall_Wallpaper_room2.jpg","type":"image\/jpeg"}],"twitter_card":"summary_large_image","twitter_misc":{"Est. reading time":"1 minut"},"schema":{"@context":"https:\/\/schema.org","@graph":[{"@type":"WebPage","@id":"https:\/\/baubauwall.com\/et\/toode\/kordusmustriga-tapeet-apelsinisuudlus-turkiissinine\/","url":"https:\/\/baubauwall.com\/et\/toode\/kordusmustriga-tapeet-apelsinisuudlus-turkiissinine\/","name":"T\u00fcrkiissinine tapeet Apelsinisuudlus - k\u00e4sitsi maalitud muster","isPartOf":{"@id":"https:\/\/baubauwall.com\/et\/#website"},"primaryImageOfPage":{"@id":"https:\/\/baubauwall.com\/et\/toode\/kordusmustriga-tapeet-apelsinisuudlus-turkiissinine\/#primaryimage"},"image":{"@id":"https:\/\/baubauwall.com\/et\/toode\/kordusmustriga-tapeet-apelsinisuudlus-turkiissinine\/#primaryimage"},"thumbnailUrl":"https:\/\/baubauwall.com\/wp-content\/uploads\/2024\/11\/51100484_OrangeKiss-Turquoise_Baubauwall_Wallpaper_room2.jpg","datePublished":"2025-07-03T10:30:10+00:00","dateModified":"2025-07-03T11:12:40+00:00","description":"T\u00fcrkiissinine tapeet lopsakate apelsinipuudega. K\u00e4sitsi maalitud tapeet, mille kordusmuster v\u00f5iks kaunistada sinu kodu ja tuua Vahemere soojuse!","breadcrumb":{"@id":"https:\/\/baubauwall.com\/et\/toode\/kordusmustriga-tapeet-apelsinisuudlus-turkiissinine\/#breadcrumb"},"inLanguage":"et","potentialAction":[{"@type":"ReadAction","target":["https:\/\/baubauwall.com\/et\/toode\/kordusmustriga-tapeet-apelsinisuudlus-turkiissinine\/"]}]},{"@type":"ImageObject","inLanguage":"et","@id":"https:\/\/baubauwall.com\/et\/toode\/kordusmustriga-tapeet-apelsinisuudlus-turkiissinine\/#primaryimage","url":"https:\/\/baubauwall.com\/wp-content\/uploads\/2024\/11\/51100484_OrangeKiss-Turquoise_Baubauwall_Wallpaper_room2.jpg","contentUrl":"https:\/\/baubauwall.com\/wp-content\/uploads\/2024\/11\/51100484_OrangeKiss-Turquoise_Baubauwall_Wallpaper_room2.jpg","width":2350,"height":1600,"caption":"Mediterranean citrus pattern wallpaper clouseup with a plant in vase. Baubauwall wallpapers"},{"@type":"BreadcrumbList","@id":"https:\/\/baubauwall.com\/et\/toode\/kordusmustriga-tapeet-apelsinisuudlus-turkiissinine\/#breadcrumb","itemListElement":[{"@type":"ListItem","position":1,"name":"Koju","item":"https:\/\/baubauwall.com\/et\/"},{"@type":"ListItem","position":2,"name":"Tapeedid","item":"https:\/\/baubauwall.com\/et\/tapeedid\/"},{"@type":"ListItem","position":3,"name":"Apelsinisuudlus &#8211; t\u00fcrkiissinine"}]},{"@type":"WebSite","@id":"https:\/\/baubauwall.com\/et\/#website","url":"https:\/\/baubauwall.com\/et\/","name":"BAUBAUWALL Wallpapers","description":"Valmis paanides tapeet Eestist!","publisher":{"@id":"https:\/\/baubauwall.com\/et\/#organization"},"potentialAction":[{"@type":"SearchAction","target":{"@type":"EntryPoint","urlTemplate":"https:\/\/baubauwall.com\/et\/?s={search_term_string}"},"query-input":{"@type":"PropertyValueSpecification","valueRequired":true,"valueName":"search_term_string"}}],"inLanguage":"et"},{"@type":"Organization","@id":"https:\/\/baubauwall.com\/et\/#organization","name":"BAUBAUWALL Wallpapers","url":"https:\/\/baubauwall.com\/et\/","logo":{"@type":"ImageObject","inLanguage":"et","@id":"https:\/\/baubauwall.com\/et\/#\/schema\/logo\/image\/","url":"https:\/\/baubauwall.com\/wp-content\/uploads\/2022\/03\/logo-horizontal.svg","contentUrl":"https:\/\/baubauwall.com\/wp-content\/uploads\/2022\/03\/logo-horizontal.svg","width":"1024","height":"1024","caption":"BAUBAUWALL Wallpapers"},"image":{"@id":"https:\/\/baubauwall.com\/et\/#\/schema\/logo\/image\/"},"sameAs":["https:\/\/www.facebook.com\/Baubauwall","https:\/\/www.instagram.com\/baubauwall"]}]}},"jetpack_sharing_enabled":true,"_links":{"self":[{"href":"https:\/\/baubauwall.com\/et\/wp-json\/wp\/v2\/product\/43656","targetHints":{"allow":["GET"]}}],"collection":[{"href":"https:\/\/baubauwall.com\/et\/wp-json\/wp\/v2\/product"}],"about":[{"href":"https:\/\/baubauwall.com\/et\/wp-json\/wp\/v2\/types\/product"}],"replies":[{"embeddable":true,"href":"https:\/\/baubauwall.com\/et\/wp-json\/wp\/v2\/comments?post=43656"}],"wp:featuredmedia":[{"embeddable":true,"href":"https:\/\/baubauwall.com\/et\/wp-json\/wp\/v2\/media\/43642"}],"wp:attachment":[{"href":"https:\/\/baubauwall.com\/et\/wp-json\/wp\/v2\/media?parent=43656"}],"wp:term":[{"taxonomy":"product_brand","embeddable":true,"href":"https:\/\/baubauwall.com\/et\/wp-json\/wp\/v2\/product_brand?post=43656"},{"taxonomy":"product_cat","embeddable":true,"href":"https:\/\/baubauwall.com\/et\/wp-json\/wp\/v2\/product_cat?post=43656"},{"taxonomy":"product_tag","embeddable":true,"href":"https:\/\/baubauwall.com\/et\/wp-json\/wp\/v2\/product_tag?post=43656"}],"curies":[{"name":"wp","href":"https:\/\/api.w.org\/{rel}","templated":true}]}}