{"id":43956,"date":"2025-07-28T13:45:12","date_gmt":"2025-07-28T11:45:12","guid":{"rendered":"https:\/\/baubauwall.com\/product\/wallpaper-french-bouquet-antique-sage\/"},"modified":"2025-07-28T18:29:48","modified_gmt":"2025-07-28T16:29:48","slug":"tapeet-prantsuse-lillebukett-antiikne-salvei","status":"publish","type":"product","link":"https:\/\/baubauwall.com\/et\/toode\/tapeet-prantsuse-lillebukett-antiikne-salvei\/","title":{"rendered":"Prantsuse lillebukett &#8211; antiikne salvei"},"content":{"rendered":"<p>K\u00e4sitsi maalitud lillebuketi motiividega tapeet sosistab lugusid romantikast. Tuhmja salveirohelise taustaga tapeet on disainitud aegumatu tapeedistiiliga \u2013 prantsuse lillekimbu tulbid ja pojengid t\u00e4idavad seinad oma v\u00f5luga. Lilleline tapeet, mis sobib h\u00e4sti magamistoa seintele v\u00f5i hoopis s\u00f6\u00f6gitoa sisustusesse r\u00e4\u00e4kima lugusid m\u00f6\u00f6dunud aegadest.<\/p>\n<p><a href=\"https:\/\/www.castlebirdrose.com\/\" target=\"_blank\" rel=\"noopener\">Maison Castlebird Rose<\/a>\u00a0ainulaadsed mustrid on inspireeritud 19. sajandi Prantsuse kunstnike originaalloomingust, mis k\u00f5ik \u00a0kuuluvad br\u00e4ndi looja Aira Priksi erakogusse. Br\u00e4nd taaselustab m\u00f6\u00f6dunud sajandite kunstnike maale uuel v\u00e4ljundil \u2013 luksuslikul siidil. N\u00fc\u00fcd on needsamad maalide fragmendid j\u00f5udnud lisaks siidile ka tapeetidele kaunistamaks Sinu interj\u00f6\u00f6ri. Olgu Sinu sisustustiiliks luksuslik klassika v\u00f5i eklektika \u2013 need on tapeedid, mis ei l\u00e4he iialgi moest.<\/p>\n<p><strong>Nagu k\u00f5ik Baubauwalli kordusmustriga tapeedid ja pilttapeedid, on ka see imeilus disain tr\u00fckitud\u00a0<a href=\"https:\/\/baubauwall.com\/et\/keskkonnasobralikud-tapeedid\/\" target=\"_blank\" rel=\"noopener\">keskkonnas\u00f5bralike v\u00e4rvidega<\/a>, hingavale fliistapeedi materjalile, mis ei l\u00e4igi ja on lihtne paigaldada. Sinu uus tapeet tuleb valmis l\u00f5igatud ning nummerdatud paanides, mis on t\u00e4pselt nii k\u00f5rged, kui Sinu sein.<\/strong><\/p>\n","protected":false},"excerpt":{"rendered":"<p>K\u00e4sitsi maalitud lillebuketi motiividega tapeet sosistab lugusid romantikast. Tuhmja salveirohelise taustaga tapeet on disainitud aegumatu tapeedistiiliga \u2013 prantsuse lillekimbu tulbid ja pojengid t\u00e4idavad seinad oma v\u00f5luga. Lilleline tapeet, mis sobib h\u00e4sti magamistoa seintele v\u00f5i hoopis s\u00f6\u00f6gitoa sisustusesse r\u00e4\u00e4kima lugusid m\u00f6\u00f6dunud aegadest. Maison Castlebird Rose\u00a0ainulaadsed mustrid on inspireeritud 19. sajandi Prantsuse kunstnike originaalloomingust, mis k\u00f5ik \u00a0kuuluvad [&hellip;]<\/p>\n","protected":false},"featured_media":43948,"comment_status":"open","ping_status":"closed","template":"","meta":{"_acf_changed":false,"inline_featured_image":false},"product_brand":[],"product_cat":[710,386,395,406,388,271,276,752,413,414,415,416,402,699,260,561],"product_tag":[708],"class_list":{"0":"post-43956","1":"product","2":"type-product","3":"status-publish","4":"has-post-thumbnail","6":"product_cat-house-of-castlebird-rose-tapeedid","7":"product_cat-kordusmustriga-tapeedid","8":"product_cat-romantiline","9":"product_cat-klassika","10":"product_cat-vintage-et","11":"product_cat-rohelised-tapeedid","12":"product_cat-pastelsed-tapeedid","13":"product_cat-avalik-ruum","14":"product_cat-magamistoa-tapeedid","15":"product_cat-soogitoa-tapeedid","16":"product_cat-kulalistetoa-tapeedid","17":"product_cat-esiku-tapeedid","18":"product_cat-elutoa-tapeedid","19":"product_cat-eesti-disain-tapeedid","20":"product_cat-lilled","21":"product_cat-suvised-tapeedid","22":"product_tag-castlebird-rose-et","23":"pa_designedby-castlebird-rose-murals-wallpapers","25":"first","26":"instock","27":"taxable","28":"shipping-taxable","29":"purchasable","30":"product-type-simple"},"acf":[],"yoast_head":"<!-- This site is optimized with the Yoast SEO plugin v25.9 - https:\/\/yoast.com\/wordpress\/plugins\/seo\/ -->\n<title>Salveiroheline lilleline tapeet. Maison Castlebird tapeedikollektsioon<\/title>\n<meta name=\"description\" content=\"Romantiline, lilleline tapeet salveirohelise taustaga. Tapeedilt leiad klassikalise lillemotiivi tulpide, pojengide ja roosiga.\" \/>\n<meta name=\"robots\" content=\"index, follow, max-snippet:-1, max-image-preview:large, max-video-preview:-1\" \/>\n<link rel=\"canonical\" href=\"https:\/\/baubauwall.com\/et\/toode\/tapeet-prantsuse-lillebukett-antiikne-salvei\/\" \/>\n<meta property=\"og:locale\" content=\"et_EE\" \/>\n<meta property=\"og:type\" content=\"article\" \/>\n<meta property=\"og:title\" content=\"Salveiroheline lilleline tapeet. Maison Castlebird tapeedikollektsioon\" \/>\n<meta property=\"og:description\" content=\"Romantiline, lilleline tapeet salveirohelise taustaga. Tapeedilt leiad klassikalise lillemotiivi tulpide, pojengide ja roosiga.\" \/>\n<meta property=\"og:url\" content=\"https:\/\/baubauwall.com\/et\/toode\/tapeet-prantsuse-lillebukett-antiikne-salvei\/\" \/>\n<meta property=\"og:site_name\" content=\"BAUBAUWALL Wallpapers\" \/>\n<meta property=\"article:publisher\" content=\"https:\/\/www.facebook.com\/Baubauwall\" \/>\n<meta property=\"article:modified_time\" content=\"2025-07-28T16:29:48+00:00\" \/>\n<meta property=\"og:image\" content=\"https:\/\/baubauwall.com\/wp-content\/uploads\/2024\/11\/51100489_FrenchBouquet\u2013AntiqueSage_Baubauwall_Wallpaper_room3.jpg\" \/>\n\t<meta property=\"og:image:width\" content=\"2400\" \/>\n\t<meta property=\"og:image:height\" content=\"1600\" \/>\n\t<meta property=\"og:image:type\" content=\"image\/jpeg\" \/>\n<meta name=\"twitter:card\" content=\"summary_large_image\" \/>\n<meta name=\"twitter:label1\" content=\"Est. reading time\" \/>\n\t<meta name=\"twitter:data1\" content=\"1 minut\" \/>\n<script type=\"application\/ld+json\" class=\"yoast-schema-graph\">{\"@context\":\"https:\/\/schema.org\",\"@graph\":[{\"@type\":\"WebPage\",\"@id\":\"https:\/\/baubauwall.com\/et\/toode\/tapeet-prantsuse-lillebukett-antiikne-salvei\/\",\"url\":\"https:\/\/baubauwall.com\/et\/toode\/tapeet-prantsuse-lillebukett-antiikne-salvei\/\",\"name\":\"Salveiroheline lilleline tapeet. Maison Castlebird tapeedikollektsioon\",\"isPartOf\":{\"@id\":\"https:\/\/baubauwall.com\/et\/#website\"},\"primaryImageOfPage\":{\"@id\":\"https:\/\/baubauwall.com\/et\/toode\/tapeet-prantsuse-lillebukett-antiikne-salvei\/#primaryimage\"},\"image\":{\"@id\":\"https:\/\/baubauwall.com\/et\/toode\/tapeet-prantsuse-lillebukett-antiikne-salvei\/#primaryimage\"},\"thumbnailUrl\":\"https:\/\/baubauwall.com\/wp-content\/uploads\/2024\/11\/51100489_FrenchBouquet\u2013AntiqueSage_Baubauwall_Wallpaper_room3.jpg\",\"datePublished\":\"2025-07-28T11:45:12+00:00\",\"dateModified\":\"2025-07-28T16:29:48+00:00\",\"description\":\"Romantiline, lilleline tapeet salveirohelise taustaga. Tapeedilt leiad klassikalise lillemotiivi tulpide, pojengide ja roosiga.\",\"breadcrumb\":{\"@id\":\"https:\/\/baubauwall.com\/et\/toode\/tapeet-prantsuse-lillebukett-antiikne-salvei\/#breadcrumb\"},\"inLanguage\":\"et\",\"potentialAction\":[{\"@type\":\"ReadAction\",\"target\":[\"https:\/\/baubauwall.com\/et\/toode\/tapeet-prantsuse-lillebukett-antiikne-salvei\/\"]}]},{\"@type\":\"ImageObject\",\"inLanguage\":\"et\",\"@id\":\"https:\/\/baubauwall.com\/et\/toode\/tapeet-prantsuse-lillebukett-antiikne-salvei\/#primaryimage\",\"url\":\"https:\/\/baubauwall.com\/wp-content\/uploads\/2024\/11\/51100489_FrenchBouquet\u2013AntiqueSage_Baubauwall_Wallpaper_room3.jpg\",\"contentUrl\":\"https:\/\/baubauwall.com\/wp-content\/uploads\/2024\/11\/51100489_FrenchBouquet\u2013AntiqueSage_Baubauwall_Wallpaper_room3.jpg\",\"width\":2400,\"height\":1600,\"caption\":\"Sage green vintage style wallpaper of peonies and tulips, set on a bedroom wall\"},{\"@type\":\"BreadcrumbList\",\"@id\":\"https:\/\/baubauwall.com\/et\/toode\/tapeet-prantsuse-lillebukett-antiikne-salvei\/#breadcrumb\",\"itemListElement\":[{\"@type\":\"ListItem\",\"position\":1,\"name\":\"Koju\",\"item\":\"https:\/\/baubauwall.com\/et\/\"},{\"@type\":\"ListItem\",\"position\":2,\"name\":\"Tapeedid\",\"item\":\"https:\/\/baubauwall.com\/et\/tapeedid\/\"},{\"@type\":\"ListItem\",\"position\":3,\"name\":\"Prantsuse lillebukett &#8211; antiikne salvei\"}]},{\"@type\":\"WebSite\",\"@id\":\"https:\/\/baubauwall.com\/et\/#website\",\"url\":\"https:\/\/baubauwall.com\/et\/\",\"name\":\"BAUBAUWALL Wallpapers\",\"description\":\"Valmis paanides tapeet Eestist!\",\"publisher\":{\"@id\":\"https:\/\/baubauwall.com\/et\/#organization\"},\"potentialAction\":[{\"@type\":\"SearchAction\",\"target\":{\"@type\":\"EntryPoint\",\"urlTemplate\":\"https:\/\/baubauwall.com\/et\/?s={search_term_string}\"},\"query-input\":{\"@type\":\"PropertyValueSpecification\",\"valueRequired\":true,\"valueName\":\"search_term_string\"}}],\"inLanguage\":\"et\"},{\"@type\":\"Organization\",\"@id\":\"https:\/\/baubauwall.com\/et\/#organization\",\"name\":\"BAUBAUWALL Wallpapers\",\"url\":\"https:\/\/baubauwall.com\/et\/\",\"logo\":{\"@type\":\"ImageObject\",\"inLanguage\":\"et\",\"@id\":\"https:\/\/baubauwall.com\/et\/#\/schema\/logo\/image\/\",\"url\":\"https:\/\/baubauwall.com\/wp-content\/uploads\/2022\/03\/logo-horizontal.svg\",\"contentUrl\":\"https:\/\/baubauwall.com\/wp-content\/uploads\/2022\/03\/logo-horizontal.svg\",\"width\":\"1024\",\"height\":\"1024\",\"caption\":\"BAUBAUWALL Wallpapers\"},\"image\":{\"@id\":\"https:\/\/baubauwall.com\/et\/#\/schema\/logo\/image\/\"},\"sameAs\":[\"https:\/\/www.facebook.com\/Baubauwall\",\"https:\/\/www.instagram.com\/baubauwall\"]}]}<\/script>\n<!-- \/ Yoast SEO plugin. -->","yoast_head_json":{"title":"Salveiroheline lilleline tapeet. Maison Castlebird tapeedikollektsioon","description":"Romantiline, lilleline tapeet salveirohelise taustaga. Tapeedilt leiad klassikalise lillemotiivi tulpide, pojengide ja roosiga.","robots":{"index":"index","follow":"follow","max-snippet":"max-snippet:-1","max-image-preview":"max-image-preview:large","max-video-preview":"max-video-preview:-1"},"canonical":"https:\/\/baubauwall.com\/et\/toode\/tapeet-prantsuse-lillebukett-antiikne-salvei\/","og_locale":"et_EE","og_type":"article","og_title":"Salveiroheline lilleline tapeet. Maison Castlebird tapeedikollektsioon","og_description":"Romantiline, lilleline tapeet salveirohelise taustaga. Tapeedilt leiad klassikalise lillemotiivi tulpide, pojengide ja roosiga.","og_url":"https:\/\/baubauwall.com\/et\/toode\/tapeet-prantsuse-lillebukett-antiikne-salvei\/","og_site_name":"BAUBAUWALL Wallpapers","article_publisher":"https:\/\/www.facebook.com\/Baubauwall","article_modified_time":"2025-07-28T16:29:48+00:00","og_image":[{"width":2400,"height":1600,"url":"https:\/\/baubauwall.com\/wp-content\/uploads\/2024\/11\/51100489_FrenchBouquet\u2013AntiqueSage_Baubauwall_Wallpaper_room3.jpg","type":"image\/jpeg"}],"twitter_card":"summary_large_image","twitter_misc":{"Est. reading time":"1 minut"},"schema":{"@context":"https:\/\/schema.org","@graph":[{"@type":"WebPage","@id":"https:\/\/baubauwall.com\/et\/toode\/tapeet-prantsuse-lillebukett-antiikne-salvei\/","url":"https:\/\/baubauwall.com\/et\/toode\/tapeet-prantsuse-lillebukett-antiikne-salvei\/","name":"Salveiroheline lilleline tapeet. Maison Castlebird tapeedikollektsioon","isPartOf":{"@id":"https:\/\/baubauwall.com\/et\/#website"},"primaryImageOfPage":{"@id":"https:\/\/baubauwall.com\/et\/toode\/tapeet-prantsuse-lillebukett-antiikne-salvei\/#primaryimage"},"image":{"@id":"https:\/\/baubauwall.com\/et\/toode\/tapeet-prantsuse-lillebukett-antiikne-salvei\/#primaryimage"},"thumbnailUrl":"https:\/\/baubauwall.com\/wp-content\/uploads\/2024\/11\/51100489_FrenchBouquet\u2013AntiqueSage_Baubauwall_Wallpaper_room3.jpg","datePublished":"2025-07-28T11:45:12+00:00","dateModified":"2025-07-28T16:29:48+00:00","description":"Romantiline, lilleline tapeet salveirohelise taustaga. Tapeedilt leiad klassikalise lillemotiivi tulpide, pojengide ja roosiga.","breadcrumb":{"@id":"https:\/\/baubauwall.com\/et\/toode\/tapeet-prantsuse-lillebukett-antiikne-salvei\/#breadcrumb"},"inLanguage":"et","potentialAction":[{"@type":"ReadAction","target":["https:\/\/baubauwall.com\/et\/toode\/tapeet-prantsuse-lillebukett-antiikne-salvei\/"]}]},{"@type":"ImageObject","inLanguage":"et","@id":"https:\/\/baubauwall.com\/et\/toode\/tapeet-prantsuse-lillebukett-antiikne-salvei\/#primaryimage","url":"https:\/\/baubauwall.com\/wp-content\/uploads\/2024\/11\/51100489_FrenchBouquet\u2013AntiqueSage_Baubauwall_Wallpaper_room3.jpg","contentUrl":"https:\/\/baubauwall.com\/wp-content\/uploads\/2024\/11\/51100489_FrenchBouquet\u2013AntiqueSage_Baubauwall_Wallpaper_room3.jpg","width":2400,"height":1600,"caption":"Sage green vintage style wallpaper of peonies and tulips, set on a bedroom wall"},{"@type":"BreadcrumbList","@id":"https:\/\/baubauwall.com\/et\/toode\/tapeet-prantsuse-lillebukett-antiikne-salvei\/#breadcrumb","itemListElement":[{"@type":"ListItem","position":1,"name":"Koju","item":"https:\/\/baubauwall.com\/et\/"},{"@type":"ListItem","position":2,"name":"Tapeedid","item":"https:\/\/baubauwall.com\/et\/tapeedid\/"},{"@type":"ListItem","position":3,"name":"Prantsuse lillebukett &#8211; antiikne salvei"}]},{"@type":"WebSite","@id":"https:\/\/baubauwall.com\/et\/#website","url":"https:\/\/baubauwall.com\/et\/","name":"BAUBAUWALL Wallpapers","description":"Valmis paanides tapeet Eestist!","publisher":{"@id":"https:\/\/baubauwall.com\/et\/#organization"},"potentialAction":[{"@type":"SearchAction","target":{"@type":"EntryPoint","urlTemplate":"https:\/\/baubauwall.com\/et\/?s={search_term_string}"},"query-input":{"@type":"PropertyValueSpecification","valueRequired":true,"valueName":"search_term_string"}}],"inLanguage":"et"},{"@type":"Organization","@id":"https:\/\/baubauwall.com\/et\/#organization","name":"BAUBAUWALL Wallpapers","url":"https:\/\/baubauwall.com\/et\/","logo":{"@type":"ImageObject","inLanguage":"et","@id":"https:\/\/baubauwall.com\/et\/#\/schema\/logo\/image\/","url":"https:\/\/baubauwall.com\/wp-content\/uploads\/2022\/03\/logo-horizontal.svg","contentUrl":"https:\/\/baubauwall.com\/wp-content\/uploads\/2022\/03\/logo-horizontal.svg","width":"1024","height":"1024","caption":"BAUBAUWALL Wallpapers"},"image":{"@id":"https:\/\/baubauwall.com\/et\/#\/schema\/logo\/image\/"},"sameAs":["https:\/\/www.facebook.com\/Baubauwall","https:\/\/www.instagram.com\/baubauwall"]}]}},"jetpack_sharing_enabled":true,"_links":{"self":[{"href":"https:\/\/baubauwall.com\/et\/wp-json\/wp\/v2\/product\/43956","targetHints":{"allow":["GET"]}}],"collection":[{"href":"https:\/\/baubauwall.com\/et\/wp-json\/wp\/v2\/product"}],"about":[{"href":"https:\/\/baubauwall.com\/et\/wp-json\/wp\/v2\/types\/product"}],"replies":[{"embeddable":true,"href":"https:\/\/baubauwall.com\/et\/wp-json\/wp\/v2\/comments?post=43956"}],"wp:featuredmedia":[{"embeddable":true,"href":"https:\/\/baubauwall.com\/et\/wp-json\/wp\/v2\/media\/43948"}],"wp:attachment":[{"href":"https:\/\/baubauwall.com\/et\/wp-json\/wp\/v2\/media?parent=43956"}],"wp:term":[{"taxonomy":"product_brand","embeddable":true,"href":"https:\/\/baubauwall.com\/et\/wp-json\/wp\/v2\/product_brand?post=43956"},{"taxonomy":"product_cat","embeddable":true,"href":"https:\/\/baubauwall.com\/et\/wp-json\/wp\/v2\/product_cat?post=43956"},{"taxonomy":"product_tag","embeddable":true,"href":"https:\/\/baubauwall.com\/et\/wp-json\/wp\/v2\/product_tag?post=43956"}],"curies":[{"name":"wp","href":"https:\/\/api.w.org\/{rel}","templated":true}]}}