{"id":43995,"date":"2025-07-29T10:00:11","date_gmt":"2025-07-29T08:00:11","guid":{"rendered":"https:\/\/baubauwall.com\/product\/black-white-wallpaper-bicyclette\/"},"modified":"2025-07-30T12:12:20","modified_gmt":"2025-07-30T10:12:20","slug":"mustvalge-tapeet-rattaretk","status":"publish","type":"product","link":"https:\/\/baubauwall.com\/et\/toode\/mustvalge-tapeet-rattaretk\/","title":{"rendered":"Rattaretk &#8211; mustvalge"},"content":{"rendered":"<p data-start=\"323\" data-end=\"677\"><strong data-start=\"323\" data-end=\"372\">Mustvalge tapeet, mis toob seinale karakterit ja muidugi jalgrattad!<\/strong><br data-start=\"372\" data-end=\"375\" \/>Rattaretk on elegantne tapeet, mis \u00fchendab\u00a0<em>vintage<\/em> stiilis jalgrattad mustvalgelt. Tapeedi kujunduses kohtuvad nii klassikalised linnarattad kui ka legendaarne <a href=\"https:\/\/www.velomuseum.ee\/et\/korgratas\" target=\"_blank\" rel=\"noopener\">k\u00f5rgratas<\/a>\u00a0\u2013 ehk\u00a0<em>Penny Farthing<\/em>\u00a0\u2013, pakkudes silmailu nii nostalgiagurmaanile kui jalgrataste austajale.<\/p>\n<p data-start=\"679\" data-end=\"885\">See mustvalge, jalgratastega tapeet sobib suurep\u00e4raselt kodukontorisse, esikusse, elutuppa v\u00f5i ka teismelise tuppa. Valge taust toob esile detailse graafika, kuid j\u00e4\u00e4b ise tagasihoidlikuks \u2013 tulemuseks on maitsekalt isikup\u00e4rane sein.<\/p>\n<p data-start=\"887\" data-end=\"931\"><strong data-start=\"887\" data-end=\"929\">Miks valida just see ratastega tapeet?<\/strong><\/p>\n<ul data-start=\"932\" data-end=\"1212\">\n<li data-start=\"932\" data-end=\"986\">\n<p data-start=\"934\" data-end=\"986\">Stiilsed vintage-rattad, sealhulgas\u00a0<em>Penny Farthing<\/em>\u00a0k\u00f5rgratas<\/p>\n<\/li>\n<li data-start=\"987\" data-end=\"1030\">\n<p data-start=\"989\" data-end=\"1030\">Mustvalge v\u00e4rvigamma sobib praktiliselt igasse interj\u00f6\u00f6ri<\/p>\n<\/li>\n<li data-start=\"1031\" data-end=\"1074\">\n<p data-start=\"1033\" data-end=\"1074\">Tr\u00fckk kvaliteetsel fliistapeedi materjalil<\/p>\n<\/li>\n<li data-start=\"1075\" data-end=\"1148\">\n<p data-start=\"1077\" data-end=\"1148\">Tapeet tr\u00fckitakse t\u00e4pselt sinu seina m\u00f5\u00f5tude j\u00e4rgi \u2013 ei mingit raiskamist<\/p>\n<\/li>\n<li data-start=\"1149\" data-end=\"1212\">\n<p data-start=\"1151\" data-end=\"1212\">Lihtne paigaldada \u2013 k\u00f5ik paanid nummerdatud, liim on kaasas<\/p>\n<\/li>\n<\/ul>\n<p data-start=\"1214\" data-end=\"1339\"><a href=\"https:\/\/baubauwall.com\/et\/ideed\/let-the-homes-do-the-talking\/\">Piilu ka meie tehtud t\u00f6\u00f6de tapeedigaleriid<\/a>\u00a0\u2013 kas midagi v\u00f5iks veel inspireerida?<\/p>\n","protected":false},"excerpt":{"rendered":"<p>Mustvalge tapeet, mis toob seinale karakterit ja muidugi jalgrattad!Rattaretk on elegantne tapeet, mis \u00fchendab\u00a0vintage stiilis jalgrattad mustvalgelt. Tapeedi kujunduses kohtuvad nii klassikalised linnarattad kui ka legendaarne k\u00f5rgratas\u00a0\u2013 ehk\u00a0Penny Farthing\u00a0\u2013, pakkudes silmailu nii nostalgiagurmaanile kui jalgrataste austajale. See mustvalge, jalgratastega tapeet sobib suurep\u00e4raselt kodukontorisse, esikusse, elutuppa v\u00f5i ka teismelise tuppa. Valge taust toob esile detailse graafika, [&hellip;]<\/p>\n","protected":false},"featured_media":43987,"comment_status":"open","ping_status":"closed","template":"","meta":{"_acf_changed":false,"inline_featured_image":false},"product_brand":[],"product_cat":[386,406,388,266,410,752,413,415,416,399,402],"product_tag":[294],"class_list":{"0":"post-43995","1":"product","2":"type-product","3":"status-publish","4":"has-post-thumbnail","6":"product_cat-kordusmustriga-tapeedid","7":"product_cat-klassika","8":"product_cat-vintage-et","9":"product_cat-mustad-tapeedid","10":"product_cat-valge-tapeedid","11":"product_cat-avalik-ruum","12":"product_cat-magamistoa-tapeedid","13":"product_cat-kulalistetoa-tapeedid","14":"product_cat-esiku-tapeedid","15":"product_cat-kodukontori-tapeedid","16":"product_cat-elutoa-tapeedid","17":"product_tag-mustvalge","18":"pa_designedby-baubauwall","20":"first","21":"instock","22":"taxable","23":"shipping-taxable","24":"purchasable","25":"product-type-simple"},"acf":[],"yoast_head":"<!-- This site is optimized with the Yoast SEO plugin v25.9 - https:\/\/yoast.com\/wordpress\/plugins\/seo\/ -->\n<title>Jalgratastega tapeet - Rattaretk - mustvalge - BAUBAUWALL TAPEEDID<\/title>\n<meta name=\"description\" content=\"Mustvalge jalgratastega tapeet. Vintage stiilis rattad v\u00f5iksid vurada esiku, kodukontori v\u00f5i rattapoe seinal! Jalgratastega disaintapeet - sinu seina m\u00f5\u00f5dus\" \/>\n<meta name=\"robots\" content=\"index, follow, max-snippet:-1, max-image-preview:large, max-video-preview:-1\" \/>\n<link rel=\"canonical\" href=\"https:\/\/baubauwall.com\/et\/toode\/mustvalge-tapeet-rattaretk\/\" \/>\n<meta property=\"og:locale\" content=\"et_EE\" \/>\n<meta property=\"og:type\" content=\"article\" \/>\n<meta property=\"og:title\" content=\"Jalgratastega tapeet - Rattaretk - mustvalge - BAUBAUWALL TAPEEDID\" \/>\n<meta property=\"og:description\" content=\"Mustvalge jalgratastega tapeet. Vintage stiilis rattad v\u00f5iksid vurada esiku, kodukontori v\u00f5i rattapoe seinal! Jalgratastega disaintapeet - sinu seina m\u00f5\u00f5dus\" \/>\n<meta property=\"og:url\" content=\"https:\/\/baubauwall.com\/et\/toode\/mustvalge-tapeet-rattaretk\/\" \/>\n<meta property=\"og:site_name\" content=\"BAUBAUWALL TAPEEDID\" \/>\n<meta property=\"article:publisher\" content=\"https:\/\/www.facebook.com\/Baubauwall\" \/>\n<meta property=\"article:modified_time\" content=\"2025-07-30T10:12:20+00:00\" \/>\n<meta property=\"og:image\" content=\"https:\/\/baubauwall.com\/wp-content\/uploads\/2024\/11\/51100486_Bicyclette-Black-White_Baubauwall_Wallpaper_room3.jpg\" \/>\n\t<meta property=\"og:image:width\" content=\"2400\" \/>\n\t<meta property=\"og:image:height\" content=\"1600\" \/>\n\t<meta property=\"og:image:type\" content=\"image\/jpeg\" \/>\n<meta name=\"twitter:card\" content=\"summary_large_image\" \/>\n<meta name=\"twitter:label1\" content=\"Est. reading time\" \/>\n\t<meta name=\"twitter:data1\" content=\"1 minut\" \/>\n<script type=\"application\/ld+json\" class=\"yoast-schema-graph\">{\"@context\":\"https:\/\/schema.org\",\"@graph\":[{\"@type\":\"WebPage\",\"@id\":\"https:\/\/baubauwall.com\/et\/toode\/mustvalge-tapeet-rattaretk\/\",\"url\":\"https:\/\/baubauwall.com\/et\/toode\/mustvalge-tapeet-rattaretk\/\",\"name\":\"Jalgratastega tapeet - Rattaretk - mustvalge - BAUBAUWALL TAPEEDID\",\"isPartOf\":{\"@id\":\"https:\/\/baubauwall.com\/et\/#website\"},\"primaryImageOfPage\":{\"@id\":\"https:\/\/baubauwall.com\/et\/toode\/mustvalge-tapeet-rattaretk\/#primaryimage\"},\"image\":{\"@id\":\"https:\/\/baubauwall.com\/et\/toode\/mustvalge-tapeet-rattaretk\/#primaryimage\"},\"thumbnailUrl\":\"https:\/\/baubauwall.com\/wp-content\/uploads\/2024\/11\/51100486_Bicyclette-Black-White_Baubauwall_Wallpaper_room3.jpg\",\"datePublished\":\"2025-07-29T08:00:11+00:00\",\"dateModified\":\"2025-07-30T10:12:20+00:00\",\"description\":\"Mustvalge jalgratastega tapeet. Vintage stiilis rattad v\u00f5iksid vurada esiku, kodukontori v\u00f5i rattapoe seinal! Jalgratastega disaintapeet - sinu seina m\u00f5\u00f5dus\",\"breadcrumb\":{\"@id\":\"https:\/\/baubauwall.com\/et\/toode\/mustvalge-tapeet-rattaretk\/#breadcrumb\"},\"inLanguage\":\"et\",\"potentialAction\":[{\"@type\":\"ReadAction\",\"target\":[\"https:\/\/baubauwall.com\/et\/toode\/mustvalge-tapeet-rattaretk\/\"]}]},{\"@type\":\"ImageObject\",\"inLanguage\":\"et\",\"@id\":\"https:\/\/baubauwall.com\/et\/toode\/mustvalge-tapeet-rattaretk\/#primaryimage\",\"url\":\"https:\/\/baubauwall.com\/wp-content\/uploads\/2024\/11\/51100486_Bicyclette-Black-White_Baubauwall_Wallpaper_room3.jpg\",\"contentUrl\":\"https:\/\/baubauwall.com\/wp-content\/uploads\/2024\/11\/51100486_Bicyclette-Black-White_Baubauwall_Wallpaper_room3.jpg\",\"width\":2400,\"height\":1600,\"caption\":\"Kordusmustriga tapeet | Hallway wallpaper with bicycles. Black and white wallpaper in vintage style, adorning home office feature wall\"},{\"@type\":\"BreadcrumbList\",\"@id\":\"https:\/\/baubauwall.com\/et\/toode\/mustvalge-tapeet-rattaretk\/#breadcrumb\",\"itemListElement\":[{\"@type\":\"ListItem\",\"position\":1,\"name\":\"Koju\",\"item\":\"https:\/\/baubauwall.com\/et\/\"},{\"@type\":\"ListItem\",\"position\":2,\"name\":\"Tapeedid\",\"item\":\"https:\/\/baubauwall.com\/et\/tapeedid\/\"},{\"@type\":\"ListItem\",\"position\":3,\"name\":\"Rattaretk &#8211; mustvalge\"}]},{\"@type\":\"WebSite\",\"@id\":\"https:\/\/baubauwall.com\/et\/#website\",\"url\":\"https:\/\/baubauwall.com\/et\/\",\"name\":\"BAUBAUWALL Wallpapers\",\"description\":\"Valmis paanides tapeet Eestist!\",\"publisher\":{\"@id\":\"https:\/\/baubauwall.com\/et\/#organization\"},\"potentialAction\":[{\"@type\":\"SearchAction\",\"target\":{\"@type\":\"EntryPoint\",\"urlTemplate\":\"https:\/\/baubauwall.com\/et\/?s={search_term_string}\"},\"query-input\":{\"@type\":\"PropertyValueSpecification\",\"valueRequired\":true,\"valueName\":\"search_term_string\"}}],\"inLanguage\":\"et\"},{\"@type\":\"Organization\",\"@id\":\"https:\/\/baubauwall.com\/et\/#organization\",\"name\":\"BAUBAUWALL Wallpapers\",\"url\":\"https:\/\/baubauwall.com\/et\/\",\"logo\":{\"@type\":\"ImageObject\",\"inLanguage\":\"et\",\"@id\":\"https:\/\/baubauwall.com\/et\/#\/schema\/logo\/image\/\",\"url\":\"https:\/\/baubauwall.com\/wp-content\/uploads\/2022\/03\/logo-horizontal.svg\",\"contentUrl\":\"https:\/\/baubauwall.com\/wp-content\/uploads\/2022\/03\/logo-horizontal.svg\",\"width\":\"1024\",\"height\":\"1024\",\"caption\":\"BAUBAUWALL Wallpapers\"},\"image\":{\"@id\":\"https:\/\/baubauwall.com\/et\/#\/schema\/logo\/image\/\"},\"sameAs\":[\"https:\/\/www.facebook.com\/Baubauwall\",\"https:\/\/www.instagram.com\/baubauwall\"]}]}<\/script>\n<!-- \/ Yoast SEO plugin. -->","yoast_head_json":{"title":"Jalgratastega tapeet - Rattaretk - mustvalge - BAUBAUWALL TAPEEDID","description":"Mustvalge jalgratastega tapeet. Vintage stiilis rattad v\u00f5iksid vurada esiku, kodukontori v\u00f5i rattapoe seinal! Jalgratastega disaintapeet - sinu seina m\u00f5\u00f5dus","robots":{"index":"index","follow":"follow","max-snippet":"max-snippet:-1","max-image-preview":"max-image-preview:large","max-video-preview":"max-video-preview:-1"},"canonical":"https:\/\/baubauwall.com\/et\/toode\/mustvalge-tapeet-rattaretk\/","og_locale":"et_EE","og_type":"article","og_title":"Jalgratastega tapeet - Rattaretk - mustvalge - BAUBAUWALL TAPEEDID","og_description":"Mustvalge jalgratastega tapeet. Vintage stiilis rattad v\u00f5iksid vurada esiku, kodukontori v\u00f5i rattapoe seinal! Jalgratastega disaintapeet - sinu seina m\u00f5\u00f5dus","og_url":"https:\/\/baubauwall.com\/et\/toode\/mustvalge-tapeet-rattaretk\/","og_site_name":"BAUBAUWALL TAPEEDID","article_publisher":"https:\/\/www.facebook.com\/Baubauwall","article_modified_time":"2025-07-30T10:12:20+00:00","og_image":[{"width":2400,"height":1600,"url":"https:\/\/baubauwall.com\/wp-content\/uploads\/2024\/11\/51100486_Bicyclette-Black-White_Baubauwall_Wallpaper_room3.jpg","type":"image\/jpeg"}],"twitter_card":"summary_large_image","twitter_misc":{"Est. reading time":"1 minut"},"schema":{"@context":"https:\/\/schema.org","@graph":[{"@type":"WebPage","@id":"https:\/\/baubauwall.com\/et\/toode\/mustvalge-tapeet-rattaretk\/","url":"https:\/\/baubauwall.com\/et\/toode\/mustvalge-tapeet-rattaretk\/","name":"Jalgratastega tapeet - Rattaretk - mustvalge - BAUBAUWALL TAPEEDID","isPartOf":{"@id":"https:\/\/baubauwall.com\/et\/#website"},"primaryImageOfPage":{"@id":"https:\/\/baubauwall.com\/et\/toode\/mustvalge-tapeet-rattaretk\/#primaryimage"},"image":{"@id":"https:\/\/baubauwall.com\/et\/toode\/mustvalge-tapeet-rattaretk\/#primaryimage"},"thumbnailUrl":"https:\/\/baubauwall.com\/wp-content\/uploads\/2024\/11\/51100486_Bicyclette-Black-White_Baubauwall_Wallpaper_room3.jpg","datePublished":"2025-07-29T08:00:11+00:00","dateModified":"2025-07-30T10:12:20+00:00","description":"Mustvalge jalgratastega tapeet. Vintage stiilis rattad v\u00f5iksid vurada esiku, kodukontori v\u00f5i rattapoe seinal! Jalgratastega disaintapeet - sinu seina m\u00f5\u00f5dus","breadcrumb":{"@id":"https:\/\/baubauwall.com\/et\/toode\/mustvalge-tapeet-rattaretk\/#breadcrumb"},"inLanguage":"et","potentialAction":[{"@type":"ReadAction","target":["https:\/\/baubauwall.com\/et\/toode\/mustvalge-tapeet-rattaretk\/"]}]},{"@type":"ImageObject","inLanguage":"et","@id":"https:\/\/baubauwall.com\/et\/toode\/mustvalge-tapeet-rattaretk\/#primaryimage","url":"https:\/\/baubauwall.com\/wp-content\/uploads\/2024\/11\/51100486_Bicyclette-Black-White_Baubauwall_Wallpaper_room3.jpg","contentUrl":"https:\/\/baubauwall.com\/wp-content\/uploads\/2024\/11\/51100486_Bicyclette-Black-White_Baubauwall_Wallpaper_room3.jpg","width":2400,"height":1600,"caption":"Kordusmustriga tapeet | Hallway wallpaper with bicycles. Black and white wallpaper in vintage style, adorning home office feature wall"},{"@type":"BreadcrumbList","@id":"https:\/\/baubauwall.com\/et\/toode\/mustvalge-tapeet-rattaretk\/#breadcrumb","itemListElement":[{"@type":"ListItem","position":1,"name":"Koju","item":"https:\/\/baubauwall.com\/et\/"},{"@type":"ListItem","position":2,"name":"Tapeedid","item":"https:\/\/baubauwall.com\/et\/tapeedid\/"},{"@type":"ListItem","position":3,"name":"Rattaretk &#8211; mustvalge"}]},{"@type":"WebSite","@id":"https:\/\/baubauwall.com\/et\/#website","url":"https:\/\/baubauwall.com\/et\/","name":"BAUBAUWALL Wallpapers","description":"Valmis paanides tapeet Eestist!","publisher":{"@id":"https:\/\/baubauwall.com\/et\/#organization"},"potentialAction":[{"@type":"SearchAction","target":{"@type":"EntryPoint","urlTemplate":"https:\/\/baubauwall.com\/et\/?s={search_term_string}"},"query-input":{"@type":"PropertyValueSpecification","valueRequired":true,"valueName":"search_term_string"}}],"inLanguage":"et"},{"@type":"Organization","@id":"https:\/\/baubauwall.com\/et\/#organization","name":"BAUBAUWALL Wallpapers","url":"https:\/\/baubauwall.com\/et\/","logo":{"@type":"ImageObject","inLanguage":"et","@id":"https:\/\/baubauwall.com\/et\/#\/schema\/logo\/image\/","url":"https:\/\/baubauwall.com\/wp-content\/uploads\/2022\/03\/logo-horizontal.svg","contentUrl":"https:\/\/baubauwall.com\/wp-content\/uploads\/2022\/03\/logo-horizontal.svg","width":"1024","height":"1024","caption":"BAUBAUWALL Wallpapers"},"image":{"@id":"https:\/\/baubauwall.com\/et\/#\/schema\/logo\/image\/"},"sameAs":["https:\/\/www.facebook.com\/Baubauwall","https:\/\/www.instagram.com\/baubauwall"]}]}},"jetpack_sharing_enabled":true,"_links":{"self":[{"href":"https:\/\/baubauwall.com\/et\/wp-json\/wp\/v2\/product\/43995","targetHints":{"allow":["GET"]}}],"collection":[{"href":"https:\/\/baubauwall.com\/et\/wp-json\/wp\/v2\/product"}],"about":[{"href":"https:\/\/baubauwall.com\/et\/wp-json\/wp\/v2\/types\/product"}],"replies":[{"embeddable":true,"href":"https:\/\/baubauwall.com\/et\/wp-json\/wp\/v2\/comments?post=43995"}],"wp:featuredmedia":[{"embeddable":true,"href":"https:\/\/baubauwall.com\/et\/wp-json\/wp\/v2\/media\/43987"}],"wp:attachment":[{"href":"https:\/\/baubauwall.com\/et\/wp-json\/wp\/v2\/media?parent=43995"}],"wp:term":[{"taxonomy":"product_brand","embeddable":true,"href":"https:\/\/baubauwall.com\/et\/wp-json\/wp\/v2\/product_brand?post=43995"},{"taxonomy":"product_cat","embeddable":true,"href":"https:\/\/baubauwall.com\/et\/wp-json\/wp\/v2\/product_cat?post=43995"},{"taxonomy":"product_tag","embeddable":true,"href":"https:\/\/baubauwall.com\/et\/wp-json\/wp\/v2\/product_tag?post=43995"}],"curies":[{"name":"wp","href":"https:\/\/api.w.org\/{rel}","templated":true}]}}