{"id":44008,"date":"2025-07-30T10:53:04","date_gmt":"2025-07-30T08:53:04","guid":{"rendered":"https:\/\/baubauwall.com\/?post_type=product&#038;p=44008"},"modified":"2026-02-02T09:45:44","modified_gmt":"2026-02-02T07:45:44","slug":"tapeet-rattaretk-helesinine","status":"publish","type":"product","link":"https:\/\/baubauwall.com\/et\/toode\/tapeet-rattaretk-helesinine\/","title":{"rendered":"Rattaretk &#8211; helesinine"},"content":{"rendered":"<section id=\"productInfoSection\">\n<div class=\"container product-info\">\n<div class=\"row w-75 mx-auto\">\n<div class=\"col-md-12\"><strong data-start=\"323\" data-end=\"372\">Helesinine tapeet, mis toob seinale karakterit ja muidugi jalgrattad!<\/strong><\/div>\n<\/div>\n<\/div>\n<\/section>\n<section id=\"productContentSection\">\n<div class=\"container\">\n<div class=\"row w-75 mx-auto\">\n<div class=\"col-md-12\">\n<p data-start=\"323\" data-end=\"677\">Rattaretk on elegantne tapeet, mis \u00fchendab\u00a0<em>vintage<\/em> stiilis jalgrattad helesinisel taustal. Tapeedi kujunduses kohtuvad nii klassikalised linnarattad kui ka legendaarne <a href=\"https:\/\/www.bicyclehistory.net\/bicycle-history\/penny-farthing\/\" target=\"_blank\" rel=\"noopener\">k\u00f5rgratas<\/a>\u00a0\u2013 ehk\u00a0<em>Penny Farthing<\/em>\u00a0\u2013, pakkudes silmailu nii nostalgiagurmaanile kui jalgrataste austajale.<\/p>\n<p data-start=\"679\" data-end=\"885\">See helesinine jalgratastega tapeet sobib h\u00e4sti kodukontorisse, esikusse, rattapoodi v\u00f5i ka teismelise tuppa. Hele taust toob esile detailse graafika, kuid j\u00e4\u00e4b ise tagasihoidlikuks \u2013 tulemuseks on maitsekalt isikup\u00e4rane sein.<\/p>\n<p data-start=\"887\" data-end=\"931\"><strong data-start=\"887\" data-end=\"929\">Miks valida just see ratastega tapeet?<\/strong><\/p>\n<ul data-start=\"932\" data-end=\"1212\">\n<li data-start=\"932\" data-end=\"986\">\n<p data-start=\"934\" data-end=\"986\">Stiilsed vintage-rattad, sealhulgas\u00a0<em>Penny Farthing<\/em>\u00a0k\u00f5rgratas<\/p>\n<\/li>\n<li data-start=\"987\" data-end=\"1030\">Tr\u00fckk kvaliteetsel fliistapeedi materjalil<\/li>\n<li data-start=\"1075\" data-end=\"1148\">\n<p data-start=\"1077\" data-end=\"1148\">Tapeet tr\u00fckitakse t\u00e4pselt sinu seina m\u00f5\u00f5tude j\u00e4rgi \u2013 ei mingit raiskamist<\/p>\n<\/li>\n<li data-start=\"1149\" data-end=\"1212\">\n<p data-start=\"1151\" data-end=\"1212\">Lihtne paigaldada \u2013 k\u00f5ik paanid nummerdatud, liim on kaasas<\/p>\n<\/li>\n<li>Tasuta transport ja kiire tarne 5 t\u00f6\u00f6p\u00e4evaga<\/li>\n<\/ul>\n<p data-start=\"1214\" data-end=\"1339\"><a href=\"https:\/\/baubauwall.com\/et\/ideed\/let-the-homes-do-the-talking\/\">Piilu ka meie tehtud t\u00f6\u00f6de tapeedigaleriid<\/a>\u00a0\u2013 kas midagi v\u00f5iks veel inspireerida?<\/p>\n<\/div>\n<\/div>\n<\/div>\n<\/section>\n","protected":false},"excerpt":{"rendered":"<p>Helesinine tapeet, mis toob seinale karakterit ja muidugi jalgrattad! Rattaretk on elegantne tapeet, mis \u00fchendab\u00a0vintage stiilis jalgrattad helesinisel taustal. Tapeedi kujunduses kohtuvad nii klassikalised linnarattad kui ka legendaarne k\u00f5rgratas\u00a0\u2013 ehk\u00a0Penny Farthing\u00a0\u2013, pakkudes silmailu nii nostalgiagurmaanile kui jalgrataste austajale. See helesinine jalgratastega tapeet sobib h\u00e4sti kodukontorisse, esikusse, rattapoodi v\u00f5i ka teismelise tuppa. Hele taust toob esile [&hellip;]<\/p>\n","protected":false},"featured_media":44019,"comment_status":"open","ping_status":"closed","template":"","meta":{"_acf_changed":false,"inline_featured_image":false},"product_brand":[],"product_cat":[386,406,388,267,273,276,752,400,415,416,399,402],"product_tag":[376],"class_list":{"0":"post-44008","1":"product","2":"type-product","3":"status-publish","4":"has-post-thumbnail","6":"product_cat-kordusmustriga-tapeedid","7":"product_cat-klassika","8":"product_cat-vintage-et","9":"product_cat-sinised-tapeedid","10":"product_cat-heledad-tapeedid","11":"product_cat-pastelsed-tapeedid","12":"product_cat-avalik-ruum","13":"product_cat-lastetoa-tapeedid","14":"product_cat-kulalistetoa-tapeedid","15":"product_cat-esiku-tapeedid","16":"product_cat-kodukontori-tapeedid","17":"product_cat-elutoa-tapeedid","18":"product_tag-teismelise-tuba","20":"first","21":"instock","22":"taxable","23":"shipping-taxable","24":"purchasable","25":"product-type-simple"},"acf":[],"yoast_head":"<!-- This site is optimized with the Yoast SEO plugin v25.9 - https:\/\/yoast.com\/wordpress\/plugins\/seo\/ -->\n<title>Jalgratastega helesinine tapeet - Rattaretk - helesinine<\/title>\n<meta name=\"description\" content=\"Helesinine jalgratastega tapeet. Vintage stiilis rattad v\u00f5iksid vurada esiku, kodukontori v\u00f5i rattapoe seinal! Jalgratastega disaintapeet!\" \/>\n<meta name=\"robots\" content=\"index, follow, max-snippet:-1, max-image-preview:large, max-video-preview:-1\" \/>\n<link rel=\"canonical\" href=\"https:\/\/baubauwall.com\/et\/toode\/tapeet-rattaretk-helesinine\/\" \/>\n<meta property=\"og:locale\" content=\"et_EE\" \/>\n<meta property=\"og:type\" content=\"article\" \/>\n<meta property=\"og:title\" content=\"Jalgratastega helesinine tapeet - Rattaretk - helesinine\" \/>\n<meta property=\"og:description\" content=\"Helesinine jalgratastega tapeet. Vintage stiilis rattad v\u00f5iksid vurada esiku, kodukontori v\u00f5i rattapoe seinal! Jalgratastega disaintapeet!\" \/>\n<meta property=\"og:url\" content=\"https:\/\/baubauwall.com\/et\/toode\/tapeet-rattaretk-helesinine\/\" \/>\n<meta property=\"og:site_name\" content=\"BAUBAUWALL TAPEEDID\" \/>\n<meta property=\"article:publisher\" content=\"https:\/\/www.facebook.com\/Baubauwall\" \/>\n<meta property=\"article:modified_time\" content=\"2026-02-02T07:45:44+00:00\" \/>\n<meta property=\"og:image\" content=\"https:\/\/baubauwall.com\/wp-content\/uploads\/2025\/07\/51100487_Bicyclette-DuckEggBlue_Baubauwall_Wallpaper_preview.jpg\" \/>\n\t<meta property=\"og:image:width\" content=\"800\" \/>\n\t<meta property=\"og:image:height\" content=\"800\" \/>\n\t<meta property=\"og:image:type\" content=\"image\/jpeg\" \/>\n<meta name=\"twitter:card\" content=\"summary_large_image\" \/>\n<meta name=\"twitter:label1\" content=\"Est. reading time\" \/>\n\t<meta name=\"twitter:data1\" content=\"1 minut\" \/>\n<script type=\"application\/ld+json\" class=\"yoast-schema-graph\">{\"@context\":\"https:\/\/schema.org\",\"@graph\":[{\"@type\":\"WebPage\",\"@id\":\"https:\/\/baubauwall.com\/et\/toode\/tapeet-rattaretk-helesinine\/\",\"url\":\"https:\/\/baubauwall.com\/et\/toode\/tapeet-rattaretk-helesinine\/\",\"name\":\"Jalgratastega helesinine tapeet - Rattaretk - helesinine\",\"isPartOf\":{\"@id\":\"https:\/\/baubauwall.com\/et\/#website\"},\"primaryImageOfPage\":{\"@id\":\"https:\/\/baubauwall.com\/et\/toode\/tapeet-rattaretk-helesinine\/#primaryimage\"},\"image\":{\"@id\":\"https:\/\/baubauwall.com\/et\/toode\/tapeet-rattaretk-helesinine\/#primaryimage\"},\"thumbnailUrl\":\"https:\/\/baubauwall.com\/wp-content\/uploads\/2025\/07\/51100487_Bicyclette-DuckEggBlue_Baubauwall_Wallpaper_preview.jpg\",\"datePublished\":\"2025-07-30T08:53:04+00:00\",\"dateModified\":\"2026-02-02T07:45:44+00:00\",\"description\":\"Helesinine jalgratastega tapeet. Vintage stiilis rattad v\u00f5iksid vurada esiku, kodukontori v\u00f5i rattapoe seinal! Jalgratastega disaintapeet!\",\"breadcrumb\":{\"@id\":\"https:\/\/baubauwall.com\/et\/toode\/tapeet-rattaretk-helesinine\/#breadcrumb\"},\"inLanguage\":\"et\",\"potentialAction\":[{\"@type\":\"ReadAction\",\"target\":[\"https:\/\/baubauwall.com\/et\/toode\/tapeet-rattaretk-helesinine\/\"]}]},{\"@type\":\"ImageObject\",\"inLanguage\":\"et\",\"@id\":\"https:\/\/baubauwall.com\/et\/toode\/tapeet-rattaretk-helesinine\/#primaryimage\",\"url\":\"https:\/\/baubauwall.com\/wp-content\/uploads\/2025\/07\/51100487_Bicyclette-DuckEggBlue_Baubauwall_Wallpaper_preview.jpg\",\"contentUrl\":\"https:\/\/baubauwall.com\/wp-content\/uploads\/2025\/07\/51100487_Bicyclette-DuckEggBlue_Baubauwall_Wallpaper_preview.jpg\",\"width\":800,\"height\":800},{\"@type\":\"BreadcrumbList\",\"@id\":\"https:\/\/baubauwall.com\/et\/toode\/tapeet-rattaretk-helesinine\/#breadcrumb\",\"itemListElement\":[{\"@type\":\"ListItem\",\"position\":1,\"name\":\"Koju\",\"item\":\"https:\/\/baubauwall.com\/et\/\"},{\"@type\":\"ListItem\",\"position\":2,\"name\":\"Tapeedid\",\"item\":\"https:\/\/baubauwall.com\/et\/tapeedid\/\"},{\"@type\":\"ListItem\",\"position\":3,\"name\":\"Rattaretk &#8211; helesinine\"}]},{\"@type\":\"WebSite\",\"@id\":\"https:\/\/baubauwall.com\/et\/#website\",\"url\":\"https:\/\/baubauwall.com\/et\/\",\"name\":\"BAUBAUWALL Wallpapers\",\"description\":\"Valmis paanides tapeet Eestist!\",\"publisher\":{\"@id\":\"https:\/\/baubauwall.com\/et\/#organization\"},\"potentialAction\":[{\"@type\":\"SearchAction\",\"target\":{\"@type\":\"EntryPoint\",\"urlTemplate\":\"https:\/\/baubauwall.com\/et\/?s={search_term_string}\"},\"query-input\":{\"@type\":\"PropertyValueSpecification\",\"valueRequired\":true,\"valueName\":\"search_term_string\"}}],\"inLanguage\":\"et\"},{\"@type\":\"Organization\",\"@id\":\"https:\/\/baubauwall.com\/et\/#organization\",\"name\":\"BAUBAUWALL Wallpapers\",\"url\":\"https:\/\/baubauwall.com\/et\/\",\"logo\":{\"@type\":\"ImageObject\",\"inLanguage\":\"et\",\"@id\":\"https:\/\/baubauwall.com\/et\/#\/schema\/logo\/image\/\",\"url\":\"https:\/\/baubauwall.com\/wp-content\/uploads\/2022\/03\/logo-horizontal.svg\",\"contentUrl\":\"https:\/\/baubauwall.com\/wp-content\/uploads\/2022\/03\/logo-horizontal.svg\",\"width\":\"1024\",\"height\":\"1024\",\"caption\":\"BAUBAUWALL Wallpapers\"},\"image\":{\"@id\":\"https:\/\/baubauwall.com\/et\/#\/schema\/logo\/image\/\"},\"sameAs\":[\"https:\/\/www.facebook.com\/Baubauwall\",\"https:\/\/www.instagram.com\/baubauwall\"]}]}<\/script>\n<!-- \/ Yoast SEO plugin. -->","yoast_head_json":{"title":"Jalgratastega helesinine tapeet - Rattaretk - helesinine","description":"Helesinine jalgratastega tapeet. Vintage stiilis rattad v\u00f5iksid vurada esiku, kodukontori v\u00f5i rattapoe seinal! Jalgratastega disaintapeet!","robots":{"index":"index","follow":"follow","max-snippet":"max-snippet:-1","max-image-preview":"max-image-preview:large","max-video-preview":"max-video-preview:-1"},"canonical":"https:\/\/baubauwall.com\/et\/toode\/tapeet-rattaretk-helesinine\/","og_locale":"et_EE","og_type":"article","og_title":"Jalgratastega helesinine tapeet - Rattaretk - helesinine","og_description":"Helesinine jalgratastega tapeet. Vintage stiilis rattad v\u00f5iksid vurada esiku, kodukontori v\u00f5i rattapoe seinal! Jalgratastega disaintapeet!","og_url":"https:\/\/baubauwall.com\/et\/toode\/tapeet-rattaretk-helesinine\/","og_site_name":"BAUBAUWALL TAPEEDID","article_publisher":"https:\/\/www.facebook.com\/Baubauwall","article_modified_time":"2026-02-02T07:45:44+00:00","og_image":[{"width":800,"height":800,"url":"https:\/\/baubauwall.com\/wp-content\/uploads\/2025\/07\/51100487_Bicyclette-DuckEggBlue_Baubauwall_Wallpaper_preview.jpg","type":"image\/jpeg"}],"twitter_card":"summary_large_image","twitter_misc":{"Est. reading time":"1 minut"},"schema":{"@context":"https:\/\/schema.org","@graph":[{"@type":"WebPage","@id":"https:\/\/baubauwall.com\/et\/toode\/tapeet-rattaretk-helesinine\/","url":"https:\/\/baubauwall.com\/et\/toode\/tapeet-rattaretk-helesinine\/","name":"Jalgratastega helesinine tapeet - Rattaretk - helesinine","isPartOf":{"@id":"https:\/\/baubauwall.com\/et\/#website"},"primaryImageOfPage":{"@id":"https:\/\/baubauwall.com\/et\/toode\/tapeet-rattaretk-helesinine\/#primaryimage"},"image":{"@id":"https:\/\/baubauwall.com\/et\/toode\/tapeet-rattaretk-helesinine\/#primaryimage"},"thumbnailUrl":"https:\/\/baubauwall.com\/wp-content\/uploads\/2025\/07\/51100487_Bicyclette-DuckEggBlue_Baubauwall_Wallpaper_preview.jpg","datePublished":"2025-07-30T08:53:04+00:00","dateModified":"2026-02-02T07:45:44+00:00","description":"Helesinine jalgratastega tapeet. Vintage stiilis rattad v\u00f5iksid vurada esiku, kodukontori v\u00f5i rattapoe seinal! Jalgratastega disaintapeet!","breadcrumb":{"@id":"https:\/\/baubauwall.com\/et\/toode\/tapeet-rattaretk-helesinine\/#breadcrumb"},"inLanguage":"et","potentialAction":[{"@type":"ReadAction","target":["https:\/\/baubauwall.com\/et\/toode\/tapeet-rattaretk-helesinine\/"]}]},{"@type":"ImageObject","inLanguage":"et","@id":"https:\/\/baubauwall.com\/et\/toode\/tapeet-rattaretk-helesinine\/#primaryimage","url":"https:\/\/baubauwall.com\/wp-content\/uploads\/2025\/07\/51100487_Bicyclette-DuckEggBlue_Baubauwall_Wallpaper_preview.jpg","contentUrl":"https:\/\/baubauwall.com\/wp-content\/uploads\/2025\/07\/51100487_Bicyclette-DuckEggBlue_Baubauwall_Wallpaper_preview.jpg","width":800,"height":800},{"@type":"BreadcrumbList","@id":"https:\/\/baubauwall.com\/et\/toode\/tapeet-rattaretk-helesinine\/#breadcrumb","itemListElement":[{"@type":"ListItem","position":1,"name":"Koju","item":"https:\/\/baubauwall.com\/et\/"},{"@type":"ListItem","position":2,"name":"Tapeedid","item":"https:\/\/baubauwall.com\/et\/tapeedid\/"},{"@type":"ListItem","position":3,"name":"Rattaretk &#8211; helesinine"}]},{"@type":"WebSite","@id":"https:\/\/baubauwall.com\/et\/#website","url":"https:\/\/baubauwall.com\/et\/","name":"BAUBAUWALL Wallpapers","description":"Valmis paanides tapeet Eestist!","publisher":{"@id":"https:\/\/baubauwall.com\/et\/#organization"},"potentialAction":[{"@type":"SearchAction","target":{"@type":"EntryPoint","urlTemplate":"https:\/\/baubauwall.com\/et\/?s={search_term_string}"},"query-input":{"@type":"PropertyValueSpecification","valueRequired":true,"valueName":"search_term_string"}}],"inLanguage":"et"},{"@type":"Organization","@id":"https:\/\/baubauwall.com\/et\/#organization","name":"BAUBAUWALL Wallpapers","url":"https:\/\/baubauwall.com\/et\/","logo":{"@type":"ImageObject","inLanguage":"et","@id":"https:\/\/baubauwall.com\/et\/#\/schema\/logo\/image\/","url":"https:\/\/baubauwall.com\/wp-content\/uploads\/2022\/03\/logo-horizontal.svg","contentUrl":"https:\/\/baubauwall.com\/wp-content\/uploads\/2022\/03\/logo-horizontal.svg","width":"1024","height":"1024","caption":"BAUBAUWALL Wallpapers"},"image":{"@id":"https:\/\/baubauwall.com\/et\/#\/schema\/logo\/image\/"},"sameAs":["https:\/\/www.facebook.com\/Baubauwall","https:\/\/www.instagram.com\/baubauwall"]}]}},"jetpack_sharing_enabled":true,"_links":{"self":[{"href":"https:\/\/baubauwall.com\/et\/wp-json\/wp\/v2\/product\/44008","targetHints":{"allow":["GET"]}}],"collection":[{"href":"https:\/\/baubauwall.com\/et\/wp-json\/wp\/v2\/product"}],"about":[{"href":"https:\/\/baubauwall.com\/et\/wp-json\/wp\/v2\/types\/product"}],"replies":[{"embeddable":true,"href":"https:\/\/baubauwall.com\/et\/wp-json\/wp\/v2\/comments?post=44008"}],"wp:featuredmedia":[{"embeddable":true,"href":"https:\/\/baubauwall.com\/et\/wp-json\/wp\/v2\/media\/44019"}],"wp:attachment":[{"href":"https:\/\/baubauwall.com\/et\/wp-json\/wp\/v2\/media?parent=44008"}],"wp:term":[{"taxonomy":"product_brand","embeddable":true,"href":"https:\/\/baubauwall.com\/et\/wp-json\/wp\/v2\/product_brand?post=44008"},{"taxonomy":"product_cat","embeddable":true,"href":"https:\/\/baubauwall.com\/et\/wp-json\/wp\/v2\/product_cat?post=44008"},{"taxonomy":"product_tag","embeddable":true,"href":"https:\/\/baubauwall.com\/et\/wp-json\/wp\/v2\/product_tag?post=44008"}],"curies":[{"name":"wp","href":"https:\/\/api.w.org\/{rel}","templated":true}]}}