{"id":44150,"date":"2025-08-11T15:00:12","date_gmt":"2025-08-11T13:00:12","guid":{"rendered":"https:\/\/baubauwall.com\/product\/mural-wallpaper-peony-daydream-butter-yellow\/"},"modified":"2025-08-13T15:51:22","modified_gmt":"2025-08-13T13:51:22","slug":"pilttapeet-pojengipidu-helekollane","status":"publish","type":"product","link":"https:\/\/baubauwall.com\/et\/toode\/pilttapeet-pojengipidu-helekollane\/","title":{"rendered":"Pojengipidu &#8211; helekollane"},"content":{"rendered":"<p data-start=\"217\" data-end=\"578\">P\u00e4ikesekiired, pojengid ja \u00f5rn romantika \u00fchel tapeedil. See helekollane pojengidega tapeet katab seinad sama sooja valgusega nagu varahommikune p\u00e4ike. Helekollane toon \u2013 v\u00e4rv, mida trendiennustajad on hiljuti nimetanud ka Aasta v\u00e4rviks \u2013 on tuntud oma tuju t\u00f5stva ja optimismi kiirgava energia poolest. See toob interj\u00f6\u00f6ri r\u00f5\u00f5mu, ent j\u00e4\u00e4b maitsekalt tagasihoidlikuks.<\/p>\n<p data-start=\"580\" data-end=\"857\">V\u00f5ikollases valguses s\u00e4rav taust paneb suured, k\u00e4sitsi illustreeritud pojengid peaaegu kolmem\u00f5\u00f5tmeliselt esile kerkima. See pilttapeet sobib sama h\u00e4sti piduliku s\u00f6\u00f6gitoa kui hubase lugemisnurgaga, lisades interj\u00f6\u00f6ri pehmust, valgust ja ajatult luksuslikku ilmet.<\/p>\n<p data-start=\"859\" data-end=\"1297\"><strong data-start=\"859\" data-end=\"877\">Nipp:<\/strong> Helekollane pojengidega tapeet on imeline paariline soojadele neutraalsetele toonidele, tamme- ja p\u00e4hklipuidule v\u00f5i aktsentidele \u00f5rna roos v\u00f5i salveirohelise varjundis. Modernses interj\u00f6\u00f6ris kombineeri see tapeet puhta valge ja mati mustaga ning k\u00f5ik ei tundu enam nii steriilne! Klassikalises interj\u00f6\u00f6ris lisa pehmeid linaseid tekstiile ja antiikset messingut, et luua tunne, nagu \u00f5itseks aed aastaringselt.<\/p>\n<p data-start=\"1299\" data-end=\"1548\">Nagu k\u00f5ik Baubauwalli pilttapeedid, tr\u00fckime ka helekollase <strong data-start=\"1346\" data-end=\"1375\">Pojengipeo<\/strong> just sinu seina m\u00f5\u00f5tude j\u00e4rgi \u2013 just nii palju kui vaja ja midagi \u00fcleliigset. Tapeedipaanid on eelnevalt l\u00f5igatud ja nummerdatud &#8211; paigaldus on lihtne ja loogiline. Piilu ka meie <a href=\"https:\/\/baubauwall.com\/et\/ideed\/let-the-homes-do-the-talking\/\">tehtud t\u00f6\u00f6de galeriid<\/a> ning saa veidi tapeediinspiratsiooni!<\/p>\n","protected":false},"excerpt":{"rendered":"<p>P\u00e4ikesekiired, pojengid ja \u00f5rn romantika \u00fchel tapeedil. See helekollane pojengidega tapeet katab seinad sama sooja valgusega nagu varahommikune p\u00e4ike. Helekollane toon \u2013 v\u00e4rv, mida trendiennustajad on hiljuti nimetanud ka Aasta v\u00e4rviks \u2013 on tuntud oma tuju t\u00f5stva ja optimismi kiirgava energia poolest. See toob interj\u00f6\u00f6ri r\u00f5\u00f5mu, ent j\u00e4\u00e4b maitsekalt tagasihoidlikuks. V\u00f5ikollases valguses s\u00e4rav taust paneb [&hellip;]<\/p>\n","protected":false},"featured_media":44142,"comment_status":"open","ping_status":"closed","template":"","meta":{"_acf_changed":false,"inline_featured_image":false},"product_brand":[],"product_cat":[387,395,388,273,276,411,752,413,414,399,402,254,260],"product_tag":[345,646],"class_list":{"0":"post-44150","1":"product","2":"type-product","3":"status-publish","4":"has-post-thumbnail","6":"product_cat-pilttapeedid","7":"product_cat-romantiline","8":"product_cat-vintage-et","9":"product_cat-heledad-tapeedid","10":"product_cat-pastelsed-tapeedid","11":"product_cat-kollased-tapeedid","12":"product_cat-avalik-ruum","13":"product_cat-magamistoa-tapeedid","14":"product_cat-soogitoa-tapeedid","15":"product_cat-kodukontori-tapeedid","16":"product_cat-elutoa-tapeedid","17":"product_cat-loodus","18":"product_cat-lilled","19":"product_tag-pilttapeet","20":"product_tag-suured-lilled-et","21":"pa_designedby-baubauwall","23":"first","24":"instock","25":"taxable","26":"shipping-taxable","27":"purchasable","28":"product-type-simple"},"acf":[],"yoast_head":"<!-- This site is optimized with the Yoast SEO plugin v25.9 - https:\/\/yoast.com\/wordpress\/plugins\/seo\/ -->\n<title>Helekollane tapeet pojengidega - BAUBAUWALL TAPEEDID disaintapeedid<\/title>\n<meta name=\"description\" content=\"Helekollane tapeet pojengidega - sobita see s\u00f6\u00f6gitoa v\u00f5i magamistoa seinale. Tulemuseks on romantiline ja efektne stiil. Tr\u00fckitud fliistapeedi materjalile\" \/>\n<meta name=\"robots\" content=\"index, follow, max-snippet:-1, max-image-preview:large, max-video-preview:-1\" \/>\n<link rel=\"canonical\" href=\"https:\/\/baubauwall.com\/et\/toode\/pilttapeet-pojengipidu-helekollane\/\" \/>\n<meta property=\"og:locale\" content=\"et_EE\" \/>\n<meta property=\"og:type\" content=\"article\" \/>\n<meta property=\"og:title\" content=\"BAUBAUWALL TAPEEDID\" \/>\n<meta property=\"og:description\" content=\"Helekollane tapeet pojengidega - sobita see s\u00f6\u00f6gitoa v\u00f5i magamistoa seinale. Tulemuseks on romantiline ja efektne stiil. Tr\u00fckitud fliistapeedi materjalile\" \/>\n<meta property=\"og:url\" content=\"https:\/\/baubauwall.com\/et\/toode\/pilttapeet-pojengipidu-helekollane\/\" \/>\n<meta property=\"og:site_name\" content=\"BAUBAUWALL TAPEEDID\" \/>\n<meta property=\"article:publisher\" content=\"https:\/\/www.facebook.com\/Baubauwall\" \/>\n<meta property=\"article:modified_time\" content=\"2025-08-13T13:51:22+00:00\" \/>\n<meta property=\"og:image\" content=\"https:\/\/baubauwall.com\/wp-content\/uploads\/2022\/11\/51200166_PeonyDaydream-ButterYellow_Baubauwall_Wall_Mural_room2.jpg\" \/>\n\t<meta property=\"og:image:width\" content=\"2400\" \/>\n\t<meta property=\"og:image:height\" content=\"1600\" \/>\n\t<meta property=\"og:image:type\" content=\"image\/jpeg\" \/>\n<meta name=\"twitter:card\" content=\"summary_large_image\" \/>\n<meta name=\"twitter:label1\" content=\"Est. reading time\" \/>\n\t<meta name=\"twitter:data1\" content=\"1 minut\" \/>\n<script type=\"application\/ld+json\" class=\"yoast-schema-graph\">{\"@context\":\"https:\/\/schema.org\",\"@graph\":[{\"@type\":\"WebPage\",\"@id\":\"https:\/\/baubauwall.com\/et\/toode\/pilttapeet-pojengipidu-helekollane\/\",\"url\":\"https:\/\/baubauwall.com\/et\/toode\/pilttapeet-pojengipidu-helekollane\/\",\"name\":\"Helekollane tapeet pojengidega - BAUBAUWALL TAPEEDID disaintapeedid\",\"isPartOf\":{\"@id\":\"https:\/\/baubauwall.com\/et\/#website\"},\"primaryImageOfPage\":{\"@id\":\"https:\/\/baubauwall.com\/et\/toode\/pilttapeet-pojengipidu-helekollane\/#primaryimage\"},\"image\":{\"@id\":\"https:\/\/baubauwall.com\/et\/toode\/pilttapeet-pojengipidu-helekollane\/#primaryimage\"},\"thumbnailUrl\":\"https:\/\/baubauwall.com\/wp-content\/uploads\/2022\/11\/51200166_PeonyDaydream-ButterYellow_Baubauwall_Wall_Mural_room2.jpg\",\"datePublished\":\"2025-08-11T13:00:12+00:00\",\"dateModified\":\"2025-08-13T13:51:22+00:00\",\"description\":\"Helekollane tapeet pojengidega - sobita see s\u00f6\u00f6gitoa v\u00f5i magamistoa seinale. Tulemuseks on romantiline ja efektne stiil. Tr\u00fckitud fliistapeedi materjalile\",\"breadcrumb\":{\"@id\":\"https:\/\/baubauwall.com\/et\/toode\/pilttapeet-pojengipidu-helekollane\/#breadcrumb\"},\"inLanguage\":\"et\",\"potentialAction\":[{\"@type\":\"ReadAction\",\"target\":[\"https:\/\/baubauwall.com\/et\/toode\/pilttapeet-pojengipidu-helekollane\/\"]}]},{\"@type\":\"ImageObject\",\"inLanguage\":\"et\",\"@id\":\"https:\/\/baubauwall.com\/et\/toode\/pilttapeet-pojengipidu-helekollane\/#primaryimage\",\"url\":\"https:\/\/baubauwall.com\/wp-content\/uploads\/2022\/11\/51200166_PeonyDaydream-ButterYellow_Baubauwall_Wall_Mural_room2.jpg\",\"contentUrl\":\"https:\/\/baubauwall.com\/wp-content\/uploads\/2022\/11\/51200166_PeonyDaydream-ButterYellow_Baubauwall_Wall_Mural_room2.jpg\",\"width\":2400,\"height\":1600,\"caption\":\"Butter yellow mural wallpaper with large peony flowers set on a dining room wall. Baubauwall wallpapers\"},{\"@type\":\"BreadcrumbList\",\"@id\":\"https:\/\/baubauwall.com\/et\/toode\/pilttapeet-pojengipidu-helekollane\/#breadcrumb\",\"itemListElement\":[{\"@type\":\"ListItem\",\"position\":1,\"name\":\"Koju\",\"item\":\"https:\/\/baubauwall.com\/et\/\"},{\"@type\":\"ListItem\",\"position\":2,\"name\":\"Tapeedid\",\"item\":\"https:\/\/baubauwall.com\/et\/tapeedid\/\"},{\"@type\":\"ListItem\",\"position\":3,\"name\":\"Pojengipidu &#8211; helekollane\"}]},{\"@type\":\"WebSite\",\"@id\":\"https:\/\/baubauwall.com\/et\/#website\",\"url\":\"https:\/\/baubauwall.com\/et\/\",\"name\":\"BAUBAUWALL Wallpapers\",\"description\":\"Valmis paanides tapeet Eestist!\",\"publisher\":{\"@id\":\"https:\/\/baubauwall.com\/et\/#organization\"},\"potentialAction\":[{\"@type\":\"SearchAction\",\"target\":{\"@type\":\"EntryPoint\",\"urlTemplate\":\"https:\/\/baubauwall.com\/et\/?s={search_term_string}\"},\"query-input\":{\"@type\":\"PropertyValueSpecification\",\"valueRequired\":true,\"valueName\":\"search_term_string\"}}],\"inLanguage\":\"et\"},{\"@type\":\"Organization\",\"@id\":\"https:\/\/baubauwall.com\/et\/#organization\",\"name\":\"BAUBAUWALL Wallpapers\",\"url\":\"https:\/\/baubauwall.com\/et\/\",\"logo\":{\"@type\":\"ImageObject\",\"inLanguage\":\"et\",\"@id\":\"https:\/\/baubauwall.com\/et\/#\/schema\/logo\/image\/\",\"url\":\"https:\/\/baubauwall.com\/wp-content\/uploads\/2022\/03\/logo-horizontal.svg\",\"contentUrl\":\"https:\/\/baubauwall.com\/wp-content\/uploads\/2022\/03\/logo-horizontal.svg\",\"width\":\"1024\",\"height\":\"1024\",\"caption\":\"BAUBAUWALL Wallpapers\"},\"image\":{\"@id\":\"https:\/\/baubauwall.com\/et\/#\/schema\/logo\/image\/\"},\"sameAs\":[\"https:\/\/www.facebook.com\/Baubauwall\",\"https:\/\/www.instagram.com\/baubauwall\"]}]}<\/script>\n<!-- \/ Yoast SEO plugin. -->","yoast_head_json":{"title":"Helekollane tapeet pojengidega - BAUBAUWALL TAPEEDID disaintapeedid","description":"Helekollane tapeet pojengidega - sobita see s\u00f6\u00f6gitoa v\u00f5i magamistoa seinale. Tulemuseks on romantiline ja efektne stiil. Tr\u00fckitud fliistapeedi materjalile","robots":{"index":"index","follow":"follow","max-snippet":"max-snippet:-1","max-image-preview":"max-image-preview:large","max-video-preview":"max-video-preview:-1"},"canonical":"https:\/\/baubauwall.com\/et\/toode\/pilttapeet-pojengipidu-helekollane\/","og_locale":"et_EE","og_type":"article","og_title":"BAUBAUWALL TAPEEDID","og_description":"Helekollane tapeet pojengidega - sobita see s\u00f6\u00f6gitoa v\u00f5i magamistoa seinale. Tulemuseks on romantiline ja efektne stiil. Tr\u00fckitud fliistapeedi materjalile","og_url":"https:\/\/baubauwall.com\/et\/toode\/pilttapeet-pojengipidu-helekollane\/","og_site_name":"BAUBAUWALL TAPEEDID","article_publisher":"https:\/\/www.facebook.com\/Baubauwall","article_modified_time":"2025-08-13T13:51:22+00:00","og_image":[{"width":2400,"height":1600,"url":"https:\/\/baubauwall.com\/wp-content\/uploads\/2022\/11\/51200166_PeonyDaydream-ButterYellow_Baubauwall_Wall_Mural_room2.jpg","type":"image\/jpeg"}],"twitter_card":"summary_large_image","twitter_misc":{"Est. reading time":"1 minut"},"schema":{"@context":"https:\/\/schema.org","@graph":[{"@type":"WebPage","@id":"https:\/\/baubauwall.com\/et\/toode\/pilttapeet-pojengipidu-helekollane\/","url":"https:\/\/baubauwall.com\/et\/toode\/pilttapeet-pojengipidu-helekollane\/","name":"Helekollane tapeet pojengidega - BAUBAUWALL TAPEEDID disaintapeedid","isPartOf":{"@id":"https:\/\/baubauwall.com\/et\/#website"},"primaryImageOfPage":{"@id":"https:\/\/baubauwall.com\/et\/toode\/pilttapeet-pojengipidu-helekollane\/#primaryimage"},"image":{"@id":"https:\/\/baubauwall.com\/et\/toode\/pilttapeet-pojengipidu-helekollane\/#primaryimage"},"thumbnailUrl":"https:\/\/baubauwall.com\/wp-content\/uploads\/2022\/11\/51200166_PeonyDaydream-ButterYellow_Baubauwall_Wall_Mural_room2.jpg","datePublished":"2025-08-11T13:00:12+00:00","dateModified":"2025-08-13T13:51:22+00:00","description":"Helekollane tapeet pojengidega - sobita see s\u00f6\u00f6gitoa v\u00f5i magamistoa seinale. Tulemuseks on romantiline ja efektne stiil. Tr\u00fckitud fliistapeedi materjalile","breadcrumb":{"@id":"https:\/\/baubauwall.com\/et\/toode\/pilttapeet-pojengipidu-helekollane\/#breadcrumb"},"inLanguage":"et","potentialAction":[{"@type":"ReadAction","target":["https:\/\/baubauwall.com\/et\/toode\/pilttapeet-pojengipidu-helekollane\/"]}]},{"@type":"ImageObject","inLanguage":"et","@id":"https:\/\/baubauwall.com\/et\/toode\/pilttapeet-pojengipidu-helekollane\/#primaryimage","url":"https:\/\/baubauwall.com\/wp-content\/uploads\/2022\/11\/51200166_PeonyDaydream-ButterYellow_Baubauwall_Wall_Mural_room2.jpg","contentUrl":"https:\/\/baubauwall.com\/wp-content\/uploads\/2022\/11\/51200166_PeonyDaydream-ButterYellow_Baubauwall_Wall_Mural_room2.jpg","width":2400,"height":1600,"caption":"Butter yellow mural wallpaper with large peony flowers set on a dining room wall. Baubauwall wallpapers"},{"@type":"BreadcrumbList","@id":"https:\/\/baubauwall.com\/et\/toode\/pilttapeet-pojengipidu-helekollane\/#breadcrumb","itemListElement":[{"@type":"ListItem","position":1,"name":"Koju","item":"https:\/\/baubauwall.com\/et\/"},{"@type":"ListItem","position":2,"name":"Tapeedid","item":"https:\/\/baubauwall.com\/et\/tapeedid\/"},{"@type":"ListItem","position":3,"name":"Pojengipidu &#8211; helekollane"}]},{"@type":"WebSite","@id":"https:\/\/baubauwall.com\/et\/#website","url":"https:\/\/baubauwall.com\/et\/","name":"BAUBAUWALL Wallpapers","description":"Valmis paanides tapeet Eestist!","publisher":{"@id":"https:\/\/baubauwall.com\/et\/#organization"},"potentialAction":[{"@type":"SearchAction","target":{"@type":"EntryPoint","urlTemplate":"https:\/\/baubauwall.com\/et\/?s={search_term_string}"},"query-input":{"@type":"PropertyValueSpecification","valueRequired":true,"valueName":"search_term_string"}}],"inLanguage":"et"},{"@type":"Organization","@id":"https:\/\/baubauwall.com\/et\/#organization","name":"BAUBAUWALL Wallpapers","url":"https:\/\/baubauwall.com\/et\/","logo":{"@type":"ImageObject","inLanguage":"et","@id":"https:\/\/baubauwall.com\/et\/#\/schema\/logo\/image\/","url":"https:\/\/baubauwall.com\/wp-content\/uploads\/2022\/03\/logo-horizontal.svg","contentUrl":"https:\/\/baubauwall.com\/wp-content\/uploads\/2022\/03\/logo-horizontal.svg","width":"1024","height":"1024","caption":"BAUBAUWALL Wallpapers"},"image":{"@id":"https:\/\/baubauwall.com\/et\/#\/schema\/logo\/image\/"},"sameAs":["https:\/\/www.facebook.com\/Baubauwall","https:\/\/www.instagram.com\/baubauwall"]}]}},"jetpack_sharing_enabled":true,"_links":{"self":[{"href":"https:\/\/baubauwall.com\/et\/wp-json\/wp\/v2\/product\/44150","targetHints":{"allow":["GET"]}}],"collection":[{"href":"https:\/\/baubauwall.com\/et\/wp-json\/wp\/v2\/product"}],"about":[{"href":"https:\/\/baubauwall.com\/et\/wp-json\/wp\/v2\/types\/product"}],"replies":[{"embeddable":true,"href":"https:\/\/baubauwall.com\/et\/wp-json\/wp\/v2\/comments?post=44150"}],"wp:featuredmedia":[{"embeddable":true,"href":"https:\/\/baubauwall.com\/et\/wp-json\/wp\/v2\/media\/44142"}],"wp:attachment":[{"href":"https:\/\/baubauwall.com\/et\/wp-json\/wp\/v2\/media?parent=44150"}],"wp:term":[{"taxonomy":"product_brand","embeddable":true,"href":"https:\/\/baubauwall.com\/et\/wp-json\/wp\/v2\/product_brand?post=44150"},{"taxonomy":"product_cat","embeddable":true,"href":"https:\/\/baubauwall.com\/et\/wp-json\/wp\/v2\/product_cat?post=44150"},{"taxonomy":"product_tag","embeddable":true,"href":"https:\/\/baubauwall.com\/et\/wp-json\/wp\/v2\/product_tag?post=44150"}],"curies":[{"name":"wp","href":"https:\/\/api.w.org\/{rel}","templated":true}]}}