{"id":44177,"date":"2025-08-12T12:03:15","date_gmt":"2025-08-12T10:03:15","guid":{"rendered":"https:\/\/baubauwall.com\/?post_type=product&#038;p=44177"},"modified":"2025-08-14T10:55:48","modified_gmt":"2025-08-14T08:55:48","slug":"pilttapeet-pojengipidu-beez","status":"publish","type":"product","link":"https:\/\/baubauwall.com\/et\/toode\/pilttapeet-pojengipidu-beez\/","title":{"rendered":"Pojengipidu &#8211; bee\u017e"},"content":{"rendered":"<p data-start=\"217\" data-end=\"578\">Pojengid, koorekohv ja \u00f5rn romantika \u00fchel tapeedil. Bee\u017e tapeet pojengidega katab seinad sama sooja tundega nagu varahommikune kohv piimaga. Bee\u017e toon ikka olnud sisustajate lemmik ja see pole ime. See on soe, lihtne sobitada interj\u00f6\u00f6ri muu sisustusega. Samades toonides tapeet toob oma suurte pojengidega juurde veidi aktsenti ja kihilisust. Interj\u00f6\u00f6r pojengidega tapeediga on \u00fchtaegu romantiline, aga samas m\u00f5nusalt julge. Kellele ei meeldiks pojengid? Bee\u017e tapeet pojengidega v\u00f5iks kaunistada hubast magamistuba v\u00f5i elutuba. Interj\u00f6\u00f6r t\u00e4itub sekunditega pehmuse, valguse ja luksusliku ilmega!<\/p>\n<p data-start=\"859\" data-end=\"1297\"><strong>Nagu k\u00f5ik <a href=\"https:\/\/kodu.postimees.ee\/8277872\/eestis-loodud-digiteenus-mis-muudab-tapeetimise-lihtsaks-ja-isikuparaseks\" target=\"_blank\" rel=\"noopener\">Baubauwalli<\/a> disainid, tr\u00fckime ka selle bee\u017ei tapeedi pojengidega just sinu seina m\u00f5\u00f5tude j\u00e4rgi \u2013 just nii palju kui vaja ja midagi \u00fcleliigset. Tapeedipaanid on eelnevalt l\u00f5igatud ja nummerdatud &#8211; paigaldus on lihtne ja loogiline. Piilu ka meie <a href=\"https:\/\/baubauwall.com\/et\/ideed\/let-the-homes-do-the-talking\/\">tehtud t\u00f6\u00f6de galeriid<\/a> ning saa veidi tapeediinspiratsiooni!<\/strong><\/p>\n","protected":false},"excerpt":{"rendered":"<p>Pojengid, koorekohv ja \u00f5rn romantika \u00fchel tapeedil. Bee\u017e tapeet pojengidega katab seinad sama sooja tundega nagu varahommikune kohv piimaga. Bee\u017e toon ikka olnud sisustajate lemmik ja see pole ime. See on soe, lihtne sobitada interj\u00f6\u00f6ri muu sisustusega. Samades toonides tapeet toob oma suurte pojengidega juurde veidi aktsenti ja kihilisust. Interj\u00f6\u00f6r pojengidega tapeediga on \u00fchtaegu romantiline, [&hellip;]<\/p>\n","protected":false},"featured_media":44182,"comment_status":"open","ping_status":"closed","template":"","meta":{"_acf_changed":false,"inline_featured_image":false},"product_brand":[],"product_cat":[387,395,388,265,273,276,752,413,414,415,399,402,254,260],"product_tag":[345,646],"class_list":{"0":"post-44177","1":"product","2":"type-product","3":"status-publish","4":"has-post-thumbnail","6":"product_cat-pilttapeedid","7":"product_cat-romantiline","8":"product_cat-vintage-et","9":"product_cat-beezid-tapeedid","10":"product_cat-heledad-tapeedid","11":"product_cat-pastelsed-tapeedid","12":"product_cat-avalik-ruum","13":"product_cat-magamistoa-tapeedid","14":"product_cat-soogitoa-tapeedid","15":"product_cat-kulalistetoa-tapeedid","16":"product_cat-kodukontori-tapeedid","17":"product_cat-elutoa-tapeedid","18":"product_cat-loodus","19":"product_cat-lilled","20":"product_tag-pilttapeet","21":"product_tag-suured-lilled-et","22":"pa_designedby-baubauwall","24":"first","25":"instock","26":"taxable","27":"shipping-taxable","28":"purchasable","29":"product-type-simple"},"acf":[],"yoast_head":"<!-- This site is optimized with the Yoast SEO plugin v25.9 - https:\/\/yoast.com\/wordpress\/plugins\/seo\/ -->\n<title>Bee\u017e tapeet pojengidega - BAUBAUWALL TAPEEDID disaintapeedid<\/title>\n<meta name=\"description\" content=\"Bee\u017e tapeet pojengidega - sobita see s\u00f6\u00f6gitoa v\u00f5i magamistoa seinale. Tulemuseks on romantiline ja efektne stiil. Tr\u00fckitud fliistapeedi materjalile\" \/>\n<meta name=\"robots\" content=\"index, follow, max-snippet:-1, max-image-preview:large, max-video-preview:-1\" \/>\n<link rel=\"canonical\" href=\"https:\/\/baubauwall.com\/et\/toode\/pilttapeet-pojengipidu-beez\/\" \/>\n<meta property=\"og:locale\" content=\"et_EE\" \/>\n<meta property=\"og:type\" content=\"article\" \/>\n<meta property=\"og:title\" content=\"BAUBAUWALL TAPEEDID\" \/>\n<meta property=\"og:description\" content=\"Bee\u017e tapeet pojengidega - sobita see s\u00f6\u00f6gitoa v\u00f5i magamistoa seinale. Tulemuseks on romantiline ja efektne stiil. Tr\u00fckitud fliistapeedi materjalile\" \/>\n<meta property=\"og:url\" content=\"https:\/\/baubauwall.com\/et\/toode\/pilttapeet-pojengipidu-beez\/\" \/>\n<meta property=\"og:site_name\" content=\"BAUBAUWALL TAPEEDID\" \/>\n<meta property=\"article:publisher\" content=\"https:\/\/www.facebook.com\/Baubauwall\" \/>\n<meta property=\"article:modified_time\" content=\"2025-08-14T08:55:48+00:00\" \/>\n<meta property=\"og:image\" content=\"https:\/\/baubauwall.com\/wp-content\/uploads\/2025\/08\/51200165_PeonyDaydream-Beige_Baubauwall_Wall_Mural_room1-scaled.jpg\" \/>\n\t<meta property=\"og:image:width\" content=\"2560\" \/>\n\t<meta property=\"og:image:height\" content=\"1440\" \/>\n\t<meta property=\"og:image:type\" content=\"image\/jpeg\" \/>\n<meta name=\"twitter:card\" content=\"summary_large_image\" \/>\n<meta name=\"twitter:label1\" content=\"Est. reading time\" \/>\n\t<meta name=\"twitter:data1\" content=\"1 minut\" \/>\n<script type=\"application\/ld+json\" class=\"yoast-schema-graph\">{\"@context\":\"https:\/\/schema.org\",\"@graph\":[{\"@type\":\"WebPage\",\"@id\":\"https:\/\/baubauwall.com\/et\/toode\/pilttapeet-pojengipidu-beez\/\",\"url\":\"https:\/\/baubauwall.com\/et\/toode\/pilttapeet-pojengipidu-beez\/\",\"name\":\"Bee\u017e tapeet pojengidega - BAUBAUWALL TAPEEDID disaintapeedid\",\"isPartOf\":{\"@id\":\"https:\/\/baubauwall.com\/et\/#website\"},\"primaryImageOfPage\":{\"@id\":\"https:\/\/baubauwall.com\/et\/toode\/pilttapeet-pojengipidu-beez\/#primaryimage\"},\"image\":{\"@id\":\"https:\/\/baubauwall.com\/et\/toode\/pilttapeet-pojengipidu-beez\/#primaryimage\"},\"thumbnailUrl\":\"https:\/\/baubauwall.com\/wp-content\/uploads\/2025\/08\/51200165_PeonyDaydream-Beige_Baubauwall_Wall_Mural_room2-scaled.jpg\",\"datePublished\":\"2025-08-12T10:03:15+00:00\",\"dateModified\":\"2025-08-14T08:55:48+00:00\",\"description\":\"Bee\u017e tapeet pojengidega - sobita see s\u00f6\u00f6gitoa v\u00f5i magamistoa seinale. Tulemuseks on romantiline ja efektne stiil. Tr\u00fckitud fliistapeedi materjalile\",\"breadcrumb\":{\"@id\":\"https:\/\/baubauwall.com\/et\/toode\/pilttapeet-pojengipidu-beez\/#breadcrumb\"},\"inLanguage\":\"et\",\"potentialAction\":[{\"@type\":\"ReadAction\",\"target\":[\"https:\/\/baubauwall.com\/et\/toode\/pilttapeet-pojengipidu-beez\/\"]}]},{\"@type\":\"ImageObject\",\"inLanguage\":\"et\",\"@id\":\"https:\/\/baubauwall.com\/et\/toode\/pilttapeet-pojengipidu-beez\/#primaryimage\",\"url\":\"https:\/\/baubauwall.com\/wp-content\/uploads\/2025\/08\/51200165_PeonyDaydream-Beige_Baubauwall_Wall_Mural_room2-scaled.jpg\",\"contentUrl\":\"https:\/\/baubauwall.com\/wp-content\/uploads\/2025\/08\/51200165_PeonyDaydream-Beige_Baubauwall_Wall_Mural_room2-scaled.jpg\",\"width\":2560,\"height\":1440,\"caption\":\"Beige mural wallpaper with large peony flower blooms. Paired with beige sofa\"},{\"@type\":\"BreadcrumbList\",\"@id\":\"https:\/\/baubauwall.com\/et\/toode\/pilttapeet-pojengipidu-beez\/#breadcrumb\",\"itemListElement\":[{\"@type\":\"ListItem\",\"position\":1,\"name\":\"Koju\",\"item\":\"https:\/\/baubauwall.com\/et\/\"},{\"@type\":\"ListItem\",\"position\":2,\"name\":\"Tapeedid\",\"item\":\"https:\/\/baubauwall.com\/et\/tapeedid\/\"},{\"@type\":\"ListItem\",\"position\":3,\"name\":\"Pojengipidu &#8211; bee\u017e\"}]},{\"@type\":\"WebSite\",\"@id\":\"https:\/\/baubauwall.com\/et\/#website\",\"url\":\"https:\/\/baubauwall.com\/et\/\",\"name\":\"BAUBAUWALL Wallpapers\",\"description\":\"Valmis paanides tapeet Eestist!\",\"publisher\":{\"@id\":\"https:\/\/baubauwall.com\/et\/#organization\"},\"potentialAction\":[{\"@type\":\"SearchAction\",\"target\":{\"@type\":\"EntryPoint\",\"urlTemplate\":\"https:\/\/baubauwall.com\/et\/?s={search_term_string}\"},\"query-input\":{\"@type\":\"PropertyValueSpecification\",\"valueRequired\":true,\"valueName\":\"search_term_string\"}}],\"inLanguage\":\"et\"},{\"@type\":\"Organization\",\"@id\":\"https:\/\/baubauwall.com\/et\/#organization\",\"name\":\"BAUBAUWALL Wallpapers\",\"url\":\"https:\/\/baubauwall.com\/et\/\",\"logo\":{\"@type\":\"ImageObject\",\"inLanguage\":\"et\",\"@id\":\"https:\/\/baubauwall.com\/et\/#\/schema\/logo\/image\/\",\"url\":\"https:\/\/baubauwall.com\/wp-content\/uploads\/2022\/03\/logo-horizontal.svg\",\"contentUrl\":\"https:\/\/baubauwall.com\/wp-content\/uploads\/2022\/03\/logo-horizontal.svg\",\"width\":\"1024\",\"height\":\"1024\",\"caption\":\"BAUBAUWALL Wallpapers\"},\"image\":{\"@id\":\"https:\/\/baubauwall.com\/et\/#\/schema\/logo\/image\/\"},\"sameAs\":[\"https:\/\/www.facebook.com\/Baubauwall\",\"https:\/\/www.instagram.com\/baubauwall\"]}]}<\/script>\n<!-- \/ Yoast SEO plugin. -->","yoast_head_json":{"title":"Bee\u017e tapeet pojengidega - BAUBAUWALL TAPEEDID disaintapeedid","description":"Bee\u017e tapeet pojengidega - sobita see s\u00f6\u00f6gitoa v\u00f5i magamistoa seinale. Tulemuseks on romantiline ja efektne stiil. Tr\u00fckitud fliistapeedi materjalile","robots":{"index":"index","follow":"follow","max-snippet":"max-snippet:-1","max-image-preview":"max-image-preview:large","max-video-preview":"max-video-preview:-1"},"canonical":"https:\/\/baubauwall.com\/et\/toode\/pilttapeet-pojengipidu-beez\/","og_locale":"et_EE","og_type":"article","og_title":"BAUBAUWALL TAPEEDID","og_description":"Bee\u017e tapeet pojengidega - sobita see s\u00f6\u00f6gitoa v\u00f5i magamistoa seinale. Tulemuseks on romantiline ja efektne stiil. Tr\u00fckitud fliistapeedi materjalile","og_url":"https:\/\/baubauwall.com\/et\/toode\/pilttapeet-pojengipidu-beez\/","og_site_name":"BAUBAUWALL TAPEEDID","article_publisher":"https:\/\/www.facebook.com\/Baubauwall","article_modified_time":"2025-08-14T08:55:48+00:00","og_image":[{"width":2560,"height":1440,"url":"https:\/\/baubauwall.com\/wp-content\/uploads\/2025\/08\/51200165_PeonyDaydream-Beige_Baubauwall_Wall_Mural_room1-scaled.jpg","type":"image\/jpeg"}],"twitter_card":"summary_large_image","twitter_misc":{"Est. reading time":"1 minut"},"schema":{"@context":"https:\/\/schema.org","@graph":[{"@type":"WebPage","@id":"https:\/\/baubauwall.com\/et\/toode\/pilttapeet-pojengipidu-beez\/","url":"https:\/\/baubauwall.com\/et\/toode\/pilttapeet-pojengipidu-beez\/","name":"Bee\u017e tapeet pojengidega - BAUBAUWALL TAPEEDID disaintapeedid","isPartOf":{"@id":"https:\/\/baubauwall.com\/et\/#website"},"primaryImageOfPage":{"@id":"https:\/\/baubauwall.com\/et\/toode\/pilttapeet-pojengipidu-beez\/#primaryimage"},"image":{"@id":"https:\/\/baubauwall.com\/et\/toode\/pilttapeet-pojengipidu-beez\/#primaryimage"},"thumbnailUrl":"https:\/\/baubauwall.com\/wp-content\/uploads\/2025\/08\/51200165_PeonyDaydream-Beige_Baubauwall_Wall_Mural_room2-scaled.jpg","datePublished":"2025-08-12T10:03:15+00:00","dateModified":"2025-08-14T08:55:48+00:00","description":"Bee\u017e tapeet pojengidega - sobita see s\u00f6\u00f6gitoa v\u00f5i magamistoa seinale. Tulemuseks on romantiline ja efektne stiil. Tr\u00fckitud fliistapeedi materjalile","breadcrumb":{"@id":"https:\/\/baubauwall.com\/et\/toode\/pilttapeet-pojengipidu-beez\/#breadcrumb"},"inLanguage":"et","potentialAction":[{"@type":"ReadAction","target":["https:\/\/baubauwall.com\/et\/toode\/pilttapeet-pojengipidu-beez\/"]}]},{"@type":"ImageObject","inLanguage":"et","@id":"https:\/\/baubauwall.com\/et\/toode\/pilttapeet-pojengipidu-beez\/#primaryimage","url":"https:\/\/baubauwall.com\/wp-content\/uploads\/2025\/08\/51200165_PeonyDaydream-Beige_Baubauwall_Wall_Mural_room2-scaled.jpg","contentUrl":"https:\/\/baubauwall.com\/wp-content\/uploads\/2025\/08\/51200165_PeonyDaydream-Beige_Baubauwall_Wall_Mural_room2-scaled.jpg","width":2560,"height":1440,"caption":"Beige mural wallpaper with large peony flower blooms. Paired with beige sofa"},{"@type":"BreadcrumbList","@id":"https:\/\/baubauwall.com\/et\/toode\/pilttapeet-pojengipidu-beez\/#breadcrumb","itemListElement":[{"@type":"ListItem","position":1,"name":"Koju","item":"https:\/\/baubauwall.com\/et\/"},{"@type":"ListItem","position":2,"name":"Tapeedid","item":"https:\/\/baubauwall.com\/et\/tapeedid\/"},{"@type":"ListItem","position":3,"name":"Pojengipidu &#8211; bee\u017e"}]},{"@type":"WebSite","@id":"https:\/\/baubauwall.com\/et\/#website","url":"https:\/\/baubauwall.com\/et\/","name":"BAUBAUWALL Wallpapers","description":"Valmis paanides tapeet Eestist!","publisher":{"@id":"https:\/\/baubauwall.com\/et\/#organization"},"potentialAction":[{"@type":"SearchAction","target":{"@type":"EntryPoint","urlTemplate":"https:\/\/baubauwall.com\/et\/?s={search_term_string}"},"query-input":{"@type":"PropertyValueSpecification","valueRequired":true,"valueName":"search_term_string"}}],"inLanguage":"et"},{"@type":"Organization","@id":"https:\/\/baubauwall.com\/et\/#organization","name":"BAUBAUWALL Wallpapers","url":"https:\/\/baubauwall.com\/et\/","logo":{"@type":"ImageObject","inLanguage":"et","@id":"https:\/\/baubauwall.com\/et\/#\/schema\/logo\/image\/","url":"https:\/\/baubauwall.com\/wp-content\/uploads\/2022\/03\/logo-horizontal.svg","contentUrl":"https:\/\/baubauwall.com\/wp-content\/uploads\/2022\/03\/logo-horizontal.svg","width":"1024","height":"1024","caption":"BAUBAUWALL Wallpapers"},"image":{"@id":"https:\/\/baubauwall.com\/et\/#\/schema\/logo\/image\/"},"sameAs":["https:\/\/www.facebook.com\/Baubauwall","https:\/\/www.instagram.com\/baubauwall"]}]}},"jetpack_sharing_enabled":true,"_links":{"self":[{"href":"https:\/\/baubauwall.com\/et\/wp-json\/wp\/v2\/product\/44177","targetHints":{"allow":["GET"]}}],"collection":[{"href":"https:\/\/baubauwall.com\/et\/wp-json\/wp\/v2\/product"}],"about":[{"href":"https:\/\/baubauwall.com\/et\/wp-json\/wp\/v2\/types\/product"}],"replies":[{"embeddable":true,"href":"https:\/\/baubauwall.com\/et\/wp-json\/wp\/v2\/comments?post=44177"}],"wp:featuredmedia":[{"embeddable":true,"href":"https:\/\/baubauwall.com\/et\/wp-json\/wp\/v2\/media\/44182"}],"wp:attachment":[{"href":"https:\/\/baubauwall.com\/et\/wp-json\/wp\/v2\/media?parent=44177"}],"wp:term":[{"taxonomy":"product_brand","embeddable":true,"href":"https:\/\/baubauwall.com\/et\/wp-json\/wp\/v2\/product_brand?post=44177"},{"taxonomy":"product_cat","embeddable":true,"href":"https:\/\/baubauwall.com\/et\/wp-json\/wp\/v2\/product_cat?post=44177"},{"taxonomy":"product_tag","embeddable":true,"href":"https:\/\/baubauwall.com\/et\/wp-json\/wp\/v2\/product_tag?post=44177"}],"curies":[{"name":"wp","href":"https:\/\/api.w.org\/{rel}","templated":true}]}}