{"id":44198,"date":"2025-08-12T12:26:44","date_gmt":"2025-08-12T10:26:44","guid":{"rendered":"https:\/\/baubauwall.com\/?post_type=product&#038;p=44198"},"modified":"2025-08-13T15:50:27","modified_gmt":"2025-08-13T13:50:27","slug":"pilttapeet-pojengipidu-roosa","status":"publish","type":"product","link":"https:\/\/baubauwall.com\/et\/toode\/pilttapeet-pojengipidu-roosa\/","title":{"rendered":"Pojengipidu &#8211; heleroosa"},"content":{"rendered":"<p data-start=\"217\" data-end=\"578\">Pojengid ja romantiliselt naiselik roosa \u00fchel tapeedil. Roosa tapeet pojengidega katab seinad sama sooja tundega nagu v\u00e4rske bukett pojenge s\u00fcnnip\u00e4eval, saateks maasikatega tort. Kusjuures, roosa pole \u00fcksnes v\u00e4ikeste t\u00fcdrukute toaseintele m\u00f5eldud v\u00e4rv! Roosa on sisekujunduses tihtipeale alahinnatud. V\u00e4rvips\u00fchholoogias t\u00e4histab roosa naiselikkust, armastust ja hoolitsust. Roosad toonid loovad turvatunnet. See v\u00e4rv on magamistubade lemmik, kuid seda saab h\u00f5lpsasti kasutada ka elutoas ja teistes ruumides.<\/p>\n<p data-start=\"580\" data-end=\"857\">Tapeedi disainil on pojengid nii detailsed, et tunduvad peaaegu 3D. See roosa tapeet pojengidega sobib sama h\u00e4sti piduliku s\u00f6\u00f6gitoa kui hubase magamistoaga, lisades interj\u00f6\u00f6ri pehmust, romantikat ja ajatult luksuslikku ilmet.<\/p>\n<p data-start=\"859\" data-end=\"1297\"><strong>Nagu k\u00f5ik <a href=\"https:\/\/kodu.postimees.ee\/8277872\/eestis-loodud-digiteenus-mis-muudab-tapeetimise-lihtsaks-ja-isikuparaseks\" target=\"_blank\" rel=\"noopener\">Baubauwalli<\/a> disainid, tr\u00fckime ka selle roosa tapeedi pojengidega just sinu seina m\u00f5\u00f5tude j\u00e4rgi \u2013 just nii palju kui vaja ja midagi \u00fcleliigset. Tapeedipaanid on eelnevalt l\u00f5igatud ja nummerdatud &#8211; paigaldus on lihtne ja loogiline. Piilu ka meie <a href=\"https:\/\/baubauwall.com\/et\/ideed\/let-the-homes-do-the-talking\/\">tehtud t\u00f6\u00f6de galeriid<\/a> ning saa veidi tapeediinspiratsiooni!<\/strong><\/p>\n","protected":false},"excerpt":{"rendered":"<p>Pojengid ja romantiliselt naiselik roosa \u00fchel tapeedil. Roosa tapeet pojengidega katab seinad sama sooja tundega nagu v\u00e4rske bukett pojenge s\u00fcnnip\u00e4eval, saateks maasikatega tort. Kusjuures, roosa pole \u00fcksnes v\u00e4ikeste t\u00fcdrukute toaseintele m\u00f5eldud v\u00e4rv! Roosa on sisekujunduses tihtipeale alahinnatud. V\u00e4rvips\u00fchholoogias t\u00e4histab roosa naiselikkust, armastust ja hoolitsust. Roosad toonid loovad turvatunnet. See v\u00e4rv on magamistubade lemmik, kuid seda [&hellip;]<\/p>\n","protected":false},"featured_media":44203,"comment_status":"open","ping_status":"closed","template":"","meta":{"_acf_changed":false,"inline_featured_image":false},"product_brand":[],"product_cat":[387,395,388,273,276,278,752,413,400,414,415,399,402,254,260],"product_tag":[345,646],"class_list":{"0":"post-44198","1":"product","2":"type-product","3":"status-publish","4":"has-post-thumbnail","6":"product_cat-pilttapeedid","7":"product_cat-romantiline","8":"product_cat-vintage-et","9":"product_cat-heledad-tapeedid","10":"product_cat-pastelsed-tapeedid","11":"product_cat-roosad-tapeedid","12":"product_cat-avalik-ruum","13":"product_cat-magamistoa-tapeedid","14":"product_cat-lastetoa-tapeedid","15":"product_cat-soogitoa-tapeedid","16":"product_cat-kulalistetoa-tapeedid","17":"product_cat-kodukontori-tapeedid","18":"product_cat-elutoa-tapeedid","19":"product_cat-loodus","20":"product_cat-lilled","21":"product_tag-pilttapeet","22":"product_tag-suured-lilled-et","23":"pa_designedby-baubauwall","25":"first","26":"instock","27":"taxable","28":"shipping-taxable","29":"purchasable","30":"product-type-simple"},"acf":[],"yoast_head":"<!-- This site is optimized with the Yoast SEO plugin v25.9 - https:\/\/yoast.com\/wordpress\/plugins\/seo\/ -->\n<title>Roosa tapeet pojengidega - BAUBAUWALL TAPEEDID disaintapeedid<\/title>\n<meta name=\"description\" content=\"Roosa tapeet pojengidega - sobita see s\u00f6\u00f6gitoa v\u00f5i magamistoa seinale. Tulemuseks on romantiline ja efektne stiil. Tr\u00fckitud fliistapeedi materjalile\" \/>\n<meta name=\"robots\" content=\"index, follow, max-snippet:-1, max-image-preview:large, max-video-preview:-1\" \/>\n<link rel=\"canonical\" href=\"https:\/\/baubauwall.com\/et\/toode\/pilttapeet-pojengipidu-roosa\/\" \/>\n<meta property=\"og:locale\" content=\"et_EE\" \/>\n<meta property=\"og:type\" content=\"article\" \/>\n<meta property=\"og:title\" content=\"BAUBAUWALL TAPEEDID\" \/>\n<meta property=\"og:description\" content=\"Roosa tapeet pojengidega - sobita see s\u00f6\u00f6gitoa v\u00f5i magamistoa seinale. Tulemuseks on romantiline ja efektne stiil. Tr\u00fckitud fliistapeedi materjalile\" \/>\n<meta property=\"og:url\" content=\"https:\/\/baubauwall.com\/et\/toode\/pilttapeet-pojengipidu-roosa\/\" \/>\n<meta property=\"og:site_name\" content=\"BAUBAUWALL TAPEEDID\" \/>\n<meta property=\"article:publisher\" content=\"https:\/\/www.facebook.com\/Baubauwall\" \/>\n<meta property=\"article:modified_time\" content=\"2025-08-13T13:50:27+00:00\" \/>\n<meta property=\"og:image\" content=\"https:\/\/baubauwall.com\/wp-content\/uploads\/2025\/08\/51200165_PeonyDaydream-Beige_Baubauwall_Wall_Mural_room1-scaled.jpg\" \/>\n\t<meta property=\"og:image:width\" content=\"2560\" \/>\n\t<meta property=\"og:image:height\" content=\"1440\" \/>\n\t<meta property=\"og:image:type\" content=\"image\/jpeg\" \/>\n<meta name=\"twitter:card\" content=\"summary_large_image\" \/>\n<meta name=\"twitter:label1\" content=\"Est. reading time\" \/>\n\t<meta name=\"twitter:data1\" content=\"1 minut\" \/>\n<script type=\"application\/ld+json\" class=\"yoast-schema-graph\">{\"@context\":\"https:\/\/schema.org\",\"@graph\":[{\"@type\":\"WebPage\",\"@id\":\"https:\/\/baubauwall.com\/et\/toode\/pilttapeet-pojengipidu-roosa\/\",\"url\":\"https:\/\/baubauwall.com\/et\/toode\/pilttapeet-pojengipidu-roosa\/\",\"name\":\"Roosa tapeet pojengidega - BAUBAUWALL TAPEEDID disaintapeedid\",\"isPartOf\":{\"@id\":\"https:\/\/baubauwall.com\/et\/#website\"},\"primaryImageOfPage\":{\"@id\":\"https:\/\/baubauwall.com\/et\/toode\/pilttapeet-pojengipidu-roosa\/#primaryimage\"},\"image\":{\"@id\":\"https:\/\/baubauwall.com\/et\/toode\/pilttapeet-pojengipidu-roosa\/#primaryimage\"},\"thumbnailUrl\":\"https:\/\/baubauwall.com\/wp-content\/uploads\/2025\/08\/51200315_PeonyDaydream-SoftPink_Baubauwall_Wall_Mural_room1.jpg\",\"datePublished\":\"2025-08-12T10:26:44+00:00\",\"dateModified\":\"2025-08-13T13:50:27+00:00\",\"description\":\"Roosa tapeet pojengidega - sobita see s\u00f6\u00f6gitoa v\u00f5i magamistoa seinale. Tulemuseks on romantiline ja efektne stiil. Tr\u00fckitud fliistapeedi materjalile\",\"breadcrumb\":{\"@id\":\"https:\/\/baubauwall.com\/et\/toode\/pilttapeet-pojengipidu-roosa\/#breadcrumb\"},\"inLanguage\":\"et\",\"potentialAction\":[{\"@type\":\"ReadAction\",\"target\":[\"https:\/\/baubauwall.com\/et\/toode\/pilttapeet-pojengipidu-roosa\/\"]}]},{\"@type\":\"ImageObject\",\"inLanguage\":\"et\",\"@id\":\"https:\/\/baubauwall.com\/et\/toode\/pilttapeet-pojengipidu-roosa\/#primaryimage\",\"url\":\"https:\/\/baubauwall.com\/wp-content\/uploads\/2025\/08\/51200315_PeonyDaydream-SoftPink_Baubauwall_Wall_Mural_room1.jpg\",\"contentUrl\":\"https:\/\/baubauwall.com\/wp-content\/uploads\/2025\/08\/51200315_PeonyDaydream-SoftPink_Baubauwall_Wall_Mural_room1.jpg\",\"width\":2238,\"height\":1600,\"caption\":\"Pink peony wallpaper paired with matching sofa. Baubauwall wallpapers | Roosa pojengidega tapeet elutoas\"},{\"@type\":\"BreadcrumbList\",\"@id\":\"https:\/\/baubauwall.com\/et\/toode\/pilttapeet-pojengipidu-roosa\/#breadcrumb\",\"itemListElement\":[{\"@type\":\"ListItem\",\"position\":1,\"name\":\"Koju\",\"item\":\"https:\/\/baubauwall.com\/et\/\"},{\"@type\":\"ListItem\",\"position\":2,\"name\":\"Tapeedid\",\"item\":\"https:\/\/baubauwall.com\/et\/tapeedid\/\"},{\"@type\":\"ListItem\",\"position\":3,\"name\":\"Pojengipidu &#8211; heleroosa\"}]},{\"@type\":\"WebSite\",\"@id\":\"https:\/\/baubauwall.com\/et\/#website\",\"url\":\"https:\/\/baubauwall.com\/et\/\",\"name\":\"BAUBAUWALL Wallpapers\",\"description\":\"Valmis paanides tapeet Eestist!\",\"publisher\":{\"@id\":\"https:\/\/baubauwall.com\/et\/#organization\"},\"potentialAction\":[{\"@type\":\"SearchAction\",\"target\":{\"@type\":\"EntryPoint\",\"urlTemplate\":\"https:\/\/baubauwall.com\/et\/?s={search_term_string}\"},\"query-input\":{\"@type\":\"PropertyValueSpecification\",\"valueRequired\":true,\"valueName\":\"search_term_string\"}}],\"inLanguage\":\"et\"},{\"@type\":\"Organization\",\"@id\":\"https:\/\/baubauwall.com\/et\/#organization\",\"name\":\"BAUBAUWALL Wallpapers\",\"url\":\"https:\/\/baubauwall.com\/et\/\",\"logo\":{\"@type\":\"ImageObject\",\"inLanguage\":\"et\",\"@id\":\"https:\/\/baubauwall.com\/et\/#\/schema\/logo\/image\/\",\"url\":\"https:\/\/baubauwall.com\/wp-content\/uploads\/2022\/03\/logo-horizontal.svg\",\"contentUrl\":\"https:\/\/baubauwall.com\/wp-content\/uploads\/2022\/03\/logo-horizontal.svg\",\"width\":\"1024\",\"height\":\"1024\",\"caption\":\"BAUBAUWALL Wallpapers\"},\"image\":{\"@id\":\"https:\/\/baubauwall.com\/et\/#\/schema\/logo\/image\/\"},\"sameAs\":[\"https:\/\/www.facebook.com\/Baubauwall\",\"https:\/\/www.instagram.com\/baubauwall\"]}]}<\/script>\n<!-- \/ Yoast SEO plugin. -->","yoast_head_json":{"title":"Roosa tapeet pojengidega - BAUBAUWALL TAPEEDID disaintapeedid","description":"Roosa tapeet pojengidega - sobita see s\u00f6\u00f6gitoa v\u00f5i magamistoa seinale. Tulemuseks on romantiline ja efektne stiil. Tr\u00fckitud fliistapeedi materjalile","robots":{"index":"index","follow":"follow","max-snippet":"max-snippet:-1","max-image-preview":"max-image-preview:large","max-video-preview":"max-video-preview:-1"},"canonical":"https:\/\/baubauwall.com\/et\/toode\/pilttapeet-pojengipidu-roosa\/","og_locale":"et_EE","og_type":"article","og_title":"BAUBAUWALL TAPEEDID","og_description":"Roosa tapeet pojengidega - sobita see s\u00f6\u00f6gitoa v\u00f5i magamistoa seinale. Tulemuseks on romantiline ja efektne stiil. Tr\u00fckitud fliistapeedi materjalile","og_url":"https:\/\/baubauwall.com\/et\/toode\/pilttapeet-pojengipidu-roosa\/","og_site_name":"BAUBAUWALL TAPEEDID","article_publisher":"https:\/\/www.facebook.com\/Baubauwall","article_modified_time":"2025-08-13T13:50:27+00:00","og_image":[{"width":2560,"height":1440,"url":"https:\/\/baubauwall.com\/wp-content\/uploads\/2025\/08\/51200165_PeonyDaydream-Beige_Baubauwall_Wall_Mural_room1-scaled.jpg","type":"image\/jpeg"}],"twitter_card":"summary_large_image","twitter_misc":{"Est. reading time":"1 minut"},"schema":{"@context":"https:\/\/schema.org","@graph":[{"@type":"WebPage","@id":"https:\/\/baubauwall.com\/et\/toode\/pilttapeet-pojengipidu-roosa\/","url":"https:\/\/baubauwall.com\/et\/toode\/pilttapeet-pojengipidu-roosa\/","name":"Roosa tapeet pojengidega - BAUBAUWALL TAPEEDID disaintapeedid","isPartOf":{"@id":"https:\/\/baubauwall.com\/et\/#website"},"primaryImageOfPage":{"@id":"https:\/\/baubauwall.com\/et\/toode\/pilttapeet-pojengipidu-roosa\/#primaryimage"},"image":{"@id":"https:\/\/baubauwall.com\/et\/toode\/pilttapeet-pojengipidu-roosa\/#primaryimage"},"thumbnailUrl":"https:\/\/baubauwall.com\/wp-content\/uploads\/2025\/08\/51200315_PeonyDaydream-SoftPink_Baubauwall_Wall_Mural_room1.jpg","datePublished":"2025-08-12T10:26:44+00:00","dateModified":"2025-08-13T13:50:27+00:00","description":"Roosa tapeet pojengidega - sobita see s\u00f6\u00f6gitoa v\u00f5i magamistoa seinale. Tulemuseks on romantiline ja efektne stiil. Tr\u00fckitud fliistapeedi materjalile","breadcrumb":{"@id":"https:\/\/baubauwall.com\/et\/toode\/pilttapeet-pojengipidu-roosa\/#breadcrumb"},"inLanguage":"et","potentialAction":[{"@type":"ReadAction","target":["https:\/\/baubauwall.com\/et\/toode\/pilttapeet-pojengipidu-roosa\/"]}]},{"@type":"ImageObject","inLanguage":"et","@id":"https:\/\/baubauwall.com\/et\/toode\/pilttapeet-pojengipidu-roosa\/#primaryimage","url":"https:\/\/baubauwall.com\/wp-content\/uploads\/2025\/08\/51200315_PeonyDaydream-SoftPink_Baubauwall_Wall_Mural_room1.jpg","contentUrl":"https:\/\/baubauwall.com\/wp-content\/uploads\/2025\/08\/51200315_PeonyDaydream-SoftPink_Baubauwall_Wall_Mural_room1.jpg","width":2238,"height":1600,"caption":"Pink peony wallpaper paired with matching sofa. Baubauwall wallpapers | Roosa pojengidega tapeet elutoas"},{"@type":"BreadcrumbList","@id":"https:\/\/baubauwall.com\/et\/toode\/pilttapeet-pojengipidu-roosa\/#breadcrumb","itemListElement":[{"@type":"ListItem","position":1,"name":"Koju","item":"https:\/\/baubauwall.com\/et\/"},{"@type":"ListItem","position":2,"name":"Tapeedid","item":"https:\/\/baubauwall.com\/et\/tapeedid\/"},{"@type":"ListItem","position":3,"name":"Pojengipidu &#8211; heleroosa"}]},{"@type":"WebSite","@id":"https:\/\/baubauwall.com\/et\/#website","url":"https:\/\/baubauwall.com\/et\/","name":"BAUBAUWALL Wallpapers","description":"Valmis paanides tapeet Eestist!","publisher":{"@id":"https:\/\/baubauwall.com\/et\/#organization"},"potentialAction":[{"@type":"SearchAction","target":{"@type":"EntryPoint","urlTemplate":"https:\/\/baubauwall.com\/et\/?s={search_term_string}"},"query-input":{"@type":"PropertyValueSpecification","valueRequired":true,"valueName":"search_term_string"}}],"inLanguage":"et"},{"@type":"Organization","@id":"https:\/\/baubauwall.com\/et\/#organization","name":"BAUBAUWALL Wallpapers","url":"https:\/\/baubauwall.com\/et\/","logo":{"@type":"ImageObject","inLanguage":"et","@id":"https:\/\/baubauwall.com\/et\/#\/schema\/logo\/image\/","url":"https:\/\/baubauwall.com\/wp-content\/uploads\/2022\/03\/logo-horizontal.svg","contentUrl":"https:\/\/baubauwall.com\/wp-content\/uploads\/2022\/03\/logo-horizontal.svg","width":"1024","height":"1024","caption":"BAUBAUWALL Wallpapers"},"image":{"@id":"https:\/\/baubauwall.com\/et\/#\/schema\/logo\/image\/"},"sameAs":["https:\/\/www.facebook.com\/Baubauwall","https:\/\/www.instagram.com\/baubauwall"]}]}},"jetpack_sharing_enabled":true,"_links":{"self":[{"href":"https:\/\/baubauwall.com\/et\/wp-json\/wp\/v2\/product\/44198","targetHints":{"allow":["GET"]}}],"collection":[{"href":"https:\/\/baubauwall.com\/et\/wp-json\/wp\/v2\/product"}],"about":[{"href":"https:\/\/baubauwall.com\/et\/wp-json\/wp\/v2\/types\/product"}],"replies":[{"embeddable":true,"href":"https:\/\/baubauwall.com\/et\/wp-json\/wp\/v2\/comments?post=44198"}],"wp:featuredmedia":[{"embeddable":true,"href":"https:\/\/baubauwall.com\/et\/wp-json\/wp\/v2\/media\/44203"}],"wp:attachment":[{"href":"https:\/\/baubauwall.com\/et\/wp-json\/wp\/v2\/media?parent=44198"}],"wp:term":[{"taxonomy":"product_brand","embeddable":true,"href":"https:\/\/baubauwall.com\/et\/wp-json\/wp\/v2\/product_brand?post=44198"},{"taxonomy":"product_cat","embeddable":true,"href":"https:\/\/baubauwall.com\/et\/wp-json\/wp\/v2\/product_cat?post=44198"},{"taxonomy":"product_tag","embeddable":true,"href":"https:\/\/baubauwall.com\/et\/wp-json\/wp\/v2\/product_tag?post=44198"}],"curies":[{"name":"wp","href":"https:\/\/api.w.org\/{rel}","templated":true}]}}