{"id":44245,"date":"2025-08-13T11:15:58","date_gmt":"2025-08-13T09:15:58","guid":{"rendered":"https:\/\/baubauwall.com\/product\/photo-wallpaper-leafy-palm-vibes-green\/"},"modified":"2025-10-22T11:33:05","modified_gmt":"2025-10-22T09:33:05","slug":"fototapeet-palmisummeetria-heleroheline","status":"publish","type":"product","link":"https:\/\/baubauwall.com\/et\/toode\/fototapeet-palmisummeetria-heleroheline\/","title":{"rendered":"Fototapeet Palmis\u00fcmmeetria &#8211; heleroheline"},"content":{"rendered":"<section id=\"productContentSection\">\n<div class=\"container\">\n<div class=\"row w-75 mx-auto\">\n<div class=\"col-md-12\">\n<p>\u00c4kki see on teie j\u00e4rgmine magamistoa fototapeet? Troopiline, m\u00f5nusalt soojades toonides fototapeet, mis toob interj\u00f6\u00f6ri troopilist ilu. Palmilehed justkui kumavad l\u00e4bi p\u00e4ikesekiirte, lisades nii ruumile s\u00fcgavust ja elegantsi. See fototapeet sobib suurep\u00e4raselt aktsentseinaks, tuues troopika vahetult sinu elutuppa, magamistuppa v\u00f5i isegi kodukontorisse.<\/p>\n<p>See tapeet on ideaalne Sulle, kes armastavad troopilist stiili ja soovivad luua kodus rahuliku ja samas luksusliku meeleolu.<\/p>\n<p><strong>Miks valida fototapeet Baubauwallist? Sest me teeme<a href=\"https:\/\/baubauwall.com\/et\/nipid\/online-tapeedistuudiost-tapeedi-tellimine-on-veel-lihtsam\/\" target=\"_blank\" rel=\"noopener\">\u00a0tapeedi valimise,<\/a>\u00a0ostmise ja paigalduse lihtsaks.\u00a0<\/strong><\/p>\n<ul>\n<li style=\"list-style-type: none;\">\n<ul>\n<li>Tr\u00fckime t\u00e4pselt Sinu seina m\u00f5\u00f5dus tapeedi, siinsamas Eestis<\/li>\n<li>Just nii pikad tapeedipaanid, kui on Sinu sein \u2013<a href=\"https:\/\/baubauwall.com\/et\/kuidas-see-tootab\/\" target=\"_blank\" rel=\"noopener\">\u00a0vaata siit, kuidas see t\u00f6\u00f6tab<\/a>!<\/li>\n<li>Premium, matt fliistapeedi materjal, 100% taaskasutatud kiust<\/li>\n<li>M\u00fcrgivabad tr\u00fckiv\u00e4rvid, Greenguard sertifitseeritud<\/li>\n<li>Keskkonnas\u00f5bralik, j\u00e4\u00e4tmevaba tapeetimine<\/li>\n<li>Tasuta tapeediliim<\/li>\n<li>Tasuta transport ja kiire tarne 5 t\u00f6\u00f6p\u00e4evaga. Sina oota vaid s\u00f5numit paki saabumisest!<\/li>\n<\/ul>\n<\/li>\n<\/ul>\n<p><strong>N\u00e4iteks saate \u00d5htu! saatejuhid Robi ja J\u00fcri tr\u00fckkisid oma fotoga tapeedi ja\u00a0<a href=\"https:\/\/www.youtube.com\/watch?v=KFXm_oukaVA\" target=\"_blank\" rel=\"noopener\">panid selle seina! Vaata siit.<\/a><\/strong><\/p>\n<p><b>\u00a0<\/b><\/p>\n<\/div>\n<\/div>\n<\/div>\n<\/section>\n<section>\n<div class=\"container my-60 related-products\">\n<div class=\"row mt-120\">\n<div class=\"col-md-12\">\n<h3><\/h3>\n<\/div>\n<\/div>\n<\/div>\n<\/section>\n","protected":false},"excerpt":{"rendered":"<p>\u00c4kki see on teie j\u00e4rgmine magamistoa fototapeet? Troopiline, m\u00f5nusalt soojades toonides fototapeet, mis toob interj\u00f6\u00f6ri troopilist ilu. Palmilehed justkui kumavad l\u00e4bi p\u00e4ikesekiirte, lisades nii ruumile s\u00fcgavust ja elegantsi. See fototapeet sobib suurep\u00e4raselt aktsentseinaks, tuues troopika vahetult sinu elutuppa, magamistuppa v\u00f5i isegi kodukontorisse. See tapeet on ideaalne Sulle, kes armastavad troopilist stiili ja soovivad luua kodus [&hellip;]<\/p>\n","protected":false},"featured_media":44240,"comment_status":"open","ping_status":"closed","template":"","meta":{"_acf_changed":false,"inline_featured_image":false},"product_brand":[],"product_cat":[433,406,391,271,273,752,413,414,415,399,402,250,254],"product_tag":[563,454],"class_list":{"0":"post-44245","1":"product","2":"type-product","3":"status-publish","4":"has-post-thumbnail","6":"product_cat-fototapeedid","7":"product_cat-klassika","8":"product_cat-vahemereline","9":"product_cat-rohelised-tapeedid","10":"product_cat-heledad-tapeedid","11":"product_cat-avalik-ruum","12":"product_cat-magamistoa-tapeedid","13":"product_cat-soogitoa-tapeedid","14":"product_cat-kulalistetoa-tapeedid","15":"product_cat-kodukontori-tapeedid","16":"product_cat-elutoa-tapeedid","17":"product_cat-dzungel-troopika","18":"product_cat-loodus","19":"product_tag-biofiilia-stiil","20":"product_tag-fototapeet-et","22":"first","23":"instock","24":"taxable","25":"shipping-taxable","26":"purchasable","27":"product-type-simple"},"acf":[],"yoast_head":"<!-- This site is optimized with the Yoast SEO plugin v25.9 - https:\/\/yoast.com\/wordpress\/plugins\/seo\/ -->\n<title>Magamistoa fototapeet rohelise palmilehega<\/title>\n<meta name=\"description\" content=\"See ilus roheline disain v\u00f5iks olla Sinu magamistoa fototapeet! Mahedalt roheline tapeet, millega on lihtne sisustada. Tr\u00fckitud fliistapeedi materjalile.\" \/>\n<meta name=\"robots\" content=\"index, follow, max-snippet:-1, max-image-preview:large, max-video-preview:-1\" \/>\n<link rel=\"canonical\" href=\"https:\/\/baubauwall.com\/et\/toode\/fototapeet-palmisummeetria-heleroheline\/\" \/>\n<meta property=\"og:locale\" content=\"et_EE\" \/>\n<meta property=\"og:type\" content=\"article\" \/>\n<meta property=\"og:title\" content=\"BAUBAUWALL TAPEEDID\" \/>\n<meta property=\"og:description\" content=\"See ilus roheline disain v\u00f5iks olla Sinu magamistoa fototapeet! Mahedalt roheline tapeet, millega on lihtne sisustada. Tr\u00fckitud fliistapeedi materjalile.\" \/>\n<meta property=\"og:url\" content=\"https:\/\/baubauwall.com\/et\/toode\/fototapeet-palmisummeetria-heleroheline\/\" \/>\n<meta property=\"og:site_name\" content=\"BAUBAUWALL TAPEEDID\" \/>\n<meta property=\"article:publisher\" content=\"https:\/\/www.facebook.com\/Baubauwall\" \/>\n<meta property=\"article:modified_time\" content=\"2025-10-22T09:33:05+00:00\" \/>\n<meta property=\"og:image\" content=\"https:\/\/baubauwall.com\/wp-content\/uploads\/2022\/03\/51300033_LeafyPalmVibes-Green_Baubauwall_Wall_Photo_Wallpaper_room2.jpg\" \/>\n\t<meta property=\"og:image:width\" content=\"1600\" \/>\n\t<meta property=\"og:image:height\" content=\"1600\" \/>\n\t<meta property=\"og:image:type\" content=\"image\/jpeg\" \/>\n<meta name=\"twitter:card\" content=\"summary_large_image\" \/>\n<meta name=\"twitter:label1\" content=\"Est. reading time\" \/>\n\t<meta name=\"twitter:data1\" content=\"1 minut\" \/>\n<script type=\"application\/ld+json\" class=\"yoast-schema-graph\">{\"@context\":\"https:\/\/schema.org\",\"@graph\":[{\"@type\":\"WebPage\",\"@id\":\"https:\/\/baubauwall.com\/et\/toode\/fototapeet-palmisummeetria-heleroheline\/\",\"url\":\"https:\/\/baubauwall.com\/et\/toode\/fototapeet-palmisummeetria-heleroheline\/\",\"name\":\"Magamistoa fototapeet rohelise palmilehega\",\"isPartOf\":{\"@id\":\"https:\/\/baubauwall.com\/et\/#website\"},\"primaryImageOfPage\":{\"@id\":\"https:\/\/baubauwall.com\/et\/toode\/fototapeet-palmisummeetria-heleroheline\/#primaryimage\"},\"image\":{\"@id\":\"https:\/\/baubauwall.com\/et\/toode\/fototapeet-palmisummeetria-heleroheline\/#primaryimage\"},\"thumbnailUrl\":\"https:\/\/baubauwall.com\/wp-content\/uploads\/2022\/03\/51300033_LeafyPalmVibes-Green_Baubauwall_Wall_Photo_Wallpaper_room3.jpg\",\"datePublished\":\"2025-08-13T09:15:58+00:00\",\"dateModified\":\"2025-10-22T09:33:05+00:00\",\"description\":\"See ilus roheline disain v\u00f5iks olla Sinu magamistoa fototapeet! Mahedalt roheline tapeet, millega on lihtne sisustada. Tr\u00fckitud fliistapeedi materjalile.\",\"breadcrumb\":{\"@id\":\"https:\/\/baubauwall.com\/et\/toode\/fototapeet-palmisummeetria-heleroheline\/#breadcrumb\"},\"inLanguage\":\"et\",\"potentialAction\":[{\"@type\":\"ReadAction\",\"target\":[\"https:\/\/baubauwall.com\/et\/toode\/fototapeet-palmisummeetria-heleroheline\/\"]}]},{\"@type\":\"ImageObject\",\"inLanguage\":\"et\",\"@id\":\"https:\/\/baubauwall.com\/et\/toode\/fototapeet-palmisummeetria-heleroheline\/#primaryimage\",\"url\":\"https:\/\/baubauwall.com\/wp-content\/uploads\/2022\/03\/51300033_LeafyPalmVibes-Green_Baubauwall_Wall_Photo_Wallpaper_room3.jpg\",\"contentUrl\":\"https:\/\/baubauwall.com\/wp-content\/uploads\/2022\/03\/51300033_LeafyPalmVibes-Green_Baubauwall_Wall_Photo_Wallpaper_room3.jpg\",\"width\":1600,\"height\":1600,\"caption\":\"\"},{\"@type\":\"BreadcrumbList\",\"@id\":\"https:\/\/baubauwall.com\/et\/toode\/fototapeet-palmisummeetria-heleroheline\/#breadcrumb\",\"itemListElement\":[{\"@type\":\"ListItem\",\"position\":1,\"name\":\"Koju\",\"item\":\"https:\/\/baubauwall.com\/et\/\"},{\"@type\":\"ListItem\",\"position\":2,\"name\":\"Tapeedid\",\"item\":\"https:\/\/baubauwall.com\/et\/tapeedid\/\"},{\"@type\":\"ListItem\",\"position\":3,\"name\":\"Fototapeet Palmis\u00fcmmeetria &#8211; heleroheline\"}]},{\"@type\":\"WebSite\",\"@id\":\"https:\/\/baubauwall.com\/et\/#website\",\"url\":\"https:\/\/baubauwall.com\/et\/\",\"name\":\"BAUBAUWALL Wallpapers\",\"description\":\"Valmis paanides tapeet Eestist!\",\"publisher\":{\"@id\":\"https:\/\/baubauwall.com\/et\/#organization\"},\"potentialAction\":[{\"@type\":\"SearchAction\",\"target\":{\"@type\":\"EntryPoint\",\"urlTemplate\":\"https:\/\/baubauwall.com\/et\/?s={search_term_string}\"},\"query-input\":{\"@type\":\"PropertyValueSpecification\",\"valueRequired\":true,\"valueName\":\"search_term_string\"}}],\"inLanguage\":\"et\"},{\"@type\":\"Organization\",\"@id\":\"https:\/\/baubauwall.com\/et\/#organization\",\"name\":\"BAUBAUWALL Wallpapers\",\"url\":\"https:\/\/baubauwall.com\/et\/\",\"logo\":{\"@type\":\"ImageObject\",\"inLanguage\":\"et\",\"@id\":\"https:\/\/baubauwall.com\/et\/#\/schema\/logo\/image\/\",\"url\":\"https:\/\/baubauwall.com\/wp-content\/uploads\/2022\/03\/logo-horizontal.svg\",\"contentUrl\":\"https:\/\/baubauwall.com\/wp-content\/uploads\/2022\/03\/logo-horizontal.svg\",\"width\":\"1024\",\"height\":\"1024\",\"caption\":\"BAUBAUWALL Wallpapers\"},\"image\":{\"@id\":\"https:\/\/baubauwall.com\/et\/#\/schema\/logo\/image\/\"},\"sameAs\":[\"https:\/\/www.facebook.com\/Baubauwall\",\"https:\/\/www.instagram.com\/baubauwall\"]}]}<\/script>\n<!-- \/ Yoast SEO plugin. -->","yoast_head_json":{"title":"Magamistoa fototapeet rohelise palmilehega","description":"See ilus roheline disain v\u00f5iks olla Sinu magamistoa fototapeet! Mahedalt roheline tapeet, millega on lihtne sisustada. Tr\u00fckitud fliistapeedi materjalile.","robots":{"index":"index","follow":"follow","max-snippet":"max-snippet:-1","max-image-preview":"max-image-preview:large","max-video-preview":"max-video-preview:-1"},"canonical":"https:\/\/baubauwall.com\/et\/toode\/fototapeet-palmisummeetria-heleroheline\/","og_locale":"et_EE","og_type":"article","og_title":"BAUBAUWALL TAPEEDID","og_description":"See ilus roheline disain v\u00f5iks olla Sinu magamistoa fototapeet! Mahedalt roheline tapeet, millega on lihtne sisustada. Tr\u00fckitud fliistapeedi materjalile.","og_url":"https:\/\/baubauwall.com\/et\/toode\/fototapeet-palmisummeetria-heleroheline\/","og_site_name":"BAUBAUWALL TAPEEDID","article_publisher":"https:\/\/www.facebook.com\/Baubauwall","article_modified_time":"2025-10-22T09:33:05+00:00","og_image":[{"width":1600,"height":1600,"url":"https:\/\/baubauwall.com\/wp-content\/uploads\/2022\/03\/51300033_LeafyPalmVibes-Green_Baubauwall_Wall_Photo_Wallpaper_room2.jpg","type":"image\/jpeg"}],"twitter_card":"summary_large_image","twitter_misc":{"Est. reading time":"1 minut"},"schema":{"@context":"https:\/\/schema.org","@graph":[{"@type":"WebPage","@id":"https:\/\/baubauwall.com\/et\/toode\/fototapeet-palmisummeetria-heleroheline\/","url":"https:\/\/baubauwall.com\/et\/toode\/fototapeet-palmisummeetria-heleroheline\/","name":"Magamistoa fototapeet rohelise palmilehega","isPartOf":{"@id":"https:\/\/baubauwall.com\/et\/#website"},"primaryImageOfPage":{"@id":"https:\/\/baubauwall.com\/et\/toode\/fototapeet-palmisummeetria-heleroheline\/#primaryimage"},"image":{"@id":"https:\/\/baubauwall.com\/et\/toode\/fototapeet-palmisummeetria-heleroheline\/#primaryimage"},"thumbnailUrl":"https:\/\/baubauwall.com\/wp-content\/uploads\/2022\/03\/51300033_LeafyPalmVibes-Green_Baubauwall_Wall_Photo_Wallpaper_room3.jpg","datePublished":"2025-08-13T09:15:58+00:00","dateModified":"2025-10-22T09:33:05+00:00","description":"See ilus roheline disain v\u00f5iks olla Sinu magamistoa fototapeet! Mahedalt roheline tapeet, millega on lihtne sisustada. Tr\u00fckitud fliistapeedi materjalile.","breadcrumb":{"@id":"https:\/\/baubauwall.com\/et\/toode\/fototapeet-palmisummeetria-heleroheline\/#breadcrumb"},"inLanguage":"et","potentialAction":[{"@type":"ReadAction","target":["https:\/\/baubauwall.com\/et\/toode\/fototapeet-palmisummeetria-heleroheline\/"]}]},{"@type":"ImageObject","inLanguage":"et","@id":"https:\/\/baubauwall.com\/et\/toode\/fototapeet-palmisummeetria-heleroheline\/#primaryimage","url":"https:\/\/baubauwall.com\/wp-content\/uploads\/2022\/03\/51300033_LeafyPalmVibes-Green_Baubauwall_Wall_Photo_Wallpaper_room3.jpg","contentUrl":"https:\/\/baubauwall.com\/wp-content\/uploads\/2022\/03\/51300033_LeafyPalmVibes-Green_Baubauwall_Wall_Photo_Wallpaper_room3.jpg","width":1600,"height":1600,"caption":""},{"@type":"BreadcrumbList","@id":"https:\/\/baubauwall.com\/et\/toode\/fototapeet-palmisummeetria-heleroheline\/#breadcrumb","itemListElement":[{"@type":"ListItem","position":1,"name":"Koju","item":"https:\/\/baubauwall.com\/et\/"},{"@type":"ListItem","position":2,"name":"Tapeedid","item":"https:\/\/baubauwall.com\/et\/tapeedid\/"},{"@type":"ListItem","position":3,"name":"Fototapeet Palmis\u00fcmmeetria &#8211; heleroheline"}]},{"@type":"WebSite","@id":"https:\/\/baubauwall.com\/et\/#website","url":"https:\/\/baubauwall.com\/et\/","name":"BAUBAUWALL Wallpapers","description":"Valmis paanides tapeet Eestist!","publisher":{"@id":"https:\/\/baubauwall.com\/et\/#organization"},"potentialAction":[{"@type":"SearchAction","target":{"@type":"EntryPoint","urlTemplate":"https:\/\/baubauwall.com\/et\/?s={search_term_string}"},"query-input":{"@type":"PropertyValueSpecification","valueRequired":true,"valueName":"search_term_string"}}],"inLanguage":"et"},{"@type":"Organization","@id":"https:\/\/baubauwall.com\/et\/#organization","name":"BAUBAUWALL Wallpapers","url":"https:\/\/baubauwall.com\/et\/","logo":{"@type":"ImageObject","inLanguage":"et","@id":"https:\/\/baubauwall.com\/et\/#\/schema\/logo\/image\/","url":"https:\/\/baubauwall.com\/wp-content\/uploads\/2022\/03\/logo-horizontal.svg","contentUrl":"https:\/\/baubauwall.com\/wp-content\/uploads\/2022\/03\/logo-horizontal.svg","width":"1024","height":"1024","caption":"BAUBAUWALL Wallpapers"},"image":{"@id":"https:\/\/baubauwall.com\/et\/#\/schema\/logo\/image\/"},"sameAs":["https:\/\/www.facebook.com\/Baubauwall","https:\/\/www.instagram.com\/baubauwall"]}]}},"jetpack_sharing_enabled":true,"_links":{"self":[{"href":"https:\/\/baubauwall.com\/et\/wp-json\/wp\/v2\/product\/44245","targetHints":{"allow":["GET"]}}],"collection":[{"href":"https:\/\/baubauwall.com\/et\/wp-json\/wp\/v2\/product"}],"about":[{"href":"https:\/\/baubauwall.com\/et\/wp-json\/wp\/v2\/types\/product"}],"replies":[{"embeddable":true,"href":"https:\/\/baubauwall.com\/et\/wp-json\/wp\/v2\/comments?post=44245"}],"wp:featuredmedia":[{"embeddable":true,"href":"https:\/\/baubauwall.com\/et\/wp-json\/wp\/v2\/media\/44240"}],"wp:attachment":[{"href":"https:\/\/baubauwall.com\/et\/wp-json\/wp\/v2\/media?parent=44245"}],"wp:term":[{"taxonomy":"product_brand","embeddable":true,"href":"https:\/\/baubauwall.com\/et\/wp-json\/wp\/v2\/product_brand?post=44245"},{"taxonomy":"product_cat","embeddable":true,"href":"https:\/\/baubauwall.com\/et\/wp-json\/wp\/v2\/product_cat?post=44245"},{"taxonomy":"product_tag","embeddable":true,"href":"https:\/\/baubauwall.com\/et\/wp-json\/wp\/v2\/product_tag?post=44245"}],"curies":[{"name":"wp","href":"https:\/\/api.w.org\/{rel}","templated":true}]}}