{"id":44295,"date":"2025-08-13T11:45:12","date_gmt":"2025-08-13T09:45:12","guid":{"rendered":"https:\/\/baubauwall.com\/product\/repeat-pattern-wallpaper-blushing-peonies-ivory\/"},"modified":"2025-09-12T10:24:30","modified_gmt":"2025-09-12T08:24:30","slug":"tapeet-pojengidega-pai-beez","status":"publish","type":"product","link":"https:\/\/baubauwall.com\/et\/toode\/tapeet-pojengidega-pai-beez\/","title":{"rendered":"Pojengide pai &#8211; bee\u017e"},"content":{"rendered":"<p data-start=\"2136\" data-end=\"2336\">Hele tapeet pojengidega, mis teeb seintele pai! Bee\u017e pojengidega tapeet on disain, mis toob tuppa sooja valguse ja ajatu pehmuse. Pojengide Pai bee\u017eis toonis on rahulik ja neutraalne valik, mis sulandub interj\u00f6\u00f6ri ning laseb nii m\u00f6\u00f6blil kui kunstil s\u00e4rada. Bee\u017e taust loob hubase atmosf\u00e4\u00e4ri, mis sobib suurep\u00e4raselt elutoa fookusseinaks v\u00f5i magamistoa rahulikuks taustaks. Lilleline kordusmuster lisab m\u00f5\u00f5det, kuid ei muuda ruumi visuaalselt v\u00e4iksemaks.<\/p>\n<p data-start=\"2538\" data-end=\"2737\">Kombineeri bee\u017ei tapeeti soojade puidutoonide ja valgega, lisades juurde naturaalset tekstiili &#8211; linane v\u00f5i puuvillane. Rohelised toataimed ja messingutoonid annavad veelgi kodusust ja soojust.<\/p>\n<p data-start=\"2739\" data-end=\"2916\">Kui otsid tapeeti, mis on sama ajatu kui lemmikpleed, on see pojengidega hele tapeet kaunis valik.<\/p>\n<p><strong>Miks osta tapeet siit? Me teeme tapeetimise lihtsaks ja inspireerivaks.<\/strong><\/p>\n<ul>\n<li><a href=\"https:\/\/kodu.postimees.ee\/8277872\/eestis-loodud-digiteenus-mis-muudab-tapeetimise-lihtsaks-ja-isikuparaseks\" target=\"_blank\" rel=\"noopener\"><strong>Eesti ettev\u00f5te, Eesti disain<\/strong><\/a><\/li>\n<li><strong>Nummerdatud tapeedipaanid lihtsaks tapeetimiseks<\/strong><\/li>\n<li><strong>Just nii pikad tapeedipaanid, kui on Sinu sein \u2013<a href=\"https:\/\/baubauwall.com\/et\/kuidas-see-tootab\/\" target=\"_blank\" rel=\"noopener\">\u00a0vaata siit, kuidas see t\u00f6\u00f6tab<\/a>!<\/strong><\/li>\n<li><strong>Premium, matt fliistapeedi materjal<\/strong><\/li>\n<li><strong>M\u00fcrgivabad tr\u00fckiv\u00e4rvid, Greenguard sertifitseeritud<\/strong><\/li>\n<li><strong>Keskkonnas\u00f5bralik, j\u00e4\u00e4tmevaba tapeetimine<\/strong><\/li>\n<li><strong>Tasuta tapeediliim<\/strong><\/li>\n<li><strong>Tasuta transport ja kiire tarne 5 t\u00f6\u00f6p\u00e4evaga<\/strong><\/li>\n<\/ul>\n","protected":false},"excerpt":{"rendered":"<p>Hele tapeet pojengidega, mis teeb seintele pai! Bee\u017e pojengidega tapeet on disain, mis toob tuppa sooja valguse ja ajatu pehmuse. Pojengide Pai bee\u017eis toonis on rahulik ja neutraalne valik, mis sulandub interj\u00f6\u00f6ri ning laseb nii m\u00f6\u00f6blil kui kunstil s\u00e4rada. Bee\u017e taust loob hubase atmosf\u00e4\u00e4ri, mis sobib suurep\u00e4raselt elutoa fookusseinaks v\u00f5i magamistoa rahulikuks taustaks. Lilleline kordusmuster [&hellip;]<\/p>\n","protected":false},"featured_media":44280,"comment_status":"open","ping_status":"closed","template":"","meta":{"_acf_changed":false,"inline_featured_image":false},"product_brand":[],"product_cat":[386,265,273,276,752,413,400,414,415,416,399,402,254,260,561],"product_tag":[],"class_list":{"0":"post-44295","1":"product","2":"type-product","3":"status-publish","4":"has-post-thumbnail","6":"product_cat-kordusmustriga-tapeedid","7":"product_cat-beezid-tapeedid","8":"product_cat-heledad-tapeedid","9":"product_cat-pastelsed-tapeedid","10":"product_cat-avalik-ruum","11":"product_cat-magamistoa-tapeedid","12":"product_cat-lastetoa-tapeedid","13":"product_cat-soogitoa-tapeedid","14":"product_cat-kulalistetoa-tapeedid","15":"product_cat-esiku-tapeedid","16":"product_cat-kodukontori-tapeedid","17":"product_cat-elutoa-tapeedid","18":"product_cat-loodus","19":"product_cat-lilled","20":"product_cat-suvised-tapeedid","21":"pa_designedby-triinu-silla","23":"first","24":"instock","25":"taxable","26":"shipping-taxable","27":"purchasable","28":"product-type-simple"},"acf":[],"yoast_head":"<!-- This site is optimized with the Yoast SEO plugin v25.9 - https:\/\/yoast.com\/wordpress\/plugins\/seo\/ -->\n<title>Pojengidega hele tapeet - Pojengide pai - bee\u017e - BAUBAUWALL TAPEEDID<\/title>\n<meta name=\"description\" content=\"Pojengidega hele tapeet - klassika! Romantiline tapeet pojeng\u00f5itega sobib h\u00e4sti magamistoa seinale v\u00f5i ajaloolise interj\u00f6\u00f6ri elutuppa.\" \/>\n<meta name=\"robots\" content=\"index, follow, max-snippet:-1, max-image-preview:large, max-video-preview:-1\" \/>\n<link rel=\"canonical\" href=\"https:\/\/baubauwall.com\/et\/toode\/tapeet-pojengidega-pai-beez\/\" \/>\n<meta property=\"og:locale\" content=\"et_EE\" \/>\n<meta property=\"og:type\" content=\"article\" \/>\n<meta property=\"og:title\" content=\"BAUBAUWALL TAPEEDID\" \/>\n<meta property=\"og:description\" content=\"Pojengidega hele tapeet - klassika! Romantiline tapeet pojeng\u00f5itega sobib h\u00e4sti magamistoa seinale v\u00f5i ajaloolise interj\u00f6\u00f6ri elutuppa.\" \/>\n<meta property=\"og:url\" content=\"https:\/\/baubauwall.com\/et\/toode\/tapeet-pojengidega-pai-beez\/\" \/>\n<meta property=\"og:site_name\" content=\"BAUBAUWALL TAPEEDID\" \/>\n<meta property=\"article:publisher\" content=\"https:\/\/www.facebook.com\/Baubauwall\" \/>\n<meta property=\"article:modified_time\" content=\"2025-09-12T08:24:30+00:00\" \/>\n<meta property=\"og:image\" content=\"https:\/\/baubauwall.com\/wp-content\/uploads\/2024\/11\/51100490_BlushingPeonies-Ivory_Baubauwall_Wallpaper_room4.jpg\" \/>\n\t<meta property=\"og:image:width\" content=\"1600\" \/>\n\t<meta property=\"og:image:height\" content=\"1600\" \/>\n\t<meta property=\"og:image:type\" content=\"image\/jpeg\" \/>\n<meta name=\"twitter:card\" content=\"summary_large_image\" \/>\n<meta name=\"twitter:label1\" content=\"Est. reading time\" \/>\n\t<meta name=\"twitter:data1\" content=\"1 minut\" \/>\n<script type=\"application\/ld+json\" class=\"yoast-schema-graph\">{\"@context\":\"https:\/\/schema.org\",\"@graph\":[{\"@type\":\"WebPage\",\"@id\":\"https:\/\/baubauwall.com\/et\/toode\/tapeet-pojengidega-pai-beez\/\",\"url\":\"https:\/\/baubauwall.com\/et\/toode\/tapeet-pojengidega-pai-beez\/\",\"name\":\"Pojengidega hele tapeet - Pojengide pai - bee\u017e - BAUBAUWALL TAPEEDID\",\"isPartOf\":{\"@id\":\"https:\/\/baubauwall.com\/et\/#website\"},\"primaryImageOfPage\":{\"@id\":\"https:\/\/baubauwall.com\/et\/toode\/tapeet-pojengidega-pai-beez\/#primaryimage\"},\"image\":{\"@id\":\"https:\/\/baubauwall.com\/et\/toode\/tapeet-pojengidega-pai-beez\/#primaryimage\"},\"thumbnailUrl\":\"https:\/\/baubauwall.com\/wp-content\/uploads\/2024\/11\/51100490_BlushingPeonies-Ivory_Baubauwall_Wallpaper_room1.jpg\",\"datePublished\":\"2025-08-13T09:45:12+00:00\",\"dateModified\":\"2025-09-12T08:24:30+00:00\",\"description\":\"Pojengidega hele tapeet - klassika! Romantiline tapeet pojeng\u00f5itega sobib h\u00e4sti magamistoa seinale v\u00f5i ajaloolise interj\u00f6\u00f6ri elutuppa.\",\"breadcrumb\":{\"@id\":\"https:\/\/baubauwall.com\/et\/toode\/tapeet-pojengidega-pai-beez\/#breadcrumb\"},\"inLanguage\":\"et\",\"potentialAction\":[{\"@type\":\"ReadAction\",\"target\":[\"https:\/\/baubauwall.com\/et\/toode\/tapeet-pojengidega-pai-beez\/\"]}]},{\"@type\":\"ImageObject\",\"inLanguage\":\"et\",\"@id\":\"https:\/\/baubauwall.com\/et\/toode\/tapeet-pojengidega-pai-beez\/#primaryimage\",\"url\":\"https:\/\/baubauwall.com\/wp-content\/uploads\/2024\/11\/51100490_BlushingPeonies-Ivory_Baubauwall_Wallpaper_room1.jpg\",\"contentUrl\":\"https:\/\/baubauwall.com\/wp-content\/uploads\/2024\/11\/51100490_BlushingPeonies-Ivory_Baubauwall_Wallpaper_room1.jpg\",\"width\":897,\"height\":1600,\"caption\":\"Bee\u017e tapeet pojengidega\"},{\"@type\":\"BreadcrumbList\",\"@id\":\"https:\/\/baubauwall.com\/et\/toode\/tapeet-pojengidega-pai-beez\/#breadcrumb\",\"itemListElement\":[{\"@type\":\"ListItem\",\"position\":1,\"name\":\"Koju\",\"item\":\"https:\/\/baubauwall.com\/et\/\"},{\"@type\":\"ListItem\",\"position\":2,\"name\":\"Tapeedid\",\"item\":\"https:\/\/baubauwall.com\/et\/tapeedid\/\"},{\"@type\":\"ListItem\",\"position\":3,\"name\":\"Pojengide pai &#8211; bee\u017e\"}]},{\"@type\":\"WebSite\",\"@id\":\"https:\/\/baubauwall.com\/et\/#website\",\"url\":\"https:\/\/baubauwall.com\/et\/\",\"name\":\"BAUBAUWALL Wallpapers\",\"description\":\"Valmis paanides tapeet Eestist!\",\"publisher\":{\"@id\":\"https:\/\/baubauwall.com\/et\/#organization\"},\"potentialAction\":[{\"@type\":\"SearchAction\",\"target\":{\"@type\":\"EntryPoint\",\"urlTemplate\":\"https:\/\/baubauwall.com\/et\/?s={search_term_string}\"},\"query-input\":{\"@type\":\"PropertyValueSpecification\",\"valueRequired\":true,\"valueName\":\"search_term_string\"}}],\"inLanguage\":\"et\"},{\"@type\":\"Organization\",\"@id\":\"https:\/\/baubauwall.com\/et\/#organization\",\"name\":\"BAUBAUWALL Wallpapers\",\"url\":\"https:\/\/baubauwall.com\/et\/\",\"logo\":{\"@type\":\"ImageObject\",\"inLanguage\":\"et\",\"@id\":\"https:\/\/baubauwall.com\/et\/#\/schema\/logo\/image\/\",\"url\":\"https:\/\/baubauwall.com\/wp-content\/uploads\/2022\/03\/logo-horizontal.svg\",\"contentUrl\":\"https:\/\/baubauwall.com\/wp-content\/uploads\/2022\/03\/logo-horizontal.svg\",\"width\":\"1024\",\"height\":\"1024\",\"caption\":\"BAUBAUWALL Wallpapers\"},\"image\":{\"@id\":\"https:\/\/baubauwall.com\/et\/#\/schema\/logo\/image\/\"},\"sameAs\":[\"https:\/\/www.facebook.com\/Baubauwall\",\"https:\/\/www.instagram.com\/baubauwall\"]}]}<\/script>\n<!-- \/ Yoast SEO plugin. -->","yoast_head_json":{"title":"Pojengidega hele tapeet - Pojengide pai - bee\u017e - BAUBAUWALL TAPEEDID","description":"Pojengidega hele tapeet - klassika! Romantiline tapeet pojeng\u00f5itega sobib h\u00e4sti magamistoa seinale v\u00f5i ajaloolise interj\u00f6\u00f6ri elutuppa.","robots":{"index":"index","follow":"follow","max-snippet":"max-snippet:-1","max-image-preview":"max-image-preview:large","max-video-preview":"max-video-preview:-1"},"canonical":"https:\/\/baubauwall.com\/et\/toode\/tapeet-pojengidega-pai-beez\/","og_locale":"et_EE","og_type":"article","og_title":"BAUBAUWALL TAPEEDID","og_description":"Pojengidega hele tapeet - klassika! Romantiline tapeet pojeng\u00f5itega sobib h\u00e4sti magamistoa seinale v\u00f5i ajaloolise interj\u00f6\u00f6ri elutuppa.","og_url":"https:\/\/baubauwall.com\/et\/toode\/tapeet-pojengidega-pai-beez\/","og_site_name":"BAUBAUWALL TAPEEDID","article_publisher":"https:\/\/www.facebook.com\/Baubauwall","article_modified_time":"2025-09-12T08:24:30+00:00","og_image":[{"width":1600,"height":1600,"url":"https:\/\/baubauwall.com\/wp-content\/uploads\/2024\/11\/51100490_BlushingPeonies-Ivory_Baubauwall_Wallpaper_room4.jpg","type":"image\/jpeg"}],"twitter_card":"summary_large_image","twitter_misc":{"Est. reading time":"1 minut"},"schema":{"@context":"https:\/\/schema.org","@graph":[{"@type":"WebPage","@id":"https:\/\/baubauwall.com\/et\/toode\/tapeet-pojengidega-pai-beez\/","url":"https:\/\/baubauwall.com\/et\/toode\/tapeet-pojengidega-pai-beez\/","name":"Pojengidega hele tapeet - Pojengide pai - bee\u017e - BAUBAUWALL TAPEEDID","isPartOf":{"@id":"https:\/\/baubauwall.com\/et\/#website"},"primaryImageOfPage":{"@id":"https:\/\/baubauwall.com\/et\/toode\/tapeet-pojengidega-pai-beez\/#primaryimage"},"image":{"@id":"https:\/\/baubauwall.com\/et\/toode\/tapeet-pojengidega-pai-beez\/#primaryimage"},"thumbnailUrl":"https:\/\/baubauwall.com\/wp-content\/uploads\/2024\/11\/51100490_BlushingPeonies-Ivory_Baubauwall_Wallpaper_room1.jpg","datePublished":"2025-08-13T09:45:12+00:00","dateModified":"2025-09-12T08:24:30+00:00","description":"Pojengidega hele tapeet - klassika! Romantiline tapeet pojeng\u00f5itega sobib h\u00e4sti magamistoa seinale v\u00f5i ajaloolise interj\u00f6\u00f6ri elutuppa.","breadcrumb":{"@id":"https:\/\/baubauwall.com\/et\/toode\/tapeet-pojengidega-pai-beez\/#breadcrumb"},"inLanguage":"et","potentialAction":[{"@type":"ReadAction","target":["https:\/\/baubauwall.com\/et\/toode\/tapeet-pojengidega-pai-beez\/"]}]},{"@type":"ImageObject","inLanguage":"et","@id":"https:\/\/baubauwall.com\/et\/toode\/tapeet-pojengidega-pai-beez\/#primaryimage","url":"https:\/\/baubauwall.com\/wp-content\/uploads\/2024\/11\/51100490_BlushingPeonies-Ivory_Baubauwall_Wallpaper_room1.jpg","contentUrl":"https:\/\/baubauwall.com\/wp-content\/uploads\/2024\/11\/51100490_BlushingPeonies-Ivory_Baubauwall_Wallpaper_room1.jpg","width":897,"height":1600,"caption":"Bee\u017e tapeet pojengidega"},{"@type":"BreadcrumbList","@id":"https:\/\/baubauwall.com\/et\/toode\/tapeet-pojengidega-pai-beez\/#breadcrumb","itemListElement":[{"@type":"ListItem","position":1,"name":"Koju","item":"https:\/\/baubauwall.com\/et\/"},{"@type":"ListItem","position":2,"name":"Tapeedid","item":"https:\/\/baubauwall.com\/et\/tapeedid\/"},{"@type":"ListItem","position":3,"name":"Pojengide pai &#8211; bee\u017e"}]},{"@type":"WebSite","@id":"https:\/\/baubauwall.com\/et\/#website","url":"https:\/\/baubauwall.com\/et\/","name":"BAUBAUWALL Wallpapers","description":"Valmis paanides tapeet Eestist!","publisher":{"@id":"https:\/\/baubauwall.com\/et\/#organization"},"potentialAction":[{"@type":"SearchAction","target":{"@type":"EntryPoint","urlTemplate":"https:\/\/baubauwall.com\/et\/?s={search_term_string}"},"query-input":{"@type":"PropertyValueSpecification","valueRequired":true,"valueName":"search_term_string"}}],"inLanguage":"et"},{"@type":"Organization","@id":"https:\/\/baubauwall.com\/et\/#organization","name":"BAUBAUWALL Wallpapers","url":"https:\/\/baubauwall.com\/et\/","logo":{"@type":"ImageObject","inLanguage":"et","@id":"https:\/\/baubauwall.com\/et\/#\/schema\/logo\/image\/","url":"https:\/\/baubauwall.com\/wp-content\/uploads\/2022\/03\/logo-horizontal.svg","contentUrl":"https:\/\/baubauwall.com\/wp-content\/uploads\/2022\/03\/logo-horizontal.svg","width":"1024","height":"1024","caption":"BAUBAUWALL Wallpapers"},"image":{"@id":"https:\/\/baubauwall.com\/et\/#\/schema\/logo\/image\/"},"sameAs":["https:\/\/www.facebook.com\/Baubauwall","https:\/\/www.instagram.com\/baubauwall"]}]}},"jetpack_sharing_enabled":true,"_links":{"self":[{"href":"https:\/\/baubauwall.com\/et\/wp-json\/wp\/v2\/product\/44295","targetHints":{"allow":["GET"]}}],"collection":[{"href":"https:\/\/baubauwall.com\/et\/wp-json\/wp\/v2\/product"}],"about":[{"href":"https:\/\/baubauwall.com\/et\/wp-json\/wp\/v2\/types\/product"}],"replies":[{"embeddable":true,"href":"https:\/\/baubauwall.com\/et\/wp-json\/wp\/v2\/comments?post=44295"}],"wp:featuredmedia":[{"embeddable":true,"href":"https:\/\/baubauwall.com\/et\/wp-json\/wp\/v2\/media\/44280"}],"wp:attachment":[{"href":"https:\/\/baubauwall.com\/et\/wp-json\/wp\/v2\/media?parent=44295"}],"wp:term":[{"taxonomy":"product_brand","embeddable":true,"href":"https:\/\/baubauwall.com\/et\/wp-json\/wp\/v2\/product_brand?post=44295"},{"taxonomy":"product_cat","embeddable":true,"href":"https:\/\/baubauwall.com\/et\/wp-json\/wp\/v2\/product_cat?post=44295"},{"taxonomy":"product_tag","embeddable":true,"href":"https:\/\/baubauwall.com\/et\/wp-json\/wp\/v2\/product_tag?post=44295"}],"curies":[{"name":"wp","href":"https:\/\/api.w.org\/{rel}","templated":true}]}}