{"id":44345,"date":"2025-08-08T02:45:12","date_gmt":"2025-08-08T00:45:12","guid":{"rendered":"https:\/\/baubauwall.com\/product\/repeat-pattern-wallpaper-blushing-peonies-pink\/"},"modified":"2025-08-14T10:51:27","modified_gmt":"2025-08-14T08:51:27","slug":"tapeet-pojengide-pai-roosa","status":"publish","type":"product","link":"https:\/\/baubauwall.com\/et\/toode\/tapeet-pojengide-pai-roosa\/","title":{"rendered":"Pojengide pai &#8211; roosa"},"content":{"rendered":"<p data-start=\"307\" data-end=\"574\">Roosa pojengi\u00f5itega tapeet, mis toob tuppa soojust ja pehmust. Pojengide Pai mahedas roosas toonis on kui soe kallistus, mis muudab kodu hubaseks ja kutsuvaks. Lillede pehme joon ja \u00f5rn kordusmuster loovad rahuliku r\u00fctmi, mis sobib nii klassikalisse kui moodsasse interj\u00f6\u00f6ri.<\/p>\n<p data-start=\"576\" data-end=\"851\">Roosa taust lisab interj\u00f6\u00f6ri romantilist s\u00e4ra, kuid j\u00e4\u00e4b maitsekalt tagasihoidlikuks. Magamistoas m\u00f5jub tapeet rahustavalt, elutoas aga toob sisse \u00f5rna v\u00e4rvinoodi. Pojengidega tapeet on selline, mis sobib nii t\u00fcdruku tuppa kui ka siis, kui ta on juba suur! Muster t\u00f6\u00f6tab h\u00e4sti ka suurel pinnal, ent v\u00e4iksemas toas on see ideaalne fookussein, mis annab s\u00fcgavust ja soojust. Heledad puittoonid, kreemikad tekstiilid ja kuldsed detailid sobivad selle tapeediga ideaalselt. Kui soovid kontrasti, lisa tumeroosasid v\u00f5i veinipunaseid aksessuaare.<\/p>\n<p data-start=\"1024\" data-end=\"1227\">Kui otsid disaini, mis toob interj\u00f6\u00f6ri naiselikku pehmust ja ajatut ilu, on pojengi\u00f5itega tapeet kindel valik. See roosa pojengidega tapeet on justkui soe kallistus seinale \u2013 igal aastaajal.<\/p>\n<p><strong>Miks osta tapeet siit? <a href=\"https:\/\/kodu.postimees.ee\/8277872\/eestis-loodud-digiteenus-mis-muudab-tapeetimise-lihtsaks-ja-isikuparaseks\" target=\"_blank\" rel=\"noopener\">Me teeme tapeetimise lihtsaks<\/a> ja inspireerivaks.<\/strong><\/p>\n<ul>\n<li><strong>Eesti ettev\u00f5te, Eesti disain<\/strong><\/li>\n<li><strong>Nummerdatud tapeedipaanid lihtsaks tapeetimiseks<\/strong><\/li>\n<li><strong>Just nii pikad tapeedipaanid, kui on Sinu sein \u2013<a href=\"https:\/\/baubauwall.com\/et\/kuidas-see-tootab\/\" target=\"_blank\" rel=\"noopener\">\u00a0vaata siit, kuidas see t\u00f6\u00f6tab<\/a>!<\/strong><\/li>\n<li><strong>Premium, matt fliistapeedi materjal<\/strong><\/li>\n<li><strong>M\u00fcrgivabad tr\u00fckiv\u00e4rvid, Greenguard sertifitseeritud<\/strong><\/li>\n<li><strong>Keskkonnas\u00f5bralik, j\u00e4\u00e4tmevaba tapeetimine<\/strong><\/li>\n<li><strong>Tasuta tapeediliim<\/strong><\/li>\n<li><strong>Tasuta transport ja kiire tarne 5 t\u00f6\u00f6p\u00e4evaga<\/strong><\/li>\n<\/ul>\n","protected":false},"excerpt":{"rendered":"<p>Roosa pojengi\u00f5itega tapeet, mis toob tuppa soojust ja pehmust. Pojengide Pai mahedas roosas toonis on kui soe kallistus, mis muudab kodu hubaseks ja kutsuvaks. Lillede pehme joon ja \u00f5rn kordusmuster loovad rahuliku r\u00fctmi, mis sobib nii klassikalisse kui moodsasse interj\u00f6\u00f6ri. Roosa taust lisab interj\u00f6\u00f6ri romantilist s\u00e4ra, kuid j\u00e4\u00e4b maitsekalt tagasihoidlikuks. Magamistoas m\u00f5jub tapeet rahustavalt, elutoas [&hellip;]<\/p>\n","protected":false},"featured_media":44336,"comment_status":"open","ping_status":"closed","template":"","meta":{"_acf_changed":false,"inline_featured_image":false},"product_brand":[],"product_cat":[386,395,388,273,276,278,413,400,402,260,561],"product_tag":[324],"class_list":{"0":"post-44345","1":"product","2":"type-product","3":"status-publish","4":"has-post-thumbnail","6":"product_cat-kordusmustriga-tapeedid","7":"product_cat-romantiline","8":"product_cat-vintage-et","9":"product_cat-heledad-tapeedid","10":"product_cat-pastelsed-tapeedid","11":"product_cat-roosad-tapeedid","12":"product_cat-magamistoa-tapeedid","13":"product_cat-lastetoa-tapeedid","14":"product_cat-elutoa-tapeedid","15":"product_cat-lilled","16":"product_cat-suvised-tapeedid","17":"product_tag-tudruku-tuba","18":"pa_designedby-triinu-silla","20":"first","21":"instock","22":"taxable","23":"shipping-taxable","24":"purchasable","25":"product-type-simple"},"acf":[],"yoast_head":"<!-- This site is optimized with the Yoast SEO plugin v25.9 - https:\/\/yoast.com\/wordpress\/plugins\/seo\/ -->\n<title>Pojengi\u00f5itega tapeet - Pojengide pai - roosa - BAUBAUWALL TAPEEDID<\/title>\n<meta name=\"description\" content=\"Tapeedimustri klassika - pojengi\u00f5itega tapeet! Roosal taustal pojengid sobiksid h\u00e4sti magamistoa v\u00f5i romantilises stiilis elutoa seinale.\" \/>\n<meta name=\"robots\" content=\"index, follow, max-snippet:-1, max-image-preview:large, max-video-preview:-1\" \/>\n<link rel=\"canonical\" href=\"https:\/\/baubauwall.com\/et\/toode\/tapeet-pojengide-pai-roosa\/\" \/>\n<meta property=\"og:locale\" content=\"et_EE\" \/>\n<meta property=\"og:type\" content=\"article\" \/>\n<meta property=\"og:title\" content=\"%\" \/>\n<meta property=\"og:description\" content=\"Tapeedimustri klassika - pojengi\u00f5itega tapeet! Roosal taustal pojengid sobiksid h\u00e4sti magamistoa v\u00f5i romantilises stiilis elutoa seinale.\" \/>\n<meta property=\"og:url\" content=\"https:\/\/baubauwall.com\/et\/toode\/tapeet-pojengide-pai-roosa\/\" \/>\n<meta property=\"og:site_name\" content=\"BAUBAUWALL TAPEEDID\" \/>\n<meta property=\"article:publisher\" content=\"https:\/\/www.facebook.com\/Baubauwall\" \/>\n<meta property=\"article:modified_time\" content=\"2025-08-14T08:51:27+00:00\" \/>\n<meta property=\"og:image\" content=\"https:\/\/baubauwall.com\/wp-content\/uploads\/2024\/11\/51100493_BlushingPeonies-Pink_Baubauwall_Wallpaper_room3.jpg\" \/>\n\t<meta property=\"og:image:width\" content=\"1067\" \/>\n\t<meta property=\"og:image:height\" content=\"1600\" \/>\n\t<meta property=\"og:image:type\" content=\"image\/jpeg\" \/>\n<meta name=\"twitter:card\" content=\"summary_large_image\" \/>\n<meta name=\"twitter:label1\" content=\"Est. reading time\" \/>\n\t<meta name=\"twitter:data1\" content=\"2 minutit\" \/>\n<script type=\"application\/ld+json\" class=\"yoast-schema-graph\">{\"@context\":\"https:\/\/schema.org\",\"@graph\":[{\"@type\":\"WebPage\",\"@id\":\"https:\/\/baubauwall.com\/et\/toode\/tapeet-pojengide-pai-roosa\/\",\"url\":\"https:\/\/baubauwall.com\/et\/toode\/tapeet-pojengide-pai-roosa\/\",\"name\":\"Pojengi\u00f5itega tapeet - Pojengide pai - roosa - BAUBAUWALL TAPEEDID\",\"isPartOf\":{\"@id\":\"https:\/\/baubauwall.com\/et\/#website\"},\"primaryImageOfPage\":{\"@id\":\"https:\/\/baubauwall.com\/et\/toode\/tapeet-pojengide-pai-roosa\/#primaryimage\"},\"image\":{\"@id\":\"https:\/\/baubauwall.com\/et\/toode\/tapeet-pojengide-pai-roosa\/#primaryimage\"},\"thumbnailUrl\":\"https:\/\/baubauwall.com\/wp-content\/uploads\/2024\/11\/51100493_BlushingPeonies-Pink_Baubauwall_Wallpaper_room3.jpg\",\"datePublished\":\"2025-08-08T00:45:12+00:00\",\"dateModified\":\"2025-08-14T08:51:27+00:00\",\"description\":\"Tapeedimustri klassika - pojengi\u00f5itega tapeet! Roosal taustal pojengid sobiksid h\u00e4sti magamistoa v\u00f5i romantilises stiilis elutoa seinale.\",\"breadcrumb\":{\"@id\":\"https:\/\/baubauwall.com\/et\/toode\/tapeet-pojengide-pai-roosa\/#breadcrumb\"},\"inLanguage\":\"et\",\"potentialAction\":[{\"@type\":\"ReadAction\",\"target\":[\"https:\/\/baubauwall.com\/et\/toode\/tapeet-pojengide-pai-roosa\/\"]}]},{\"@type\":\"ImageObject\",\"inLanguage\":\"et\",\"@id\":\"https:\/\/baubauwall.com\/et\/toode\/tapeet-pojengide-pai-roosa\/#primaryimage\",\"url\":\"https:\/\/baubauwall.com\/wp-content\/uploads\/2024\/11\/51100493_BlushingPeonies-Pink_Baubauwall_Wallpaper_room3.jpg\",\"contentUrl\":\"https:\/\/baubauwall.com\/wp-content\/uploads\/2024\/11\/51100493_BlushingPeonies-Pink_Baubauwall_Wallpaper_room3.jpg\",\"width\":1067,\"height\":1600,\"caption\":\"Magamistoa tapeet roosade pojengidega. | Baubauwall Wallpapers - pink peony wallpaper design, set on a bedroom wall\"},{\"@type\":\"BreadcrumbList\",\"@id\":\"https:\/\/baubauwall.com\/et\/toode\/tapeet-pojengide-pai-roosa\/#breadcrumb\",\"itemListElement\":[{\"@type\":\"ListItem\",\"position\":1,\"name\":\"Koju\",\"item\":\"https:\/\/baubauwall.com\/et\/\"},{\"@type\":\"ListItem\",\"position\":2,\"name\":\"Tapeedid\",\"item\":\"https:\/\/baubauwall.com\/et\/tapeedid\/\"},{\"@type\":\"ListItem\",\"position\":3,\"name\":\"Pojengide pai &#8211; roosa\"}]},{\"@type\":\"WebSite\",\"@id\":\"https:\/\/baubauwall.com\/et\/#website\",\"url\":\"https:\/\/baubauwall.com\/et\/\",\"name\":\"BAUBAUWALL Wallpapers\",\"description\":\"Valmis paanides tapeet Eestist!\",\"publisher\":{\"@id\":\"https:\/\/baubauwall.com\/et\/#organization\"},\"potentialAction\":[{\"@type\":\"SearchAction\",\"target\":{\"@type\":\"EntryPoint\",\"urlTemplate\":\"https:\/\/baubauwall.com\/et\/?s={search_term_string}\"},\"query-input\":{\"@type\":\"PropertyValueSpecification\",\"valueRequired\":true,\"valueName\":\"search_term_string\"}}],\"inLanguage\":\"et\"},{\"@type\":\"Organization\",\"@id\":\"https:\/\/baubauwall.com\/et\/#organization\",\"name\":\"BAUBAUWALL Wallpapers\",\"url\":\"https:\/\/baubauwall.com\/et\/\",\"logo\":{\"@type\":\"ImageObject\",\"inLanguage\":\"et\",\"@id\":\"https:\/\/baubauwall.com\/et\/#\/schema\/logo\/image\/\",\"url\":\"https:\/\/baubauwall.com\/wp-content\/uploads\/2022\/03\/logo-horizontal.svg\",\"contentUrl\":\"https:\/\/baubauwall.com\/wp-content\/uploads\/2022\/03\/logo-horizontal.svg\",\"width\":\"1024\",\"height\":\"1024\",\"caption\":\"BAUBAUWALL Wallpapers\"},\"image\":{\"@id\":\"https:\/\/baubauwall.com\/et\/#\/schema\/logo\/image\/\"},\"sameAs\":[\"https:\/\/www.facebook.com\/Baubauwall\",\"https:\/\/www.instagram.com\/baubauwall\"]}]}<\/script>\n<!-- \/ Yoast SEO plugin. -->","yoast_head_json":{"title":"Pojengi\u00f5itega tapeet - Pojengide pai - roosa - BAUBAUWALL TAPEEDID","description":"Tapeedimustri klassika - pojengi\u00f5itega tapeet! Roosal taustal pojengid sobiksid h\u00e4sti magamistoa v\u00f5i romantilises stiilis elutoa seinale.","robots":{"index":"index","follow":"follow","max-snippet":"max-snippet:-1","max-image-preview":"max-image-preview:large","max-video-preview":"max-video-preview:-1"},"canonical":"https:\/\/baubauwall.com\/et\/toode\/tapeet-pojengide-pai-roosa\/","og_locale":"et_EE","og_type":"article","og_title":"%","og_description":"Tapeedimustri klassika - pojengi\u00f5itega tapeet! Roosal taustal pojengid sobiksid h\u00e4sti magamistoa v\u00f5i romantilises stiilis elutoa seinale.","og_url":"https:\/\/baubauwall.com\/et\/toode\/tapeet-pojengide-pai-roosa\/","og_site_name":"BAUBAUWALL TAPEEDID","article_publisher":"https:\/\/www.facebook.com\/Baubauwall","article_modified_time":"2025-08-14T08:51:27+00:00","og_image":[{"width":1067,"height":1600,"url":"https:\/\/baubauwall.com\/wp-content\/uploads\/2024\/11\/51100493_BlushingPeonies-Pink_Baubauwall_Wallpaper_room3.jpg","type":"image\/jpeg"}],"twitter_card":"summary_large_image","twitter_misc":{"Est. reading time":"2 minutit"},"schema":{"@context":"https:\/\/schema.org","@graph":[{"@type":"WebPage","@id":"https:\/\/baubauwall.com\/et\/toode\/tapeet-pojengide-pai-roosa\/","url":"https:\/\/baubauwall.com\/et\/toode\/tapeet-pojengide-pai-roosa\/","name":"Pojengi\u00f5itega tapeet - Pojengide pai - roosa - BAUBAUWALL TAPEEDID","isPartOf":{"@id":"https:\/\/baubauwall.com\/et\/#website"},"primaryImageOfPage":{"@id":"https:\/\/baubauwall.com\/et\/toode\/tapeet-pojengide-pai-roosa\/#primaryimage"},"image":{"@id":"https:\/\/baubauwall.com\/et\/toode\/tapeet-pojengide-pai-roosa\/#primaryimage"},"thumbnailUrl":"https:\/\/baubauwall.com\/wp-content\/uploads\/2024\/11\/51100493_BlushingPeonies-Pink_Baubauwall_Wallpaper_room3.jpg","datePublished":"2025-08-08T00:45:12+00:00","dateModified":"2025-08-14T08:51:27+00:00","description":"Tapeedimustri klassika - pojengi\u00f5itega tapeet! Roosal taustal pojengid sobiksid h\u00e4sti magamistoa v\u00f5i romantilises stiilis elutoa seinale.","breadcrumb":{"@id":"https:\/\/baubauwall.com\/et\/toode\/tapeet-pojengide-pai-roosa\/#breadcrumb"},"inLanguage":"et","potentialAction":[{"@type":"ReadAction","target":["https:\/\/baubauwall.com\/et\/toode\/tapeet-pojengide-pai-roosa\/"]}]},{"@type":"ImageObject","inLanguage":"et","@id":"https:\/\/baubauwall.com\/et\/toode\/tapeet-pojengide-pai-roosa\/#primaryimage","url":"https:\/\/baubauwall.com\/wp-content\/uploads\/2024\/11\/51100493_BlushingPeonies-Pink_Baubauwall_Wallpaper_room3.jpg","contentUrl":"https:\/\/baubauwall.com\/wp-content\/uploads\/2024\/11\/51100493_BlushingPeonies-Pink_Baubauwall_Wallpaper_room3.jpg","width":1067,"height":1600,"caption":"Magamistoa tapeet roosade pojengidega. | Baubauwall Wallpapers - pink peony wallpaper design, set on a bedroom wall"},{"@type":"BreadcrumbList","@id":"https:\/\/baubauwall.com\/et\/toode\/tapeet-pojengide-pai-roosa\/#breadcrumb","itemListElement":[{"@type":"ListItem","position":1,"name":"Koju","item":"https:\/\/baubauwall.com\/et\/"},{"@type":"ListItem","position":2,"name":"Tapeedid","item":"https:\/\/baubauwall.com\/et\/tapeedid\/"},{"@type":"ListItem","position":3,"name":"Pojengide pai &#8211; roosa"}]},{"@type":"WebSite","@id":"https:\/\/baubauwall.com\/et\/#website","url":"https:\/\/baubauwall.com\/et\/","name":"BAUBAUWALL Wallpapers","description":"Valmis paanides tapeet Eestist!","publisher":{"@id":"https:\/\/baubauwall.com\/et\/#organization"},"potentialAction":[{"@type":"SearchAction","target":{"@type":"EntryPoint","urlTemplate":"https:\/\/baubauwall.com\/et\/?s={search_term_string}"},"query-input":{"@type":"PropertyValueSpecification","valueRequired":true,"valueName":"search_term_string"}}],"inLanguage":"et"},{"@type":"Organization","@id":"https:\/\/baubauwall.com\/et\/#organization","name":"BAUBAUWALL Wallpapers","url":"https:\/\/baubauwall.com\/et\/","logo":{"@type":"ImageObject","inLanguage":"et","@id":"https:\/\/baubauwall.com\/et\/#\/schema\/logo\/image\/","url":"https:\/\/baubauwall.com\/wp-content\/uploads\/2022\/03\/logo-horizontal.svg","contentUrl":"https:\/\/baubauwall.com\/wp-content\/uploads\/2022\/03\/logo-horizontal.svg","width":"1024","height":"1024","caption":"BAUBAUWALL Wallpapers"},"image":{"@id":"https:\/\/baubauwall.com\/et\/#\/schema\/logo\/image\/"},"sameAs":["https:\/\/www.facebook.com\/Baubauwall","https:\/\/www.instagram.com\/baubauwall"]}]}},"jetpack_sharing_enabled":true,"_links":{"self":[{"href":"https:\/\/baubauwall.com\/et\/wp-json\/wp\/v2\/product\/44345","targetHints":{"allow":["GET"]}}],"collection":[{"href":"https:\/\/baubauwall.com\/et\/wp-json\/wp\/v2\/product"}],"about":[{"href":"https:\/\/baubauwall.com\/et\/wp-json\/wp\/v2\/types\/product"}],"replies":[{"embeddable":true,"href":"https:\/\/baubauwall.com\/et\/wp-json\/wp\/v2\/comments?post=44345"}],"wp:featuredmedia":[{"embeddable":true,"href":"https:\/\/baubauwall.com\/et\/wp-json\/wp\/v2\/media\/44336"}],"wp:attachment":[{"href":"https:\/\/baubauwall.com\/et\/wp-json\/wp\/v2\/media?parent=44345"}],"wp:term":[{"taxonomy":"product_brand","embeddable":true,"href":"https:\/\/baubauwall.com\/et\/wp-json\/wp\/v2\/product_brand?post=44345"},{"taxonomy":"product_cat","embeddable":true,"href":"https:\/\/baubauwall.com\/et\/wp-json\/wp\/v2\/product_cat?post=44345"},{"taxonomy":"product_tag","embeddable":true,"href":"https:\/\/baubauwall.com\/et\/wp-json\/wp\/v2\/product_tag?post=44345"}],"curies":[{"name":"wp","href":"https:\/\/api.w.org\/{rel}","templated":true}]}}