{"id":44369,"date":"2025-08-13T11:45:12","date_gmt":"2025-08-13T09:45:12","guid":{"rendered":"https:\/\/baubauwall.com\/product\/repeat-pattern-wallpaper-blushing-peonies-light-grey\/"},"modified":"2025-08-14T11:12:16","modified_gmt":"2025-08-14T09:12:16","slug":"tapeet-pojengide-pai-hall","status":"publish","type":"product","link":"https:\/\/baubauwall.com\/et\/toode\/tapeet-pojengide-pai-hall\/","title":{"rendered":"Pojengide pai &#8211; helehall"},"content":{"rendered":"<p data-start=\"1282\" data-end=\"1544\">Hall pojengidega tapeet, mis on sama rahulik kui veidi pilvine hommik. Pojengide Pai hallis v\u00e4rvitoonis lisab interj\u00f6\u00f6ri selget joont ja ajatut elegantsi. Pehme lillemuster j\u00e4\u00e4b tagasihoidlikuks, pakkudes neutraalset, kuid elavat tausta sisekujunduses.<\/p>\n<p data-start=\"1546\" data-end=\"1734\">Hall tapeet on suurep\u00e4rane valik, kui soovid luua rahulikku ja tasakaalustatud elukeskkonda. Elutoas toob see mustri esile ilma, et v\u00e4rv domineeriks, magamistoas aga loob rahuliku olemise kodu k\u00f5ige hubasemas toas.<\/p>\n<p data-start=\"1736\" data-end=\"1891\">Sobita helehall tapeet valge, musta ja loodusliku puiduga. Halli v\u00f5ib kombineerida ka roheliste taimede ja metalltoonidega \u2013 kuld annab soojust, h\u00f5be lisab jahedat s\u00e4ra.<\/p>\n<p data-start=\"1893\" data-end=\"2081\">Kui vajad tapeeti, mis on elegantne, neutraalne ja mitmek\u00fclgne, on Pojengide Pai disain kindel kandidaat. See hall pojengidega tapeet on nagu rahulik hinget\u00f5mme sinu kodu seintel.<\/p>\n<p><strong>Miks osta tapeet siit? Me teeme tapeetimise lihtsaks ja inspireerivaks.<\/strong><\/p>\n<ul>\n<li><a href=\"https:\/\/kodu.postimees.ee\/8277872\/eestis-loodud-digiteenus-mis-muudab-tapeetimise-lihtsaks-ja-isikuparaseks\" target=\"_blank\" rel=\"noopener\"><strong>Eesti ettev\u00f5te, Eesti disain<\/strong><\/a><\/li>\n<li><strong>Nummerdatud tapeedipaanid lihtsaks tapeetimiseks<\/strong><\/li>\n<li><strong>Just nii pikad tapeedipaanid, kui on Sinu sein \u2013<a href=\"https:\/\/baubauwall.com\/et\/kuidas-see-tootab\/\" target=\"_blank\" rel=\"noopener\">\u00a0vaata siit, kuidas see t\u00f6\u00f6tab<\/a>!<\/strong><\/li>\n<li><strong>Premium, matt fliistapeedi materjal<\/strong><\/li>\n<li><strong>M\u00fcrgivabad tr\u00fckiv\u00e4rvid, Greenguard sertifitseeritud<\/strong><\/li>\n<li><strong>Keskkonnas\u00f5bralik, j\u00e4\u00e4tmevaba tapeetimine<\/strong><\/li>\n<li><strong>Tasuta tapeediliim<\/strong><\/li>\n<li><strong>Tasuta transport ja kiire tarne 5 t\u00f6\u00f6p\u00e4evaga<\/strong><\/li>\n<\/ul>\n","protected":false},"excerpt":{"rendered":"<p>Hall pojengidega tapeet, mis on sama rahulik kui veidi pilvine hommik. Pojengide Pai hallis v\u00e4rvitoonis lisab interj\u00f6\u00f6ri selget joont ja ajatut elegantsi. Pehme lillemuster j\u00e4\u00e4b tagasihoidlikuks, pakkudes neutraalset, kuid elavat tausta sisekujunduses. Hall tapeet on suurep\u00e4rane valik, kui soovid luua rahulikku ja tasakaalustatud elukeskkonda. Elutoas toob see mustri esile ilma, et v\u00e4rv domineeriks, magamistoas aga [&hellip;]<\/p>\n","protected":false},"featured_media":44363,"comment_status":"open","ping_status":"closed","template":"","meta":{"_acf_changed":false,"inline_featured_image":false},"product_brand":[],"product_cat":[386,395,406,396,388,272,273,410,752,413,414,416,402,254,260],"product_tag":[],"class_list":{"0":"post-44369","1":"product","2":"type-product","3":"status-publish","4":"has-post-thumbnail","6":"product_cat-kordusmustriga-tapeedid","7":"product_cat-romantiline","8":"product_cat-klassika","9":"product_cat-skandinaavia","10":"product_cat-vintage-et","11":"product_cat-hallid-tapeedid","12":"product_cat-heledad-tapeedid","13":"product_cat-valge-tapeedid","14":"product_cat-avalik-ruum","15":"product_cat-magamistoa-tapeedid","16":"product_cat-soogitoa-tapeedid","17":"product_cat-esiku-tapeedid","18":"product_cat-elutoa-tapeedid","19":"product_cat-loodus","20":"product_cat-lilled","21":"pa_designedby-triinu-silla","23":"first","24":"instock","25":"taxable","26":"shipping-taxable","27":"purchasable","28":"product-type-simple"},"acf":[],"yoast_head":"<!-- This site is optimized with the Yoast SEO plugin v25.9 - https:\/\/yoast.com\/wordpress\/plugins\/seo\/ -->\n<title>Hall pojengidega tapeet - Pojengide pai - helehall - BAUBAUWALL TAPEEDID<\/title>\n<meta name=\"description\" content=\"Hall pojengidega tapeet on romantiline ja lihtsalt ilus ajatu valik magamistuppa, suvekodusse v\u00f5i elutoa seinale \u00f5itsema. Premium fliistapeedid Baubauwall\" \/>\n<meta name=\"robots\" content=\"index, follow, max-snippet:-1, max-image-preview:large, max-video-preview:-1\" \/>\n<link rel=\"canonical\" href=\"https:\/\/baubauwall.com\/et\/toode\/tapeet-pojengide-pai-hall\/\" \/>\n<meta property=\"og:locale\" content=\"et_EE\" \/>\n<meta property=\"og:type\" content=\"article\" \/>\n<meta property=\"og:title\" content=\"BAUBAUWALL TAPEEDID\" \/>\n<meta property=\"og:description\" content=\"Hall pojengidega tapeet on romantiline ja lihtsalt ilus ajatu valik magamistuppa, suvekodusse v\u00f5i elutoa seinale \u00f5itsema. Premium fliistapeedid Baubauwall\" \/>\n<meta property=\"og:url\" content=\"https:\/\/baubauwall.com\/et\/toode\/tapeet-pojengide-pai-hall\/\" \/>\n<meta property=\"og:site_name\" content=\"BAUBAUWALL TAPEEDID\" \/>\n<meta property=\"article:publisher\" content=\"https:\/\/www.facebook.com\/Baubauwall\" \/>\n<meta property=\"article:modified_time\" content=\"2025-08-14T09:12:16+00:00\" \/>\n<meta property=\"og:image\" content=\"https:\/\/baubauwall.com\/wp-content\/uploads\/2024\/11\/51100492_BlushingPeonies-LightGrey_Baubauwall_Wallpaper_room4.jpg\" \/>\n\t<meta property=\"og:image:width\" content=\"2400\" \/>\n\t<meta property=\"og:image:height\" content=\"1600\" \/>\n\t<meta property=\"og:image:type\" content=\"image\/jpeg\" \/>\n<meta name=\"twitter:card\" content=\"summary_large_image\" \/>\n<meta name=\"twitter:label1\" content=\"Est. reading time\" \/>\n\t<meta name=\"twitter:data1\" content=\"1 minut\" \/>\n<script type=\"application\/ld+json\" class=\"yoast-schema-graph\">{\"@context\":\"https:\/\/schema.org\",\"@graph\":[{\"@type\":\"WebPage\",\"@id\":\"https:\/\/baubauwall.com\/et\/toode\/tapeet-pojengide-pai-hall\/\",\"url\":\"https:\/\/baubauwall.com\/et\/toode\/tapeet-pojengide-pai-hall\/\",\"name\":\"Hall pojengidega tapeet - Pojengide pai - helehall - BAUBAUWALL TAPEEDID\",\"isPartOf\":{\"@id\":\"https:\/\/baubauwall.com\/et\/#website\"},\"primaryImageOfPage\":{\"@id\":\"https:\/\/baubauwall.com\/et\/toode\/tapeet-pojengide-pai-hall\/#primaryimage\"},\"image\":{\"@id\":\"https:\/\/baubauwall.com\/et\/toode\/tapeet-pojengide-pai-hall\/#primaryimage\"},\"thumbnailUrl\":\"https:\/\/baubauwall.com\/wp-content\/uploads\/2024\/11\/51100492_BlushingPeonies-LightGrey_Baubauwall_Wallpaper_room4.jpg\",\"datePublished\":\"2025-08-13T09:45:12+00:00\",\"dateModified\":\"2025-08-14T09:12:16+00:00\",\"description\":\"Hall pojengidega tapeet on romantiline ja lihtsalt ilus ajatu valik magamistuppa, suvekodusse v\u00f5i elutoa seinale \u00f5itsema. Premium fliistapeedid Baubauwall\",\"breadcrumb\":{\"@id\":\"https:\/\/baubauwall.com\/et\/toode\/tapeet-pojengide-pai-hall\/#breadcrumb\"},\"inLanguage\":\"et\",\"potentialAction\":[{\"@type\":\"ReadAction\",\"target\":[\"https:\/\/baubauwall.com\/et\/toode\/tapeet-pojengide-pai-hall\/\"]}]},{\"@type\":\"ImageObject\",\"inLanguage\":\"et\",\"@id\":\"https:\/\/baubauwall.com\/et\/toode\/tapeet-pojengide-pai-hall\/#primaryimage\",\"url\":\"https:\/\/baubauwall.com\/wp-content\/uploads\/2024\/11\/51100492_BlushingPeonies-LightGrey_Baubauwall_Wallpaper_room4.jpg\",\"contentUrl\":\"https:\/\/baubauwall.com\/wp-content\/uploads\/2024\/11\/51100492_BlushingPeonies-LightGrey_Baubauwall_Wallpaper_room4.jpg\",\"width\":2400,\"height\":1600,\"caption\":\"Peony pattern wallpaper adorning bedroom feature wall | pojengidega hele tapeet magamistoas. Baubauwall tapeedid\"},{\"@type\":\"BreadcrumbList\",\"@id\":\"https:\/\/baubauwall.com\/et\/toode\/tapeet-pojengide-pai-hall\/#breadcrumb\",\"itemListElement\":[{\"@type\":\"ListItem\",\"position\":1,\"name\":\"Koju\",\"item\":\"https:\/\/baubauwall.com\/et\/\"},{\"@type\":\"ListItem\",\"position\":2,\"name\":\"Tapeedid\",\"item\":\"https:\/\/baubauwall.com\/et\/tapeedid\/\"},{\"@type\":\"ListItem\",\"position\":3,\"name\":\"Pojengide pai &#8211; helehall\"}]},{\"@type\":\"WebSite\",\"@id\":\"https:\/\/baubauwall.com\/et\/#website\",\"url\":\"https:\/\/baubauwall.com\/et\/\",\"name\":\"BAUBAUWALL Wallpapers\",\"description\":\"Valmis paanides tapeet Eestist!\",\"publisher\":{\"@id\":\"https:\/\/baubauwall.com\/et\/#organization\"},\"potentialAction\":[{\"@type\":\"SearchAction\",\"target\":{\"@type\":\"EntryPoint\",\"urlTemplate\":\"https:\/\/baubauwall.com\/et\/?s={search_term_string}\"},\"query-input\":{\"@type\":\"PropertyValueSpecification\",\"valueRequired\":true,\"valueName\":\"search_term_string\"}}],\"inLanguage\":\"et\"},{\"@type\":\"Organization\",\"@id\":\"https:\/\/baubauwall.com\/et\/#organization\",\"name\":\"BAUBAUWALL Wallpapers\",\"url\":\"https:\/\/baubauwall.com\/et\/\",\"logo\":{\"@type\":\"ImageObject\",\"inLanguage\":\"et\",\"@id\":\"https:\/\/baubauwall.com\/et\/#\/schema\/logo\/image\/\",\"url\":\"https:\/\/baubauwall.com\/wp-content\/uploads\/2022\/03\/logo-horizontal.svg\",\"contentUrl\":\"https:\/\/baubauwall.com\/wp-content\/uploads\/2022\/03\/logo-horizontal.svg\",\"width\":\"1024\",\"height\":\"1024\",\"caption\":\"BAUBAUWALL Wallpapers\"},\"image\":{\"@id\":\"https:\/\/baubauwall.com\/et\/#\/schema\/logo\/image\/\"},\"sameAs\":[\"https:\/\/www.facebook.com\/Baubauwall\",\"https:\/\/www.instagram.com\/baubauwall\"]}]}<\/script>\n<!-- \/ Yoast SEO plugin. -->","yoast_head_json":{"title":"Hall pojengidega tapeet - Pojengide pai - helehall - BAUBAUWALL TAPEEDID","description":"Hall pojengidega tapeet on romantiline ja lihtsalt ilus ajatu valik magamistuppa, suvekodusse v\u00f5i elutoa seinale \u00f5itsema. Premium fliistapeedid Baubauwall","robots":{"index":"index","follow":"follow","max-snippet":"max-snippet:-1","max-image-preview":"max-image-preview:large","max-video-preview":"max-video-preview:-1"},"canonical":"https:\/\/baubauwall.com\/et\/toode\/tapeet-pojengide-pai-hall\/","og_locale":"et_EE","og_type":"article","og_title":"BAUBAUWALL TAPEEDID","og_description":"Hall pojengidega tapeet on romantiline ja lihtsalt ilus ajatu valik magamistuppa, suvekodusse v\u00f5i elutoa seinale \u00f5itsema. Premium fliistapeedid Baubauwall","og_url":"https:\/\/baubauwall.com\/et\/toode\/tapeet-pojengide-pai-hall\/","og_site_name":"BAUBAUWALL TAPEEDID","article_publisher":"https:\/\/www.facebook.com\/Baubauwall","article_modified_time":"2025-08-14T09:12:16+00:00","og_image":[{"width":2400,"height":1600,"url":"https:\/\/baubauwall.com\/wp-content\/uploads\/2024\/11\/51100492_BlushingPeonies-LightGrey_Baubauwall_Wallpaper_room4.jpg","type":"image\/jpeg"}],"twitter_card":"summary_large_image","twitter_misc":{"Est. reading time":"1 minut"},"schema":{"@context":"https:\/\/schema.org","@graph":[{"@type":"WebPage","@id":"https:\/\/baubauwall.com\/et\/toode\/tapeet-pojengide-pai-hall\/","url":"https:\/\/baubauwall.com\/et\/toode\/tapeet-pojengide-pai-hall\/","name":"Hall pojengidega tapeet - Pojengide pai - helehall - BAUBAUWALL TAPEEDID","isPartOf":{"@id":"https:\/\/baubauwall.com\/et\/#website"},"primaryImageOfPage":{"@id":"https:\/\/baubauwall.com\/et\/toode\/tapeet-pojengide-pai-hall\/#primaryimage"},"image":{"@id":"https:\/\/baubauwall.com\/et\/toode\/tapeet-pojengide-pai-hall\/#primaryimage"},"thumbnailUrl":"https:\/\/baubauwall.com\/wp-content\/uploads\/2024\/11\/51100492_BlushingPeonies-LightGrey_Baubauwall_Wallpaper_room4.jpg","datePublished":"2025-08-13T09:45:12+00:00","dateModified":"2025-08-14T09:12:16+00:00","description":"Hall pojengidega tapeet on romantiline ja lihtsalt ilus ajatu valik magamistuppa, suvekodusse v\u00f5i elutoa seinale \u00f5itsema. Premium fliistapeedid Baubauwall","breadcrumb":{"@id":"https:\/\/baubauwall.com\/et\/toode\/tapeet-pojengide-pai-hall\/#breadcrumb"},"inLanguage":"et","potentialAction":[{"@type":"ReadAction","target":["https:\/\/baubauwall.com\/et\/toode\/tapeet-pojengide-pai-hall\/"]}]},{"@type":"ImageObject","inLanguage":"et","@id":"https:\/\/baubauwall.com\/et\/toode\/tapeet-pojengide-pai-hall\/#primaryimage","url":"https:\/\/baubauwall.com\/wp-content\/uploads\/2024\/11\/51100492_BlushingPeonies-LightGrey_Baubauwall_Wallpaper_room4.jpg","contentUrl":"https:\/\/baubauwall.com\/wp-content\/uploads\/2024\/11\/51100492_BlushingPeonies-LightGrey_Baubauwall_Wallpaper_room4.jpg","width":2400,"height":1600,"caption":"Peony pattern wallpaper adorning bedroom feature wall | pojengidega hele tapeet magamistoas. Baubauwall tapeedid"},{"@type":"BreadcrumbList","@id":"https:\/\/baubauwall.com\/et\/toode\/tapeet-pojengide-pai-hall\/#breadcrumb","itemListElement":[{"@type":"ListItem","position":1,"name":"Koju","item":"https:\/\/baubauwall.com\/et\/"},{"@type":"ListItem","position":2,"name":"Tapeedid","item":"https:\/\/baubauwall.com\/et\/tapeedid\/"},{"@type":"ListItem","position":3,"name":"Pojengide pai &#8211; helehall"}]},{"@type":"WebSite","@id":"https:\/\/baubauwall.com\/et\/#website","url":"https:\/\/baubauwall.com\/et\/","name":"BAUBAUWALL Wallpapers","description":"Valmis paanides tapeet Eestist!","publisher":{"@id":"https:\/\/baubauwall.com\/et\/#organization"},"potentialAction":[{"@type":"SearchAction","target":{"@type":"EntryPoint","urlTemplate":"https:\/\/baubauwall.com\/et\/?s={search_term_string}"},"query-input":{"@type":"PropertyValueSpecification","valueRequired":true,"valueName":"search_term_string"}}],"inLanguage":"et"},{"@type":"Organization","@id":"https:\/\/baubauwall.com\/et\/#organization","name":"BAUBAUWALL Wallpapers","url":"https:\/\/baubauwall.com\/et\/","logo":{"@type":"ImageObject","inLanguage":"et","@id":"https:\/\/baubauwall.com\/et\/#\/schema\/logo\/image\/","url":"https:\/\/baubauwall.com\/wp-content\/uploads\/2022\/03\/logo-horizontal.svg","contentUrl":"https:\/\/baubauwall.com\/wp-content\/uploads\/2022\/03\/logo-horizontal.svg","width":"1024","height":"1024","caption":"BAUBAUWALL Wallpapers"},"image":{"@id":"https:\/\/baubauwall.com\/et\/#\/schema\/logo\/image\/"},"sameAs":["https:\/\/www.facebook.com\/Baubauwall","https:\/\/www.instagram.com\/baubauwall"]}]}},"jetpack_sharing_enabled":true,"_links":{"self":[{"href":"https:\/\/baubauwall.com\/et\/wp-json\/wp\/v2\/product\/44369","targetHints":{"allow":["GET"]}}],"collection":[{"href":"https:\/\/baubauwall.com\/et\/wp-json\/wp\/v2\/product"}],"about":[{"href":"https:\/\/baubauwall.com\/et\/wp-json\/wp\/v2\/types\/product"}],"replies":[{"embeddable":true,"href":"https:\/\/baubauwall.com\/et\/wp-json\/wp\/v2\/comments?post=44369"}],"wp:featuredmedia":[{"embeddable":true,"href":"https:\/\/baubauwall.com\/et\/wp-json\/wp\/v2\/media\/44363"}],"wp:attachment":[{"href":"https:\/\/baubauwall.com\/et\/wp-json\/wp\/v2\/media?parent=44369"}],"wp:term":[{"taxonomy":"product_brand","embeddable":true,"href":"https:\/\/baubauwall.com\/et\/wp-json\/wp\/v2\/product_brand?post=44369"},{"taxonomy":"product_cat","embeddable":true,"href":"https:\/\/baubauwall.com\/et\/wp-json\/wp\/v2\/product_cat?post=44369"},{"taxonomy":"product_tag","embeddable":true,"href":"https:\/\/baubauwall.com\/et\/wp-json\/wp\/v2\/product_tag?post=44369"}],"curies":[{"name":"wp","href":"https:\/\/api.w.org\/{rel}","templated":true}]}}