{"id":44439,"date":"2025-08-28T14:16:01","date_gmt":"2025-08-28T12:16:01","guid":{"rendered":"https:\/\/baubauwall.com\/product\/photo-wallpaper-wave-leap\/"},"modified":"2025-09-01T11:21:59","modified_gmt":"2025-09-01T09:21:59","slug":"fototapeet-lainetants","status":"publish","type":"product","link":"https:\/\/baubauwall.com\/et\/toode\/fototapeet-lainetants\/","title":{"rendered":"Fototapeet Lainetants"},"content":{"rendered":"<p>Fototapeet merelainega, mis toob interj\u00f6\u00f6ri ookeani j\u00f5u ja ilu. &#8220;Lainetants&#8221; fototapeet tabab d\u00fcnaamilise hetke, kui ookeanilaine murdub ja tekib efektne vaht. Nii tekib seinale \u00fchtaegu rahustav kui energiat t\u00e4is meeleolu. See disain on ideaalne valik, kui soovid oma magamistoast luua rannaliku pelgupaiga v\u00f5i lisada elutuppa julge fookusseina. Igatahes on see\u00a0fototapeet merelainega, mis loob tunde, et justkui oleksid ise ookeani kaldal.<\/p>\n<h4>Fototapeedi stiilinipp:<\/h4>\n<p>Kombineeri fototapeet Lainetants pehme halli v\u00f5i bee\u017ei tekstiilidega ning looduslike puidutoonidega. Lisa triibulisi patju v\u00f5i merekarpidega detaile, et r\u00f5hutada rannaliku kodu meeleolu.<\/p>\n<h4><strong>Miks valida fototapeet Baubauwallist? <\/strong><\/h4>\n<p>Sest me teeme<a href=\"https:\/\/baubauwall.com\/et\/nipid\/online-tapeedistuudiost-tapeedi-tellimine-on-veel-lihtsam\/\" target=\"_blank\" rel=\"noopener\">\u00a0tapeedi valimise,<\/a>\u00a0ostmise ja paigalduse lihtsaks.<\/p>\n<ul>\n<li>Tr\u00fckime t\u00e4pselt Sinu seina m\u00f5\u00f5dus tapeedi, siinsamas Eestis<\/li>\n<li>Just nii pikad tapeedipaanid, kui on Sinu sein<\/li>\n<li>Premium, matt fliistapeedi materjal, 100% taaskasutatud kiust<\/li>\n<li>M\u00fcrgivabad tr\u00fckiv\u00e4rvid, Greenguard sertifitseeritud<\/li>\n<li>Keskkonnas\u00f5bralik, j\u00e4\u00e4tmevaba tapeetimine<\/li>\n<li>Tasuta tapeediliim on alati kaasas<\/li>\n<li>Tasuta transport ja kiire tarne 5 t\u00f6\u00f6p\u00e4evaga. Sina oota vaid s\u00f5numit paki saabumisest!<\/li>\n<\/ul>\n<p><a href=\"https:\/\/e-estonia.com\/baubauwall-is-remaking-the-wallpaper-business\/\" target=\"_blank\" rel=\"noopener\">Baubauwalli<\/a> tapeetide tootmise p\u00f5him\u00f5te on nullkulu: prindime alles siis, kui oled oma seina m\u00f5\u00f5dud sisestanud ja tellimuse kinnitanud. Nii saad kindel olla, et tellimus valmib ainult sulle ning igal sentimeetril on oma eesm\u00e4rk.<\/p>\n<p>&nbsp;<\/p>\n","protected":false},"excerpt":{"rendered":"<p>Fototapeet merelainega, mis toob interj\u00f6\u00f6ri ookeani j\u00f5u ja ilu. &#8220;Lainetants&#8221; fototapeet tabab d\u00fcnaamilise hetke, kui ookeanilaine murdub ja tekib efektne vaht. Nii tekib seinale \u00fchtaegu rahustav kui energiat t\u00e4is meeleolu. See disain on ideaalne valik, kui soovid oma magamistoast luua rannaliku pelgupaiga v\u00f5i lisada elutuppa julge fookusseina. Igatahes on see\u00a0fototapeet merelainega, mis loob tunde, et [&hellip;]<\/p>\n","protected":false},"featured_media":44423,"comment_status":"open","ping_status":"closed","template":"","meta":{"_acf_changed":false,"inline_featured_image":false},"product_brand":[],"product_cat":[433,622,267,752,413,402,252],"product_tag":[486,454],"class_list":{"0":"post-44439","1":"product","2":"type-product","3":"status-publish","4":"has-post-thumbnail","6":"product_cat-fototapeedid","7":"product_cat-julged-tapeedid","8":"product_cat-sinised-tapeedid","9":"product_cat-avalik-ruum","10":"product_cat-magamistoa-tapeedid","11":"product_cat-elutoa-tapeedid","12":"product_cat-ookean-meri","13":"product_tag-fotograafia-et","14":"product_tag-fototapeet-et","15":"pa_designedby-baubauwall","17":"first","18":"instock","19":"taxable","20":"shipping-taxable","21":"purchasable","22":"product-type-simple"},"acf":[],"yoast_head":"<!-- This site is optimized with the Yoast SEO plugin v25.9 - https:\/\/yoast.com\/wordpress\/plugins\/seo\/ -->\n<title>Fototapeet merelainega - Lainetants. Baubauwall disaintapeedid<\/title>\n<meta name=\"description\" content=\"Fototapeet merelainega - too merevaade kasv\u00f5i igasse tuppa! V\u00f5imas laine, mis on elutruu. Too see tapeet kodu magamistuppa v\u00f5i elutoa seinale!\" \/>\n<meta name=\"robots\" content=\"index, follow, max-snippet:-1, max-image-preview:large, max-video-preview:-1\" \/>\n<link rel=\"canonical\" href=\"https:\/\/baubauwall.com\/et\/toode\/fototapeet-lainetants\/\" \/>\n<meta property=\"og:locale\" content=\"et_EE\" \/>\n<meta property=\"og:type\" content=\"article\" \/>\n<meta property=\"og:title\" content=\"BAUBAUWALL TAPEEDID\" \/>\n<meta property=\"og:description\" content=\"Fototapeet Lainetants\" \/>\n<meta property=\"og:url\" content=\"https:\/\/baubauwall.com\/et\/toode\/fototapeet-lainetants\/\" \/>\n<meta property=\"og:site_name\" content=\"BAUBAUWALL TAPEEDID\" \/>\n<meta property=\"article:publisher\" content=\"https:\/\/www.facebook.com\/Baubauwall\" \/>\n<meta property=\"article:modified_time\" content=\"2025-09-01T09:21:59+00:00\" \/>\n<meta property=\"og:image\" content=\"https:\/\/baubauwall.com\/wp-content\/uploads\/2022\/03\/51300035_WaveLeap_Baubauwall_Wall_Photo_Wallpaper_room4.jpg\" \/>\n\t<meta property=\"og:image:width\" content=\"1600\" \/>\n\t<meta property=\"og:image:height\" content=\"1600\" \/>\n\t<meta property=\"og:image:type\" content=\"image\/jpeg\" \/>\n<meta name=\"twitter:card\" content=\"summary_large_image\" \/>\n<meta name=\"twitter:label1\" content=\"Est. reading time\" \/>\n\t<meta name=\"twitter:data1\" content=\"1 minut\" \/>\n<script type=\"application\/ld+json\" class=\"yoast-schema-graph\">{\"@context\":\"https:\/\/schema.org\",\"@graph\":[{\"@type\":\"WebPage\",\"@id\":\"https:\/\/baubauwall.com\/et\/toode\/fototapeet-lainetants\/\",\"url\":\"https:\/\/baubauwall.com\/et\/toode\/fototapeet-lainetants\/\",\"name\":\"Fototapeet merelainega - Lainetants. Baubauwall disaintapeedid\",\"isPartOf\":{\"@id\":\"https:\/\/baubauwall.com\/et\/#website\"},\"primaryImageOfPage\":{\"@id\":\"https:\/\/baubauwall.com\/et\/toode\/fototapeet-lainetants\/#primaryimage\"},\"image\":{\"@id\":\"https:\/\/baubauwall.com\/et\/toode\/fototapeet-lainetants\/#primaryimage\"},\"thumbnailUrl\":\"https:\/\/baubauwall.com\/wp-content\/uploads\/2022\/03\/51300035_WaveLeap_Baubauwall_Wall_Photo_Wallpaper_room1.jpg\",\"datePublished\":\"2025-08-28T12:16:01+00:00\",\"dateModified\":\"2025-09-01T09:21:59+00:00\",\"description\":\"Fototapeet merelainega - too merevaade kasv\u00f5i igasse tuppa! V\u00f5imas laine, mis on elutruu. Too see tapeet kodu magamistuppa v\u00f5i elutoa seinale!\",\"breadcrumb\":{\"@id\":\"https:\/\/baubauwall.com\/et\/toode\/fototapeet-lainetants\/#breadcrumb\"},\"inLanguage\":\"et\",\"potentialAction\":[{\"@type\":\"ReadAction\",\"target\":[\"https:\/\/baubauwall.com\/et\/toode\/fototapeet-lainetants\/\"]}]},{\"@type\":\"ImageObject\",\"inLanguage\":\"et\",\"@id\":\"https:\/\/baubauwall.com\/et\/toode\/fototapeet-lainetants\/#primaryimage\",\"url\":\"https:\/\/baubauwall.com\/wp-content\/uploads\/2022\/03\/51300035_WaveLeap_Baubauwall_Wall_Photo_Wallpaper_room1.jpg\",\"contentUrl\":\"https:\/\/baubauwall.com\/wp-content\/uploads\/2022\/03\/51300035_WaveLeap_Baubauwall_Wall_Photo_Wallpaper_room1.jpg\",\"width\":2397,\"height\":1600,\"caption\":\"Photo Wallpaper Wave Leap\"},{\"@type\":\"BreadcrumbList\",\"@id\":\"https:\/\/baubauwall.com\/et\/toode\/fototapeet-lainetants\/#breadcrumb\",\"itemListElement\":[{\"@type\":\"ListItem\",\"position\":1,\"name\":\"Koju\",\"item\":\"https:\/\/baubauwall.com\/et\/\"},{\"@type\":\"ListItem\",\"position\":2,\"name\":\"Tapeedid\",\"item\":\"https:\/\/baubauwall.com\/et\/tapeedid\/\"},{\"@type\":\"ListItem\",\"position\":3,\"name\":\"Fototapeet Lainetants\"}]},{\"@type\":\"WebSite\",\"@id\":\"https:\/\/baubauwall.com\/et\/#website\",\"url\":\"https:\/\/baubauwall.com\/et\/\",\"name\":\"BAUBAUWALL Wallpapers\",\"description\":\"Valmis paanides tapeet Eestist!\",\"publisher\":{\"@id\":\"https:\/\/baubauwall.com\/et\/#organization\"},\"potentialAction\":[{\"@type\":\"SearchAction\",\"target\":{\"@type\":\"EntryPoint\",\"urlTemplate\":\"https:\/\/baubauwall.com\/et\/?s={search_term_string}\"},\"query-input\":{\"@type\":\"PropertyValueSpecification\",\"valueRequired\":true,\"valueName\":\"search_term_string\"}}],\"inLanguage\":\"et\"},{\"@type\":\"Organization\",\"@id\":\"https:\/\/baubauwall.com\/et\/#organization\",\"name\":\"BAUBAUWALL Wallpapers\",\"url\":\"https:\/\/baubauwall.com\/et\/\",\"logo\":{\"@type\":\"ImageObject\",\"inLanguage\":\"et\",\"@id\":\"https:\/\/baubauwall.com\/et\/#\/schema\/logo\/image\/\",\"url\":\"https:\/\/baubauwall.com\/wp-content\/uploads\/2022\/03\/logo-horizontal.svg\",\"contentUrl\":\"https:\/\/baubauwall.com\/wp-content\/uploads\/2022\/03\/logo-horizontal.svg\",\"width\":\"1024\",\"height\":\"1024\",\"caption\":\"BAUBAUWALL Wallpapers\"},\"image\":{\"@id\":\"https:\/\/baubauwall.com\/et\/#\/schema\/logo\/image\/\"},\"sameAs\":[\"https:\/\/www.facebook.com\/Baubauwall\",\"https:\/\/www.instagram.com\/baubauwall\"]}]}<\/script>\n<!-- \/ Yoast SEO plugin. -->","yoast_head_json":{"title":"Fototapeet merelainega - Lainetants. Baubauwall disaintapeedid","description":"Fototapeet merelainega - too merevaade kasv\u00f5i igasse tuppa! V\u00f5imas laine, mis on elutruu. Too see tapeet kodu magamistuppa v\u00f5i elutoa seinale!","robots":{"index":"index","follow":"follow","max-snippet":"max-snippet:-1","max-image-preview":"max-image-preview:large","max-video-preview":"max-video-preview:-1"},"canonical":"https:\/\/baubauwall.com\/et\/toode\/fototapeet-lainetants\/","og_locale":"et_EE","og_type":"article","og_title":"BAUBAUWALL TAPEEDID","og_description":"Fototapeet Lainetants","og_url":"https:\/\/baubauwall.com\/et\/toode\/fototapeet-lainetants\/","og_site_name":"BAUBAUWALL TAPEEDID","article_publisher":"https:\/\/www.facebook.com\/Baubauwall","article_modified_time":"2025-09-01T09:21:59+00:00","og_image":[{"width":1600,"height":1600,"url":"https:\/\/baubauwall.com\/wp-content\/uploads\/2022\/03\/51300035_WaveLeap_Baubauwall_Wall_Photo_Wallpaper_room4.jpg","type":"image\/jpeg"}],"twitter_card":"summary_large_image","twitter_misc":{"Est. reading time":"1 minut"},"schema":{"@context":"https:\/\/schema.org","@graph":[{"@type":"WebPage","@id":"https:\/\/baubauwall.com\/et\/toode\/fototapeet-lainetants\/","url":"https:\/\/baubauwall.com\/et\/toode\/fototapeet-lainetants\/","name":"Fototapeet merelainega - Lainetants. Baubauwall disaintapeedid","isPartOf":{"@id":"https:\/\/baubauwall.com\/et\/#website"},"primaryImageOfPage":{"@id":"https:\/\/baubauwall.com\/et\/toode\/fototapeet-lainetants\/#primaryimage"},"image":{"@id":"https:\/\/baubauwall.com\/et\/toode\/fototapeet-lainetants\/#primaryimage"},"thumbnailUrl":"https:\/\/baubauwall.com\/wp-content\/uploads\/2022\/03\/51300035_WaveLeap_Baubauwall_Wall_Photo_Wallpaper_room1.jpg","datePublished":"2025-08-28T12:16:01+00:00","dateModified":"2025-09-01T09:21:59+00:00","description":"Fototapeet merelainega - too merevaade kasv\u00f5i igasse tuppa! V\u00f5imas laine, mis on elutruu. Too see tapeet kodu magamistuppa v\u00f5i elutoa seinale!","breadcrumb":{"@id":"https:\/\/baubauwall.com\/et\/toode\/fototapeet-lainetants\/#breadcrumb"},"inLanguage":"et","potentialAction":[{"@type":"ReadAction","target":["https:\/\/baubauwall.com\/et\/toode\/fototapeet-lainetants\/"]}]},{"@type":"ImageObject","inLanguage":"et","@id":"https:\/\/baubauwall.com\/et\/toode\/fototapeet-lainetants\/#primaryimage","url":"https:\/\/baubauwall.com\/wp-content\/uploads\/2022\/03\/51300035_WaveLeap_Baubauwall_Wall_Photo_Wallpaper_room1.jpg","contentUrl":"https:\/\/baubauwall.com\/wp-content\/uploads\/2022\/03\/51300035_WaveLeap_Baubauwall_Wall_Photo_Wallpaper_room1.jpg","width":2397,"height":1600,"caption":"Photo Wallpaper Wave Leap"},{"@type":"BreadcrumbList","@id":"https:\/\/baubauwall.com\/et\/toode\/fototapeet-lainetants\/#breadcrumb","itemListElement":[{"@type":"ListItem","position":1,"name":"Koju","item":"https:\/\/baubauwall.com\/et\/"},{"@type":"ListItem","position":2,"name":"Tapeedid","item":"https:\/\/baubauwall.com\/et\/tapeedid\/"},{"@type":"ListItem","position":3,"name":"Fototapeet Lainetants"}]},{"@type":"WebSite","@id":"https:\/\/baubauwall.com\/et\/#website","url":"https:\/\/baubauwall.com\/et\/","name":"BAUBAUWALL Wallpapers","description":"Valmis paanides tapeet Eestist!","publisher":{"@id":"https:\/\/baubauwall.com\/et\/#organization"},"potentialAction":[{"@type":"SearchAction","target":{"@type":"EntryPoint","urlTemplate":"https:\/\/baubauwall.com\/et\/?s={search_term_string}"},"query-input":{"@type":"PropertyValueSpecification","valueRequired":true,"valueName":"search_term_string"}}],"inLanguage":"et"},{"@type":"Organization","@id":"https:\/\/baubauwall.com\/et\/#organization","name":"BAUBAUWALL Wallpapers","url":"https:\/\/baubauwall.com\/et\/","logo":{"@type":"ImageObject","inLanguage":"et","@id":"https:\/\/baubauwall.com\/et\/#\/schema\/logo\/image\/","url":"https:\/\/baubauwall.com\/wp-content\/uploads\/2022\/03\/logo-horizontal.svg","contentUrl":"https:\/\/baubauwall.com\/wp-content\/uploads\/2022\/03\/logo-horizontal.svg","width":"1024","height":"1024","caption":"BAUBAUWALL Wallpapers"},"image":{"@id":"https:\/\/baubauwall.com\/et\/#\/schema\/logo\/image\/"},"sameAs":["https:\/\/www.facebook.com\/Baubauwall","https:\/\/www.instagram.com\/baubauwall"]}]}},"jetpack_sharing_enabled":true,"_links":{"self":[{"href":"https:\/\/baubauwall.com\/et\/wp-json\/wp\/v2\/product\/44439","targetHints":{"allow":["GET"]}}],"collection":[{"href":"https:\/\/baubauwall.com\/et\/wp-json\/wp\/v2\/product"}],"about":[{"href":"https:\/\/baubauwall.com\/et\/wp-json\/wp\/v2\/types\/product"}],"replies":[{"embeddable":true,"href":"https:\/\/baubauwall.com\/et\/wp-json\/wp\/v2\/comments?post=44439"}],"wp:featuredmedia":[{"embeddable":true,"href":"https:\/\/baubauwall.com\/et\/wp-json\/wp\/v2\/media\/44423"}],"wp:attachment":[{"href":"https:\/\/baubauwall.com\/et\/wp-json\/wp\/v2\/media?parent=44439"}],"wp:term":[{"taxonomy":"product_brand","embeddable":true,"href":"https:\/\/baubauwall.com\/et\/wp-json\/wp\/v2\/product_brand?post=44439"},{"taxonomy":"product_cat","embeddable":true,"href":"https:\/\/baubauwall.com\/et\/wp-json\/wp\/v2\/product_cat?post=44439"},{"taxonomy":"product_tag","embeddable":true,"href":"https:\/\/baubauwall.com\/et\/wp-json\/wp\/v2\/product_tag?post=44439"}],"curies":[{"name":"wp","href":"https:\/\/api.w.org\/{rel}","templated":true}]}}