{"id":44465,"date":"2025-08-28T15:16:01","date_gmt":"2025-08-28T13:16:01","guid":{"rendered":"https:\/\/baubauwall.com\/product\/photo-wallpaper-pine-forest-whispers\/"},"modified":"2025-08-28T16:26:26","modified_gmt":"2025-08-28T14:26:26","slug":"fototapeet-mannimetsa-sosin","status":"publish","type":"product","link":"https:\/\/baubauwall.com\/et\/toode\/fototapeet-mannimetsa-sosin\/","title":{"rendered":"Fototapeet M\u00e4nnimetsa sosin"},"content":{"rendered":"<p data-start=\"309\" data-end=\"604\">M\u00e4nnimetsa sosin on fototapeet metsaga, mis toob sinu koju looduse rahu ja valguse. K\u00f5rged m\u00e4nnit\u00fcved sirutuvad taevasse, samal ajal kui hommikused p\u00e4ikesekiired looklevad l\u00e4bi puude ja t\u00e4idavad ruumi soojusega. See disain on justkui jalutusk\u00e4ik koduses m\u00e4nnimetsas \u2013 vaikne ja rahustav.<\/p>\n<p data-start=\"606\" data-end=\"892\">Magamistoas loob see fototapeet metsaga hubase oaasi, kus on lihtne l\u00f5\u00f5gastuda ja unistada. Elutoas t\u00f6\u00f6tab fototapeet fookusseinana, andes tugeva visuaalse elamuse. Samuti sobib see fototapeet h\u00e4sti kodukontorisse v\u00f5i avalikku ruumi, kus metsavaade toob interj\u00f6\u00f6ri rahulikkust ja tasakaalu.<\/p>\n<p><strong>Fototapeedi stiilinipp:<\/strong><\/p>\n<p data-start=\"606\" data-end=\"892\">Kombineeri see efektne fototapeet interj\u00f6\u00f6ris looduslike materjalidega nagu puit, rotang v\u00f5i linane. Bee\u017eid ja soojad hallid toonid r\u00f5hutavad metsa rahulikku atmosf\u00e4\u00e4ri, samas kui rohelised aktsendid toovad esile metsa v\u00e4rskuse. Skandinaavialikus interj\u00f6\u00f6ris lase tapeedil olla ruumi peamine pilgup\u00fc\u00fcdja.<\/p>\n<p data-start=\"894\" data-end=\"1222\"><a href=\"https:\/\/kodu.postimees.ee\/8277872\/eestis-loodud-digiteenus-mis-muudab-tapeetimise-lihtsaks-ja-isikuparaseks\" target=\"_blank\" rel=\"noopener\">Baubauwallis<\/a> teeme tapeedid alati eritellimusel, vastavalt Sinu seina m\u00f5\u00f5tudele. Ei ole \u00fclej\u00e4\u00e4ke ega keerulisi arvutusi \u2013 iga tapeedipaan on valis l\u00f5igatud just nii pikaks, kui on Sinu sein. Lisaks &#8211; nummerdatud ning sobiv fliistapeedi liim on komplektis kaasas. Tapeetimine pole iial nii lihtne olnud! Tapeedimaterjaliks on premium fliistapeet, 150 g\/m\u00b2 . See on hingav, vastupidav ja kergesti hooldatav, nii et saad muretult nautida oma uut metsavaadet veel pikki aastaid.<\/p>\n<p data-start=\"894\" data-end=\"1222\">Piilu ka meie klientide kodusesse, <a href=\"https:\/\/baubauwall.com\/et\/ideed\/let-the-homes-do-the-talking\/\">ehk on siin tapeedigaleriis<\/a> h\u00e4id ideid, mida n\u00e4pata!<\/p>\n","protected":false},"excerpt":{"rendered":"<p>M\u00e4nnimetsa sosin on fototapeet metsaga, mis toob sinu koju looduse rahu ja valguse. K\u00f5rged m\u00e4nnit\u00fcved sirutuvad taevasse, samal ajal kui hommikused p\u00e4ikesekiired looklevad l\u00e4bi puude ja t\u00e4idavad ruumi soojusega. See disain on justkui jalutusk\u00e4ik koduses m\u00e4nnimetsas \u2013 vaikne ja rahustav. Magamistoas loob see fototapeet metsaga hubase oaasi, kus on lihtne l\u00f5\u00f5gastuda ja unistada. Elutoas t\u00f6\u00f6tab [&hellip;]<\/p>\n","protected":false},"featured_media":44451,"comment_status":"open","ping_status":"closed","template":"","meta":{"_acf_changed":false,"inline_featured_image":false},"product_brand":[],"product_cat":[433,406,396,269,270,271,752,413,414,399,402,245,248,254],"product_tag":[486,454],"class_list":{"0":"post-44465","1":"product","2":"type-product","3":"status-publish","4":"has-post-thumbnail","6":"product_cat-fototapeedid","7":"product_cat-klassika","8":"product_cat-skandinaavia","9":"product_cat-pruunid-tapeedid","10":"product_cat-tumedad-tapeedid","11":"product_cat-rohelised-tapeedid","12":"product_cat-avalik-ruum","13":"product_cat-magamistoa-tapeedid","14":"product_cat-soogitoa-tapeedid","15":"product_cat-kodukontori-tapeedid","16":"product_cat-elutoa-tapeedid","17":"product_cat-maastik","18":"product_cat-mets","19":"product_cat-loodus","20":"product_tag-fotograafia-et","21":"product_tag-fototapeet-et","22":"pa_designedby-baubauwall","24":"first","25":"instock","26":"taxable","27":"shipping-taxable","28":"purchasable","29":"product-type-simple"},"acf":[],"yoast_head":"<!-- This site is optimized with the Yoast SEO plugin v25.9 - https:\/\/yoast.com\/wordpress\/plugins\/seo\/ -->\n<title>Fototapeet metsaga - M\u00e4nnimetsa sosin | Baubauwall tapeedid<\/title>\n<meta name=\"description\" content=\"Avasta M\u00e4nnimetsa sosin \u2013 rahulik ja valgusk\u00fcllane fototapeet metsaga. Eritellimusel valmistatud, lihtne paigaldada, liim kaasas ja kiire tarne.\" \/>\n<meta name=\"robots\" content=\"index, follow, max-snippet:-1, max-image-preview:large, max-video-preview:-1\" \/>\n<link rel=\"canonical\" href=\"https:\/\/baubauwall.com\/et\/toode\/fototapeet-mannimetsa-sosin\/\" \/>\n<meta property=\"og:locale\" content=\"et_EE\" \/>\n<meta property=\"og:type\" content=\"article\" \/>\n<meta property=\"og:title\" content=\"BAUBAUWALL TAPEEDID\" \/>\n<meta property=\"og:description\" content=\"Avasta M\u00e4nnimetsa sosin \u2013 rahulik ja valgusk\u00fcllane fototapeet metsaga. Eritellimusel valmistatud, lihtne paigaldada, liim kaasas ja kiire tarne.\" \/>\n<meta property=\"og:url\" content=\"https:\/\/baubauwall.com\/et\/toode\/fototapeet-mannimetsa-sosin\/\" \/>\n<meta property=\"og:site_name\" content=\"BAUBAUWALL TAPEEDID\" \/>\n<meta property=\"article:publisher\" content=\"https:\/\/www.facebook.com\/Baubauwall\" \/>\n<meta property=\"article:modified_time\" content=\"2025-08-28T14:26:26+00:00\" \/>\n<meta property=\"og:image\" content=\"https:\/\/baubauwall.com\/wp-content\/uploads\/2022\/03\/51300038_PineForestWhispers_Baubauwall_Wall_Photo_Wallpaper_room5.jpg\" \/>\n\t<meta property=\"og:image:width\" content=\"2560\" \/>\n\t<meta property=\"og:image:height\" content=\"1600\" \/>\n\t<meta property=\"og:image:type\" content=\"image\/jpeg\" \/>\n<meta name=\"twitter:card\" content=\"summary_large_image\" \/>\n<meta name=\"twitter:label1\" content=\"Est. reading time\" \/>\n\t<meta name=\"twitter:data1\" content=\"2 minutit\" \/>\n<script type=\"application\/ld+json\" class=\"yoast-schema-graph\">{\"@context\":\"https:\/\/schema.org\",\"@graph\":[{\"@type\":\"WebPage\",\"@id\":\"https:\/\/baubauwall.com\/et\/toode\/fototapeet-mannimetsa-sosin\/\",\"url\":\"https:\/\/baubauwall.com\/et\/toode\/fototapeet-mannimetsa-sosin\/\",\"name\":\"Fototapeet metsaga - M\u00e4nnimetsa sosin | Baubauwall tapeedid\",\"isPartOf\":{\"@id\":\"https:\/\/baubauwall.com\/et\/#website\"},\"primaryImageOfPage\":{\"@id\":\"https:\/\/baubauwall.com\/et\/toode\/fototapeet-mannimetsa-sosin\/#primaryimage\"},\"image\":{\"@id\":\"https:\/\/baubauwall.com\/et\/toode\/fototapeet-mannimetsa-sosin\/#primaryimage\"},\"thumbnailUrl\":\"https:\/\/baubauwall.com\/wp-content\/uploads\/2022\/03\/51300038_PineForestWhispers_Baubauwall_Wall_Photo_Wallpaper_room2.jpg\",\"datePublished\":\"2025-08-28T13:16:01+00:00\",\"dateModified\":\"2025-08-28T14:26:26+00:00\",\"description\":\"Avasta M\u00e4nnimetsa sosin \u2013 rahulik ja valgusk\u00fcllane fototapeet metsaga. Eritellimusel valmistatud, lihtne paigaldada, liim kaasas ja kiire tarne.\",\"breadcrumb\":{\"@id\":\"https:\/\/baubauwall.com\/et\/toode\/fototapeet-mannimetsa-sosin\/#breadcrumb\"},\"inLanguage\":\"et\",\"potentialAction\":[{\"@type\":\"ReadAction\",\"target\":[\"https:\/\/baubauwall.com\/et\/toode\/fototapeet-mannimetsa-sosin\/\"]}]},{\"@type\":\"ImageObject\",\"inLanguage\":\"et\",\"@id\":\"https:\/\/baubauwall.com\/et\/toode\/fototapeet-mannimetsa-sosin\/#primaryimage\",\"url\":\"https:\/\/baubauwall.com\/wp-content\/uploads\/2022\/03\/51300038_PineForestWhispers_Baubauwall_Wall_Photo_Wallpaper_room2.jpg\",\"contentUrl\":\"https:\/\/baubauwall.com\/wp-content\/uploads\/2022\/03\/51300038_PineForestWhispers_Baubauwall_Wall_Photo_Wallpaper_room2.jpg\",\"width\":2400,\"height\":1600,\"caption\":\"fototapeet metsaga magamistoa seinal pine forest wallpaper for bedroom wall with sunlight mural. Baubauwall Wallpapers\"},{\"@type\":\"BreadcrumbList\",\"@id\":\"https:\/\/baubauwall.com\/et\/toode\/fototapeet-mannimetsa-sosin\/#breadcrumb\",\"itemListElement\":[{\"@type\":\"ListItem\",\"position\":1,\"name\":\"Koju\",\"item\":\"https:\/\/baubauwall.com\/et\/\"},{\"@type\":\"ListItem\",\"position\":2,\"name\":\"Tapeedid\",\"item\":\"https:\/\/baubauwall.com\/et\/tapeedid\/\"},{\"@type\":\"ListItem\",\"position\":3,\"name\":\"Fototapeet M\u00e4nnimetsa sosin\"}]},{\"@type\":\"WebSite\",\"@id\":\"https:\/\/baubauwall.com\/et\/#website\",\"url\":\"https:\/\/baubauwall.com\/et\/\",\"name\":\"BAUBAUWALL Wallpapers\",\"description\":\"Valmis paanides tapeet Eestist!\",\"publisher\":{\"@id\":\"https:\/\/baubauwall.com\/et\/#organization\"},\"potentialAction\":[{\"@type\":\"SearchAction\",\"target\":{\"@type\":\"EntryPoint\",\"urlTemplate\":\"https:\/\/baubauwall.com\/et\/?s={search_term_string}\"},\"query-input\":{\"@type\":\"PropertyValueSpecification\",\"valueRequired\":true,\"valueName\":\"search_term_string\"}}],\"inLanguage\":\"et\"},{\"@type\":\"Organization\",\"@id\":\"https:\/\/baubauwall.com\/et\/#organization\",\"name\":\"BAUBAUWALL Wallpapers\",\"url\":\"https:\/\/baubauwall.com\/et\/\",\"logo\":{\"@type\":\"ImageObject\",\"inLanguage\":\"et\",\"@id\":\"https:\/\/baubauwall.com\/et\/#\/schema\/logo\/image\/\",\"url\":\"https:\/\/baubauwall.com\/wp-content\/uploads\/2022\/03\/logo-horizontal.svg\",\"contentUrl\":\"https:\/\/baubauwall.com\/wp-content\/uploads\/2022\/03\/logo-horizontal.svg\",\"width\":\"1024\",\"height\":\"1024\",\"caption\":\"BAUBAUWALL Wallpapers\"},\"image\":{\"@id\":\"https:\/\/baubauwall.com\/et\/#\/schema\/logo\/image\/\"},\"sameAs\":[\"https:\/\/www.facebook.com\/Baubauwall\",\"https:\/\/www.instagram.com\/baubauwall\"]}]}<\/script>\n<!-- \/ Yoast SEO plugin. -->","yoast_head_json":{"title":"Fototapeet metsaga - M\u00e4nnimetsa sosin | Baubauwall tapeedid","description":"Avasta M\u00e4nnimetsa sosin \u2013 rahulik ja valgusk\u00fcllane fototapeet metsaga. Eritellimusel valmistatud, lihtne paigaldada, liim kaasas ja kiire tarne.","robots":{"index":"index","follow":"follow","max-snippet":"max-snippet:-1","max-image-preview":"max-image-preview:large","max-video-preview":"max-video-preview:-1"},"canonical":"https:\/\/baubauwall.com\/et\/toode\/fototapeet-mannimetsa-sosin\/","og_locale":"et_EE","og_type":"article","og_title":"BAUBAUWALL TAPEEDID","og_description":"Avasta M\u00e4nnimetsa sosin \u2013 rahulik ja valgusk\u00fcllane fototapeet metsaga. Eritellimusel valmistatud, lihtne paigaldada, liim kaasas ja kiire tarne.","og_url":"https:\/\/baubauwall.com\/et\/toode\/fototapeet-mannimetsa-sosin\/","og_site_name":"BAUBAUWALL TAPEEDID","article_publisher":"https:\/\/www.facebook.com\/Baubauwall","article_modified_time":"2025-08-28T14:26:26+00:00","og_image":[{"width":2560,"height":1600,"url":"https:\/\/baubauwall.com\/wp-content\/uploads\/2022\/03\/51300038_PineForestWhispers_Baubauwall_Wall_Photo_Wallpaper_room5.jpg","type":"image\/jpeg"}],"twitter_card":"summary_large_image","twitter_misc":{"Est. reading time":"2 minutit"},"schema":{"@context":"https:\/\/schema.org","@graph":[{"@type":"WebPage","@id":"https:\/\/baubauwall.com\/et\/toode\/fototapeet-mannimetsa-sosin\/","url":"https:\/\/baubauwall.com\/et\/toode\/fototapeet-mannimetsa-sosin\/","name":"Fototapeet metsaga - M\u00e4nnimetsa sosin | Baubauwall tapeedid","isPartOf":{"@id":"https:\/\/baubauwall.com\/et\/#website"},"primaryImageOfPage":{"@id":"https:\/\/baubauwall.com\/et\/toode\/fototapeet-mannimetsa-sosin\/#primaryimage"},"image":{"@id":"https:\/\/baubauwall.com\/et\/toode\/fototapeet-mannimetsa-sosin\/#primaryimage"},"thumbnailUrl":"https:\/\/baubauwall.com\/wp-content\/uploads\/2022\/03\/51300038_PineForestWhispers_Baubauwall_Wall_Photo_Wallpaper_room2.jpg","datePublished":"2025-08-28T13:16:01+00:00","dateModified":"2025-08-28T14:26:26+00:00","description":"Avasta M\u00e4nnimetsa sosin \u2013 rahulik ja valgusk\u00fcllane fototapeet metsaga. Eritellimusel valmistatud, lihtne paigaldada, liim kaasas ja kiire tarne.","breadcrumb":{"@id":"https:\/\/baubauwall.com\/et\/toode\/fototapeet-mannimetsa-sosin\/#breadcrumb"},"inLanguage":"et","potentialAction":[{"@type":"ReadAction","target":["https:\/\/baubauwall.com\/et\/toode\/fototapeet-mannimetsa-sosin\/"]}]},{"@type":"ImageObject","inLanguage":"et","@id":"https:\/\/baubauwall.com\/et\/toode\/fototapeet-mannimetsa-sosin\/#primaryimage","url":"https:\/\/baubauwall.com\/wp-content\/uploads\/2022\/03\/51300038_PineForestWhispers_Baubauwall_Wall_Photo_Wallpaper_room2.jpg","contentUrl":"https:\/\/baubauwall.com\/wp-content\/uploads\/2022\/03\/51300038_PineForestWhispers_Baubauwall_Wall_Photo_Wallpaper_room2.jpg","width":2400,"height":1600,"caption":"fototapeet metsaga magamistoa seinal pine forest wallpaper for bedroom wall with sunlight mural. Baubauwall Wallpapers"},{"@type":"BreadcrumbList","@id":"https:\/\/baubauwall.com\/et\/toode\/fototapeet-mannimetsa-sosin\/#breadcrumb","itemListElement":[{"@type":"ListItem","position":1,"name":"Koju","item":"https:\/\/baubauwall.com\/et\/"},{"@type":"ListItem","position":2,"name":"Tapeedid","item":"https:\/\/baubauwall.com\/et\/tapeedid\/"},{"@type":"ListItem","position":3,"name":"Fototapeet M\u00e4nnimetsa sosin"}]},{"@type":"WebSite","@id":"https:\/\/baubauwall.com\/et\/#website","url":"https:\/\/baubauwall.com\/et\/","name":"BAUBAUWALL Wallpapers","description":"Valmis paanides tapeet Eestist!","publisher":{"@id":"https:\/\/baubauwall.com\/et\/#organization"},"potentialAction":[{"@type":"SearchAction","target":{"@type":"EntryPoint","urlTemplate":"https:\/\/baubauwall.com\/et\/?s={search_term_string}"},"query-input":{"@type":"PropertyValueSpecification","valueRequired":true,"valueName":"search_term_string"}}],"inLanguage":"et"},{"@type":"Organization","@id":"https:\/\/baubauwall.com\/et\/#organization","name":"BAUBAUWALL Wallpapers","url":"https:\/\/baubauwall.com\/et\/","logo":{"@type":"ImageObject","inLanguage":"et","@id":"https:\/\/baubauwall.com\/et\/#\/schema\/logo\/image\/","url":"https:\/\/baubauwall.com\/wp-content\/uploads\/2022\/03\/logo-horizontal.svg","contentUrl":"https:\/\/baubauwall.com\/wp-content\/uploads\/2022\/03\/logo-horizontal.svg","width":"1024","height":"1024","caption":"BAUBAUWALL Wallpapers"},"image":{"@id":"https:\/\/baubauwall.com\/et\/#\/schema\/logo\/image\/"},"sameAs":["https:\/\/www.facebook.com\/Baubauwall","https:\/\/www.instagram.com\/baubauwall"]}]}},"jetpack_sharing_enabled":true,"_links":{"self":[{"href":"https:\/\/baubauwall.com\/et\/wp-json\/wp\/v2\/product\/44465","targetHints":{"allow":["GET"]}}],"collection":[{"href":"https:\/\/baubauwall.com\/et\/wp-json\/wp\/v2\/product"}],"about":[{"href":"https:\/\/baubauwall.com\/et\/wp-json\/wp\/v2\/types\/product"}],"replies":[{"embeddable":true,"href":"https:\/\/baubauwall.com\/et\/wp-json\/wp\/v2\/comments?post=44465"}],"wp:featuredmedia":[{"embeddable":true,"href":"https:\/\/baubauwall.com\/et\/wp-json\/wp\/v2\/media\/44451"}],"wp:attachment":[{"href":"https:\/\/baubauwall.com\/et\/wp-json\/wp\/v2\/media?parent=44465"}],"wp:term":[{"taxonomy":"product_brand","embeddable":true,"href":"https:\/\/baubauwall.com\/et\/wp-json\/wp\/v2\/product_brand?post=44465"},{"taxonomy":"product_cat","embeddable":true,"href":"https:\/\/baubauwall.com\/et\/wp-json\/wp\/v2\/product_cat?post=44465"},{"taxonomy":"product_tag","embeddable":true,"href":"https:\/\/baubauwall.com\/et\/wp-json\/wp\/v2\/product_tag?post=44465"}],"curies":[{"name":"wp","href":"https:\/\/api.w.org\/{rel}","templated":true}]}}