{"id":44496,"date":"2025-08-29T11:16:01","date_gmt":"2025-08-29T09:16:01","guid":{"rendered":"https:\/\/baubauwall.com\/product\/photo-wallpaper-poppy-party\/"},"modified":"2025-09-01T10:55:37","modified_gmt":"2025-09-01T08:55:37","slug":"fototapeet-moonide-pidu","status":"publish","type":"product","link":"https:\/\/baubauwall.com\/et\/toode\/fototapeet-moonide-pidu\/","title":{"rendered":"Fototapeet Moonide pidu"},"content":{"rendered":"<p>Fototapeet moonidega, mis toob v\u00e4rvi ja s\u00e4rtsu interj\u00f6\u00f6ri! See fototapeet sobib Sulle, kes Sa ei lepi tagasihoidlike kujundustega ja igatsed enda \u00fcmber v\u00e4rvi. Moonidega fototapeet loob terve seina s\u00f5na otseses m\u00f5ttes \u00f5ide! S\u00e4ti olenevalt hooajast lauale vaas v\u00e4rskete moonidega ja tulemus on t\u00e4iuslik.<\/p>\n<p>Magamistoas loob <em data-start=\"656\" data-end=\"670\">Moonide pidu<\/em> romantilise ja unistava atmosf\u00e4\u00e4ri. Elutoas toimib see julge fototapeet fookusseinana, mis p\u00fc\u00fcab pilke ja alustab lugusid. Ka s\u00f6\u00f6gitoas v\u00f5i k\u00f6\u00f6gis lisab tapeet soojust ja hubasust.<\/p>\n<h4 data-start=\"1867\" data-end=\"1890\">Stiilisoovitus<\/h4>\n<p data-start=\"1891\" data-end=\"2151\">Kombineeri <em data-start=\"1902\" data-end=\"1916\">Moonide pidu<\/em> fototapeet looduslike materjalidega, n\u00e4iteks linane v\u00f5i hele puit. Lisaks kasuta neutraalseid m\u00f6\u00f6blitoone, et r\u00f5hutada moonide s\u00e4rtsakat v\u00e4rvi. Kui soovid modernset kontrasti, lisa musti v\u00f5i metalseid detaile ning tapeet m\u00f5jub veelgi efektsemalt.<\/p>\n<h4><strong>Miks valida fototapeet Baubauwallist?<\/strong><\/h4>\n<p>Sest me teeme<a href=\"https:\/\/baubauwall.com\/et\/nipid\/online-tapeedistuudiost-tapeedi-tellimine-on-veel-lihtsam\/\" target=\"_blank\" rel=\"noopener\">\u00a0tapeedi valimise,<\/a>\u00a0ostmise ja paigalduse lihtsaks.<\/p>\n<ul>\n<li>Tr\u00fckime t\u00e4pselt Sinu seina m\u00f5\u00f5dus tapeedi, siinsamas Eestis<\/li>\n<li>Just nii pikad tapeedipaanid, kui on Sinu sein<\/li>\n<li>Premium, matt fliistapeedi materjal, 100% taaskasutatud kiust<\/li>\n<li>M\u00fcrgivabad tr\u00fckiv\u00e4rvid, Greenguard sertifitseeritud<\/li>\n<li>Keskkonnas\u00f5bralik, j\u00e4\u00e4tmevaba tapeetimine<\/li>\n<li>Tasuta tapeediliim on alati kaasas<\/li>\n<li>Tasuta transport ja kiire tarne 5 t\u00f6\u00f6p\u00e4evaga. Sina oota vaid s\u00f5numit paki saabumisest!<\/li>\n<\/ul>\n<p><a href=\"https:\/\/e-estonia.com\/baubauwall-is-remaking-the-wallpaper-business\/\" target=\"_blank\" rel=\"noopener\">Baubauwalli<\/a> tapeetide tootmise p\u00f5him\u00f5te on nullkulu: prindime alles siis, kui oled oma seina m\u00f5\u00f5dud meie s\u00fcsteemi sisestanud ja tellimuse kinnitanud. Nii saad kindel olla, et tellimus valmib ainult sulle ning igal sentimeetril on oma eesm\u00e4rk.<\/p>\n<p>&nbsp;<\/p>\n","protected":false},"excerpt":{"rendered":"<p>Fototapeet moonidega, mis toob v\u00e4rvi ja s\u00e4rtsu interj\u00f6\u00f6ri! See fototapeet sobib Sulle, kes Sa ei lepi tagasihoidlike kujundustega ja igatsed enda \u00fcmber v\u00e4rvi. Moonidega fototapeet loob terve seina s\u00f5na otseses m\u00f5ttes \u00f5ide! S\u00e4ti olenevalt hooajast lauale vaas v\u00e4rskete moonidega ja tulemus on t\u00e4iuslik. Magamistoas loob Moonide pidu romantilise ja unistava atmosf\u00e4\u00e4ri. Elutoas toimib see julge [&hellip;]<\/p>\n","protected":false},"featured_media":44488,"comment_status":"open","ping_status":"closed","template":"","meta":{"_acf_changed":false,"inline_featured_image":false},"product_brand":[],"product_cat":[433,622,267,411,752,413,414,399,402,260],"product_tag":[454],"class_list":{"0":"post-44496","1":"product","2":"type-product","3":"status-publish","4":"has-post-thumbnail","6":"product_cat-fototapeedid","7":"product_cat-julged-tapeedid","8":"product_cat-sinised-tapeedid","9":"product_cat-kollased-tapeedid","10":"product_cat-avalik-ruum","11":"product_cat-magamistoa-tapeedid","12":"product_cat-soogitoa-tapeedid","13":"product_cat-kodukontori-tapeedid","14":"product_cat-elutoa-tapeedid","15":"product_cat-lilled","16":"product_tag-fototapeet-et","17":"pa_designedby-baubauwall","19":"first","20":"instock","21":"taxable","22":"shipping-taxable","23":"purchasable","24":"product-type-simple"},"acf":[],"yoast_head":"<!-- This site is optimized with the Yoast SEO plugin v25.9 - https:\/\/yoast.com\/wordpress\/plugins\/seo\/ -->\n<title>Moonidega fototapeet Moonide pidu - BAUBAUWALL TAPEEDID tapeedid<\/title>\n<meta name=\"description\" content=\"Fototapeet kollaste moonidega. Sobita see tapeet elutoa seinale, kui tahad interj\u00f6\u00f6ri tuua rohkem v\u00e4rvi! R\u00f5\u00f5mus tapeet kollaste moonidega toob lusti.\" \/>\n<meta name=\"robots\" content=\"index, follow, max-snippet:-1, max-image-preview:large, max-video-preview:-1\" \/>\n<link rel=\"canonical\" href=\"https:\/\/baubauwall.com\/et\/toode\/fototapeet-moonide-pidu\/\" \/>\n<meta property=\"og:locale\" content=\"et_EE\" \/>\n<meta property=\"og:type\" content=\"article\" \/>\n<meta property=\"og:title\" content=\"BAUBAUWALL TAPEEDID\" \/>\n<meta property=\"og:description\" content=\"Fototapeet kollaste moonidega. Sobita see tapeet elutoa seinale, kui tahad interj\u00f6\u00f6ri tuua rohkem v\u00e4rvi! R\u00f5\u00f5mus tapeet kollaste moonidega toob lusti.\" \/>\n<meta property=\"og:url\" content=\"https:\/\/baubauwall.com\/et\/toode\/fototapeet-moonide-pidu\/\" \/>\n<meta property=\"og:site_name\" content=\"BAUBAUWALL TAPEEDID\" \/>\n<meta property=\"article:publisher\" content=\"https:\/\/www.facebook.com\/Baubauwall\" \/>\n<meta property=\"article:modified_time\" content=\"2025-09-01T08:55:37+00:00\" \/>\n<meta property=\"og:image\" content=\"https:\/\/baubauwall.com\/wp-content\/uploads\/2022\/03\/51300036_PoppyParty_Baubauwall_Wall_Photo_Wallpaper_room3.jpg\" \/>\n\t<meta property=\"og:image:width\" content=\"2400\" \/>\n\t<meta property=\"og:image:height\" content=\"1600\" \/>\n\t<meta property=\"og:image:type\" content=\"image\/jpeg\" \/>\n<meta name=\"twitter:card\" content=\"summary_large_image\" \/>\n<meta name=\"twitter:label1\" content=\"Est. reading time\" \/>\n\t<meta name=\"twitter:data1\" content=\"2 minutit\" \/>\n<script type=\"application\/ld+json\" class=\"yoast-schema-graph\">{\"@context\":\"https:\/\/schema.org\",\"@graph\":[{\"@type\":\"WebPage\",\"@id\":\"https:\/\/baubauwall.com\/et\/toode\/fototapeet-moonide-pidu\/\",\"url\":\"https:\/\/baubauwall.com\/et\/toode\/fototapeet-moonide-pidu\/\",\"name\":\"Moonidega fototapeet Moonide pidu - BAUBAUWALL TAPEEDID tapeedid\",\"isPartOf\":{\"@id\":\"https:\/\/baubauwall.com\/et\/#website\"},\"primaryImageOfPage\":{\"@id\":\"https:\/\/baubauwall.com\/et\/toode\/fototapeet-moonide-pidu\/#primaryimage\"},\"image\":{\"@id\":\"https:\/\/baubauwall.com\/et\/toode\/fototapeet-moonide-pidu\/#primaryimage\"},\"thumbnailUrl\":\"https:\/\/baubauwall.com\/wp-content\/uploads\/2022\/03\/51300036_PoppyParty_Baubauwall_Wall_Photo_Wallpaper_room3.jpg\",\"datePublished\":\"2025-08-29T09:16:01+00:00\",\"dateModified\":\"2025-09-01T08:55:37+00:00\",\"description\":\"Fototapeet kollaste moonidega. Sobita see tapeet elutoa seinale, kui tahad interj\u00f6\u00f6ri tuua rohkem v\u00e4rvi! R\u00f5\u00f5mus tapeet kollaste moonidega toob lusti.\",\"breadcrumb\":{\"@id\":\"https:\/\/baubauwall.com\/et\/toode\/fototapeet-moonide-pidu\/#breadcrumb\"},\"inLanguage\":\"et\",\"potentialAction\":[{\"@type\":\"ReadAction\",\"target\":[\"https:\/\/baubauwall.com\/et\/toode\/fototapeet-moonide-pidu\/\"]}]},{\"@type\":\"ImageObject\",\"inLanguage\":\"et\",\"@id\":\"https:\/\/baubauwall.com\/et\/toode\/fototapeet-moonide-pidu\/#primaryimage\",\"url\":\"https:\/\/baubauwall.com\/wp-content\/uploads\/2022\/03\/51300036_PoppyParty_Baubauwall_Wall_Photo_Wallpaper_room3.jpg\",\"contentUrl\":\"https:\/\/baubauwall.com\/wp-content\/uploads\/2022\/03\/51300036_PoppyParty_Baubauwall_Wall_Photo_Wallpaper_room3.jpg\",\"width\":2400,\"height\":1600,\"caption\":\"Photo Wallpaper Poppy Party\"},{\"@type\":\"BreadcrumbList\",\"@id\":\"https:\/\/baubauwall.com\/et\/toode\/fototapeet-moonide-pidu\/#breadcrumb\",\"itemListElement\":[{\"@type\":\"ListItem\",\"position\":1,\"name\":\"Koju\",\"item\":\"https:\/\/baubauwall.com\/et\/\"},{\"@type\":\"ListItem\",\"position\":2,\"name\":\"Tapeedid\",\"item\":\"https:\/\/baubauwall.com\/et\/tapeedid\/\"},{\"@type\":\"ListItem\",\"position\":3,\"name\":\"Fototapeet Moonide pidu\"}]},{\"@type\":\"WebSite\",\"@id\":\"https:\/\/baubauwall.com\/et\/#website\",\"url\":\"https:\/\/baubauwall.com\/et\/\",\"name\":\"BAUBAUWALL Wallpapers\",\"description\":\"Valmis paanides tapeet Eestist!\",\"publisher\":{\"@id\":\"https:\/\/baubauwall.com\/et\/#organization\"},\"potentialAction\":[{\"@type\":\"SearchAction\",\"target\":{\"@type\":\"EntryPoint\",\"urlTemplate\":\"https:\/\/baubauwall.com\/et\/?s={search_term_string}\"},\"query-input\":{\"@type\":\"PropertyValueSpecification\",\"valueRequired\":true,\"valueName\":\"search_term_string\"}}],\"inLanguage\":\"et\"},{\"@type\":\"Organization\",\"@id\":\"https:\/\/baubauwall.com\/et\/#organization\",\"name\":\"BAUBAUWALL Wallpapers\",\"url\":\"https:\/\/baubauwall.com\/et\/\",\"logo\":{\"@type\":\"ImageObject\",\"inLanguage\":\"et\",\"@id\":\"https:\/\/baubauwall.com\/et\/#\/schema\/logo\/image\/\",\"url\":\"https:\/\/baubauwall.com\/wp-content\/uploads\/2022\/03\/logo-horizontal.svg\",\"contentUrl\":\"https:\/\/baubauwall.com\/wp-content\/uploads\/2022\/03\/logo-horizontal.svg\",\"width\":\"1024\",\"height\":\"1024\",\"caption\":\"BAUBAUWALL Wallpapers\"},\"image\":{\"@id\":\"https:\/\/baubauwall.com\/et\/#\/schema\/logo\/image\/\"},\"sameAs\":[\"https:\/\/www.facebook.com\/Baubauwall\",\"https:\/\/www.instagram.com\/baubauwall\"]}]}<\/script>\n<!-- \/ Yoast SEO plugin. -->","yoast_head_json":{"title":"Moonidega fototapeet Moonide pidu - BAUBAUWALL TAPEEDID tapeedid","description":"Fototapeet kollaste moonidega. Sobita see tapeet elutoa seinale, kui tahad interj\u00f6\u00f6ri tuua rohkem v\u00e4rvi! R\u00f5\u00f5mus tapeet kollaste moonidega toob lusti.","robots":{"index":"index","follow":"follow","max-snippet":"max-snippet:-1","max-image-preview":"max-image-preview:large","max-video-preview":"max-video-preview:-1"},"canonical":"https:\/\/baubauwall.com\/et\/toode\/fototapeet-moonide-pidu\/","og_locale":"et_EE","og_type":"article","og_title":"BAUBAUWALL TAPEEDID","og_description":"Fototapeet kollaste moonidega. Sobita see tapeet elutoa seinale, kui tahad interj\u00f6\u00f6ri tuua rohkem v\u00e4rvi! R\u00f5\u00f5mus tapeet kollaste moonidega toob lusti.","og_url":"https:\/\/baubauwall.com\/et\/toode\/fototapeet-moonide-pidu\/","og_site_name":"BAUBAUWALL TAPEEDID","article_publisher":"https:\/\/www.facebook.com\/Baubauwall","article_modified_time":"2025-09-01T08:55:37+00:00","og_image":[{"width":2400,"height":1600,"url":"https:\/\/baubauwall.com\/wp-content\/uploads\/2022\/03\/51300036_PoppyParty_Baubauwall_Wall_Photo_Wallpaper_room3.jpg","type":"image\/jpeg"}],"twitter_card":"summary_large_image","twitter_misc":{"Est. reading time":"2 minutit"},"schema":{"@context":"https:\/\/schema.org","@graph":[{"@type":"WebPage","@id":"https:\/\/baubauwall.com\/et\/toode\/fototapeet-moonide-pidu\/","url":"https:\/\/baubauwall.com\/et\/toode\/fototapeet-moonide-pidu\/","name":"Moonidega fototapeet Moonide pidu - BAUBAUWALL TAPEEDID tapeedid","isPartOf":{"@id":"https:\/\/baubauwall.com\/et\/#website"},"primaryImageOfPage":{"@id":"https:\/\/baubauwall.com\/et\/toode\/fototapeet-moonide-pidu\/#primaryimage"},"image":{"@id":"https:\/\/baubauwall.com\/et\/toode\/fototapeet-moonide-pidu\/#primaryimage"},"thumbnailUrl":"https:\/\/baubauwall.com\/wp-content\/uploads\/2022\/03\/51300036_PoppyParty_Baubauwall_Wall_Photo_Wallpaper_room3.jpg","datePublished":"2025-08-29T09:16:01+00:00","dateModified":"2025-09-01T08:55:37+00:00","description":"Fototapeet kollaste moonidega. Sobita see tapeet elutoa seinale, kui tahad interj\u00f6\u00f6ri tuua rohkem v\u00e4rvi! R\u00f5\u00f5mus tapeet kollaste moonidega toob lusti.","breadcrumb":{"@id":"https:\/\/baubauwall.com\/et\/toode\/fototapeet-moonide-pidu\/#breadcrumb"},"inLanguage":"et","potentialAction":[{"@type":"ReadAction","target":["https:\/\/baubauwall.com\/et\/toode\/fototapeet-moonide-pidu\/"]}]},{"@type":"ImageObject","inLanguage":"et","@id":"https:\/\/baubauwall.com\/et\/toode\/fototapeet-moonide-pidu\/#primaryimage","url":"https:\/\/baubauwall.com\/wp-content\/uploads\/2022\/03\/51300036_PoppyParty_Baubauwall_Wall_Photo_Wallpaper_room3.jpg","contentUrl":"https:\/\/baubauwall.com\/wp-content\/uploads\/2022\/03\/51300036_PoppyParty_Baubauwall_Wall_Photo_Wallpaper_room3.jpg","width":2400,"height":1600,"caption":"Photo Wallpaper Poppy Party"},{"@type":"BreadcrumbList","@id":"https:\/\/baubauwall.com\/et\/toode\/fototapeet-moonide-pidu\/#breadcrumb","itemListElement":[{"@type":"ListItem","position":1,"name":"Koju","item":"https:\/\/baubauwall.com\/et\/"},{"@type":"ListItem","position":2,"name":"Tapeedid","item":"https:\/\/baubauwall.com\/et\/tapeedid\/"},{"@type":"ListItem","position":3,"name":"Fototapeet Moonide pidu"}]},{"@type":"WebSite","@id":"https:\/\/baubauwall.com\/et\/#website","url":"https:\/\/baubauwall.com\/et\/","name":"BAUBAUWALL Wallpapers","description":"Valmis paanides tapeet Eestist!","publisher":{"@id":"https:\/\/baubauwall.com\/et\/#organization"},"potentialAction":[{"@type":"SearchAction","target":{"@type":"EntryPoint","urlTemplate":"https:\/\/baubauwall.com\/et\/?s={search_term_string}"},"query-input":{"@type":"PropertyValueSpecification","valueRequired":true,"valueName":"search_term_string"}}],"inLanguage":"et"},{"@type":"Organization","@id":"https:\/\/baubauwall.com\/et\/#organization","name":"BAUBAUWALL Wallpapers","url":"https:\/\/baubauwall.com\/et\/","logo":{"@type":"ImageObject","inLanguage":"et","@id":"https:\/\/baubauwall.com\/et\/#\/schema\/logo\/image\/","url":"https:\/\/baubauwall.com\/wp-content\/uploads\/2022\/03\/logo-horizontal.svg","contentUrl":"https:\/\/baubauwall.com\/wp-content\/uploads\/2022\/03\/logo-horizontal.svg","width":"1024","height":"1024","caption":"BAUBAUWALL Wallpapers"},"image":{"@id":"https:\/\/baubauwall.com\/et\/#\/schema\/logo\/image\/"},"sameAs":["https:\/\/www.facebook.com\/Baubauwall","https:\/\/www.instagram.com\/baubauwall"]}]}},"jetpack_sharing_enabled":true,"_links":{"self":[{"href":"https:\/\/baubauwall.com\/et\/wp-json\/wp\/v2\/product\/44496","targetHints":{"allow":["GET"]}}],"collection":[{"href":"https:\/\/baubauwall.com\/et\/wp-json\/wp\/v2\/product"}],"about":[{"href":"https:\/\/baubauwall.com\/et\/wp-json\/wp\/v2\/types\/product"}],"replies":[{"embeddable":true,"href":"https:\/\/baubauwall.com\/et\/wp-json\/wp\/v2\/comments?post=44496"}],"wp:featuredmedia":[{"embeddable":true,"href":"https:\/\/baubauwall.com\/et\/wp-json\/wp\/v2\/media\/44488"}],"wp:attachment":[{"href":"https:\/\/baubauwall.com\/et\/wp-json\/wp\/v2\/media?parent=44496"}],"wp:term":[{"taxonomy":"product_brand","embeddable":true,"href":"https:\/\/baubauwall.com\/et\/wp-json\/wp\/v2\/product_brand?post=44496"},{"taxonomy":"product_cat","embeddable":true,"href":"https:\/\/baubauwall.com\/et\/wp-json\/wp\/v2\/product_cat?post=44496"},{"taxonomy":"product_tag","embeddable":true,"href":"https:\/\/baubauwall.com\/et\/wp-json\/wp\/v2\/product_tag?post=44496"}],"curies":[{"name":"wp","href":"https:\/\/api.w.org\/{rel}","templated":true}]}}