{"id":44518,"date":"2025-07-29T15:16:01","date_gmt":"2025-07-29T13:16:01","guid":{"rendered":"https:\/\/baubauwall.com\/product\/photo-wallpaper-edge-of-clouds\/"},"modified":"2025-09-01T11:21:34","modified_gmt":"2025-09-01T09:21:34","slug":"fototapeet-pilvede-piiril","status":"publish","type":"product","link":"https:\/\/baubauwall.com\/et\/toode\/fototapeet-pilvede-piiril\/","title":{"rendered":"Fototapeet Pilvede piiril"},"content":{"rendered":"<p data-start=\"66\" data-end=\"381\">Pilvede piiril on fototapeet merevaatega, mis on julgelt dramaatiline. Fototapeedil on j\u00e4\u00e4dvustatud p\u00e4ikeseloojang F\u00e4\u00e4ri saartel (<em>Tr\u00e6lan\u00edpa<\/em> kalju). Massiivne vertikaalne kaljusein, all vahutav ookean ja madal pilvesein horisondil. See tapeet ei ole tagasihoidlik taust, vaid t\u00f5eline pilgup\u00fc\u00fcdja, mis \u00a0viib m\u00f5tted s\u00f5na otseses m\u00f5ttes maailma servale.<\/p>\n<p data-start=\"383\" data-end=\"711\">See fototapeet sobib m\u00e4ssulise teismelise tuppa, samuti inimesele, kes armastab reisida, matkata ja unistada. Magamistoas loob see julgelt isikup\u00e4rase fookusseina; elutoas v\u00f5i kodukontoris avab panoraami ja annab ruumile lavalise m\u00f5\u00f5tme. Paigalda merevaatega fototapeet kahele j\u00e4rjestikusele seinale ja tulemuseks on vau-efektiga interj\u00f6\u00f6r nagu oleksidki ise kohapeal!<\/p>\n<h4 data-start=\"1444\" data-end=\"1467\">Stiilisoovitus<\/h4>\n<p data-start=\"1468\" data-end=\"1726\">Kui otsustad selle tapeedi valida, siis hoia interj\u00f6\u00f6ri muu m\u00f6\u00f6bel lihtne ja kaasaegne. Toonid: s\u00fcsihall, must, soe puit, betoon. Vastukaaluks dramaatilisele vaatele tapeedil kasuta pehmeid tekstiile neutraalsetes toonides. Kui armastad reisida, siis miks mitte lisada interj\u00f6\u00f6ri maakaart, matka-postreid v\u00f5i reisiraamatud \u2013 tapeet r\u00e4\u00e4gib \u00fclej\u00e4\u00e4nu.<\/p>\n<h4><strong>Miks valida fototapeet Baubauwallist?<\/strong><\/h4>\n<p>Sest me teeme<a href=\"https:\/\/baubauwall.com\/et\/nipid\/online-tapeedistuudiost-tapeedi-tellimine-on-veel-lihtsam\/\" target=\"_blank\" rel=\"noopener\">\u00a0tapeedi valimise,<\/a>\u00a0ostmise ja paigalduse lihtsaks.<\/p>\n<ul>\n<li>Tr\u00fckime t\u00e4pselt Sinu seina m\u00f5\u00f5dus tapeedi, siinsamas Eestis<\/li>\n<li>Just nii pikad tapeedipaanid, kui on Sinu sein<\/li>\n<li>Premium, matt fliistapeedi materjal, 100% taaskasutatud kiust<\/li>\n<li>M\u00fcrgivabad tr\u00fckiv\u00e4rvid, Greenguard sertifitseeritud<\/li>\n<li>Keskkonnas\u00f5bralik, j\u00e4\u00e4tmevaba tapeetimine<\/li>\n<li>Tasuta tapeediliim on alati kaasas<\/li>\n<li>Tasuta transport ja kiire tarne 5 t\u00f6\u00f6p\u00e4evaga. Sina oota vaid s\u00f5numit paki saabumisest!<\/li>\n<\/ul>\n<p><a href=\"https:\/\/e-estonia.com\/baubauwall-is-remaking-the-wallpaper-business\/\" target=\"_blank\" rel=\"noopener\">Baubauwalli<\/a> tapeetide tootmise p\u00f5him\u00f5te on nullkulu: prindime alles siis, kui oled oma seina m\u00f5\u00f5dud meie s\u00fcsteemi sisestanud ja tellimuse kinnitanud. Nii saad kindel olla, et tellimus valmib ainult sulle ning igal sentimeetril on oma eesm\u00e4rk.<\/p>\n<p data-start=\"383\" data-end=\"711\">\n","protected":false},"excerpt":{"rendered":"<p>Pilvede piiril on fototapeet merevaatega, mis on julgelt dramaatiline. Fototapeedil on j\u00e4\u00e4dvustatud p\u00e4ikeseloojang F\u00e4\u00e4ri saartel (Tr\u00e6lan\u00edpa kalju). Massiivne vertikaalne kaljusein, all vahutav ookean ja madal pilvesein horisondil. See tapeet ei ole tagasihoidlik taust, vaid t\u00f5eline pilgup\u00fc\u00fcdja, mis \u00a0viib m\u00f5tted s\u00f5na otseses m\u00f5ttes maailma servale. See fototapeet sobib m\u00e4ssulise teismelise tuppa, samuti inimesele, kes armastab reisida, [&hellip;]<\/p>\n","protected":false},"featured_media":44507,"comment_status":"open","ping_status":"closed","template":"","meta":{"_acf_changed":false,"inline_featured_image":false},"product_brand":[],"product_cat":[433,622,269,270,752,413,399,402,251,252],"product_tag":[486,454],"class_list":{"0":"post-44518","1":"product","2":"type-product","3":"status-publish","4":"has-post-thumbnail","6":"product_cat-fototapeedid","7":"product_cat-julged-tapeedid","8":"product_cat-pruunid-tapeedid","9":"product_cat-tumedad-tapeedid","10":"product_cat-avalik-ruum","11":"product_cat-magamistoa-tapeedid","12":"product_cat-kodukontori-tapeedid","13":"product_cat-elutoa-tapeedid","14":"product_cat-maed","15":"product_cat-ookean-meri","16":"product_tag-fotograafia-et","17":"product_tag-fototapeet-et","18":"pa_designedby-baubauwall","20":"first","21":"instock","22":"taxable","23":"shipping-taxable","24":"purchasable","25":"product-type-simple"},"acf":[],"yoast_head":"<!-- This site is optimized with the Yoast SEO plugin v25.9 - https:\/\/yoast.com\/wordpress\/plugins\/seo\/ -->\n<title>Fototapeet merevaatega F\u00e4\u00e4ri saartele | Baubauwall tapeedid<\/title>\n<meta name=\"description\" content=\"Julge fototapeet merevaatega \u2013 p\u00e4ikeseloojang F\u00e4\u00e4ri saarte kaljul. Eritellimustapeedid premium fliistapeedi materjalil. Lihtne paigaldus, tasuta liim!\" \/>\n<meta name=\"robots\" content=\"index, follow, max-snippet:-1, max-image-preview:large, max-video-preview:-1\" \/>\n<link rel=\"canonical\" href=\"https:\/\/baubauwall.com\/et\/toode\/fototapeet-pilvede-piiril\/\" \/>\n<meta property=\"og:locale\" content=\"et_EE\" \/>\n<meta property=\"og:type\" content=\"article\" \/>\n<meta property=\"og:title\" content=\"BAUBAUWALL TAPEEDID\" \/>\n<meta property=\"og:description\" content=\"Julge fototapeet merevaatega \u2013 p\u00e4ikeseloojang F\u00e4\u00e4ri saarte kaljul. Eritellimustapeedid premium fliistapeedi materjalil. Lihtne paigaldus, tasuta liim!\" \/>\n<meta property=\"og:url\" content=\"https:\/\/baubauwall.com\/et\/toode\/fototapeet-pilvede-piiril\/\" \/>\n<meta property=\"og:site_name\" content=\"BAUBAUWALL TAPEEDID\" \/>\n<meta property=\"article:publisher\" content=\"https:\/\/www.facebook.com\/Baubauwall\" \/>\n<meta property=\"article:modified_time\" content=\"2025-09-01T09:21:34+00:00\" \/>\n<meta property=\"og:image\" content=\"https:\/\/baubauwall.com\/wp-content\/uploads\/2022\/03\/51300037_EdgeofClouds_Baubauwall_Wall_Photo_Wallpaper_room1.jpg\" \/>\n\t<meta property=\"og:image:width\" content=\"1067\" \/>\n\t<meta property=\"og:image:height\" content=\"1600\" \/>\n\t<meta property=\"og:image:type\" content=\"image\/jpeg\" \/>\n<meta name=\"twitter:card\" content=\"summary_large_image\" \/>\n<meta name=\"twitter:label1\" content=\"Est. reading time\" \/>\n\t<meta name=\"twitter:data1\" content=\"2 minutit\" \/>\n<script type=\"application\/ld+json\" class=\"yoast-schema-graph\">{\"@context\":\"https:\/\/schema.org\",\"@graph\":[{\"@type\":\"WebPage\",\"@id\":\"https:\/\/baubauwall.com\/et\/toode\/fototapeet-pilvede-piiril\/\",\"url\":\"https:\/\/baubauwall.com\/et\/toode\/fototapeet-pilvede-piiril\/\",\"name\":\"Fototapeet merevaatega F\u00e4\u00e4ri saartele | Baubauwall tapeedid\",\"isPartOf\":{\"@id\":\"https:\/\/baubauwall.com\/et\/#website\"},\"primaryImageOfPage\":{\"@id\":\"https:\/\/baubauwall.com\/et\/toode\/fototapeet-pilvede-piiril\/#primaryimage\"},\"image\":{\"@id\":\"https:\/\/baubauwall.com\/et\/toode\/fototapeet-pilvede-piiril\/#primaryimage\"},\"thumbnailUrl\":\"https:\/\/baubauwall.com\/wp-content\/uploads\/2022\/03\/51300037_EdgeofClouds_Baubauwall_Wall_Photo_Wallpaper_room3.jpg\",\"datePublished\":\"2025-07-29T13:16:01+00:00\",\"dateModified\":\"2025-09-01T09:21:34+00:00\",\"description\":\"Julge fototapeet merevaatega \u2013 p\u00e4ikeseloojang F\u00e4\u00e4ri saarte kaljul. Eritellimustapeedid premium fliistapeedi materjalil. Lihtne paigaldus, tasuta liim!\",\"breadcrumb\":{\"@id\":\"https:\/\/baubauwall.com\/et\/toode\/fototapeet-pilvede-piiril\/#breadcrumb\"},\"inLanguage\":\"et\",\"potentialAction\":[{\"@type\":\"ReadAction\",\"target\":[\"https:\/\/baubauwall.com\/et\/toode\/fototapeet-pilvede-piiril\/\"]}]},{\"@type\":\"ImageObject\",\"inLanguage\":\"et\",\"@id\":\"https:\/\/baubauwall.com\/et\/toode\/fototapeet-pilvede-piiril\/#primaryimage\",\"url\":\"https:\/\/baubauwall.com\/wp-content\/uploads\/2022\/03\/51300037_EdgeofClouds_Baubauwall_Wall_Photo_Wallpaper_room3.jpg\",\"contentUrl\":\"https:\/\/baubauwall.com\/wp-content\/uploads\/2022\/03\/51300037_EdgeofClouds_Baubauwall_Wall_Photo_Wallpaper_room3.jpg\",\"width\":2399,\"height\":1600,\"caption\":\"Hotel bedroom feature wallpaper with sea view. Baubauwall Wallpapers | Fototapeet merevaatega\"},{\"@type\":\"BreadcrumbList\",\"@id\":\"https:\/\/baubauwall.com\/et\/toode\/fototapeet-pilvede-piiril\/#breadcrumb\",\"itemListElement\":[{\"@type\":\"ListItem\",\"position\":1,\"name\":\"Koju\",\"item\":\"https:\/\/baubauwall.com\/et\/\"},{\"@type\":\"ListItem\",\"position\":2,\"name\":\"Tapeedid\",\"item\":\"https:\/\/baubauwall.com\/et\/tapeedid\/\"},{\"@type\":\"ListItem\",\"position\":3,\"name\":\"Fototapeet Pilvede piiril\"}]},{\"@type\":\"WebSite\",\"@id\":\"https:\/\/baubauwall.com\/et\/#website\",\"url\":\"https:\/\/baubauwall.com\/et\/\",\"name\":\"BAUBAUWALL Wallpapers\",\"description\":\"Valmis paanides tapeet Eestist!\",\"publisher\":{\"@id\":\"https:\/\/baubauwall.com\/et\/#organization\"},\"potentialAction\":[{\"@type\":\"SearchAction\",\"target\":{\"@type\":\"EntryPoint\",\"urlTemplate\":\"https:\/\/baubauwall.com\/et\/?s={search_term_string}\"},\"query-input\":{\"@type\":\"PropertyValueSpecification\",\"valueRequired\":true,\"valueName\":\"search_term_string\"}}],\"inLanguage\":\"et\"},{\"@type\":\"Organization\",\"@id\":\"https:\/\/baubauwall.com\/et\/#organization\",\"name\":\"BAUBAUWALL Wallpapers\",\"url\":\"https:\/\/baubauwall.com\/et\/\",\"logo\":{\"@type\":\"ImageObject\",\"inLanguage\":\"et\",\"@id\":\"https:\/\/baubauwall.com\/et\/#\/schema\/logo\/image\/\",\"url\":\"https:\/\/baubauwall.com\/wp-content\/uploads\/2022\/03\/logo-horizontal.svg\",\"contentUrl\":\"https:\/\/baubauwall.com\/wp-content\/uploads\/2022\/03\/logo-horizontal.svg\",\"width\":\"1024\",\"height\":\"1024\",\"caption\":\"BAUBAUWALL Wallpapers\"},\"image\":{\"@id\":\"https:\/\/baubauwall.com\/et\/#\/schema\/logo\/image\/\"},\"sameAs\":[\"https:\/\/www.facebook.com\/Baubauwall\",\"https:\/\/www.instagram.com\/baubauwall\"]}]}<\/script>\n<!-- \/ Yoast SEO plugin. -->","yoast_head_json":{"title":"Fototapeet merevaatega F\u00e4\u00e4ri saartele | Baubauwall tapeedid","description":"Julge fototapeet merevaatega \u2013 p\u00e4ikeseloojang F\u00e4\u00e4ri saarte kaljul. Eritellimustapeedid premium fliistapeedi materjalil. Lihtne paigaldus, tasuta liim!","robots":{"index":"index","follow":"follow","max-snippet":"max-snippet:-1","max-image-preview":"max-image-preview:large","max-video-preview":"max-video-preview:-1"},"canonical":"https:\/\/baubauwall.com\/et\/toode\/fototapeet-pilvede-piiril\/","og_locale":"et_EE","og_type":"article","og_title":"BAUBAUWALL TAPEEDID","og_description":"Julge fototapeet merevaatega \u2013 p\u00e4ikeseloojang F\u00e4\u00e4ri saarte kaljul. Eritellimustapeedid premium fliistapeedi materjalil. Lihtne paigaldus, tasuta liim!","og_url":"https:\/\/baubauwall.com\/et\/toode\/fototapeet-pilvede-piiril\/","og_site_name":"BAUBAUWALL TAPEEDID","article_publisher":"https:\/\/www.facebook.com\/Baubauwall","article_modified_time":"2025-09-01T09:21:34+00:00","og_image":[{"width":1067,"height":1600,"url":"https:\/\/baubauwall.com\/wp-content\/uploads\/2022\/03\/51300037_EdgeofClouds_Baubauwall_Wall_Photo_Wallpaper_room1.jpg","type":"image\/jpeg"}],"twitter_card":"summary_large_image","twitter_misc":{"Est. reading time":"2 minutit"},"schema":{"@context":"https:\/\/schema.org","@graph":[{"@type":"WebPage","@id":"https:\/\/baubauwall.com\/et\/toode\/fototapeet-pilvede-piiril\/","url":"https:\/\/baubauwall.com\/et\/toode\/fototapeet-pilvede-piiril\/","name":"Fototapeet merevaatega F\u00e4\u00e4ri saartele | Baubauwall tapeedid","isPartOf":{"@id":"https:\/\/baubauwall.com\/et\/#website"},"primaryImageOfPage":{"@id":"https:\/\/baubauwall.com\/et\/toode\/fototapeet-pilvede-piiril\/#primaryimage"},"image":{"@id":"https:\/\/baubauwall.com\/et\/toode\/fototapeet-pilvede-piiril\/#primaryimage"},"thumbnailUrl":"https:\/\/baubauwall.com\/wp-content\/uploads\/2022\/03\/51300037_EdgeofClouds_Baubauwall_Wall_Photo_Wallpaper_room3.jpg","datePublished":"2025-07-29T13:16:01+00:00","dateModified":"2025-09-01T09:21:34+00:00","description":"Julge fototapeet merevaatega \u2013 p\u00e4ikeseloojang F\u00e4\u00e4ri saarte kaljul. Eritellimustapeedid premium fliistapeedi materjalil. Lihtne paigaldus, tasuta liim!","breadcrumb":{"@id":"https:\/\/baubauwall.com\/et\/toode\/fototapeet-pilvede-piiril\/#breadcrumb"},"inLanguage":"et","potentialAction":[{"@type":"ReadAction","target":["https:\/\/baubauwall.com\/et\/toode\/fototapeet-pilvede-piiril\/"]}]},{"@type":"ImageObject","inLanguage":"et","@id":"https:\/\/baubauwall.com\/et\/toode\/fototapeet-pilvede-piiril\/#primaryimage","url":"https:\/\/baubauwall.com\/wp-content\/uploads\/2022\/03\/51300037_EdgeofClouds_Baubauwall_Wall_Photo_Wallpaper_room3.jpg","contentUrl":"https:\/\/baubauwall.com\/wp-content\/uploads\/2022\/03\/51300037_EdgeofClouds_Baubauwall_Wall_Photo_Wallpaper_room3.jpg","width":2399,"height":1600,"caption":"Hotel bedroom feature wallpaper with sea view. Baubauwall Wallpapers | Fototapeet merevaatega"},{"@type":"BreadcrumbList","@id":"https:\/\/baubauwall.com\/et\/toode\/fototapeet-pilvede-piiril\/#breadcrumb","itemListElement":[{"@type":"ListItem","position":1,"name":"Koju","item":"https:\/\/baubauwall.com\/et\/"},{"@type":"ListItem","position":2,"name":"Tapeedid","item":"https:\/\/baubauwall.com\/et\/tapeedid\/"},{"@type":"ListItem","position":3,"name":"Fototapeet Pilvede piiril"}]},{"@type":"WebSite","@id":"https:\/\/baubauwall.com\/et\/#website","url":"https:\/\/baubauwall.com\/et\/","name":"BAUBAUWALL Wallpapers","description":"Valmis paanides tapeet Eestist!","publisher":{"@id":"https:\/\/baubauwall.com\/et\/#organization"},"potentialAction":[{"@type":"SearchAction","target":{"@type":"EntryPoint","urlTemplate":"https:\/\/baubauwall.com\/et\/?s={search_term_string}"},"query-input":{"@type":"PropertyValueSpecification","valueRequired":true,"valueName":"search_term_string"}}],"inLanguage":"et"},{"@type":"Organization","@id":"https:\/\/baubauwall.com\/et\/#organization","name":"BAUBAUWALL Wallpapers","url":"https:\/\/baubauwall.com\/et\/","logo":{"@type":"ImageObject","inLanguage":"et","@id":"https:\/\/baubauwall.com\/et\/#\/schema\/logo\/image\/","url":"https:\/\/baubauwall.com\/wp-content\/uploads\/2022\/03\/logo-horizontal.svg","contentUrl":"https:\/\/baubauwall.com\/wp-content\/uploads\/2022\/03\/logo-horizontal.svg","width":"1024","height":"1024","caption":"BAUBAUWALL Wallpapers"},"image":{"@id":"https:\/\/baubauwall.com\/et\/#\/schema\/logo\/image\/"},"sameAs":["https:\/\/www.facebook.com\/Baubauwall","https:\/\/www.instagram.com\/baubauwall"]}]}},"jetpack_sharing_enabled":true,"_links":{"self":[{"href":"https:\/\/baubauwall.com\/et\/wp-json\/wp\/v2\/product\/44518","targetHints":{"allow":["GET"]}}],"collection":[{"href":"https:\/\/baubauwall.com\/et\/wp-json\/wp\/v2\/product"}],"about":[{"href":"https:\/\/baubauwall.com\/et\/wp-json\/wp\/v2\/types\/product"}],"replies":[{"embeddable":true,"href":"https:\/\/baubauwall.com\/et\/wp-json\/wp\/v2\/comments?post=44518"}],"wp:featuredmedia":[{"embeddable":true,"href":"https:\/\/baubauwall.com\/et\/wp-json\/wp\/v2\/media\/44507"}],"wp:attachment":[{"href":"https:\/\/baubauwall.com\/et\/wp-json\/wp\/v2\/media?parent=44518"}],"wp:term":[{"taxonomy":"product_brand","embeddable":true,"href":"https:\/\/baubauwall.com\/et\/wp-json\/wp\/v2\/product_brand?post=44518"},{"taxonomy":"product_cat","embeddable":true,"href":"https:\/\/baubauwall.com\/et\/wp-json\/wp\/v2\/product_cat?post=44518"},{"taxonomy":"product_tag","embeddable":true,"href":"https:\/\/baubauwall.com\/et\/wp-json\/wp\/v2\/product_tag?post=44518"}],"curies":[{"name":"wp","href":"https:\/\/api.w.org\/{rel}","templated":true}]}}