{"id":44580,"date":"2025-08-29T15:16:01","date_gmt":"2025-08-29T13:16:01","guid":{"rendered":"https:\/\/baubauwall.com\/product\/photo-wallpaper-mural-whispering-fields\/"},"modified":"2026-03-02T16:52:39","modified_gmt":"2026-03-02T14:52:39","slug":"fototapeet-paikesepold","status":"publish","type":"product","link":"https:\/\/baubauwall.com\/et\/toode\/fototapeet-paikesepold\/","title":{"rendered":"Fototapeet P\u00e4ikesep\u00f5ld"},"content":{"rendered":"<p class=\"my-2 [&amp;+p]:mt-4 [&amp;_strong:has(+br)]:inline-block [&amp;_strong:has(+br)]:pb-2\">K\u00f5rguvad k\u00f5rred ja pilliroog fototapeedil toovd interj\u00f6\u00f6ri kuidagi h\u00e4sti eestlasliku olme. Kunagi oli pilliroog ju rookatuste ja j\u00f5ulukroonide baasmaterjal. T\u00e4na aga tapeetidel kui ajatu looduslik motiiv, mis peegeldab meie rannamaastiku ilu.<\/p>\n<p class=\"my-2 [&amp;+p]:mt-4 [&amp;_strong:has(+br)]:inline-block [&amp;_strong:has(+br)]:pb-2\">Rahulikku ja \u00f5hulist tausta ihkavale kodule pakub see fototapeet suvist meeleolu, kus tahaks viibida kauem!<\/p>\n<p data-start=\"437\" data-end=\"627\"><strong>Miks tellida fototapeet siit? Sest tapeedi valimine, tellimine ja tapeetimine on n\u00fc\u00fcd lihtne.<\/strong><\/p>\n<ul>\n<li>Eesti ettev\u00f5tte, Eestis tr\u00fckitud tapeedid<\/li>\n<li><a href=\"https:\/\/baubauwall.com\/et\/kuidas-see-tootab\/\">Nummerdatud tapeedipaanid<\/a><\/li>\n<li>Just nii pikad tapeedipaanid, kui on Sinu sein<\/li>\n<li>Premium, matt fliistapeedi materjal<\/li>\n<li>M\u00fcrgivabad tr\u00fckiv\u00e4rvid, Greenguard sertifitseeritud<\/li>\n<li>Keskkonnas\u00f5bralik, j\u00e4\u00e4tmevaba tapeetimine<\/li>\n<li>Tasuta tapeediliim<\/li>\n<li>Tasuta transport ja kiire tarne 5 t\u00f6\u00f6p\u00e4evaga<\/li>\n<\/ul>\n<p><a href=\"https:\/\/baubauwall.com\/et\/ideed\/let-the-homes-do-the-talking\/\">Piilu ka tehtud t\u00f6\u00f6de tapeedigaleriid<\/a>\u00a0\u2013 kas midagi v\u00f5iks veel inspireerida?<\/p>\n<p>&nbsp;<\/p>\n","protected":false},"excerpt":{"rendered":"<p>K\u00f5rguvad k\u00f5rred ja pilliroog fototapeedil toovd interj\u00f6\u00f6ri kuidagi h\u00e4sti eestlasliku olme. Kunagi oli pilliroog ju rookatuste ja j\u00f5ulukroonide baasmaterjal. T\u00e4na aga tapeetidel kui ajatu looduslik motiiv, mis peegeldab meie rannamaastiku ilu. Rahulikku ja \u00f5hulist tausta ihkavale kodule pakub see fototapeet suvist meeleolu, kus tahaks viibida kauem! Miks tellida fototapeet siit? Sest tapeedi valimine, tellimine ja [&hellip;]<\/p>\n","protected":false},"featured_media":44560,"comment_status":"open","ping_status":"closed","template":"","meta":{"_acf_changed":false,"inline_featured_image":false},"product_brand":[],"product_cat":[433,265,267,273,752,414,415,402,412,245,246,254],"product_tag":[454],"class_list":{"0":"post-44580","1":"product","2":"type-product","3":"status-publish","4":"has-post-thumbnail","6":"product_cat-fototapeedid","7":"product_cat-beezid-tapeedid","8":"product_cat-sinised-tapeedid","9":"product_cat-heledad-tapeedid","10":"product_cat-avalik-ruum","11":"product_cat-soogitoa-tapeedid","12":"product_cat-kulalistetoa-tapeedid","13":"product_cat-elutoa-tapeedid","14":"product_cat-vannitoa-tapeedid","15":"product_cat-maastik","16":"product_cat-rand","17":"product_cat-loodus","18":"product_tag-fototapeet-et","20":"first","21":"instock","22":"taxable","23":"shipping-taxable","24":"purchasable","25":"product-type-simple"},"acf":[],"yoast_head":"<!-- This site is optimized with the Yoast SEO plugin v25.9 - https:\/\/yoast.com\/wordpress\/plugins\/seo\/ -->\n<title>Fototapeet P\u00e4ikesep\u00f5ld - BAUBAUWALL TAPEEDID<\/title>\n<meta name=\"description\" content=\"Fototapeet K\u00f5rred - ilus mereline disain suvilasse v\u00f5i linnakodusse. Sobita juurde hele m\u00f6\u00f6bel ja p\u00e4ris oma rannastiil on loodud!\" \/>\n<meta name=\"robots\" content=\"index, follow, max-snippet:-1, max-image-preview:large, max-video-preview:-1\" \/>\n<link rel=\"canonical\" href=\"https:\/\/baubauwall.com\/et\/toode\/fototapeet-paikesepold\/\" \/>\n<meta property=\"og:locale\" content=\"et_EE\" \/>\n<meta property=\"og:type\" content=\"article\" \/>\n<meta property=\"og:title\" content=\"Fototapeet P\u00e4ikesep\u00f5ld - BAUBAUWALL TAPEEDID\" \/>\n<meta property=\"og:description\" content=\"Fototapeet K\u00f5rred - ilus mereline disain suvilasse v\u00f5i linnakodusse. Sobita juurde hele m\u00f6\u00f6bel ja p\u00e4ris oma rannastiil on loodud!\" \/>\n<meta property=\"og:url\" content=\"https:\/\/baubauwall.com\/et\/toode\/fototapeet-paikesepold\/\" \/>\n<meta property=\"og:site_name\" content=\"BAUBAUWALL TAPEEDID\" \/>\n<meta property=\"article:publisher\" content=\"https:\/\/www.facebook.com\/Baubauwall\" \/>\n<meta property=\"article:modified_time\" content=\"2026-03-02T14:52:39+00:00\" \/>\n<meta property=\"og:image\" content=\"https:\/\/baubauwall.com\/wp-content\/uploads\/2022\/03\/51300040_Photo_Wallpaper_Whispering_Fields_Baubuawall_room-2.jpg\" \/>\n\t<meta property=\"og:image:width\" content=\"2397\" \/>\n\t<meta property=\"og:image:height\" content=\"1600\" \/>\n\t<meta property=\"og:image:type\" content=\"image\/jpeg\" \/>\n<meta name=\"twitter:card\" content=\"summary_large_image\" \/>\n<meta name=\"twitter:label1\" content=\"Est. reading time\" \/>\n\t<meta name=\"twitter:data1\" content=\"1 minut\" \/>\n<script type=\"application\/ld+json\" class=\"yoast-schema-graph\">{\"@context\":\"https:\/\/schema.org\",\"@graph\":[{\"@type\":\"WebPage\",\"@id\":\"https:\/\/baubauwall.com\/et\/toode\/fototapeet-paikesepold\/\",\"url\":\"https:\/\/baubauwall.com\/et\/toode\/fototapeet-paikesepold\/\",\"name\":\"Fototapeet P\u00e4ikesep\u00f5ld - BAUBAUWALL TAPEEDID\",\"isPartOf\":{\"@id\":\"https:\/\/baubauwall.com\/et\/#website\"},\"primaryImageOfPage\":{\"@id\":\"https:\/\/baubauwall.com\/et\/toode\/fototapeet-paikesepold\/#primaryimage\"},\"image\":{\"@id\":\"https:\/\/baubauwall.com\/et\/toode\/fototapeet-paikesepold\/#primaryimage\"},\"thumbnailUrl\":\"https:\/\/baubauwall.com\/wp-content\/uploads\/2022\/03\/51300040_Photo_Wallpaper_Whispering_Fields_Baubuawall_room-2.jpg\",\"datePublished\":\"2025-08-29T13:16:01+00:00\",\"dateModified\":\"2026-03-02T14:52:39+00:00\",\"description\":\"Fototapeet K\u00f5rred - ilus mereline disain suvilasse v\u00f5i linnakodusse. Sobita juurde hele m\u00f6\u00f6bel ja p\u00e4ris oma rannastiil on loodud!\",\"breadcrumb\":{\"@id\":\"https:\/\/baubauwall.com\/et\/toode\/fototapeet-paikesepold\/#breadcrumb\"},\"inLanguage\":\"et\",\"potentialAction\":[{\"@type\":\"ReadAction\",\"target\":[\"https:\/\/baubauwall.com\/et\/toode\/fototapeet-paikesepold\/\"]}]},{\"@type\":\"ImageObject\",\"inLanguage\":\"et\",\"@id\":\"https:\/\/baubauwall.com\/et\/toode\/fototapeet-paikesepold\/#primaryimage\",\"url\":\"https:\/\/baubauwall.com\/wp-content\/uploads\/2022\/03\/51300040_Photo_Wallpaper_Whispering_Fields_Baubuawall_room-2.jpg\",\"contentUrl\":\"https:\/\/baubauwall.com\/wp-content\/uploads\/2022\/03\/51300040_Photo_Wallpaper_Whispering_Fields_Baubuawall_room-2.jpg\",\"width\":2397,\"height\":1600,\"caption\":\"Fototapeet P\u00e4ikesep\u00f5ld\"},{\"@type\":\"BreadcrumbList\",\"@id\":\"https:\/\/baubauwall.com\/et\/toode\/fototapeet-paikesepold\/#breadcrumb\",\"itemListElement\":[{\"@type\":\"ListItem\",\"position\":1,\"name\":\"Koju\",\"item\":\"https:\/\/baubauwall.com\/et\/\"},{\"@type\":\"ListItem\",\"position\":2,\"name\":\"Tapeedid\",\"item\":\"https:\/\/baubauwall.com\/et\/tapeedid\/\"},{\"@type\":\"ListItem\",\"position\":3,\"name\":\"Fototapeet P\u00e4ikesep\u00f5ld\"}]},{\"@type\":\"WebSite\",\"@id\":\"https:\/\/baubauwall.com\/et\/#website\",\"url\":\"https:\/\/baubauwall.com\/et\/\",\"name\":\"BAUBAUWALL Wallpapers\",\"description\":\"Valmis paanides tapeet Eestist!\",\"publisher\":{\"@id\":\"https:\/\/baubauwall.com\/et\/#organization\"},\"potentialAction\":[{\"@type\":\"SearchAction\",\"target\":{\"@type\":\"EntryPoint\",\"urlTemplate\":\"https:\/\/baubauwall.com\/et\/?s={search_term_string}\"},\"query-input\":{\"@type\":\"PropertyValueSpecification\",\"valueRequired\":true,\"valueName\":\"search_term_string\"}}],\"inLanguage\":\"et\"},{\"@type\":\"Organization\",\"@id\":\"https:\/\/baubauwall.com\/et\/#organization\",\"name\":\"BAUBAUWALL Wallpapers\",\"url\":\"https:\/\/baubauwall.com\/et\/\",\"logo\":{\"@type\":\"ImageObject\",\"inLanguage\":\"et\",\"@id\":\"https:\/\/baubauwall.com\/et\/#\/schema\/logo\/image\/\",\"url\":\"https:\/\/baubauwall.com\/wp-content\/uploads\/2022\/03\/logo-horizontal.svg\",\"contentUrl\":\"https:\/\/baubauwall.com\/wp-content\/uploads\/2022\/03\/logo-horizontal.svg\",\"width\":\"1024\",\"height\":\"1024\",\"caption\":\"BAUBAUWALL Wallpapers\"},\"image\":{\"@id\":\"https:\/\/baubauwall.com\/et\/#\/schema\/logo\/image\/\"},\"sameAs\":[\"https:\/\/www.facebook.com\/Baubauwall\",\"https:\/\/www.instagram.com\/baubauwall\"]}]}<\/script>\n<!-- \/ Yoast SEO plugin. -->","yoast_head_json":{"title":"Fototapeet P\u00e4ikesep\u00f5ld - BAUBAUWALL TAPEEDID","description":"Fototapeet K\u00f5rred - ilus mereline disain suvilasse v\u00f5i linnakodusse. Sobita juurde hele m\u00f6\u00f6bel ja p\u00e4ris oma rannastiil on loodud!","robots":{"index":"index","follow":"follow","max-snippet":"max-snippet:-1","max-image-preview":"max-image-preview:large","max-video-preview":"max-video-preview:-1"},"canonical":"https:\/\/baubauwall.com\/et\/toode\/fototapeet-paikesepold\/","og_locale":"et_EE","og_type":"article","og_title":"Fototapeet P\u00e4ikesep\u00f5ld - BAUBAUWALL TAPEEDID","og_description":"Fototapeet K\u00f5rred - ilus mereline disain suvilasse v\u00f5i linnakodusse. Sobita juurde hele m\u00f6\u00f6bel ja p\u00e4ris oma rannastiil on loodud!","og_url":"https:\/\/baubauwall.com\/et\/toode\/fototapeet-paikesepold\/","og_site_name":"BAUBAUWALL TAPEEDID","article_publisher":"https:\/\/www.facebook.com\/Baubauwall","article_modified_time":"2026-03-02T14:52:39+00:00","og_image":[{"width":2397,"height":1600,"url":"https:\/\/baubauwall.com\/wp-content\/uploads\/2022\/03\/51300040_Photo_Wallpaper_Whispering_Fields_Baubuawall_room-2.jpg","type":"image\/jpeg"}],"twitter_card":"summary_large_image","twitter_misc":{"Est. reading time":"1 minut"},"schema":{"@context":"https:\/\/schema.org","@graph":[{"@type":"WebPage","@id":"https:\/\/baubauwall.com\/et\/toode\/fototapeet-paikesepold\/","url":"https:\/\/baubauwall.com\/et\/toode\/fototapeet-paikesepold\/","name":"Fototapeet P\u00e4ikesep\u00f5ld - BAUBAUWALL TAPEEDID","isPartOf":{"@id":"https:\/\/baubauwall.com\/et\/#website"},"primaryImageOfPage":{"@id":"https:\/\/baubauwall.com\/et\/toode\/fototapeet-paikesepold\/#primaryimage"},"image":{"@id":"https:\/\/baubauwall.com\/et\/toode\/fototapeet-paikesepold\/#primaryimage"},"thumbnailUrl":"https:\/\/baubauwall.com\/wp-content\/uploads\/2022\/03\/51300040_Photo_Wallpaper_Whispering_Fields_Baubuawall_room-2.jpg","datePublished":"2025-08-29T13:16:01+00:00","dateModified":"2026-03-02T14:52:39+00:00","description":"Fototapeet K\u00f5rred - ilus mereline disain suvilasse v\u00f5i linnakodusse. Sobita juurde hele m\u00f6\u00f6bel ja p\u00e4ris oma rannastiil on loodud!","breadcrumb":{"@id":"https:\/\/baubauwall.com\/et\/toode\/fototapeet-paikesepold\/#breadcrumb"},"inLanguage":"et","potentialAction":[{"@type":"ReadAction","target":["https:\/\/baubauwall.com\/et\/toode\/fototapeet-paikesepold\/"]}]},{"@type":"ImageObject","inLanguage":"et","@id":"https:\/\/baubauwall.com\/et\/toode\/fototapeet-paikesepold\/#primaryimage","url":"https:\/\/baubauwall.com\/wp-content\/uploads\/2022\/03\/51300040_Photo_Wallpaper_Whispering_Fields_Baubuawall_room-2.jpg","contentUrl":"https:\/\/baubauwall.com\/wp-content\/uploads\/2022\/03\/51300040_Photo_Wallpaper_Whispering_Fields_Baubuawall_room-2.jpg","width":2397,"height":1600,"caption":"Fototapeet P\u00e4ikesep\u00f5ld"},{"@type":"BreadcrumbList","@id":"https:\/\/baubauwall.com\/et\/toode\/fototapeet-paikesepold\/#breadcrumb","itemListElement":[{"@type":"ListItem","position":1,"name":"Koju","item":"https:\/\/baubauwall.com\/et\/"},{"@type":"ListItem","position":2,"name":"Tapeedid","item":"https:\/\/baubauwall.com\/et\/tapeedid\/"},{"@type":"ListItem","position":3,"name":"Fototapeet P\u00e4ikesep\u00f5ld"}]},{"@type":"WebSite","@id":"https:\/\/baubauwall.com\/et\/#website","url":"https:\/\/baubauwall.com\/et\/","name":"BAUBAUWALL Wallpapers","description":"Valmis paanides tapeet Eestist!","publisher":{"@id":"https:\/\/baubauwall.com\/et\/#organization"},"potentialAction":[{"@type":"SearchAction","target":{"@type":"EntryPoint","urlTemplate":"https:\/\/baubauwall.com\/et\/?s={search_term_string}"},"query-input":{"@type":"PropertyValueSpecification","valueRequired":true,"valueName":"search_term_string"}}],"inLanguage":"et"},{"@type":"Organization","@id":"https:\/\/baubauwall.com\/et\/#organization","name":"BAUBAUWALL Wallpapers","url":"https:\/\/baubauwall.com\/et\/","logo":{"@type":"ImageObject","inLanguage":"et","@id":"https:\/\/baubauwall.com\/et\/#\/schema\/logo\/image\/","url":"https:\/\/baubauwall.com\/wp-content\/uploads\/2022\/03\/logo-horizontal.svg","contentUrl":"https:\/\/baubauwall.com\/wp-content\/uploads\/2022\/03\/logo-horizontal.svg","width":"1024","height":"1024","caption":"BAUBAUWALL Wallpapers"},"image":{"@id":"https:\/\/baubauwall.com\/et\/#\/schema\/logo\/image\/"},"sameAs":["https:\/\/www.facebook.com\/Baubauwall","https:\/\/www.instagram.com\/baubauwall"]}]}},"jetpack_sharing_enabled":true,"_links":{"self":[{"href":"https:\/\/baubauwall.com\/et\/wp-json\/wp\/v2\/product\/44580","targetHints":{"allow":["GET"]}}],"collection":[{"href":"https:\/\/baubauwall.com\/et\/wp-json\/wp\/v2\/product"}],"about":[{"href":"https:\/\/baubauwall.com\/et\/wp-json\/wp\/v2\/types\/product"}],"replies":[{"embeddable":true,"href":"https:\/\/baubauwall.com\/et\/wp-json\/wp\/v2\/comments?post=44580"}],"wp:featuredmedia":[{"embeddable":true,"href":"https:\/\/baubauwall.com\/et\/wp-json\/wp\/v2\/media\/44560"}],"wp:attachment":[{"href":"https:\/\/baubauwall.com\/et\/wp-json\/wp\/v2\/media?parent=44580"}],"wp:term":[{"taxonomy":"product_brand","embeddable":true,"href":"https:\/\/baubauwall.com\/et\/wp-json\/wp\/v2\/product_brand?post=44580"},{"taxonomy":"product_cat","embeddable":true,"href":"https:\/\/baubauwall.com\/et\/wp-json\/wp\/v2\/product_cat?post=44580"},{"taxonomy":"product_tag","embeddable":true,"href":"https:\/\/baubauwall.com\/et\/wp-json\/wp\/v2\/product_tag?post=44580"}],"curies":[{"name":"wp","href":"https:\/\/api.w.org\/{rel}","templated":true}]}}