{"id":44936,"date":"2025-10-06T10:45:13","date_gmt":"2025-10-06T08:45:13","guid":{"rendered":"https:\/\/baubauwall.com\/product\/wallpaper-salon-damask-cream-beige\/"},"modified":"2025-10-07T15:05:52","modified_gmt":"2025-10-07T13:05:52","slug":"tapeet-salong-damask-beez","status":"publish","type":"product","link":"https:\/\/baubauwall.com\/et\/toode\/tapeet-salong-damask-beez\/","title":{"rendered":"Salong Damask &#8211; bee\u017e"},"content":{"rendered":"<p data-start=\"27\" data-end=\"324\">On asju, mis lihtsalt ei l\u00e4he moest. Nagu v\u00e4ike must kleit. V\u00f5i bee\u017e damask tapeet.<br data-start=\"119\" data-end=\"122\" \/>Salon Damask \u2013 bee\u017e on klassikaline tapeet, mis n\u00e4eb v\u00e4lja nii, nagu ta v\u00f5iks kuuluda m\u00f5nda Pariisi salongi v\u00f5i vanalinna interj\u00f6\u00f6ri, kus on k\u00f5rged laed ja kohvikutasside k\u00f5lin on osa interj\u00f6\u00f6rist.<\/p>\n<p data-start=\"326\" data-end=\"657\">Aga mis see <em data-start=\"338\" data-end=\"346\">damask<\/em> \u00fcldse on?\u00a0 Damask ehk damast on muster, mida kasutati sajandeid tagasi luksuslikes kangastes \u2013 toon toonis ornamendid, lehed ja lillemotiivid, mis korduvad t\u00e4pselt nagu rahulik hingamine. T\u00e4nap\u00e4eval t\u00e4hendab see lihtsalt \u00fcht: elegantne muster, mis toob seinale ilu ja tasakaalu.<\/p>\n<p data-start=\"659\" data-end=\"981\">Tapeedi bee\u017e toon on t\u00e4pselt parajalt soe \u2013 mitte kollane, mitte hall, vaid selline \u201cjust \u00f5ige\u201d. Sobib magamistuppa, elutuppa v\u00f5i miks mitte kodukontorisse, kui tahad end \u00fcmbritseda rahuliku, kuid v\u00e4\u00e4rika meeleoluga. Kujuta ette: hommikukohv, raamat, vaikne valgus ja sein, mis n\u00e4eb v\u00e4lja nagu vanaaegne kangas.<\/p>\n<p data-start=\"392\" data-end=\"595\"><strong>Tapeedi autor on disainer\u00a0<a href=\"https:\/\/lemontxt.design\/\">Monika Lechner.<\/a>Tema armastus ajalooliste detailide ja tapeedimustrite vastu ongi vormitud\u00a0<a href=\"https:\/\/baubauwall.com\/et\/tootekategooria\/tapeedi-kollektsioonid\/ajatu-klassika\/\" target=\"_blank\" rel=\"noopener\">Ajatu klassika\u00a0tapeedikollektsiooni.<\/a>\u00a0Need tapeedid on loodud Sulle, kes hindad kvaliteeti, lugusid ja v\u00e4ikseid detaile, mis teevad kodust kodu.<\/strong><\/p>\n<p><strong>Miks see tapeet v\u00f5iks Sulle meeldida?<\/strong><\/p>\n<ul>\n<li>Damask muster on alati moes!<\/li>\n<li>Eesti ettev\u00f5te<\/li>\n<li>Tr\u00fckime tapeedi t\u00e4pselt Sinu seina m\u00f5\u00f5dus<\/li>\n<li>Premium, matt fliistapeedi materjal, 100% taaskasutatud kiust<\/li>\n<li>M\u00fcrgivabad tr\u00fckiv\u00e4rvid,\u00a0<em>Greenguard<\/em>\u00a0sertifitseeritud<\/li>\n<li>Keskkonnas\u00f5bralik, j\u00e4\u00e4tmevaba tapeetimine<\/li>\n<li>Kaasa tasuta tapeediliim<\/li>\n<li>Tasuta transport ja kiire tarne 5 t\u00f6\u00f6p\u00e4evaga<\/li>\n<\/ul>\n<p data-start=\"659\" data-end=\"981\">\n","protected":false},"excerpt":{"rendered":"<p>On asju, mis lihtsalt ei l\u00e4he moest. Nagu v\u00e4ike must kleit. V\u00f5i bee\u017e damask tapeet.Salon Damask \u2013 bee\u017e on klassikaline tapeet, mis n\u00e4eb v\u00e4lja nii, nagu ta v\u00f5iks kuuluda m\u00f5nda Pariisi salongi v\u00f5i vanalinna interj\u00f6\u00f6ri, kus on k\u00f5rged laed ja kohvikutasside k\u00f5lin on osa interj\u00f6\u00f6rist. Aga mis see damask \u00fcldse on?\u00a0 Damask ehk damast on [&hellip;]<\/p>\n","protected":false},"featured_media":44944,"comment_status":"open","ping_status":"closed","template":"","meta":{"_acf_changed":false,"inline_featured_image":false},"product_brand":[],"product_cat":[818,386,395,406,405,388,265,273,410,752,414,415,402,699],"product_tag":[824],"class_list":{"0":"post-44936","1":"product","2":"type-product","3":"status-publish","4":"has-post-thumbnail","6":"product_cat-ajatu-klassika","7":"product_cat-kordusmustriga-tapeedid","8":"product_cat-romantiline","9":"product_cat-klassika","10":"product_cat-art-deco","11":"product_cat-vintage-et","12":"product_cat-beezid-tapeedid","13":"product_cat-heledad-tapeedid","14":"product_cat-valge-tapeedid","15":"product_cat-avalik-ruum","16":"product_cat-soogitoa-tapeedid","17":"product_cat-kulalistetoa-tapeedid","18":"product_cat-elutoa-tapeedid","19":"product_cat-eesti-disain-tapeedid","20":"product_tag-ajatu-klassika","22":"first","23":"instock","24":"taxable","25":"shipping-taxable","26":"purchasable","27":"product-type-simple"},"acf":[],"yoast_head":"<!-- This site is optimized with the Yoast SEO plugin v25.9 - https:\/\/yoast.com\/wordpress\/plugins\/seo\/ -->\n<title>Bee\u017e tapeet Salong Damask - BAUBAUWALL TAPEEDID tapeedid<\/title>\n<meta name=\"robots\" content=\"index, follow, max-snippet:-1, max-image-preview:large, max-video-preview:-1\" \/>\n<link rel=\"canonical\" href=\"https:\/\/baubauwall.com\/et\/toode\/tapeet-salong-damask-beez\/\" \/>\n<meta property=\"og:locale\" content=\"et_EE\" \/>\n<meta property=\"og:type\" content=\"article\" \/>\n<meta property=\"og:title\" content=\"Salong Damask - bee\u017e\" \/>\n<meta property=\"og:description\" content=\"On asju, mis lihtsalt ei l\u00e4he moest. Nagu v\u00e4ike must kleit. V\u00f5i bee\u017e damask tapeet.Salon Damask \u2013 bee\u017e on klassikaline tapeet, mis n\u00e4eb v\u00e4lja nii, nagu ta v\u00f5iks kuuluda m\u00f5nda Pariisi salongi v\u00f5i vanalinna interj\u00f6\u00f6ri, kus on k\u00f5rged laed ja kohvikutasside k\u00f5lin on osa interj\u00f6\u00f6rist. Aga mis see damask \u00fcldse on?\u00a0 Damask ehk damast on [&hellip;]\" \/>\n<meta property=\"og:url\" content=\"https:\/\/baubauwall.com\/et\/toode\/tapeet-salong-damask-beez\/\" \/>\n<meta property=\"og:site_name\" content=\"BAUBAUWALL TAPEEDID\" \/>\n<meta property=\"article:publisher\" content=\"https:\/\/www.facebook.com\/Baubauwall\" \/>\n<meta property=\"article:modified_time\" content=\"2025-10-07T13:05:52+00:00\" \/>\n<meta property=\"og:image\" content=\"https:\/\/baubauwall.com\/wp-content\/uploads\/2024\/11\/Salon_Damask_Wallpaper_Cream-Beige_Baubauwall_51100494-4.jpg\" \/>\n\t<meta property=\"og:image:width\" content=\"2400\" \/>\n\t<meta property=\"og:image:height\" content=\"1600\" \/>\n\t<meta property=\"og:image:type\" content=\"image\/jpeg\" \/>\n<meta name=\"twitter:card\" content=\"summary_large_image\" \/>\n<meta name=\"twitter:label1\" content=\"Est. reading time\" \/>\n\t<meta name=\"twitter:data1\" content=\"2 minutit\" \/>\n<script type=\"application\/ld+json\" class=\"yoast-schema-graph\">{\"@context\":\"https:\/\/schema.org\",\"@graph\":[{\"@type\":\"WebPage\",\"@id\":\"https:\/\/baubauwall.com\/et\/toode\/tapeet-salong-damask-beez\/\",\"url\":\"https:\/\/baubauwall.com\/et\/toode\/tapeet-salong-damask-beez\/\",\"name\":\"Bee\u017e tapeet Salong Damask - BAUBAUWALL TAPEEDID tapeedid\",\"isPartOf\":{\"@id\":\"https:\/\/baubauwall.com\/et\/#website\"},\"primaryImageOfPage\":{\"@id\":\"https:\/\/baubauwall.com\/et\/toode\/tapeet-salong-damask-beez\/#primaryimage\"},\"image\":{\"@id\":\"https:\/\/baubauwall.com\/et\/toode\/tapeet-salong-damask-beez\/#primaryimage\"},\"thumbnailUrl\":\"https:\/\/baubauwall.com\/wp-content\/uploads\/2024\/11\/Salon_Damask_Wallpaper_Cream-Beige_Baubauwall_51100494-4.jpg\",\"datePublished\":\"2025-10-06T08:45:13+00:00\",\"dateModified\":\"2025-10-07T13:05:52+00:00\",\"breadcrumb\":{\"@id\":\"https:\/\/baubauwall.com\/et\/toode\/tapeet-salong-damask-beez\/#breadcrumb\"},\"inLanguage\":\"et\",\"potentialAction\":[{\"@type\":\"ReadAction\",\"target\":[\"https:\/\/baubauwall.com\/et\/toode\/tapeet-salong-damask-beez\/\"]}]},{\"@type\":\"ImageObject\",\"inLanguage\":\"et\",\"@id\":\"https:\/\/baubauwall.com\/et\/toode\/tapeet-salong-damask-beez\/#primaryimage\",\"url\":\"https:\/\/baubauwall.com\/wp-content\/uploads\/2024\/11\/Salon_Damask_Wallpaper_Cream-Beige_Baubauwall_51100494-4.jpg\",\"contentUrl\":\"https:\/\/baubauwall.com\/wp-content\/uploads\/2024\/11\/Salon_Damask_Wallpaper_Cream-Beige_Baubauwall_51100494-4.jpg\",\"width\":2400,\"height\":1600,\"caption\":\"Beige damask style wallpaper. Baubauwall wallpapers | Baubauwall Wallpapers\"},{\"@type\":\"BreadcrumbList\",\"@id\":\"https:\/\/baubauwall.com\/et\/toode\/tapeet-salong-damask-beez\/#breadcrumb\",\"itemListElement\":[{\"@type\":\"ListItem\",\"position\":1,\"name\":\"Koju\",\"item\":\"https:\/\/baubauwall.com\/et\/\"},{\"@type\":\"ListItem\",\"position\":2,\"name\":\"Tapeedid\",\"item\":\"https:\/\/baubauwall.com\/et\/tapeedid\/\"},{\"@type\":\"ListItem\",\"position\":3,\"name\":\"Salong Damask &#8211; bee\u017e\"}]},{\"@type\":\"WebSite\",\"@id\":\"https:\/\/baubauwall.com\/et\/#website\",\"url\":\"https:\/\/baubauwall.com\/et\/\",\"name\":\"BAUBAUWALL Wallpapers\",\"description\":\"Valmis paanides tapeet Eestist!\",\"publisher\":{\"@id\":\"https:\/\/baubauwall.com\/et\/#organization\"},\"potentialAction\":[{\"@type\":\"SearchAction\",\"target\":{\"@type\":\"EntryPoint\",\"urlTemplate\":\"https:\/\/baubauwall.com\/et\/?s={search_term_string}\"},\"query-input\":{\"@type\":\"PropertyValueSpecification\",\"valueRequired\":true,\"valueName\":\"search_term_string\"}}],\"inLanguage\":\"et\"},{\"@type\":\"Organization\",\"@id\":\"https:\/\/baubauwall.com\/et\/#organization\",\"name\":\"BAUBAUWALL Wallpapers\",\"url\":\"https:\/\/baubauwall.com\/et\/\",\"logo\":{\"@type\":\"ImageObject\",\"inLanguage\":\"et\",\"@id\":\"https:\/\/baubauwall.com\/et\/#\/schema\/logo\/image\/\",\"url\":\"https:\/\/baubauwall.com\/wp-content\/uploads\/2022\/03\/logo-horizontal.svg\",\"contentUrl\":\"https:\/\/baubauwall.com\/wp-content\/uploads\/2022\/03\/logo-horizontal.svg\",\"width\":\"1024\",\"height\":\"1024\",\"caption\":\"BAUBAUWALL Wallpapers\"},\"image\":{\"@id\":\"https:\/\/baubauwall.com\/et\/#\/schema\/logo\/image\/\"},\"sameAs\":[\"https:\/\/www.facebook.com\/Baubauwall\",\"https:\/\/www.instagram.com\/baubauwall\"]}]}<\/script>\n<!-- \/ Yoast SEO plugin. -->","yoast_head_json":{"title":"Bee\u017e tapeet Salong Damask - BAUBAUWALL TAPEEDID tapeedid","robots":{"index":"index","follow":"follow","max-snippet":"max-snippet:-1","max-image-preview":"max-image-preview:large","max-video-preview":"max-video-preview:-1"},"canonical":"https:\/\/baubauwall.com\/et\/toode\/tapeet-salong-damask-beez\/","og_locale":"et_EE","og_type":"article","og_title":"Salong Damask - bee\u017e","og_description":"On asju, mis lihtsalt ei l\u00e4he moest. Nagu v\u00e4ike must kleit. V\u00f5i bee\u017e damask tapeet.Salon Damask \u2013 bee\u017e on klassikaline tapeet, mis n\u00e4eb v\u00e4lja nii, nagu ta v\u00f5iks kuuluda m\u00f5nda Pariisi salongi v\u00f5i vanalinna interj\u00f6\u00f6ri, kus on k\u00f5rged laed ja kohvikutasside k\u00f5lin on osa interj\u00f6\u00f6rist. Aga mis see damask \u00fcldse on?\u00a0 Damask ehk damast on [&hellip;]","og_url":"https:\/\/baubauwall.com\/et\/toode\/tapeet-salong-damask-beez\/","og_site_name":"BAUBAUWALL TAPEEDID","article_publisher":"https:\/\/www.facebook.com\/Baubauwall","article_modified_time":"2025-10-07T13:05:52+00:00","og_image":[{"width":2400,"height":1600,"url":"https:\/\/baubauwall.com\/wp-content\/uploads\/2024\/11\/Salon_Damask_Wallpaper_Cream-Beige_Baubauwall_51100494-4.jpg","type":"image\/jpeg"}],"twitter_card":"summary_large_image","twitter_misc":{"Est. reading time":"2 minutit"},"schema":{"@context":"https:\/\/schema.org","@graph":[{"@type":"WebPage","@id":"https:\/\/baubauwall.com\/et\/toode\/tapeet-salong-damask-beez\/","url":"https:\/\/baubauwall.com\/et\/toode\/tapeet-salong-damask-beez\/","name":"Bee\u017e tapeet Salong Damask - BAUBAUWALL TAPEEDID tapeedid","isPartOf":{"@id":"https:\/\/baubauwall.com\/et\/#website"},"primaryImageOfPage":{"@id":"https:\/\/baubauwall.com\/et\/toode\/tapeet-salong-damask-beez\/#primaryimage"},"image":{"@id":"https:\/\/baubauwall.com\/et\/toode\/tapeet-salong-damask-beez\/#primaryimage"},"thumbnailUrl":"https:\/\/baubauwall.com\/wp-content\/uploads\/2024\/11\/Salon_Damask_Wallpaper_Cream-Beige_Baubauwall_51100494-4.jpg","datePublished":"2025-10-06T08:45:13+00:00","dateModified":"2025-10-07T13:05:52+00:00","breadcrumb":{"@id":"https:\/\/baubauwall.com\/et\/toode\/tapeet-salong-damask-beez\/#breadcrumb"},"inLanguage":"et","potentialAction":[{"@type":"ReadAction","target":["https:\/\/baubauwall.com\/et\/toode\/tapeet-salong-damask-beez\/"]}]},{"@type":"ImageObject","inLanguage":"et","@id":"https:\/\/baubauwall.com\/et\/toode\/tapeet-salong-damask-beez\/#primaryimage","url":"https:\/\/baubauwall.com\/wp-content\/uploads\/2024\/11\/Salon_Damask_Wallpaper_Cream-Beige_Baubauwall_51100494-4.jpg","contentUrl":"https:\/\/baubauwall.com\/wp-content\/uploads\/2024\/11\/Salon_Damask_Wallpaper_Cream-Beige_Baubauwall_51100494-4.jpg","width":2400,"height":1600,"caption":"Beige damask style wallpaper. Baubauwall wallpapers | Baubauwall Wallpapers"},{"@type":"BreadcrumbList","@id":"https:\/\/baubauwall.com\/et\/toode\/tapeet-salong-damask-beez\/#breadcrumb","itemListElement":[{"@type":"ListItem","position":1,"name":"Koju","item":"https:\/\/baubauwall.com\/et\/"},{"@type":"ListItem","position":2,"name":"Tapeedid","item":"https:\/\/baubauwall.com\/et\/tapeedid\/"},{"@type":"ListItem","position":3,"name":"Salong Damask &#8211; bee\u017e"}]},{"@type":"WebSite","@id":"https:\/\/baubauwall.com\/et\/#website","url":"https:\/\/baubauwall.com\/et\/","name":"BAUBAUWALL Wallpapers","description":"Valmis paanides tapeet Eestist!","publisher":{"@id":"https:\/\/baubauwall.com\/et\/#organization"},"potentialAction":[{"@type":"SearchAction","target":{"@type":"EntryPoint","urlTemplate":"https:\/\/baubauwall.com\/et\/?s={search_term_string}"},"query-input":{"@type":"PropertyValueSpecification","valueRequired":true,"valueName":"search_term_string"}}],"inLanguage":"et"},{"@type":"Organization","@id":"https:\/\/baubauwall.com\/et\/#organization","name":"BAUBAUWALL Wallpapers","url":"https:\/\/baubauwall.com\/et\/","logo":{"@type":"ImageObject","inLanguage":"et","@id":"https:\/\/baubauwall.com\/et\/#\/schema\/logo\/image\/","url":"https:\/\/baubauwall.com\/wp-content\/uploads\/2022\/03\/logo-horizontal.svg","contentUrl":"https:\/\/baubauwall.com\/wp-content\/uploads\/2022\/03\/logo-horizontal.svg","width":"1024","height":"1024","caption":"BAUBAUWALL Wallpapers"},"image":{"@id":"https:\/\/baubauwall.com\/et\/#\/schema\/logo\/image\/"},"sameAs":["https:\/\/www.facebook.com\/Baubauwall","https:\/\/www.instagram.com\/baubauwall"]}]}},"jetpack_sharing_enabled":true,"_links":{"self":[{"href":"https:\/\/baubauwall.com\/et\/wp-json\/wp\/v2\/product\/44936","targetHints":{"allow":["GET"]}}],"collection":[{"href":"https:\/\/baubauwall.com\/et\/wp-json\/wp\/v2\/product"}],"about":[{"href":"https:\/\/baubauwall.com\/et\/wp-json\/wp\/v2\/types\/product"}],"replies":[{"embeddable":true,"href":"https:\/\/baubauwall.com\/et\/wp-json\/wp\/v2\/comments?post=44936"}],"wp:featuredmedia":[{"embeddable":true,"href":"https:\/\/baubauwall.com\/et\/wp-json\/wp\/v2\/media\/44944"}],"wp:attachment":[{"href":"https:\/\/baubauwall.com\/et\/wp-json\/wp\/v2\/media?parent=44936"}],"wp:term":[{"taxonomy":"product_brand","embeddable":true,"href":"https:\/\/baubauwall.com\/et\/wp-json\/wp\/v2\/product_brand?post=44936"},{"taxonomy":"product_cat","embeddable":true,"href":"https:\/\/baubauwall.com\/et\/wp-json\/wp\/v2\/product_cat?post=44936"},{"taxonomy":"product_tag","embeddable":true,"href":"https:\/\/baubauwall.com\/et\/wp-json\/wp\/v2\/product_tag?post=44936"}],"curies":[{"name":"wp","href":"https:\/\/api.w.org\/{rel}","templated":true}]}}