{"id":44947,"date":"2025-10-06T09:45:13","date_gmt":"2025-10-06T07:45:13","guid":{"rendered":"https:\/\/baubauwall.com\/product\/wallpaper-salon-damask-turquoise-blue\/"},"modified":"2025-10-07T15:11:01","modified_gmt":"2025-10-07T13:11:01","slug":"tapeet-salong-damask-turkiissinine","status":"publish","type":"product","link":"https:\/\/baubauwall.com\/et\/toode\/tapeet-salong-damask-turkiissinine\/","title":{"rendered":"Salong Damask &#8211; t\u00fcrkiissinine"},"content":{"rendered":"<p data-start=\"36\" data-end=\"446\">T\u00fcrkiissinine\u00a0damaskimustriga tapeet, mis toob klassikalise elegantsi ja v\u00e4rske hinguse \u00fchte ruumi kokku. Muster on vana hea damask \u2013 need peened lehe- ja lillemotiivid, mis kunagi kaunistasid luksuslikke kangaid ja paleesid. Aga siin, t\u00fcrkiissinisel taustal, m\u00f5jub see v\u00e4rskelt, peaaegu kergelt.<\/p>\n<p data-start=\"448\" data-end=\"807\">See on tapeet, mis paneb ruumi elama. T\u00fcrkiissinine lisab energiat, ent j\u00e4\u00e4b piisavalt rahulikuks, et sobida ka magamistuppa, s\u00f6\u00f6gituppa v\u00f5i elutuppa, kus armastad p\u00e4ikesevalgust ja veidi boheemlaslikku atmosf\u00e4\u00e4ri. See toon meenutab Vahemere suve, aga muster toob sisse briti v\u00e4\u00e4rikuse \u2013 ideaalne segu kerge meeleolu ja klassikalise sarmi vahel.<\/p>\n<p data-start=\"809\" data-end=\"953\">Kui sulle meeldib kodu, kus on nii iseloomu kui tasakaalu, siis t\u00fcrkiissinine tapeet seinal on see \u201c\u00fcks asi\u201d, mis teeb kogu toa eriliseks.<\/p>\n<p data-start=\"392\" data-end=\"595\"><strong>Tapeedi autor on disainer\u00a0<a href=\"https:\/\/lemontxt.design\/\">Monika Lechner.<\/a>Tema armastus ajalooliste detailide ja tapeedimustrite vastu ongi vormitud\u00a0<a href=\"https:\/\/baubauwall.com\/et\/tootekategooria\/tapeedi-kollektsioonid\/ajatu-klassika\/\" target=\"_blank\" rel=\"noopener\">Ajatu klassika\u00a0tapeedikollektsiooni.<\/a>\u00a0Need tapeedid on loodud Sulle, kes hindad kvaliteeti, lugusid ja v\u00e4ikseid detaile, mis teevad kodust kodu.<\/strong><\/p>\n<p><strong>Miks see tapeet v\u00f5iks Sulle meeldida?<\/strong><\/p>\n<ul>\n<li>Damask muster t\u00fcrkiissinisega &#8211; lihtsalt nii ilus!<\/li>\n<li>Eesti ettev\u00f5te<\/li>\n<li>Tr\u00fckime tapeedi t\u00e4pselt Sinu seina m\u00f5\u00f5dus<\/li>\n<li>Premium, matt fliistapeedi materjal, 100% taaskasutatud kiust<\/li>\n<li>M\u00fcrgivabad tr\u00fckiv\u00e4rvid,\u00a0<em>Greenguard<\/em>\u00a0sertifitseeritud<\/li>\n<li>Keskkonnas\u00f5bralik, j\u00e4\u00e4tmevaba tapeetimine<\/li>\n<li>Kaasa tasuta tapeediliim<\/li>\n<li>Tasuta transport ja kiire tarne 5 t\u00f6\u00f6p\u00e4evaga<\/li>\n<\/ul>\n","protected":false},"excerpt":{"rendered":"<p>T\u00fcrkiissinine\u00a0damaskimustriga tapeet, mis toob klassikalise elegantsi ja v\u00e4rske hinguse \u00fchte ruumi kokku. Muster on vana hea damask \u2013 need peened lehe- ja lillemotiivid, mis kunagi kaunistasid luksuslikke kangaid ja paleesid. Aga siin, t\u00fcrkiissinisel taustal, m\u00f5jub see v\u00e4rskelt, peaaegu kergelt. See on tapeet, mis paneb ruumi elama. T\u00fcrkiissinine lisab energiat, ent j\u00e4\u00e4b piisavalt rahulikuks, et sobida [&hellip;]<\/p>\n","protected":false},"featured_media":44953,"comment_status":"open","ping_status":"closed","template":"","meta":{"_acf_changed":false,"inline_featured_image":false},"product_brand":[],"product_cat":[818,386,395,406,405,388,267,409,413,414,416,402,699],"product_tag":[824],"class_list":{"0":"post-44947","1":"product","2":"type-product","3":"status-publish","4":"has-post-thumbnail","6":"product_cat-ajatu-klassika","7":"product_cat-kordusmustriga-tapeedid","8":"product_cat-romantiline","9":"product_cat-klassika","10":"product_cat-art-deco","11":"product_cat-vintage-et","12":"product_cat-sinised-tapeedid","13":"product_cat-turkiis-tapeedid","14":"product_cat-magamistoa-tapeedid","15":"product_cat-soogitoa-tapeedid","16":"product_cat-esiku-tapeedid","17":"product_cat-elutoa-tapeedid","18":"product_cat-eesti-disain-tapeedid","19":"product_tag-ajatu-klassika","21":"first","22":"instock","23":"taxable","24":"shipping-taxable","25":"purchasable","26":"product-type-simple"},"acf":[],"yoast_head":"<!-- This site is optimized with the Yoast SEO plugin v25.9 - https:\/\/yoast.com\/wordpress\/plugins\/seo\/ -->\n<title>Salong Damask - t\u00fcrkiissinine tapeet - BAUBAUWALL TAPEEDID<\/title>\n<meta name=\"description\" content=\"T\u00fcrkiissinine tapeet elegantse damask mustriga. Ajatu klassika, ajatu tapeet! Tapeedi selle helesinise tapeediga ajalooline interj\u00f6\u00f6r. Fliistapeet.\" \/>\n<meta name=\"robots\" content=\"index, follow, max-snippet:-1, max-image-preview:large, max-video-preview:-1\" \/>\n<link rel=\"canonical\" href=\"https:\/\/baubauwall.com\/et\/toode\/tapeet-salong-damask-turkiissinine\/\" \/>\n<meta property=\"og:locale\" content=\"et_EE\" \/>\n<meta property=\"og:type\" content=\"article\" \/>\n<meta property=\"og:title\" content=\"BAUBAUWALL TAPEEDID\" \/>\n<meta property=\"og:description\" content=\"T\u00fcrkiissinine tapeet elegantse damask mustriga. Ajatu klassika, ajatu tapeet! Tapeedi selle helesinise tapeediga ajalooline interj\u00f6\u00f6r. Fliistapeet.\" \/>\n<meta property=\"og:url\" content=\"https:\/\/baubauwall.com\/et\/toode\/tapeet-salong-damask-turkiissinine\/\" \/>\n<meta property=\"og:site_name\" content=\"BAUBAUWALL TAPEEDID\" \/>\n<meta property=\"article:publisher\" content=\"https:\/\/www.facebook.com\/Baubauwall\" \/>\n<meta property=\"article:modified_time\" content=\"2025-10-07T13:11:01+00:00\" \/>\n<meta property=\"og:image\" content=\"https:\/\/baubauwall.com\/wp-content\/uploads\/2025\/09\/Salon_Damask_Wallpaper_Baubauwall_51100495.jpg\" \/>\n\t<meta property=\"og:image:width\" content=\"1200\" \/>\n\t<meta property=\"og:image:height\" content=\"1600\" \/>\n\t<meta property=\"og:image:type\" content=\"image\/jpeg\" \/>\n<meta name=\"twitter:card\" content=\"summary_large_image\" \/>\n<meta name=\"twitter:label1\" content=\"Est. reading time\" \/>\n\t<meta name=\"twitter:data1\" content=\"2 minutit\" \/>\n<script type=\"application\/ld+json\" class=\"yoast-schema-graph\">{\"@context\":\"https:\/\/schema.org\",\"@graph\":[{\"@type\":\"WebPage\",\"@id\":\"https:\/\/baubauwall.com\/et\/toode\/tapeet-salong-damask-turkiissinine\/\",\"url\":\"https:\/\/baubauwall.com\/et\/toode\/tapeet-salong-damask-turkiissinine\/\",\"name\":\"Salong Damask - t\u00fcrkiissinine tapeet - BAUBAUWALL TAPEEDID\",\"isPartOf\":{\"@id\":\"https:\/\/baubauwall.com\/et\/#website\"},\"primaryImageOfPage\":{\"@id\":\"https:\/\/baubauwall.com\/et\/toode\/tapeet-salong-damask-turkiissinine\/#primaryimage\"},\"image\":{\"@id\":\"https:\/\/baubauwall.com\/et\/toode\/tapeet-salong-damask-turkiissinine\/#primaryimage\"},\"thumbnailUrl\":\"https:\/\/baubauwall.com\/wp-content\/uploads\/2025\/09\/Salon_Damask_Wallpaper_Baubauwall_51100495.jpg\",\"datePublished\":\"2025-10-06T07:45:13+00:00\",\"dateModified\":\"2025-10-07T13:11:01+00:00\",\"description\":\"T\u00fcrkiissinine tapeet elegantse damask mustriga. Ajatu klassika, ajatu tapeet! Tapeedi selle helesinise tapeediga ajalooline interj\u00f6\u00f6r. Fliistapeet.\",\"breadcrumb\":{\"@id\":\"https:\/\/baubauwall.com\/et\/toode\/tapeet-salong-damask-turkiissinine\/#breadcrumb\"},\"inLanguage\":\"et\",\"potentialAction\":[{\"@type\":\"ReadAction\",\"target\":[\"https:\/\/baubauwall.com\/et\/toode\/tapeet-salong-damask-turkiissinine\/\"]}]},{\"@type\":\"ImageObject\",\"inLanguage\":\"et\",\"@id\":\"https:\/\/baubauwall.com\/et\/toode\/tapeet-salong-damask-turkiissinine\/#primaryimage\",\"url\":\"https:\/\/baubauwall.com\/wp-content\/uploads\/2025\/09\/Salon_Damask_Wallpaper_Baubauwall_51100495.jpg\",\"contentUrl\":\"https:\/\/baubauwall.com\/wp-content\/uploads\/2025\/09\/Salon_Damask_Wallpaper_Baubauwall_51100495.jpg\",\"width\":1200,\"height\":1600,\"caption\":\"Damask style wallpaper for traditional, yet quirky look on your walls. Turquoise blue colorway, adorning a living room wall with yellow armchair\"},{\"@type\":\"BreadcrumbList\",\"@id\":\"https:\/\/baubauwall.com\/et\/toode\/tapeet-salong-damask-turkiissinine\/#breadcrumb\",\"itemListElement\":[{\"@type\":\"ListItem\",\"position\":1,\"name\":\"Koju\",\"item\":\"https:\/\/baubauwall.com\/et\/\"},{\"@type\":\"ListItem\",\"position\":2,\"name\":\"Tapeedid\",\"item\":\"https:\/\/baubauwall.com\/et\/tapeedid\/\"},{\"@type\":\"ListItem\",\"position\":3,\"name\":\"Salong Damask &#8211; t\u00fcrkiissinine\"}]},{\"@type\":\"WebSite\",\"@id\":\"https:\/\/baubauwall.com\/et\/#website\",\"url\":\"https:\/\/baubauwall.com\/et\/\",\"name\":\"BAUBAUWALL Wallpapers\",\"description\":\"Valmis paanides tapeet Eestist!\",\"publisher\":{\"@id\":\"https:\/\/baubauwall.com\/et\/#organization\"},\"potentialAction\":[{\"@type\":\"SearchAction\",\"target\":{\"@type\":\"EntryPoint\",\"urlTemplate\":\"https:\/\/baubauwall.com\/et\/?s={search_term_string}\"},\"query-input\":{\"@type\":\"PropertyValueSpecification\",\"valueRequired\":true,\"valueName\":\"search_term_string\"}}],\"inLanguage\":\"et\"},{\"@type\":\"Organization\",\"@id\":\"https:\/\/baubauwall.com\/et\/#organization\",\"name\":\"BAUBAUWALL Wallpapers\",\"url\":\"https:\/\/baubauwall.com\/et\/\",\"logo\":{\"@type\":\"ImageObject\",\"inLanguage\":\"et\",\"@id\":\"https:\/\/baubauwall.com\/et\/#\/schema\/logo\/image\/\",\"url\":\"https:\/\/baubauwall.com\/wp-content\/uploads\/2022\/03\/logo-horizontal.svg\",\"contentUrl\":\"https:\/\/baubauwall.com\/wp-content\/uploads\/2022\/03\/logo-horizontal.svg\",\"width\":\"1024\",\"height\":\"1024\",\"caption\":\"BAUBAUWALL Wallpapers\"},\"image\":{\"@id\":\"https:\/\/baubauwall.com\/et\/#\/schema\/logo\/image\/\"},\"sameAs\":[\"https:\/\/www.facebook.com\/Baubauwall\",\"https:\/\/www.instagram.com\/baubauwall\"]}]}<\/script>\n<!-- \/ Yoast SEO plugin. -->","yoast_head_json":{"title":"Salong Damask - t\u00fcrkiissinine tapeet - BAUBAUWALL TAPEEDID","description":"T\u00fcrkiissinine tapeet elegantse damask mustriga. Ajatu klassika, ajatu tapeet! Tapeedi selle helesinise tapeediga ajalooline interj\u00f6\u00f6r. Fliistapeet.","robots":{"index":"index","follow":"follow","max-snippet":"max-snippet:-1","max-image-preview":"max-image-preview:large","max-video-preview":"max-video-preview:-1"},"canonical":"https:\/\/baubauwall.com\/et\/toode\/tapeet-salong-damask-turkiissinine\/","og_locale":"et_EE","og_type":"article","og_title":"BAUBAUWALL TAPEEDID","og_description":"T\u00fcrkiissinine tapeet elegantse damask mustriga. Ajatu klassika, ajatu tapeet! Tapeedi selle helesinise tapeediga ajalooline interj\u00f6\u00f6r. Fliistapeet.","og_url":"https:\/\/baubauwall.com\/et\/toode\/tapeet-salong-damask-turkiissinine\/","og_site_name":"BAUBAUWALL TAPEEDID","article_publisher":"https:\/\/www.facebook.com\/Baubauwall","article_modified_time":"2025-10-07T13:11:01+00:00","og_image":[{"width":1200,"height":1600,"url":"https:\/\/baubauwall.com\/wp-content\/uploads\/2025\/09\/Salon_Damask_Wallpaper_Baubauwall_51100495.jpg","type":"image\/jpeg"}],"twitter_card":"summary_large_image","twitter_misc":{"Est. reading time":"2 minutit"},"schema":{"@context":"https:\/\/schema.org","@graph":[{"@type":"WebPage","@id":"https:\/\/baubauwall.com\/et\/toode\/tapeet-salong-damask-turkiissinine\/","url":"https:\/\/baubauwall.com\/et\/toode\/tapeet-salong-damask-turkiissinine\/","name":"Salong Damask - t\u00fcrkiissinine tapeet - BAUBAUWALL TAPEEDID","isPartOf":{"@id":"https:\/\/baubauwall.com\/et\/#website"},"primaryImageOfPage":{"@id":"https:\/\/baubauwall.com\/et\/toode\/tapeet-salong-damask-turkiissinine\/#primaryimage"},"image":{"@id":"https:\/\/baubauwall.com\/et\/toode\/tapeet-salong-damask-turkiissinine\/#primaryimage"},"thumbnailUrl":"https:\/\/baubauwall.com\/wp-content\/uploads\/2025\/09\/Salon_Damask_Wallpaper_Baubauwall_51100495.jpg","datePublished":"2025-10-06T07:45:13+00:00","dateModified":"2025-10-07T13:11:01+00:00","description":"T\u00fcrkiissinine tapeet elegantse damask mustriga. Ajatu klassika, ajatu tapeet! Tapeedi selle helesinise tapeediga ajalooline interj\u00f6\u00f6r. Fliistapeet.","breadcrumb":{"@id":"https:\/\/baubauwall.com\/et\/toode\/tapeet-salong-damask-turkiissinine\/#breadcrumb"},"inLanguage":"et","potentialAction":[{"@type":"ReadAction","target":["https:\/\/baubauwall.com\/et\/toode\/tapeet-salong-damask-turkiissinine\/"]}]},{"@type":"ImageObject","inLanguage":"et","@id":"https:\/\/baubauwall.com\/et\/toode\/tapeet-salong-damask-turkiissinine\/#primaryimage","url":"https:\/\/baubauwall.com\/wp-content\/uploads\/2025\/09\/Salon_Damask_Wallpaper_Baubauwall_51100495.jpg","contentUrl":"https:\/\/baubauwall.com\/wp-content\/uploads\/2025\/09\/Salon_Damask_Wallpaper_Baubauwall_51100495.jpg","width":1200,"height":1600,"caption":"Damask style wallpaper for traditional, yet quirky look on your walls. Turquoise blue colorway, adorning a living room wall with yellow armchair"},{"@type":"BreadcrumbList","@id":"https:\/\/baubauwall.com\/et\/toode\/tapeet-salong-damask-turkiissinine\/#breadcrumb","itemListElement":[{"@type":"ListItem","position":1,"name":"Koju","item":"https:\/\/baubauwall.com\/et\/"},{"@type":"ListItem","position":2,"name":"Tapeedid","item":"https:\/\/baubauwall.com\/et\/tapeedid\/"},{"@type":"ListItem","position":3,"name":"Salong Damask &#8211; t\u00fcrkiissinine"}]},{"@type":"WebSite","@id":"https:\/\/baubauwall.com\/et\/#website","url":"https:\/\/baubauwall.com\/et\/","name":"BAUBAUWALL Wallpapers","description":"Valmis paanides tapeet Eestist!","publisher":{"@id":"https:\/\/baubauwall.com\/et\/#organization"},"potentialAction":[{"@type":"SearchAction","target":{"@type":"EntryPoint","urlTemplate":"https:\/\/baubauwall.com\/et\/?s={search_term_string}"},"query-input":{"@type":"PropertyValueSpecification","valueRequired":true,"valueName":"search_term_string"}}],"inLanguage":"et"},{"@type":"Organization","@id":"https:\/\/baubauwall.com\/et\/#organization","name":"BAUBAUWALL Wallpapers","url":"https:\/\/baubauwall.com\/et\/","logo":{"@type":"ImageObject","inLanguage":"et","@id":"https:\/\/baubauwall.com\/et\/#\/schema\/logo\/image\/","url":"https:\/\/baubauwall.com\/wp-content\/uploads\/2022\/03\/logo-horizontal.svg","contentUrl":"https:\/\/baubauwall.com\/wp-content\/uploads\/2022\/03\/logo-horizontal.svg","width":"1024","height":"1024","caption":"BAUBAUWALL Wallpapers"},"image":{"@id":"https:\/\/baubauwall.com\/et\/#\/schema\/logo\/image\/"},"sameAs":["https:\/\/www.facebook.com\/Baubauwall","https:\/\/www.instagram.com\/baubauwall"]}]}},"jetpack_sharing_enabled":true,"_links":{"self":[{"href":"https:\/\/baubauwall.com\/et\/wp-json\/wp\/v2\/product\/44947","targetHints":{"allow":["GET"]}}],"collection":[{"href":"https:\/\/baubauwall.com\/et\/wp-json\/wp\/v2\/product"}],"about":[{"href":"https:\/\/baubauwall.com\/et\/wp-json\/wp\/v2\/types\/product"}],"replies":[{"embeddable":true,"href":"https:\/\/baubauwall.com\/et\/wp-json\/wp\/v2\/comments?post=44947"}],"wp:featuredmedia":[{"embeddable":true,"href":"https:\/\/baubauwall.com\/et\/wp-json\/wp\/v2\/media\/44953"}],"wp:attachment":[{"href":"https:\/\/baubauwall.com\/et\/wp-json\/wp\/v2\/media?parent=44947"}],"wp:term":[{"taxonomy":"product_brand","embeddable":true,"href":"https:\/\/baubauwall.com\/et\/wp-json\/wp\/v2\/product_brand?post=44947"},{"taxonomy":"product_cat","embeddable":true,"href":"https:\/\/baubauwall.com\/et\/wp-json\/wp\/v2\/product_cat?post=44947"},{"taxonomy":"product_tag","embeddable":true,"href":"https:\/\/baubauwall.com\/et\/wp-json\/wp\/v2\/product_tag?post=44947"}],"curies":[{"name":"wp","href":"https:\/\/api.w.org\/{rel}","templated":true}]}}