{"id":44973,"date":"2025-10-06T08:45:14","date_gmt":"2025-10-06T06:45:14","guid":{"rendered":"https:\/\/baubauwall.com\/product\/wallpaper-foyer-florals-chocolate-brown\/"},"modified":"2025-11-01T21:03:24","modified_gmt":"2025-11-01T19:03:24","slug":"tapeet-oitegalerii-sokolaadipruun","status":"publish","type":"product","link":"https:\/\/baubauwall.com\/et\/toode\/tapeet-oitegalerii-sokolaadipruun\/","title":{"rendered":"\u00d5itegalerii &#8211; \u0161okolaadipruun"},"content":{"rendered":"<p data-start=\"36\" data-end=\"315\">Soe ja sametine nagu tume \u0161okolaad. \u00d5itegalerii on pruun tapeet, mille bee\u017e taimemuster joonistub tumedal taustal v\u00e4lja pehmelt ja rahulikult. See on klassikaline tapeedidisain, mis lisab interj\u00f6\u00f6rile hubasust s\u00fcgavust, ilma et see muutuks raskeks \u2013 just paras annus hubasust ja karakterit.\u00a0 Pruuni v\u00e4rvi tapeeti ei tasu peljata. Vastupidi, meie kliimas sobib pruun tapeet h\u00e4sti interj\u00f6\u00f6ri kui hubasuse looja.\u00a0Kujuta ette \u00f5htust valgust, mis langeb sellele tapeeditud seinale \u2013 muster hakkab elama ja muudab toa t\u00f5eliselt kutsuvaks. Luba endale klaas tummist punast veini v\u00f5i \u0161okolaadi ning elu Sinu kodus tundub lihtsalt liiga hea!<\/p>\n<p data-start=\"392\" data-end=\"595\"><strong>Tapeedi autor on disainer <a href=\"https:\/\/lemontxt.design\/\">Monika Lechner.<\/a>Tema armastus ajalooliste detailide ja tapeedimustrite vastu ongi vormitud\u00a0<a href=\"https:\/\/baubauwall.com\/et\/tootekategooria\/tapeedi-kollektsioonid\/ajatu-klassika\/\" target=\"_blank\" rel=\"noopener\">Ajatu klassika\u00a0tapeedikollektsiooni.<\/a>\u00a0Need tapeedid on loodud Sulle, kes hindad kvaliteeti, lugusid ja v\u00e4ikseid detaile, mis teevad kodust kodu.<\/strong><\/p>\n<p><strong>Miks see tapeet v\u00f5iks Sulle meeldida?<\/strong><\/p>\n<ul>\n<li>Klassikaline tapeet, mis kingib soojuse<\/li>\n<li>Eesti ettev\u00f5te<\/li>\n<li>Tr\u00fckime tapeedi t\u00e4pselt Sinu seina m\u00f5\u00f5dus<\/li>\n<li>Premium, matt fliistapeedi materjal, 100% taaskasutatud kiust<\/li>\n<li>M\u00fcrgivabad tr\u00fckiv\u00e4rvid,\u00a0<em>Greenguard<\/em>\u00a0sertifitseeritud<\/li>\n<li>Keskkonnas\u00f5bralik, j\u00e4\u00e4tmevaba tapeetimine<\/li>\n<li>Kaasa tasuta tapeediliim<\/li>\n<li>Tasuta transport ja kiire tarne 5 t\u00f6\u00f6p\u00e4evaga<\/li>\n<\/ul>\n","protected":false},"excerpt":{"rendered":"<p>Soe ja sametine nagu tume \u0161okolaad. \u00d5itegalerii on pruun tapeet, mille bee\u017e taimemuster joonistub tumedal taustal v\u00e4lja pehmelt ja rahulikult. See on klassikaline tapeedidisain, mis lisab interj\u00f6\u00f6rile hubasust s\u00fcgavust, ilma et see muutuks raskeks \u2013 just paras annus hubasust ja karakterit.\u00a0 Pruuni v\u00e4rvi tapeeti ei tasu peljata. Vastupidi, meie kliimas sobib pruun tapeet h\u00e4sti interj\u00f6\u00f6ri [&hellip;]<\/p>\n","protected":false},"featured_media":44979,"comment_status":"open","ping_status":"closed","template":"","meta":{"_acf_changed":false,"inline_featured_image":false},"product_brand":[],"product_cat":[818,386,406,388,269,270,752,413,414,415,416,402,260],"product_tag":[824,298],"class_list":{"0":"post-44973","1":"product","2":"type-product","3":"status-publish","4":"has-post-thumbnail","6":"product_cat-ajatu-klassika","7":"product_cat-kordusmustriga-tapeedid","8":"product_cat-klassika","9":"product_cat-vintage-et","10":"product_cat-pruunid-tapeedid","11":"product_cat-tumedad-tapeedid","12":"product_cat-avalik-ruum","13":"product_cat-magamistoa-tapeedid","14":"product_cat-soogitoa-tapeedid","15":"product_cat-kulalistetoa-tapeedid","16":"product_cat-esiku-tapeedid","17":"product_cat-elutoa-tapeedid","18":"product_cat-lilled","19":"product_tag-ajatu-klassika","20":"product_tag-botaaniline","22":"first","23":"instock","24":"taxable","25":"shipping-taxable","26":"purchasable","27":"product-type-simple"},"acf":[],"yoast_head":"<!-- This site is optimized with the Yoast SEO plugin v25.9 - https:\/\/yoast.com\/wordpress\/plugins\/seo\/ -->\n<title>Pruun tapeet - \u00d5itegalerii - \u0161okolaadipruun - BAUBAUWALL TAPEEDID<\/title>\n<meta name=\"description\" content=\"Pruun tapeet taimemotiividega. Kordusmustriga tapeet magamistuppa, elutuppa v\u00f5i hoopis tualetti. Tapeedid Sulle, kes hindad kvaliteeti ja iseloomu.\" \/>\n<meta name=\"robots\" content=\"index, follow, max-snippet:-1, max-image-preview:large, max-video-preview:-1\" \/>\n<link rel=\"canonical\" href=\"https:\/\/baubauwall.com\/et\/toode\/tapeet-oitegalerii-sokolaadipruun\/\" \/>\n<meta property=\"og:locale\" content=\"et_EE\" \/>\n<meta property=\"og:type\" content=\"article\" \/>\n<meta property=\"og:title\" content=\"BAUBAUWALL TAPEEDID\" \/>\n<meta property=\"og:description\" content=\"Pruun tapeet taimemotiividega. Kordusmustriga tapeet magamistuppa, elutuppa v\u00f5i hoopis tualetti. Tapeedid Sulle, kes hindad kvaliteeti ja iseloomu.\" \/>\n<meta property=\"og:url\" content=\"https:\/\/baubauwall.com\/et\/toode\/tapeet-oitegalerii-sokolaadipruun\/\" \/>\n<meta property=\"og:site_name\" content=\"BAUBAUWALL TAPEEDID\" \/>\n<meta property=\"article:publisher\" content=\"https:\/\/www.facebook.com\/Baubauwall\" \/>\n<meta property=\"article:modified_time\" content=\"2025-11-01T19:03:24+00:00\" \/>\n<meta property=\"og:image\" content=\"https:\/\/baubauwall.com\/wp-content\/uploads\/2024\/11\/Foyer_Florals_Brown_wallpaper_room_baubauwall_51100499-4.jpg\" \/>\n\t<meta property=\"og:image:width\" content=\"1067\" \/>\n\t<meta property=\"og:image:height\" content=\"1600\" \/>\n\t<meta property=\"og:image:type\" content=\"image\/jpeg\" \/>\n<meta name=\"twitter:card\" content=\"summary_large_image\" \/>\n<meta name=\"twitter:label1\" content=\"Est. reading time\" \/>\n\t<meta name=\"twitter:data1\" content=\"1 minut\" \/>\n<script type=\"application\/ld+json\" class=\"yoast-schema-graph\">{\"@context\":\"https:\/\/schema.org\",\"@graph\":[{\"@type\":\"WebPage\",\"@id\":\"https:\/\/baubauwall.com\/et\/toode\/tapeet-oitegalerii-sokolaadipruun\/\",\"url\":\"https:\/\/baubauwall.com\/et\/toode\/tapeet-oitegalerii-sokolaadipruun\/\",\"name\":\"Pruun tapeet - \u00d5itegalerii - \u0161okolaadipruun - BAUBAUWALL TAPEEDID\",\"isPartOf\":{\"@id\":\"https:\/\/baubauwall.com\/et\/#website\"},\"primaryImageOfPage\":{\"@id\":\"https:\/\/baubauwall.com\/et\/toode\/tapeet-oitegalerii-sokolaadipruun\/#primaryimage\"},\"image\":{\"@id\":\"https:\/\/baubauwall.com\/et\/toode\/tapeet-oitegalerii-sokolaadipruun\/#primaryimage\"},\"thumbnailUrl\":\"https:\/\/baubauwall.com\/wp-content\/uploads\/2024\/11\/Foyer_Florals_Brown_wallpaper_room_baubauwall_51100499-4.jpg\",\"datePublished\":\"2025-10-06T06:45:14+00:00\",\"dateModified\":\"2025-11-01T19:03:24+00:00\",\"description\":\"Pruun tapeet taimemotiividega. Kordusmustriga tapeet magamistuppa, elutuppa v\u00f5i hoopis tualetti. Tapeedid Sulle, kes hindad kvaliteeti ja iseloomu.\",\"breadcrumb\":{\"@id\":\"https:\/\/baubauwall.com\/et\/toode\/tapeet-oitegalerii-sokolaadipruun\/#breadcrumb\"},\"inLanguage\":\"et\",\"potentialAction\":[{\"@type\":\"ReadAction\",\"target\":[\"https:\/\/baubauwall.com\/et\/toode\/tapeet-oitegalerii-sokolaadipruun\/\"]}]},{\"@type\":\"ImageObject\",\"inLanguage\":\"et\",\"@id\":\"https:\/\/baubauwall.com\/et\/toode\/tapeet-oitegalerii-sokolaadipruun\/#primaryimage\",\"url\":\"https:\/\/baubauwall.com\/wp-content\/uploads\/2024\/11\/Foyer_Florals_Brown_wallpaper_room_baubauwall_51100499-4.jpg\",\"contentUrl\":\"https:\/\/baubauwall.com\/wp-content\/uploads\/2024\/11\/Foyer_Florals_Brown_wallpaper_room_baubauwall_51100499-4.jpg\",\"width\":1067,\"height\":1600,\"caption\":\"Brown floral wallpaper set on a feature wall of a living room, behind on olive green sofa Baubauwall wallpapers\"},{\"@type\":\"BreadcrumbList\",\"@id\":\"https:\/\/baubauwall.com\/et\/toode\/tapeet-oitegalerii-sokolaadipruun\/#breadcrumb\",\"itemListElement\":[{\"@type\":\"ListItem\",\"position\":1,\"name\":\"Koju\",\"item\":\"https:\/\/baubauwall.com\/et\/\"},{\"@type\":\"ListItem\",\"position\":2,\"name\":\"Tapeedid\",\"item\":\"https:\/\/baubauwall.com\/et\/tapeedid\/\"},{\"@type\":\"ListItem\",\"position\":3,\"name\":\"\u00d5itegalerii &#8211; \u0161okolaadipruun\"}]},{\"@type\":\"WebSite\",\"@id\":\"https:\/\/baubauwall.com\/et\/#website\",\"url\":\"https:\/\/baubauwall.com\/et\/\",\"name\":\"BAUBAUWALL Wallpapers\",\"description\":\"Valmis paanides tapeet Eestist!\",\"publisher\":{\"@id\":\"https:\/\/baubauwall.com\/et\/#organization\"},\"potentialAction\":[{\"@type\":\"SearchAction\",\"target\":{\"@type\":\"EntryPoint\",\"urlTemplate\":\"https:\/\/baubauwall.com\/et\/?s={search_term_string}\"},\"query-input\":{\"@type\":\"PropertyValueSpecification\",\"valueRequired\":true,\"valueName\":\"search_term_string\"}}],\"inLanguage\":\"et\"},{\"@type\":\"Organization\",\"@id\":\"https:\/\/baubauwall.com\/et\/#organization\",\"name\":\"BAUBAUWALL Wallpapers\",\"url\":\"https:\/\/baubauwall.com\/et\/\",\"logo\":{\"@type\":\"ImageObject\",\"inLanguage\":\"et\",\"@id\":\"https:\/\/baubauwall.com\/et\/#\/schema\/logo\/image\/\",\"url\":\"https:\/\/baubauwall.com\/wp-content\/uploads\/2022\/03\/logo-horizontal.svg\",\"contentUrl\":\"https:\/\/baubauwall.com\/wp-content\/uploads\/2022\/03\/logo-horizontal.svg\",\"width\":\"1024\",\"height\":\"1024\",\"caption\":\"BAUBAUWALL Wallpapers\"},\"image\":{\"@id\":\"https:\/\/baubauwall.com\/et\/#\/schema\/logo\/image\/\"},\"sameAs\":[\"https:\/\/www.facebook.com\/Baubauwall\",\"https:\/\/www.instagram.com\/baubauwall\"]}]}<\/script>\n<!-- \/ Yoast SEO plugin. -->","yoast_head_json":{"title":"Pruun tapeet - \u00d5itegalerii - \u0161okolaadipruun - BAUBAUWALL TAPEEDID","description":"Pruun tapeet taimemotiividega. Kordusmustriga tapeet magamistuppa, elutuppa v\u00f5i hoopis tualetti. Tapeedid Sulle, kes hindad kvaliteeti ja iseloomu.","robots":{"index":"index","follow":"follow","max-snippet":"max-snippet:-1","max-image-preview":"max-image-preview:large","max-video-preview":"max-video-preview:-1"},"canonical":"https:\/\/baubauwall.com\/et\/toode\/tapeet-oitegalerii-sokolaadipruun\/","og_locale":"et_EE","og_type":"article","og_title":"BAUBAUWALL TAPEEDID","og_description":"Pruun tapeet taimemotiividega. Kordusmustriga tapeet magamistuppa, elutuppa v\u00f5i hoopis tualetti. Tapeedid Sulle, kes hindad kvaliteeti ja iseloomu.","og_url":"https:\/\/baubauwall.com\/et\/toode\/tapeet-oitegalerii-sokolaadipruun\/","og_site_name":"BAUBAUWALL TAPEEDID","article_publisher":"https:\/\/www.facebook.com\/Baubauwall","article_modified_time":"2025-11-01T19:03:24+00:00","og_image":[{"width":1067,"height":1600,"url":"https:\/\/baubauwall.com\/wp-content\/uploads\/2024\/11\/Foyer_Florals_Brown_wallpaper_room_baubauwall_51100499-4.jpg","type":"image\/jpeg"}],"twitter_card":"summary_large_image","twitter_misc":{"Est. reading time":"1 minut"},"schema":{"@context":"https:\/\/schema.org","@graph":[{"@type":"WebPage","@id":"https:\/\/baubauwall.com\/et\/toode\/tapeet-oitegalerii-sokolaadipruun\/","url":"https:\/\/baubauwall.com\/et\/toode\/tapeet-oitegalerii-sokolaadipruun\/","name":"Pruun tapeet - \u00d5itegalerii - \u0161okolaadipruun - BAUBAUWALL TAPEEDID","isPartOf":{"@id":"https:\/\/baubauwall.com\/et\/#website"},"primaryImageOfPage":{"@id":"https:\/\/baubauwall.com\/et\/toode\/tapeet-oitegalerii-sokolaadipruun\/#primaryimage"},"image":{"@id":"https:\/\/baubauwall.com\/et\/toode\/tapeet-oitegalerii-sokolaadipruun\/#primaryimage"},"thumbnailUrl":"https:\/\/baubauwall.com\/wp-content\/uploads\/2024\/11\/Foyer_Florals_Brown_wallpaper_room_baubauwall_51100499-4.jpg","datePublished":"2025-10-06T06:45:14+00:00","dateModified":"2025-11-01T19:03:24+00:00","description":"Pruun tapeet taimemotiividega. Kordusmustriga tapeet magamistuppa, elutuppa v\u00f5i hoopis tualetti. Tapeedid Sulle, kes hindad kvaliteeti ja iseloomu.","breadcrumb":{"@id":"https:\/\/baubauwall.com\/et\/toode\/tapeet-oitegalerii-sokolaadipruun\/#breadcrumb"},"inLanguage":"et","potentialAction":[{"@type":"ReadAction","target":["https:\/\/baubauwall.com\/et\/toode\/tapeet-oitegalerii-sokolaadipruun\/"]}]},{"@type":"ImageObject","inLanguage":"et","@id":"https:\/\/baubauwall.com\/et\/toode\/tapeet-oitegalerii-sokolaadipruun\/#primaryimage","url":"https:\/\/baubauwall.com\/wp-content\/uploads\/2024\/11\/Foyer_Florals_Brown_wallpaper_room_baubauwall_51100499-4.jpg","contentUrl":"https:\/\/baubauwall.com\/wp-content\/uploads\/2024\/11\/Foyer_Florals_Brown_wallpaper_room_baubauwall_51100499-4.jpg","width":1067,"height":1600,"caption":"Brown floral wallpaper set on a feature wall of a living room, behind on olive green sofa Baubauwall wallpapers"},{"@type":"BreadcrumbList","@id":"https:\/\/baubauwall.com\/et\/toode\/tapeet-oitegalerii-sokolaadipruun\/#breadcrumb","itemListElement":[{"@type":"ListItem","position":1,"name":"Koju","item":"https:\/\/baubauwall.com\/et\/"},{"@type":"ListItem","position":2,"name":"Tapeedid","item":"https:\/\/baubauwall.com\/et\/tapeedid\/"},{"@type":"ListItem","position":3,"name":"\u00d5itegalerii &#8211; \u0161okolaadipruun"}]},{"@type":"WebSite","@id":"https:\/\/baubauwall.com\/et\/#website","url":"https:\/\/baubauwall.com\/et\/","name":"BAUBAUWALL Wallpapers","description":"Valmis paanides tapeet Eestist!","publisher":{"@id":"https:\/\/baubauwall.com\/et\/#organization"},"potentialAction":[{"@type":"SearchAction","target":{"@type":"EntryPoint","urlTemplate":"https:\/\/baubauwall.com\/et\/?s={search_term_string}"},"query-input":{"@type":"PropertyValueSpecification","valueRequired":true,"valueName":"search_term_string"}}],"inLanguage":"et"},{"@type":"Organization","@id":"https:\/\/baubauwall.com\/et\/#organization","name":"BAUBAUWALL Wallpapers","url":"https:\/\/baubauwall.com\/et\/","logo":{"@type":"ImageObject","inLanguage":"et","@id":"https:\/\/baubauwall.com\/et\/#\/schema\/logo\/image\/","url":"https:\/\/baubauwall.com\/wp-content\/uploads\/2022\/03\/logo-horizontal.svg","contentUrl":"https:\/\/baubauwall.com\/wp-content\/uploads\/2022\/03\/logo-horizontal.svg","width":"1024","height":"1024","caption":"BAUBAUWALL Wallpapers"},"image":{"@id":"https:\/\/baubauwall.com\/et\/#\/schema\/logo\/image\/"},"sameAs":["https:\/\/www.facebook.com\/Baubauwall","https:\/\/www.instagram.com\/baubauwall"]}]}},"jetpack_sharing_enabled":true,"_links":{"self":[{"href":"https:\/\/baubauwall.com\/et\/wp-json\/wp\/v2\/product\/44973","targetHints":{"allow":["GET"]}}],"collection":[{"href":"https:\/\/baubauwall.com\/et\/wp-json\/wp\/v2\/product"}],"about":[{"href":"https:\/\/baubauwall.com\/et\/wp-json\/wp\/v2\/types\/product"}],"replies":[{"embeddable":true,"href":"https:\/\/baubauwall.com\/et\/wp-json\/wp\/v2\/comments?post=44973"}],"wp:featuredmedia":[{"embeddable":true,"href":"https:\/\/baubauwall.com\/et\/wp-json\/wp\/v2\/media\/44979"}],"wp:attachment":[{"href":"https:\/\/baubauwall.com\/et\/wp-json\/wp\/v2\/media?parent=44973"}],"wp:term":[{"taxonomy":"product_brand","embeddable":true,"href":"https:\/\/baubauwall.com\/et\/wp-json\/wp\/v2\/product_brand?post=44973"},{"taxonomy":"product_cat","embeddable":true,"href":"https:\/\/baubauwall.com\/et\/wp-json\/wp\/v2\/product_cat?post=44973"},{"taxonomy":"product_tag","embeddable":true,"href":"https:\/\/baubauwall.com\/et\/wp-json\/wp\/v2\/product_tag?post=44973"}],"curies":[{"name":"wp","href":"https:\/\/api.w.org\/{rel}","templated":true}]}}