{"id":44989,"date":"2025-10-06T10:51:26","date_gmt":"2025-10-06T08:51:26","guid":{"rendered":"https:\/\/baubauwall.com\/product\/wallpaper-queens-parterre-teal-petrol\/"},"modified":"2025-11-21T12:37:55","modified_gmt":"2025-11-21T10:37:55","slug":"tapeet-kuninganna-aed-petrooleum","status":"publish","type":"product","link":"https:\/\/baubauwall.com\/et\/toode\/tapeet-kuninganna-aed-petrooleum\/","title":{"rendered":"Kuninganna aed &#8211; petrooleum"},"content":{"rendered":"<p data-start=\"35\" data-end=\"235\">Kui klassika saaks uue hingamise, n\u00e4eks see v\u00e4lja just selline. Kuninganna aed on Morrise stiilis mustriga tapeet, kus lilleornament ja s\u00fcgav petrooleumitoon loovad t\u00f5eliselt m\u00f5juva koosluse. On see sinine v\u00f5i pigem roheline &#8211; l\u00f5putu vaidlus! Igatahes v\u00e4ga efektne v\u00e4rv, millega interj\u00f6\u00f6ri tuua salap\u00e4ra ja s\u00fcgavust.\u00a0Disain on inspireeritud William Morrise kuulsatest k\u00e4sit\u00f6\u00f6mustriga tapeetidest \u2013 tihe, detailne ja kaunilt s\u00fcmmeetriline. Samas on siin midagi t\u00e4nap\u00e4evast: modernsem v\u00e4rvigamma ning puhtam disain.<\/p>\n<p data-start=\"470\" data-end=\"806\">Petrooleumisinine tapeet lisab interj\u00f6\u00f6rile s\u00fcgavust ja elegantsi. See toon sobib suurep\u00e4raselt magamistuppa, elutuppa v\u00f5i s\u00f6\u00f6gituppa, kus soovid luua v\u00e4ljapeetult elegantse meeleolu. Tapeet t\u00f6\u00f6tab h\u00e4sti nii \u00fche aktsentseinana kui ka v\u00e4ikese ruumi mitmel seinal \u2013 eriti koos kuldsete detailide, sametkangaste ja naturaalse puiduga. Kujuta ette &#8211; tualettruum, magamistoa \u00fcks sein voodi taga v\u00f5i s\u00f6\u00f6gitoa nurk? Tundub hea idee, kas pole?<\/p>\n<p data-start=\"392\" data-end=\"595\">Kollektsiooni autor on disainer\u00a0<strong><a href=\"https:\/\/lemontxt.design\/\">Monika Lechner.<\/a><\/strong>Tema armastus ajalooliste detailide ja tapeedimustrite vastu ongi vormitud<strong>\u00a0<\/strong><a href=\"https:\/\/baubauwall.com\/et\/tootekategooria\/tapeedi-kollektsioonid\/ajatu-klassika\/\" target=\"_blank\" rel=\"noopener\"><strong>Ajatu klassika<\/strong>\u00a0tapeedikollektsiooni.<\/a>\u00a0Need tapeedid on loodud Sulle, kes hindad kvaliteeti, lugusid ja v\u00e4ikseid detaile, mis teevad kodust kodu.<\/p>\n<p><strong>Miks see tapeet v\u00f5iks Sulle meeldida?<\/strong><\/p>\n<ul>\n<li>Morrise stiilis, kaasaegselt julges v\u00e4rvitoonis<\/li>\n<li>Eesti ettev\u00f5te<\/li>\n<li>Tr\u00fckime tapeedi t\u00e4pselt Sinu seina m\u00f5\u00f5dus<\/li>\n<li>Premium, matt fliistapeedi materjal, 100% taaskasutatud kiust<\/li>\n<li>M\u00fcrgivabad tr\u00fckiv\u00e4rvid,\u00a0<em>Greenguard<\/em>\u00a0sertifitseeritud<\/li>\n<li>Keskkonnas\u00f5bralik, j\u00e4\u00e4tmevaba tapeetimine<\/li>\n<li>Kaasa tasuta tapeediliim<\/li>\n<li>Tasuta transport ja kiire tarne 5 t\u00f6\u00f6p\u00e4evaga<\/li>\n<\/ul>\n<p>Vaata ka tehtud t\u00f6\u00f6de tapeedigaleriid <a href=\"https:\/\/baubauwall.com\/et\/ideed\/let-the-homes-do-the-talking\/\">siit!<\/a><\/p>\n","protected":false},"excerpt":{"rendered":"<p>Kui klassika saaks uue hingamise, n\u00e4eks see v\u00e4lja just selline. Kuninganna aed on Morrise stiilis mustriga tapeet, kus lilleornament ja s\u00fcgav petrooleumitoon loovad t\u00f5eliselt m\u00f5juva koosluse. On see sinine v\u00f5i pigem roheline &#8211; l\u00f5putu vaidlus! Igatahes v\u00e4ga efektne v\u00e4rv, millega interj\u00f6\u00f6ri tuua salap\u00e4ra ja s\u00fcgavust.\u00a0Disain on inspireeritud William Morrise kuulsatest k\u00e4sit\u00f6\u00f6mustriga tapeetidest \u2013 tihe, detailne [&hellip;]<\/p>\n","protected":false},"featured_media":44822,"comment_status":"open","ping_status":"closed","template":"","meta":{"_acf_changed":false,"inline_featured_image":false},"product_brand":[],"product_cat":[818,386,622,406,447,394,388,270,277,752,414,415,416,402,699,254,256,257],"product_tag":[824],"class_list":{"0":"post-44989","1":"product","2":"type-product","3":"status-publish","4":"has-post-thumbnail","6":"product_cat-ajatu-klassika","7":"product_cat-kordusmustriga-tapeedid","8":"product_cat-julged-tapeedid","9":"product_cat-klassika","10":"product_cat-maksimalistlik-et","11":"product_cat-rikkalik","12":"product_cat-vintage-et","13":"product_cat-tumedad-tapeedid","14":"product_cat-petrool-sinised-tapeedid","15":"product_cat-avalik-ruum","16":"product_cat-soogitoa-tapeedid","17":"product_cat-kulalistetoa-tapeedid","18":"product_cat-esiku-tapeedid","19":"product_cat-elutoa-tapeedid","20":"product_cat-eesti-disain-tapeedid","21":"product_cat-loodus","22":"product_cat-marjad","23":"product_cat-linnud","24":"product_tag-ajatu-klassika","26":"first","27":"instock","28":"taxable","29":"shipping-taxable","30":"purchasable","31":"product-type-simple"},"acf":[],"yoast_head":"<!-- This site is optimized with the Yoast SEO plugin v25.9 - https:\/\/yoast.com\/wordpress\/plugins\/seo\/ -->\n<title>Morrise muster tapeet - Kuninganna aed - petrooleum - BAUBAUWALL TAPEEDID<\/title>\n<meta name=\"description\" content=\"Morrise muster tapeedil, mis on kui muinasjutt. Petrol toon on lihtsalt \u00e4ge! Lisa detailne ja imeilus taimemuster marjade ja lilledega ning tulemus on vau!\" \/>\n<meta name=\"robots\" content=\"index, follow, max-snippet:-1, max-image-preview:large, max-video-preview:-1\" \/>\n<link rel=\"canonical\" href=\"https:\/\/baubauwall.com\/et\/toode\/tapeet-kuninganna-aed-petrooleum\/\" \/>\n<meta property=\"og:locale\" content=\"et_EE\" \/>\n<meta property=\"og:type\" content=\"article\" \/>\n<meta property=\"og:title\" content=\"Kuninganna aed - petrooleum\" \/>\n<meta property=\"og:description\" content=\"As the \u201chero\u201d of the Heritage Salon collection, Queen\u2019s Parterre is wallpaper for those who want more than just background. It\u2019s teal vintage wallpaper that doesn\u2019t whisper; it speaks with confidence, elegance, and a touch of theatrical flair.\" \/>\n<meta property=\"og:url\" content=\"https:\/\/baubauwall.com\/et\/toode\/tapeet-kuninganna-aed-petrooleum\/\" \/>\n<meta property=\"og:site_name\" content=\"BAUBAUWALL TAPEEDID\" \/>\n<meta property=\"article:publisher\" content=\"https:\/\/www.facebook.com\/Baubauwall\" \/>\n<meta property=\"article:modified_time\" content=\"2025-11-21T10:37:55+00:00\" \/>\n<meta property=\"og:image\" content=\"https:\/\/baubauwall.com\/wp-content\/uploads\/2025\/09\/Queens_Parterre_Teal_Wallpaper_room_Baubauwall_51100501-1.jpg\" \/>\n\t<meta property=\"og:image:width\" content=\"1060\" \/>\n\t<meta property=\"og:image:height\" content=\"1600\" \/>\n\t<meta property=\"og:image:type\" content=\"image\/jpeg\" \/>\n<meta name=\"twitter:card\" content=\"summary_large_image\" \/>\n<meta name=\"twitter:label1\" content=\"Est. reading time\" \/>\n\t<meta name=\"twitter:data1\" content=\"2 minutit\" \/>\n<script type=\"application\/ld+json\" class=\"yoast-schema-graph\">{\"@context\":\"https:\/\/schema.org\",\"@graph\":[{\"@type\":\"WebPage\",\"@id\":\"https:\/\/baubauwall.com\/et\/toode\/tapeet-kuninganna-aed-petrooleum\/\",\"url\":\"https:\/\/baubauwall.com\/et\/toode\/tapeet-kuninganna-aed-petrooleum\/\",\"name\":\"Morrise muster tapeet - Kuninganna aed - petrooleum - BAUBAUWALL TAPEEDID\",\"isPartOf\":{\"@id\":\"https:\/\/baubauwall.com\/et\/#website\"},\"primaryImageOfPage\":{\"@id\":\"https:\/\/baubauwall.com\/et\/toode\/tapeet-kuninganna-aed-petrooleum\/#primaryimage\"},\"image\":{\"@id\":\"https:\/\/baubauwall.com\/et\/toode\/tapeet-kuninganna-aed-petrooleum\/#primaryimage\"},\"thumbnailUrl\":\"https:\/\/baubauwall.com\/wp-content\/uploads\/2025\/09\/Queens_Parterre_Teal_Wallpaper_room_Baubauwall_51100501-4.jpg\",\"datePublished\":\"2025-10-06T08:51:26+00:00\",\"dateModified\":\"2025-11-21T10:37:55+00:00\",\"description\":\"Morrise muster tapeedil, mis on kui muinasjutt. Petrol toon on lihtsalt \u00e4ge! Lisa detailne ja imeilus taimemuster marjade ja lilledega ning tulemus on vau!\",\"breadcrumb\":{\"@id\":\"https:\/\/baubauwall.com\/et\/toode\/tapeet-kuninganna-aed-petrooleum\/#breadcrumb\"},\"inLanguage\":\"et\",\"potentialAction\":[{\"@type\":\"ReadAction\",\"target\":[\"https:\/\/baubauwall.com\/et\/toode\/tapeet-kuninganna-aed-petrooleum\/\"]}]},{\"@type\":\"ImageObject\",\"inLanguage\":\"et\",\"@id\":\"https:\/\/baubauwall.com\/et\/toode\/tapeet-kuninganna-aed-petrooleum\/#primaryimage\",\"url\":\"https:\/\/baubauwall.com\/wp-content\/uploads\/2025\/09\/Queens_Parterre_Teal_Wallpaper_room_Baubauwall_51100501-4.jpg\",\"contentUrl\":\"https:\/\/baubauwall.com\/wp-content\/uploads\/2025\/09\/Queens_Parterre_Teal_Wallpaper_room_Baubauwall_51100501-4.jpg\",\"width\":1067,\"height\":1600,\"caption\":\"Petrol color pattern wallpaper on a bedroom wall\"},{\"@type\":\"BreadcrumbList\",\"@id\":\"https:\/\/baubauwall.com\/et\/toode\/tapeet-kuninganna-aed-petrooleum\/#breadcrumb\",\"itemListElement\":[{\"@type\":\"ListItem\",\"position\":1,\"name\":\"Koju\",\"item\":\"https:\/\/baubauwall.com\/et\/\"},{\"@type\":\"ListItem\",\"position\":2,\"name\":\"Tapeedid\",\"item\":\"https:\/\/baubauwall.com\/et\/tapeedid\/\"},{\"@type\":\"ListItem\",\"position\":3,\"name\":\"Kuninganna aed &#8211; petrooleum\"}]},{\"@type\":\"WebSite\",\"@id\":\"https:\/\/baubauwall.com\/et\/#website\",\"url\":\"https:\/\/baubauwall.com\/et\/\",\"name\":\"BAUBAUWALL Wallpapers\",\"description\":\"Valmis paanides tapeet Eestist!\",\"publisher\":{\"@id\":\"https:\/\/baubauwall.com\/et\/#organization\"},\"potentialAction\":[{\"@type\":\"SearchAction\",\"target\":{\"@type\":\"EntryPoint\",\"urlTemplate\":\"https:\/\/baubauwall.com\/et\/?s={search_term_string}\"},\"query-input\":{\"@type\":\"PropertyValueSpecification\",\"valueRequired\":true,\"valueName\":\"search_term_string\"}}],\"inLanguage\":\"et\"},{\"@type\":\"Organization\",\"@id\":\"https:\/\/baubauwall.com\/et\/#organization\",\"name\":\"BAUBAUWALL Wallpapers\",\"url\":\"https:\/\/baubauwall.com\/et\/\",\"logo\":{\"@type\":\"ImageObject\",\"inLanguage\":\"et\",\"@id\":\"https:\/\/baubauwall.com\/et\/#\/schema\/logo\/image\/\",\"url\":\"https:\/\/baubauwall.com\/wp-content\/uploads\/2022\/03\/logo-horizontal.svg\",\"contentUrl\":\"https:\/\/baubauwall.com\/wp-content\/uploads\/2022\/03\/logo-horizontal.svg\",\"width\":\"1024\",\"height\":\"1024\",\"caption\":\"BAUBAUWALL Wallpapers\"},\"image\":{\"@id\":\"https:\/\/baubauwall.com\/et\/#\/schema\/logo\/image\/\"},\"sameAs\":[\"https:\/\/www.facebook.com\/Baubauwall\",\"https:\/\/www.instagram.com\/baubauwall\"]}]}<\/script>\n<!-- \/ Yoast SEO plugin. -->","yoast_head_json":{"title":"Morrise muster tapeet - Kuninganna aed - petrooleum - BAUBAUWALL TAPEEDID","description":"Morrise muster tapeedil, mis on kui muinasjutt. Petrol toon on lihtsalt \u00e4ge! Lisa detailne ja imeilus taimemuster marjade ja lilledega ning tulemus on vau!","robots":{"index":"index","follow":"follow","max-snippet":"max-snippet:-1","max-image-preview":"max-image-preview:large","max-video-preview":"max-video-preview:-1"},"canonical":"https:\/\/baubauwall.com\/et\/toode\/tapeet-kuninganna-aed-petrooleum\/","og_locale":"et_EE","og_type":"article","og_title":"Kuninganna aed - petrooleum","og_description":"As the \u201chero\u201d of the Heritage Salon collection, Queen\u2019s Parterre is wallpaper for those who want more than just background. It\u2019s teal vintage wallpaper that doesn\u2019t whisper; it speaks with confidence, elegance, and a touch of theatrical flair.","og_url":"https:\/\/baubauwall.com\/et\/toode\/tapeet-kuninganna-aed-petrooleum\/","og_site_name":"BAUBAUWALL TAPEEDID","article_publisher":"https:\/\/www.facebook.com\/Baubauwall","article_modified_time":"2025-11-21T10:37:55+00:00","og_image":[{"width":1060,"height":1600,"url":"https:\/\/baubauwall.com\/wp-content\/uploads\/2025\/09\/Queens_Parterre_Teal_Wallpaper_room_Baubauwall_51100501-1.jpg","type":"image\/jpeg"}],"twitter_card":"summary_large_image","twitter_misc":{"Est. reading time":"2 minutit"},"schema":{"@context":"https:\/\/schema.org","@graph":[{"@type":"WebPage","@id":"https:\/\/baubauwall.com\/et\/toode\/tapeet-kuninganna-aed-petrooleum\/","url":"https:\/\/baubauwall.com\/et\/toode\/tapeet-kuninganna-aed-petrooleum\/","name":"Morrise muster tapeet - Kuninganna aed - petrooleum - BAUBAUWALL TAPEEDID","isPartOf":{"@id":"https:\/\/baubauwall.com\/et\/#website"},"primaryImageOfPage":{"@id":"https:\/\/baubauwall.com\/et\/toode\/tapeet-kuninganna-aed-petrooleum\/#primaryimage"},"image":{"@id":"https:\/\/baubauwall.com\/et\/toode\/tapeet-kuninganna-aed-petrooleum\/#primaryimage"},"thumbnailUrl":"https:\/\/baubauwall.com\/wp-content\/uploads\/2025\/09\/Queens_Parterre_Teal_Wallpaper_room_Baubauwall_51100501-4.jpg","datePublished":"2025-10-06T08:51:26+00:00","dateModified":"2025-11-21T10:37:55+00:00","description":"Morrise muster tapeedil, mis on kui muinasjutt. Petrol toon on lihtsalt \u00e4ge! Lisa detailne ja imeilus taimemuster marjade ja lilledega ning tulemus on vau!","breadcrumb":{"@id":"https:\/\/baubauwall.com\/et\/toode\/tapeet-kuninganna-aed-petrooleum\/#breadcrumb"},"inLanguage":"et","potentialAction":[{"@type":"ReadAction","target":["https:\/\/baubauwall.com\/et\/toode\/tapeet-kuninganna-aed-petrooleum\/"]}]},{"@type":"ImageObject","inLanguage":"et","@id":"https:\/\/baubauwall.com\/et\/toode\/tapeet-kuninganna-aed-petrooleum\/#primaryimage","url":"https:\/\/baubauwall.com\/wp-content\/uploads\/2025\/09\/Queens_Parterre_Teal_Wallpaper_room_Baubauwall_51100501-4.jpg","contentUrl":"https:\/\/baubauwall.com\/wp-content\/uploads\/2025\/09\/Queens_Parterre_Teal_Wallpaper_room_Baubauwall_51100501-4.jpg","width":1067,"height":1600,"caption":"Petrol color pattern wallpaper on a bedroom wall"},{"@type":"BreadcrumbList","@id":"https:\/\/baubauwall.com\/et\/toode\/tapeet-kuninganna-aed-petrooleum\/#breadcrumb","itemListElement":[{"@type":"ListItem","position":1,"name":"Koju","item":"https:\/\/baubauwall.com\/et\/"},{"@type":"ListItem","position":2,"name":"Tapeedid","item":"https:\/\/baubauwall.com\/et\/tapeedid\/"},{"@type":"ListItem","position":3,"name":"Kuninganna aed &#8211; petrooleum"}]},{"@type":"WebSite","@id":"https:\/\/baubauwall.com\/et\/#website","url":"https:\/\/baubauwall.com\/et\/","name":"BAUBAUWALL Wallpapers","description":"Valmis paanides tapeet Eestist!","publisher":{"@id":"https:\/\/baubauwall.com\/et\/#organization"},"potentialAction":[{"@type":"SearchAction","target":{"@type":"EntryPoint","urlTemplate":"https:\/\/baubauwall.com\/et\/?s={search_term_string}"},"query-input":{"@type":"PropertyValueSpecification","valueRequired":true,"valueName":"search_term_string"}}],"inLanguage":"et"},{"@type":"Organization","@id":"https:\/\/baubauwall.com\/et\/#organization","name":"BAUBAUWALL Wallpapers","url":"https:\/\/baubauwall.com\/et\/","logo":{"@type":"ImageObject","inLanguage":"et","@id":"https:\/\/baubauwall.com\/et\/#\/schema\/logo\/image\/","url":"https:\/\/baubauwall.com\/wp-content\/uploads\/2022\/03\/logo-horizontal.svg","contentUrl":"https:\/\/baubauwall.com\/wp-content\/uploads\/2022\/03\/logo-horizontal.svg","width":"1024","height":"1024","caption":"BAUBAUWALL Wallpapers"},"image":{"@id":"https:\/\/baubauwall.com\/et\/#\/schema\/logo\/image\/"},"sameAs":["https:\/\/www.facebook.com\/Baubauwall","https:\/\/www.instagram.com\/baubauwall"]}]}},"jetpack_sharing_enabled":true,"_links":{"self":[{"href":"https:\/\/baubauwall.com\/et\/wp-json\/wp\/v2\/product\/44989","targetHints":{"allow":["GET"]}}],"collection":[{"href":"https:\/\/baubauwall.com\/et\/wp-json\/wp\/v2\/product"}],"about":[{"href":"https:\/\/baubauwall.com\/et\/wp-json\/wp\/v2\/types\/product"}],"replies":[{"embeddable":true,"href":"https:\/\/baubauwall.com\/et\/wp-json\/wp\/v2\/comments?post=44989"}],"wp:featuredmedia":[{"embeddable":true,"href":"https:\/\/baubauwall.com\/et\/wp-json\/wp\/v2\/media\/44822"}],"wp:attachment":[{"href":"https:\/\/baubauwall.com\/et\/wp-json\/wp\/v2\/media?parent=44989"}],"wp:term":[{"taxonomy":"product_brand","embeddable":true,"href":"https:\/\/baubauwall.com\/et\/wp-json\/wp\/v2\/product_brand?post=44989"},{"taxonomy":"product_cat","embeddable":true,"href":"https:\/\/baubauwall.com\/et\/wp-json\/wp\/v2\/product_cat?post=44989"},{"taxonomy":"product_tag","embeddable":true,"href":"https:\/\/baubauwall.com\/et\/wp-json\/wp\/v2\/product_tag?post=44989"}],"curies":[{"name":"wp","href":"https:\/\/api.w.org\/{rel}","templated":true}]}}