{"id":44998,"date":"2025-10-06T10:52:43","date_gmt":"2025-10-06T08:52:43","guid":{"rendered":"https:\/\/baubauwall.com\/product\/wallpaper-queens-parterre-beige\/"},"modified":"2025-10-07T14:32:31","modified_gmt":"2025-10-07T12:32:31","slug":"tapeet-kuninganna-aed-beez","status":"publish","type":"product","link":"https:\/\/baubauwall.com\/et\/toode\/tapeet-kuninganna-aed-beez\/","title":{"rendered":"Kuninganna aed &#8211; bee\u017e"},"content":{"rendered":"<p data-start=\"29\" data-end=\"281\">See on tapeet Sulle, kes armastad klassikat ning traditsioonilisi tapeedimustreid! Kuninganna aed on Morrise stiilis tapeet, mis toob seinale briti k\u00e4sit\u00f6\u00f6traditsiooni ilu \u2013 rikkalik lilleornament, pehmed bee\u017eid toonid ja tasakaalus s\u00fcmmeetria. Mustri juured on inglise disainiajaloos \u2013 William Morrise (1834 &#8211; 1896) ajast p\u00e4rit taimemotiivid, mis on ajahambale vastu pidanud. Meie mustris on need t\u00f5lgitud t\u00e4nasesse p\u00e4eva: v\u00e4hem raskust, rohkem valgust ja \u00f5hku.<\/p>\n<p data-start=\"491\" data-end=\"828\">Bee\u017e toon loob ruumi, kus on lihtne puhata ja hingata. Tapeet sobib ideaalselt magamistuppa, elutuppa v\u00f5i s\u00f6\u00f6gituppa, kus soovid luua hubase ja samas v\u00e4\u00e4rika meeleolu. Kombineeri naturaalse puidu, linasest kangaste ja vanutatud messingdetailidega \u2013\u00a0 tulemuseks on ajatu, rahulik interj\u00f6\u00f6r, mis ei l\u00e4he kunagi moest.<\/p>\n<p data-start=\"392\" data-end=\"595\"><strong>Tapeedi autor on disainer <a href=\"https:\/\/lemontxt.design\/\">Monika Lechner.<\/a>Tema armastus ajalooliste detailide ja tapeedimustrite vastu ongi vormitud\u00a0<a href=\"https:\/\/baubauwall.com\/et\/tootekategooria\/tapeedi-kollektsioonid\/ajatu-klassika\/\" target=\"_blank\" rel=\"noopener\">Ajatu klassika tapeedikollektsiooni.<\/a>\u00a0Need tapeedid on loodud Sulle, kes hindad kvaliteeti, lugusid ja v\u00e4ikseid detaile, mis teevad kodust kodu.<\/strong><\/p>\n<p><strong>Miks see tapeet v\u00f5iks Sulle meeldida?<\/strong><\/p>\n<ul>\n<li>Romantiline tapeet Morrise stiilis<\/li>\n<li>Eesti ettev\u00f5te<\/li>\n<li>Tr\u00fckime tapeedi t\u00e4pselt Sinu seina m\u00f5\u00f5dus<\/li>\n<li>Premium, matt fliistapeedi materjal, 100% taaskasutatud kiust<\/li>\n<li>M\u00fcrgivabad tr\u00fckiv\u00e4rvid,\u00a0<em>Greenguard<\/em>\u00a0sertifitseeritud<\/li>\n<li>Keskkonnas\u00f5bralik, j\u00e4\u00e4tmevaba tapeetimine<\/li>\n<li>Kaasa tasuta tapeediliim<\/li>\n<li>Tasuta transport ja kiire tarne 5 t\u00f6\u00f6p\u00e4evaga<\/li>\n<\/ul>\n<p>Loe l\u00e4hemalt nutikatest, eritellimust\u00f6\u00f6na valmivatest tapeetidest\u00a0<a href=\"https:\/\/baubauwall.com\/et\/keskkonnasobralikud-tapeedid\/\">siit.<\/a><\/p>\n","protected":false},"excerpt":{"rendered":"<p>See on tapeet Sulle, kes armastad klassikat ning traditsioonilisi tapeedimustreid! Kuninganna aed on Morrise stiilis tapeet, mis toob seinale briti k\u00e4sit\u00f6\u00f6traditsiooni ilu \u2013 rikkalik lilleornament, pehmed bee\u017eid toonid ja tasakaalus s\u00fcmmeetria. Mustri juured on inglise disainiajaloos \u2013 William Morrise (1834 &#8211; 1896) ajast p\u00e4rit taimemotiivid, mis on ajahambale vastu pidanud. Meie mustris on need t\u00f5lgitud [&hellip;]<\/p>\n","protected":false},"featured_media":45005,"comment_status":"open","ping_status":"closed","template":"","meta":{"_acf_changed":false,"inline_featured_image":false},"product_brand":[],"product_cat":[818,386,406,405,388,265,273,752,413,414,415,416,402,699,256,260],"product_tag":[824,298],"class_list":{"0":"post-44998","1":"product","2":"type-product","3":"status-publish","4":"has-post-thumbnail","6":"product_cat-ajatu-klassika","7":"product_cat-kordusmustriga-tapeedid","8":"product_cat-klassika","9":"product_cat-art-deco","10":"product_cat-vintage-et","11":"product_cat-beezid-tapeedid","12":"product_cat-heledad-tapeedid","13":"product_cat-avalik-ruum","14":"product_cat-magamistoa-tapeedid","15":"product_cat-soogitoa-tapeedid","16":"product_cat-kulalistetoa-tapeedid","17":"product_cat-esiku-tapeedid","18":"product_cat-elutoa-tapeedid","19":"product_cat-eesti-disain-tapeedid","20":"product_cat-marjad","21":"product_cat-lilled","22":"product_tag-ajatu-klassika","23":"product_tag-botaaniline","25":"first","26":"instock","27":"taxable","28":"shipping-taxable","29":"purchasable","30":"product-type-simple"},"acf":[],"yoast_head":"<!-- This site is optimized with the Yoast SEO plugin v25.9 - https:\/\/yoast.com\/wordpress\/plugins\/seo\/ -->\n<title>Morrise stiilis tapeet - Kuninganna aed. Baubauwall tapeedid<\/title>\n<meta name=\"description\" content=\"Morrise stiilis tapeet, mis toob seinale briti k\u00e4sit\u00f6\u00f6traditsioonid. Imeilus muster lillede ja taimedega. Sobita see tapeet magamistuppa v\u00f5i mujale.\" \/>\n<meta name=\"robots\" content=\"index, follow, max-snippet:-1, max-image-preview:large, max-video-preview:-1\" \/>\n<link rel=\"canonical\" href=\"https:\/\/baubauwall.com\/et\/toode\/tapeet-kuninganna-aed-beez\/\" \/>\n<meta property=\"og:locale\" content=\"et_EE\" \/>\n<meta property=\"og:type\" content=\"article\" \/>\n<meta property=\"og:title\" content=\"Kuninganna aed - bee\u017e\" \/>\n<meta property=\"og:description\" content=\"Morrise stiilis tapeet, mis toob seinale briti k\u00e4sit\u00f6\u00f6traditsioonid. Imeilus muster lillede ja taimedega. Sobita see tapeet magamistuppa v\u00f5i mujale.\" \/>\n<meta property=\"og:url\" content=\"https:\/\/baubauwall.com\/et\/toode\/tapeet-kuninganna-aed-beez\/\" \/>\n<meta property=\"og:site_name\" content=\"BAUBAUWALL TAPEEDID\" \/>\n<meta property=\"article:publisher\" content=\"https:\/\/www.facebook.com\/Baubauwall\" \/>\n<meta property=\"article:modified_time\" content=\"2025-10-07T12:32:31+00:00\" \/>\n<meta property=\"og:image\" content=\"https:\/\/baubauwall.com\/wp-content\/uploads\/2025\/10\/Queens_Parterre_Beige_wallpaperr_Baubauwall_51100502-3.jpg\" \/>\n\t<meta property=\"og:image:width\" content=\"1017\" \/>\n\t<meta property=\"og:image:height\" content=\"1600\" \/>\n\t<meta property=\"og:image:type\" content=\"image\/jpeg\" \/>\n<meta name=\"twitter:card\" content=\"summary_large_image\" \/>\n<meta name=\"twitter:label1\" content=\"Est. reading time\" \/>\n\t<meta name=\"twitter:data1\" content=\"2 minutit\" \/>\n<script type=\"application\/ld+json\" class=\"yoast-schema-graph\">{\"@context\":\"https:\/\/schema.org\",\"@graph\":[{\"@type\":\"WebPage\",\"@id\":\"https:\/\/baubauwall.com\/et\/toode\/tapeet-kuninganna-aed-beez\/\",\"url\":\"https:\/\/baubauwall.com\/et\/toode\/tapeet-kuninganna-aed-beez\/\",\"name\":\"Morrise stiilis tapeet - Kuninganna aed. Baubauwall tapeedid\",\"isPartOf\":{\"@id\":\"https:\/\/baubauwall.com\/et\/#website\"},\"primaryImageOfPage\":{\"@id\":\"https:\/\/baubauwall.com\/et\/toode\/tapeet-kuninganna-aed-beez\/#primaryimage\"},\"image\":{\"@id\":\"https:\/\/baubauwall.com\/et\/toode\/tapeet-kuninganna-aed-beez\/#primaryimage\"},\"thumbnailUrl\":\"https:\/\/baubauwall.com\/wp-content\/uploads\/2025\/10\/Preview_QueensParterreBEige_Bauabauwall_Wallpapers_51100502.j.jpg\",\"datePublished\":\"2025-10-06T08:52:43+00:00\",\"dateModified\":\"2025-10-07T12:32:31+00:00\",\"description\":\"Morrise stiilis tapeet, mis toob seinale briti k\u00e4sit\u00f6\u00f6traditsioonid. Imeilus muster lillede ja taimedega. Sobita see tapeet magamistuppa v\u00f5i mujale.\",\"breadcrumb\":{\"@id\":\"https:\/\/baubauwall.com\/et\/toode\/tapeet-kuninganna-aed-beez\/#breadcrumb\"},\"inLanguage\":\"et\",\"potentialAction\":[{\"@type\":\"ReadAction\",\"target\":[\"https:\/\/baubauwall.com\/et\/toode\/tapeet-kuninganna-aed-beez\/\"]}]},{\"@type\":\"ImageObject\",\"inLanguage\":\"et\",\"@id\":\"https:\/\/baubauwall.com\/et\/toode\/tapeet-kuninganna-aed-beez\/#primaryimage\",\"url\":\"https:\/\/baubauwall.com\/wp-content\/uploads\/2025\/10\/Preview_QueensParterreBEige_Bauabauwall_Wallpapers_51100502.j.jpg\",\"contentUrl\":\"https:\/\/baubauwall.com\/wp-content\/uploads\/2025\/10\/Preview_QueensParterreBEige_Bauabauwall_Wallpapers_51100502.j.jpg\",\"width\":800,\"height\":800,\"caption\":\"Traditional style beige heritage wallpaper for living room by Baubauwall Wallpapers.\"},{\"@type\":\"BreadcrumbList\",\"@id\":\"https:\/\/baubauwall.com\/et\/toode\/tapeet-kuninganna-aed-beez\/#breadcrumb\",\"itemListElement\":[{\"@type\":\"ListItem\",\"position\":1,\"name\":\"Koju\",\"item\":\"https:\/\/baubauwall.com\/et\/\"},{\"@type\":\"ListItem\",\"position\":2,\"name\":\"Tapeedid\",\"item\":\"https:\/\/baubauwall.com\/et\/tapeedid\/\"},{\"@type\":\"ListItem\",\"position\":3,\"name\":\"Kuninganna aed &#8211; bee\u017e\"}]},{\"@type\":\"WebSite\",\"@id\":\"https:\/\/baubauwall.com\/et\/#website\",\"url\":\"https:\/\/baubauwall.com\/et\/\",\"name\":\"BAUBAUWALL Wallpapers\",\"description\":\"Valmis paanides tapeet Eestist!\",\"publisher\":{\"@id\":\"https:\/\/baubauwall.com\/et\/#organization\"},\"potentialAction\":[{\"@type\":\"SearchAction\",\"target\":{\"@type\":\"EntryPoint\",\"urlTemplate\":\"https:\/\/baubauwall.com\/et\/?s={search_term_string}\"},\"query-input\":{\"@type\":\"PropertyValueSpecification\",\"valueRequired\":true,\"valueName\":\"search_term_string\"}}],\"inLanguage\":\"et\"},{\"@type\":\"Organization\",\"@id\":\"https:\/\/baubauwall.com\/et\/#organization\",\"name\":\"BAUBAUWALL Wallpapers\",\"url\":\"https:\/\/baubauwall.com\/et\/\",\"logo\":{\"@type\":\"ImageObject\",\"inLanguage\":\"et\",\"@id\":\"https:\/\/baubauwall.com\/et\/#\/schema\/logo\/image\/\",\"url\":\"https:\/\/baubauwall.com\/wp-content\/uploads\/2022\/03\/logo-horizontal.svg\",\"contentUrl\":\"https:\/\/baubauwall.com\/wp-content\/uploads\/2022\/03\/logo-horizontal.svg\",\"width\":\"1024\",\"height\":\"1024\",\"caption\":\"BAUBAUWALL Wallpapers\"},\"image\":{\"@id\":\"https:\/\/baubauwall.com\/et\/#\/schema\/logo\/image\/\"},\"sameAs\":[\"https:\/\/www.facebook.com\/Baubauwall\",\"https:\/\/www.instagram.com\/baubauwall\"]}]}<\/script>\n<!-- \/ Yoast SEO plugin. -->","yoast_head_json":{"title":"Morrise stiilis tapeet - Kuninganna aed. Baubauwall tapeedid","description":"Morrise stiilis tapeet, mis toob seinale briti k\u00e4sit\u00f6\u00f6traditsioonid. Imeilus muster lillede ja taimedega. Sobita see tapeet magamistuppa v\u00f5i mujale.","robots":{"index":"index","follow":"follow","max-snippet":"max-snippet:-1","max-image-preview":"max-image-preview:large","max-video-preview":"max-video-preview:-1"},"canonical":"https:\/\/baubauwall.com\/et\/toode\/tapeet-kuninganna-aed-beez\/","og_locale":"et_EE","og_type":"article","og_title":"Kuninganna aed - bee\u017e","og_description":"Morrise stiilis tapeet, mis toob seinale briti k\u00e4sit\u00f6\u00f6traditsioonid. Imeilus muster lillede ja taimedega. Sobita see tapeet magamistuppa v\u00f5i mujale.","og_url":"https:\/\/baubauwall.com\/et\/toode\/tapeet-kuninganna-aed-beez\/","og_site_name":"BAUBAUWALL TAPEEDID","article_publisher":"https:\/\/www.facebook.com\/Baubauwall","article_modified_time":"2025-10-07T12:32:31+00:00","og_image":[{"width":1017,"height":1600,"url":"https:\/\/baubauwall.com\/wp-content\/uploads\/2025\/10\/Queens_Parterre_Beige_wallpaperr_Baubauwall_51100502-3.jpg","type":"image\/jpeg"}],"twitter_card":"summary_large_image","twitter_misc":{"Est. reading time":"2 minutit"},"schema":{"@context":"https:\/\/schema.org","@graph":[{"@type":"WebPage","@id":"https:\/\/baubauwall.com\/et\/toode\/tapeet-kuninganna-aed-beez\/","url":"https:\/\/baubauwall.com\/et\/toode\/tapeet-kuninganna-aed-beez\/","name":"Morrise stiilis tapeet - Kuninganna aed. Baubauwall tapeedid","isPartOf":{"@id":"https:\/\/baubauwall.com\/et\/#website"},"primaryImageOfPage":{"@id":"https:\/\/baubauwall.com\/et\/toode\/tapeet-kuninganna-aed-beez\/#primaryimage"},"image":{"@id":"https:\/\/baubauwall.com\/et\/toode\/tapeet-kuninganna-aed-beez\/#primaryimage"},"thumbnailUrl":"https:\/\/baubauwall.com\/wp-content\/uploads\/2025\/10\/Preview_QueensParterreBEige_Bauabauwall_Wallpapers_51100502.j.jpg","datePublished":"2025-10-06T08:52:43+00:00","dateModified":"2025-10-07T12:32:31+00:00","description":"Morrise stiilis tapeet, mis toob seinale briti k\u00e4sit\u00f6\u00f6traditsioonid. Imeilus muster lillede ja taimedega. Sobita see tapeet magamistuppa v\u00f5i mujale.","breadcrumb":{"@id":"https:\/\/baubauwall.com\/et\/toode\/tapeet-kuninganna-aed-beez\/#breadcrumb"},"inLanguage":"et","potentialAction":[{"@type":"ReadAction","target":["https:\/\/baubauwall.com\/et\/toode\/tapeet-kuninganna-aed-beez\/"]}]},{"@type":"ImageObject","inLanguage":"et","@id":"https:\/\/baubauwall.com\/et\/toode\/tapeet-kuninganna-aed-beez\/#primaryimage","url":"https:\/\/baubauwall.com\/wp-content\/uploads\/2025\/10\/Preview_QueensParterreBEige_Bauabauwall_Wallpapers_51100502.j.jpg","contentUrl":"https:\/\/baubauwall.com\/wp-content\/uploads\/2025\/10\/Preview_QueensParterreBEige_Bauabauwall_Wallpapers_51100502.j.jpg","width":800,"height":800,"caption":"Traditional style beige heritage wallpaper for living room by Baubauwall Wallpapers."},{"@type":"BreadcrumbList","@id":"https:\/\/baubauwall.com\/et\/toode\/tapeet-kuninganna-aed-beez\/#breadcrumb","itemListElement":[{"@type":"ListItem","position":1,"name":"Koju","item":"https:\/\/baubauwall.com\/et\/"},{"@type":"ListItem","position":2,"name":"Tapeedid","item":"https:\/\/baubauwall.com\/et\/tapeedid\/"},{"@type":"ListItem","position":3,"name":"Kuninganna aed &#8211; bee\u017e"}]},{"@type":"WebSite","@id":"https:\/\/baubauwall.com\/et\/#website","url":"https:\/\/baubauwall.com\/et\/","name":"BAUBAUWALL Wallpapers","description":"Valmis paanides tapeet Eestist!","publisher":{"@id":"https:\/\/baubauwall.com\/et\/#organization"},"potentialAction":[{"@type":"SearchAction","target":{"@type":"EntryPoint","urlTemplate":"https:\/\/baubauwall.com\/et\/?s={search_term_string}"},"query-input":{"@type":"PropertyValueSpecification","valueRequired":true,"valueName":"search_term_string"}}],"inLanguage":"et"},{"@type":"Organization","@id":"https:\/\/baubauwall.com\/et\/#organization","name":"BAUBAUWALL Wallpapers","url":"https:\/\/baubauwall.com\/et\/","logo":{"@type":"ImageObject","inLanguage":"et","@id":"https:\/\/baubauwall.com\/et\/#\/schema\/logo\/image\/","url":"https:\/\/baubauwall.com\/wp-content\/uploads\/2022\/03\/logo-horizontal.svg","contentUrl":"https:\/\/baubauwall.com\/wp-content\/uploads\/2022\/03\/logo-horizontal.svg","width":"1024","height":"1024","caption":"BAUBAUWALL Wallpapers"},"image":{"@id":"https:\/\/baubauwall.com\/et\/#\/schema\/logo\/image\/"},"sameAs":["https:\/\/www.facebook.com\/Baubauwall","https:\/\/www.instagram.com\/baubauwall"]}]}},"jetpack_sharing_enabled":true,"_links":{"self":[{"href":"https:\/\/baubauwall.com\/et\/wp-json\/wp\/v2\/product\/44998","targetHints":{"allow":["GET"]}}],"collection":[{"href":"https:\/\/baubauwall.com\/et\/wp-json\/wp\/v2\/product"}],"about":[{"href":"https:\/\/baubauwall.com\/et\/wp-json\/wp\/v2\/types\/product"}],"replies":[{"embeddable":true,"href":"https:\/\/baubauwall.com\/et\/wp-json\/wp\/v2\/comments?post=44998"}],"wp:featuredmedia":[{"embeddable":true,"href":"https:\/\/baubauwall.com\/et\/wp-json\/wp\/v2\/media\/45005"}],"wp:attachment":[{"href":"https:\/\/baubauwall.com\/et\/wp-json\/wp\/v2\/media?parent=44998"}],"wp:term":[{"taxonomy":"product_brand","embeddable":true,"href":"https:\/\/baubauwall.com\/et\/wp-json\/wp\/v2\/product_brand?post=44998"},{"taxonomy":"product_cat","embeddable":true,"href":"https:\/\/baubauwall.com\/et\/wp-json\/wp\/v2\/product_cat?post=44998"},{"taxonomy":"product_tag","embeddable":true,"href":"https:\/\/baubauwall.com\/et\/wp-json\/wp\/v2\/product_tag?post=44998"}],"curies":[{"name":"wp","href":"https:\/\/api.w.org\/{rel}","templated":true}]}}