{"id":45006,"date":"2025-10-06T10:12:12","date_gmt":"2025-10-06T08:12:12","guid":{"rendered":"https:\/\/baubauwall.com\/product\/wallpaper-queens-parterre-olive-green\/"},"modified":"2025-10-07T14:17:05","modified_gmt":"2025-10-07T12:17:05","slug":"tapeet-kuninganna-aed-oliivroheline","status":"publish","type":"product","link":"https:\/\/baubauwall.com\/et\/toode\/tapeet-kuninganna-aed-oliivroheline\/","title":{"rendered":"Kuninganna aed &#8211; oliivroheline"},"content":{"rendered":"<p data-start=\"38\" data-end=\"307\">See tapeet on kui jalutusk\u00e4ik inglise aias \u2013 rahulik, tasakaalukas ja t\u00e4is detaile, mida m\u00e4rkad alles l\u00e4hemalt. Kuninganna aed on Briti stiilis tapeet, mille muster on inspireeritud klassikalistest William Morrise disainidest \u2013 rikkalik, ent samas pehme ja soe.<\/p>\n<p data-start=\"309\" data-end=\"627\">Oliivroheline toon lisab interj\u00f6\u00f6ri loodusl\u00e4hedust ja s\u00fcgavust. Roheline v\u00e4rv m\u00f5jub rahustavalt ning sobib h\u00e4sti magamistuppa, s\u00f6\u00f6gituppa v\u00f5i elutuppa, kus soovid luua hubase ja v\u00e4\u00e4rika atmosf\u00e4\u00e4ri. Muster annab seinale just parajalt iseloomu, j\u00e4\u00e4des samal ajal mahedaks taustaks \u00fclej\u00e4\u00e4nud sisustusele.\u00a0Kui armastad klassikat, mida liita kaasaegse m\u00f6\u00f6bliga, siis see tapeet \u00fchendab m\u00f5lemad maailmad. Briti stiilis t\u00e4psus, Skandinaavialik\u00a0<em>Nordic noir<\/em> \u2013\u00a0 tulemus, mis on lihtsalt elegantne.<\/p>\n<p data-start=\"392\" data-end=\"595\">Tapeedi autor on disainer <strong><a href=\"https:\/\/lemontxt.design\/\">Monika Lechner.<\/a><\/strong>Tema armastus ajalooliste detailide ja tapeedimustrite vastu ongi vormitud<strong>\u00a0<\/strong><a href=\"https:\/\/baubauwall.com\/et\/tootekategooria\/tapeedi-kollektsioonid\/ajatu-klassika\/\" target=\"_blank\" rel=\"noopener\"><strong>Ajatu klassika<\/strong>\u00a0tapeedikollektsiooni.<\/a>\u00a0Need tapeedid on loodud Sulle, kes hindad kvaliteeti, lugusid ja v\u00e4ikseid detaile, mis teevad kodust kodu.<\/p>\n<p><strong>Miks see tapeet v\u00f5iks Sulle meeldida?<\/strong><\/p>\n<ul>\n<li>Oliivroheline tapeet Morrise stiilis<\/li>\n<li>Eesti ettev\u00f5te<\/li>\n<li>Tr\u00fckime tapeedi t\u00e4pselt Sinu seina m\u00f5\u00f5dus<\/li>\n<li>Premium, matt fliistapeedi materjal, 100% taaskasutatud kiust<\/li>\n<li>M\u00fcrgivabad tr\u00fckiv\u00e4rvid,\u00a0<em>Greenguard<\/em>\u00a0sertifitseeritud<\/li>\n<li>Keskkonnas\u00f5bralik, j\u00e4\u00e4tmevaba tapeetimine<\/li>\n<li>Kaasa tasuta tapeediliim<\/li>\n<li>Tasuta transport ja kiire tarne 5 t\u00f6\u00f6p\u00e4evaga<\/li>\n<\/ul>\n","protected":false},"excerpt":{"rendered":"<p>See tapeet on kui jalutusk\u00e4ik inglise aias \u2013 rahulik, tasakaalukas ja t\u00e4is detaile, mida m\u00e4rkad alles l\u00e4hemalt. Kuninganna aed on Briti stiilis tapeet, mille muster on inspireeritud klassikalistest William Morrise disainidest \u2013 rikkalik, ent samas pehme ja soe. Oliivroheline toon lisab interj\u00f6\u00f6ri loodusl\u00e4hedust ja s\u00fcgavust. Roheline v\u00e4rv m\u00f5jub rahustavalt ning sobib h\u00e4sti magamistuppa, s\u00f6\u00f6gituppa v\u00f5i [&hellip;]<\/p>\n","protected":false},"featured_media":45015,"comment_status":"open","ping_status":"closed","template":"","meta":{"_acf_changed":false,"inline_featured_image":false},"product_brand":[],"product_cat":[818,386,622,406,447,405,394,388,270,277,752,414,415,416,402,699],"product_tag":[824,298],"class_list":{"0":"post-45006","1":"product","2":"type-product","3":"status-publish","4":"has-post-thumbnail","6":"product_cat-ajatu-klassika","7":"product_cat-kordusmustriga-tapeedid","8":"product_cat-julged-tapeedid","9":"product_cat-klassika","10":"product_cat-maksimalistlik-et","11":"product_cat-art-deco","12":"product_cat-rikkalik","13":"product_cat-vintage-et","14":"product_cat-tumedad-tapeedid","15":"product_cat-petrool-sinised-tapeedid","16":"product_cat-avalik-ruum","17":"product_cat-soogitoa-tapeedid","18":"product_cat-kulalistetoa-tapeedid","19":"product_cat-esiku-tapeedid","20":"product_cat-elutoa-tapeedid","21":"product_cat-eesti-disain-tapeedid","22":"product_tag-ajatu-klassika","23":"product_tag-botaaniline","25":"first","26":"instock","27":"taxable","28":"shipping-taxable","29":"purchasable","30":"product-type-simple"},"acf":[],"yoast_head":"<!-- This site is optimized with the Yoast SEO plugin v25.9 - https:\/\/yoast.com\/wordpress\/plugins\/seo\/ -->\n<title>Briti stiilis roheline tapeet Kuninganna aed - oliivroheline - BAUBAUWALL TAPEEDID<\/title>\n<meta name=\"description\" content=\"Briti stiilis tapeet toob meelde m\u00f5isad ja lossid. S\u00fcgav roheline v\u00e4rv teeb sellest tapeedist soliidse ja stiilse valiku kontorisse v\u00f5i hoopis magamistuppa.\" \/>\n<meta name=\"robots\" content=\"index, follow, max-snippet:-1, max-image-preview:large, max-video-preview:-1\" \/>\n<link rel=\"canonical\" href=\"https:\/\/baubauwall.com\/et\/toode\/tapeet-kuninganna-aed-oliivroheline\/\" \/>\n<meta property=\"og:locale\" content=\"et_EE\" \/>\n<meta property=\"og:type\" content=\"article\" \/>\n<meta property=\"og:title\" content=\"Kuninganna aed - oliivroheline\" \/>\n<meta property=\"og:description\" content=\"A green wallpaper with vintage pattern for those who want more than just background. Intricate green floral wallpaper with historic inspiration\" \/>\n<meta property=\"og:url\" content=\"https:\/\/baubauwall.com\/et\/toode\/tapeet-kuninganna-aed-oliivroheline\/\" \/>\n<meta property=\"og:site_name\" content=\"BAUBAUWALL TAPEEDID\" \/>\n<meta property=\"article:publisher\" content=\"https:\/\/www.facebook.com\/Baubauwall\" \/>\n<meta property=\"article:modified_time\" content=\"2025-10-07T12:17:05+00:00\" \/>\n<meta property=\"og:image\" content=\"https:\/\/baubauwall.com\/wp-content\/uploads\/2025\/09\/Queens_Parterre_Olive_Green_Wallpaper_Baubauwall_51100503-5.jpg\" \/>\n\t<meta property=\"og:image:width\" content=\"1067\" \/>\n\t<meta property=\"og:image:height\" content=\"1600\" \/>\n\t<meta property=\"og:image:type\" content=\"image\/jpeg\" \/>\n<meta name=\"twitter:card\" content=\"summary_large_image\" \/>\n<meta name=\"twitter:label1\" content=\"Est. reading time\" \/>\n\t<meta name=\"twitter:data1\" content=\"1 minut\" \/>\n<script type=\"application\/ld+json\" class=\"yoast-schema-graph\">{\"@context\":\"https:\/\/schema.org\",\"@graph\":[{\"@type\":\"WebPage\",\"@id\":\"https:\/\/baubauwall.com\/et\/toode\/tapeet-kuninganna-aed-oliivroheline\/\",\"url\":\"https:\/\/baubauwall.com\/et\/toode\/tapeet-kuninganna-aed-oliivroheline\/\",\"name\":\"Briti stiilis roheline tapeet Kuninganna aed - oliivroheline - BAUBAUWALL TAPEEDID\",\"isPartOf\":{\"@id\":\"https:\/\/baubauwall.com\/et\/#website\"},\"primaryImageOfPage\":{\"@id\":\"https:\/\/baubauwall.com\/et\/toode\/tapeet-kuninganna-aed-oliivroheline\/#primaryimage\"},\"image\":{\"@id\":\"https:\/\/baubauwall.com\/et\/toode\/tapeet-kuninganna-aed-oliivroheline\/#primaryimage\"},\"thumbnailUrl\":\"https:\/\/baubauwall.com\/wp-content\/uploads\/2025\/09\/Queens_Parterre_Olive_Green_Wallpaper_Baubauwall_51100503-2.jpg\",\"datePublished\":\"2025-10-06T08:12:12+00:00\",\"dateModified\":\"2025-10-07T12:17:05+00:00\",\"description\":\"Briti stiilis tapeet toob meelde m\u00f5isad ja lossid. S\u00fcgav roheline v\u00e4rv teeb sellest tapeedist soliidse ja stiilse valiku kontorisse v\u00f5i hoopis magamistuppa.\",\"breadcrumb\":{\"@id\":\"https:\/\/baubauwall.com\/et\/toode\/tapeet-kuninganna-aed-oliivroheline\/#breadcrumb\"},\"inLanguage\":\"et\",\"potentialAction\":[{\"@type\":\"ReadAction\",\"target\":[\"https:\/\/baubauwall.com\/et\/toode\/tapeet-kuninganna-aed-oliivroheline\/\"]}]},{\"@type\":\"ImageObject\",\"inLanguage\":\"et\",\"@id\":\"https:\/\/baubauwall.com\/et\/toode\/tapeet-kuninganna-aed-oliivroheline\/#primaryimage\",\"url\":\"https:\/\/baubauwall.com\/wp-content\/uploads\/2025\/09\/Queens_Parterre_Olive_Green_Wallpaper_Baubauwall_51100503-2.jpg\",\"contentUrl\":\"https:\/\/baubauwall.com\/wp-content\/uploads\/2025\/09\/Queens_Parterre_Olive_Green_Wallpaper_Baubauwall_51100503-2.jpg\",\"width\":1067,\"height\":1600,\"caption\":\"Dark green wall wallpaper for bedroom, paired with oak furnishings. Baubauwall Wallpapers | magamistoa roheline tapeet - Baubauwall tapeedid\"},{\"@type\":\"BreadcrumbList\",\"@id\":\"https:\/\/baubauwall.com\/et\/toode\/tapeet-kuninganna-aed-oliivroheline\/#breadcrumb\",\"itemListElement\":[{\"@type\":\"ListItem\",\"position\":1,\"name\":\"Koju\",\"item\":\"https:\/\/baubauwall.com\/et\/\"},{\"@type\":\"ListItem\",\"position\":2,\"name\":\"Tapeedid\",\"item\":\"https:\/\/baubauwall.com\/et\/tapeedid\/\"},{\"@type\":\"ListItem\",\"position\":3,\"name\":\"Kuninganna aed &#8211; oliivroheline\"}]},{\"@type\":\"WebSite\",\"@id\":\"https:\/\/baubauwall.com\/et\/#website\",\"url\":\"https:\/\/baubauwall.com\/et\/\",\"name\":\"BAUBAUWALL Wallpapers\",\"description\":\"Valmis paanides tapeet Eestist!\",\"publisher\":{\"@id\":\"https:\/\/baubauwall.com\/et\/#organization\"},\"potentialAction\":[{\"@type\":\"SearchAction\",\"target\":{\"@type\":\"EntryPoint\",\"urlTemplate\":\"https:\/\/baubauwall.com\/et\/?s={search_term_string}\"},\"query-input\":{\"@type\":\"PropertyValueSpecification\",\"valueRequired\":true,\"valueName\":\"search_term_string\"}}],\"inLanguage\":\"et\"},{\"@type\":\"Organization\",\"@id\":\"https:\/\/baubauwall.com\/et\/#organization\",\"name\":\"BAUBAUWALL Wallpapers\",\"url\":\"https:\/\/baubauwall.com\/et\/\",\"logo\":{\"@type\":\"ImageObject\",\"inLanguage\":\"et\",\"@id\":\"https:\/\/baubauwall.com\/et\/#\/schema\/logo\/image\/\",\"url\":\"https:\/\/baubauwall.com\/wp-content\/uploads\/2022\/03\/logo-horizontal.svg\",\"contentUrl\":\"https:\/\/baubauwall.com\/wp-content\/uploads\/2022\/03\/logo-horizontal.svg\",\"width\":\"1024\",\"height\":\"1024\",\"caption\":\"BAUBAUWALL Wallpapers\"},\"image\":{\"@id\":\"https:\/\/baubauwall.com\/et\/#\/schema\/logo\/image\/\"},\"sameAs\":[\"https:\/\/www.facebook.com\/Baubauwall\",\"https:\/\/www.instagram.com\/baubauwall\"]}]}<\/script>\n<!-- \/ Yoast SEO plugin. -->","yoast_head_json":{"title":"Briti stiilis roheline tapeet Kuninganna aed - oliivroheline - BAUBAUWALL TAPEEDID","description":"Briti stiilis tapeet toob meelde m\u00f5isad ja lossid. S\u00fcgav roheline v\u00e4rv teeb sellest tapeedist soliidse ja stiilse valiku kontorisse v\u00f5i hoopis magamistuppa.","robots":{"index":"index","follow":"follow","max-snippet":"max-snippet:-1","max-image-preview":"max-image-preview:large","max-video-preview":"max-video-preview:-1"},"canonical":"https:\/\/baubauwall.com\/et\/toode\/tapeet-kuninganna-aed-oliivroheline\/","og_locale":"et_EE","og_type":"article","og_title":"Kuninganna aed - oliivroheline","og_description":"A green wallpaper with vintage pattern for those who want more than just background. Intricate green floral wallpaper with historic inspiration","og_url":"https:\/\/baubauwall.com\/et\/toode\/tapeet-kuninganna-aed-oliivroheline\/","og_site_name":"BAUBAUWALL TAPEEDID","article_publisher":"https:\/\/www.facebook.com\/Baubauwall","article_modified_time":"2025-10-07T12:17:05+00:00","og_image":[{"width":1067,"height":1600,"url":"https:\/\/baubauwall.com\/wp-content\/uploads\/2025\/09\/Queens_Parterre_Olive_Green_Wallpaper_Baubauwall_51100503-5.jpg","type":"image\/jpeg"}],"twitter_card":"summary_large_image","twitter_misc":{"Est. reading time":"1 minut"},"schema":{"@context":"https:\/\/schema.org","@graph":[{"@type":"WebPage","@id":"https:\/\/baubauwall.com\/et\/toode\/tapeet-kuninganna-aed-oliivroheline\/","url":"https:\/\/baubauwall.com\/et\/toode\/tapeet-kuninganna-aed-oliivroheline\/","name":"Briti stiilis roheline tapeet Kuninganna aed - oliivroheline - BAUBAUWALL TAPEEDID","isPartOf":{"@id":"https:\/\/baubauwall.com\/et\/#website"},"primaryImageOfPage":{"@id":"https:\/\/baubauwall.com\/et\/toode\/tapeet-kuninganna-aed-oliivroheline\/#primaryimage"},"image":{"@id":"https:\/\/baubauwall.com\/et\/toode\/tapeet-kuninganna-aed-oliivroheline\/#primaryimage"},"thumbnailUrl":"https:\/\/baubauwall.com\/wp-content\/uploads\/2025\/09\/Queens_Parterre_Olive_Green_Wallpaper_Baubauwall_51100503-2.jpg","datePublished":"2025-10-06T08:12:12+00:00","dateModified":"2025-10-07T12:17:05+00:00","description":"Briti stiilis tapeet toob meelde m\u00f5isad ja lossid. S\u00fcgav roheline v\u00e4rv teeb sellest tapeedist soliidse ja stiilse valiku kontorisse v\u00f5i hoopis magamistuppa.","breadcrumb":{"@id":"https:\/\/baubauwall.com\/et\/toode\/tapeet-kuninganna-aed-oliivroheline\/#breadcrumb"},"inLanguage":"et","potentialAction":[{"@type":"ReadAction","target":["https:\/\/baubauwall.com\/et\/toode\/tapeet-kuninganna-aed-oliivroheline\/"]}]},{"@type":"ImageObject","inLanguage":"et","@id":"https:\/\/baubauwall.com\/et\/toode\/tapeet-kuninganna-aed-oliivroheline\/#primaryimage","url":"https:\/\/baubauwall.com\/wp-content\/uploads\/2025\/09\/Queens_Parterre_Olive_Green_Wallpaper_Baubauwall_51100503-2.jpg","contentUrl":"https:\/\/baubauwall.com\/wp-content\/uploads\/2025\/09\/Queens_Parterre_Olive_Green_Wallpaper_Baubauwall_51100503-2.jpg","width":1067,"height":1600,"caption":"Dark green wall wallpaper for bedroom, paired with oak furnishings. Baubauwall Wallpapers | magamistoa roheline tapeet - Baubauwall tapeedid"},{"@type":"BreadcrumbList","@id":"https:\/\/baubauwall.com\/et\/toode\/tapeet-kuninganna-aed-oliivroheline\/#breadcrumb","itemListElement":[{"@type":"ListItem","position":1,"name":"Koju","item":"https:\/\/baubauwall.com\/et\/"},{"@type":"ListItem","position":2,"name":"Tapeedid","item":"https:\/\/baubauwall.com\/et\/tapeedid\/"},{"@type":"ListItem","position":3,"name":"Kuninganna aed &#8211; oliivroheline"}]},{"@type":"WebSite","@id":"https:\/\/baubauwall.com\/et\/#website","url":"https:\/\/baubauwall.com\/et\/","name":"BAUBAUWALL Wallpapers","description":"Valmis paanides tapeet Eestist!","publisher":{"@id":"https:\/\/baubauwall.com\/et\/#organization"},"potentialAction":[{"@type":"SearchAction","target":{"@type":"EntryPoint","urlTemplate":"https:\/\/baubauwall.com\/et\/?s={search_term_string}"},"query-input":{"@type":"PropertyValueSpecification","valueRequired":true,"valueName":"search_term_string"}}],"inLanguage":"et"},{"@type":"Organization","@id":"https:\/\/baubauwall.com\/et\/#organization","name":"BAUBAUWALL Wallpapers","url":"https:\/\/baubauwall.com\/et\/","logo":{"@type":"ImageObject","inLanguage":"et","@id":"https:\/\/baubauwall.com\/et\/#\/schema\/logo\/image\/","url":"https:\/\/baubauwall.com\/wp-content\/uploads\/2022\/03\/logo-horizontal.svg","contentUrl":"https:\/\/baubauwall.com\/wp-content\/uploads\/2022\/03\/logo-horizontal.svg","width":"1024","height":"1024","caption":"BAUBAUWALL Wallpapers"},"image":{"@id":"https:\/\/baubauwall.com\/et\/#\/schema\/logo\/image\/"},"sameAs":["https:\/\/www.facebook.com\/Baubauwall","https:\/\/www.instagram.com\/baubauwall"]}]}},"jetpack_sharing_enabled":true,"_links":{"self":[{"href":"https:\/\/baubauwall.com\/et\/wp-json\/wp\/v2\/product\/45006","targetHints":{"allow":["GET"]}}],"collection":[{"href":"https:\/\/baubauwall.com\/et\/wp-json\/wp\/v2\/product"}],"about":[{"href":"https:\/\/baubauwall.com\/et\/wp-json\/wp\/v2\/types\/product"}],"replies":[{"embeddable":true,"href":"https:\/\/baubauwall.com\/et\/wp-json\/wp\/v2\/comments?post=45006"}],"wp:featuredmedia":[{"embeddable":true,"href":"https:\/\/baubauwall.com\/et\/wp-json\/wp\/v2\/media\/45015"}],"wp:attachment":[{"href":"https:\/\/baubauwall.com\/et\/wp-json\/wp\/v2\/media?parent=45006"}],"wp:term":[{"taxonomy":"product_brand","embeddable":true,"href":"https:\/\/baubauwall.com\/et\/wp-json\/wp\/v2\/product_brand?post=45006"},{"taxonomy":"product_cat","embeddable":true,"href":"https:\/\/baubauwall.com\/et\/wp-json\/wp\/v2\/product_cat?post=45006"},{"taxonomy":"product_tag","embeddable":true,"href":"https:\/\/baubauwall.com\/et\/wp-json\/wp\/v2\/product_tag?post=45006"}],"curies":[{"name":"wp","href":"https:\/\/api.w.org\/{rel}","templated":true}]}}