{"id":45016,"date":"2025-10-05T17:21:44","date_gmt":"2025-10-05T15:21:44","guid":{"rendered":"https:\/\/baubauwall.com\/product\/wallpaper-queens-parterre-duck-egg-blue\/"},"modified":"2026-03-09T12:09:14","modified_gmt":"2026-03-09T10:09:14","slug":"tapeet-kuninganna-aed-helesinine","status":"publish","type":"product","link":"https:\/\/baubauwall.com\/et\/toode\/tapeet-kuninganna-aed-helesinine\/","title":{"rendered":"Kuninganna aed &#8211; helesinine"},"content":{"rendered":"<p data-start=\"35\" data-end=\"302\">Kui su kodus on midagi Haapsalu verandadelt, P\u00e4rnu suvevilladest v\u00f5i Kadrioru suursugusest romantikast, siis see tapeet v\u00f5iks kuuluda sinna! Kuninganna aed on inglise stiilis tapeet, mille peen lilleornament ja \u00f5rn helesinine taust loovad elegantse \u00f5hkkonna. Disain on inspireeritud <a href=\"https:\/\/www.vam.ac.uk\/articles\/william-morris-and-wallpaper-design\">William Morrise<\/a> ajatutest mustritest \u2013 need marjad, \u00f5ied ja taimemotiivid on nagu v\u00e4ike kummardus k\u00e4sit\u00f6\u00f6 ja detailide armastusele. Samas m\u00f5jub tapeet kergelt ja kaasaegselt, justkui oleks see alati olnud osa Sinu kodust.<\/p>\n<p data-start=\"556\" data-end=\"952\">Kuninganna aed tapeet v\u00f5iks kaunistada hubast magamistuba, elutuba\u00a0v\u00f5i k\u00fclalistetuba, kus tahad luua pehme ja kutsuva meeleolu. Inglise stiilis interj\u00f6\u00f6ris t\u00f6\u00f6tab see imeh\u00e4sti koos valge m\u00f6\u00f6bli, kuldsete detailide ja lilleliste kangastega. Skandinaavialikus kodus aga lisab see seinale peent mustrit ja soojust, ilma et kogu ruum \u00fclekoormatud tunduks.<\/p>\n<p data-start=\"392\" data-end=\"595\">Tapeedi autor on disainer <strong><a href=\"https:\/\/lemontxt.design\/\">Monika Lechner.<\/a><\/strong>Tema armastus ajalooliste detailide ja tapeedimustrite vastu ongi vormitud<strong>\u00a0<\/strong><a href=\"https:\/\/baubauwall.com\/et\/tootekategooria\/tapeedi-kollektsioonid\/ajatu-klassika\/\" target=\"_blank\" rel=\"noopener\"><strong>Ajatu klassika<\/strong>\u00a0tapeedikollektsiooni.<\/a>\u00a0Need tapeedid on loodud Sulle, kes hindad kvaliteeti, lugusid ja v\u00e4ikseid detaile, mis teevad kodust kodu.<\/p>\n<p><strong>Miks see tapeet v\u00f5iks Sulle meeldida?<\/strong><\/p>\n<ul>\n<li>Romantiline tapeet inglise stiilis<\/li>\n<li>Eesti ettev\u00f5te<\/li>\n<li>Tr\u00fckime tapeedi t\u00e4pselt Sinu seina m\u00f5\u00f5dus<\/li>\n<li>Premium, matt fliistapeedi materjal, 100% taaskasutatud kiust<\/li>\n<li>M\u00fcrgivabad tr\u00fckiv\u00e4rvid,\u00a0<em>Greenguard<\/em>\u00a0sertifitseeritud<\/li>\n<li>Keskkonnas\u00f5bralik, j\u00e4\u00e4tmevaba tapeetimine<\/li>\n<li>Kaasa tasuta tapeediliim<\/li>\n<li>Tasuta transport ja kiire tarne 5 t\u00f6\u00f6p\u00e4evaga<\/li>\n<\/ul>\n","protected":false},"excerpt":{"rendered":"<p>Kui su kodus on midagi Haapsalu verandadelt, P\u00e4rnu suvevilladest v\u00f5i Kadrioru suursugusest romantikast, siis see tapeet v\u00f5iks kuuluda sinna! Kuninganna aed on inglise stiilis tapeet, mille peen lilleornament ja \u00f5rn helesinine taust loovad elegantse \u00f5hkkonna. Disain on inspireeritud William Morrise ajatutest mustritest \u2013 need marjad, \u00f5ied ja taimemotiivid on nagu v\u00e4ike kummardus k\u00e4sit\u00f6\u00f6 ja detailide [&hellip;]<\/p>\n","protected":false},"featured_media":45023,"comment_status":"open","ping_status":"closed","template":"","meta":{"_acf_changed":false,"inline_featured_image":false},"product_brand":[],"product_cat":[818,386,395,406,405,394,388,265,267,273,276,752,413,414,415,416,402,412,699,256,260],"product_tag":[824,298],"class_list":{"0":"post-45016","1":"product","2":"type-product","3":"status-publish","4":"has-post-thumbnail","6":"product_cat-ajatu-klassika","7":"product_cat-kordusmustriga-tapeedid","8":"product_cat-romantiline","9":"product_cat-klassika","10":"product_cat-art-deco","11":"product_cat-rikkalik","12":"product_cat-vintage-et","13":"product_cat-beezid-tapeedid","14":"product_cat-sinised-tapeedid","15":"product_cat-heledad-tapeedid","16":"product_cat-pastelsed-tapeedid","17":"product_cat-avalik-ruum","18":"product_cat-magamistoa-tapeedid","19":"product_cat-soogitoa-tapeedid","20":"product_cat-kulalistetoa-tapeedid","21":"product_cat-esiku-tapeedid","22":"product_cat-elutoa-tapeedid","23":"product_cat-vannitoa-tapeedid","24":"product_cat-eesti-disain-tapeedid","25":"product_cat-marjad","26":"product_cat-lilled","27":"product_tag-ajatu-klassika","28":"product_tag-botaaniline","30":"first","31":"instock","32":"taxable","33":"shipping-taxable","34":"purchasable","35":"product-type-simple"},"acf":[],"yoast_head":"<!-- This site is optimized with the Yoast SEO plugin v25.9 - https:\/\/yoast.com\/wordpress\/plugins\/seo\/ -->\n<title>Inglise stiilis tapeet - Kuninganna aed - helesinine - BAUBAUWALL TAPEEDID<\/title>\n<meta name=\"description\" content=\"Inglise stiilis helesinine tapeet, mille detailne muster viib m\u00f5tted m\u00f5isatesse ja lossidesse. Fliistapeet, mis sobib romantilisse kodusse v\u00f5i hoopis m\u00f5isa.\" \/>\n<meta name=\"robots\" content=\"index, follow, max-snippet:-1, max-image-preview:large, max-video-preview:-1\" \/>\n<link rel=\"canonical\" href=\"https:\/\/baubauwall.com\/et\/toode\/tapeet-kuninganna-aed-helesinine\/\" \/>\n<meta property=\"og:locale\" content=\"et_EE\" \/>\n<meta property=\"og:type\" content=\"article\" \/>\n<meta property=\"og:title\" content=\"Kuninganna aed - helesinine\" \/>\n<meta property=\"og:description\" content=\"Inglise stiilis helesinine tapeet, mille detailne muster viib m\u00f5tted m\u00f5isatesse ja lossidesse. Fliistapeet, mis sobib romantilisse kodusse v\u00f5i hoopis m\u00f5isa.\" \/>\n<meta property=\"og:url\" content=\"https:\/\/baubauwall.com\/et\/toode\/tapeet-kuninganna-aed-helesinine\/\" \/>\n<meta property=\"og:site_name\" content=\"BAUBAUWALL TAPEEDID\" \/>\n<meta property=\"article:publisher\" content=\"https:\/\/www.facebook.com\/Baubauwall\" \/>\n<meta property=\"article:modified_time\" content=\"2026-03-09T10:09:14+00:00\" \/>\n<meta property=\"og:image\" content=\"https:\/\/baubauwall.com\/wp-content\/uploads\/2025\/10\/Queens_Parterre_Dugg_Egg_blue_wallpaper_Baubauwall_51100504-2.jpg\" \/>\n\t<meta property=\"og:image:width\" content=\"2397\" \/>\n\t<meta property=\"og:image:height\" content=\"1600\" \/>\n\t<meta property=\"og:image:type\" content=\"image\/jpeg\" \/>\n<meta name=\"twitter:card\" content=\"summary_large_image\" \/>\n<meta name=\"twitter:label1\" content=\"Est. reading time\" \/>\n\t<meta name=\"twitter:data1\" content=\"2 minutit\" \/>\n<script type=\"application\/ld+json\" class=\"yoast-schema-graph\">{\"@context\":\"https:\/\/schema.org\",\"@graph\":[{\"@type\":\"WebPage\",\"@id\":\"https:\/\/baubauwall.com\/et\/toode\/tapeet-kuninganna-aed-helesinine\/\",\"url\":\"https:\/\/baubauwall.com\/et\/toode\/tapeet-kuninganna-aed-helesinine\/\",\"name\":\"Inglise stiilis tapeet - Kuninganna aed - helesinine - BAUBAUWALL TAPEEDID\",\"isPartOf\":{\"@id\":\"https:\/\/baubauwall.com\/et\/#website\"},\"primaryImageOfPage\":{\"@id\":\"https:\/\/baubauwall.com\/et\/toode\/tapeet-kuninganna-aed-helesinine\/#primaryimage\"},\"image\":{\"@id\":\"https:\/\/baubauwall.com\/et\/toode\/tapeet-kuninganna-aed-helesinine\/#primaryimage\"},\"thumbnailUrl\":\"https:\/\/baubauwall.com\/wp-content\/uploads\/2025\/10\/Queens_Parterre_Dugg_Egg_blue_wallpaper_Baubauwall_51100504-1.jpg\",\"datePublished\":\"2025-10-05T15:21:44+00:00\",\"dateModified\":\"2026-03-09T10:09:14+00:00\",\"description\":\"Inglise stiilis helesinine tapeet, mille detailne muster viib m\u00f5tted m\u00f5isatesse ja lossidesse. Fliistapeet, mis sobib romantilisse kodusse v\u00f5i hoopis m\u00f5isa.\",\"breadcrumb\":{\"@id\":\"https:\/\/baubauwall.com\/et\/toode\/tapeet-kuninganna-aed-helesinine\/#breadcrumb\"},\"inLanguage\":\"et\",\"potentialAction\":[{\"@type\":\"ReadAction\",\"target\":[\"https:\/\/baubauwall.com\/et\/toode\/tapeet-kuninganna-aed-helesinine\/\"]}]},{\"@type\":\"ImageObject\",\"inLanguage\":\"et\",\"@id\":\"https:\/\/baubauwall.com\/et\/toode\/tapeet-kuninganna-aed-helesinine\/#primaryimage\",\"url\":\"https:\/\/baubauwall.com\/wp-content\/uploads\/2025\/10\/Queens_Parterre_Dugg_Egg_blue_wallpaper_Baubauwall_51100504-1.jpg\",\"contentUrl\":\"https:\/\/baubauwall.com\/wp-content\/uploads\/2025\/10\/Queens_Parterre_Dugg_Egg_blue_wallpaper_Baubauwall_51100504-1.jpg\",\"width\":1060,\"height\":1600,\"caption\":\"Duck egg blue heritage wallpaper in a bathroom by Baubauwall Wallpapers.\"},{\"@type\":\"BreadcrumbList\",\"@id\":\"https:\/\/baubauwall.com\/et\/toode\/tapeet-kuninganna-aed-helesinine\/#breadcrumb\",\"itemListElement\":[{\"@type\":\"ListItem\",\"position\":1,\"name\":\"Koju\",\"item\":\"https:\/\/baubauwall.com\/et\/\"},{\"@type\":\"ListItem\",\"position\":2,\"name\":\"Tapeedid\",\"item\":\"https:\/\/baubauwall.com\/et\/tapeedid\/\"},{\"@type\":\"ListItem\",\"position\":3,\"name\":\"Kuninganna aed &#8211; helesinine\"}]},{\"@type\":\"WebSite\",\"@id\":\"https:\/\/baubauwall.com\/et\/#website\",\"url\":\"https:\/\/baubauwall.com\/et\/\",\"name\":\"BAUBAUWALL Wallpapers\",\"description\":\"Valmis paanides tapeet Eestist!\",\"publisher\":{\"@id\":\"https:\/\/baubauwall.com\/et\/#organization\"},\"potentialAction\":[{\"@type\":\"SearchAction\",\"target\":{\"@type\":\"EntryPoint\",\"urlTemplate\":\"https:\/\/baubauwall.com\/et\/?s={search_term_string}\"},\"query-input\":{\"@type\":\"PropertyValueSpecification\",\"valueRequired\":true,\"valueName\":\"search_term_string\"}}],\"inLanguage\":\"et\"},{\"@type\":\"Organization\",\"@id\":\"https:\/\/baubauwall.com\/et\/#organization\",\"name\":\"BAUBAUWALL Wallpapers\",\"url\":\"https:\/\/baubauwall.com\/et\/\",\"logo\":{\"@type\":\"ImageObject\",\"inLanguage\":\"et\",\"@id\":\"https:\/\/baubauwall.com\/et\/#\/schema\/logo\/image\/\",\"url\":\"https:\/\/baubauwall.com\/wp-content\/uploads\/2022\/03\/logo-horizontal.svg\",\"contentUrl\":\"https:\/\/baubauwall.com\/wp-content\/uploads\/2022\/03\/logo-horizontal.svg\",\"width\":\"1024\",\"height\":\"1024\",\"caption\":\"BAUBAUWALL Wallpapers\"},\"image\":{\"@id\":\"https:\/\/baubauwall.com\/et\/#\/schema\/logo\/image\/\"},\"sameAs\":[\"https:\/\/www.facebook.com\/Baubauwall\",\"https:\/\/www.instagram.com\/baubauwall\"]}]}<\/script>\n<!-- \/ Yoast SEO plugin. -->","yoast_head_json":{"title":"Inglise stiilis tapeet - Kuninganna aed - helesinine - BAUBAUWALL TAPEEDID","description":"Inglise stiilis helesinine tapeet, mille detailne muster viib m\u00f5tted m\u00f5isatesse ja lossidesse. Fliistapeet, mis sobib romantilisse kodusse v\u00f5i hoopis m\u00f5isa.","robots":{"index":"index","follow":"follow","max-snippet":"max-snippet:-1","max-image-preview":"max-image-preview:large","max-video-preview":"max-video-preview:-1"},"canonical":"https:\/\/baubauwall.com\/et\/toode\/tapeet-kuninganna-aed-helesinine\/","og_locale":"et_EE","og_type":"article","og_title":"Kuninganna aed - helesinine","og_description":"Inglise stiilis helesinine tapeet, mille detailne muster viib m\u00f5tted m\u00f5isatesse ja lossidesse. Fliistapeet, mis sobib romantilisse kodusse v\u00f5i hoopis m\u00f5isa.","og_url":"https:\/\/baubauwall.com\/et\/toode\/tapeet-kuninganna-aed-helesinine\/","og_site_name":"BAUBAUWALL TAPEEDID","article_publisher":"https:\/\/www.facebook.com\/Baubauwall","article_modified_time":"2026-03-09T10:09:14+00:00","og_image":[{"width":2397,"height":1600,"url":"https:\/\/baubauwall.com\/wp-content\/uploads\/2025\/10\/Queens_Parterre_Dugg_Egg_blue_wallpaper_Baubauwall_51100504-2.jpg","type":"image\/jpeg"}],"twitter_card":"summary_large_image","twitter_misc":{"Est. reading time":"2 minutit"},"schema":{"@context":"https:\/\/schema.org","@graph":[{"@type":"WebPage","@id":"https:\/\/baubauwall.com\/et\/toode\/tapeet-kuninganna-aed-helesinine\/","url":"https:\/\/baubauwall.com\/et\/toode\/tapeet-kuninganna-aed-helesinine\/","name":"Inglise stiilis tapeet - Kuninganna aed - helesinine - BAUBAUWALL TAPEEDID","isPartOf":{"@id":"https:\/\/baubauwall.com\/et\/#website"},"primaryImageOfPage":{"@id":"https:\/\/baubauwall.com\/et\/toode\/tapeet-kuninganna-aed-helesinine\/#primaryimage"},"image":{"@id":"https:\/\/baubauwall.com\/et\/toode\/tapeet-kuninganna-aed-helesinine\/#primaryimage"},"thumbnailUrl":"https:\/\/baubauwall.com\/wp-content\/uploads\/2025\/10\/Queens_Parterre_Dugg_Egg_blue_wallpaper_Baubauwall_51100504-1.jpg","datePublished":"2025-10-05T15:21:44+00:00","dateModified":"2026-03-09T10:09:14+00:00","description":"Inglise stiilis helesinine tapeet, mille detailne muster viib m\u00f5tted m\u00f5isatesse ja lossidesse. Fliistapeet, mis sobib romantilisse kodusse v\u00f5i hoopis m\u00f5isa.","breadcrumb":{"@id":"https:\/\/baubauwall.com\/et\/toode\/tapeet-kuninganna-aed-helesinine\/#breadcrumb"},"inLanguage":"et","potentialAction":[{"@type":"ReadAction","target":["https:\/\/baubauwall.com\/et\/toode\/tapeet-kuninganna-aed-helesinine\/"]}]},{"@type":"ImageObject","inLanguage":"et","@id":"https:\/\/baubauwall.com\/et\/toode\/tapeet-kuninganna-aed-helesinine\/#primaryimage","url":"https:\/\/baubauwall.com\/wp-content\/uploads\/2025\/10\/Queens_Parterre_Dugg_Egg_blue_wallpaper_Baubauwall_51100504-1.jpg","contentUrl":"https:\/\/baubauwall.com\/wp-content\/uploads\/2025\/10\/Queens_Parterre_Dugg_Egg_blue_wallpaper_Baubauwall_51100504-1.jpg","width":1060,"height":1600,"caption":"Duck egg blue heritage wallpaper in a bathroom by Baubauwall Wallpapers."},{"@type":"BreadcrumbList","@id":"https:\/\/baubauwall.com\/et\/toode\/tapeet-kuninganna-aed-helesinine\/#breadcrumb","itemListElement":[{"@type":"ListItem","position":1,"name":"Koju","item":"https:\/\/baubauwall.com\/et\/"},{"@type":"ListItem","position":2,"name":"Tapeedid","item":"https:\/\/baubauwall.com\/et\/tapeedid\/"},{"@type":"ListItem","position":3,"name":"Kuninganna aed &#8211; helesinine"}]},{"@type":"WebSite","@id":"https:\/\/baubauwall.com\/et\/#website","url":"https:\/\/baubauwall.com\/et\/","name":"BAUBAUWALL Wallpapers","description":"Valmis paanides tapeet Eestist!","publisher":{"@id":"https:\/\/baubauwall.com\/et\/#organization"},"potentialAction":[{"@type":"SearchAction","target":{"@type":"EntryPoint","urlTemplate":"https:\/\/baubauwall.com\/et\/?s={search_term_string}"},"query-input":{"@type":"PropertyValueSpecification","valueRequired":true,"valueName":"search_term_string"}}],"inLanguage":"et"},{"@type":"Organization","@id":"https:\/\/baubauwall.com\/et\/#organization","name":"BAUBAUWALL Wallpapers","url":"https:\/\/baubauwall.com\/et\/","logo":{"@type":"ImageObject","inLanguage":"et","@id":"https:\/\/baubauwall.com\/et\/#\/schema\/logo\/image\/","url":"https:\/\/baubauwall.com\/wp-content\/uploads\/2022\/03\/logo-horizontal.svg","contentUrl":"https:\/\/baubauwall.com\/wp-content\/uploads\/2022\/03\/logo-horizontal.svg","width":"1024","height":"1024","caption":"BAUBAUWALL Wallpapers"},"image":{"@id":"https:\/\/baubauwall.com\/et\/#\/schema\/logo\/image\/"},"sameAs":["https:\/\/www.facebook.com\/Baubauwall","https:\/\/www.instagram.com\/baubauwall"]}]}},"jetpack_sharing_enabled":true,"_links":{"self":[{"href":"https:\/\/baubauwall.com\/et\/wp-json\/wp\/v2\/product\/45016","targetHints":{"allow":["GET"]}}],"collection":[{"href":"https:\/\/baubauwall.com\/et\/wp-json\/wp\/v2\/product"}],"about":[{"href":"https:\/\/baubauwall.com\/et\/wp-json\/wp\/v2\/types\/product"}],"replies":[{"embeddable":true,"href":"https:\/\/baubauwall.com\/et\/wp-json\/wp\/v2\/comments?post=45016"}],"wp:featuredmedia":[{"embeddable":true,"href":"https:\/\/baubauwall.com\/et\/wp-json\/wp\/v2\/media\/45023"}],"wp:attachment":[{"href":"https:\/\/baubauwall.com\/et\/wp-json\/wp\/v2\/media?parent=45016"}],"wp:term":[{"taxonomy":"product_brand","embeddable":true,"href":"https:\/\/baubauwall.com\/et\/wp-json\/wp\/v2\/product_brand?post=45016"},{"taxonomy":"product_cat","embeddable":true,"href":"https:\/\/baubauwall.com\/et\/wp-json\/wp\/v2\/product_cat?post=45016"},{"taxonomy":"product_tag","embeddable":true,"href":"https:\/\/baubauwall.com\/et\/wp-json\/wp\/v2\/product_tag?post=45016"}],"curies":[{"name":"wp","href":"https:\/\/api.w.org\/{rel}","templated":true}]}}