{"id":45026,"date":"2025-10-06T10:32:53","date_gmt":"2025-10-06T08:32:53","guid":{"rendered":"https:\/\/baubauwall.com\/product\/wallpaper-coquette-stripes-dusty-pink\/"},"modified":"2025-10-06T16:12:31","modified_gmt":"2025-10-06T14:12:31","slug":"tapeet-triibuline-kokett-roosa","status":"publish","type":"product","link":"https:\/\/baubauwall.com\/et\/toode\/tapeet-triibuline-kokett-roosa\/","title":{"rendered":"Triibuline kokett &#8211; roosa"},"content":{"rendered":"<p data-start=\"344\" data-end=\"661\">Triibuline roosa tapeet, mis on \u00f5rn, m\u00e4nguline ja t\u00e4is sarmi. See pole triibuline tapeet klassikalises v\u00f5tmes &#8211; triibud v\u00f5ivad olla ka kui p\u00e4rlikeed! Nii muutub klassikaline tapeedimotiiv hulga m\u00e4ngulisemaks ja pakub d\u00fcnaamikat interj\u00f6\u00f6ri. Malbe roosa taust annab tapeedidisainile elegantsi ning p\u00e4rlikee triibud lisavad seinale r\u00fctmi. Ning seda ju tead, et triibuline tapeet muudab toa visuaalselt k\u00f5rgemaks. Samuti on sellist t\u00fc\u00fcpi tapeet p\u00f5nev lisa lakke. Kujuta ette &#8211; lamad diivanil ja lagi polegi tavaline valge, vaid \u00f5rnalt triibutatud omas graatsilises r\u00fctmis.\u00a0 Roosa triibuline tapeet on ka lastetubade lemmik!<\/p>\n<p data-start=\"992\" data-end=\"1283\">Triibuline kokett on tapeedikollektsiooni \u201e<strong><a href=\"https:\/\/baubauwall.com\/et\/tootekategooria\/tapeedi-kollektsioonid\/ajatu-klassika\/\">Ajatu klassika<\/a><\/strong>\u201c kelmikas disain, mis annab traditsioonilisele tapeedile uue, t\u00e4nap\u00e4evase hingamise. See sobib nii julgete m\u00f6\u00f6blivalikute kui ka rahulikuma interj\u00f6\u00f6riga \u2013 piisavalt lihtne, et toetada teisi elemente, ent piisavalt iseloomukas, et seista ka omapead.<\/p>\n<p><strong>Miks see tapeet v\u00f5iks Sulle meeldida?<\/strong><\/p>\n<ul>\n<li>Elegantne triibuline tapeet, mis loob interj\u00f6\u00f6ris \u00f5hulise tunde<\/li>\n<li>Tapeet, mis sobib nii seinale kui ka lakke \u2013 ootamatu, ent m\u00f5juv<\/li>\n<li>Sobib \u00fchtviisi h\u00e4sti nii lastetuppa kui ka t\u00e4iskasvanute interj\u00f6\u00f6ri<\/li>\n<li>Eesti ettev\u00f5te<\/li>\n<li>Tr\u00fckime tapeedi t\u00e4pselt Sinu seina m\u00f5\u00f5dus<\/li>\n<li>Premium, matt fliistapeedi materjal, 100% taaskasutatud kiust<\/li>\n<li>M\u00fcrgivabad tr\u00fckiv\u00e4rvid, <em>Greenguard<\/em> sertifitseeritud<\/li>\n<li>Keskkonnas\u00f5bralik, j\u00e4\u00e4tmevaba tapeetimine<\/li>\n<li>Kaasa tasuta tapeediliim<\/li>\n<li>Tasuta transport ja kiire tarne 5 t\u00f6\u00f6p\u00e4evaga<\/li>\n<\/ul>\n<p>Loe l\u00e4hemalt nutikatest, eritellimust\u00f6\u00f6na valmivatest tapeetidest\u00a0<a href=\"https:\/\/baubauwall.com\/et\/keskkonnasobralikud-tapeedid\/\">siit.<\/a><\/p>\n","protected":false},"excerpt":{"rendered":"<p>Triibuline roosa tapeet, mis on \u00f5rn, m\u00e4nguline ja t\u00e4is sarmi. See pole triibuline tapeet klassikalises v\u00f5tmes &#8211; triibud v\u00f5ivad olla ka kui p\u00e4rlikeed! Nii muutub klassikaline tapeedimotiiv hulga m\u00e4ngulisemaks ja pakub d\u00fcnaamikat interj\u00f6\u00f6ri. Malbe roosa taust annab tapeedidisainile elegantsi ning p\u00e4rlikee triibud lisavad seinale r\u00fctmi. Ning seda ju tead, et triibuline tapeet muudab toa visuaalselt [&hellip;]<\/p>\n","protected":false},"featured_media":45144,"comment_status":"open","ping_status":"closed","template":"","meta":{"_acf_changed":false,"inline_featured_image":false},"product_brand":[],"product_cat":[818,386,820,395,406,388,273,278,413,400,415,416,402,699],"product_tag":[824,324],"class_list":{"0":"post-45026","1":"product","2":"type-product","3":"status-publish","4":"has-post-thumbnail","6":"product_cat-ajatu-klassika","7":"product_cat-kordusmustriga-tapeedid","8":"product_cat-triibulised-ruudulised","9":"product_cat-romantiline","10":"product_cat-klassika","11":"product_cat-vintage-et","12":"product_cat-heledad-tapeedid","13":"product_cat-roosad-tapeedid","14":"product_cat-magamistoa-tapeedid","15":"product_cat-lastetoa-tapeedid","16":"product_cat-kulalistetoa-tapeedid","17":"product_cat-esiku-tapeedid","18":"product_cat-elutoa-tapeedid","19":"product_cat-eesti-disain-tapeedid","20":"product_tag-ajatu-klassika","21":"product_tag-tudruku-tuba","23":"first","24":"instock","25":"taxable","26":"shipping-taxable","27":"purchasable","28":"product-type-simple"},"acf":[],"yoast_head":"<!-- This site is optimized with the Yoast SEO plugin v25.9 - https:\/\/yoast.com\/wordpress\/plugins\/seo\/ -->\n<title>Triibuline roosa tapeet - Triibuline kokett - roosa - BAUBAUWALL TAPEEDID<\/title>\n<meta name=\"description\" content=\"Triibuline roosa tapeet lastetuppa v\u00f5i enda magamistoa seinale. Samuti tore valik lakke, sest miks laed peavad olema ilma tapeedita?\" \/>\n<meta name=\"robots\" content=\"index, follow, max-snippet:-1, max-image-preview:large, max-video-preview:-1\" \/>\n<link rel=\"canonical\" href=\"https:\/\/baubauwall.com\/et\/toode\/tapeet-triibuline-kokett-roosa\/\" \/>\n<meta property=\"og:locale\" content=\"et_EE\" \/>\n<meta property=\"og:type\" content=\"article\" \/>\n<meta property=\"og:title\" content=\"Triibuline kokett - roosa\" \/>\n<meta property=\"og:description\" content=\"Triibuline roosa tapeet lastetuppa v\u00f5i enda magamistoa seinale. Samuti tore valik lakke, sest miks laed peavad olema ilma tapeedita?\" \/>\n<meta property=\"og:url\" content=\"https:\/\/baubauwall.com\/et\/toode\/tapeet-triibuline-kokett-roosa\/\" \/>\n<meta property=\"og:site_name\" content=\"BAUBAUWALL TAPEEDID\" \/>\n<meta property=\"article:publisher\" content=\"https:\/\/www.facebook.com\/Baubauwall\" \/>\n<meta property=\"article:modified_time\" content=\"2025-10-06T14:12:31+00:00\" \/>\n<meta name=\"twitter:card\" content=\"summary_large_image\" \/>\n<meta name=\"twitter:image\" content=\"https:\/\/baubauwall.com\/wp-content\/uploads\/2025\/10\/Ceiling_Wallpaper_Coquette_Stripes_Pink_Wallcovering_Baubauwall_51100505.jpg\" \/>\n<meta name=\"twitter:label1\" content=\"Est. reading time\" \/>\n\t<meta name=\"twitter:data1\" content=\"2 minutit\" \/>\n<script type=\"application\/ld+json\" class=\"yoast-schema-graph\">{\"@context\":\"https:\/\/schema.org\",\"@graph\":[{\"@type\":\"WebPage\",\"@id\":\"https:\/\/baubauwall.com\/et\/toode\/tapeet-triibuline-kokett-roosa\/\",\"url\":\"https:\/\/baubauwall.com\/et\/toode\/tapeet-triibuline-kokett-roosa\/\",\"name\":\"Triibuline roosa tapeet - Triibuline kokett - roosa - BAUBAUWALL TAPEEDID\",\"isPartOf\":{\"@id\":\"https:\/\/baubauwall.com\/et\/#website\"},\"primaryImageOfPage\":{\"@id\":\"https:\/\/baubauwall.com\/et\/toode\/tapeet-triibuline-kokett-roosa\/#primaryimage\"},\"image\":{\"@id\":\"https:\/\/baubauwall.com\/et\/toode\/tapeet-triibuline-kokett-roosa\/#primaryimage\"},\"thumbnailUrl\":\"https:\/\/baubauwall.com\/wp-content\/uploads\/2025\/10\/Ceiling_Wallpaper_Coquette_Stripes_Pink_Wallcovering_Baubauwall_51100505.jpg\",\"datePublished\":\"2025-10-06T08:32:53+00:00\",\"dateModified\":\"2025-10-06T14:12:31+00:00\",\"description\":\"Triibuline roosa tapeet lastetuppa v\u00f5i enda magamistoa seinale. Samuti tore valik lakke, sest miks laed peavad olema ilma tapeedita?\",\"breadcrumb\":{\"@id\":\"https:\/\/baubauwall.com\/et\/toode\/tapeet-triibuline-kokett-roosa\/#breadcrumb\"},\"inLanguage\":\"et\",\"potentialAction\":[{\"@type\":\"ReadAction\",\"target\":[\"https:\/\/baubauwall.com\/et\/toode\/tapeet-triibuline-kokett-roosa\/\"]}]},{\"@type\":\"ImageObject\",\"inLanguage\":\"et\",\"@id\":\"https:\/\/baubauwall.com\/et\/toode\/tapeet-triibuline-kokett-roosa\/#primaryimage\",\"url\":\"https:\/\/baubauwall.com\/wp-content\/uploads\/2025\/10\/Ceiling_Wallpaper_Coquette_Stripes_Pink_Wallcovering_Baubauwall_51100505.jpg\",\"contentUrl\":\"https:\/\/baubauwall.com\/wp-content\/uploads\/2025\/10\/Ceiling_Wallpaper_Coquette_Stripes_Pink_Wallcovering_Baubauwall_51100505.jpg\",\"width\":1143,\"height\":1600,\"caption\":\"Pink stripes wallpaper, installed on a ceiling of a living room. Baubauwall Wallpapers\"},{\"@type\":\"BreadcrumbList\",\"@id\":\"https:\/\/baubauwall.com\/et\/toode\/tapeet-triibuline-kokett-roosa\/#breadcrumb\",\"itemListElement\":[{\"@type\":\"ListItem\",\"position\":1,\"name\":\"Koju\",\"item\":\"https:\/\/baubauwall.com\/et\/\"},{\"@type\":\"ListItem\",\"position\":2,\"name\":\"Tapeedid\",\"item\":\"https:\/\/baubauwall.com\/et\/tapeedid\/\"},{\"@type\":\"ListItem\",\"position\":3,\"name\":\"Triibuline kokett &#8211; roosa\"}]},{\"@type\":\"WebSite\",\"@id\":\"https:\/\/baubauwall.com\/et\/#website\",\"url\":\"https:\/\/baubauwall.com\/et\/\",\"name\":\"BAUBAUWALL Wallpapers\",\"description\":\"Valmis paanides tapeet Eestist!\",\"publisher\":{\"@id\":\"https:\/\/baubauwall.com\/et\/#organization\"},\"potentialAction\":[{\"@type\":\"SearchAction\",\"target\":{\"@type\":\"EntryPoint\",\"urlTemplate\":\"https:\/\/baubauwall.com\/et\/?s={search_term_string}\"},\"query-input\":{\"@type\":\"PropertyValueSpecification\",\"valueRequired\":true,\"valueName\":\"search_term_string\"}}],\"inLanguage\":\"et\"},{\"@type\":\"Organization\",\"@id\":\"https:\/\/baubauwall.com\/et\/#organization\",\"name\":\"BAUBAUWALL Wallpapers\",\"url\":\"https:\/\/baubauwall.com\/et\/\",\"logo\":{\"@type\":\"ImageObject\",\"inLanguage\":\"et\",\"@id\":\"https:\/\/baubauwall.com\/et\/#\/schema\/logo\/image\/\",\"url\":\"https:\/\/baubauwall.com\/wp-content\/uploads\/2022\/03\/logo-horizontal.svg\",\"contentUrl\":\"https:\/\/baubauwall.com\/wp-content\/uploads\/2022\/03\/logo-horizontal.svg\",\"width\":\"1024\",\"height\":\"1024\",\"caption\":\"BAUBAUWALL Wallpapers\"},\"image\":{\"@id\":\"https:\/\/baubauwall.com\/et\/#\/schema\/logo\/image\/\"},\"sameAs\":[\"https:\/\/www.facebook.com\/Baubauwall\",\"https:\/\/www.instagram.com\/baubauwall\"]}]}<\/script>\n<!-- \/ Yoast SEO plugin. -->","yoast_head_json":{"title":"Triibuline roosa tapeet - Triibuline kokett - roosa - BAUBAUWALL TAPEEDID","description":"Triibuline roosa tapeet lastetuppa v\u00f5i enda magamistoa seinale. Samuti tore valik lakke, sest miks laed peavad olema ilma tapeedita?","robots":{"index":"index","follow":"follow","max-snippet":"max-snippet:-1","max-image-preview":"max-image-preview:large","max-video-preview":"max-video-preview:-1"},"canonical":"https:\/\/baubauwall.com\/et\/toode\/tapeet-triibuline-kokett-roosa\/","og_locale":"et_EE","og_type":"article","og_title":"Triibuline kokett - roosa","og_description":"Triibuline roosa tapeet lastetuppa v\u00f5i enda magamistoa seinale. Samuti tore valik lakke, sest miks laed peavad olema ilma tapeedita?","og_url":"https:\/\/baubauwall.com\/et\/toode\/tapeet-triibuline-kokett-roosa\/","og_site_name":"BAUBAUWALL TAPEEDID","article_publisher":"https:\/\/www.facebook.com\/Baubauwall","article_modified_time":"2025-10-06T14:12:31+00:00","twitter_card":"summary_large_image","twitter_image":"https:\/\/baubauwall.com\/wp-content\/uploads\/2025\/10\/Ceiling_Wallpaper_Coquette_Stripes_Pink_Wallcovering_Baubauwall_51100505.jpg","twitter_misc":{"Est. reading time":"2 minutit"},"schema":{"@context":"https:\/\/schema.org","@graph":[{"@type":"WebPage","@id":"https:\/\/baubauwall.com\/et\/toode\/tapeet-triibuline-kokett-roosa\/","url":"https:\/\/baubauwall.com\/et\/toode\/tapeet-triibuline-kokett-roosa\/","name":"Triibuline roosa tapeet - Triibuline kokett - roosa - BAUBAUWALL TAPEEDID","isPartOf":{"@id":"https:\/\/baubauwall.com\/et\/#website"},"primaryImageOfPage":{"@id":"https:\/\/baubauwall.com\/et\/toode\/tapeet-triibuline-kokett-roosa\/#primaryimage"},"image":{"@id":"https:\/\/baubauwall.com\/et\/toode\/tapeet-triibuline-kokett-roosa\/#primaryimage"},"thumbnailUrl":"https:\/\/baubauwall.com\/wp-content\/uploads\/2025\/10\/Ceiling_Wallpaper_Coquette_Stripes_Pink_Wallcovering_Baubauwall_51100505.jpg","datePublished":"2025-10-06T08:32:53+00:00","dateModified":"2025-10-06T14:12:31+00:00","description":"Triibuline roosa tapeet lastetuppa v\u00f5i enda magamistoa seinale. Samuti tore valik lakke, sest miks laed peavad olema ilma tapeedita?","breadcrumb":{"@id":"https:\/\/baubauwall.com\/et\/toode\/tapeet-triibuline-kokett-roosa\/#breadcrumb"},"inLanguage":"et","potentialAction":[{"@type":"ReadAction","target":["https:\/\/baubauwall.com\/et\/toode\/tapeet-triibuline-kokett-roosa\/"]}]},{"@type":"ImageObject","inLanguage":"et","@id":"https:\/\/baubauwall.com\/et\/toode\/tapeet-triibuline-kokett-roosa\/#primaryimage","url":"https:\/\/baubauwall.com\/wp-content\/uploads\/2025\/10\/Ceiling_Wallpaper_Coquette_Stripes_Pink_Wallcovering_Baubauwall_51100505.jpg","contentUrl":"https:\/\/baubauwall.com\/wp-content\/uploads\/2025\/10\/Ceiling_Wallpaper_Coquette_Stripes_Pink_Wallcovering_Baubauwall_51100505.jpg","width":1143,"height":1600,"caption":"Pink stripes wallpaper, installed on a ceiling of a living room. Baubauwall Wallpapers"},{"@type":"BreadcrumbList","@id":"https:\/\/baubauwall.com\/et\/toode\/tapeet-triibuline-kokett-roosa\/#breadcrumb","itemListElement":[{"@type":"ListItem","position":1,"name":"Koju","item":"https:\/\/baubauwall.com\/et\/"},{"@type":"ListItem","position":2,"name":"Tapeedid","item":"https:\/\/baubauwall.com\/et\/tapeedid\/"},{"@type":"ListItem","position":3,"name":"Triibuline kokett &#8211; roosa"}]},{"@type":"WebSite","@id":"https:\/\/baubauwall.com\/et\/#website","url":"https:\/\/baubauwall.com\/et\/","name":"BAUBAUWALL Wallpapers","description":"Valmis paanides tapeet Eestist!","publisher":{"@id":"https:\/\/baubauwall.com\/et\/#organization"},"potentialAction":[{"@type":"SearchAction","target":{"@type":"EntryPoint","urlTemplate":"https:\/\/baubauwall.com\/et\/?s={search_term_string}"},"query-input":{"@type":"PropertyValueSpecification","valueRequired":true,"valueName":"search_term_string"}}],"inLanguage":"et"},{"@type":"Organization","@id":"https:\/\/baubauwall.com\/et\/#organization","name":"BAUBAUWALL Wallpapers","url":"https:\/\/baubauwall.com\/et\/","logo":{"@type":"ImageObject","inLanguage":"et","@id":"https:\/\/baubauwall.com\/et\/#\/schema\/logo\/image\/","url":"https:\/\/baubauwall.com\/wp-content\/uploads\/2022\/03\/logo-horizontal.svg","contentUrl":"https:\/\/baubauwall.com\/wp-content\/uploads\/2022\/03\/logo-horizontal.svg","width":"1024","height":"1024","caption":"BAUBAUWALL Wallpapers"},"image":{"@id":"https:\/\/baubauwall.com\/et\/#\/schema\/logo\/image\/"},"sameAs":["https:\/\/www.facebook.com\/Baubauwall","https:\/\/www.instagram.com\/baubauwall"]}]}},"jetpack_sharing_enabled":true,"_links":{"self":[{"href":"https:\/\/baubauwall.com\/et\/wp-json\/wp\/v2\/product\/45026","targetHints":{"allow":["GET"]}}],"collection":[{"href":"https:\/\/baubauwall.com\/et\/wp-json\/wp\/v2\/product"}],"about":[{"href":"https:\/\/baubauwall.com\/et\/wp-json\/wp\/v2\/types\/product"}],"replies":[{"embeddable":true,"href":"https:\/\/baubauwall.com\/et\/wp-json\/wp\/v2\/comments?post=45026"}],"wp:featuredmedia":[{"embeddable":true,"href":"https:\/\/baubauwall.com\/et\/wp-json\/wp\/v2\/media\/45144"}],"wp:attachment":[{"href":"https:\/\/baubauwall.com\/et\/wp-json\/wp\/v2\/media?parent=45026"}],"wp:term":[{"taxonomy":"product_brand","embeddable":true,"href":"https:\/\/baubauwall.com\/et\/wp-json\/wp\/v2\/product_brand?post=45026"},{"taxonomy":"product_cat","embeddable":true,"href":"https:\/\/baubauwall.com\/et\/wp-json\/wp\/v2\/product_cat?post=45026"},{"taxonomy":"product_tag","embeddable":true,"href":"https:\/\/baubauwall.com\/et\/wp-json\/wp\/v2\/product_tag?post=45026"}],"curies":[{"name":"wp","href":"https:\/\/api.w.org\/{rel}","templated":true}]}}