{"id":45065,"date":"2025-10-03T10:20:47","date_gmt":"2025-10-03T08:20:47","guid":{"rendered":"https:\/\/baubauwall.com\/product\/wallpaper-unicorn-parade-beige\/"},"modified":"2025-10-07T14:57:23","modified_gmt":"2025-10-07T12:57:23","slug":"tapeet-ukssarvikute-paraad-beez","status":"publish","type":"product","link":"https:\/\/baubauwall.com\/et\/toode\/tapeet-ukssarvikute-paraad-beez\/","title":{"rendered":"\u00dckssarvikute paraad &#8211; bee\u017e"},"content":{"rendered":"<p data-start=\"34\" data-end=\"195\">On legende, mis r\u00e4\u00e4givad, et \u00fckssarvik toob koju head \u00f5nne. M\u00f5ni \u00fctleb, et rahu. M\u00f5ni \u2013 et lihtsalt parema tuju. Meie Baubauwallis \u00fctleme: miks mitte k\u00f5ik kolm korraga? Siin on \u00fckssarvikutega bee\u017e tapeet koju, mis on loodud neile, kes ei v\u00f5ta elu liiga t\u00f5siselt, kuid armastavad ilu ja veidi m\u00fcstikat. Muster on klassikaline nagu antiikne damask, aga kui vaatad l\u00e4hemalt, m\u00e4rkad \u2013 need ei ole mitte lilled ega lehed, vaid uhked \u00fckssarvikud, kes marsivad su seinal!<\/p>\n<p data-start=\"529\" data-end=\"807\">Bee\u017e toon hoiab k\u00f5ik elegantse ja rahuliku, nii et see sobib mitte ainult lastetuppa, vaid ka enda magamistuppa, elutuppa v\u00f5i stiilsesse kodukontorisse. P\u00e4ikesevalgus toob mustrisse elu, ja \u00f5htuh\u00e4maruses tekib tunne, nagu valvaksid su kodu m\u00fcstilised olendid ise.<\/p>\n<p data-start=\"392\" data-end=\"595\"><strong>Tapeedi autor on disainer\u00a0<a href=\"https:\/\/lemontxt.design\/\">Monika Lechner.<\/a>Tema armastus ajalooliste detailide ja tapeedimustrite vastu ongi vormitud\u00a0<a href=\"https:\/\/baubauwall.com\/et\/tootekategooria\/tapeedi-kollektsioonid\/ajatu-klassika\/\" target=\"_blank\" rel=\"noopener\">Ajatu klassika\u00a0tapeedikollektsiooni.<\/a>\u00a0Need tapeedid on loodud Sulle, kes hindad kvaliteeti, lugusid ja v\u00e4ikseid detaile, mis teevad kodust kodu.<\/strong><\/p>\n<p><strong>Miks see tapeet v\u00f5iks Sulle meeldida?<\/strong><\/p>\n<ul>\n<li>Sa ju armastad \u00fckssarvikuid!<\/li>\n<li>Eesti ettev\u00f5te<\/li>\n<li>Tr\u00fckime tapeedi t\u00e4pselt Sinu seina m\u00f5\u00f5dus<\/li>\n<li>Premium, matt fliistapeedi materjal, 100% taaskasutatud kiust<\/li>\n<li>M\u00fcrgivabad tr\u00fckiv\u00e4rvid,\u00a0<em>Greenguard<\/em>\u00a0sertifitseeritud<\/li>\n<li>Keskkonnas\u00f5bralik, j\u00e4\u00e4tmevaba tapeetimine<\/li>\n<li>Kaasa tasuta tapeediliim<\/li>\n<li>Tasuta transport ja kiire tarne 5 t\u00f6\u00f6p\u00e4evaga<\/li>\n<\/ul>\n","protected":false},"excerpt":{"rendered":"<p>On legende, mis r\u00e4\u00e4givad, et \u00fckssarvik toob koju head \u00f5nne. M\u00f5ni \u00fctleb, et rahu. M\u00f5ni \u2013 et lihtsalt parema tuju. Meie Baubauwallis \u00fctleme: miks mitte k\u00f5ik kolm korraga? Siin on \u00fckssarvikutega bee\u017e tapeet koju, mis on loodud neile, kes ei v\u00f5ta elu liiga t\u00f5siselt, kuid armastavad ilu ja veidi m\u00fcstikat. Muster on klassikaline nagu antiikne [&hellip;]<\/p>\n","protected":false},"featured_media":45072,"comment_status":"open","ping_status":"closed","template":"","meta":{"_acf_changed":false,"inline_featured_image":false},"product_brand":[],"product_cat":[818,386,395,406,394,388,265,413,400,414,415,416,399,402,699,255],"product_tag":[824,817],"class_list":{"0":"post-45065","1":"product","2":"type-product","3":"status-publish","4":"has-post-thumbnail","6":"product_cat-ajatu-klassika","7":"product_cat-kordusmustriga-tapeedid","8":"product_cat-romantiline","9":"product_cat-klassika","10":"product_cat-rikkalik","11":"product_cat-vintage-et","12":"product_cat-beezid-tapeedid","13":"product_cat-magamistoa-tapeedid","14":"product_cat-lastetoa-tapeedid","15":"product_cat-soogitoa-tapeedid","16":"product_cat-kulalistetoa-tapeedid","17":"product_cat-esiku-tapeedid","18":"product_cat-kodukontori-tapeedid","19":"product_cat-elutoa-tapeedid","20":"product_cat-eesti-disain-tapeedid","21":"product_cat-loomad","22":"product_tag-ajatu-klassika","23":"product_tag-ukssarvikud","25":"first","26":"instock","27":"taxable","28":"shipping-taxable","29":"purchasable","30":"product-type-simple"},"acf":[],"yoast_head":"<!-- This site is optimized with the Yoast SEO plugin v25.9 - https:\/\/yoast.com\/wordpress\/plugins\/seo\/ -->\n<title>Bee\u017e \u00fckssarvikutega tapeet - \u00dckssarvikute paraad - bee\u017e - BAUBAUWALL TAPEEDID<\/title>\n<meta name=\"description\" content=\"Bee\u017e \u00fckssarvikutega tapeet lastele v\u00f5i t\u00e4iskasvanutele. Sest kes neid m\u00fc\u00fctilisi loomasid ei armastaks? Too nad koju tapeedil. Fliistapeedid Eestist.\" \/>\n<meta name=\"robots\" content=\"index, follow, max-snippet:-1, max-image-preview:large, max-video-preview:-1\" \/>\n<link rel=\"canonical\" href=\"https:\/\/baubauwall.com\/et\/toode\/tapeet-ukssarvikute-paraad-beez\/\" \/>\n<meta property=\"og:locale\" content=\"et_EE\" \/>\n<meta property=\"og:type\" content=\"article\" \/>\n<meta property=\"og:title\" content=\"\u00dckssarvikute paraad - bee\u017e\" \/>\n<meta property=\"og:description\" content=\"Bee\u017e \u00fckssarvikutega tapeet lastele v\u00f5i t\u00e4iskasvanutele. Sest kes neid m\u00fc\u00fctilisi loomasid ei armastaks? Too nad koju tapeedil. Fliistapeedid Eestist.\" \/>\n<meta property=\"og:url\" content=\"https:\/\/baubauwall.com\/et\/toode\/tapeet-ukssarvikute-paraad-beez\/\" \/>\n<meta property=\"og:site_name\" content=\"BAUBAUWALL TAPEEDID\" \/>\n<meta property=\"article:publisher\" content=\"https:\/\/www.facebook.com\/Baubauwall\" \/>\n<meta property=\"article:modified_time\" content=\"2025-10-07T12:57:23+00:00\" \/>\n<meta property=\"og:image\" content=\"https:\/\/baubauwall.com\/wp-content\/uploads\/2025\/10\/Unicorn_Parade_Beige_Wallpaper_Baubuawall_51100510-2.jpg\" \/>\n\t<meta property=\"og:image:width\" content=\"1047\" \/>\n\t<meta property=\"og:image:height\" content=\"1600\" \/>\n\t<meta property=\"og:image:type\" content=\"image\/jpeg\" \/>\n<meta name=\"twitter:card\" content=\"summary_large_image\" \/>\n<meta name=\"twitter:label1\" content=\"Est. reading time\" \/>\n\t<meta name=\"twitter:data1\" content=\"2 minutit\" \/>\n<script type=\"application\/ld+json\" class=\"yoast-schema-graph\">{\"@context\":\"https:\/\/schema.org\",\"@graph\":[{\"@type\":\"WebPage\",\"@id\":\"https:\/\/baubauwall.com\/et\/toode\/tapeet-ukssarvikute-paraad-beez\/\",\"url\":\"https:\/\/baubauwall.com\/et\/toode\/tapeet-ukssarvikute-paraad-beez\/\",\"name\":\"Bee\u017e \u00fckssarvikutega tapeet - \u00dckssarvikute paraad - bee\u017e - BAUBAUWALL TAPEEDID\",\"isPartOf\":{\"@id\":\"https:\/\/baubauwall.com\/et\/#website\"},\"primaryImageOfPage\":{\"@id\":\"https:\/\/baubauwall.com\/et\/toode\/tapeet-ukssarvikute-paraad-beez\/#primaryimage\"},\"image\":{\"@id\":\"https:\/\/baubauwall.com\/et\/toode\/tapeet-ukssarvikute-paraad-beez\/#primaryimage\"},\"thumbnailUrl\":\"https:\/\/baubauwall.com\/wp-content\/uploads\/2025\/10\/Unicorn_Parade_Beige_Wallpaper_Baubuawall_51100510-2.jpg\",\"datePublished\":\"2025-10-03T08:20:47+00:00\",\"dateModified\":\"2025-10-07T12:57:23+00:00\",\"description\":\"Bee\u017e \u00fckssarvikutega tapeet lastele v\u00f5i t\u00e4iskasvanutele. Sest kes neid m\u00fc\u00fctilisi loomasid ei armastaks? Too nad koju tapeedil. Fliistapeedid Eestist.\",\"breadcrumb\":{\"@id\":\"https:\/\/baubauwall.com\/et\/toode\/tapeet-ukssarvikute-paraad-beez\/#breadcrumb\"},\"inLanguage\":\"et\",\"potentialAction\":[{\"@type\":\"ReadAction\",\"target\":[\"https:\/\/baubauwall.com\/et\/toode\/tapeet-ukssarvikute-paraad-beez\/\"]}]},{\"@type\":\"ImageObject\",\"inLanguage\":\"et\",\"@id\":\"https:\/\/baubauwall.com\/et\/toode\/tapeet-ukssarvikute-paraad-beez\/#primaryimage\",\"url\":\"https:\/\/baubauwall.com\/wp-content\/uploads\/2025\/10\/Unicorn_Parade_Beige_Wallpaper_Baubuawall_51100510-2.jpg\",\"contentUrl\":\"https:\/\/baubauwall.com\/wp-content\/uploads\/2025\/10\/Unicorn_Parade_Beige_Wallpaper_Baubuawall_51100510-2.jpg\",\"width\":1047,\"height\":1600,\"caption\":\"Kids room wallpaper in dark beige with unicorns by Baubauwall Wallpapers\"},{\"@type\":\"BreadcrumbList\",\"@id\":\"https:\/\/baubauwall.com\/et\/toode\/tapeet-ukssarvikute-paraad-beez\/#breadcrumb\",\"itemListElement\":[{\"@type\":\"ListItem\",\"position\":1,\"name\":\"Koju\",\"item\":\"https:\/\/baubauwall.com\/et\/\"},{\"@type\":\"ListItem\",\"position\":2,\"name\":\"Tapeedid\",\"item\":\"https:\/\/baubauwall.com\/et\/tapeedid\/\"},{\"@type\":\"ListItem\",\"position\":3,\"name\":\"\u00dckssarvikute paraad &#8211; bee\u017e\"}]},{\"@type\":\"WebSite\",\"@id\":\"https:\/\/baubauwall.com\/et\/#website\",\"url\":\"https:\/\/baubauwall.com\/et\/\",\"name\":\"BAUBAUWALL Wallpapers\",\"description\":\"Valmis paanides tapeet Eestist!\",\"publisher\":{\"@id\":\"https:\/\/baubauwall.com\/et\/#organization\"},\"potentialAction\":[{\"@type\":\"SearchAction\",\"target\":{\"@type\":\"EntryPoint\",\"urlTemplate\":\"https:\/\/baubauwall.com\/et\/?s={search_term_string}\"},\"query-input\":{\"@type\":\"PropertyValueSpecification\",\"valueRequired\":true,\"valueName\":\"search_term_string\"}}],\"inLanguage\":\"et\"},{\"@type\":\"Organization\",\"@id\":\"https:\/\/baubauwall.com\/et\/#organization\",\"name\":\"BAUBAUWALL Wallpapers\",\"url\":\"https:\/\/baubauwall.com\/et\/\",\"logo\":{\"@type\":\"ImageObject\",\"inLanguage\":\"et\",\"@id\":\"https:\/\/baubauwall.com\/et\/#\/schema\/logo\/image\/\",\"url\":\"https:\/\/baubauwall.com\/wp-content\/uploads\/2022\/03\/logo-horizontal.svg\",\"contentUrl\":\"https:\/\/baubauwall.com\/wp-content\/uploads\/2022\/03\/logo-horizontal.svg\",\"width\":\"1024\",\"height\":\"1024\",\"caption\":\"BAUBAUWALL Wallpapers\"},\"image\":{\"@id\":\"https:\/\/baubauwall.com\/et\/#\/schema\/logo\/image\/\"},\"sameAs\":[\"https:\/\/www.facebook.com\/Baubauwall\",\"https:\/\/www.instagram.com\/baubauwall\"]}]}<\/script>\n<!-- \/ Yoast SEO plugin. -->","yoast_head_json":{"title":"Bee\u017e \u00fckssarvikutega tapeet - \u00dckssarvikute paraad - bee\u017e - BAUBAUWALL TAPEEDID","description":"Bee\u017e \u00fckssarvikutega tapeet lastele v\u00f5i t\u00e4iskasvanutele. Sest kes neid m\u00fc\u00fctilisi loomasid ei armastaks? Too nad koju tapeedil. Fliistapeedid Eestist.","robots":{"index":"index","follow":"follow","max-snippet":"max-snippet:-1","max-image-preview":"max-image-preview:large","max-video-preview":"max-video-preview:-1"},"canonical":"https:\/\/baubauwall.com\/et\/toode\/tapeet-ukssarvikute-paraad-beez\/","og_locale":"et_EE","og_type":"article","og_title":"\u00dckssarvikute paraad - bee\u017e","og_description":"Bee\u017e \u00fckssarvikutega tapeet lastele v\u00f5i t\u00e4iskasvanutele. Sest kes neid m\u00fc\u00fctilisi loomasid ei armastaks? Too nad koju tapeedil. Fliistapeedid Eestist.","og_url":"https:\/\/baubauwall.com\/et\/toode\/tapeet-ukssarvikute-paraad-beez\/","og_site_name":"BAUBAUWALL TAPEEDID","article_publisher":"https:\/\/www.facebook.com\/Baubauwall","article_modified_time":"2025-10-07T12:57:23+00:00","og_image":[{"width":1047,"height":1600,"url":"https:\/\/baubauwall.com\/wp-content\/uploads\/2025\/10\/Unicorn_Parade_Beige_Wallpaper_Baubuawall_51100510-2.jpg","type":"image\/jpeg"}],"twitter_card":"summary_large_image","twitter_misc":{"Est. reading time":"2 minutit"},"schema":{"@context":"https:\/\/schema.org","@graph":[{"@type":"WebPage","@id":"https:\/\/baubauwall.com\/et\/toode\/tapeet-ukssarvikute-paraad-beez\/","url":"https:\/\/baubauwall.com\/et\/toode\/tapeet-ukssarvikute-paraad-beez\/","name":"Bee\u017e \u00fckssarvikutega tapeet - \u00dckssarvikute paraad - bee\u017e - BAUBAUWALL TAPEEDID","isPartOf":{"@id":"https:\/\/baubauwall.com\/et\/#website"},"primaryImageOfPage":{"@id":"https:\/\/baubauwall.com\/et\/toode\/tapeet-ukssarvikute-paraad-beez\/#primaryimage"},"image":{"@id":"https:\/\/baubauwall.com\/et\/toode\/tapeet-ukssarvikute-paraad-beez\/#primaryimage"},"thumbnailUrl":"https:\/\/baubauwall.com\/wp-content\/uploads\/2025\/10\/Unicorn_Parade_Beige_Wallpaper_Baubuawall_51100510-2.jpg","datePublished":"2025-10-03T08:20:47+00:00","dateModified":"2025-10-07T12:57:23+00:00","description":"Bee\u017e \u00fckssarvikutega tapeet lastele v\u00f5i t\u00e4iskasvanutele. Sest kes neid m\u00fc\u00fctilisi loomasid ei armastaks? Too nad koju tapeedil. Fliistapeedid Eestist.","breadcrumb":{"@id":"https:\/\/baubauwall.com\/et\/toode\/tapeet-ukssarvikute-paraad-beez\/#breadcrumb"},"inLanguage":"et","potentialAction":[{"@type":"ReadAction","target":["https:\/\/baubauwall.com\/et\/toode\/tapeet-ukssarvikute-paraad-beez\/"]}]},{"@type":"ImageObject","inLanguage":"et","@id":"https:\/\/baubauwall.com\/et\/toode\/tapeet-ukssarvikute-paraad-beez\/#primaryimage","url":"https:\/\/baubauwall.com\/wp-content\/uploads\/2025\/10\/Unicorn_Parade_Beige_Wallpaper_Baubuawall_51100510-2.jpg","contentUrl":"https:\/\/baubauwall.com\/wp-content\/uploads\/2025\/10\/Unicorn_Parade_Beige_Wallpaper_Baubuawall_51100510-2.jpg","width":1047,"height":1600,"caption":"Kids room wallpaper in dark beige with unicorns by Baubauwall Wallpapers"},{"@type":"BreadcrumbList","@id":"https:\/\/baubauwall.com\/et\/toode\/tapeet-ukssarvikute-paraad-beez\/#breadcrumb","itemListElement":[{"@type":"ListItem","position":1,"name":"Koju","item":"https:\/\/baubauwall.com\/et\/"},{"@type":"ListItem","position":2,"name":"Tapeedid","item":"https:\/\/baubauwall.com\/et\/tapeedid\/"},{"@type":"ListItem","position":3,"name":"\u00dckssarvikute paraad &#8211; bee\u017e"}]},{"@type":"WebSite","@id":"https:\/\/baubauwall.com\/et\/#website","url":"https:\/\/baubauwall.com\/et\/","name":"BAUBAUWALL Wallpapers","description":"Valmis paanides tapeet Eestist!","publisher":{"@id":"https:\/\/baubauwall.com\/et\/#organization"},"potentialAction":[{"@type":"SearchAction","target":{"@type":"EntryPoint","urlTemplate":"https:\/\/baubauwall.com\/et\/?s={search_term_string}"},"query-input":{"@type":"PropertyValueSpecification","valueRequired":true,"valueName":"search_term_string"}}],"inLanguage":"et"},{"@type":"Organization","@id":"https:\/\/baubauwall.com\/et\/#organization","name":"BAUBAUWALL Wallpapers","url":"https:\/\/baubauwall.com\/et\/","logo":{"@type":"ImageObject","inLanguage":"et","@id":"https:\/\/baubauwall.com\/et\/#\/schema\/logo\/image\/","url":"https:\/\/baubauwall.com\/wp-content\/uploads\/2022\/03\/logo-horizontal.svg","contentUrl":"https:\/\/baubauwall.com\/wp-content\/uploads\/2022\/03\/logo-horizontal.svg","width":"1024","height":"1024","caption":"BAUBAUWALL Wallpapers"},"image":{"@id":"https:\/\/baubauwall.com\/et\/#\/schema\/logo\/image\/"},"sameAs":["https:\/\/www.facebook.com\/Baubauwall","https:\/\/www.instagram.com\/baubauwall"]}]}},"jetpack_sharing_enabled":true,"_links":{"self":[{"href":"https:\/\/baubauwall.com\/et\/wp-json\/wp\/v2\/product\/45065","targetHints":{"allow":["GET"]}}],"collection":[{"href":"https:\/\/baubauwall.com\/et\/wp-json\/wp\/v2\/product"}],"about":[{"href":"https:\/\/baubauwall.com\/et\/wp-json\/wp\/v2\/types\/product"}],"replies":[{"embeddable":true,"href":"https:\/\/baubauwall.com\/et\/wp-json\/wp\/v2\/comments?post=45065"}],"wp:featuredmedia":[{"embeddable":true,"href":"https:\/\/baubauwall.com\/et\/wp-json\/wp\/v2\/media\/45072"}],"wp:attachment":[{"href":"https:\/\/baubauwall.com\/et\/wp-json\/wp\/v2\/media?parent=45065"}],"wp:term":[{"taxonomy":"product_brand","embeddable":true,"href":"https:\/\/baubauwall.com\/et\/wp-json\/wp\/v2\/product_brand?post=45065"},{"taxonomy":"product_cat","embeddable":true,"href":"https:\/\/baubauwall.com\/et\/wp-json\/wp\/v2\/product_cat?post=45065"},{"taxonomy":"product_tag","embeddable":true,"href":"https:\/\/baubauwall.com\/et\/wp-json\/wp\/v2\/product_tag?post=45065"}],"curies":[{"name":"wp","href":"https:\/\/api.w.org\/{rel}","templated":true}]}}