{"id":45081,"date":"2025-10-06T04:38:39","date_gmt":"2025-10-06T02:38:39","guid":{"rendered":"https:\/\/baubauwall.com\/product\/wallpaper-ballroom-brocade-mustard\/"},"modified":"2025-10-07T09:31:55","modified_gmt":"2025-10-07T07:31:55","slug":"tapeet-ohtu-ballisaalis-sinep","status":"publish","type":"product","link":"https:\/\/baubauwall.com\/et\/toode\/tapeet-ohtu-ballisaalis-sinep\/","title":{"rendered":"\u00d5htu ballisaalis &#8211; sinep"},"content":{"rendered":"<p data-start=\"31\" data-end=\"352\">Sinepiv\u00e4rvi kordusmustriga tapeet, mis m\u00f5jub efektselt. \u00d5htu ballisaalis toob veidi vanaaegse tapeedi rikkaliku mustri t\u00e4nap\u00e4eva \u2013 s\u00fcgavates sinepikarva toonides, milles on iseloomu! Tulemuseks on stiilne ja elegantne tapeet, mida on \u00fcllatavalt lihtne sobitada ka kaasaegsesse interj\u00f6\u00f6ri. Brokaatne muster jookseb seinal justkui pidulik tants, lisades interj\u00f6\u00f6rile r\u00fctmi ja v\u00e4ljapeetuse.<\/p>\n<p data-start=\"573\" data-end=\"956\"><strong data-start=\"573\" data-end=\"590\">Kus kasutada:<\/strong><br data-start=\"590\" data-end=\"593\" \/>Sinepiv\u00e4rvi tapeet sobib h\u00e4sti s\u00f6\u00f6gituppa, magamistuppa v\u00f5i n\u00e4iteks elutoa \u00fchele seinale. Kui soovid klassikalise h\u00f5nguga kodu, kasuta seda toa mitmel seinal; kui eelistad tagasihoidlikumat lahendust, piisab \u00fchest aktsentseinast. See tapeet sobib kokku tumeroheliste tekstiilide, puidutoonide ja antiikse m\u00f6\u00f6bliga.<\/p>\n<p data-start=\"392\" data-end=\"595\">Kollektsiooni autor on disainer\u00a0<strong data-start=\"915\" data-end=\"933\"><a href=\"https:\/\/lemontxt.design\/\">Monika Lechner.<\/a>\u00a0<\/strong>Tema armastus ajalooliste detailide ja tapeedimustrite vastu ongi vormitud <a href=\"https:\/\/baubauwall.com\/et\/tootekategooria\/tapeedi-kollektsioonid\/ajatu-klassika\/\" target=\"_blank\" rel=\"noopener\">Ajatu klassika tapeedikollektsiooni.<\/a> Need tapeedid on loodud Sulle, kes hindad kvaliteeti, lugusid ja v\u00e4ikseid detaile, mis teevad kodust kodu.<\/p>\n<p><strong>Miks see tapeet v\u00f5iks Sulle meeldida?<\/strong><\/p>\n<ul>\n<li>Tore <em>vintage<\/em> stiilis tapeet, mis loob interj\u00f6\u00f6ris piduliku tunde<\/li>\n<li>Eesti ettev\u00f5te<\/li>\n<li>Tr\u00fckime tapeedi t\u00e4pselt Sinu seina m\u00f5\u00f5dus<\/li>\n<li>Premium, matt fliistapeedi materjal, 100% taaskasutatud kiust<\/li>\n<li>M\u00fcrgivabad tr\u00fckiv\u00e4rvid,\u00a0<em>Greenguard<\/em>\u00a0sertifitseeritud<\/li>\n<li>Keskkonnas\u00f5bralik, j\u00e4\u00e4tmevaba tapeetimine<\/li>\n<li>Kaasa tasuta tapeediliim<\/li>\n<li>Tasuta transport ja kiire tarne 5 t\u00f6\u00f6p\u00e4evaga<\/li>\n<\/ul>\n<p>Loe l\u00e4hemalt nutikatest, eritellimust\u00f6\u00f6na valmivatest tapeetidest\u00a0<a href=\"https:\/\/baubauwall.com\/et\/keskkonnasobralikud-tapeedid\/\">siit.<\/a><\/p>\n","protected":false},"excerpt":{"rendered":"<p>Sinepiv\u00e4rvi kordusmustriga tapeet, mis m\u00f5jub efektselt. \u00d5htu ballisaalis toob veidi vanaaegse tapeedi rikkaliku mustri t\u00e4nap\u00e4eva \u2013 s\u00fcgavates sinepikarva toonides, milles on iseloomu! Tulemuseks on stiilne ja elegantne tapeet, mida on \u00fcllatavalt lihtne sobitada ka kaasaegsesse interj\u00f6\u00f6ri. Brokaatne muster jookseb seinal justkui pidulik tants, lisades interj\u00f6\u00f6rile r\u00fctmi ja v\u00e4ljapeetuse. Kus kasutada:Sinepiv\u00e4rvi tapeet sobib h\u00e4sti s\u00f6\u00f6gituppa, magamistuppa [&hellip;]<\/p>\n","protected":false},"featured_media":45073,"comment_status":"open","ping_status":"closed","template":"","meta":{"_acf_changed":false,"inline_featured_image":false},"product_brand":[],"product_cat":[818,386,406,447,405,388,270,411,752,414,415,416,402,699],"product_tag":[824],"class_list":{"0":"post-45081","1":"product","2":"type-product","3":"status-publish","4":"has-post-thumbnail","6":"product_cat-ajatu-klassika","7":"product_cat-kordusmustriga-tapeedid","8":"product_cat-klassika","9":"product_cat-maksimalistlik-et","10":"product_cat-art-deco","11":"product_cat-vintage-et","12":"product_cat-tumedad-tapeedid","13":"product_cat-kollased-tapeedid","14":"product_cat-avalik-ruum","15":"product_cat-soogitoa-tapeedid","16":"product_cat-kulalistetoa-tapeedid","17":"product_cat-esiku-tapeedid","18":"product_cat-elutoa-tapeedid","19":"product_cat-eesti-disain-tapeedid","20":"product_tag-ajatu-klassika","22":"first","23":"instock","24":"taxable","25":"shipping-taxable","26":"purchasable","27":"product-type-simple"},"acf":[],"yoast_head":"<!-- This site is optimized with the Yoast SEO plugin v25.9 - https:\/\/yoast.com\/wordpress\/plugins\/seo\/ -->\n<title>Sinepiv\u00e4rvi tapeet \u00d5htu ballisaalis. Baubauwall tapeedid<\/title>\n<meta name=\"description\" content=\"Sinepiv\u00e4rvi tapeet, mis loob interj\u00f6\u00f6ris hubase tunde ja omamoodi pidulikkuse. Tapeedi selle tapeediga magamistoa \u00fcks sein v\u00f5i mitu. Fliistapeet.\" \/>\n<meta name=\"robots\" content=\"index, follow, max-snippet:-1, max-image-preview:large, max-video-preview:-1\" \/>\n<link rel=\"canonical\" href=\"https:\/\/baubauwall.com\/et\/toode\/tapeet-ohtu-ballisaalis-sinep\/\" \/>\n<meta property=\"og:locale\" content=\"et_EE\" \/>\n<meta property=\"og:type\" content=\"article\" \/>\n<meta property=\"og:title\" content=\"\u00d5htu ballisaalis - sinep\" \/>\n<meta property=\"og:description\" content=\"Sinepiv\u00e4rvi tapeet, mis loob interj\u00f6\u00f6ris hubase tunde ja omamoodi pidulikkuse. Tapeedi selle tapeediga magamistoa \u00fcks sein v\u00f5i mitu. Fliistapeet.\" \/>\n<meta property=\"og:url\" content=\"https:\/\/baubauwall.com\/et\/toode\/tapeet-ohtu-ballisaalis-sinep\/\" \/>\n<meta property=\"og:site_name\" content=\"BAUBAUWALL TAPEEDID\" \/>\n<meta property=\"article:publisher\" content=\"https:\/\/www.facebook.com\/Baubauwall\" \/>\n<meta property=\"article:modified_time\" content=\"2025-10-07T07:31:55+00:00\" \/>\n<meta property=\"og:image\" content=\"https:\/\/baubauwall.com\/wp-content\/uploads\/2025\/09\/Ballroom_Brocadde_Wallpaper_Baubauwall_51100498_room-4.jpg\" \/>\n\t<meta property=\"og:image:width\" content=\"1067\" \/>\n\t<meta property=\"og:image:height\" content=\"1600\" \/>\n\t<meta property=\"og:image:type\" content=\"image\/jpeg\" \/>\n<meta name=\"twitter:card\" content=\"summary_large_image\" \/>\n<meta name=\"twitter:label1\" content=\"Est. reading time\" \/>\n\t<meta name=\"twitter:data1\" content=\"1 minut\" \/>\n<script type=\"application\/ld+json\" class=\"yoast-schema-graph\">{\"@context\":\"https:\/\/schema.org\",\"@graph\":[{\"@type\":\"WebPage\",\"@id\":\"https:\/\/baubauwall.com\/et\/toode\/tapeet-ohtu-ballisaalis-sinep\/\",\"url\":\"https:\/\/baubauwall.com\/et\/toode\/tapeet-ohtu-ballisaalis-sinep\/\",\"name\":\"Sinepiv\u00e4rvi tapeet \u00d5htu ballisaalis. Baubauwall tapeedid\",\"isPartOf\":{\"@id\":\"https:\/\/baubauwall.com\/et\/#website\"},\"primaryImageOfPage\":{\"@id\":\"https:\/\/baubauwall.com\/et\/toode\/tapeet-ohtu-ballisaalis-sinep\/#primaryimage\"},\"image\":{\"@id\":\"https:\/\/baubauwall.com\/et\/toode\/tapeet-ohtu-ballisaalis-sinep\/#primaryimage\"},\"thumbnailUrl\":\"https:\/\/baubauwall.com\/wp-content\/uploads\/2025\/09\/Ballroom_Brocadde_Wallpaper_Baubauwall_51100498_room-2.jpg\",\"datePublished\":\"2025-10-06T02:38:39+00:00\",\"dateModified\":\"2025-10-07T07:31:55+00:00\",\"description\":\"Sinepiv\u00e4rvi tapeet, mis loob interj\u00f6\u00f6ris hubase tunde ja omamoodi pidulikkuse. Tapeedi selle tapeediga magamistoa \u00fcks sein v\u00f5i mitu. Fliistapeet.\",\"breadcrumb\":{\"@id\":\"https:\/\/baubauwall.com\/et\/toode\/tapeet-ohtu-ballisaalis-sinep\/#breadcrumb\"},\"inLanguage\":\"et\",\"potentialAction\":[{\"@type\":\"ReadAction\",\"target\":[\"https:\/\/baubauwall.com\/et\/toode\/tapeet-ohtu-ballisaalis-sinep\/\"]}]},{\"@type\":\"ImageObject\",\"inLanguage\":\"et\",\"@id\":\"https:\/\/baubauwall.com\/et\/toode\/tapeet-ohtu-ballisaalis-sinep\/#primaryimage\",\"url\":\"https:\/\/baubauwall.com\/wp-content\/uploads\/2025\/09\/Ballroom_Brocadde_Wallpaper_Baubauwall_51100498_room-2.jpg\",\"contentUrl\":\"https:\/\/baubauwall.com\/wp-content\/uploads\/2025\/09\/Ballroom_Brocadde_Wallpaper_Baubauwall_51100498_room-2.jpg\",\"width\":2400,\"height\":1600,\"caption\":\"Bedroom wallpaper design in a dramatic mustard yellow shade. Baubauwall Wallpapers | Baubauwall tapeedid\"},{\"@type\":\"BreadcrumbList\",\"@id\":\"https:\/\/baubauwall.com\/et\/toode\/tapeet-ohtu-ballisaalis-sinep\/#breadcrumb\",\"itemListElement\":[{\"@type\":\"ListItem\",\"position\":1,\"name\":\"Koju\",\"item\":\"https:\/\/baubauwall.com\/et\/\"},{\"@type\":\"ListItem\",\"position\":2,\"name\":\"Tapeedid\",\"item\":\"https:\/\/baubauwall.com\/et\/tapeedid\/\"},{\"@type\":\"ListItem\",\"position\":3,\"name\":\"\u00d5htu ballisaalis &#8211; sinep\"}]},{\"@type\":\"WebSite\",\"@id\":\"https:\/\/baubauwall.com\/et\/#website\",\"url\":\"https:\/\/baubauwall.com\/et\/\",\"name\":\"BAUBAUWALL Wallpapers\",\"description\":\"Valmis paanides tapeet Eestist!\",\"publisher\":{\"@id\":\"https:\/\/baubauwall.com\/et\/#organization\"},\"potentialAction\":[{\"@type\":\"SearchAction\",\"target\":{\"@type\":\"EntryPoint\",\"urlTemplate\":\"https:\/\/baubauwall.com\/et\/?s={search_term_string}\"},\"query-input\":{\"@type\":\"PropertyValueSpecification\",\"valueRequired\":true,\"valueName\":\"search_term_string\"}}],\"inLanguage\":\"et\"},{\"@type\":\"Organization\",\"@id\":\"https:\/\/baubauwall.com\/et\/#organization\",\"name\":\"BAUBAUWALL Wallpapers\",\"url\":\"https:\/\/baubauwall.com\/et\/\",\"logo\":{\"@type\":\"ImageObject\",\"inLanguage\":\"et\",\"@id\":\"https:\/\/baubauwall.com\/et\/#\/schema\/logo\/image\/\",\"url\":\"https:\/\/baubauwall.com\/wp-content\/uploads\/2022\/03\/logo-horizontal.svg\",\"contentUrl\":\"https:\/\/baubauwall.com\/wp-content\/uploads\/2022\/03\/logo-horizontal.svg\",\"width\":\"1024\",\"height\":\"1024\",\"caption\":\"BAUBAUWALL Wallpapers\"},\"image\":{\"@id\":\"https:\/\/baubauwall.com\/et\/#\/schema\/logo\/image\/\"},\"sameAs\":[\"https:\/\/www.facebook.com\/Baubauwall\",\"https:\/\/www.instagram.com\/baubauwall\"]}]}<\/script>\n<!-- \/ Yoast SEO plugin. -->","yoast_head_json":{"title":"Sinepiv\u00e4rvi tapeet \u00d5htu ballisaalis. Baubauwall tapeedid","description":"Sinepiv\u00e4rvi tapeet, mis loob interj\u00f6\u00f6ris hubase tunde ja omamoodi pidulikkuse. Tapeedi selle tapeediga magamistoa \u00fcks sein v\u00f5i mitu. Fliistapeet.","robots":{"index":"index","follow":"follow","max-snippet":"max-snippet:-1","max-image-preview":"max-image-preview:large","max-video-preview":"max-video-preview:-1"},"canonical":"https:\/\/baubauwall.com\/et\/toode\/tapeet-ohtu-ballisaalis-sinep\/","og_locale":"et_EE","og_type":"article","og_title":"\u00d5htu ballisaalis - sinep","og_description":"Sinepiv\u00e4rvi tapeet, mis loob interj\u00f6\u00f6ris hubase tunde ja omamoodi pidulikkuse. Tapeedi selle tapeediga magamistoa \u00fcks sein v\u00f5i mitu. Fliistapeet.","og_url":"https:\/\/baubauwall.com\/et\/toode\/tapeet-ohtu-ballisaalis-sinep\/","og_site_name":"BAUBAUWALL TAPEEDID","article_publisher":"https:\/\/www.facebook.com\/Baubauwall","article_modified_time":"2025-10-07T07:31:55+00:00","og_image":[{"width":1067,"height":1600,"url":"https:\/\/baubauwall.com\/wp-content\/uploads\/2025\/09\/Ballroom_Brocadde_Wallpaper_Baubauwall_51100498_room-4.jpg","type":"image\/jpeg"}],"twitter_card":"summary_large_image","twitter_misc":{"Est. reading time":"1 minut"},"schema":{"@context":"https:\/\/schema.org","@graph":[{"@type":"WebPage","@id":"https:\/\/baubauwall.com\/et\/toode\/tapeet-ohtu-ballisaalis-sinep\/","url":"https:\/\/baubauwall.com\/et\/toode\/tapeet-ohtu-ballisaalis-sinep\/","name":"Sinepiv\u00e4rvi tapeet \u00d5htu ballisaalis. Baubauwall tapeedid","isPartOf":{"@id":"https:\/\/baubauwall.com\/et\/#website"},"primaryImageOfPage":{"@id":"https:\/\/baubauwall.com\/et\/toode\/tapeet-ohtu-ballisaalis-sinep\/#primaryimage"},"image":{"@id":"https:\/\/baubauwall.com\/et\/toode\/tapeet-ohtu-ballisaalis-sinep\/#primaryimage"},"thumbnailUrl":"https:\/\/baubauwall.com\/wp-content\/uploads\/2025\/09\/Ballroom_Brocadde_Wallpaper_Baubauwall_51100498_room-2.jpg","datePublished":"2025-10-06T02:38:39+00:00","dateModified":"2025-10-07T07:31:55+00:00","description":"Sinepiv\u00e4rvi tapeet, mis loob interj\u00f6\u00f6ris hubase tunde ja omamoodi pidulikkuse. Tapeedi selle tapeediga magamistoa \u00fcks sein v\u00f5i mitu. Fliistapeet.","breadcrumb":{"@id":"https:\/\/baubauwall.com\/et\/toode\/tapeet-ohtu-ballisaalis-sinep\/#breadcrumb"},"inLanguage":"et","potentialAction":[{"@type":"ReadAction","target":["https:\/\/baubauwall.com\/et\/toode\/tapeet-ohtu-ballisaalis-sinep\/"]}]},{"@type":"ImageObject","inLanguage":"et","@id":"https:\/\/baubauwall.com\/et\/toode\/tapeet-ohtu-ballisaalis-sinep\/#primaryimage","url":"https:\/\/baubauwall.com\/wp-content\/uploads\/2025\/09\/Ballroom_Brocadde_Wallpaper_Baubauwall_51100498_room-2.jpg","contentUrl":"https:\/\/baubauwall.com\/wp-content\/uploads\/2025\/09\/Ballroom_Brocadde_Wallpaper_Baubauwall_51100498_room-2.jpg","width":2400,"height":1600,"caption":"Bedroom wallpaper design in a dramatic mustard yellow shade. Baubauwall Wallpapers | Baubauwall tapeedid"},{"@type":"BreadcrumbList","@id":"https:\/\/baubauwall.com\/et\/toode\/tapeet-ohtu-ballisaalis-sinep\/#breadcrumb","itemListElement":[{"@type":"ListItem","position":1,"name":"Koju","item":"https:\/\/baubauwall.com\/et\/"},{"@type":"ListItem","position":2,"name":"Tapeedid","item":"https:\/\/baubauwall.com\/et\/tapeedid\/"},{"@type":"ListItem","position":3,"name":"\u00d5htu ballisaalis &#8211; sinep"}]},{"@type":"WebSite","@id":"https:\/\/baubauwall.com\/et\/#website","url":"https:\/\/baubauwall.com\/et\/","name":"BAUBAUWALL Wallpapers","description":"Valmis paanides tapeet Eestist!","publisher":{"@id":"https:\/\/baubauwall.com\/et\/#organization"},"potentialAction":[{"@type":"SearchAction","target":{"@type":"EntryPoint","urlTemplate":"https:\/\/baubauwall.com\/et\/?s={search_term_string}"},"query-input":{"@type":"PropertyValueSpecification","valueRequired":true,"valueName":"search_term_string"}}],"inLanguage":"et"},{"@type":"Organization","@id":"https:\/\/baubauwall.com\/et\/#organization","name":"BAUBAUWALL Wallpapers","url":"https:\/\/baubauwall.com\/et\/","logo":{"@type":"ImageObject","inLanguage":"et","@id":"https:\/\/baubauwall.com\/et\/#\/schema\/logo\/image\/","url":"https:\/\/baubauwall.com\/wp-content\/uploads\/2022\/03\/logo-horizontal.svg","contentUrl":"https:\/\/baubauwall.com\/wp-content\/uploads\/2022\/03\/logo-horizontal.svg","width":"1024","height":"1024","caption":"BAUBAUWALL Wallpapers"},"image":{"@id":"https:\/\/baubauwall.com\/et\/#\/schema\/logo\/image\/"},"sameAs":["https:\/\/www.facebook.com\/Baubauwall","https:\/\/www.instagram.com\/baubauwall"]}]}},"jetpack_sharing_enabled":true,"_links":{"self":[{"href":"https:\/\/baubauwall.com\/et\/wp-json\/wp\/v2\/product\/45081","targetHints":{"allow":["GET"]}}],"collection":[{"href":"https:\/\/baubauwall.com\/et\/wp-json\/wp\/v2\/product"}],"about":[{"href":"https:\/\/baubauwall.com\/et\/wp-json\/wp\/v2\/types\/product"}],"replies":[{"embeddable":true,"href":"https:\/\/baubauwall.com\/et\/wp-json\/wp\/v2\/comments?post=45081"}],"wp:featuredmedia":[{"embeddable":true,"href":"https:\/\/baubauwall.com\/et\/wp-json\/wp\/v2\/media\/45073"}],"wp:attachment":[{"href":"https:\/\/baubauwall.com\/et\/wp-json\/wp\/v2\/media?parent=45081"}],"wp:term":[{"taxonomy":"product_brand","embeddable":true,"href":"https:\/\/baubauwall.com\/et\/wp-json\/wp\/v2\/product_brand?post=45081"},{"taxonomy":"product_cat","embeddable":true,"href":"https:\/\/baubauwall.com\/et\/wp-json\/wp\/v2\/product_cat?post=45081"},{"taxonomy":"product_tag","embeddable":true,"href":"https:\/\/baubauwall.com\/et\/wp-json\/wp\/v2\/product_tag?post=45081"}],"curies":[{"name":"wp","href":"https:\/\/api.w.org\/{rel}","templated":true}]}}