{"id":45083,"date":"2025-10-06T10:04:58","date_gmt":"2025-10-06T08:04:58","guid":{"rendered":"https:\/\/baubauwall.com\/product\/wallpaper-salon-of-unicorns-beige\/"},"modified":"2025-10-07T13:05:39","modified_gmt":"2025-10-07T11:05:39","slug":"tapeet-ornamentika-beez","status":"publish","type":"product","link":"https:\/\/baubauwall.com\/et\/toode\/tapeet-ornamentika-beez\/","title":{"rendered":"Ornamentika &#8211; bee\u017e"},"content":{"rendered":"<p data-start=\"143\" data-end=\"367\">Bee\u017e tapeet t\u00e4is romantikat ja ornamentikat! Peen ornamentika muster voolab seinal nagu meloodia \u2013 detailirohke, kuid tasakaalus. See bee\u017e tapeet loob ruumi, kus on k\u00fcllust ja ajatut elegantsi. Tapeedi nimi ei ole juhuslik \u2013 ornamentika ja romantika k\u00e4ivad siin k\u00e4sik\u00e4es. Tulemus on midagi enamat kui lihtsalt muster \u2013 see on meeleolu, mis kutsub j\u00e4\u00e4ma kauemaks! Vaata mustrit ligemalt ja m\u00e4rkad, et uhked hobused on tegelikult \u00fckssarvikud.<\/p>\n<p data-start=\"651\" data-end=\"963\"><strong data-start=\"651\" data-end=\"668\">Kus kasutada:<\/strong><br data-start=\"668\" data-end=\"671\" \/>See \u00fckssarvikutega tapeet on loodud ajaloolistesse interj\u00f6\u00f6ridesse. Elutuppa hetkedeks, kui t\u00f5stad pilgu seinale ja ei saa muud teha, kui naeratada! Magamistuppa, mis igatseb romantikat.<\/p>\n<p data-start=\"392\" data-end=\"595\">Kollektsiooni autor on disainer\u00a0<strong><a href=\"https:\/\/lemontxt.design\/\">Monika Lechner.<\/a><\/strong>Tema armastus ajalooliste detailide ja tapeedimustrite vastu ongi vormitud<strong>\u00a0<\/strong><a href=\"https:\/\/baubauwall.com\/et\/tootekategooria\/tapeedi-kollektsioonid\/ajatu-klassika\/\" target=\"_blank\" rel=\"noopener\"><strong>Ajatu klassika<\/strong> tapeedikollektsiooni.<\/a>\u00a0Need tapeedid on loodud Sulle, kes hindad kvaliteeti, lugusid ja v\u00e4ikseid detaile, mis teevad kodust kodu.<\/p>\n<p><strong>Miks see tapeet v\u00f5iks Sulle meeldida?<\/strong><\/p>\n<ul>\n<li>Bee\u017e ornamentika muster, mis toob pidulikkust ja vimka interj\u00f6\u00f6ri<\/li>\n<li>Eesti ettev\u00f5te<\/li>\n<li>Tr\u00fckime tapeedi t\u00e4pselt Sinu seina m\u00f5\u00f5dus<\/li>\n<li>Premium, matt fliistapeedi materjal, 100% taaskasutatud kiust<\/li>\n<li>M\u00fcrgivabad tr\u00fckiv\u00e4rvid,\u00a0<em>Greenguard<\/em>\u00a0sertifitseeritud<\/li>\n<li>Keskkonnas\u00f5bralik, j\u00e4\u00e4tmevaba tapeetimine<\/li>\n<li>Kaasa tasuta tapeediliim<\/li>\n<li>Tasuta transport ja kiire tarne 5 t\u00f6\u00f6p\u00e4evaga<\/li>\n<\/ul>\n<p>Loe l\u00e4hemalt nutikatest, eritellimust\u00f6\u00f6na valmivatest tapeetidest\u00a0<a href=\"https:\/\/baubauwall.com\/et\/keskkonnasobralikud-tapeedid\/\">siit.<\/a><\/p>\n","protected":false},"excerpt":{"rendered":"<p>Bee\u017e tapeet t\u00e4is romantikat ja ornamentikat! Peen ornamentika muster voolab seinal nagu meloodia \u2013 detailirohke, kuid tasakaalus. See bee\u017e tapeet loob ruumi, kus on k\u00fcllust ja ajatut elegantsi. Tapeedi nimi ei ole juhuslik \u2013 ornamentika ja romantika k\u00e4ivad siin k\u00e4sik\u00e4es. Tulemus on midagi enamat kui lihtsalt muster \u2013 see on meeleolu, mis kutsub j\u00e4\u00e4ma kauemaks! [&hellip;]<\/p>\n","protected":false},"featured_media":45089,"comment_status":"open","ping_status":"closed","template":"","meta":{"_acf_changed":false,"inline_featured_image":false},"product_brand":[],"product_cat":[818,386,395,406,388,265,273,752,413,414,415,416,402,699,255],"product_tag":[824,817],"class_list":{"0":"post-45083","1":"product","2":"type-product","3":"status-publish","4":"has-post-thumbnail","6":"product_cat-ajatu-klassika","7":"product_cat-kordusmustriga-tapeedid","8":"product_cat-romantiline","9":"product_cat-klassika","10":"product_cat-vintage-et","11":"product_cat-beezid-tapeedid","12":"product_cat-heledad-tapeedid","13":"product_cat-avalik-ruum","14":"product_cat-magamistoa-tapeedid","15":"product_cat-soogitoa-tapeedid","16":"product_cat-kulalistetoa-tapeedid","17":"product_cat-esiku-tapeedid","18":"product_cat-elutoa-tapeedid","19":"product_cat-eesti-disain-tapeedid","20":"product_cat-loomad","21":"product_tag-ajatu-klassika","22":"product_tag-ukssarvikud","24":"first","25":"instock","26":"taxable","27":"shipping-taxable","28":"purchasable","29":"product-type-simple"},"acf":[],"yoast_head":"<!-- This site is optimized with the Yoast SEO plugin v25.9 - https:\/\/yoast.com\/wordpress\/plugins\/seo\/ -->\n<title>Ornamentika muster tapeedil. Bee\u017e elegantne magamistoa tapeet<\/title>\n<meta name=\"description\" content=\"Bee\u017e ornamentika muster tapeedil, mis ometi kedagi k\u00fclmaks ei j\u00e4ta! Fliistapeet, mille tr\u00fckime just sinu seina m\u00f5\u00f5dus paanides.\" \/>\n<meta name=\"robots\" content=\"index, follow, max-snippet:-1, max-image-preview:large, max-video-preview:-1\" \/>\n<link rel=\"canonical\" href=\"https:\/\/baubauwall.com\/et\/toode\/tapeet-ornamentika-beez\/\" \/>\n<meta property=\"og:locale\" content=\"et_EE\" \/>\n<meta property=\"og:type\" content=\"article\" \/>\n<meta property=\"og:title\" content=\"Ornamentika - bee\u017e\" \/>\n<meta property=\"og:description\" content=\"Bee\u017e ornamentika muster tapeedil, mis ometi kedagi k\u00fclmaks ei j\u00e4ta! Fliistapeet, mille tr\u00fckime just sinu seina m\u00f5\u00f5dus paanides.\" \/>\n<meta property=\"og:url\" content=\"https:\/\/baubauwall.com\/et\/toode\/tapeet-ornamentika-beez\/\" \/>\n<meta property=\"og:site_name\" content=\"BAUBAUWALL TAPEEDID\" \/>\n<meta property=\"article:publisher\" content=\"https:\/\/www.facebook.com\/Baubauwall\" \/>\n<meta property=\"article:modified_time\" content=\"2025-10-07T11:05:39+00:00\" \/>\n<meta property=\"og:image\" content=\"https:\/\/baubauwall.com\/wp-content\/uploads\/2025\/10\/Salonof_Unicorns-Beige_wallpaper_Baubauwall_51100511-3.jpg\" \/>\n\t<meta property=\"og:image:width\" content=\"1067\" \/>\n\t<meta property=\"og:image:height\" content=\"1600\" \/>\n\t<meta property=\"og:image:type\" content=\"image\/jpeg\" \/>\n<meta name=\"twitter:card\" content=\"summary_large_image\" \/>\n<meta name=\"twitter:label1\" content=\"Est. reading time\" \/>\n\t<meta name=\"twitter:data1\" content=\"1 minut\" \/>\n<script type=\"application\/ld+json\" class=\"yoast-schema-graph\">{\"@context\":\"https:\/\/schema.org\",\"@graph\":[{\"@type\":\"WebPage\",\"@id\":\"https:\/\/baubauwall.com\/et\/toode\/tapeet-ornamentika-beez\/\",\"url\":\"https:\/\/baubauwall.com\/et\/toode\/tapeet-ornamentika-beez\/\",\"name\":\"Ornamentika muster tapeedil. Bee\u017e elegantne magamistoa tapeet\",\"isPartOf\":{\"@id\":\"https:\/\/baubauwall.com\/et\/#website\"},\"primaryImageOfPage\":{\"@id\":\"https:\/\/baubauwall.com\/et\/toode\/tapeet-ornamentika-beez\/#primaryimage\"},\"image\":{\"@id\":\"https:\/\/baubauwall.com\/et\/toode\/tapeet-ornamentika-beez\/#primaryimage\"},\"thumbnailUrl\":\"https:\/\/baubauwall.com\/wp-content\/uploads\/2025\/10\/Salonof_Unicorns-Beige_wallpaper_Baubauwall_51100511-1.jpg\",\"datePublished\":\"2025-10-06T08:04:58+00:00\",\"dateModified\":\"2025-10-07T11:05:39+00:00\",\"description\":\"Bee\u017e ornamentika muster tapeedil, mis ometi kedagi k\u00fclmaks ei j\u00e4ta! Fliistapeet, mille tr\u00fckime just sinu seina m\u00f5\u00f5dus paanides.\",\"breadcrumb\":{\"@id\":\"https:\/\/baubauwall.com\/et\/toode\/tapeet-ornamentika-beez\/#breadcrumb\"},\"inLanguage\":\"et\",\"potentialAction\":[{\"@type\":\"ReadAction\",\"target\":[\"https:\/\/baubauwall.com\/et\/toode\/tapeet-ornamentika-beez\/\"]}]},{\"@type\":\"ImageObject\",\"inLanguage\":\"et\",\"@id\":\"https:\/\/baubauwall.com\/et\/toode\/tapeet-ornamentika-beez\/#primaryimage\",\"url\":\"https:\/\/baubauwall.com\/wp-content\/uploads\/2025\/10\/Salonof_Unicorns-Beige_wallpaper_Baubauwall_51100511-1.jpg\",\"contentUrl\":\"https:\/\/baubauwall.com\/wp-content\/uploads\/2025\/10\/Salonof_Unicorns-Beige_wallpaper_Baubauwall_51100511-1.jpg\",\"width\":1067,\"height\":1600,\"caption\":\"Beige unicorn wallpaper for bedroom walls \u2013 Baubauwall\"},{\"@type\":\"BreadcrumbList\",\"@id\":\"https:\/\/baubauwall.com\/et\/toode\/tapeet-ornamentika-beez\/#breadcrumb\",\"itemListElement\":[{\"@type\":\"ListItem\",\"position\":1,\"name\":\"Koju\",\"item\":\"https:\/\/baubauwall.com\/et\/\"},{\"@type\":\"ListItem\",\"position\":2,\"name\":\"Tapeedid\",\"item\":\"https:\/\/baubauwall.com\/et\/tapeedid\/\"},{\"@type\":\"ListItem\",\"position\":3,\"name\":\"Ornamentika &#8211; bee\u017e\"}]},{\"@type\":\"WebSite\",\"@id\":\"https:\/\/baubauwall.com\/et\/#website\",\"url\":\"https:\/\/baubauwall.com\/et\/\",\"name\":\"BAUBAUWALL Wallpapers\",\"description\":\"Valmis paanides tapeet Eestist!\",\"publisher\":{\"@id\":\"https:\/\/baubauwall.com\/et\/#organization\"},\"potentialAction\":[{\"@type\":\"SearchAction\",\"target\":{\"@type\":\"EntryPoint\",\"urlTemplate\":\"https:\/\/baubauwall.com\/et\/?s={search_term_string}\"},\"query-input\":{\"@type\":\"PropertyValueSpecification\",\"valueRequired\":true,\"valueName\":\"search_term_string\"}}],\"inLanguage\":\"et\"},{\"@type\":\"Organization\",\"@id\":\"https:\/\/baubauwall.com\/et\/#organization\",\"name\":\"BAUBAUWALL Wallpapers\",\"url\":\"https:\/\/baubauwall.com\/et\/\",\"logo\":{\"@type\":\"ImageObject\",\"inLanguage\":\"et\",\"@id\":\"https:\/\/baubauwall.com\/et\/#\/schema\/logo\/image\/\",\"url\":\"https:\/\/baubauwall.com\/wp-content\/uploads\/2022\/03\/logo-horizontal.svg\",\"contentUrl\":\"https:\/\/baubauwall.com\/wp-content\/uploads\/2022\/03\/logo-horizontal.svg\",\"width\":\"1024\",\"height\":\"1024\",\"caption\":\"BAUBAUWALL Wallpapers\"},\"image\":{\"@id\":\"https:\/\/baubauwall.com\/et\/#\/schema\/logo\/image\/\"},\"sameAs\":[\"https:\/\/www.facebook.com\/Baubauwall\",\"https:\/\/www.instagram.com\/baubauwall\"]}]}<\/script>\n<!-- \/ Yoast SEO plugin. -->","yoast_head_json":{"title":"Ornamentika muster tapeedil. Bee\u017e elegantne magamistoa tapeet","description":"Bee\u017e ornamentika muster tapeedil, mis ometi kedagi k\u00fclmaks ei j\u00e4ta! Fliistapeet, mille tr\u00fckime just sinu seina m\u00f5\u00f5dus paanides.","robots":{"index":"index","follow":"follow","max-snippet":"max-snippet:-1","max-image-preview":"max-image-preview:large","max-video-preview":"max-video-preview:-1"},"canonical":"https:\/\/baubauwall.com\/et\/toode\/tapeet-ornamentika-beez\/","og_locale":"et_EE","og_type":"article","og_title":"Ornamentika - bee\u017e","og_description":"Bee\u017e ornamentika muster tapeedil, mis ometi kedagi k\u00fclmaks ei j\u00e4ta! Fliistapeet, mille tr\u00fckime just sinu seina m\u00f5\u00f5dus paanides.","og_url":"https:\/\/baubauwall.com\/et\/toode\/tapeet-ornamentika-beez\/","og_site_name":"BAUBAUWALL TAPEEDID","article_publisher":"https:\/\/www.facebook.com\/Baubauwall","article_modified_time":"2025-10-07T11:05:39+00:00","og_image":[{"width":1067,"height":1600,"url":"https:\/\/baubauwall.com\/wp-content\/uploads\/2025\/10\/Salonof_Unicorns-Beige_wallpaper_Baubauwall_51100511-3.jpg","type":"image\/jpeg"}],"twitter_card":"summary_large_image","twitter_misc":{"Est. reading time":"1 minut"},"schema":{"@context":"https:\/\/schema.org","@graph":[{"@type":"WebPage","@id":"https:\/\/baubauwall.com\/et\/toode\/tapeet-ornamentika-beez\/","url":"https:\/\/baubauwall.com\/et\/toode\/tapeet-ornamentika-beez\/","name":"Ornamentika muster tapeedil. Bee\u017e elegantne magamistoa tapeet","isPartOf":{"@id":"https:\/\/baubauwall.com\/et\/#website"},"primaryImageOfPage":{"@id":"https:\/\/baubauwall.com\/et\/toode\/tapeet-ornamentika-beez\/#primaryimage"},"image":{"@id":"https:\/\/baubauwall.com\/et\/toode\/tapeet-ornamentika-beez\/#primaryimage"},"thumbnailUrl":"https:\/\/baubauwall.com\/wp-content\/uploads\/2025\/10\/Salonof_Unicorns-Beige_wallpaper_Baubauwall_51100511-1.jpg","datePublished":"2025-10-06T08:04:58+00:00","dateModified":"2025-10-07T11:05:39+00:00","description":"Bee\u017e ornamentika muster tapeedil, mis ometi kedagi k\u00fclmaks ei j\u00e4ta! Fliistapeet, mille tr\u00fckime just sinu seina m\u00f5\u00f5dus paanides.","breadcrumb":{"@id":"https:\/\/baubauwall.com\/et\/toode\/tapeet-ornamentika-beez\/#breadcrumb"},"inLanguage":"et","potentialAction":[{"@type":"ReadAction","target":["https:\/\/baubauwall.com\/et\/toode\/tapeet-ornamentika-beez\/"]}]},{"@type":"ImageObject","inLanguage":"et","@id":"https:\/\/baubauwall.com\/et\/toode\/tapeet-ornamentika-beez\/#primaryimage","url":"https:\/\/baubauwall.com\/wp-content\/uploads\/2025\/10\/Salonof_Unicorns-Beige_wallpaper_Baubauwall_51100511-1.jpg","contentUrl":"https:\/\/baubauwall.com\/wp-content\/uploads\/2025\/10\/Salonof_Unicorns-Beige_wallpaper_Baubauwall_51100511-1.jpg","width":1067,"height":1600,"caption":"Beige unicorn wallpaper for bedroom walls \u2013 Baubauwall"},{"@type":"BreadcrumbList","@id":"https:\/\/baubauwall.com\/et\/toode\/tapeet-ornamentika-beez\/#breadcrumb","itemListElement":[{"@type":"ListItem","position":1,"name":"Koju","item":"https:\/\/baubauwall.com\/et\/"},{"@type":"ListItem","position":2,"name":"Tapeedid","item":"https:\/\/baubauwall.com\/et\/tapeedid\/"},{"@type":"ListItem","position":3,"name":"Ornamentika &#8211; bee\u017e"}]},{"@type":"WebSite","@id":"https:\/\/baubauwall.com\/et\/#website","url":"https:\/\/baubauwall.com\/et\/","name":"BAUBAUWALL Wallpapers","description":"Valmis paanides tapeet Eestist!","publisher":{"@id":"https:\/\/baubauwall.com\/et\/#organization"},"potentialAction":[{"@type":"SearchAction","target":{"@type":"EntryPoint","urlTemplate":"https:\/\/baubauwall.com\/et\/?s={search_term_string}"},"query-input":{"@type":"PropertyValueSpecification","valueRequired":true,"valueName":"search_term_string"}}],"inLanguage":"et"},{"@type":"Organization","@id":"https:\/\/baubauwall.com\/et\/#organization","name":"BAUBAUWALL Wallpapers","url":"https:\/\/baubauwall.com\/et\/","logo":{"@type":"ImageObject","inLanguage":"et","@id":"https:\/\/baubauwall.com\/et\/#\/schema\/logo\/image\/","url":"https:\/\/baubauwall.com\/wp-content\/uploads\/2022\/03\/logo-horizontal.svg","contentUrl":"https:\/\/baubauwall.com\/wp-content\/uploads\/2022\/03\/logo-horizontal.svg","width":"1024","height":"1024","caption":"BAUBAUWALL Wallpapers"},"image":{"@id":"https:\/\/baubauwall.com\/et\/#\/schema\/logo\/image\/"},"sameAs":["https:\/\/www.facebook.com\/Baubauwall","https:\/\/www.instagram.com\/baubauwall"]}]}},"jetpack_sharing_enabled":true,"_links":{"self":[{"href":"https:\/\/baubauwall.com\/et\/wp-json\/wp\/v2\/product\/45083","targetHints":{"allow":["GET"]}}],"collection":[{"href":"https:\/\/baubauwall.com\/et\/wp-json\/wp\/v2\/product"}],"about":[{"href":"https:\/\/baubauwall.com\/et\/wp-json\/wp\/v2\/types\/product"}],"replies":[{"embeddable":true,"href":"https:\/\/baubauwall.com\/et\/wp-json\/wp\/v2\/comments?post=45083"}],"wp:featuredmedia":[{"embeddable":true,"href":"https:\/\/baubauwall.com\/et\/wp-json\/wp\/v2\/media\/45089"}],"wp:attachment":[{"href":"https:\/\/baubauwall.com\/et\/wp-json\/wp\/v2\/media?parent=45083"}],"wp:term":[{"taxonomy":"product_brand","embeddable":true,"href":"https:\/\/baubauwall.com\/et\/wp-json\/wp\/v2\/product_brand?post=45083"},{"taxonomy":"product_cat","embeddable":true,"href":"https:\/\/baubauwall.com\/et\/wp-json\/wp\/v2\/product_cat?post=45083"},{"taxonomy":"product_tag","embeddable":true,"href":"https:\/\/baubauwall.com\/et\/wp-json\/wp\/v2\/product_tag?post=45083"}],"curies":[{"name":"wp","href":"https:\/\/api.w.org\/{rel}","templated":true}]}}