{"id":45187,"date":"2025-10-13T10:00:35","date_gmt":"2025-10-13T08:00:35","guid":{"rendered":"https:\/\/baubauwall.com\/product\/mural-wallpaper-green-watercolor-forest\/"},"modified":"2025-10-13T10:58:11","modified_gmt":"2025-10-13T08:58:11","slug":"pilttapeet-roheline-maalitud-metsavaikus","status":"publish","type":"product","link":"https:\/\/baubauwall.com\/et\/toode\/pilttapeet-roheline-maalitud-metsavaikus\/","title":{"rendered":"Maalitud metsavaikus"},"content":{"rendered":"<p data-start=\"56\" data-end=\"372\">Maalitud metsavaikus on roheline, vesiv\u00e4rvidega maalitud tapeet, mis ei j\u00e4ljenda loodust, vaid t\u00f5lgib selle kunstiks Sinu seinal. Pehmed varjud, voolavad jooned ja akvarellide sulandumine loob seinale rahu. See on vesiv\u00e4rvidega maalitud pilttapeet, mis on v\u00e4rske kui kevadine jalutusk\u00e4ik metsas. Sellist t\u00fc\u00fcpi pilttapeeti on lihtne sobitada interj\u00f6\u00f6ri muu sisustusega. Roheline tapeet sobib h\u00e4sti magamistuppa, elutuppa, kodukontorisse v\u00f5i hoopis avalikku ruumi. Olgu selleks P\u00f5hjamaises stiilis kohvik v\u00f5i restoran.<\/p>\n<p data-start=\"894\" data-end=\"1222\"><strong><a href=\"https:\/\/kodu.postimees.ee\/8277872\/eestis-loodud-digiteenus-mis-muudab-tapeetimise-lihtsaks-ja-isikuparaseks\" target=\"_blank\" rel=\"noopener\">Baubauwallis<\/a>\u00a0teeme tapeedid alati eritellimusel, vastavalt Sinu seina m\u00f5\u00f5tudele. Ei ole \u00fclej\u00e4\u00e4ke ega keerulisi arvutusi \u2013 iga tapeedipaan on valis l\u00f5igatud just nii pikaks, kui on Sinu sein. Lisaks \u2013 nummerdatud ning sobiv fliistapeedi liim on komplektis kaasas. Tapeetimine pole iial nii lihtne olnud! Tapeedimaterjaliks on premium fliistapeet, 150 g\/m\u00b2 . See on hingav, vastupidav ja kergesti hooldatav, nii et saad muretult nautida oma uut metsavaadet veel pikki aastaid.<\/strong><\/p>\n<p data-start=\"894\" data-end=\"1222\">Piilu ka meie klientide kodusesse,\u00a0<a href=\"https:\/\/baubauwall.com\/et\/ideed\/let-the-homes-do-the-talking\/\">ehk on siin tapeedigaleriis<\/a>\u00a0h\u00e4id ideid, mida n\u00e4pata!<\/p>\n","protected":false},"excerpt":{"rendered":"<p>Maalitud metsavaikus on roheline, vesiv\u00e4rvidega maalitud tapeet, mis ei j\u00e4ljenda loodust, vaid t\u00f5lgib selle kunstiks Sinu seinal. Pehmed varjud, voolavad jooned ja akvarellide sulandumine loob seinale rahu. See on vesiv\u00e4rvidega maalitud pilttapeet, mis on v\u00e4rske kui kevadine jalutusk\u00e4ik metsas. Sellist t\u00fc\u00fcpi pilttapeeti on lihtne sobitada interj\u00f6\u00f6ri muu sisustusega. Roheline tapeet sobib h\u00e4sti magamistuppa, elutuppa, kodukontorisse [&hellip;]<\/p>\n","protected":false},"featured_media":45191,"comment_status":"open","ping_status":"closed","template":"","meta":{"_acf_changed":false,"inline_featured_image":false},"product_brand":[],"product_cat":[387,406,271,752,413,414,415,402,583,245,248,254],"product_tag":[345,381],"class_list":{"0":"post-45187","1":"product","2":"type-product","3":"status-publish","4":"has-post-thumbnail","6":"product_cat-pilttapeedid","7":"product_cat-klassika","8":"product_cat-rohelised-tapeedid","9":"product_cat-avalik-ruum","10":"product_cat-magamistoa-tapeedid","11":"product_cat-soogitoa-tapeedid","12":"product_cat-kulalistetoa-tapeedid","13":"product_cat-elutoa-tapeedid","14":"product_cat-vesivarv","15":"product_cat-maastik","16":"product_cat-mets","17":"product_cat-loodus","18":"product_tag-pilttapeet","19":"product_tag-vesivarv","21":"first","22":"instock","23":"taxable","24":"shipping-taxable","25":"purchasable","26":"product-type-simple"},"acf":[],"yoast_head":"<!-- This site is optimized with the Yoast SEO plugin v25.9 - https:\/\/yoast.com\/wordpress\/plugins\/seo\/ -->\n<title>Vesiv\u00e4rvidega maalitud pilttapeet Maalitud metsavaikus - BAUBAUWALL TAPEEDID tapeedid<\/title>\n<meta name=\"description\" content=\"Kui sul on vaja rahu, aga valget seina ei taha\u2026Siis too seinale roheline vesiv\u00e4rvidega maalitud tapeet. See pilttapeet sobib magamistuppa kui ka elutuppa\" \/>\n<meta name=\"robots\" content=\"index, follow, max-snippet:-1, max-image-preview:large, max-video-preview:-1\" \/>\n<link rel=\"canonical\" href=\"https:\/\/baubauwall.com\/et\/toode\/pilttapeet-roheline-maalitud-metsavaikus\/\" \/>\n<meta property=\"og:locale\" content=\"et_EE\" \/>\n<meta property=\"og:type\" content=\"article\" \/>\n<meta property=\"og:title\" content=\"BAUBAUWALL TAPEEDID\" \/>\n<meta property=\"og:description\" content=\"Kui sul on vaja rahu, aga valget seina ei taha\u2026Siis too seinale roheline vesiv\u00e4rvidega maalitud tapeet. See pilttapeet sobib magamistuppa kui ka elutuppa\" \/>\n<meta property=\"og:url\" content=\"https:\/\/baubauwall.com\/et\/toode\/pilttapeet-roheline-maalitud-metsavaikus\/\" \/>\n<meta property=\"og:site_name\" content=\"BAUBAUWALL TAPEEDID\" \/>\n<meta property=\"article:publisher\" content=\"https:\/\/www.facebook.com\/Baubauwall\" \/>\n<meta property=\"article:modified_time\" content=\"2025-10-13T08:58:11+00:00\" \/>\n<meta property=\"og:image\" content=\"https:\/\/baubauwall.com\/wp-content\/uploads\/2022\/11\/Green_Mural_Wallpaper_Watercolor_Forest_Baubauwall_51200500-2.jpg\" \/>\n\t<meta property=\"og:image:width\" content=\"1738\" \/>\n\t<meta property=\"og:image:height\" content=\"1600\" \/>\n\t<meta property=\"og:image:type\" content=\"image\/jpeg\" \/>\n<meta name=\"twitter:card\" content=\"summary_large_image\" \/>\n<meta name=\"twitter:label1\" content=\"Est. reading time\" \/>\n\t<meta name=\"twitter:data1\" content=\"1 minut\" \/>\n<script type=\"application\/ld+json\" class=\"yoast-schema-graph\">{\"@context\":\"https:\/\/schema.org\",\"@graph\":[{\"@type\":\"WebPage\",\"@id\":\"https:\/\/baubauwall.com\/et\/toode\/pilttapeet-roheline-maalitud-metsavaikus\/\",\"url\":\"https:\/\/baubauwall.com\/et\/toode\/pilttapeet-roheline-maalitud-metsavaikus\/\",\"name\":\"Vesiv\u00e4rvidega maalitud pilttapeet Maalitud metsavaikus - BAUBAUWALL TAPEEDID tapeedid\",\"isPartOf\":{\"@id\":\"https:\/\/baubauwall.com\/et\/#website\"},\"primaryImageOfPage\":{\"@id\":\"https:\/\/baubauwall.com\/et\/toode\/pilttapeet-roheline-maalitud-metsavaikus\/#primaryimage\"},\"image\":{\"@id\":\"https:\/\/baubauwall.com\/et\/toode\/pilttapeet-roheline-maalitud-metsavaikus\/#primaryimage\"},\"thumbnailUrl\":\"https:\/\/baubauwall.com\/wp-content\/uploads\/2022\/11\/Green_Mural_Wallpaper_Watercolor_Forest_Baubauwall_51200500-2.jpg\",\"datePublished\":\"2025-10-13T08:00:35+00:00\",\"dateModified\":\"2025-10-13T08:58:11+00:00\",\"description\":\"Kui sul on vaja rahu, aga valget seina ei taha\u2026Siis too seinale roheline vesiv\u00e4rvidega maalitud tapeet. See pilttapeet sobib magamistuppa kui ka elutuppa\",\"breadcrumb\":{\"@id\":\"https:\/\/baubauwall.com\/et\/toode\/pilttapeet-roheline-maalitud-metsavaikus\/#breadcrumb\"},\"inLanguage\":\"et\",\"potentialAction\":[{\"@type\":\"ReadAction\",\"target\":[\"https:\/\/baubauwall.com\/et\/toode\/pilttapeet-roheline-maalitud-metsavaikus\/\"]}]},{\"@type\":\"ImageObject\",\"inLanguage\":\"et\",\"@id\":\"https:\/\/baubauwall.com\/et\/toode\/pilttapeet-roheline-maalitud-metsavaikus\/#primaryimage\",\"url\":\"https:\/\/baubauwall.com\/wp-content\/uploads\/2022\/11\/Green_Mural_Wallpaper_Watercolor_Forest_Baubauwall_51200500-2.jpg\",\"contentUrl\":\"https:\/\/baubauwall.com\/wp-content\/uploads\/2022\/11\/Green_Mural_Wallpaper_Watercolor_Forest_Baubauwall_51200500-2.jpg\",\"width\":1738,\"height\":1600,\"caption\":\"Green watercolor forest mural wallpaper on a restaurant wall. Baubauwall wallpapers\"},{\"@type\":\"BreadcrumbList\",\"@id\":\"https:\/\/baubauwall.com\/et\/toode\/pilttapeet-roheline-maalitud-metsavaikus\/#breadcrumb\",\"itemListElement\":[{\"@type\":\"ListItem\",\"position\":1,\"name\":\"Koju\",\"item\":\"https:\/\/baubauwall.com\/et\/\"},{\"@type\":\"ListItem\",\"position\":2,\"name\":\"Tapeedid\",\"item\":\"https:\/\/baubauwall.com\/et\/tapeedid\/\"},{\"@type\":\"ListItem\",\"position\":3,\"name\":\"Maalitud metsavaikus\"}]},{\"@type\":\"WebSite\",\"@id\":\"https:\/\/baubauwall.com\/et\/#website\",\"url\":\"https:\/\/baubauwall.com\/et\/\",\"name\":\"BAUBAUWALL Wallpapers\",\"description\":\"Valmis paanides tapeet Eestist!\",\"publisher\":{\"@id\":\"https:\/\/baubauwall.com\/et\/#organization\"},\"potentialAction\":[{\"@type\":\"SearchAction\",\"target\":{\"@type\":\"EntryPoint\",\"urlTemplate\":\"https:\/\/baubauwall.com\/et\/?s={search_term_string}\"},\"query-input\":{\"@type\":\"PropertyValueSpecification\",\"valueRequired\":true,\"valueName\":\"search_term_string\"}}],\"inLanguage\":\"et\"},{\"@type\":\"Organization\",\"@id\":\"https:\/\/baubauwall.com\/et\/#organization\",\"name\":\"BAUBAUWALL Wallpapers\",\"url\":\"https:\/\/baubauwall.com\/et\/\",\"logo\":{\"@type\":\"ImageObject\",\"inLanguage\":\"et\",\"@id\":\"https:\/\/baubauwall.com\/et\/#\/schema\/logo\/image\/\",\"url\":\"https:\/\/baubauwall.com\/wp-content\/uploads\/2022\/03\/logo-horizontal.svg\",\"contentUrl\":\"https:\/\/baubauwall.com\/wp-content\/uploads\/2022\/03\/logo-horizontal.svg\",\"width\":\"1024\",\"height\":\"1024\",\"caption\":\"BAUBAUWALL Wallpapers\"},\"image\":{\"@id\":\"https:\/\/baubauwall.com\/et\/#\/schema\/logo\/image\/\"},\"sameAs\":[\"https:\/\/www.facebook.com\/Baubauwall\",\"https:\/\/www.instagram.com\/baubauwall\"]}]}<\/script>\n<!-- \/ Yoast SEO plugin. -->","yoast_head_json":{"title":"Vesiv\u00e4rvidega maalitud pilttapeet Maalitud metsavaikus - BAUBAUWALL TAPEEDID tapeedid","description":"Kui sul on vaja rahu, aga valget seina ei taha\u2026Siis too seinale roheline vesiv\u00e4rvidega maalitud tapeet. See pilttapeet sobib magamistuppa kui ka elutuppa","robots":{"index":"index","follow":"follow","max-snippet":"max-snippet:-1","max-image-preview":"max-image-preview:large","max-video-preview":"max-video-preview:-1"},"canonical":"https:\/\/baubauwall.com\/et\/toode\/pilttapeet-roheline-maalitud-metsavaikus\/","og_locale":"et_EE","og_type":"article","og_title":"BAUBAUWALL TAPEEDID","og_description":"Kui sul on vaja rahu, aga valget seina ei taha\u2026Siis too seinale roheline vesiv\u00e4rvidega maalitud tapeet. See pilttapeet sobib magamistuppa kui ka elutuppa","og_url":"https:\/\/baubauwall.com\/et\/toode\/pilttapeet-roheline-maalitud-metsavaikus\/","og_site_name":"BAUBAUWALL TAPEEDID","article_publisher":"https:\/\/www.facebook.com\/Baubauwall","article_modified_time":"2025-10-13T08:58:11+00:00","og_image":[{"width":1738,"height":1600,"url":"https:\/\/baubauwall.com\/wp-content\/uploads\/2022\/11\/Green_Mural_Wallpaper_Watercolor_Forest_Baubauwall_51200500-2.jpg","type":"image\/jpeg"}],"twitter_card":"summary_large_image","twitter_misc":{"Est. reading time":"1 minut"},"schema":{"@context":"https:\/\/schema.org","@graph":[{"@type":"WebPage","@id":"https:\/\/baubauwall.com\/et\/toode\/pilttapeet-roheline-maalitud-metsavaikus\/","url":"https:\/\/baubauwall.com\/et\/toode\/pilttapeet-roheline-maalitud-metsavaikus\/","name":"Vesiv\u00e4rvidega maalitud pilttapeet Maalitud metsavaikus - BAUBAUWALL TAPEEDID tapeedid","isPartOf":{"@id":"https:\/\/baubauwall.com\/et\/#website"},"primaryImageOfPage":{"@id":"https:\/\/baubauwall.com\/et\/toode\/pilttapeet-roheline-maalitud-metsavaikus\/#primaryimage"},"image":{"@id":"https:\/\/baubauwall.com\/et\/toode\/pilttapeet-roheline-maalitud-metsavaikus\/#primaryimage"},"thumbnailUrl":"https:\/\/baubauwall.com\/wp-content\/uploads\/2022\/11\/Green_Mural_Wallpaper_Watercolor_Forest_Baubauwall_51200500-2.jpg","datePublished":"2025-10-13T08:00:35+00:00","dateModified":"2025-10-13T08:58:11+00:00","description":"Kui sul on vaja rahu, aga valget seina ei taha\u2026Siis too seinale roheline vesiv\u00e4rvidega maalitud tapeet. See pilttapeet sobib magamistuppa kui ka elutuppa","breadcrumb":{"@id":"https:\/\/baubauwall.com\/et\/toode\/pilttapeet-roheline-maalitud-metsavaikus\/#breadcrumb"},"inLanguage":"et","potentialAction":[{"@type":"ReadAction","target":["https:\/\/baubauwall.com\/et\/toode\/pilttapeet-roheline-maalitud-metsavaikus\/"]}]},{"@type":"ImageObject","inLanguage":"et","@id":"https:\/\/baubauwall.com\/et\/toode\/pilttapeet-roheline-maalitud-metsavaikus\/#primaryimage","url":"https:\/\/baubauwall.com\/wp-content\/uploads\/2022\/11\/Green_Mural_Wallpaper_Watercolor_Forest_Baubauwall_51200500-2.jpg","contentUrl":"https:\/\/baubauwall.com\/wp-content\/uploads\/2022\/11\/Green_Mural_Wallpaper_Watercolor_Forest_Baubauwall_51200500-2.jpg","width":1738,"height":1600,"caption":"Green watercolor forest mural wallpaper on a restaurant wall. Baubauwall wallpapers"},{"@type":"BreadcrumbList","@id":"https:\/\/baubauwall.com\/et\/toode\/pilttapeet-roheline-maalitud-metsavaikus\/#breadcrumb","itemListElement":[{"@type":"ListItem","position":1,"name":"Koju","item":"https:\/\/baubauwall.com\/et\/"},{"@type":"ListItem","position":2,"name":"Tapeedid","item":"https:\/\/baubauwall.com\/et\/tapeedid\/"},{"@type":"ListItem","position":3,"name":"Maalitud metsavaikus"}]},{"@type":"WebSite","@id":"https:\/\/baubauwall.com\/et\/#website","url":"https:\/\/baubauwall.com\/et\/","name":"BAUBAUWALL Wallpapers","description":"Valmis paanides tapeet Eestist!","publisher":{"@id":"https:\/\/baubauwall.com\/et\/#organization"},"potentialAction":[{"@type":"SearchAction","target":{"@type":"EntryPoint","urlTemplate":"https:\/\/baubauwall.com\/et\/?s={search_term_string}"},"query-input":{"@type":"PropertyValueSpecification","valueRequired":true,"valueName":"search_term_string"}}],"inLanguage":"et"},{"@type":"Organization","@id":"https:\/\/baubauwall.com\/et\/#organization","name":"BAUBAUWALL Wallpapers","url":"https:\/\/baubauwall.com\/et\/","logo":{"@type":"ImageObject","inLanguage":"et","@id":"https:\/\/baubauwall.com\/et\/#\/schema\/logo\/image\/","url":"https:\/\/baubauwall.com\/wp-content\/uploads\/2022\/03\/logo-horizontal.svg","contentUrl":"https:\/\/baubauwall.com\/wp-content\/uploads\/2022\/03\/logo-horizontal.svg","width":"1024","height":"1024","caption":"BAUBAUWALL Wallpapers"},"image":{"@id":"https:\/\/baubauwall.com\/et\/#\/schema\/logo\/image\/"},"sameAs":["https:\/\/www.facebook.com\/Baubauwall","https:\/\/www.instagram.com\/baubauwall"]}]}},"jetpack_sharing_enabled":true,"_links":{"self":[{"href":"https:\/\/baubauwall.com\/et\/wp-json\/wp\/v2\/product\/45187","targetHints":{"allow":["GET"]}}],"collection":[{"href":"https:\/\/baubauwall.com\/et\/wp-json\/wp\/v2\/product"}],"about":[{"href":"https:\/\/baubauwall.com\/et\/wp-json\/wp\/v2\/types\/product"}],"replies":[{"embeddable":true,"href":"https:\/\/baubauwall.com\/et\/wp-json\/wp\/v2\/comments?post=45187"}],"wp:featuredmedia":[{"embeddable":true,"href":"https:\/\/baubauwall.com\/et\/wp-json\/wp\/v2\/media\/45191"}],"wp:attachment":[{"href":"https:\/\/baubauwall.com\/et\/wp-json\/wp\/v2\/media?parent=45187"}],"wp:term":[{"taxonomy":"product_brand","embeddable":true,"href":"https:\/\/baubauwall.com\/et\/wp-json\/wp\/v2\/product_brand?post=45187"},{"taxonomy":"product_cat","embeddable":true,"href":"https:\/\/baubauwall.com\/et\/wp-json\/wp\/v2\/product_cat?post=45187"},{"taxonomy":"product_tag","embeddable":true,"href":"https:\/\/baubauwall.com\/et\/wp-json\/wp\/v2\/product_tag?post=45187"}],"curies":[{"name":"wp","href":"https:\/\/api.w.org\/{rel}","templated":true}]}}