{"id":45358,"date":"2025-09-15T17:00:22","date_gmt":"2025-09-15T15:00:22","guid":{"rendered":"https:\/\/baubauwall.com\/product\/kida-mural-wallpaper-animals-in-the-jungle\/"},"modified":"2025-10-21T15:22:10","modified_gmt":"2025-10-21T13:22:10","slug":"lastetoa-tapeet-kaelkirjak-ja-sobrad","status":"publish","type":"product","link":"https:\/\/baubauwall.com\/et\/toode\/lastetoa-tapeet-kaelkirjak-ja-sobrad\/","title":{"rendered":"Lastetoa tapeet Kaelkirjak ja s\u00f5brad"},"content":{"rendered":"","protected":false},"excerpt":{"rendered":"","protected":false},"featured_media":45364,"comment_status":"open","ping_status":"closed","template":"","meta":{"_acf_changed":false,"inline_featured_image":false},"product_brand":[],"product_cat":[629,387,265,271,400,254,255],"product_tag":[349,345,308,724,324],"class_list":{"0":"post-45358","1":"product","2":"type-product","3":"status-publish","4":"has-post-thumbnail","6":"product_cat-kikki-belle-tapeedid","7":"product_cat-pilttapeedid","8":"product_cat-beezid-tapeedid","9":"product_cat-rohelised-tapeedid","10":"product_cat-lastetoa-tapeedid","11":"product_cat-loodus","12":"product_cat-loomad","13":"product_tag-beebituba","14":"product_tag-pilttapeet","15":"product_tag-poiste-tuba","16":"product_tag-sooneutraalsed-varvid-et","17":"product_tag-tudruku-tuba","19":"first","20":"instock","21":"taxable","22":"shipping-taxable","23":"purchasable","24":"product-type-simple"},"acf":[],"yoast_head":"<!-- This site is optimized with the Yoast SEO plugin v25.9 - https:\/\/yoast.com\/wordpress\/plugins\/seo\/ -->\n<title>Tapeet Kaelkirjak ja s\u00f5brad. Lastetoa pilttapeet - BAUBAUWALL TAPEEDID<\/title>\n<meta name=\"description\" content=\"Tapeet, millel on kaelkirjak ja tema s\u00f5brad troopilises savannis. Lastetoa tapeet m\u00e4nguslite hetkede loomiseks. Fliistapeet, just sinu seina suuruses.\" \/>\n<meta name=\"robots\" content=\"index, follow, max-snippet:-1, max-image-preview:large, max-video-preview:-1\" \/>\n<link rel=\"canonical\" href=\"https:\/\/baubauwall.com\/et\/toode\/lastetoa-tapeet-kaelkirjak-ja-sobrad\/\" \/>\n<meta property=\"og:locale\" content=\"et_EE\" \/>\n<meta property=\"og:type\" content=\"article\" \/>\n<meta property=\"og:title\" content=\"BAUBAUWALL TAPEEDID\" \/>\n<meta property=\"og:description\" content=\"Tapeet, millel on kaelkirjak ja tema s\u00f5brad troopilises savannis. Lastetoa tapeet m\u00e4nguslite hetkede loomiseks. Fliistapeet, just sinu seina suuruses.\" \/>\n<meta property=\"og:url\" content=\"https:\/\/baubauwall.com\/et\/toode\/lastetoa-tapeet-kaelkirjak-ja-sobrad\/\" \/>\n<meta property=\"og:site_name\" content=\"BAUBAUWALL TAPEEDID\" \/>\n<meta property=\"article:publisher\" content=\"https:\/\/www.facebook.com\/Baubauwall\" \/>\n<meta property=\"article:modified_time\" content=\"2025-10-21T13:22:10+00:00\" \/>\n<meta property=\"og:image\" content=\"https:\/\/baubauwall.com\/wp-content\/uploads\/2022\/11\/Lastetuba19_490x490.jpg\" \/>\n\t<meta property=\"og:image:width\" content=\"2240\" \/>\n\t<meta property=\"og:image:height\" content=\"1600\" \/>\n\t<meta property=\"og:image:type\" content=\"image\/jpeg\" \/>\n<meta name=\"twitter:card\" content=\"summary_large_image\" \/>\n<meta name=\"twitter:label1\" content=\"Est. reading time\" \/>\n\t<meta name=\"twitter:data1\" content=\"1 minut\" \/>\n<script type=\"application\/ld+json\" class=\"yoast-schema-graph\">{\"@context\":\"https:\/\/schema.org\",\"@graph\":[{\"@type\":\"WebPage\",\"@id\":\"https:\/\/baubauwall.com\/et\/toode\/lastetoa-tapeet-kaelkirjak-ja-sobrad\/\",\"url\":\"https:\/\/baubauwall.com\/et\/toode\/lastetoa-tapeet-kaelkirjak-ja-sobrad\/\",\"name\":\"Tapeet Kaelkirjak ja s\u00f5brad. Lastetoa pilttapeet - BAUBAUWALL TAPEEDID\",\"isPartOf\":{\"@id\":\"https:\/\/baubauwall.com\/et\/#website\"},\"primaryImageOfPage\":{\"@id\":\"https:\/\/baubauwall.com\/et\/toode\/lastetoa-tapeet-kaelkirjak-ja-sobrad\/#primaryimage\"},\"image\":{\"@id\":\"https:\/\/baubauwall.com\/et\/toode\/lastetoa-tapeet-kaelkirjak-ja-sobrad\/#primaryimage\"},\"thumbnailUrl\":\"https:\/\/baubauwall.com\/wp-content\/uploads\/2022\/11\/Lastetuba26_490x490.jpg\",\"datePublished\":\"2025-09-15T15:00:22+00:00\",\"dateModified\":\"2025-10-21T13:22:10+00:00\",\"description\":\"Tapeet, millel on kaelkirjak ja tema s\u00f5brad troopilises savannis. Lastetoa tapeet m\u00e4nguslite hetkede loomiseks. Fliistapeet, just sinu seina suuruses.\",\"breadcrumb\":{\"@id\":\"https:\/\/baubauwall.com\/et\/toode\/lastetoa-tapeet-kaelkirjak-ja-sobrad\/#breadcrumb\"},\"inLanguage\":\"et\",\"potentialAction\":[{\"@type\":\"ReadAction\",\"target\":[\"https:\/\/baubauwall.com\/et\/toode\/lastetoa-tapeet-kaelkirjak-ja-sobrad\/\"]}]},{\"@type\":\"ImageObject\",\"inLanguage\":\"et\",\"@id\":\"https:\/\/baubauwall.com\/et\/toode\/lastetoa-tapeet-kaelkirjak-ja-sobrad\/#primaryimage\",\"url\":\"https:\/\/baubauwall.com\/wp-content\/uploads\/2022\/11\/Lastetuba26_490x490.jpg\",\"contentUrl\":\"https:\/\/baubauwall.com\/wp-content\/uploads\/2022\/11\/Lastetuba26_490x490.jpg\",\"width\":2240,\"height\":1600,\"caption\":\"Lastetoa tapeet loomade ja d\u017eungliga. Baubauwall tapeedid\"},{\"@type\":\"BreadcrumbList\",\"@id\":\"https:\/\/baubauwall.com\/et\/toode\/lastetoa-tapeet-kaelkirjak-ja-sobrad\/#breadcrumb\",\"itemListElement\":[{\"@type\":\"ListItem\",\"position\":1,\"name\":\"Koju\",\"item\":\"https:\/\/baubauwall.com\/et\/\"},{\"@type\":\"ListItem\",\"position\":2,\"name\":\"Tapeedid\",\"item\":\"https:\/\/baubauwall.com\/et\/tapeedid\/\"},{\"@type\":\"ListItem\",\"position\":3,\"name\":\"Lastetoa tapeet Kaelkirjak ja s\u00f5brad\"}]},{\"@type\":\"WebSite\",\"@id\":\"https:\/\/baubauwall.com\/et\/#website\",\"url\":\"https:\/\/baubauwall.com\/et\/\",\"name\":\"BAUBAUWALL Wallpapers\",\"description\":\"Valmis paanides tapeet Eestist!\",\"publisher\":{\"@id\":\"https:\/\/baubauwall.com\/et\/#organization\"},\"potentialAction\":[{\"@type\":\"SearchAction\",\"target\":{\"@type\":\"EntryPoint\",\"urlTemplate\":\"https:\/\/baubauwall.com\/et\/?s={search_term_string}\"},\"query-input\":{\"@type\":\"PropertyValueSpecification\",\"valueRequired\":true,\"valueName\":\"search_term_string\"}}],\"inLanguage\":\"et\"},{\"@type\":\"Organization\",\"@id\":\"https:\/\/baubauwall.com\/et\/#organization\",\"name\":\"BAUBAUWALL Wallpapers\",\"url\":\"https:\/\/baubauwall.com\/et\/\",\"logo\":{\"@type\":\"ImageObject\",\"inLanguage\":\"et\",\"@id\":\"https:\/\/baubauwall.com\/et\/#\/schema\/logo\/image\/\",\"url\":\"https:\/\/baubauwall.com\/wp-content\/uploads\/2022\/03\/logo-horizontal.svg\",\"contentUrl\":\"https:\/\/baubauwall.com\/wp-content\/uploads\/2022\/03\/logo-horizontal.svg\",\"width\":\"1024\",\"height\":\"1024\",\"caption\":\"BAUBAUWALL Wallpapers\"},\"image\":{\"@id\":\"https:\/\/baubauwall.com\/et\/#\/schema\/logo\/image\/\"},\"sameAs\":[\"https:\/\/www.facebook.com\/Baubauwall\",\"https:\/\/www.instagram.com\/baubauwall\"]}]}<\/script>\n<!-- \/ Yoast SEO plugin. -->","yoast_head_json":{"title":"Tapeet Kaelkirjak ja s\u00f5brad. Lastetoa pilttapeet - BAUBAUWALL TAPEEDID","description":"Tapeet, millel on kaelkirjak ja tema s\u00f5brad troopilises savannis. Lastetoa tapeet m\u00e4nguslite hetkede loomiseks. Fliistapeet, just sinu seina suuruses.","robots":{"index":"index","follow":"follow","max-snippet":"max-snippet:-1","max-image-preview":"max-image-preview:large","max-video-preview":"max-video-preview:-1"},"canonical":"https:\/\/baubauwall.com\/et\/toode\/lastetoa-tapeet-kaelkirjak-ja-sobrad\/","og_locale":"et_EE","og_type":"article","og_title":"BAUBAUWALL TAPEEDID","og_description":"Tapeet, millel on kaelkirjak ja tema s\u00f5brad troopilises savannis. Lastetoa tapeet m\u00e4nguslite hetkede loomiseks. Fliistapeet, just sinu seina suuruses.","og_url":"https:\/\/baubauwall.com\/et\/toode\/lastetoa-tapeet-kaelkirjak-ja-sobrad\/","og_site_name":"BAUBAUWALL TAPEEDID","article_publisher":"https:\/\/www.facebook.com\/Baubauwall","article_modified_time":"2025-10-21T13:22:10+00:00","og_image":[{"width":2240,"height":1600,"url":"https:\/\/baubauwall.com\/wp-content\/uploads\/2022\/11\/Lastetuba19_490x490.jpg","type":"image\/jpeg"}],"twitter_card":"summary_large_image","twitter_misc":{"Est. reading time":"1 minut"},"schema":{"@context":"https:\/\/schema.org","@graph":[{"@type":"WebPage","@id":"https:\/\/baubauwall.com\/et\/toode\/lastetoa-tapeet-kaelkirjak-ja-sobrad\/","url":"https:\/\/baubauwall.com\/et\/toode\/lastetoa-tapeet-kaelkirjak-ja-sobrad\/","name":"Tapeet Kaelkirjak ja s\u00f5brad. Lastetoa pilttapeet - BAUBAUWALL TAPEEDID","isPartOf":{"@id":"https:\/\/baubauwall.com\/et\/#website"},"primaryImageOfPage":{"@id":"https:\/\/baubauwall.com\/et\/toode\/lastetoa-tapeet-kaelkirjak-ja-sobrad\/#primaryimage"},"image":{"@id":"https:\/\/baubauwall.com\/et\/toode\/lastetoa-tapeet-kaelkirjak-ja-sobrad\/#primaryimage"},"thumbnailUrl":"https:\/\/baubauwall.com\/wp-content\/uploads\/2022\/11\/Lastetuba26_490x490.jpg","datePublished":"2025-09-15T15:00:22+00:00","dateModified":"2025-10-21T13:22:10+00:00","description":"Tapeet, millel on kaelkirjak ja tema s\u00f5brad troopilises savannis. Lastetoa tapeet m\u00e4nguslite hetkede loomiseks. Fliistapeet, just sinu seina suuruses.","breadcrumb":{"@id":"https:\/\/baubauwall.com\/et\/toode\/lastetoa-tapeet-kaelkirjak-ja-sobrad\/#breadcrumb"},"inLanguage":"et","potentialAction":[{"@type":"ReadAction","target":["https:\/\/baubauwall.com\/et\/toode\/lastetoa-tapeet-kaelkirjak-ja-sobrad\/"]}]},{"@type":"ImageObject","inLanguage":"et","@id":"https:\/\/baubauwall.com\/et\/toode\/lastetoa-tapeet-kaelkirjak-ja-sobrad\/#primaryimage","url":"https:\/\/baubauwall.com\/wp-content\/uploads\/2022\/11\/Lastetuba26_490x490.jpg","contentUrl":"https:\/\/baubauwall.com\/wp-content\/uploads\/2022\/11\/Lastetuba26_490x490.jpg","width":2240,"height":1600,"caption":"Lastetoa tapeet loomade ja d\u017eungliga. Baubauwall tapeedid"},{"@type":"BreadcrumbList","@id":"https:\/\/baubauwall.com\/et\/toode\/lastetoa-tapeet-kaelkirjak-ja-sobrad\/#breadcrumb","itemListElement":[{"@type":"ListItem","position":1,"name":"Koju","item":"https:\/\/baubauwall.com\/et\/"},{"@type":"ListItem","position":2,"name":"Tapeedid","item":"https:\/\/baubauwall.com\/et\/tapeedid\/"},{"@type":"ListItem","position":3,"name":"Lastetoa tapeet Kaelkirjak ja s\u00f5brad"}]},{"@type":"WebSite","@id":"https:\/\/baubauwall.com\/et\/#website","url":"https:\/\/baubauwall.com\/et\/","name":"BAUBAUWALL Wallpapers","description":"Valmis paanides tapeet Eestist!","publisher":{"@id":"https:\/\/baubauwall.com\/et\/#organization"},"potentialAction":[{"@type":"SearchAction","target":{"@type":"EntryPoint","urlTemplate":"https:\/\/baubauwall.com\/et\/?s={search_term_string}"},"query-input":{"@type":"PropertyValueSpecification","valueRequired":true,"valueName":"search_term_string"}}],"inLanguage":"et"},{"@type":"Organization","@id":"https:\/\/baubauwall.com\/et\/#organization","name":"BAUBAUWALL Wallpapers","url":"https:\/\/baubauwall.com\/et\/","logo":{"@type":"ImageObject","inLanguage":"et","@id":"https:\/\/baubauwall.com\/et\/#\/schema\/logo\/image\/","url":"https:\/\/baubauwall.com\/wp-content\/uploads\/2022\/03\/logo-horizontal.svg","contentUrl":"https:\/\/baubauwall.com\/wp-content\/uploads\/2022\/03\/logo-horizontal.svg","width":"1024","height":"1024","caption":"BAUBAUWALL Wallpapers"},"image":{"@id":"https:\/\/baubauwall.com\/et\/#\/schema\/logo\/image\/"},"sameAs":["https:\/\/www.facebook.com\/Baubauwall","https:\/\/www.instagram.com\/baubauwall"]}]}},"jetpack_sharing_enabled":true,"_links":{"self":[{"href":"https:\/\/baubauwall.com\/et\/wp-json\/wp\/v2\/product\/45358","targetHints":{"allow":["GET"]}}],"collection":[{"href":"https:\/\/baubauwall.com\/et\/wp-json\/wp\/v2\/product"}],"about":[{"href":"https:\/\/baubauwall.com\/et\/wp-json\/wp\/v2\/types\/product"}],"replies":[{"embeddable":true,"href":"https:\/\/baubauwall.com\/et\/wp-json\/wp\/v2\/comments?post=45358"}],"wp:featuredmedia":[{"embeddable":true,"href":"https:\/\/baubauwall.com\/et\/wp-json\/wp\/v2\/media\/45364"}],"wp:attachment":[{"href":"https:\/\/baubauwall.com\/et\/wp-json\/wp\/v2\/media?parent=45358"}],"wp:term":[{"taxonomy":"product_brand","embeddable":true,"href":"https:\/\/baubauwall.com\/et\/wp-json\/wp\/v2\/product_brand?post=45358"},{"taxonomy":"product_cat","embeddable":true,"href":"https:\/\/baubauwall.com\/et\/wp-json\/wp\/v2\/product_cat?post=45358"},{"taxonomy":"product_tag","embeddable":true,"href":"https:\/\/baubauwall.com\/et\/wp-json\/wp\/v2\/product_tag?post=45358"}],"curies":[{"name":"wp","href":"https:\/\/api.w.org\/{rel}","templated":true}]}}