{"id":45386,"date":"2025-09-15T17:00:22","date_gmt":"2025-09-15T15:00:22","guid":{"rendered":"https:\/\/baubauwall.com\/product\/kids-mural-wallpaper-amazing-animals\/"},"modified":"2025-11-18T12:23:59","modified_gmt":"2025-11-18T10:23:59","slug":"lastetoa-pilttapeet-fantastiline-loomariik","status":"publish","type":"product","link":"https:\/\/baubauwall.com\/et\/toode\/lastetoa-pilttapeet-fantastiline-loomariik\/","title":{"rendered":"Lastetoa tapeet Fantastiline loomariik"},"content":{"rendered":"<p data-start=\"0\" data-end=\"352\">Fantastiline loomariik on loomadega tapeet, mis toob lastetuppa terve safari \u2013 ilma, et peaks kodust lahkuma. Sebrad, kaelkirjak, tiigrid, ahvid, jaanalind ja leopard liiguvad rahulikult roheliste taimede vahel, justkui oma salajases d\u017eunglipargis. Joonistatud detailid on pehmed ja illustratiivsed, nii et tapeet m\u00f5jub nagu suur pildiraamat seinal.<\/p>\n<p data-start=\"354\" data-end=\"733\">See loomadega tapeet sobib ideaalselt lastetuppa, m\u00e4ngutuppa v\u00f5i ka lastes\u00f5bralikku lugemisnurka. Neutraalse helehalli tausta ja mahedate roheliste toonide t\u00f5ttu ei ole tulemus liiga kirju \u2013 m\u00f6\u00f6bel ja m\u00e4nguasjad v\u00f5ivad julgelt v\u00e4rvilised olla. Pilt ise jutustab lugusid: kes ronib, kes seisab valves, kes m\u00e4ngib \u2013 siit on lihtne v\u00e4lja m\u00f5elda unejutte ja p\u00e4evaseid seiklusi.<\/p>\n<p><strong>Miks see pilttapeet v\u00f5iks Sulle meeldida?<\/strong><\/p>\n<ul>\n<li>Eesti ettev\u00f5te<\/li>\n<li>Tr\u00fckime tapeedi t\u00e4pselt Sinu seina m\u00f5\u00f5dus<\/li>\n<li>Premium, matt fliistapeedi materjal, 100% taaskasutatud kiust<\/li>\n<li>M\u00fcrgivabad tr\u00fckiv\u00e4rvid,\u00a0<em>Greenguard<\/em>\u00a0sertifitseeritud<\/li>\n<li>Keskkonnas\u00f5bralik, j\u00e4\u00e4tmevaba tapeetimine<\/li>\n<li>Kaasa tasuta tapeediliim<\/li>\n<li>Tasuta transport ja kiire tarne 3-5 t\u00f6\u00f6p\u00e4evaga<\/li>\n<\/ul>\n<p>Loe l\u00e4hemalt nutikatest, eritellimust\u00f6\u00f6na valmivatest tapeetidest\u00a0<a href=\"https:\/\/baubauwall.com\/et\/keskkonnasobralikud-tapeedid\/\">siit.<\/a><\/p>\n","protected":false},"excerpt":{"rendered":"<p>Fantastiline loomariik on loomadega tapeet, mis toob lastetuppa terve safari \u2013 ilma, et peaks kodust lahkuma. Sebrad, kaelkirjak, tiigrid, ahvid, jaanalind ja leopard liiguvad rahulikult roheliste taimede vahel, justkui oma salajases d\u017eunglipargis. Joonistatud detailid on pehmed ja illustratiivsed, nii et tapeet m\u00f5jub nagu suur pildiraamat seinal. See loomadega tapeet sobib ideaalselt lastetuppa, m\u00e4ngutuppa v\u00f5i ka [&hellip;]<\/p>\n","protected":false},"featured_media":45392,"comment_status":"open","ping_status":"closed","template":"","meta":{"_acf_changed":false,"inline_featured_image":false},"product_brand":[],"product_cat":[629,387,396,268,271,400,250,254,255],"product_tag":[631,345,724],"class_list":{"0":"post-45386","1":"product","2":"type-product","3":"status-publish","4":"has-post-thumbnail","6":"product_cat-kikki-belle-tapeedid","7":"product_cat-pilttapeedid","8":"product_cat-skandinaavia","9":"product_cat-kirkad-tapeedid","10":"product_cat-rohelised-tapeedid","11":"product_cat-lastetoa-tapeedid","12":"product_cat-dzungel-troopika","13":"product_cat-loodus","14":"product_cat-loomad","15":"product_tag-kikki-belle-et","16":"product_tag-pilttapeet","17":"product_tag-sooneutraalsed-varvid-et","19":"first","20":"instock","21":"taxable","22":"shipping-taxable","23":"purchasable","24":"product-type-simple"},"acf":[],"yoast_head":"<!-- This site is optimized with the Yoast SEO plugin v25.9 - https:\/\/yoast.com\/wordpress\/plugins\/seo\/ -->\n<title>Loomadega tapeet. Lastetoa tapeet Fantastiline loomariik - BAUBAUWALL TAPEEDID<\/title>\n<meta name=\"description\" content=\"Loomadega tapeet just lastetuppa, mis toob lemmikloomad savaniidest ja d\u017eunglitest koju. Sinu seina suuruses tr\u00fckitud tapeedid lastele.\" \/>\n<meta name=\"robots\" content=\"index, follow, max-snippet:-1, max-image-preview:large, max-video-preview:-1\" \/>\n<link rel=\"canonical\" href=\"https:\/\/baubauwall.com\/et\/toode\/lastetoa-pilttapeet-fantastiline-loomariik\/\" \/>\n<meta property=\"og:locale\" content=\"et_EE\" \/>\n<meta property=\"og:type\" content=\"article\" \/>\n<meta property=\"og:title\" content=\"Loomadega tapeet. Lastetoa tapeet Fantastiline loomariik - BAUBAUWALL TAPEEDID\" \/>\n<meta property=\"og:description\" content=\"Loomadega tapeet just lastetuppa, mis toob lemmikloomad savaniidest ja d\u017eunglitest koju. Sinu seina suuruses tr\u00fckitud tapeedid lastele.\" \/>\n<meta property=\"og:url\" content=\"https:\/\/baubauwall.com\/et\/toode\/lastetoa-pilttapeet-fantastiline-loomariik\/\" \/>\n<meta property=\"og:site_name\" content=\"BAUBAUWALL TAPEEDID\" \/>\n<meta property=\"article:publisher\" content=\"https:\/\/www.facebook.com\/Baubauwall\" \/>\n<meta property=\"article:modified_time\" content=\"2025-11-18T10:23:59+00:00\" \/>\n<meta property=\"og:image\" content=\"https:\/\/baubauwall.com\/wp-content\/uploads\/2022\/11\/Amazing_Animals_Kids_Mural_Wallpaper_Baubauwall_51200316_room-2.jpg\" \/>\n\t<meta property=\"og:image:width\" content=\"2399\" \/>\n\t<meta property=\"og:image:height\" content=\"1600\" \/>\n\t<meta property=\"og:image:type\" content=\"image\/jpeg\" \/>\n<meta name=\"twitter:card\" content=\"summary_large_image\" \/>\n<meta name=\"twitter:label1\" content=\"Est. reading time\" \/>\n\t<meta name=\"twitter:data1\" content=\"1 minut\" \/>\n<script type=\"application\/ld+json\" class=\"yoast-schema-graph\">{\"@context\":\"https:\/\/schema.org\",\"@graph\":[{\"@type\":\"WebPage\",\"@id\":\"https:\/\/baubauwall.com\/et\/toode\/lastetoa-pilttapeet-fantastiline-loomariik\/\",\"url\":\"https:\/\/baubauwall.com\/et\/toode\/lastetoa-pilttapeet-fantastiline-loomariik\/\",\"name\":\"Loomadega tapeet. Lastetoa tapeet Fantastiline loomariik - BAUBAUWALL TAPEEDID\",\"isPartOf\":{\"@id\":\"https:\/\/baubauwall.com\/et\/#website\"},\"primaryImageOfPage\":{\"@id\":\"https:\/\/baubauwall.com\/et\/toode\/lastetoa-pilttapeet-fantastiline-loomariik\/#primaryimage\"},\"image\":{\"@id\":\"https:\/\/baubauwall.com\/et\/toode\/lastetoa-pilttapeet-fantastiline-loomariik\/#primaryimage\"},\"thumbnailUrl\":\"https:\/\/baubauwall.com\/wp-content\/uploads\/2022\/11\/Amazing_Animals_Kids_Mural_Wallpaper_Baubauwall_51200316_room-2.jpg\",\"datePublished\":\"2025-09-15T15:00:22+00:00\",\"dateModified\":\"2025-11-18T10:23:59+00:00\",\"description\":\"Loomadega tapeet just lastetuppa, mis toob lemmikloomad savaniidest ja d\u017eunglitest koju. Sinu seina suuruses tr\u00fckitud tapeedid lastele.\",\"breadcrumb\":{\"@id\":\"https:\/\/baubauwall.com\/et\/toode\/lastetoa-pilttapeet-fantastiline-loomariik\/#breadcrumb\"},\"inLanguage\":\"et\",\"potentialAction\":[{\"@type\":\"ReadAction\",\"target\":[\"https:\/\/baubauwall.com\/et\/toode\/lastetoa-pilttapeet-fantastiline-loomariik\/\"]}]},{\"@type\":\"ImageObject\",\"inLanguage\":\"et\",\"@id\":\"https:\/\/baubauwall.com\/et\/toode\/lastetoa-pilttapeet-fantastiline-loomariik\/#primaryimage\",\"url\":\"https:\/\/baubauwall.com\/wp-content\/uploads\/2022\/11\/Amazing_Animals_Kids_Mural_Wallpaper_Baubauwall_51200316_room-2.jpg\",\"contentUrl\":\"https:\/\/baubauwall.com\/wp-content\/uploads\/2022\/11\/Amazing_Animals_Kids_Mural_Wallpaper_Baubauwall_51200316_room-2.jpg\",\"width\":2399,\"height\":1600,\"caption\":\"Lastetoa tapeet dzunlgiloomadega. Baubuawall tapeedid\"},{\"@type\":\"BreadcrumbList\",\"@id\":\"https:\/\/baubauwall.com\/et\/toode\/lastetoa-pilttapeet-fantastiline-loomariik\/#breadcrumb\",\"itemListElement\":[{\"@type\":\"ListItem\",\"position\":1,\"name\":\"Koju\",\"item\":\"https:\/\/baubauwall.com\/et\/\"},{\"@type\":\"ListItem\",\"position\":2,\"name\":\"Tapeedid\",\"item\":\"https:\/\/baubauwall.com\/et\/tapeedid\/\"},{\"@type\":\"ListItem\",\"position\":3,\"name\":\"Lastetoa tapeet Fantastiline loomariik\"}]},{\"@type\":\"WebSite\",\"@id\":\"https:\/\/baubauwall.com\/et\/#website\",\"url\":\"https:\/\/baubauwall.com\/et\/\",\"name\":\"BAUBAUWALL Wallpapers\",\"description\":\"Valmis paanides tapeet Eestist!\",\"publisher\":{\"@id\":\"https:\/\/baubauwall.com\/et\/#organization\"},\"potentialAction\":[{\"@type\":\"SearchAction\",\"target\":{\"@type\":\"EntryPoint\",\"urlTemplate\":\"https:\/\/baubauwall.com\/et\/?s={search_term_string}\"},\"query-input\":{\"@type\":\"PropertyValueSpecification\",\"valueRequired\":true,\"valueName\":\"search_term_string\"}}],\"inLanguage\":\"et\"},{\"@type\":\"Organization\",\"@id\":\"https:\/\/baubauwall.com\/et\/#organization\",\"name\":\"BAUBAUWALL Wallpapers\",\"url\":\"https:\/\/baubauwall.com\/et\/\",\"logo\":{\"@type\":\"ImageObject\",\"inLanguage\":\"et\",\"@id\":\"https:\/\/baubauwall.com\/et\/#\/schema\/logo\/image\/\",\"url\":\"https:\/\/baubauwall.com\/wp-content\/uploads\/2022\/03\/logo-horizontal.svg\",\"contentUrl\":\"https:\/\/baubauwall.com\/wp-content\/uploads\/2022\/03\/logo-horizontal.svg\",\"width\":\"1024\",\"height\":\"1024\",\"caption\":\"BAUBAUWALL Wallpapers\"},\"image\":{\"@id\":\"https:\/\/baubauwall.com\/et\/#\/schema\/logo\/image\/\"},\"sameAs\":[\"https:\/\/www.facebook.com\/Baubauwall\",\"https:\/\/www.instagram.com\/baubauwall\"]}]}<\/script>\n<!-- \/ Yoast SEO plugin. -->","yoast_head_json":{"title":"Loomadega tapeet. Lastetoa tapeet Fantastiline loomariik - BAUBAUWALL TAPEEDID","description":"Loomadega tapeet just lastetuppa, mis toob lemmikloomad savaniidest ja d\u017eunglitest koju. Sinu seina suuruses tr\u00fckitud tapeedid lastele.","robots":{"index":"index","follow":"follow","max-snippet":"max-snippet:-1","max-image-preview":"max-image-preview:large","max-video-preview":"max-video-preview:-1"},"canonical":"https:\/\/baubauwall.com\/et\/toode\/lastetoa-pilttapeet-fantastiline-loomariik\/","og_locale":"et_EE","og_type":"article","og_title":"Loomadega tapeet. Lastetoa tapeet Fantastiline loomariik - BAUBAUWALL TAPEEDID","og_description":"Loomadega tapeet just lastetuppa, mis toob lemmikloomad savaniidest ja d\u017eunglitest koju. Sinu seina suuruses tr\u00fckitud tapeedid lastele.","og_url":"https:\/\/baubauwall.com\/et\/toode\/lastetoa-pilttapeet-fantastiline-loomariik\/","og_site_name":"BAUBAUWALL TAPEEDID","article_publisher":"https:\/\/www.facebook.com\/Baubauwall","article_modified_time":"2025-11-18T10:23:59+00:00","og_image":[{"width":2399,"height":1600,"url":"https:\/\/baubauwall.com\/wp-content\/uploads\/2022\/11\/Amazing_Animals_Kids_Mural_Wallpaper_Baubauwall_51200316_room-2.jpg","type":"image\/jpeg"}],"twitter_card":"summary_large_image","twitter_misc":{"Est. reading time":"1 minut"},"schema":{"@context":"https:\/\/schema.org","@graph":[{"@type":"WebPage","@id":"https:\/\/baubauwall.com\/et\/toode\/lastetoa-pilttapeet-fantastiline-loomariik\/","url":"https:\/\/baubauwall.com\/et\/toode\/lastetoa-pilttapeet-fantastiline-loomariik\/","name":"Loomadega tapeet. Lastetoa tapeet Fantastiline loomariik - BAUBAUWALL TAPEEDID","isPartOf":{"@id":"https:\/\/baubauwall.com\/et\/#website"},"primaryImageOfPage":{"@id":"https:\/\/baubauwall.com\/et\/toode\/lastetoa-pilttapeet-fantastiline-loomariik\/#primaryimage"},"image":{"@id":"https:\/\/baubauwall.com\/et\/toode\/lastetoa-pilttapeet-fantastiline-loomariik\/#primaryimage"},"thumbnailUrl":"https:\/\/baubauwall.com\/wp-content\/uploads\/2022\/11\/Amazing_Animals_Kids_Mural_Wallpaper_Baubauwall_51200316_room-2.jpg","datePublished":"2025-09-15T15:00:22+00:00","dateModified":"2025-11-18T10:23:59+00:00","description":"Loomadega tapeet just lastetuppa, mis toob lemmikloomad savaniidest ja d\u017eunglitest koju. Sinu seina suuruses tr\u00fckitud tapeedid lastele.","breadcrumb":{"@id":"https:\/\/baubauwall.com\/et\/toode\/lastetoa-pilttapeet-fantastiline-loomariik\/#breadcrumb"},"inLanguage":"et","potentialAction":[{"@type":"ReadAction","target":["https:\/\/baubauwall.com\/et\/toode\/lastetoa-pilttapeet-fantastiline-loomariik\/"]}]},{"@type":"ImageObject","inLanguage":"et","@id":"https:\/\/baubauwall.com\/et\/toode\/lastetoa-pilttapeet-fantastiline-loomariik\/#primaryimage","url":"https:\/\/baubauwall.com\/wp-content\/uploads\/2022\/11\/Amazing_Animals_Kids_Mural_Wallpaper_Baubauwall_51200316_room-2.jpg","contentUrl":"https:\/\/baubauwall.com\/wp-content\/uploads\/2022\/11\/Amazing_Animals_Kids_Mural_Wallpaper_Baubauwall_51200316_room-2.jpg","width":2399,"height":1600,"caption":"Lastetoa tapeet dzunlgiloomadega. Baubuawall tapeedid"},{"@type":"BreadcrumbList","@id":"https:\/\/baubauwall.com\/et\/toode\/lastetoa-pilttapeet-fantastiline-loomariik\/#breadcrumb","itemListElement":[{"@type":"ListItem","position":1,"name":"Koju","item":"https:\/\/baubauwall.com\/et\/"},{"@type":"ListItem","position":2,"name":"Tapeedid","item":"https:\/\/baubauwall.com\/et\/tapeedid\/"},{"@type":"ListItem","position":3,"name":"Lastetoa tapeet Fantastiline loomariik"}]},{"@type":"WebSite","@id":"https:\/\/baubauwall.com\/et\/#website","url":"https:\/\/baubauwall.com\/et\/","name":"BAUBAUWALL Wallpapers","description":"Valmis paanides tapeet Eestist!","publisher":{"@id":"https:\/\/baubauwall.com\/et\/#organization"},"potentialAction":[{"@type":"SearchAction","target":{"@type":"EntryPoint","urlTemplate":"https:\/\/baubauwall.com\/et\/?s={search_term_string}"},"query-input":{"@type":"PropertyValueSpecification","valueRequired":true,"valueName":"search_term_string"}}],"inLanguage":"et"},{"@type":"Organization","@id":"https:\/\/baubauwall.com\/et\/#organization","name":"BAUBAUWALL Wallpapers","url":"https:\/\/baubauwall.com\/et\/","logo":{"@type":"ImageObject","inLanguage":"et","@id":"https:\/\/baubauwall.com\/et\/#\/schema\/logo\/image\/","url":"https:\/\/baubauwall.com\/wp-content\/uploads\/2022\/03\/logo-horizontal.svg","contentUrl":"https:\/\/baubauwall.com\/wp-content\/uploads\/2022\/03\/logo-horizontal.svg","width":"1024","height":"1024","caption":"BAUBAUWALL Wallpapers"},"image":{"@id":"https:\/\/baubauwall.com\/et\/#\/schema\/logo\/image\/"},"sameAs":["https:\/\/www.facebook.com\/Baubauwall","https:\/\/www.instagram.com\/baubauwall"]}]}},"jetpack_sharing_enabled":true,"_links":{"self":[{"href":"https:\/\/baubauwall.com\/et\/wp-json\/wp\/v2\/product\/45386","targetHints":{"allow":["GET"]}}],"collection":[{"href":"https:\/\/baubauwall.com\/et\/wp-json\/wp\/v2\/product"}],"about":[{"href":"https:\/\/baubauwall.com\/et\/wp-json\/wp\/v2\/types\/product"}],"replies":[{"embeddable":true,"href":"https:\/\/baubauwall.com\/et\/wp-json\/wp\/v2\/comments?post=45386"}],"wp:featuredmedia":[{"embeddable":true,"href":"https:\/\/baubauwall.com\/et\/wp-json\/wp\/v2\/media\/45392"}],"wp:attachment":[{"href":"https:\/\/baubauwall.com\/et\/wp-json\/wp\/v2\/media?parent=45386"}],"wp:term":[{"taxonomy":"product_brand","embeddable":true,"href":"https:\/\/baubauwall.com\/et\/wp-json\/wp\/v2\/product_brand?post=45386"},{"taxonomy":"product_cat","embeddable":true,"href":"https:\/\/baubauwall.com\/et\/wp-json\/wp\/v2\/product_cat?post=45386"},{"taxonomy":"product_tag","embeddable":true,"href":"https:\/\/baubauwall.com\/et\/wp-json\/wp\/v2\/product_tag?post=45386"}],"curies":[{"name":"wp","href":"https:\/\/api.w.org\/{rel}","templated":true}]}}