{"id":45422,"date":"2025-06-15T17:00:22","date_gmt":"2025-06-15T15:00:22","guid":{"rendered":"https:\/\/baubauwall.com\/product\/mural-wallpaper-happy-horses\/"},"modified":"2026-03-27T10:43:42","modified_gmt":"2026-03-27T08:43:42","slug":"lastetoa-tapeet-roomsad-hobused","status":"publish","type":"product","link":"https:\/\/baubauwall.com\/et\/toode\/lastetoa-tapeet-roomsad-hobused\/","title":{"rendered":"Lastetoa tapeet R\u00f5\u00f5msad hobused"},"content":{"rendered":"<p data-start=\"111\" data-end=\"450\">Kui otsid lapse tuppa tapeeti, mis oleks korraga armas ja r\u00f5\u00f5mus, siis see hobustega tapeet on hea valik. R\u00f5\u00f5msad hobused on pilttapeet, mis toob lastetuppa m\u00e4ngulisust ja paraja portsu fantaasiat. See on tapeet lapsele, kellele meeldivad hobused, seiklused ja r\u00f5\u00f5msad detailid.<\/p>\n<p data-start=\"111\" data-end=\"450\">Hobused lisavad seinale oma loo, mis k\u00f6idab pilku, aga ei muuda tuba liiga kirjuks. Tulemuseks on lastetuba, mis on m\u00e4nguline, hubane ja oman\u00e4oline. Just selline sein, mille taustal on m\u00f5nus m\u00e4ngida, unistada ja oma lugusid v\u00e4lja m\u00f5elda.<\/p>\n<p data-start=\"769\" data-end=\"1096\">Nagu k\u00f5ik Baubauwalli pilttapeedid, valmib ka see disain just sinu seina m\u00f5\u00f5tudes. Nii saad seinale t\u00e4pselt sobiva lahenduse, ilma liigse materjalikuluta. Tapeet tr\u00fckitakse kvaliteetsele materjalile, paanid on nummerdatud &#8211; nii on paigaldus lihtne ja loogiline!<\/p>\n<p><strong>Miks see pilttapeet v\u00f5iks Sulle meeldida?<\/strong><\/p>\n<ul>\n<li>No vaata kui nunnu tapeedidisain!<\/li>\n<li>Eesti ettev\u00f5te<\/li>\n<li>Tr\u00fckime tapeedi t\u00e4pselt <a href=\"https:\/\/baubauwall.com\/et\/kuidas-see-tootab\/\">Sinu seina m\u00f5\u00f5du j\u00e4rgi<\/a><\/li>\n<li>Premium kategooria matt fliistapeet, valmistatud 100% taaskasutatud kiust<\/li>\n<li>M\u00fcrgivabad tr\u00fckiv\u00e4rvid,\u00a0<em>Greenguard<\/em>\u00a0sertifitseeritud<\/li>\n<li>Keskkonnateadlik ja j\u00e4\u00e4tmevaba tellimusp\u00f5hine tootmine<\/li>\n<li>Tapeediliim tuleb alati tasuta kaasa<\/li>\n<li>Tasuta transport ja kiire tarne 5 t\u00f6\u00f6p\u00e4evaga<\/li>\n<\/ul>\n","protected":false},"excerpt":{"rendered":"<p>Kui otsid lapse tuppa tapeeti, mis oleks korraga armas ja r\u00f5\u00f5mus, siis see hobustega tapeet on hea valik. R\u00f5\u00f5msad hobused on pilttapeet, mis toob lastetuppa m\u00e4ngulisust ja paraja portsu fantaasiat. See on tapeet lapsele, kellele meeldivad hobused, seiklused ja r\u00f5\u00f5msad detailid. Hobused lisavad seinale oma loo, mis k\u00f6idab pilku, aga ei muuda tuba liiga kirjuks. [&hellip;]<\/p>\n","protected":false},"featured_media":45423,"comment_status":"open","ping_status":"closed","template":"","meta":{"_acf_changed":false,"inline_featured_image":false},"product_brand":[],"product_cat":[629,387,395,268,271,400,255],"product_tag":[620,631,345,324],"class_list":{"0":"post-45422","1":"product","2":"type-product","3":"status-publish","4":"has-post-thumbnail","6":"product_cat-kikki-belle-tapeedid","7":"product_cat-pilttapeedid","8":"product_cat-romantiline","9":"product_cat-kirkad-tapeedid","10":"product_cat-rohelised-tapeedid","11":"product_cat-lastetoa-tapeedid","12":"product_cat-loomad","13":"product_tag-hobune-et","14":"product_tag-kikki-belle-et","15":"product_tag-pilttapeet","16":"product_tag-tudruku-tuba","18":"first","19":"instock","20":"taxable","21":"shipping-taxable","22":"purchasable","23":"product-type-simple"},"acf":[],"yoast_head":"<!-- This site is optimized with the Yoast SEO plugin v25.9 - https:\/\/yoast.com\/wordpress\/plugins\/seo\/ -->\n<title>Hobustega tapeet - Lastetoa tapeet R\u00f5\u00f5msad hobused - BAUBAUWALL TAPEEDID<\/title>\n<meta name=\"description\" content=\"Hobustega tapeet toob lastetuppa r\u00f5\u00f5mu ja on v\u00e4ikese hobuste f\u00e4nni number 1 tapeedivalik! Tr\u00fckitud just sinu toa suuruses valmis paanides fliistapeet.\" \/>\n<meta name=\"robots\" content=\"index, follow, max-snippet:-1, max-image-preview:large, max-video-preview:-1\" \/>\n<link rel=\"canonical\" href=\"https:\/\/baubauwall.com\/et\/toode\/lastetoa-tapeet-roomsad-hobused\/\" \/>\n<meta property=\"og:locale\" content=\"et_EE\" \/>\n<meta property=\"og:type\" content=\"article\" \/>\n<meta property=\"og:title\" content=\"BAUBAUWALL TAPEEDID\" \/>\n<meta property=\"og:description\" content=\"Hobustega tapeet toob lastetuppa r\u00f5\u00f5mu ja on v\u00e4ikese hobuste f\u00e4nni number 1 tapeedivalik! Tr\u00fckitud just sinu toa suuruses valmis paanides fliistapeet.\" \/>\n<meta property=\"og:url\" content=\"https:\/\/baubauwall.com\/et\/toode\/lastetoa-tapeet-roomsad-hobused\/\" \/>\n<meta property=\"og:site_name\" content=\"BAUBAUWALL TAPEEDID\" \/>\n<meta property=\"article:publisher\" content=\"https:\/\/www.facebook.com\/Baubauwall\" \/>\n<meta property=\"article:modified_time\" content=\"2026-03-27T08:43:42+00:00\" \/>\n<meta property=\"og:image\" content=\"https:\/\/baubauwall.com\/wp-content\/uploads\/2022\/11\/51200319_Wall_Mural_Happy_Horses_Kids_Wallpaper_Baubuawall_-2.jpg\" \/>\n\t<meta property=\"og:image:width\" content=\"2400\" \/>\n\t<meta property=\"og:image:height\" content=\"1600\" \/>\n\t<meta property=\"og:image:type\" content=\"image\/jpeg\" \/>\n<meta name=\"twitter:card\" content=\"summary_large_image\" \/>\n<meta name=\"twitter:label1\" content=\"Est. reading time\" \/>\n\t<meta name=\"twitter:data1\" content=\"1 minut\" \/>\n<script type=\"application\/ld+json\" class=\"yoast-schema-graph\">{\"@context\":\"https:\/\/schema.org\",\"@graph\":[{\"@type\":\"WebPage\",\"@id\":\"https:\/\/baubauwall.com\/et\/toode\/lastetoa-tapeet-roomsad-hobused\/\",\"url\":\"https:\/\/baubauwall.com\/et\/toode\/lastetoa-tapeet-roomsad-hobused\/\",\"name\":\"Hobustega tapeet - Lastetoa tapeet R\u00f5\u00f5msad hobused - BAUBAUWALL TAPEEDID\",\"isPartOf\":{\"@id\":\"https:\/\/baubauwall.com\/et\/#website\"},\"primaryImageOfPage\":{\"@id\":\"https:\/\/baubauwall.com\/et\/toode\/lastetoa-tapeet-roomsad-hobused\/#primaryimage\"},\"image\":{\"@id\":\"https:\/\/baubauwall.com\/et\/toode\/lastetoa-tapeet-roomsad-hobused\/#primaryimage\"},\"thumbnailUrl\":\"https:\/\/baubauwall.com\/wp-content\/uploads\/2022\/11\/51200319_Wall_Mural_Happy_Horses_Kids_Wallpaper_Baubuawall_-1.jpg\",\"datePublished\":\"2025-06-15T15:00:22+00:00\",\"dateModified\":\"2026-03-27T08:43:42+00:00\",\"description\":\"Hobustega tapeet toob lastetuppa r\u00f5\u00f5mu ja on v\u00e4ikese hobuste f\u00e4nni number 1 tapeedivalik! Tr\u00fckitud just sinu toa suuruses valmis paanides fliistapeet.\",\"breadcrumb\":{\"@id\":\"https:\/\/baubauwall.com\/et\/toode\/lastetoa-tapeet-roomsad-hobused\/#breadcrumb\"},\"inLanguage\":\"et\",\"potentialAction\":[{\"@type\":\"ReadAction\",\"target\":[\"https:\/\/baubauwall.com\/et\/toode\/lastetoa-tapeet-roomsad-hobused\/\"]}]},{\"@type\":\"ImageObject\",\"inLanguage\":\"et\",\"@id\":\"https:\/\/baubauwall.com\/et\/toode\/lastetoa-tapeet-roomsad-hobused\/#primaryimage\",\"url\":\"https:\/\/baubauwall.com\/wp-content\/uploads\/2022\/11\/51200319_Wall_Mural_Happy_Horses_Kids_Wallpaper_Baubuawall_-1.jpg\",\"contentUrl\":\"https:\/\/baubauwall.com\/wp-content\/uploads\/2022\/11\/51200319_Wall_Mural_Happy_Horses_Kids_Wallpaper_Baubuawall_-1.jpg\",\"width\":2133,\"height\":1600,\"caption\":\"Horse wallpaper for kids spaces. 2 runing horses on a meadow by Baubauwall wallpapers\"},{\"@type\":\"BreadcrumbList\",\"@id\":\"https:\/\/baubauwall.com\/et\/toode\/lastetoa-tapeet-roomsad-hobused\/#breadcrumb\",\"itemListElement\":[{\"@type\":\"ListItem\",\"position\":1,\"name\":\"Koju\",\"item\":\"https:\/\/baubauwall.com\/et\/\"},{\"@type\":\"ListItem\",\"position\":2,\"name\":\"Tapeedid\",\"item\":\"https:\/\/baubauwall.com\/et\/tapeedid\/\"},{\"@type\":\"ListItem\",\"position\":3,\"name\":\"Lastetoa tapeet R\u00f5\u00f5msad hobused\"}]},{\"@type\":\"WebSite\",\"@id\":\"https:\/\/baubauwall.com\/et\/#website\",\"url\":\"https:\/\/baubauwall.com\/et\/\",\"name\":\"BAUBAUWALL Wallpapers\",\"description\":\"Valmis paanides tapeet Eestist!\",\"publisher\":{\"@id\":\"https:\/\/baubauwall.com\/et\/#organization\"},\"potentialAction\":[{\"@type\":\"SearchAction\",\"target\":{\"@type\":\"EntryPoint\",\"urlTemplate\":\"https:\/\/baubauwall.com\/et\/?s={search_term_string}\"},\"query-input\":{\"@type\":\"PropertyValueSpecification\",\"valueRequired\":true,\"valueName\":\"search_term_string\"}}],\"inLanguage\":\"et\"},{\"@type\":\"Organization\",\"@id\":\"https:\/\/baubauwall.com\/et\/#organization\",\"name\":\"BAUBAUWALL Wallpapers\",\"url\":\"https:\/\/baubauwall.com\/et\/\",\"logo\":{\"@type\":\"ImageObject\",\"inLanguage\":\"et\",\"@id\":\"https:\/\/baubauwall.com\/et\/#\/schema\/logo\/image\/\",\"url\":\"https:\/\/baubauwall.com\/wp-content\/uploads\/2022\/03\/logo-horizontal.svg\",\"contentUrl\":\"https:\/\/baubauwall.com\/wp-content\/uploads\/2022\/03\/logo-horizontal.svg\",\"width\":\"1024\",\"height\":\"1024\",\"caption\":\"BAUBAUWALL Wallpapers\"},\"image\":{\"@id\":\"https:\/\/baubauwall.com\/et\/#\/schema\/logo\/image\/\"},\"sameAs\":[\"https:\/\/www.facebook.com\/Baubauwall\",\"https:\/\/www.instagram.com\/baubauwall\"]}]}<\/script>\n<!-- \/ Yoast SEO plugin. -->","yoast_head_json":{"title":"Hobustega tapeet - Lastetoa tapeet R\u00f5\u00f5msad hobused - BAUBAUWALL TAPEEDID","description":"Hobustega tapeet toob lastetuppa r\u00f5\u00f5mu ja on v\u00e4ikese hobuste f\u00e4nni number 1 tapeedivalik! Tr\u00fckitud just sinu toa suuruses valmis paanides fliistapeet.","robots":{"index":"index","follow":"follow","max-snippet":"max-snippet:-1","max-image-preview":"max-image-preview:large","max-video-preview":"max-video-preview:-1"},"canonical":"https:\/\/baubauwall.com\/et\/toode\/lastetoa-tapeet-roomsad-hobused\/","og_locale":"et_EE","og_type":"article","og_title":"BAUBAUWALL TAPEEDID","og_description":"Hobustega tapeet toob lastetuppa r\u00f5\u00f5mu ja on v\u00e4ikese hobuste f\u00e4nni number 1 tapeedivalik! Tr\u00fckitud just sinu toa suuruses valmis paanides fliistapeet.","og_url":"https:\/\/baubauwall.com\/et\/toode\/lastetoa-tapeet-roomsad-hobused\/","og_site_name":"BAUBAUWALL TAPEEDID","article_publisher":"https:\/\/www.facebook.com\/Baubauwall","article_modified_time":"2026-03-27T08:43:42+00:00","og_image":[{"width":2400,"height":1600,"url":"https:\/\/baubauwall.com\/wp-content\/uploads\/2022\/11\/51200319_Wall_Mural_Happy_Horses_Kids_Wallpaper_Baubuawall_-2.jpg","type":"image\/jpeg"}],"twitter_card":"summary_large_image","twitter_misc":{"Est. reading time":"1 minut"},"schema":{"@context":"https:\/\/schema.org","@graph":[{"@type":"WebPage","@id":"https:\/\/baubauwall.com\/et\/toode\/lastetoa-tapeet-roomsad-hobused\/","url":"https:\/\/baubauwall.com\/et\/toode\/lastetoa-tapeet-roomsad-hobused\/","name":"Hobustega tapeet - Lastetoa tapeet R\u00f5\u00f5msad hobused - BAUBAUWALL TAPEEDID","isPartOf":{"@id":"https:\/\/baubauwall.com\/et\/#website"},"primaryImageOfPage":{"@id":"https:\/\/baubauwall.com\/et\/toode\/lastetoa-tapeet-roomsad-hobused\/#primaryimage"},"image":{"@id":"https:\/\/baubauwall.com\/et\/toode\/lastetoa-tapeet-roomsad-hobused\/#primaryimage"},"thumbnailUrl":"https:\/\/baubauwall.com\/wp-content\/uploads\/2022\/11\/51200319_Wall_Mural_Happy_Horses_Kids_Wallpaper_Baubuawall_-1.jpg","datePublished":"2025-06-15T15:00:22+00:00","dateModified":"2026-03-27T08:43:42+00:00","description":"Hobustega tapeet toob lastetuppa r\u00f5\u00f5mu ja on v\u00e4ikese hobuste f\u00e4nni number 1 tapeedivalik! Tr\u00fckitud just sinu toa suuruses valmis paanides fliistapeet.","breadcrumb":{"@id":"https:\/\/baubauwall.com\/et\/toode\/lastetoa-tapeet-roomsad-hobused\/#breadcrumb"},"inLanguage":"et","potentialAction":[{"@type":"ReadAction","target":["https:\/\/baubauwall.com\/et\/toode\/lastetoa-tapeet-roomsad-hobused\/"]}]},{"@type":"ImageObject","inLanguage":"et","@id":"https:\/\/baubauwall.com\/et\/toode\/lastetoa-tapeet-roomsad-hobused\/#primaryimage","url":"https:\/\/baubauwall.com\/wp-content\/uploads\/2022\/11\/51200319_Wall_Mural_Happy_Horses_Kids_Wallpaper_Baubuawall_-1.jpg","contentUrl":"https:\/\/baubauwall.com\/wp-content\/uploads\/2022\/11\/51200319_Wall_Mural_Happy_Horses_Kids_Wallpaper_Baubuawall_-1.jpg","width":2133,"height":1600,"caption":"Horse wallpaper for kids spaces. 2 runing horses on a meadow by Baubauwall wallpapers"},{"@type":"BreadcrumbList","@id":"https:\/\/baubauwall.com\/et\/toode\/lastetoa-tapeet-roomsad-hobused\/#breadcrumb","itemListElement":[{"@type":"ListItem","position":1,"name":"Koju","item":"https:\/\/baubauwall.com\/et\/"},{"@type":"ListItem","position":2,"name":"Tapeedid","item":"https:\/\/baubauwall.com\/et\/tapeedid\/"},{"@type":"ListItem","position":3,"name":"Lastetoa tapeet R\u00f5\u00f5msad hobused"}]},{"@type":"WebSite","@id":"https:\/\/baubauwall.com\/et\/#website","url":"https:\/\/baubauwall.com\/et\/","name":"BAUBAUWALL Wallpapers","description":"Valmis paanides tapeet Eestist!","publisher":{"@id":"https:\/\/baubauwall.com\/et\/#organization"},"potentialAction":[{"@type":"SearchAction","target":{"@type":"EntryPoint","urlTemplate":"https:\/\/baubauwall.com\/et\/?s={search_term_string}"},"query-input":{"@type":"PropertyValueSpecification","valueRequired":true,"valueName":"search_term_string"}}],"inLanguage":"et"},{"@type":"Organization","@id":"https:\/\/baubauwall.com\/et\/#organization","name":"BAUBAUWALL Wallpapers","url":"https:\/\/baubauwall.com\/et\/","logo":{"@type":"ImageObject","inLanguage":"et","@id":"https:\/\/baubauwall.com\/et\/#\/schema\/logo\/image\/","url":"https:\/\/baubauwall.com\/wp-content\/uploads\/2022\/03\/logo-horizontal.svg","contentUrl":"https:\/\/baubauwall.com\/wp-content\/uploads\/2022\/03\/logo-horizontal.svg","width":"1024","height":"1024","caption":"BAUBAUWALL Wallpapers"},"image":{"@id":"https:\/\/baubauwall.com\/et\/#\/schema\/logo\/image\/"},"sameAs":["https:\/\/www.facebook.com\/Baubauwall","https:\/\/www.instagram.com\/baubauwall"]}]}},"jetpack_sharing_enabled":true,"_links":{"self":[{"href":"https:\/\/baubauwall.com\/et\/wp-json\/wp\/v2\/product\/45422","targetHints":{"allow":["GET"]}}],"collection":[{"href":"https:\/\/baubauwall.com\/et\/wp-json\/wp\/v2\/product"}],"about":[{"href":"https:\/\/baubauwall.com\/et\/wp-json\/wp\/v2\/types\/product"}],"replies":[{"embeddable":true,"href":"https:\/\/baubauwall.com\/et\/wp-json\/wp\/v2\/comments?post=45422"}],"wp:featuredmedia":[{"embeddable":true,"href":"https:\/\/baubauwall.com\/et\/wp-json\/wp\/v2\/media\/45423"}],"wp:attachment":[{"href":"https:\/\/baubauwall.com\/et\/wp-json\/wp\/v2\/media?parent=45422"}],"wp:term":[{"taxonomy":"product_brand","embeddable":true,"href":"https:\/\/baubauwall.com\/et\/wp-json\/wp\/v2\/product_brand?post=45422"},{"taxonomy":"product_cat","embeddable":true,"href":"https:\/\/baubauwall.com\/et\/wp-json\/wp\/v2\/product_cat?post=45422"},{"taxonomy":"product_tag","embeddable":true,"href":"https:\/\/baubauwall.com\/et\/wp-json\/wp\/v2\/product_tag?post=45422"}],"curies":[{"name":"wp","href":"https:\/\/api.w.org\/{rel}","templated":true}]}}