{"id":45468,"date":"2025-10-27T15:53:21","date_gmt":"2025-10-27T13:53:21","guid":{"rendered":"https:\/\/baubauwall.com\/?post_type=product&#038;p=45468"},"modified":"2025-10-27T16:08:48","modified_gmt":"2025-10-27T14:08:48","slug":"pilttapeet-oite-lindude-laul-heleroheline","status":"publish","type":"product","link":"https:\/\/baubauwall.com\/et\/toode\/pilttapeet-oite-lindude-laul-heleroheline\/","title":{"rendered":"\u00d5ite ja lindude laul &#8211; heleroheline"},"content":{"rendered":"<p data-start=\"273\" data-end=\"534\">Lindudega pilttapeet, mis on m\u00f5\u00f5dukalt romantiline, parajalt ajatu. M\u00f5nikord piisab vaid \u00fchest seinast, et tuba hakkaks jutustama oma lugu. Tapeet \u00d5ite ja lindude laul on disain, mis toob tuppa selle \u00f5rna hommikuse hetke \u2013 punarindade sirin, trendikad helerohelised toonid ja peened \u00f5ieoksad, mis n\u00e4ivad justkui tuules liikuvat. Lindudega pilttapeet on ilus valik Sulle, kellele meeldivad klassikalised ja botaanilised disainid.<\/p>\n<p data-start=\"536\" data-end=\"769\">See pilttapeet ei ole ainult ilus taust seinal, vaid meeleolu looja. Lindudega tapeet sobib sinna, kus tahad vaikust ja rahu \u2013 n\u00e4iteks magamistuppa, elutoa nurgaseina v\u00f5i hubasesse lugemispaika. Botaanliste motiividega tapeedid toovad justkui aia tuppa, aimult et see ei n\u00e4rtsi kunagi! Ega vaja kastmist.<\/p>\n<p><strong>Miks see pilttapeet v\u00f5iks Sulle meeldida?<\/strong><\/p>\n<ul>\n<li>Klassikalises stiilis tapeet<\/li>\n<li>Tapeet Eesti ettev\u00f5telt<\/li>\n<li>Tr\u00fckime tapeedi t\u00e4pselt Sinu seina m\u00f5\u00f5dus<\/li>\n<li>Premium, matt fliistapeedi materjal, 100% taaskasutatud kiust<\/li>\n<li>M\u00fcrgivabad tr\u00fckiv\u00e4rvid,\u00a0<em>Greenguard<\/em>\u00a0sertifitseeritud<\/li>\n<li>Keskkonnas\u00f5bralik, j\u00e4\u00e4tmevaba tapeetimine<\/li>\n<li>Kaasa tasuta tapeediliim<\/li>\n<li>Tasuta transport ja kiire tarne 5 t\u00f6\u00f6p\u00e4evaga<\/li>\n<\/ul>\n<p data-start=\"536\" data-end=\"769\">Loe l\u00e4hemalt nutikatest, eritellimust\u00f6\u00f6na valmivatest tapeetidest\u00a0<a href=\"https:\/\/baubauwall.com\/et\/keskkonnasobralikud-tapeedid\/\">siit.<\/a><\/p>\n","protected":false},"excerpt":{"rendered":"<p>Lindudega pilttapeet, mis on m\u00f5\u00f5dukalt romantiline, parajalt ajatu. M\u00f5nikord piisab vaid \u00fchest seinast, et tuba hakkaks jutustama oma lugu. Tapeet \u00d5ite ja lindude laul on disain, mis toob tuppa selle \u00f5rna hommikuse hetke \u2013 punarindade sirin, trendikad helerohelised toonid ja peened \u00f5ieoksad, mis n\u00e4ivad justkui tuules liikuvat. Lindudega pilttapeet on ilus valik Sulle, kellele meeldivad [&hellip;]<\/p>\n","protected":false},"featured_media":45476,"comment_status":"open","ping_status":"closed","template":"","meta":{"_acf_changed":false,"inline_featured_image":false},"product_brand":[],"product_cat":[629,650,387,395,406,388,271,413,400,414,415,416,399,402,257,260,561],"product_tag":[298,631,345,638],"class_list":{"0":"post-45468","1":"product","2":"type-product","3":"status-publish","4":"has-post-thumbnail","6":"product_cat-kikki-belle-tapeedid","7":"product_cat-sir-edward-pilttapeedid","8":"product_cat-pilttapeedid","9":"product_cat-romantiline","10":"product_cat-klassika","11":"product_cat-vintage-et","12":"product_cat-rohelised-tapeedid","13":"product_cat-magamistoa-tapeedid","14":"product_cat-lastetoa-tapeedid","15":"product_cat-soogitoa-tapeedid","16":"product_cat-kulalistetoa-tapeedid","17":"product_cat-esiku-tapeedid","18":"product_cat-kodukontori-tapeedid","19":"product_cat-elutoa-tapeedid","20":"product_cat-linnud","21":"product_cat-lilled","22":"product_cat-suvised-tapeedid","23":"product_tag-botaaniline","24":"product_tag-kikki-belle-et","25":"product_tag-pilttapeet","26":"product_tag-sir-edward-pilttapeedid","28":"first","29":"instock","30":"taxable","31":"shipping-taxable","32":"purchasable","33":"product-type-simple"},"acf":[],"yoast_head":"<!-- This site is optimized with the Yoast SEO plugin v25.9 - https:\/\/yoast.com\/wordpress\/plugins\/seo\/ -->\n<title>Lindudega pilttapeet | \u00d5ite ja lindude laul - heleroheline - BAUBAUWALL TAPEEDID<\/title>\n<meta name=\"description\" content=\"Lindudega pilttapeet t\u00e4is ajatut ilu. Botaanilised motiivid okste, \u00f5ite ja lindudega teevad sellest tapeedist ilusa valiku elutuppa v\u00f5i magamistoa seinale\" \/>\n<meta name=\"robots\" content=\"index, follow, max-snippet:-1, max-image-preview:large, max-video-preview:-1\" \/>\n<link rel=\"canonical\" href=\"https:\/\/baubauwall.com\/et\/toode\/pilttapeet-oite-lindude-laul-heleroheline\/\" \/>\n<meta property=\"og:locale\" content=\"et_EE\" \/>\n<meta property=\"og:type\" content=\"article\" \/>\n<meta property=\"og:title\" content=\"BAUBAUWALL TAPEEDID\" \/>\n<meta property=\"og:description\" content=\"Lindudega pilttapeet t\u00e4is ajatut ilu. Botaanilised motiivid okste, \u00f5ite ja lindudega teevad sellest tapeedist ilusa valiku elutuppa v\u00f5i magamistoa seinale\" \/>\n<meta property=\"og:url\" content=\"https:\/\/baubauwall.com\/et\/toode\/pilttapeet-oite-lindude-laul-heleroheline\/\" \/>\n<meta property=\"og:site_name\" content=\"BAUBAUWALL TAPEEDID\" \/>\n<meta property=\"article:publisher\" content=\"https:\/\/www.facebook.com\/Baubauwall\" \/>\n<meta property=\"article:modified_time\" content=\"2025-10-27T14:08:48+00:00\" \/>\n<meta property=\"og:image\" content=\"https:\/\/baubauwall.com\/wp-content\/uploads\/2025\/10\/Mural_Wallapper_Robins_Blossoms_Green_Baubauwall-Wallpapers_51200326-2.jpg\" \/>\n\t<meta property=\"og:image:width\" content=\"2400\" \/>\n\t<meta property=\"og:image:height\" content=\"1600\" \/>\n\t<meta property=\"og:image:type\" content=\"image\/jpeg\" \/>\n<meta name=\"twitter:card\" content=\"summary_large_image\" \/>\n<meta name=\"twitter:label1\" content=\"Est. reading time\" \/>\n\t<meta name=\"twitter:data1\" content=\"1 minut\" \/>\n<script type=\"application\/ld+json\" class=\"yoast-schema-graph\">{\"@context\":\"https:\/\/schema.org\",\"@graph\":[{\"@type\":\"WebPage\",\"@id\":\"https:\/\/baubauwall.com\/et\/toode\/pilttapeet-oite-lindude-laul-heleroheline\/\",\"url\":\"https:\/\/baubauwall.com\/et\/toode\/pilttapeet-oite-lindude-laul-heleroheline\/\",\"name\":\"Lindudega pilttapeet | \u00d5ite ja lindude laul - heleroheline - BAUBAUWALL TAPEEDID\",\"isPartOf\":{\"@id\":\"https:\/\/baubauwall.com\/et\/#website\"},\"primaryImageOfPage\":{\"@id\":\"https:\/\/baubauwall.com\/et\/toode\/pilttapeet-oite-lindude-laul-heleroheline\/#primaryimage\"},\"image\":{\"@id\":\"https:\/\/baubauwall.com\/et\/toode\/pilttapeet-oite-lindude-laul-heleroheline\/#primaryimage\"},\"thumbnailUrl\":\"https:\/\/baubauwall.com\/wp-content\/uploads\/2025\/10\/Mural_Wallapper_Robins_Blossoms_Green_Baubauwall-Wallpapers_51200326-1.jpg\",\"datePublished\":\"2025-10-27T13:53:21+00:00\",\"dateModified\":\"2025-10-27T14:08:48+00:00\",\"description\":\"Lindudega pilttapeet t\u00e4is ajatut ilu. Botaanilised motiivid okste, \u00f5ite ja lindudega teevad sellest tapeedist ilusa valiku elutuppa v\u00f5i magamistoa seinale\",\"breadcrumb\":{\"@id\":\"https:\/\/baubauwall.com\/et\/toode\/pilttapeet-oite-lindude-laul-heleroheline\/#breadcrumb\"},\"inLanguage\":\"et\",\"potentialAction\":[{\"@type\":\"ReadAction\",\"target\":[\"https:\/\/baubauwall.com\/et\/toode\/pilttapeet-oite-lindude-laul-heleroheline\/\"]}]},{\"@type\":\"ImageObject\",\"inLanguage\":\"et\",\"@id\":\"https:\/\/baubauwall.com\/et\/toode\/pilttapeet-oite-lindude-laul-heleroheline\/#primaryimage\",\"url\":\"https:\/\/baubauwall.com\/wp-content\/uploads\/2025\/10\/Mural_Wallapper_Robins_Blossoms_Green_Baubauwall-Wallpapers_51200326-1.jpg\",\"contentUrl\":\"https:\/\/baubauwall.com\/wp-content\/uploads\/2025\/10\/Mural_Wallapper_Robins_Blossoms_Green_Baubauwall-Wallpapers_51200326-1.jpg\",\"width\":2400,\"height\":1600,\"caption\":\"Bedroom mural wallpaper with robins bords and botanicals in green\"},{\"@type\":\"BreadcrumbList\",\"@id\":\"https:\/\/baubauwall.com\/et\/toode\/pilttapeet-oite-lindude-laul-heleroheline\/#breadcrumb\",\"itemListElement\":[{\"@type\":\"ListItem\",\"position\":1,\"name\":\"Koju\",\"item\":\"https:\/\/baubauwall.com\/et\/\"},{\"@type\":\"ListItem\",\"position\":2,\"name\":\"Tapeedid\",\"item\":\"https:\/\/baubauwall.com\/et\/tapeedid\/\"},{\"@type\":\"ListItem\",\"position\":3,\"name\":\"\u00d5ite ja lindude laul &#8211; heleroheline\"}]},{\"@type\":\"WebSite\",\"@id\":\"https:\/\/baubauwall.com\/et\/#website\",\"url\":\"https:\/\/baubauwall.com\/et\/\",\"name\":\"BAUBAUWALL Wallpapers\",\"description\":\"Valmis paanides tapeet Eestist!\",\"publisher\":{\"@id\":\"https:\/\/baubauwall.com\/et\/#organization\"},\"potentialAction\":[{\"@type\":\"SearchAction\",\"target\":{\"@type\":\"EntryPoint\",\"urlTemplate\":\"https:\/\/baubauwall.com\/et\/?s={search_term_string}\"},\"query-input\":{\"@type\":\"PropertyValueSpecification\",\"valueRequired\":true,\"valueName\":\"search_term_string\"}}],\"inLanguage\":\"et\"},{\"@type\":\"Organization\",\"@id\":\"https:\/\/baubauwall.com\/et\/#organization\",\"name\":\"BAUBAUWALL Wallpapers\",\"url\":\"https:\/\/baubauwall.com\/et\/\",\"logo\":{\"@type\":\"ImageObject\",\"inLanguage\":\"et\",\"@id\":\"https:\/\/baubauwall.com\/et\/#\/schema\/logo\/image\/\",\"url\":\"https:\/\/baubauwall.com\/wp-content\/uploads\/2022\/03\/logo-horizontal.svg\",\"contentUrl\":\"https:\/\/baubauwall.com\/wp-content\/uploads\/2022\/03\/logo-horizontal.svg\",\"width\":\"1024\",\"height\":\"1024\",\"caption\":\"BAUBAUWALL Wallpapers\"},\"image\":{\"@id\":\"https:\/\/baubauwall.com\/et\/#\/schema\/logo\/image\/\"},\"sameAs\":[\"https:\/\/www.facebook.com\/Baubauwall\",\"https:\/\/www.instagram.com\/baubauwall\"]}]}<\/script>\n<!-- \/ Yoast SEO plugin. -->","yoast_head_json":{"title":"Lindudega pilttapeet | \u00d5ite ja lindude laul - heleroheline - BAUBAUWALL TAPEEDID","description":"Lindudega pilttapeet t\u00e4is ajatut ilu. Botaanilised motiivid okste, \u00f5ite ja lindudega teevad sellest tapeedist ilusa valiku elutuppa v\u00f5i magamistoa seinale","robots":{"index":"index","follow":"follow","max-snippet":"max-snippet:-1","max-image-preview":"max-image-preview:large","max-video-preview":"max-video-preview:-1"},"canonical":"https:\/\/baubauwall.com\/et\/toode\/pilttapeet-oite-lindude-laul-heleroheline\/","og_locale":"et_EE","og_type":"article","og_title":"BAUBAUWALL TAPEEDID","og_description":"Lindudega pilttapeet t\u00e4is ajatut ilu. Botaanilised motiivid okste, \u00f5ite ja lindudega teevad sellest tapeedist ilusa valiku elutuppa v\u00f5i magamistoa seinale","og_url":"https:\/\/baubauwall.com\/et\/toode\/pilttapeet-oite-lindude-laul-heleroheline\/","og_site_name":"BAUBAUWALL TAPEEDID","article_publisher":"https:\/\/www.facebook.com\/Baubauwall","article_modified_time":"2025-10-27T14:08:48+00:00","og_image":[{"width":2400,"height":1600,"url":"https:\/\/baubauwall.com\/wp-content\/uploads\/2025\/10\/Mural_Wallapper_Robins_Blossoms_Green_Baubauwall-Wallpapers_51200326-2.jpg","type":"image\/jpeg"}],"twitter_card":"summary_large_image","twitter_misc":{"Est. reading time":"1 minut"},"schema":{"@context":"https:\/\/schema.org","@graph":[{"@type":"WebPage","@id":"https:\/\/baubauwall.com\/et\/toode\/pilttapeet-oite-lindude-laul-heleroheline\/","url":"https:\/\/baubauwall.com\/et\/toode\/pilttapeet-oite-lindude-laul-heleroheline\/","name":"Lindudega pilttapeet | \u00d5ite ja lindude laul - heleroheline - BAUBAUWALL TAPEEDID","isPartOf":{"@id":"https:\/\/baubauwall.com\/et\/#website"},"primaryImageOfPage":{"@id":"https:\/\/baubauwall.com\/et\/toode\/pilttapeet-oite-lindude-laul-heleroheline\/#primaryimage"},"image":{"@id":"https:\/\/baubauwall.com\/et\/toode\/pilttapeet-oite-lindude-laul-heleroheline\/#primaryimage"},"thumbnailUrl":"https:\/\/baubauwall.com\/wp-content\/uploads\/2025\/10\/Mural_Wallapper_Robins_Blossoms_Green_Baubauwall-Wallpapers_51200326-1.jpg","datePublished":"2025-10-27T13:53:21+00:00","dateModified":"2025-10-27T14:08:48+00:00","description":"Lindudega pilttapeet t\u00e4is ajatut ilu. Botaanilised motiivid okste, \u00f5ite ja lindudega teevad sellest tapeedist ilusa valiku elutuppa v\u00f5i magamistoa seinale","breadcrumb":{"@id":"https:\/\/baubauwall.com\/et\/toode\/pilttapeet-oite-lindude-laul-heleroheline\/#breadcrumb"},"inLanguage":"et","potentialAction":[{"@type":"ReadAction","target":["https:\/\/baubauwall.com\/et\/toode\/pilttapeet-oite-lindude-laul-heleroheline\/"]}]},{"@type":"ImageObject","inLanguage":"et","@id":"https:\/\/baubauwall.com\/et\/toode\/pilttapeet-oite-lindude-laul-heleroheline\/#primaryimage","url":"https:\/\/baubauwall.com\/wp-content\/uploads\/2025\/10\/Mural_Wallapper_Robins_Blossoms_Green_Baubauwall-Wallpapers_51200326-1.jpg","contentUrl":"https:\/\/baubauwall.com\/wp-content\/uploads\/2025\/10\/Mural_Wallapper_Robins_Blossoms_Green_Baubauwall-Wallpapers_51200326-1.jpg","width":2400,"height":1600,"caption":"Bedroom mural wallpaper with robins bords and botanicals in green"},{"@type":"BreadcrumbList","@id":"https:\/\/baubauwall.com\/et\/toode\/pilttapeet-oite-lindude-laul-heleroheline\/#breadcrumb","itemListElement":[{"@type":"ListItem","position":1,"name":"Koju","item":"https:\/\/baubauwall.com\/et\/"},{"@type":"ListItem","position":2,"name":"Tapeedid","item":"https:\/\/baubauwall.com\/et\/tapeedid\/"},{"@type":"ListItem","position":3,"name":"\u00d5ite ja lindude laul &#8211; heleroheline"}]},{"@type":"WebSite","@id":"https:\/\/baubauwall.com\/et\/#website","url":"https:\/\/baubauwall.com\/et\/","name":"BAUBAUWALL Wallpapers","description":"Valmis paanides tapeet Eestist!","publisher":{"@id":"https:\/\/baubauwall.com\/et\/#organization"},"potentialAction":[{"@type":"SearchAction","target":{"@type":"EntryPoint","urlTemplate":"https:\/\/baubauwall.com\/et\/?s={search_term_string}"},"query-input":{"@type":"PropertyValueSpecification","valueRequired":true,"valueName":"search_term_string"}}],"inLanguage":"et"},{"@type":"Organization","@id":"https:\/\/baubauwall.com\/et\/#organization","name":"BAUBAUWALL Wallpapers","url":"https:\/\/baubauwall.com\/et\/","logo":{"@type":"ImageObject","inLanguage":"et","@id":"https:\/\/baubauwall.com\/et\/#\/schema\/logo\/image\/","url":"https:\/\/baubauwall.com\/wp-content\/uploads\/2022\/03\/logo-horizontal.svg","contentUrl":"https:\/\/baubauwall.com\/wp-content\/uploads\/2022\/03\/logo-horizontal.svg","width":"1024","height":"1024","caption":"BAUBAUWALL Wallpapers"},"image":{"@id":"https:\/\/baubauwall.com\/et\/#\/schema\/logo\/image\/"},"sameAs":["https:\/\/www.facebook.com\/Baubauwall","https:\/\/www.instagram.com\/baubauwall"]}]}},"jetpack_sharing_enabled":true,"_links":{"self":[{"href":"https:\/\/baubauwall.com\/et\/wp-json\/wp\/v2\/product\/45468","targetHints":{"allow":["GET"]}}],"collection":[{"href":"https:\/\/baubauwall.com\/et\/wp-json\/wp\/v2\/product"}],"about":[{"href":"https:\/\/baubauwall.com\/et\/wp-json\/wp\/v2\/types\/product"}],"replies":[{"embeddable":true,"href":"https:\/\/baubauwall.com\/et\/wp-json\/wp\/v2\/comments?post=45468"}],"wp:featuredmedia":[{"embeddable":true,"href":"https:\/\/baubauwall.com\/et\/wp-json\/wp\/v2\/media\/45476"}],"wp:attachment":[{"href":"https:\/\/baubauwall.com\/et\/wp-json\/wp\/v2\/media?parent=45468"}],"wp:term":[{"taxonomy":"product_brand","embeddable":true,"href":"https:\/\/baubauwall.com\/et\/wp-json\/wp\/v2\/product_brand?post=45468"},{"taxonomy":"product_cat","embeddable":true,"href":"https:\/\/baubauwall.com\/et\/wp-json\/wp\/v2\/product_cat?post=45468"},{"taxonomy":"product_tag","embeddable":true,"href":"https:\/\/baubauwall.com\/et\/wp-json\/wp\/v2\/product_tag?post=45468"}],"curies":[{"name":"wp","href":"https:\/\/api.w.org\/{rel}","templated":true}]}}