{"id":45490,"date":"2025-09-15T17:00:23","date_gmt":"2025-09-15T15:00:23","guid":{"rendered":"https:\/\/baubauwall.com\/product\/mural-wallpaper-mountain-forest\/"},"modified":"2025-11-10T14:43:09","modified_gmt":"2025-11-10T12:43:09","slug":"pilttapeet-lastele-magimets-ja-loomad","status":"publish","type":"product","link":"https:\/\/baubauwall.com\/et\/toode\/pilttapeet-lastele-magimets-ja-loomad\/","title":{"rendered":"Lastetoa tapeet M\u00e4gimets ja loomad"},"content":{"rendered":"<p data-start=\"235\" data-end=\"492\">Lastetoa tapeedid on need, mis teevad lastetoast just selle \u00f5ige ja hea!<\/p>\n<p data-start=\"235\" data-end=\"492\">M\u00f5ni tapeet ei kaunista lihtsalt seina, vaid kohe loob terve maailma. Pilttapeet M\u00e4gimets ja loomad viib sind m\u00e4gede vahele, kuhu ulatuvad kuused, kus karu piilub puu tagant ja hirved jalutavad hommikuses udus. See on loodus, mis r\u00e4\u00e4gib lapse kujutlusv\u00f5imega samas keeles.<\/p>\n<p data-start=\"494\" data-end=\"701\">Kui otsid lastetoa tapeeti, mis pakub nii rahu kui seiklusi, siis see on ideaalne valik. Rohelised metsatoonid ja pehmed m\u00e4gede varjud toovad ruumi s\u00fcgavust ja vaikust, samas j\u00e4\u00e4b pilt soe ja s\u00f5bralik.<\/p>\n<p data-start=\"703\" data-end=\"864\">Nagu k\u00f5ik Baubauwalli lastetoa tapeedid, valmistame ka selle eritellimusena \u2013 t\u00e4pselt sinu seina m\u00f5\u00f5tu. Lihtne paigaldada, lihtne armastada.<\/p>\n<p><strong>Miks see pilttapeet v\u00f5iks Sulle meeldida?<\/strong><\/p>\n<ul>\n<li>Lastetoa tapeedid metsaga on alati popid ja ilus valik<\/li>\n<li>Tapeet Eesti ettev\u00f5telt<\/li>\n<li>Tr\u00fckime tapeedi t\u00e4pselt Sinu seina m\u00f5\u00f5dus<\/li>\n<li>Premium, matt fliistapeedi materjal, 100% taaskasutatud kiust<\/li>\n<li>M\u00fcrgivabad tr\u00fckiv\u00e4rvid,\u00a0<em>Greenguard<\/em>\u00a0sertifitseeritud<\/li>\n<li>Keskkonnas\u00f5bralik, j\u00e4\u00e4tmevaba tapeetimine<\/li>\n<li>Kaasa tasuta tapeediliim<\/li>\n<li>Tasuta transport ja kiire tarne 5 t\u00f6\u00f6p\u00e4evaga<\/li>\n<\/ul>\n<p data-start=\"536\" data-end=\"769\">Loe l\u00e4hemalt nutikatest, eritellimust\u00f6\u00f6na valmivatest tapeetidest\u00a0<a href=\"https:\/\/baubauwall.com\/et\/keskkonnasobralikud-tapeedid\/\">siit.<\/a><\/p>\n","protected":false},"excerpt":{"rendered":"<p>Lastetoa tapeedid on need, mis teevad lastetoast just selle \u00f5ige ja hea! M\u00f5ni tapeet ei kaunista lihtsalt seina, vaid kohe loob terve maailma. Pilttapeet M\u00e4gimets ja loomad viib sind m\u00e4gede vahele, kuhu ulatuvad kuused, kus karu piilub puu tagant ja hirved jalutavad hommikuses udus. See on loodus, mis r\u00e4\u00e4gib lapse kujutlusv\u00f5imega samas keeles. Kui otsid [&hellip;]<\/p>\n","protected":false},"featured_media":45494,"comment_status":"open","ping_status":"closed","template":"","meta":{"_acf_changed":false,"inline_featured_image":false},"product_brand":[],"product_cat":[629,387,268,271,400,245,248,251,255],"product_tag":[631,345,308],"class_list":{"0":"post-45490","1":"product","2":"type-product","3":"status-publish","4":"has-post-thumbnail","6":"product_cat-kikki-belle-tapeedid","7":"product_cat-pilttapeedid","8":"product_cat-kirkad-tapeedid","9":"product_cat-rohelised-tapeedid","10":"product_cat-lastetoa-tapeedid","11":"product_cat-maastik","12":"product_cat-mets","13":"product_cat-maed","14":"product_cat-loomad","15":"product_tag-kikki-belle-et","16":"product_tag-pilttapeet","17":"product_tag-poiste-tuba","19":"first","20":"instock","21":"taxable","22":"shipping-taxable","23":"purchasable","24":"product-type-simple"},"acf":[],"yoast_head":"<!-- This site is optimized with the Yoast SEO plugin v25.9 - https:\/\/yoast.com\/wordpress\/plugins\/seo\/ -->\n<title>Lastetoa tapeedid | Lastetoa tapeet M\u00e4gimets ja loomad - BAUBAUWALL TAPEEDID<\/title>\n<meta name=\"description\" content=\"Lastetoa tapeedid v\u00f5iks olla eelk\u00f5ige m\u00e4ngulised ja esteetilised. Rohelise metsaga fliistapeeti on lihtne sobitada muu sisustusega lastetoas.\" \/>\n<meta name=\"robots\" content=\"index, follow, max-snippet:-1, max-image-preview:large, max-video-preview:-1\" \/>\n<link rel=\"canonical\" href=\"https:\/\/baubauwall.com\/et\/toode\/pilttapeet-lastele-magimets-ja-loomad\/\" \/>\n<meta property=\"og:locale\" content=\"et_EE\" \/>\n<meta property=\"og:type\" content=\"article\" \/>\n<meta property=\"og:title\" content=\"BAUBAUWALL TAPEEDID\" \/>\n<meta property=\"og:description\" content=\"Lastetoa tapeedid v\u00f5iks olla eelk\u00f5ige m\u00e4ngulised ja esteetilised. Rohelise metsaga fliistapeeti on lihtne sobitada muu sisustusega lastetoas.\" \/>\n<meta property=\"og:url\" content=\"https:\/\/baubauwall.com\/et\/toode\/pilttapeet-lastele-magimets-ja-loomad\/\" \/>\n<meta property=\"og:site_name\" content=\"BAUBAUWALL TAPEEDID\" \/>\n<meta property=\"article:publisher\" content=\"https:\/\/www.facebook.com\/Baubauwall\" \/>\n<meta property=\"article:modified_time\" content=\"2025-11-10T12:43:09+00:00\" \/>\n<meta property=\"og:image\" content=\"https:\/\/baubauwall.com\/wp-content\/uploads\/2022\/11\/Kids_room_Wallpaper_Mural_MountainForest_Baubauwall_51200320-2.jpg\" \/>\n\t<meta property=\"og:image:width\" content=\"2240\" \/>\n\t<meta property=\"og:image:height\" content=\"1600\" \/>\n\t<meta property=\"og:image:type\" content=\"image\/jpeg\" \/>\n<meta name=\"twitter:card\" content=\"summary_large_image\" \/>\n<meta name=\"twitter:label1\" content=\"Est. reading time\" \/>\n\t<meta name=\"twitter:data1\" content=\"1 minut\" \/>\n<script type=\"application\/ld+json\" class=\"yoast-schema-graph\">{\"@context\":\"https:\/\/schema.org\",\"@graph\":[{\"@type\":\"WebPage\",\"@id\":\"https:\/\/baubauwall.com\/et\/toode\/pilttapeet-lastele-magimets-ja-loomad\/\",\"url\":\"https:\/\/baubauwall.com\/et\/toode\/pilttapeet-lastele-magimets-ja-loomad\/\",\"name\":\"Lastetoa tapeedid | Lastetoa tapeet M\u00e4gimets ja loomad - BAUBAUWALL TAPEEDID\",\"isPartOf\":{\"@id\":\"https:\/\/baubauwall.com\/et\/#website\"},\"primaryImageOfPage\":{\"@id\":\"https:\/\/baubauwall.com\/et\/toode\/pilttapeet-lastele-magimets-ja-loomad\/#primaryimage\"},\"image\":{\"@id\":\"https:\/\/baubauwall.com\/et\/toode\/pilttapeet-lastele-magimets-ja-loomad\/#primaryimage\"},\"thumbnailUrl\":\"https:\/\/baubauwall.com\/wp-content\/uploads\/2022\/11\/Kids_room_Wallpaper_Mural_MountainForest_Baubauwall_51200320-2.jpg\",\"datePublished\":\"2025-09-15T15:00:23+00:00\",\"dateModified\":\"2025-11-10T12:43:09+00:00\",\"description\":\"Lastetoa tapeedid v\u00f5iks olla eelk\u00f5ige m\u00e4ngulised ja esteetilised. Rohelise metsaga fliistapeeti on lihtne sobitada muu sisustusega lastetoas.\",\"breadcrumb\":{\"@id\":\"https:\/\/baubauwall.com\/et\/toode\/pilttapeet-lastele-magimets-ja-loomad\/#breadcrumb\"},\"inLanguage\":\"et\",\"potentialAction\":[{\"@type\":\"ReadAction\",\"target\":[\"https:\/\/baubauwall.com\/et\/toode\/pilttapeet-lastele-magimets-ja-loomad\/\"]}]},{\"@type\":\"ImageObject\",\"inLanguage\":\"et\",\"@id\":\"https:\/\/baubauwall.com\/et\/toode\/pilttapeet-lastele-magimets-ja-loomad\/#primaryimage\",\"url\":\"https:\/\/baubauwall.com\/wp-content\/uploads\/2022\/11\/Kids_room_Wallpaper_Mural_MountainForest_Baubauwall_51200320-2.jpg\",\"contentUrl\":\"https:\/\/baubauwall.com\/wp-content\/uploads\/2022\/11\/Kids_room_Wallpaper_Mural_MountainForest_Baubauwall_51200320-2.jpg\",\"width\":2240,\"height\":1600,\"caption\":\"Kids bedroom mural wallapper with green forest and mouintain view. Baubauwall Wallpapers\"},{\"@type\":\"BreadcrumbList\",\"@id\":\"https:\/\/baubauwall.com\/et\/toode\/pilttapeet-lastele-magimets-ja-loomad\/#breadcrumb\",\"itemListElement\":[{\"@type\":\"ListItem\",\"position\":1,\"name\":\"Koju\",\"item\":\"https:\/\/baubauwall.com\/et\/\"},{\"@type\":\"ListItem\",\"position\":2,\"name\":\"Tapeedid\",\"item\":\"https:\/\/baubauwall.com\/et\/tapeedid\/\"},{\"@type\":\"ListItem\",\"position\":3,\"name\":\"Lastetoa tapeet M\u00e4gimets ja loomad\"}]},{\"@type\":\"WebSite\",\"@id\":\"https:\/\/baubauwall.com\/et\/#website\",\"url\":\"https:\/\/baubauwall.com\/et\/\",\"name\":\"BAUBAUWALL Wallpapers\",\"description\":\"Valmis paanides tapeet Eestist!\",\"publisher\":{\"@id\":\"https:\/\/baubauwall.com\/et\/#organization\"},\"potentialAction\":[{\"@type\":\"SearchAction\",\"target\":{\"@type\":\"EntryPoint\",\"urlTemplate\":\"https:\/\/baubauwall.com\/et\/?s={search_term_string}\"},\"query-input\":{\"@type\":\"PropertyValueSpecification\",\"valueRequired\":true,\"valueName\":\"search_term_string\"}}],\"inLanguage\":\"et\"},{\"@type\":\"Organization\",\"@id\":\"https:\/\/baubauwall.com\/et\/#organization\",\"name\":\"BAUBAUWALL Wallpapers\",\"url\":\"https:\/\/baubauwall.com\/et\/\",\"logo\":{\"@type\":\"ImageObject\",\"inLanguage\":\"et\",\"@id\":\"https:\/\/baubauwall.com\/et\/#\/schema\/logo\/image\/\",\"url\":\"https:\/\/baubauwall.com\/wp-content\/uploads\/2022\/03\/logo-horizontal.svg\",\"contentUrl\":\"https:\/\/baubauwall.com\/wp-content\/uploads\/2022\/03\/logo-horizontal.svg\",\"width\":\"1024\",\"height\":\"1024\",\"caption\":\"BAUBAUWALL Wallpapers\"},\"image\":{\"@id\":\"https:\/\/baubauwall.com\/et\/#\/schema\/logo\/image\/\"},\"sameAs\":[\"https:\/\/www.facebook.com\/Baubauwall\",\"https:\/\/www.instagram.com\/baubauwall\"]}]}<\/script>\n<!-- \/ Yoast SEO plugin. -->","yoast_head_json":{"title":"Lastetoa tapeedid | Lastetoa tapeet M\u00e4gimets ja loomad - BAUBAUWALL TAPEEDID","description":"Lastetoa tapeedid v\u00f5iks olla eelk\u00f5ige m\u00e4ngulised ja esteetilised. Rohelise metsaga fliistapeeti on lihtne sobitada muu sisustusega lastetoas.","robots":{"index":"index","follow":"follow","max-snippet":"max-snippet:-1","max-image-preview":"max-image-preview:large","max-video-preview":"max-video-preview:-1"},"canonical":"https:\/\/baubauwall.com\/et\/toode\/pilttapeet-lastele-magimets-ja-loomad\/","og_locale":"et_EE","og_type":"article","og_title":"BAUBAUWALL TAPEEDID","og_description":"Lastetoa tapeedid v\u00f5iks olla eelk\u00f5ige m\u00e4ngulised ja esteetilised. Rohelise metsaga fliistapeeti on lihtne sobitada muu sisustusega lastetoas.","og_url":"https:\/\/baubauwall.com\/et\/toode\/pilttapeet-lastele-magimets-ja-loomad\/","og_site_name":"BAUBAUWALL TAPEEDID","article_publisher":"https:\/\/www.facebook.com\/Baubauwall","article_modified_time":"2025-11-10T12:43:09+00:00","og_image":[{"width":2240,"height":1600,"url":"https:\/\/baubauwall.com\/wp-content\/uploads\/2022\/11\/Kids_room_Wallpaper_Mural_MountainForest_Baubauwall_51200320-2.jpg","type":"image\/jpeg"}],"twitter_card":"summary_large_image","twitter_misc":{"Est. reading time":"1 minut"},"schema":{"@context":"https:\/\/schema.org","@graph":[{"@type":"WebPage","@id":"https:\/\/baubauwall.com\/et\/toode\/pilttapeet-lastele-magimets-ja-loomad\/","url":"https:\/\/baubauwall.com\/et\/toode\/pilttapeet-lastele-magimets-ja-loomad\/","name":"Lastetoa tapeedid | Lastetoa tapeet M\u00e4gimets ja loomad - BAUBAUWALL TAPEEDID","isPartOf":{"@id":"https:\/\/baubauwall.com\/et\/#website"},"primaryImageOfPage":{"@id":"https:\/\/baubauwall.com\/et\/toode\/pilttapeet-lastele-magimets-ja-loomad\/#primaryimage"},"image":{"@id":"https:\/\/baubauwall.com\/et\/toode\/pilttapeet-lastele-magimets-ja-loomad\/#primaryimage"},"thumbnailUrl":"https:\/\/baubauwall.com\/wp-content\/uploads\/2022\/11\/Kids_room_Wallpaper_Mural_MountainForest_Baubauwall_51200320-2.jpg","datePublished":"2025-09-15T15:00:23+00:00","dateModified":"2025-11-10T12:43:09+00:00","description":"Lastetoa tapeedid v\u00f5iks olla eelk\u00f5ige m\u00e4ngulised ja esteetilised. Rohelise metsaga fliistapeeti on lihtne sobitada muu sisustusega lastetoas.","breadcrumb":{"@id":"https:\/\/baubauwall.com\/et\/toode\/pilttapeet-lastele-magimets-ja-loomad\/#breadcrumb"},"inLanguage":"et","potentialAction":[{"@type":"ReadAction","target":["https:\/\/baubauwall.com\/et\/toode\/pilttapeet-lastele-magimets-ja-loomad\/"]}]},{"@type":"ImageObject","inLanguage":"et","@id":"https:\/\/baubauwall.com\/et\/toode\/pilttapeet-lastele-magimets-ja-loomad\/#primaryimage","url":"https:\/\/baubauwall.com\/wp-content\/uploads\/2022\/11\/Kids_room_Wallpaper_Mural_MountainForest_Baubauwall_51200320-2.jpg","contentUrl":"https:\/\/baubauwall.com\/wp-content\/uploads\/2022\/11\/Kids_room_Wallpaper_Mural_MountainForest_Baubauwall_51200320-2.jpg","width":2240,"height":1600,"caption":"Kids bedroom mural wallapper with green forest and mouintain view. Baubauwall Wallpapers"},{"@type":"BreadcrumbList","@id":"https:\/\/baubauwall.com\/et\/toode\/pilttapeet-lastele-magimets-ja-loomad\/#breadcrumb","itemListElement":[{"@type":"ListItem","position":1,"name":"Koju","item":"https:\/\/baubauwall.com\/et\/"},{"@type":"ListItem","position":2,"name":"Tapeedid","item":"https:\/\/baubauwall.com\/et\/tapeedid\/"},{"@type":"ListItem","position":3,"name":"Lastetoa tapeet M\u00e4gimets ja loomad"}]},{"@type":"WebSite","@id":"https:\/\/baubauwall.com\/et\/#website","url":"https:\/\/baubauwall.com\/et\/","name":"BAUBAUWALL Wallpapers","description":"Valmis paanides tapeet Eestist!","publisher":{"@id":"https:\/\/baubauwall.com\/et\/#organization"},"potentialAction":[{"@type":"SearchAction","target":{"@type":"EntryPoint","urlTemplate":"https:\/\/baubauwall.com\/et\/?s={search_term_string}"},"query-input":{"@type":"PropertyValueSpecification","valueRequired":true,"valueName":"search_term_string"}}],"inLanguage":"et"},{"@type":"Organization","@id":"https:\/\/baubauwall.com\/et\/#organization","name":"BAUBAUWALL Wallpapers","url":"https:\/\/baubauwall.com\/et\/","logo":{"@type":"ImageObject","inLanguage":"et","@id":"https:\/\/baubauwall.com\/et\/#\/schema\/logo\/image\/","url":"https:\/\/baubauwall.com\/wp-content\/uploads\/2022\/03\/logo-horizontal.svg","contentUrl":"https:\/\/baubauwall.com\/wp-content\/uploads\/2022\/03\/logo-horizontal.svg","width":"1024","height":"1024","caption":"BAUBAUWALL Wallpapers"},"image":{"@id":"https:\/\/baubauwall.com\/et\/#\/schema\/logo\/image\/"},"sameAs":["https:\/\/www.facebook.com\/Baubauwall","https:\/\/www.instagram.com\/baubauwall"]}]}},"jetpack_sharing_enabled":true,"_links":{"self":[{"href":"https:\/\/baubauwall.com\/et\/wp-json\/wp\/v2\/product\/45490","targetHints":{"allow":["GET"]}}],"collection":[{"href":"https:\/\/baubauwall.com\/et\/wp-json\/wp\/v2\/product"}],"about":[{"href":"https:\/\/baubauwall.com\/et\/wp-json\/wp\/v2\/types\/product"}],"replies":[{"embeddable":true,"href":"https:\/\/baubauwall.com\/et\/wp-json\/wp\/v2\/comments?post=45490"}],"wp:featuredmedia":[{"embeddable":true,"href":"https:\/\/baubauwall.com\/et\/wp-json\/wp\/v2\/media\/45494"}],"wp:attachment":[{"href":"https:\/\/baubauwall.com\/et\/wp-json\/wp\/v2\/media?parent=45490"}],"wp:term":[{"taxonomy":"product_brand","embeddable":true,"href":"https:\/\/baubauwall.com\/et\/wp-json\/wp\/v2\/product_brand?post=45490"},{"taxonomy":"product_cat","embeddable":true,"href":"https:\/\/baubauwall.com\/et\/wp-json\/wp\/v2\/product_cat?post=45490"},{"taxonomy":"product_tag","embeddable":true,"href":"https:\/\/baubauwall.com\/et\/wp-json\/wp\/v2\/product_tag?post=45490"}],"curies":[{"name":"wp","href":"https:\/\/api.w.org\/{rel}","templated":true}]}}