{"id":45688,"date":"2025-10-30T08:50:25","date_gmt":"2025-10-30T06:50:25","guid":{"rendered":"https:\/\/baubauwall.com\/?post_type=product&#038;p=45688"},"modified":"2025-10-30T09:04:55","modified_gmt":"2025-10-30T07:04:55","slug":"tapeet-lindude-aed-roosa","status":"publish","type":"product","link":"https:\/\/baubauwall.com\/et\/toode\/tapeet-lindude-aed-roosa\/","title":{"rendered":"Lindude aed &#8211; roosa"},"content":{"rendered":"<p data-start=\"273\" data-end=\"534\">Roosa, lindudega pilttapeet, mis on m\u00f5\u00f5dukalt romantiline, parajalt ajatu. M\u00f5nikord piisab vaid \u00fchest seinast, et tuba hakkaks jutustama oma lugu. Tapeet Lindude aed on disain, mis toob tuppa roosa romantika, aga see pole liiga magus! Vastupidi, vintage stiilis ja otsatult maitsekas. Iseloomuga tapeet, nagu Sinagi.<\/p>\n<p data-start=\"536\" data-end=\"769\">Roosa tapeet on alati meeleolu looja. See sobib sinna, kus tahad vaikust ja rahu \u2013 n\u00e4iteks magamistuppa, elutoa nurgaseina v\u00f5i hubasesse lugemispaika. Lindudega tapeet on justkui oma aed toas, aimult et see ei n\u00e4rtsi kunagi!<\/p>\n<p><strong>Miks see tapeet v\u00f5iks Sulle meeldida?<\/strong><\/p>\n<ul>\n<li>Klassikalises stiilis tapeet<\/li>\n<li>Tapeet Eesti ettev\u00f5ttelt<\/li>\n<li>Tr\u00fckime tapeedi t\u00e4pselt Sinu seina m\u00f5\u00f5dus<\/li>\n<li>Premium, matt fliistapeedi materjal, 100% taaskasutatud kiust<\/li>\n<li>M\u00fcrgivabad tr\u00fckiv\u00e4rvid,\u00a0<em>Greenguard<\/em>\u00a0sertifitseeritud<\/li>\n<li>Keskkonnas\u00f5bralik, j\u00e4\u00e4tmevaba tapeetimine<\/li>\n<li>Kaasa tasuta tapeediliim<\/li>\n<li>Tasuta transport ja kiire tarne 5 t\u00f6\u00f6p\u00e4evaga<\/li>\n<\/ul>\n<p data-start=\"536\" data-end=\"769\">Loe l\u00e4hemalt nutikatest, eritellimust\u00f6\u00f6na valmivatest tapeetidest\u00a0<a href=\"https:\/\/baubauwall.com\/et\/keskkonnasobralikud-tapeedid\/\">siit.<\/a><\/p>\n","protected":false},"excerpt":{"rendered":"<p>Roosa, lindudega pilttapeet, mis on m\u00f5\u00f5dukalt romantiline, parajalt ajatu. M\u00f5nikord piisab vaid \u00fchest seinast, et tuba hakkaks jutustama oma lugu. Tapeet Lindude aed on disain, mis toob tuppa roosa romantika, aga see pole liiga magus! Vastupidi, vintage stiilis ja otsatult maitsekas. Iseloomuga tapeet, nagu Sinagi. Roosa tapeet on alati meeleolu looja. See sobib sinna, kus [&hellip;]<\/p>\n","protected":false},"featured_media":45701,"comment_status":"open","ping_status":"closed","template":"","meta":{"_acf_changed":false,"inline_featured_image":false},"product_brand":[],"product_cat":[629,650,387,395,406,388,276,278,413,400,414,415,416,402,254,257,260,561],"product_tag":[298,631,345,638],"class_list":{"0":"post-45688","1":"product","2":"type-product","3":"status-publish","4":"has-post-thumbnail","6":"product_cat-kikki-belle-tapeedid","7":"product_cat-sir-edward-pilttapeedid","8":"product_cat-pilttapeedid","9":"product_cat-romantiline","10":"product_cat-klassika","11":"product_cat-vintage-et","12":"product_cat-pastelsed-tapeedid","13":"product_cat-roosad-tapeedid","14":"product_cat-magamistoa-tapeedid","15":"product_cat-lastetoa-tapeedid","16":"product_cat-soogitoa-tapeedid","17":"product_cat-kulalistetoa-tapeedid","18":"product_cat-esiku-tapeedid","19":"product_cat-elutoa-tapeedid","20":"product_cat-loodus","21":"product_cat-linnud","22":"product_cat-lilled","23":"product_cat-suvised-tapeedid","24":"product_tag-botaaniline","25":"product_tag-kikki-belle-et","26":"product_tag-pilttapeet","27":"product_tag-sir-edward-pilttapeedid","29":"first","30":"instock","31":"taxable","32":"shipping-taxable","33":"purchasable","34":"product-type-simple"},"acf":[],"yoast_head":"<!-- This site is optimized with the Yoast SEO plugin v25.9 - https:\/\/yoast.com\/wordpress\/plugins\/seo\/ -->\n<title>Lindudega roosa | Lindude aed - roosa | Stiilne pilttapeet<\/title>\n<meta name=\"description\" content=\"Lindudega roosa tapeet t\u00e4is ajatut ilu. Botaanilised motiivid okste, \u00f5ite ja lindudega teevad sellest pilttapeedist ilusa valiku elutuppa v\u00f5i magamistuppa\" \/>\n<meta name=\"robots\" content=\"index, follow, max-snippet:-1, max-image-preview:large, max-video-preview:-1\" \/>\n<link rel=\"canonical\" href=\"https:\/\/baubauwall.com\/et\/toode\/tapeet-lindude-aed-roosa\/\" \/>\n<meta property=\"og:locale\" content=\"et_EE\" \/>\n<meta property=\"og:type\" content=\"article\" \/>\n<meta property=\"og:title\" content=\"BAUBAUWALL TAPEEDID\" \/>\n<meta property=\"og:description\" content=\"Lindudega roosa tapeet t\u00e4is ajatut ilu. Botaanilised motiivid okste, \u00f5ite ja lindudega teevad sellest pilttapeedist ilusa valiku elutuppa v\u00f5i magamistuppa\" \/>\n<meta property=\"og:url\" content=\"https:\/\/baubauwall.com\/et\/toode\/tapeet-lindude-aed-roosa\/\" \/>\n<meta property=\"og:site_name\" content=\"BAUBAUWALL TAPEEDID\" \/>\n<meta property=\"article:publisher\" content=\"https:\/\/www.facebook.com\/Baubauwall\" \/>\n<meta property=\"article:modified_time\" content=\"2025-10-30T07:04:55+00:00\" \/>\n<meta property=\"og:image\" content=\"https:\/\/baubauwall.com\/wp-content\/uploads\/2025\/10\/Pink_Wallpaper_Garden-of-Robins_Baubauwall_room_51200503-4.jpg\" \/>\n\t<meta property=\"og:image:width\" content=\"2400\" \/>\n\t<meta property=\"og:image:height\" content=\"1600\" \/>\n\t<meta property=\"og:image:type\" content=\"image\/jpeg\" \/>\n<meta name=\"twitter:card\" content=\"summary_large_image\" \/>\n<meta name=\"twitter:label1\" content=\"Est. reading time\" \/>\n\t<meta name=\"twitter:data1\" content=\"1 minut\" \/>\n<script type=\"application\/ld+json\" class=\"yoast-schema-graph\">{\"@context\":\"https:\/\/schema.org\",\"@graph\":[{\"@type\":\"WebPage\",\"@id\":\"https:\/\/baubauwall.com\/et\/toode\/tapeet-lindude-aed-roosa\/\",\"url\":\"https:\/\/baubauwall.com\/et\/toode\/tapeet-lindude-aed-roosa\/\",\"name\":\"Lindudega roosa | Lindude aed - roosa | Stiilne pilttapeet\",\"isPartOf\":{\"@id\":\"https:\/\/baubauwall.com\/et\/#website\"},\"primaryImageOfPage\":{\"@id\":\"https:\/\/baubauwall.com\/et\/toode\/tapeet-lindude-aed-roosa\/#primaryimage\"},\"image\":{\"@id\":\"https:\/\/baubauwall.com\/et\/toode\/tapeet-lindude-aed-roosa\/#primaryimage\"},\"thumbnailUrl\":\"https:\/\/baubauwall.com\/wp-content\/uploads\/2025\/10\/Pink_Wallpaper_Garden-of-Robins_Baubauwall_room_51200503-4.jpg\",\"datePublished\":\"2025-10-30T06:50:25+00:00\",\"dateModified\":\"2025-10-30T07:04:55+00:00\",\"description\":\"Lindudega roosa tapeet t\u00e4is ajatut ilu. Botaanilised motiivid okste, \u00f5ite ja lindudega teevad sellest pilttapeedist ilusa valiku elutuppa v\u00f5i magamistuppa\",\"breadcrumb\":{\"@id\":\"https:\/\/baubauwall.com\/et\/toode\/tapeet-lindude-aed-roosa\/#breadcrumb\"},\"inLanguage\":\"et\",\"potentialAction\":[{\"@type\":\"ReadAction\",\"target\":[\"https:\/\/baubauwall.com\/et\/toode\/tapeet-lindude-aed-roosa\/\"]}]},{\"@type\":\"ImageObject\",\"inLanguage\":\"et\",\"@id\":\"https:\/\/baubauwall.com\/et\/toode\/tapeet-lindude-aed-roosa\/#primaryimage\",\"url\":\"https:\/\/baubauwall.com\/wp-content\/uploads\/2025\/10\/Pink_Wallpaper_Garden-of-Robins_Baubauwall_room_51200503-4.jpg\",\"contentUrl\":\"https:\/\/baubauwall.com\/wp-content\/uploads\/2025\/10\/Pink_Wallpaper_Garden-of-Robins_Baubauwall_room_51200503-4.jpg\",\"width\":2400,\"height\":1600,\"caption\":\"Roosad tapeedid t\u00e4is ilu. Roosa tapeet elutuppa. magamistuppa v\u00f5i t\u00fcdruku toa seinale. Linnud, taimed ja lilled. Baubauwall tapeedid\"},{\"@type\":\"BreadcrumbList\",\"@id\":\"https:\/\/baubauwall.com\/et\/toode\/tapeet-lindude-aed-roosa\/#breadcrumb\",\"itemListElement\":[{\"@type\":\"ListItem\",\"position\":1,\"name\":\"Koju\",\"item\":\"https:\/\/baubauwall.com\/et\/\"},{\"@type\":\"ListItem\",\"position\":2,\"name\":\"Tapeedid\",\"item\":\"https:\/\/baubauwall.com\/et\/tapeedid\/\"},{\"@type\":\"ListItem\",\"position\":3,\"name\":\"Lindude aed &#8211; roosa\"}]},{\"@type\":\"WebSite\",\"@id\":\"https:\/\/baubauwall.com\/et\/#website\",\"url\":\"https:\/\/baubauwall.com\/et\/\",\"name\":\"BAUBAUWALL Wallpapers\",\"description\":\"Valmis paanides tapeet Eestist!\",\"publisher\":{\"@id\":\"https:\/\/baubauwall.com\/et\/#organization\"},\"potentialAction\":[{\"@type\":\"SearchAction\",\"target\":{\"@type\":\"EntryPoint\",\"urlTemplate\":\"https:\/\/baubauwall.com\/et\/?s={search_term_string}\"},\"query-input\":{\"@type\":\"PropertyValueSpecification\",\"valueRequired\":true,\"valueName\":\"search_term_string\"}}],\"inLanguage\":\"et\"},{\"@type\":\"Organization\",\"@id\":\"https:\/\/baubauwall.com\/et\/#organization\",\"name\":\"BAUBAUWALL Wallpapers\",\"url\":\"https:\/\/baubauwall.com\/et\/\",\"logo\":{\"@type\":\"ImageObject\",\"inLanguage\":\"et\",\"@id\":\"https:\/\/baubauwall.com\/et\/#\/schema\/logo\/image\/\",\"url\":\"https:\/\/baubauwall.com\/wp-content\/uploads\/2022\/03\/logo-horizontal.svg\",\"contentUrl\":\"https:\/\/baubauwall.com\/wp-content\/uploads\/2022\/03\/logo-horizontal.svg\",\"width\":\"1024\",\"height\":\"1024\",\"caption\":\"BAUBAUWALL Wallpapers\"},\"image\":{\"@id\":\"https:\/\/baubauwall.com\/et\/#\/schema\/logo\/image\/\"},\"sameAs\":[\"https:\/\/www.facebook.com\/Baubauwall\",\"https:\/\/www.instagram.com\/baubauwall\"]}]}<\/script>\n<!-- \/ Yoast SEO plugin. -->","yoast_head_json":{"title":"Lindudega roosa | Lindude aed - roosa | Stiilne pilttapeet","description":"Lindudega roosa tapeet t\u00e4is ajatut ilu. Botaanilised motiivid okste, \u00f5ite ja lindudega teevad sellest pilttapeedist ilusa valiku elutuppa v\u00f5i magamistuppa","robots":{"index":"index","follow":"follow","max-snippet":"max-snippet:-1","max-image-preview":"max-image-preview:large","max-video-preview":"max-video-preview:-1"},"canonical":"https:\/\/baubauwall.com\/et\/toode\/tapeet-lindude-aed-roosa\/","og_locale":"et_EE","og_type":"article","og_title":"BAUBAUWALL TAPEEDID","og_description":"Lindudega roosa tapeet t\u00e4is ajatut ilu. Botaanilised motiivid okste, \u00f5ite ja lindudega teevad sellest pilttapeedist ilusa valiku elutuppa v\u00f5i magamistuppa","og_url":"https:\/\/baubauwall.com\/et\/toode\/tapeet-lindude-aed-roosa\/","og_site_name":"BAUBAUWALL TAPEEDID","article_publisher":"https:\/\/www.facebook.com\/Baubauwall","article_modified_time":"2025-10-30T07:04:55+00:00","og_image":[{"width":2400,"height":1600,"url":"https:\/\/baubauwall.com\/wp-content\/uploads\/2025\/10\/Pink_Wallpaper_Garden-of-Robins_Baubauwall_room_51200503-4.jpg","type":"image\/jpeg"}],"twitter_card":"summary_large_image","twitter_misc":{"Est. reading time":"1 minut"},"schema":{"@context":"https:\/\/schema.org","@graph":[{"@type":"WebPage","@id":"https:\/\/baubauwall.com\/et\/toode\/tapeet-lindude-aed-roosa\/","url":"https:\/\/baubauwall.com\/et\/toode\/tapeet-lindude-aed-roosa\/","name":"Lindudega roosa | Lindude aed - roosa | Stiilne pilttapeet","isPartOf":{"@id":"https:\/\/baubauwall.com\/et\/#website"},"primaryImageOfPage":{"@id":"https:\/\/baubauwall.com\/et\/toode\/tapeet-lindude-aed-roosa\/#primaryimage"},"image":{"@id":"https:\/\/baubauwall.com\/et\/toode\/tapeet-lindude-aed-roosa\/#primaryimage"},"thumbnailUrl":"https:\/\/baubauwall.com\/wp-content\/uploads\/2025\/10\/Pink_Wallpaper_Garden-of-Robins_Baubauwall_room_51200503-4.jpg","datePublished":"2025-10-30T06:50:25+00:00","dateModified":"2025-10-30T07:04:55+00:00","description":"Lindudega roosa tapeet t\u00e4is ajatut ilu. Botaanilised motiivid okste, \u00f5ite ja lindudega teevad sellest pilttapeedist ilusa valiku elutuppa v\u00f5i magamistuppa","breadcrumb":{"@id":"https:\/\/baubauwall.com\/et\/toode\/tapeet-lindude-aed-roosa\/#breadcrumb"},"inLanguage":"et","potentialAction":[{"@type":"ReadAction","target":["https:\/\/baubauwall.com\/et\/toode\/tapeet-lindude-aed-roosa\/"]}]},{"@type":"ImageObject","inLanguage":"et","@id":"https:\/\/baubauwall.com\/et\/toode\/tapeet-lindude-aed-roosa\/#primaryimage","url":"https:\/\/baubauwall.com\/wp-content\/uploads\/2025\/10\/Pink_Wallpaper_Garden-of-Robins_Baubauwall_room_51200503-4.jpg","contentUrl":"https:\/\/baubauwall.com\/wp-content\/uploads\/2025\/10\/Pink_Wallpaper_Garden-of-Robins_Baubauwall_room_51200503-4.jpg","width":2400,"height":1600,"caption":"Roosad tapeedid t\u00e4is ilu. Roosa tapeet elutuppa. magamistuppa v\u00f5i t\u00fcdruku toa seinale. Linnud, taimed ja lilled. Baubauwall tapeedid"},{"@type":"BreadcrumbList","@id":"https:\/\/baubauwall.com\/et\/toode\/tapeet-lindude-aed-roosa\/#breadcrumb","itemListElement":[{"@type":"ListItem","position":1,"name":"Koju","item":"https:\/\/baubauwall.com\/et\/"},{"@type":"ListItem","position":2,"name":"Tapeedid","item":"https:\/\/baubauwall.com\/et\/tapeedid\/"},{"@type":"ListItem","position":3,"name":"Lindude aed &#8211; roosa"}]},{"@type":"WebSite","@id":"https:\/\/baubauwall.com\/et\/#website","url":"https:\/\/baubauwall.com\/et\/","name":"BAUBAUWALL Wallpapers","description":"Valmis paanides tapeet Eestist!","publisher":{"@id":"https:\/\/baubauwall.com\/et\/#organization"},"potentialAction":[{"@type":"SearchAction","target":{"@type":"EntryPoint","urlTemplate":"https:\/\/baubauwall.com\/et\/?s={search_term_string}"},"query-input":{"@type":"PropertyValueSpecification","valueRequired":true,"valueName":"search_term_string"}}],"inLanguage":"et"},{"@type":"Organization","@id":"https:\/\/baubauwall.com\/et\/#organization","name":"BAUBAUWALL Wallpapers","url":"https:\/\/baubauwall.com\/et\/","logo":{"@type":"ImageObject","inLanguage":"et","@id":"https:\/\/baubauwall.com\/et\/#\/schema\/logo\/image\/","url":"https:\/\/baubauwall.com\/wp-content\/uploads\/2022\/03\/logo-horizontal.svg","contentUrl":"https:\/\/baubauwall.com\/wp-content\/uploads\/2022\/03\/logo-horizontal.svg","width":"1024","height":"1024","caption":"BAUBAUWALL Wallpapers"},"image":{"@id":"https:\/\/baubauwall.com\/et\/#\/schema\/logo\/image\/"},"sameAs":["https:\/\/www.facebook.com\/Baubauwall","https:\/\/www.instagram.com\/baubauwall"]}]}},"jetpack_sharing_enabled":true,"_links":{"self":[{"href":"https:\/\/baubauwall.com\/et\/wp-json\/wp\/v2\/product\/45688","targetHints":{"allow":["GET"]}}],"collection":[{"href":"https:\/\/baubauwall.com\/et\/wp-json\/wp\/v2\/product"}],"about":[{"href":"https:\/\/baubauwall.com\/et\/wp-json\/wp\/v2\/types\/product"}],"replies":[{"embeddable":true,"href":"https:\/\/baubauwall.com\/et\/wp-json\/wp\/v2\/comments?post=45688"}],"wp:featuredmedia":[{"embeddable":true,"href":"https:\/\/baubauwall.com\/et\/wp-json\/wp\/v2\/media\/45701"}],"wp:attachment":[{"href":"https:\/\/baubauwall.com\/et\/wp-json\/wp\/v2\/media?parent=45688"}],"wp:term":[{"taxonomy":"product_brand","embeddable":true,"href":"https:\/\/baubauwall.com\/et\/wp-json\/wp\/v2\/product_brand?post=45688"},{"taxonomy":"product_cat","embeddable":true,"href":"https:\/\/baubauwall.com\/et\/wp-json\/wp\/v2\/product_cat?post=45688"},{"taxonomy":"product_tag","embeddable":true,"href":"https:\/\/baubauwall.com\/et\/wp-json\/wp\/v2\/product_tag?post=45688"}],"curies":[{"name":"wp","href":"https:\/\/api.w.org\/{rel}","templated":true}]}}