{"id":45792,"date":"2025-11-06T12:25:05","date_gmt":"2025-11-06T10:25:05","guid":{"rendered":"https:\/\/baubauwall.com\/?post_type=product&#038;p=45792"},"modified":"2025-11-06T14:46:26","modified_gmt":"2025-11-06T12:46:26","slug":"pilttapeet-linnulaul-sinakasroheline","status":"publish","type":"product","link":"https:\/\/baubauwall.com\/et\/toode\/pilttapeet-linnulaul-sinakasroheline\/","title":{"rendered":"Linnulaul &#8211; sinakasroheline"},"content":{"rendered":"<p data-start=\"93\" data-end=\"459\">Linnulaul on sinakasroheline on pilttapeet, mis toob tuppa rahuliku, justkui vana botaanikaraamatu pehmelt kulunud v\u00e4rvid. Tapeedi sinakasroheline taust loob s\u00fcgava, kuid rahuliku atmosf\u00e4\u00e4ri \u2013 nagu oleks seinal lindude kontsert! Mustrit kannavad lendlevad linnud, \u00f5rnad p\u00f5llulilled ja tasased lehed, k\u00f5ik k\u00e4sitsi joonistatud tunnetusega.<\/p>\n<p data-start=\"461\" data-end=\"708\">See on sinakasroheline tapeet, mis sobib nii modernsesse linnakorterisse kui ka maakodu elutuppa, s\u00f5ltuvalt sellest, millega seda kombineerida. Toon on piisavalt eriline, et olla efektne, aga samal ajal piisavalt loodusl\u00e4hedane, et mitte v\u00e4sitada. Pilttapeet Linnulaul sobib h\u00e4sti elutoa fookus\u00adseinale, kui soovid s\u00fcgavust ja karakterit. V\u00f5i hoopis magamistuppa, eriti koos puitm\u00f6\u00f6bli ja naturaalsete tekstiilidega.<\/p>\n<p><strong>Miks see sinakasroheline tapeet v\u00f5iks Sulle meeldida?<\/strong><\/p>\n<ul>\n<li>Romantiline tapeet Sknadinaavia stiilis<\/li>\n<li>Eesti ettev\u00f5te<\/li>\n<li>Tr\u00fckime tapeedi t\u00e4pselt Sinu seina m\u00f5\u00f5dus<\/li>\n<li>Premium, matt fliistapeedi materjal, 100% taaskasutatud kiust<\/li>\n<li>M\u00fcrgivabad tr\u00fckiv\u00e4rvid,\u00a0<em>Greenguard<\/em>\u00a0sertifitseeritud<\/li>\n<li><a href=\"https:\/\/baubauwall.com\/et\/keskkonnasobralikud-tapeedid\/\">Keskkonnas\u00f5bralik,<\/a> j\u00e4\u00e4tmevaba tapeetimine<\/li>\n<li>Kaasa tasuta tapeediliim<\/li>\n<li>Tasuta transport ja kiire tarne 3-5 t\u00f6\u00f6p\u00e4evaga<\/li>\n<\/ul>\n<p>Loe l\u00e4hemalt nutikatest, eritellimust\u00f6\u00f6na valmivatest tapeetidest\u00a0<a href=\"https:\/\/kodu.postimees.ee\/8277872\/eestis-loodud-digiteenus-mis-muudab-tapeetimise-lihtsaks-ja-isikuparaseks\">siit.<\/a><\/p>\n","protected":false},"excerpt":{"rendered":"<p>Linnulaul on sinakasroheline on pilttapeet, mis toob tuppa rahuliku, justkui vana botaanikaraamatu pehmelt kulunud v\u00e4rvid. Tapeedi sinakasroheline taust loob s\u00fcgava, kuid rahuliku atmosf\u00e4\u00e4ri \u2013 nagu oleks seinal lindude kontsert! Mustrit kannavad lendlevad linnud, \u00f5rnad p\u00f5llulilled ja tasased lehed, k\u00f5ik k\u00e4sitsi joonistatud tunnetusega. See on sinakasroheline tapeet, mis sobib nii modernsesse linnakorterisse kui ka maakodu elutuppa, [&hellip;]<\/p>\n","protected":false},"featured_media":45800,"comment_status":"open","ping_status":"closed","template":"","meta":{"_acf_changed":false,"inline_featured_image":false},"product_brand":[],"product_cat":[650,387,406,388,267,270,271,752,413,414,416,401,402,257,260],"product_tag":[298,345,638],"class_list":{"0":"post-45792","1":"product","2":"type-product","3":"status-publish","4":"has-post-thumbnail","6":"product_cat-sir-edward-pilttapeedid","7":"product_cat-pilttapeedid","8":"product_cat-klassika","9":"product_cat-vintage-et","10":"product_cat-sinised-tapeedid","11":"product_cat-tumedad-tapeedid","12":"product_cat-rohelised-tapeedid","13":"product_cat-avalik-ruum","14":"product_cat-magamistoa-tapeedid","15":"product_cat-soogitoa-tapeedid","16":"product_cat-esiku-tapeedid","17":"product_cat-koogi-tapeedid","18":"product_cat-elutoa-tapeedid","19":"product_cat-linnud","20":"product_cat-lilled","21":"product_tag-botaaniline","22":"product_tag-pilttapeet","23":"product_tag-sir-edward-pilttapeedid","25":"first","26":"instock","27":"taxable","28":"shipping-taxable","29":"purchasable","30":"product-type-simple"},"acf":[],"yoast_head":"<!-- This site is optimized with the Yoast SEO plugin v25.9 - https:\/\/yoast.com\/wordpress\/plugins\/seo\/ -->\n<title>Sinakasroheline tapeet Linnulaul | BAUBAUWALL TAPEEDID<\/title>\n<meta name=\"description\" content=\"Sinakasroheline tapeet lindude ja botaaniliste motiividega. Imeline tapeedivalik avalikku ruumi v\u00f5i koju, mis tahaks veidi vintage stiili!\" \/>\n<meta name=\"robots\" content=\"index, follow, max-snippet:-1, max-image-preview:large, max-video-preview:-1\" \/>\n<link rel=\"canonical\" href=\"https:\/\/baubauwall.com\/et\/toode\/pilttapeet-linnulaul-sinakasroheline\/\" \/>\n<meta property=\"og:locale\" content=\"et_EE\" \/>\n<meta property=\"og:type\" content=\"article\" \/>\n<meta property=\"og:title\" content=\"BAUBAUWALL TAPEEDID\" \/>\n<meta property=\"og:description\" content=\"Sinakasroheline tapeet lindude ja botaaniliste motiividega. Imeline tapeedivalik avalikku ruumi v\u00f5i koju, mis tahaks veidi vintage stiili!\" \/>\n<meta property=\"og:url\" content=\"https:\/\/baubauwall.com\/et\/toode\/pilttapeet-linnulaul-sinakasroheline\/\" \/>\n<meta property=\"og:site_name\" content=\"BAUBAUWALL TAPEEDID\" \/>\n<meta property=\"article:publisher\" content=\"https:\/\/www.facebook.com\/Baubauwall\" \/>\n<meta property=\"article:modified_time\" content=\"2025-11-06T12:46:26+00:00\" \/>\n<meta property=\"og:image\" content=\"https:\/\/baubauwall.com\/wp-content\/uploads\/2025\/11\/Playful_Robins_Vintage_Green_mural_walllpaper_Baubauwall_room_51200507-4.jpg\" \/>\n\t<meta property=\"og:image:width\" content=\"1833\" \/>\n\t<meta property=\"og:image:height\" content=\"1600\" \/>\n\t<meta property=\"og:image:type\" content=\"image\/jpeg\" \/>\n<meta name=\"twitter:card\" content=\"summary_large_image\" \/>\n<meta name=\"twitter:label1\" content=\"Est. reading time\" \/>\n\t<meta name=\"twitter:data1\" content=\"1 minut\" \/>\n<script type=\"application\/ld+json\" class=\"yoast-schema-graph\">{\"@context\":\"https:\/\/schema.org\",\"@graph\":[{\"@type\":\"WebPage\",\"@id\":\"https:\/\/baubauwall.com\/et\/toode\/pilttapeet-linnulaul-sinakasroheline\/\",\"url\":\"https:\/\/baubauwall.com\/et\/toode\/pilttapeet-linnulaul-sinakasroheline\/\",\"name\":\"Sinakasroheline tapeet Linnulaul | BAUBAUWALL TAPEEDID\",\"isPartOf\":{\"@id\":\"https:\/\/baubauwall.com\/et\/#website\"},\"primaryImageOfPage\":{\"@id\":\"https:\/\/baubauwall.com\/et\/toode\/pilttapeet-linnulaul-sinakasroheline\/#primaryimage\"},\"image\":{\"@id\":\"https:\/\/baubauwall.com\/et\/toode\/pilttapeet-linnulaul-sinakasroheline\/#primaryimage\"},\"thumbnailUrl\":\"https:\/\/baubauwall.com\/wp-content\/uploads\/2025\/11\/Playful_Robins_Vintage_Green_mural_walllpaper_Baubauwall_room_51200507-3.jpg\",\"datePublished\":\"2025-11-06T10:25:05+00:00\",\"dateModified\":\"2025-11-06T12:46:26+00:00\",\"description\":\"Sinakasroheline tapeet lindude ja botaaniliste motiividega. Imeline tapeedivalik avalikku ruumi v\u00f5i koju, mis tahaks veidi vintage stiili!\",\"breadcrumb\":{\"@id\":\"https:\/\/baubauwall.com\/et\/toode\/pilttapeet-linnulaul-sinakasroheline\/#breadcrumb\"},\"inLanguage\":\"et\",\"potentialAction\":[{\"@type\":\"ReadAction\",\"target\":[\"https:\/\/baubauwall.com\/et\/toode\/pilttapeet-linnulaul-sinakasroheline\/\"]}]},{\"@type\":\"ImageObject\",\"inLanguage\":\"et\",\"@id\":\"https:\/\/baubauwall.com\/et\/toode\/pilttapeet-linnulaul-sinakasroheline\/#primaryimage\",\"url\":\"https:\/\/baubauwall.com\/wp-content\/uploads\/2025\/11\/Playful_Robins_Vintage_Green_mural_walllpaper_Baubauwall_room_51200507-3.jpg\",\"contentUrl\":\"https:\/\/baubauwall.com\/wp-content\/uploads\/2025\/11\/Playful_Robins_Vintage_Green_mural_walllpaper_Baubauwall_room_51200507-3.jpg\",\"width\":2400,\"height\":1600,\"caption\":\"Vintage wallapper in green-blue paired with rust red sofa. Baubauwall wallpapes and designer murals\"},{\"@type\":\"BreadcrumbList\",\"@id\":\"https:\/\/baubauwall.com\/et\/toode\/pilttapeet-linnulaul-sinakasroheline\/#breadcrumb\",\"itemListElement\":[{\"@type\":\"ListItem\",\"position\":1,\"name\":\"Koju\",\"item\":\"https:\/\/baubauwall.com\/et\/\"},{\"@type\":\"ListItem\",\"position\":2,\"name\":\"Tapeedid\",\"item\":\"https:\/\/baubauwall.com\/et\/tapeedid\/\"},{\"@type\":\"ListItem\",\"position\":3,\"name\":\"Linnulaul &#8211; sinakasroheline\"}]},{\"@type\":\"WebSite\",\"@id\":\"https:\/\/baubauwall.com\/et\/#website\",\"url\":\"https:\/\/baubauwall.com\/et\/\",\"name\":\"BAUBAUWALL Wallpapers\",\"description\":\"Valmis paanides tapeet Eestist!\",\"publisher\":{\"@id\":\"https:\/\/baubauwall.com\/et\/#organization\"},\"potentialAction\":[{\"@type\":\"SearchAction\",\"target\":{\"@type\":\"EntryPoint\",\"urlTemplate\":\"https:\/\/baubauwall.com\/et\/?s={search_term_string}\"},\"query-input\":{\"@type\":\"PropertyValueSpecification\",\"valueRequired\":true,\"valueName\":\"search_term_string\"}}],\"inLanguage\":\"et\"},{\"@type\":\"Organization\",\"@id\":\"https:\/\/baubauwall.com\/et\/#organization\",\"name\":\"BAUBAUWALL Wallpapers\",\"url\":\"https:\/\/baubauwall.com\/et\/\",\"logo\":{\"@type\":\"ImageObject\",\"inLanguage\":\"et\",\"@id\":\"https:\/\/baubauwall.com\/et\/#\/schema\/logo\/image\/\",\"url\":\"https:\/\/baubauwall.com\/wp-content\/uploads\/2022\/03\/logo-horizontal.svg\",\"contentUrl\":\"https:\/\/baubauwall.com\/wp-content\/uploads\/2022\/03\/logo-horizontal.svg\",\"width\":\"1024\",\"height\":\"1024\",\"caption\":\"BAUBAUWALL Wallpapers\"},\"image\":{\"@id\":\"https:\/\/baubauwall.com\/et\/#\/schema\/logo\/image\/\"},\"sameAs\":[\"https:\/\/www.facebook.com\/Baubauwall\",\"https:\/\/www.instagram.com\/baubauwall\"]}]}<\/script>\n<!-- \/ Yoast SEO plugin. -->","yoast_head_json":{"title":"Sinakasroheline tapeet Linnulaul | BAUBAUWALL TAPEEDID","description":"Sinakasroheline tapeet lindude ja botaaniliste motiividega. Imeline tapeedivalik avalikku ruumi v\u00f5i koju, mis tahaks veidi vintage stiili!","robots":{"index":"index","follow":"follow","max-snippet":"max-snippet:-1","max-image-preview":"max-image-preview:large","max-video-preview":"max-video-preview:-1"},"canonical":"https:\/\/baubauwall.com\/et\/toode\/pilttapeet-linnulaul-sinakasroheline\/","og_locale":"et_EE","og_type":"article","og_title":"BAUBAUWALL TAPEEDID","og_description":"Sinakasroheline tapeet lindude ja botaaniliste motiividega. Imeline tapeedivalik avalikku ruumi v\u00f5i koju, mis tahaks veidi vintage stiili!","og_url":"https:\/\/baubauwall.com\/et\/toode\/pilttapeet-linnulaul-sinakasroheline\/","og_site_name":"BAUBAUWALL TAPEEDID","article_publisher":"https:\/\/www.facebook.com\/Baubauwall","article_modified_time":"2025-11-06T12:46:26+00:00","og_image":[{"width":1833,"height":1600,"url":"https:\/\/baubauwall.com\/wp-content\/uploads\/2025\/11\/Playful_Robins_Vintage_Green_mural_walllpaper_Baubauwall_room_51200507-4.jpg","type":"image\/jpeg"}],"twitter_card":"summary_large_image","twitter_misc":{"Est. reading time":"1 minut"},"schema":{"@context":"https:\/\/schema.org","@graph":[{"@type":"WebPage","@id":"https:\/\/baubauwall.com\/et\/toode\/pilttapeet-linnulaul-sinakasroheline\/","url":"https:\/\/baubauwall.com\/et\/toode\/pilttapeet-linnulaul-sinakasroheline\/","name":"Sinakasroheline tapeet Linnulaul | BAUBAUWALL TAPEEDID","isPartOf":{"@id":"https:\/\/baubauwall.com\/et\/#website"},"primaryImageOfPage":{"@id":"https:\/\/baubauwall.com\/et\/toode\/pilttapeet-linnulaul-sinakasroheline\/#primaryimage"},"image":{"@id":"https:\/\/baubauwall.com\/et\/toode\/pilttapeet-linnulaul-sinakasroheline\/#primaryimage"},"thumbnailUrl":"https:\/\/baubauwall.com\/wp-content\/uploads\/2025\/11\/Playful_Robins_Vintage_Green_mural_walllpaper_Baubauwall_room_51200507-3.jpg","datePublished":"2025-11-06T10:25:05+00:00","dateModified":"2025-11-06T12:46:26+00:00","description":"Sinakasroheline tapeet lindude ja botaaniliste motiividega. Imeline tapeedivalik avalikku ruumi v\u00f5i koju, mis tahaks veidi vintage stiili!","breadcrumb":{"@id":"https:\/\/baubauwall.com\/et\/toode\/pilttapeet-linnulaul-sinakasroheline\/#breadcrumb"},"inLanguage":"et","potentialAction":[{"@type":"ReadAction","target":["https:\/\/baubauwall.com\/et\/toode\/pilttapeet-linnulaul-sinakasroheline\/"]}]},{"@type":"ImageObject","inLanguage":"et","@id":"https:\/\/baubauwall.com\/et\/toode\/pilttapeet-linnulaul-sinakasroheline\/#primaryimage","url":"https:\/\/baubauwall.com\/wp-content\/uploads\/2025\/11\/Playful_Robins_Vintage_Green_mural_walllpaper_Baubauwall_room_51200507-3.jpg","contentUrl":"https:\/\/baubauwall.com\/wp-content\/uploads\/2025\/11\/Playful_Robins_Vintage_Green_mural_walllpaper_Baubauwall_room_51200507-3.jpg","width":2400,"height":1600,"caption":"Vintage wallapper in green-blue paired with rust red sofa. Baubauwall wallpapes and designer murals"},{"@type":"BreadcrumbList","@id":"https:\/\/baubauwall.com\/et\/toode\/pilttapeet-linnulaul-sinakasroheline\/#breadcrumb","itemListElement":[{"@type":"ListItem","position":1,"name":"Koju","item":"https:\/\/baubauwall.com\/et\/"},{"@type":"ListItem","position":2,"name":"Tapeedid","item":"https:\/\/baubauwall.com\/et\/tapeedid\/"},{"@type":"ListItem","position":3,"name":"Linnulaul &#8211; sinakasroheline"}]},{"@type":"WebSite","@id":"https:\/\/baubauwall.com\/et\/#website","url":"https:\/\/baubauwall.com\/et\/","name":"BAUBAUWALL Wallpapers","description":"Valmis paanides tapeet Eestist!","publisher":{"@id":"https:\/\/baubauwall.com\/et\/#organization"},"potentialAction":[{"@type":"SearchAction","target":{"@type":"EntryPoint","urlTemplate":"https:\/\/baubauwall.com\/et\/?s={search_term_string}"},"query-input":{"@type":"PropertyValueSpecification","valueRequired":true,"valueName":"search_term_string"}}],"inLanguage":"et"},{"@type":"Organization","@id":"https:\/\/baubauwall.com\/et\/#organization","name":"BAUBAUWALL Wallpapers","url":"https:\/\/baubauwall.com\/et\/","logo":{"@type":"ImageObject","inLanguage":"et","@id":"https:\/\/baubauwall.com\/et\/#\/schema\/logo\/image\/","url":"https:\/\/baubauwall.com\/wp-content\/uploads\/2022\/03\/logo-horizontal.svg","contentUrl":"https:\/\/baubauwall.com\/wp-content\/uploads\/2022\/03\/logo-horizontal.svg","width":"1024","height":"1024","caption":"BAUBAUWALL Wallpapers"},"image":{"@id":"https:\/\/baubauwall.com\/et\/#\/schema\/logo\/image\/"},"sameAs":["https:\/\/www.facebook.com\/Baubauwall","https:\/\/www.instagram.com\/baubauwall"]}]}},"jetpack_sharing_enabled":true,"_links":{"self":[{"href":"https:\/\/baubauwall.com\/et\/wp-json\/wp\/v2\/product\/45792","targetHints":{"allow":["GET"]}}],"collection":[{"href":"https:\/\/baubauwall.com\/et\/wp-json\/wp\/v2\/product"}],"about":[{"href":"https:\/\/baubauwall.com\/et\/wp-json\/wp\/v2\/types\/product"}],"replies":[{"embeddable":true,"href":"https:\/\/baubauwall.com\/et\/wp-json\/wp\/v2\/comments?post=45792"}],"wp:featuredmedia":[{"embeddable":true,"href":"https:\/\/baubauwall.com\/et\/wp-json\/wp\/v2\/media\/45800"}],"wp:attachment":[{"href":"https:\/\/baubauwall.com\/et\/wp-json\/wp\/v2\/media?parent=45792"}],"wp:term":[{"taxonomy":"product_brand","embeddable":true,"href":"https:\/\/baubauwall.com\/et\/wp-json\/wp\/v2\/product_brand?post=45792"},{"taxonomy":"product_cat","embeddable":true,"href":"https:\/\/baubauwall.com\/et\/wp-json\/wp\/v2\/product_cat?post=45792"},{"taxonomy":"product_tag","embeddable":true,"href":"https:\/\/baubauwall.com\/et\/wp-json\/wp\/v2\/product_tag?post=45792"}],"curies":[{"name":"wp","href":"https:\/\/api.w.org\/{rel}","templated":true}]}}