{"id":45808,"date":"2025-11-06T12:47:03","date_gmt":"2025-11-06T10:47:03","guid":{"rendered":"https:\/\/baubauwall.com\/?post_type=product&#038;p=45808"},"modified":"2025-11-13T17:29:25","modified_gmt":"2025-11-13T15:29:25","slug":"pilttapeet-linnulaul-valge","status":"publish","type":"product","link":"https:\/\/baubauwall.com\/et\/toode\/pilttapeet-linnulaul-valge\/","title":{"rendered":"Linnulaul &#8211; valge"},"content":{"rendered":"<p>Linnulaul on kui kerge hommikune sosin \u2013 pilttapeet, mis toob tuppa rahu, helgust ja Skandi stiili. \u00d5rnal valgel taustal lendlevad linnud, lehed ning \u00f5rnad \u00f5ied ja liblikad. See on romantiline tapeet k\u00f5ige kaunimas t\u00e4henduses: pehme, detailne, aga mitte \u00fcleliia nipsakas. Just nii maitsekas, et j\u00e4tta mulje, nagu oleks sein kaetud k\u00e4sitsi maalitud illustratsiooniga.<\/p>\n<p data-start=\"478\" data-end=\"492\">See pilttapeet sobib h\u00e4sti magamistuppa, kus rahulik taust loob m\u00f5nusa meeleolu. V\u00f5i siis tapeedi sellega lastetuba, kui soovid ajatut\u00a0<em>look\u00b4<\/em>i ning mitte m\u00f5elda, et juba paari aasta p\u00e4rast v\u00f5iks tapeedivahetusele m\u00f5elda. Sul on maakodu? Siis too lindudega pilttapeet seinale looma skandi stiilis minimalistlikku romantikat ja vintage stiili!<\/p>\n<p data-start=\"478\" data-end=\"492\">See on tapeet, mis ei k\u00fcsi t\u00e4helepanu, aga saab selle alati.<\/p>\n<p><strong>Miks see pilttapeet v\u00f5iks Sulle meeldida?<\/strong><\/p>\n<ul>\n<li>Romantiline tapeet Sknadinaavia stiilis<\/li>\n<li>Eesti ettev\u00f5te<\/li>\n<li>Tr\u00fckime tapeedi t\u00e4pselt Sinu seina m\u00f5\u00f5dus<\/li>\n<li>Premium, matt fliistapeedi materjal, 100% taaskasutatud kiust<\/li>\n<li>M\u00fcrgivabad tr\u00fckiv\u00e4rvid,\u00a0<em>Greenguard<\/em>\u00a0sertifitseeritud<\/li>\n<li>Keskkonnas\u00f5bralik, j\u00e4\u00e4tmevaba tapeetimine<\/li>\n<li>Kaasa tasuta tapeediliim<\/li>\n<li>Tasuta transport ja kiire tarne 3-5 t\u00f6\u00f6p\u00e4evaga<\/li>\n<\/ul>\n<p>Loe l\u00e4hemalt nutikatest, eritellimust\u00f6\u00f6na valmivatest tapeetidest\u00a0<a href=\"https:\/\/baubauwall.com\/et\/keskkonnasobralikud-tapeedid\/\">siit.<\/a><\/p>\n","protected":false},"excerpt":{"rendered":"<p>Linnulaul on kui kerge hommikune sosin \u2013 pilttapeet, mis toob tuppa rahu, helgust ja Skandi stiili. \u00d5rnal valgel taustal lendlevad linnud, lehed ning \u00f5rnad \u00f5ied ja liblikad. See on romantiline tapeet k\u00f5ige kaunimas t\u00e4henduses: pehme, detailne, aga mitte \u00fcleliia nipsakas. Just nii maitsekas, et j\u00e4tta mulje, nagu oleks sein kaetud k\u00e4sitsi maalitud illustratsiooniga. See pilttapeet [&hellip;]<\/p>\n","protected":false},"featured_media":45816,"comment_status":"open","ping_status":"closed","template":"","meta":{"_acf_changed":false,"inline_featured_image":false},"product_brand":[],"product_cat":[650,387,406,388,267,270,271,752,413,414,416,401,402,257,260],"product_tag":[298,345,638],"class_list":{"0":"post-45808","1":"product","2":"type-product","3":"status-publish","4":"has-post-thumbnail","6":"product_cat-sir-edward-pilttapeedid","7":"product_cat-pilttapeedid","8":"product_cat-klassika","9":"product_cat-vintage-et","10":"product_cat-sinised-tapeedid","11":"product_cat-tumedad-tapeedid","12":"product_cat-rohelised-tapeedid","13":"product_cat-avalik-ruum","14":"product_cat-magamistoa-tapeedid","15":"product_cat-soogitoa-tapeedid","16":"product_cat-esiku-tapeedid","17":"product_cat-koogi-tapeedid","18":"product_cat-elutoa-tapeedid","19":"product_cat-linnud","20":"product_cat-lilled","21":"product_tag-botaaniline","22":"product_tag-pilttapeet","23":"product_tag-sir-edward-pilttapeedid","25":"first","26":"instock","27":"taxable","28":"shipping-taxable","29":"purchasable","30":"product-type-simple"},"acf":[],"yoast_head":"<!-- This site is optimized with the Yoast SEO plugin v25.9 - https:\/\/yoast.com\/wordpress\/plugins\/seo\/ -->\n<title>Romantiline tapeet Linnulaul | BAUBAUWALL TAPEEDID<\/title>\n<meta name=\"description\" content=\"Romantiline tapeet lindude ja botaaniliste motiividega. Imeline tapeedivalik avalikku ruumi v\u00f5i koju, mis tahaks veidi vintage stiili!\" \/>\n<meta name=\"robots\" content=\"index, follow, max-snippet:-1, max-image-preview:large, max-video-preview:-1\" \/>\n<link rel=\"canonical\" href=\"https:\/\/baubauwall.com\/et\/toode\/pilttapeet-linnulaul-valge\/\" \/>\n<meta property=\"og:locale\" content=\"et_EE\" \/>\n<meta property=\"og:type\" content=\"article\" \/>\n<meta property=\"og:title\" content=\"BAUBAUWALL TAPEEDID\" \/>\n<meta property=\"og:description\" content=\"Romantiline tapeet lindude ja botaaniliste motiividega. Imeline tapeedivalik avalikku ruumi v\u00f5i koju, mis tahaks veidi vintage stiili!\" \/>\n<meta property=\"og:url\" content=\"https:\/\/baubauwall.com\/et\/toode\/pilttapeet-linnulaul-valge\/\" \/>\n<meta property=\"og:site_name\" content=\"BAUBAUWALL TAPEEDID\" \/>\n<meta property=\"article:publisher\" content=\"https:\/\/www.facebook.com\/Baubauwall\" \/>\n<meta property=\"article:modified_time\" content=\"2025-11-13T15:29:25+00:00\" \/>\n<meta property=\"og:image\" content=\"https:\/\/baubauwall.com\/wp-content\/uploads\/2025\/11\/Playful_Robins_Vintage_White_Closeup_Bauabuwall_Mural_Wallpapers_51200508-3.jpg\" \/>\n\t<meta property=\"og:image:width\" content=\"2400\" \/>\n\t<meta property=\"og:image:height\" content=\"1600\" \/>\n\t<meta property=\"og:image:type\" content=\"image\/jpeg\" \/>\n<meta name=\"twitter:card\" content=\"summary_large_image\" \/>\n<meta name=\"twitter:label1\" content=\"Est. reading time\" \/>\n\t<meta name=\"twitter:data1\" content=\"1 minut\" \/>\n<script type=\"application\/ld+json\" class=\"yoast-schema-graph\">{\"@context\":\"https:\/\/schema.org\",\"@graph\":[{\"@type\":\"WebPage\",\"@id\":\"https:\/\/baubauwall.com\/et\/toode\/pilttapeet-linnulaul-valge\/\",\"url\":\"https:\/\/baubauwall.com\/et\/toode\/pilttapeet-linnulaul-valge\/\",\"name\":\"Romantiline tapeet Linnulaul | BAUBAUWALL TAPEEDID\",\"isPartOf\":{\"@id\":\"https:\/\/baubauwall.com\/et\/#website\"},\"primaryImageOfPage\":{\"@id\":\"https:\/\/baubauwall.com\/et\/toode\/pilttapeet-linnulaul-valge\/#primaryimage\"},\"image\":{\"@id\":\"https:\/\/baubauwall.com\/et\/toode\/pilttapeet-linnulaul-valge\/#primaryimage\"},\"thumbnailUrl\":\"https:\/\/baubauwall.com\/wp-content\/uploads\/2025\/11\/Playful_Robins_Vintage_White_Closeup_Bauabuwall_Mural_Wallpapers_51200508-1.jpg\",\"datePublished\":\"2025-11-06T10:47:03+00:00\",\"dateModified\":\"2025-11-13T15:29:25+00:00\",\"description\":\"Romantiline tapeet lindude ja botaaniliste motiividega. Imeline tapeedivalik avalikku ruumi v\u00f5i koju, mis tahaks veidi vintage stiili!\",\"breadcrumb\":{\"@id\":\"https:\/\/baubauwall.com\/et\/toode\/pilttapeet-linnulaul-valge\/#breadcrumb\"},\"inLanguage\":\"et\",\"potentialAction\":[{\"@type\":\"ReadAction\",\"target\":[\"https:\/\/baubauwall.com\/et\/toode\/pilttapeet-linnulaul-valge\/\"]}]},{\"@type\":\"ImageObject\",\"inLanguage\":\"et\",\"@id\":\"https:\/\/baubauwall.com\/et\/toode\/pilttapeet-linnulaul-valge\/#primaryimage\",\"url\":\"https:\/\/baubauwall.com\/wp-content\/uploads\/2025\/11\/Playful_Robins_Vintage_White_Closeup_Bauabuwall_Mural_Wallpapers_51200508-1.jpg\",\"contentUrl\":\"https:\/\/baubauwall.com\/wp-content\/uploads\/2025\/11\/Playful_Robins_Vintage_White_Closeup_Bauabuwall_Mural_Wallpapers_51200508-1.jpg\",\"width\":2397,\"height\":1600,\"caption\":\"Mural wallpaper for kids spaces and more. Vintage stlyle elegant mural wallpaper with birds and botanicals. Baubauwall Wallpapers and Murals\"},{\"@type\":\"BreadcrumbList\",\"@id\":\"https:\/\/baubauwall.com\/et\/toode\/pilttapeet-linnulaul-valge\/#breadcrumb\",\"itemListElement\":[{\"@type\":\"ListItem\",\"position\":1,\"name\":\"Koju\",\"item\":\"https:\/\/baubauwall.com\/et\/\"},{\"@type\":\"ListItem\",\"position\":2,\"name\":\"Tapeedid\",\"item\":\"https:\/\/baubauwall.com\/et\/tapeedid\/\"},{\"@type\":\"ListItem\",\"position\":3,\"name\":\"Linnulaul &#8211; valge\"}]},{\"@type\":\"WebSite\",\"@id\":\"https:\/\/baubauwall.com\/et\/#website\",\"url\":\"https:\/\/baubauwall.com\/et\/\",\"name\":\"BAUBAUWALL Wallpapers\",\"description\":\"Valmis paanides tapeet Eestist!\",\"publisher\":{\"@id\":\"https:\/\/baubauwall.com\/et\/#organization\"},\"potentialAction\":[{\"@type\":\"SearchAction\",\"target\":{\"@type\":\"EntryPoint\",\"urlTemplate\":\"https:\/\/baubauwall.com\/et\/?s={search_term_string}\"},\"query-input\":{\"@type\":\"PropertyValueSpecification\",\"valueRequired\":true,\"valueName\":\"search_term_string\"}}],\"inLanguage\":\"et\"},{\"@type\":\"Organization\",\"@id\":\"https:\/\/baubauwall.com\/et\/#organization\",\"name\":\"BAUBAUWALL Wallpapers\",\"url\":\"https:\/\/baubauwall.com\/et\/\",\"logo\":{\"@type\":\"ImageObject\",\"inLanguage\":\"et\",\"@id\":\"https:\/\/baubauwall.com\/et\/#\/schema\/logo\/image\/\",\"url\":\"https:\/\/baubauwall.com\/wp-content\/uploads\/2022\/03\/logo-horizontal.svg\",\"contentUrl\":\"https:\/\/baubauwall.com\/wp-content\/uploads\/2022\/03\/logo-horizontal.svg\",\"width\":\"1024\",\"height\":\"1024\",\"caption\":\"BAUBAUWALL Wallpapers\"},\"image\":{\"@id\":\"https:\/\/baubauwall.com\/et\/#\/schema\/logo\/image\/\"},\"sameAs\":[\"https:\/\/www.facebook.com\/Baubauwall\",\"https:\/\/www.instagram.com\/baubauwall\"]}]}<\/script>\n<!-- \/ Yoast SEO plugin. -->","yoast_head_json":{"title":"Romantiline tapeet Linnulaul | BAUBAUWALL TAPEEDID","description":"Romantiline tapeet lindude ja botaaniliste motiividega. Imeline tapeedivalik avalikku ruumi v\u00f5i koju, mis tahaks veidi vintage stiili!","robots":{"index":"index","follow":"follow","max-snippet":"max-snippet:-1","max-image-preview":"max-image-preview:large","max-video-preview":"max-video-preview:-1"},"canonical":"https:\/\/baubauwall.com\/et\/toode\/pilttapeet-linnulaul-valge\/","og_locale":"et_EE","og_type":"article","og_title":"BAUBAUWALL TAPEEDID","og_description":"Romantiline tapeet lindude ja botaaniliste motiividega. Imeline tapeedivalik avalikku ruumi v\u00f5i koju, mis tahaks veidi vintage stiili!","og_url":"https:\/\/baubauwall.com\/et\/toode\/pilttapeet-linnulaul-valge\/","og_site_name":"BAUBAUWALL TAPEEDID","article_publisher":"https:\/\/www.facebook.com\/Baubauwall","article_modified_time":"2025-11-13T15:29:25+00:00","og_image":[{"width":2400,"height":1600,"url":"https:\/\/baubauwall.com\/wp-content\/uploads\/2025\/11\/Playful_Robins_Vintage_White_Closeup_Bauabuwall_Mural_Wallpapers_51200508-3.jpg","type":"image\/jpeg"}],"twitter_card":"summary_large_image","twitter_misc":{"Est. reading time":"1 minut"},"schema":{"@context":"https:\/\/schema.org","@graph":[{"@type":"WebPage","@id":"https:\/\/baubauwall.com\/et\/toode\/pilttapeet-linnulaul-valge\/","url":"https:\/\/baubauwall.com\/et\/toode\/pilttapeet-linnulaul-valge\/","name":"Romantiline tapeet Linnulaul | BAUBAUWALL TAPEEDID","isPartOf":{"@id":"https:\/\/baubauwall.com\/et\/#website"},"primaryImageOfPage":{"@id":"https:\/\/baubauwall.com\/et\/toode\/pilttapeet-linnulaul-valge\/#primaryimage"},"image":{"@id":"https:\/\/baubauwall.com\/et\/toode\/pilttapeet-linnulaul-valge\/#primaryimage"},"thumbnailUrl":"https:\/\/baubauwall.com\/wp-content\/uploads\/2025\/11\/Playful_Robins_Vintage_White_Closeup_Bauabuwall_Mural_Wallpapers_51200508-1.jpg","datePublished":"2025-11-06T10:47:03+00:00","dateModified":"2025-11-13T15:29:25+00:00","description":"Romantiline tapeet lindude ja botaaniliste motiividega. Imeline tapeedivalik avalikku ruumi v\u00f5i koju, mis tahaks veidi vintage stiili!","breadcrumb":{"@id":"https:\/\/baubauwall.com\/et\/toode\/pilttapeet-linnulaul-valge\/#breadcrumb"},"inLanguage":"et","potentialAction":[{"@type":"ReadAction","target":["https:\/\/baubauwall.com\/et\/toode\/pilttapeet-linnulaul-valge\/"]}]},{"@type":"ImageObject","inLanguage":"et","@id":"https:\/\/baubauwall.com\/et\/toode\/pilttapeet-linnulaul-valge\/#primaryimage","url":"https:\/\/baubauwall.com\/wp-content\/uploads\/2025\/11\/Playful_Robins_Vintage_White_Closeup_Bauabuwall_Mural_Wallpapers_51200508-1.jpg","contentUrl":"https:\/\/baubauwall.com\/wp-content\/uploads\/2025\/11\/Playful_Robins_Vintage_White_Closeup_Bauabuwall_Mural_Wallpapers_51200508-1.jpg","width":2397,"height":1600,"caption":"Mural wallpaper for kids spaces and more. Vintage stlyle elegant mural wallpaper with birds and botanicals. Baubauwall Wallpapers and Murals"},{"@type":"BreadcrumbList","@id":"https:\/\/baubauwall.com\/et\/toode\/pilttapeet-linnulaul-valge\/#breadcrumb","itemListElement":[{"@type":"ListItem","position":1,"name":"Koju","item":"https:\/\/baubauwall.com\/et\/"},{"@type":"ListItem","position":2,"name":"Tapeedid","item":"https:\/\/baubauwall.com\/et\/tapeedid\/"},{"@type":"ListItem","position":3,"name":"Linnulaul &#8211; valge"}]},{"@type":"WebSite","@id":"https:\/\/baubauwall.com\/et\/#website","url":"https:\/\/baubauwall.com\/et\/","name":"BAUBAUWALL Wallpapers","description":"Valmis paanides tapeet Eestist!","publisher":{"@id":"https:\/\/baubauwall.com\/et\/#organization"},"potentialAction":[{"@type":"SearchAction","target":{"@type":"EntryPoint","urlTemplate":"https:\/\/baubauwall.com\/et\/?s={search_term_string}"},"query-input":{"@type":"PropertyValueSpecification","valueRequired":true,"valueName":"search_term_string"}}],"inLanguage":"et"},{"@type":"Organization","@id":"https:\/\/baubauwall.com\/et\/#organization","name":"BAUBAUWALL Wallpapers","url":"https:\/\/baubauwall.com\/et\/","logo":{"@type":"ImageObject","inLanguage":"et","@id":"https:\/\/baubauwall.com\/et\/#\/schema\/logo\/image\/","url":"https:\/\/baubauwall.com\/wp-content\/uploads\/2022\/03\/logo-horizontal.svg","contentUrl":"https:\/\/baubauwall.com\/wp-content\/uploads\/2022\/03\/logo-horizontal.svg","width":"1024","height":"1024","caption":"BAUBAUWALL Wallpapers"},"image":{"@id":"https:\/\/baubauwall.com\/et\/#\/schema\/logo\/image\/"},"sameAs":["https:\/\/www.facebook.com\/Baubauwall","https:\/\/www.instagram.com\/baubauwall"]}]}},"jetpack_sharing_enabled":true,"_links":{"self":[{"href":"https:\/\/baubauwall.com\/et\/wp-json\/wp\/v2\/product\/45808","targetHints":{"allow":["GET"]}}],"collection":[{"href":"https:\/\/baubauwall.com\/et\/wp-json\/wp\/v2\/product"}],"about":[{"href":"https:\/\/baubauwall.com\/et\/wp-json\/wp\/v2\/types\/product"}],"replies":[{"embeddable":true,"href":"https:\/\/baubauwall.com\/et\/wp-json\/wp\/v2\/comments?post=45808"}],"wp:featuredmedia":[{"embeddable":true,"href":"https:\/\/baubauwall.com\/et\/wp-json\/wp\/v2\/media\/45816"}],"wp:attachment":[{"href":"https:\/\/baubauwall.com\/et\/wp-json\/wp\/v2\/media?parent=45808"}],"wp:term":[{"taxonomy":"product_brand","embeddable":true,"href":"https:\/\/baubauwall.com\/et\/wp-json\/wp\/v2\/product_brand?post=45808"},{"taxonomy":"product_cat","embeddable":true,"href":"https:\/\/baubauwall.com\/et\/wp-json\/wp\/v2\/product_cat?post=45808"},{"taxonomy":"product_tag","embeddable":true,"href":"https:\/\/baubauwall.com\/et\/wp-json\/wp\/v2\/product_tag?post=45808"}],"curies":[{"name":"wp","href":"https:\/\/api.w.org\/{rel}","templated":true}]}}