{"id":45838,"date":"2025-11-07T02:45:18","date_gmt":"2025-11-07T00:45:18","guid":{"rendered":"https:\/\/baubauwall.com\/product\/repeat-pattern-wallpaper-curved-stripes\/"},"modified":"2025-11-07T11:31:17","modified_gmt":"2025-11-07T09:31:17","slug":"triibuline-tapeet-koverjooned","status":"publish","type":"product","link":"https:\/\/baubauwall.com\/et\/toode\/triibuline-tapeet-koverjooned\/","title":{"rendered":"K\u00f5verjooned"},"content":{"rendered":"<p>Kui guugeldad <em>\u201ctriibulised tapeedid\u201d<\/em> ja leidnud ainult rangeid ning sirgeid jooni, siis see tapeet on pehmem, loovam ja palju hubasem alternatiiv.<\/p>\n<p>K\u00f5verjooned on triibuline tapeet, mis ei ole p\u00e4ris tavap\u00e4rane. Triibud on \u00f5rnalt lainelised, justkui k\u00e4sitsi t\u00f5mmatud \u2013 tulemuseks on rahulik, aga elav r\u00fctm seinal. Toonid on mahedad: salveiroheline ja soe bee\u017e, mis sobivad ideaalselt looduslike materjalidega ning loovad ruumi, kus on lihtne hingata.<\/p>\n<p>See disain sobib sama h\u00e4sti magamistuppa, lastetuppa, s\u00f6\u00f6ginurka v\u00f5i elutoa aktsentseinale. Lisab struktuuri, aga ei muutu domineerivaks. Toob liikumist, aga ei muuda ruumi m\u00fcrarikkaks.<\/p>\n<p><strong>Miks see triibuline tapeet v\u00f5iks Sulle meeldida?<\/strong><\/p>\n<ul>\n<li>Triibulised tapeedid on ajatud \u2013 need ei l\u00e4he kunagi moest<\/li>\n<li>Tr\u00fckime tapeedi t\u00e4pselt Sinu seina m\u00f5\u00f5dus<\/li>\n<li>Premium, matt fliistapeedi materjal, 100% taaskasutatud kiust<\/li>\n<li>M\u00fcrgivabad tr\u00fckiv\u00e4rvid,\u00a0<em>Greenguard<\/em>\u00a0sertifitseeritud<\/li>\n<li>Keskkonnas\u00f5bralik, j\u00e4\u00e4tmevaba tapeetimine<\/li>\n<li>Kaasa tasuta tapeediliim<\/li>\n<li>Tasuta transport ja kiire tarne 3-5 t\u00f6\u00f6p\u00e4evaga<\/li>\n<li>Eesti ettev\u00f5te<\/li>\n<\/ul>\n<p>Piilu ka meie klientide kodusesse,\u00a0<a href=\"https:\/\/baubauwall.com\/et\/ideed\/let-the-homes-do-the-talking\/\">ehk on siin tapeedigaleriis<\/a> h\u00e4id ideid, mida n\u00e4pata! Loe l\u00e4hemalt nutikatest, eritellimust\u00f6\u00f6na valmivatest tapeetidest\u00a0<a href=\"https:\/\/kodu.postimees.ee\/8277872\/eestis-loodud-digiteenus-mis-muudab-tapeetimise-lihtsaks-ja-isikuparaseks\">siit.<\/a><\/p>\n","protected":false},"excerpt":{"rendered":"<p>Kui guugeldad \u201ctriibulised tapeedid\u201d ja leidnud ainult rangeid ning sirgeid jooni, siis see tapeet on pehmem, loovam ja palju hubasem alternatiiv. K\u00f5verjooned on triibuline tapeet, mis ei ole p\u00e4ris tavap\u00e4rane. Triibud on \u00f5rnalt lainelised, justkui k\u00e4sitsi t\u00f5mmatud \u2013 tulemuseks on rahulik, aga elav r\u00fctm seinal. Toonid on mahedad: salveiroheline ja soe bee\u017e, mis sobivad ideaalselt [&hellip;]<\/p>\n","protected":false},"featured_media":45847,"comment_status":"open","ping_status":"closed","template":"","meta":{"_acf_changed":false,"inline_featured_image":false},"product_brand":[],"product_cat":[386,820,406,396,265,271,273,276,752,413,400,414,401,402,561],"product_tag":[],"class_list":{"0":"post-45838","1":"product","2":"type-product","3":"status-publish","4":"has-post-thumbnail","6":"product_cat-kordusmustriga-tapeedid","7":"product_cat-triibulised-ruudulised","8":"product_cat-klassika","9":"product_cat-skandinaavia","10":"product_cat-beezid-tapeedid","11":"product_cat-rohelised-tapeedid","12":"product_cat-heledad-tapeedid","13":"product_cat-pastelsed-tapeedid","14":"product_cat-avalik-ruum","15":"product_cat-magamistoa-tapeedid","16":"product_cat-lastetoa-tapeedid","17":"product_cat-soogitoa-tapeedid","18":"product_cat-koogi-tapeedid","19":"product_cat-elutoa-tapeedid","20":"product_cat-suvised-tapeedid","22":"first","23":"instock","24":"taxable","25":"shipping-taxable","26":"purchasable","27":"product-type-simple"},"acf":[],"yoast_head":"<!-- This site is optimized with the Yoast SEO plugin v25.9 - https:\/\/yoast.com\/wordpress\/plugins\/seo\/ -->\n<title>Triibulised tapeedid - vimkaga | K\u00f5verjooned - BAUBAUWALL TAPEEDID<\/title>\n<meta name=\"description\" content=\"Otsid &quot;triibulised tapeedid&quot;, aga vastuseks on liiga ranged triibulised? Siin on mahedates toonides triibuline tapeet \u2013 modernne tapeet. Fliistapeet.\" \/>\n<meta name=\"robots\" content=\"index, follow, max-snippet:-1, max-image-preview:large, max-video-preview:-1\" \/>\n<link rel=\"canonical\" href=\"https:\/\/baubauwall.com\/et\/toode\/triibuline-tapeet-koverjooned\/\" \/>\n<meta property=\"og:locale\" content=\"et_EE\" \/>\n<meta property=\"og:type\" content=\"article\" \/>\n<meta property=\"og:title\" content=\"BAUBAUWALL TAPEEDID\" \/>\n<meta property=\"og:description\" content=\"Otsid &quot;triibulised tapeedid&quot;, aga vastuseks on liiga ranged triibulised? Siin on mahedates toonides triibuline tapeet \u2013 modernne tapeet. Fliistapeet.\" \/>\n<meta property=\"og:url\" content=\"https:\/\/baubauwall.com\/et\/toode\/triibuline-tapeet-koverjooned\/\" \/>\n<meta property=\"og:site_name\" content=\"BAUBAUWALL TAPEEDID\" \/>\n<meta property=\"article:publisher\" content=\"https:\/\/www.facebook.com\/Baubauwall\" \/>\n<meta property=\"article:modified_time\" content=\"2025-11-07T09:31:17+00:00\" \/>\n<meta property=\"og:image\" content=\"https:\/\/baubauwall.com\/wp-content\/uploads\/2024\/11\/CurvedStripes_Baubauwall_Wallpapers_room_51100514-8.jpg\" \/>\n\t<meta property=\"og:image:width\" content=\"2400\" \/>\n\t<meta property=\"og:image:height\" content=\"1600\" \/>\n\t<meta property=\"og:image:type\" content=\"image\/jpeg\" \/>\n<meta name=\"twitter:card\" content=\"summary_large_image\" \/>\n<meta name=\"twitter:label1\" content=\"Est. reading time\" \/>\n\t<meta name=\"twitter:data1\" content=\"1 minut\" \/>\n<script type=\"application\/ld+json\" class=\"yoast-schema-graph\">{\"@context\":\"https:\/\/schema.org\",\"@graph\":[{\"@type\":\"WebPage\",\"@id\":\"https:\/\/baubauwall.com\/et\/toode\/triibuline-tapeet-koverjooned\/\",\"url\":\"https:\/\/baubauwall.com\/et\/toode\/triibuline-tapeet-koverjooned\/\",\"name\":\"Triibulised tapeedid - vimkaga | K\u00f5verjooned - BAUBAUWALL TAPEEDID\",\"isPartOf\":{\"@id\":\"https:\/\/baubauwall.com\/et\/#website\"},\"primaryImageOfPage\":{\"@id\":\"https:\/\/baubauwall.com\/et\/toode\/triibuline-tapeet-koverjooned\/#primaryimage\"},\"image\":{\"@id\":\"https:\/\/baubauwall.com\/et\/toode\/triibuline-tapeet-koverjooned\/#primaryimage\"},\"thumbnailUrl\":\"https:\/\/baubauwall.com\/wp-content\/uploads\/2024\/11\/CurvedStripes_Baubauwall_Wallpapers_room_51100514-8.jpg\",\"datePublished\":\"2025-11-07T00:45:18+00:00\",\"dateModified\":\"2025-11-07T09:31:17+00:00\",\"description\":\"Otsid \\\"triibulised tapeedid\\\", aga vastuseks on liiga ranged triibulised? Siin on mahedates toonides triibuline tapeet \u2013 modernne tapeet. Fliistapeet.\",\"breadcrumb\":{\"@id\":\"https:\/\/baubauwall.com\/et\/toode\/triibuline-tapeet-koverjooned\/#breadcrumb\"},\"inLanguage\":\"et\",\"potentialAction\":[{\"@type\":\"ReadAction\",\"target\":[\"https:\/\/baubauwall.com\/et\/toode\/triibuline-tapeet-koverjooned\/\"]}]},{\"@type\":\"ImageObject\",\"inLanguage\":\"et\",\"@id\":\"https:\/\/baubauwall.com\/et\/toode\/triibuline-tapeet-koverjooned\/#primaryimage\",\"url\":\"https:\/\/baubauwall.com\/wp-content\/uploads\/2024\/11\/CurvedStripes_Baubauwall_Wallpapers_room_51100514-8.jpg\",\"contentUrl\":\"https:\/\/baubauwall.com\/wp-content\/uploads\/2024\/11\/CurvedStripes_Baubauwall_Wallpapers_room_51100514-8.jpg\",\"width\":2400,\"height\":1600,\"caption\":\"Classic striped wallpaper with thicker, wavy stripes. Wallpaper in repeat pattern for dining room, kids area or own bedroom. Baubauwall Wallpapers & Designer Murals\"},{\"@type\":\"BreadcrumbList\",\"@id\":\"https:\/\/baubauwall.com\/et\/toode\/triibuline-tapeet-koverjooned\/#breadcrumb\",\"itemListElement\":[{\"@type\":\"ListItem\",\"position\":1,\"name\":\"Koju\",\"item\":\"https:\/\/baubauwall.com\/et\/\"},{\"@type\":\"ListItem\",\"position\":2,\"name\":\"Tapeedid\",\"item\":\"https:\/\/baubauwall.com\/et\/tapeedid\/\"},{\"@type\":\"ListItem\",\"position\":3,\"name\":\"K\u00f5verjooned\"}]},{\"@type\":\"WebSite\",\"@id\":\"https:\/\/baubauwall.com\/et\/#website\",\"url\":\"https:\/\/baubauwall.com\/et\/\",\"name\":\"BAUBAUWALL Wallpapers\",\"description\":\"Valmis paanides tapeet Eestist!\",\"publisher\":{\"@id\":\"https:\/\/baubauwall.com\/et\/#organization\"},\"potentialAction\":[{\"@type\":\"SearchAction\",\"target\":{\"@type\":\"EntryPoint\",\"urlTemplate\":\"https:\/\/baubauwall.com\/et\/?s={search_term_string}\"},\"query-input\":{\"@type\":\"PropertyValueSpecification\",\"valueRequired\":true,\"valueName\":\"search_term_string\"}}],\"inLanguage\":\"et\"},{\"@type\":\"Organization\",\"@id\":\"https:\/\/baubauwall.com\/et\/#organization\",\"name\":\"BAUBAUWALL Wallpapers\",\"url\":\"https:\/\/baubauwall.com\/et\/\",\"logo\":{\"@type\":\"ImageObject\",\"inLanguage\":\"et\",\"@id\":\"https:\/\/baubauwall.com\/et\/#\/schema\/logo\/image\/\",\"url\":\"https:\/\/baubauwall.com\/wp-content\/uploads\/2022\/03\/logo-horizontal.svg\",\"contentUrl\":\"https:\/\/baubauwall.com\/wp-content\/uploads\/2022\/03\/logo-horizontal.svg\",\"width\":\"1024\",\"height\":\"1024\",\"caption\":\"BAUBAUWALL Wallpapers\"},\"image\":{\"@id\":\"https:\/\/baubauwall.com\/et\/#\/schema\/logo\/image\/\"},\"sameAs\":[\"https:\/\/www.facebook.com\/Baubauwall\",\"https:\/\/www.instagram.com\/baubauwall\"]}]}<\/script>\n<!-- \/ Yoast SEO plugin. -->","yoast_head_json":{"title":"Triibulised tapeedid - vimkaga | K\u00f5verjooned - BAUBAUWALL TAPEEDID","description":"Otsid \"triibulised tapeedid\", aga vastuseks on liiga ranged triibulised? Siin on mahedates toonides triibuline tapeet \u2013 modernne tapeet. Fliistapeet.","robots":{"index":"index","follow":"follow","max-snippet":"max-snippet:-1","max-image-preview":"max-image-preview:large","max-video-preview":"max-video-preview:-1"},"canonical":"https:\/\/baubauwall.com\/et\/toode\/triibuline-tapeet-koverjooned\/","og_locale":"et_EE","og_type":"article","og_title":"BAUBAUWALL TAPEEDID","og_description":"Otsid \"triibulised tapeedid\", aga vastuseks on liiga ranged triibulised? Siin on mahedates toonides triibuline tapeet \u2013 modernne tapeet. Fliistapeet.","og_url":"https:\/\/baubauwall.com\/et\/toode\/triibuline-tapeet-koverjooned\/","og_site_name":"BAUBAUWALL TAPEEDID","article_publisher":"https:\/\/www.facebook.com\/Baubauwall","article_modified_time":"2025-11-07T09:31:17+00:00","og_image":[{"width":2400,"height":1600,"url":"https:\/\/baubauwall.com\/wp-content\/uploads\/2024\/11\/CurvedStripes_Baubauwall_Wallpapers_room_51100514-8.jpg","type":"image\/jpeg"}],"twitter_card":"summary_large_image","twitter_misc":{"Est. reading time":"1 minut"},"schema":{"@context":"https:\/\/schema.org","@graph":[{"@type":"WebPage","@id":"https:\/\/baubauwall.com\/et\/toode\/triibuline-tapeet-koverjooned\/","url":"https:\/\/baubauwall.com\/et\/toode\/triibuline-tapeet-koverjooned\/","name":"Triibulised tapeedid - vimkaga | K\u00f5verjooned - BAUBAUWALL TAPEEDID","isPartOf":{"@id":"https:\/\/baubauwall.com\/et\/#website"},"primaryImageOfPage":{"@id":"https:\/\/baubauwall.com\/et\/toode\/triibuline-tapeet-koverjooned\/#primaryimage"},"image":{"@id":"https:\/\/baubauwall.com\/et\/toode\/triibuline-tapeet-koverjooned\/#primaryimage"},"thumbnailUrl":"https:\/\/baubauwall.com\/wp-content\/uploads\/2024\/11\/CurvedStripes_Baubauwall_Wallpapers_room_51100514-8.jpg","datePublished":"2025-11-07T00:45:18+00:00","dateModified":"2025-11-07T09:31:17+00:00","description":"Otsid \"triibulised tapeedid\", aga vastuseks on liiga ranged triibulised? Siin on mahedates toonides triibuline tapeet \u2013 modernne tapeet. Fliistapeet.","breadcrumb":{"@id":"https:\/\/baubauwall.com\/et\/toode\/triibuline-tapeet-koverjooned\/#breadcrumb"},"inLanguage":"et","potentialAction":[{"@type":"ReadAction","target":["https:\/\/baubauwall.com\/et\/toode\/triibuline-tapeet-koverjooned\/"]}]},{"@type":"ImageObject","inLanguage":"et","@id":"https:\/\/baubauwall.com\/et\/toode\/triibuline-tapeet-koverjooned\/#primaryimage","url":"https:\/\/baubauwall.com\/wp-content\/uploads\/2024\/11\/CurvedStripes_Baubauwall_Wallpapers_room_51100514-8.jpg","contentUrl":"https:\/\/baubauwall.com\/wp-content\/uploads\/2024\/11\/CurvedStripes_Baubauwall_Wallpapers_room_51100514-8.jpg","width":2400,"height":1600,"caption":"Classic striped wallpaper with thicker, wavy stripes. Wallpaper in repeat pattern for dining room, kids area or own bedroom. Baubauwall Wallpapers & Designer Murals"},{"@type":"BreadcrumbList","@id":"https:\/\/baubauwall.com\/et\/toode\/triibuline-tapeet-koverjooned\/#breadcrumb","itemListElement":[{"@type":"ListItem","position":1,"name":"Koju","item":"https:\/\/baubauwall.com\/et\/"},{"@type":"ListItem","position":2,"name":"Tapeedid","item":"https:\/\/baubauwall.com\/et\/tapeedid\/"},{"@type":"ListItem","position":3,"name":"K\u00f5verjooned"}]},{"@type":"WebSite","@id":"https:\/\/baubauwall.com\/et\/#website","url":"https:\/\/baubauwall.com\/et\/","name":"BAUBAUWALL Wallpapers","description":"Valmis paanides tapeet Eestist!","publisher":{"@id":"https:\/\/baubauwall.com\/et\/#organization"},"potentialAction":[{"@type":"SearchAction","target":{"@type":"EntryPoint","urlTemplate":"https:\/\/baubauwall.com\/et\/?s={search_term_string}"},"query-input":{"@type":"PropertyValueSpecification","valueRequired":true,"valueName":"search_term_string"}}],"inLanguage":"et"},{"@type":"Organization","@id":"https:\/\/baubauwall.com\/et\/#organization","name":"BAUBAUWALL Wallpapers","url":"https:\/\/baubauwall.com\/et\/","logo":{"@type":"ImageObject","inLanguage":"et","@id":"https:\/\/baubauwall.com\/et\/#\/schema\/logo\/image\/","url":"https:\/\/baubauwall.com\/wp-content\/uploads\/2022\/03\/logo-horizontal.svg","contentUrl":"https:\/\/baubauwall.com\/wp-content\/uploads\/2022\/03\/logo-horizontal.svg","width":"1024","height":"1024","caption":"BAUBAUWALL Wallpapers"},"image":{"@id":"https:\/\/baubauwall.com\/et\/#\/schema\/logo\/image\/"},"sameAs":["https:\/\/www.facebook.com\/Baubauwall","https:\/\/www.instagram.com\/baubauwall"]}]}},"jetpack_sharing_enabled":true,"_links":{"self":[{"href":"https:\/\/baubauwall.com\/et\/wp-json\/wp\/v2\/product\/45838","targetHints":{"allow":["GET"]}}],"collection":[{"href":"https:\/\/baubauwall.com\/et\/wp-json\/wp\/v2\/product"}],"about":[{"href":"https:\/\/baubauwall.com\/et\/wp-json\/wp\/v2\/types\/product"}],"replies":[{"embeddable":true,"href":"https:\/\/baubauwall.com\/et\/wp-json\/wp\/v2\/comments?post=45838"}],"wp:featuredmedia":[{"embeddable":true,"href":"https:\/\/baubauwall.com\/et\/wp-json\/wp\/v2\/media\/45847"}],"wp:attachment":[{"href":"https:\/\/baubauwall.com\/et\/wp-json\/wp\/v2\/media?parent=45838"}],"wp:term":[{"taxonomy":"product_brand","embeddable":true,"href":"https:\/\/baubauwall.com\/et\/wp-json\/wp\/v2\/product_brand?post=45838"},{"taxonomy":"product_cat","embeddable":true,"href":"https:\/\/baubauwall.com\/et\/wp-json\/wp\/v2\/product_cat?post=45838"},{"taxonomy":"product_tag","embeddable":true,"href":"https:\/\/baubauwall.com\/et\/wp-json\/wp\/v2\/product_tag?post=45838"}],"curies":[{"name":"wp","href":"https:\/\/api.w.org\/{rel}","templated":true}]}}