{"id":45909,"date":"2025-11-10T13:45:20","date_gmt":"2025-11-10T11:45:20","guid":{"rendered":"https:\/\/baubauwall.com\/?post_type=product&#038;p=45909"},"modified":"2025-11-10T14:02:55","modified_gmt":"2025-11-10T12:02:55","slug":"lastetoa-tapeet-metsapesad-vintage-beez","status":"publish","type":"product","link":"https:\/\/baubauwall.com\/et\/toode\/lastetoa-tapeet-metsapesad-vintage-beez\/","title":{"rendered":"Lastetoa tapeet Metsapesad &#8211; vintage bee\u017e"},"content":{"rendered":"<p>Soe, rahulik ja m\u00e4nguline pilttapeet lastetoa seinale.\u00a0<br data-start=\"62\" data-end=\"65\" \/>Bee\u017eil taustal vudivad armsad metsaelanikud ja tammeokste vahel magavad rebasepoeg ja j\u00e4nes! Pilttapeet mahedad v\u00e4rvid teevad sellest disainist hea valiku nii beebitoa kui ka jagatud \u00f5dede-vendade ruumi seinale.<\/p>\n<p>T\u00f6\u00f6tab imeh\u00e4sti heleda m\u00f6\u00f6bli ja naturaalsete puittoonidega. Lisa rohelist v\u00f5i valget tooni tekstiile, korvpunutisi ja puitma\u0308nguasju \u2013 pilttapeet ise jutustab juba ise loo, seega muud seinalisad v\u00f5ivad j\u00e4\u00e4da minimaalseks.<\/p>\n<p><strong>Miks see pilttapeet v\u00f5iks Sulle meeldida?<\/strong><\/p>\n<ul>\n<li>Pilttapeet just lastetoa seinale, Sknadinaavia stiilis<\/li>\n<li>Eesti ettev\u00f5te<\/li>\n<li>Tr\u00fckime tapeedi t\u00e4pselt Sinu seina m\u00f5\u00f5dus<\/li>\n<li>Premium, matt fliistapeedi materjal, 100% taaskasutatud kiust<\/li>\n<li>M\u00fcrgivabad tr\u00fckiv\u00e4rvid,\u00a0<em>Greenguard<\/em>\u00a0sertifitseeritud<\/li>\n<li>Keskkonnas\u00f5bralik, j\u00e4\u00e4tmevaba tapeetimine<\/li>\n<li>Kaasa tasuta tapeediliim<\/li>\n<li>Tasuta transport ja kiire tarne 3-5 t\u00f6\u00f6p\u00e4evaga<\/li>\n<\/ul>\n<p>Loe l\u00e4hemalt nutikatest, eritellimust\u00f6\u00f6na valmivatest tapeetidest\u00a0<a href=\"https:\/\/baubauwall.com\/et\/keskkonnasobralikud-tapeedid\/\">siit.<\/a><\/p>\n","protected":false},"excerpt":{"rendered":"<p>Soe, rahulik ja m\u00e4nguline pilttapeet lastetoa seinale.\u00a0Bee\u017eil taustal vudivad armsad metsaelanikud ja tammeokste vahel magavad rebasepoeg ja j\u00e4nes! Pilttapeet mahedad v\u00e4rvid teevad sellest disainist hea valiku nii beebitoa kui ka jagatud \u00f5dede-vendade ruumi seinale. T\u00f6\u00f6tab imeh\u00e4sti heleda m\u00f6\u00f6bli ja naturaalsete puittoonidega. Lisa rohelist v\u00f5i valget tooni tekstiile, korvpunutisi ja puitma\u0308nguasju \u2013 pilttapeet ise jutustab juba [&hellip;]<\/p>\n","protected":false},"featured_media":45916,"comment_status":"open","ping_status":"closed","template":"","meta":{"_acf_changed":false,"inline_featured_image":false},"product_brand":[],"product_cat":[629,387,406,396,388,265,400,248,255],"product_tag":[631,345,308,724,324],"class_list":{"0":"post-45909","1":"product","2":"type-product","3":"status-publish","4":"has-post-thumbnail","6":"product_cat-kikki-belle-tapeedid","7":"product_cat-pilttapeedid","8":"product_cat-klassika","9":"product_cat-skandinaavia","10":"product_cat-vintage-et","11":"product_cat-beezid-tapeedid","12":"product_cat-lastetoa-tapeedid","13":"product_cat-mets","14":"product_cat-loomad","15":"product_tag-kikki-belle-et","16":"product_tag-pilttapeet","17":"product_tag-poiste-tuba","18":"product_tag-sooneutraalsed-varvid-et","19":"product_tag-tudruku-tuba","21":"first","22":"instock","23":"taxable","24":"shipping-taxable","25":"purchasable","26":"product-type-simple"},"acf":[],"yoast_head":"<!-- This site is optimized with the Yoast SEO plugin v25.9 - https:\/\/yoast.com\/wordpress\/plugins\/seo\/ -->\n<title>Pilttapeet lastetoa seinale | Metsapesad - tapeet lastele<\/title>\n<meta name=\"description\" content=\"Pilttapeet just lastetoa seinale - bee\u017eil taustal armsad metsloomad, kes omas pesas, kes ringi h\u00fcppamas. Ilus pilttapeet nii poistele kui t\u00fcdrukutele.\" \/>\n<meta name=\"robots\" content=\"index, follow, max-snippet:-1, max-image-preview:large, max-video-preview:-1\" \/>\n<link rel=\"canonical\" href=\"https:\/\/baubauwall.com\/et\/toode\/lastetoa-tapeet-metsapesad-vintage-beez\/\" \/>\n<meta property=\"og:locale\" content=\"et_EE\" \/>\n<meta property=\"og:type\" content=\"article\" \/>\n<meta property=\"og:title\" content=\"BAUBAUWALL TAPEEDID\" \/>\n<meta property=\"og:description\" content=\"Pilttapeet just lastetoa seinale - bee\u017eil taustal armsad metsloomad, kes omas pesas, kes ringi h\u00fcppamas. Ilus pilttapeet nii poistele kui t\u00fcdrukutele.\" \/>\n<meta property=\"og:url\" content=\"https:\/\/baubauwall.com\/et\/toode\/lastetoa-tapeet-metsapesad-vintage-beez\/\" \/>\n<meta property=\"og:site_name\" content=\"BAUBAUWALL TAPEEDID\" \/>\n<meta property=\"article:publisher\" content=\"https:\/\/www.facebook.com\/Baubauwall\" \/>\n<meta property=\"article:modified_time\" content=\"2025-11-10T12:02:55+00:00\" \/>\n<meta property=\"og:image\" content=\"https:\/\/baubauwall.com\/wp-content\/uploads\/2025\/11\/Playful_Woods_Vintage_Beige_Preview_Baubauwall_Mural_Wallpapers_51200512-2.jpg\" \/>\n\t<meta property=\"og:image:width\" content=\"2400\" \/>\n\t<meta property=\"og:image:height\" content=\"1600\" \/>\n\t<meta property=\"og:image:type\" content=\"image\/jpeg\" \/>\n<meta name=\"twitter:card\" content=\"summary_large_image\" \/>\n<meta name=\"twitter:label1\" content=\"Est. reading time\" \/>\n\t<meta name=\"twitter:data1\" content=\"1 minut\" \/>\n<script type=\"application\/ld+json\" class=\"yoast-schema-graph\">{\"@context\":\"https:\/\/schema.org\",\"@graph\":[{\"@type\":\"WebPage\",\"@id\":\"https:\/\/baubauwall.com\/et\/toode\/lastetoa-tapeet-metsapesad-vintage-beez\/\",\"url\":\"https:\/\/baubauwall.com\/et\/toode\/lastetoa-tapeet-metsapesad-vintage-beez\/\",\"name\":\"Pilttapeet lastetoa seinale | Metsapesad - tapeet lastele\",\"isPartOf\":{\"@id\":\"https:\/\/baubauwall.com\/et\/#website\"},\"primaryImageOfPage\":{\"@id\":\"https:\/\/baubauwall.com\/et\/toode\/lastetoa-tapeet-metsapesad-vintage-beez\/#primaryimage\"},\"image\":{\"@id\":\"https:\/\/baubauwall.com\/et\/toode\/lastetoa-tapeet-metsapesad-vintage-beez\/#primaryimage\"},\"thumbnailUrl\":\"https:\/\/baubauwall.com\/wp-content\/uploads\/2025\/11\/Playful_Woods_Vintage_Beige_Preview_Baubauwall_Mural_Wallpapers_51200512-3.jpg\",\"datePublished\":\"2025-11-10T11:45:20+00:00\",\"dateModified\":\"2025-11-10T12:02:55+00:00\",\"description\":\"Pilttapeet just lastetoa seinale - bee\u017eil taustal armsad metsloomad, kes omas pesas, kes ringi h\u00fcppamas. Ilus pilttapeet nii poistele kui t\u00fcdrukutele.\",\"breadcrumb\":{\"@id\":\"https:\/\/baubauwall.com\/et\/toode\/lastetoa-tapeet-metsapesad-vintage-beez\/#breadcrumb\"},\"inLanguage\":\"et\",\"potentialAction\":[{\"@type\":\"ReadAction\",\"target\":[\"https:\/\/baubauwall.com\/et\/toode\/lastetoa-tapeet-metsapesad-vintage-beez\/\"]}]},{\"@type\":\"ImageObject\",\"inLanguage\":\"et\",\"@id\":\"https:\/\/baubauwall.com\/et\/toode\/lastetoa-tapeet-metsapesad-vintage-beez\/#primaryimage\",\"url\":\"https:\/\/baubauwall.com\/wp-content\/uploads\/2025\/11\/Playful_Woods_Vintage_Beige_Preview_Baubauwall_Mural_Wallpapers_51200512-3.jpg\",\"contentUrl\":\"https:\/\/baubauwall.com\/wp-content\/uploads\/2025\/11\/Playful_Woods_Vintage_Beige_Preview_Baubauwall_Mural_Wallpapers_51200512-3.jpg\",\"width\":2400,\"height\":1600,\"caption\":\"Mural wallpaper for girls room. Designer Wallpapers and Murals by Baubauwall\"},{\"@type\":\"BreadcrumbList\",\"@id\":\"https:\/\/baubauwall.com\/et\/toode\/lastetoa-tapeet-metsapesad-vintage-beez\/#breadcrumb\",\"itemListElement\":[{\"@type\":\"ListItem\",\"position\":1,\"name\":\"Koju\",\"item\":\"https:\/\/baubauwall.com\/et\/\"},{\"@type\":\"ListItem\",\"position\":2,\"name\":\"Tapeedid\",\"item\":\"https:\/\/baubauwall.com\/et\/tapeedid\/\"},{\"@type\":\"ListItem\",\"position\":3,\"name\":\"Lastetoa tapeet Metsapesad &#8211; vintage bee\u017e\"}]},{\"@type\":\"WebSite\",\"@id\":\"https:\/\/baubauwall.com\/et\/#website\",\"url\":\"https:\/\/baubauwall.com\/et\/\",\"name\":\"BAUBAUWALL Wallpapers\",\"description\":\"Valmis paanides tapeet Eestist!\",\"publisher\":{\"@id\":\"https:\/\/baubauwall.com\/et\/#organization\"},\"potentialAction\":[{\"@type\":\"SearchAction\",\"target\":{\"@type\":\"EntryPoint\",\"urlTemplate\":\"https:\/\/baubauwall.com\/et\/?s={search_term_string}\"},\"query-input\":{\"@type\":\"PropertyValueSpecification\",\"valueRequired\":true,\"valueName\":\"search_term_string\"}}],\"inLanguage\":\"et\"},{\"@type\":\"Organization\",\"@id\":\"https:\/\/baubauwall.com\/et\/#organization\",\"name\":\"BAUBAUWALL Wallpapers\",\"url\":\"https:\/\/baubauwall.com\/et\/\",\"logo\":{\"@type\":\"ImageObject\",\"inLanguage\":\"et\",\"@id\":\"https:\/\/baubauwall.com\/et\/#\/schema\/logo\/image\/\",\"url\":\"https:\/\/baubauwall.com\/wp-content\/uploads\/2022\/03\/logo-horizontal.svg\",\"contentUrl\":\"https:\/\/baubauwall.com\/wp-content\/uploads\/2022\/03\/logo-horizontal.svg\",\"width\":\"1024\",\"height\":\"1024\",\"caption\":\"BAUBAUWALL Wallpapers\"},\"image\":{\"@id\":\"https:\/\/baubauwall.com\/et\/#\/schema\/logo\/image\/\"},\"sameAs\":[\"https:\/\/www.facebook.com\/Baubauwall\",\"https:\/\/www.instagram.com\/baubauwall\"]}]}<\/script>\n<!-- \/ Yoast SEO plugin. -->","yoast_head_json":{"title":"Pilttapeet lastetoa seinale | Metsapesad - tapeet lastele","description":"Pilttapeet just lastetoa seinale - bee\u017eil taustal armsad metsloomad, kes omas pesas, kes ringi h\u00fcppamas. Ilus pilttapeet nii poistele kui t\u00fcdrukutele.","robots":{"index":"index","follow":"follow","max-snippet":"max-snippet:-1","max-image-preview":"max-image-preview:large","max-video-preview":"max-video-preview:-1"},"canonical":"https:\/\/baubauwall.com\/et\/toode\/lastetoa-tapeet-metsapesad-vintage-beez\/","og_locale":"et_EE","og_type":"article","og_title":"BAUBAUWALL TAPEEDID","og_description":"Pilttapeet just lastetoa seinale - bee\u017eil taustal armsad metsloomad, kes omas pesas, kes ringi h\u00fcppamas. Ilus pilttapeet nii poistele kui t\u00fcdrukutele.","og_url":"https:\/\/baubauwall.com\/et\/toode\/lastetoa-tapeet-metsapesad-vintage-beez\/","og_site_name":"BAUBAUWALL TAPEEDID","article_publisher":"https:\/\/www.facebook.com\/Baubauwall","article_modified_time":"2025-11-10T12:02:55+00:00","og_image":[{"width":2400,"height":1600,"url":"https:\/\/baubauwall.com\/wp-content\/uploads\/2025\/11\/Playful_Woods_Vintage_Beige_Preview_Baubauwall_Mural_Wallpapers_51200512-2.jpg","type":"image\/jpeg"}],"twitter_card":"summary_large_image","twitter_misc":{"Est. reading time":"1 minut"},"schema":{"@context":"https:\/\/schema.org","@graph":[{"@type":"WebPage","@id":"https:\/\/baubauwall.com\/et\/toode\/lastetoa-tapeet-metsapesad-vintage-beez\/","url":"https:\/\/baubauwall.com\/et\/toode\/lastetoa-tapeet-metsapesad-vintage-beez\/","name":"Pilttapeet lastetoa seinale | Metsapesad - tapeet lastele","isPartOf":{"@id":"https:\/\/baubauwall.com\/et\/#website"},"primaryImageOfPage":{"@id":"https:\/\/baubauwall.com\/et\/toode\/lastetoa-tapeet-metsapesad-vintage-beez\/#primaryimage"},"image":{"@id":"https:\/\/baubauwall.com\/et\/toode\/lastetoa-tapeet-metsapesad-vintage-beez\/#primaryimage"},"thumbnailUrl":"https:\/\/baubauwall.com\/wp-content\/uploads\/2025\/11\/Playful_Woods_Vintage_Beige_Preview_Baubauwall_Mural_Wallpapers_51200512-3.jpg","datePublished":"2025-11-10T11:45:20+00:00","dateModified":"2025-11-10T12:02:55+00:00","description":"Pilttapeet just lastetoa seinale - bee\u017eil taustal armsad metsloomad, kes omas pesas, kes ringi h\u00fcppamas. Ilus pilttapeet nii poistele kui t\u00fcdrukutele.","breadcrumb":{"@id":"https:\/\/baubauwall.com\/et\/toode\/lastetoa-tapeet-metsapesad-vintage-beez\/#breadcrumb"},"inLanguage":"et","potentialAction":[{"@type":"ReadAction","target":["https:\/\/baubauwall.com\/et\/toode\/lastetoa-tapeet-metsapesad-vintage-beez\/"]}]},{"@type":"ImageObject","inLanguage":"et","@id":"https:\/\/baubauwall.com\/et\/toode\/lastetoa-tapeet-metsapesad-vintage-beez\/#primaryimage","url":"https:\/\/baubauwall.com\/wp-content\/uploads\/2025\/11\/Playful_Woods_Vintage_Beige_Preview_Baubauwall_Mural_Wallpapers_51200512-3.jpg","contentUrl":"https:\/\/baubauwall.com\/wp-content\/uploads\/2025\/11\/Playful_Woods_Vintage_Beige_Preview_Baubauwall_Mural_Wallpapers_51200512-3.jpg","width":2400,"height":1600,"caption":"Mural wallpaper for girls room. Designer Wallpapers and Murals by Baubauwall"},{"@type":"BreadcrumbList","@id":"https:\/\/baubauwall.com\/et\/toode\/lastetoa-tapeet-metsapesad-vintage-beez\/#breadcrumb","itemListElement":[{"@type":"ListItem","position":1,"name":"Koju","item":"https:\/\/baubauwall.com\/et\/"},{"@type":"ListItem","position":2,"name":"Tapeedid","item":"https:\/\/baubauwall.com\/et\/tapeedid\/"},{"@type":"ListItem","position":3,"name":"Lastetoa tapeet Metsapesad &#8211; vintage bee\u017e"}]},{"@type":"WebSite","@id":"https:\/\/baubauwall.com\/et\/#website","url":"https:\/\/baubauwall.com\/et\/","name":"BAUBAUWALL Wallpapers","description":"Valmis paanides tapeet Eestist!","publisher":{"@id":"https:\/\/baubauwall.com\/et\/#organization"},"potentialAction":[{"@type":"SearchAction","target":{"@type":"EntryPoint","urlTemplate":"https:\/\/baubauwall.com\/et\/?s={search_term_string}"},"query-input":{"@type":"PropertyValueSpecification","valueRequired":true,"valueName":"search_term_string"}}],"inLanguage":"et"},{"@type":"Organization","@id":"https:\/\/baubauwall.com\/et\/#organization","name":"BAUBAUWALL Wallpapers","url":"https:\/\/baubauwall.com\/et\/","logo":{"@type":"ImageObject","inLanguage":"et","@id":"https:\/\/baubauwall.com\/et\/#\/schema\/logo\/image\/","url":"https:\/\/baubauwall.com\/wp-content\/uploads\/2022\/03\/logo-horizontal.svg","contentUrl":"https:\/\/baubauwall.com\/wp-content\/uploads\/2022\/03\/logo-horizontal.svg","width":"1024","height":"1024","caption":"BAUBAUWALL Wallpapers"},"image":{"@id":"https:\/\/baubauwall.com\/et\/#\/schema\/logo\/image\/"},"sameAs":["https:\/\/www.facebook.com\/Baubauwall","https:\/\/www.instagram.com\/baubauwall"]}]}},"jetpack_sharing_enabled":true,"_links":{"self":[{"href":"https:\/\/baubauwall.com\/et\/wp-json\/wp\/v2\/product\/45909","targetHints":{"allow":["GET"]}}],"collection":[{"href":"https:\/\/baubauwall.com\/et\/wp-json\/wp\/v2\/product"}],"about":[{"href":"https:\/\/baubauwall.com\/et\/wp-json\/wp\/v2\/types\/product"}],"replies":[{"embeddable":true,"href":"https:\/\/baubauwall.com\/et\/wp-json\/wp\/v2\/comments?post=45909"}],"wp:featuredmedia":[{"embeddable":true,"href":"https:\/\/baubauwall.com\/et\/wp-json\/wp\/v2\/media\/45916"}],"wp:attachment":[{"href":"https:\/\/baubauwall.com\/et\/wp-json\/wp\/v2\/media?parent=45909"}],"wp:term":[{"taxonomy":"product_brand","embeddable":true,"href":"https:\/\/baubauwall.com\/et\/wp-json\/wp\/v2\/product_brand?post=45909"},{"taxonomy":"product_cat","embeddable":true,"href":"https:\/\/baubauwall.com\/et\/wp-json\/wp\/v2\/product_cat?post=45909"},{"taxonomy":"product_tag","embeddable":true,"href":"https:\/\/baubauwall.com\/et\/wp-json\/wp\/v2\/product_tag?post=45909"}],"curies":[{"name":"wp","href":"https:\/\/api.w.org\/{rel}","templated":true}]}}