{"id":45938,"date":"2025-11-10T14:30:02","date_gmt":"2025-11-10T12:30:02","guid":{"rendered":"https:\/\/baubauwall.com\/?post_type=product&#038;p=45938"},"modified":"2025-11-10T14:51:54","modified_gmt":"2025-11-10T12:51:54","slug":"lastetoa-tapeet-metsapesad-vintage-valge","status":"publish","type":"product","link":"https:\/\/baubauwall.com\/et\/toode\/lastetoa-tapeet-metsapesad-vintage-valge\/","title":{"rendered":"Lastetoa tapeet Metsapesad &#8211; vintage valge"},"content":{"rendered":"<p>Kui laps k\u00fcsib: \u201cKas metsas loomad magavad ka?\u201d, siis see vintage stiilis tapeet vastab: jah, rebane teeb uinakut ja orav pistab salaja t\u00f5ru p\u00f5ske. Valgel taustal looklevad tammeoksad, lehtede vahel piiluvad linnud, teod ja v\u00e4ikesed seened \u2013 just nii nagu vanas pildiraamatus. Rahulikud toonid hoiavad toa \u00f5dusa, aga muster jutustab iga p\u00e4ev uue loo. See vintage stiili tapeet armastab naturaalset puitu, valgeid voodeid ja palmikmustris korve. Lisa linaseid tekstiile, vaigista \u00fclej\u00e4\u00e4nud seinad ning j\u00e4ta riiulitele paar lemmikraamatut \u2013 pilttapeet on toas peamine jutustaja.<\/p>\n<p><strong>Miks see pilttapeet v\u00f5iks Sulle meeldida?<\/strong><\/p>\n<ul>\n<li>Romantiline tapeet lastetuppa, Sknadinaavia stiilis<\/li>\n<li>Eesti ettev\u00f5te<\/li>\n<li>Tr\u00fckime tapeedi t\u00e4pselt Sinu seina m\u00f5\u00f5dus<\/li>\n<li>Premium, matt fliistapeedi materjal, 100% taaskasutatud kiust<\/li>\n<li>M\u00fcrgivabad tr\u00fckiv\u00e4rvid,\u00a0<em>Greenguard<\/em>\u00a0sertifitseeritud<\/li>\n<li>Keskkonnas\u00f5bralik, j\u00e4\u00e4tmevaba tapeetimine<\/li>\n<li>Kaasa tasuta tapeediliim<\/li>\n<li>Tasuta transport ja kiire tarne 3-5 t\u00f6\u00f6p\u00e4evaga<\/li>\n<\/ul>\n<p>Loe l\u00e4hemalt nutikatest, eritellimust\u00f6\u00f6na valmivatest tapeetidest\u00a0<a href=\"https:\/\/baubauwall.com\/et\/keskkonnasobralikud-tapeedid\/\">siit.<\/a><\/p>\n","protected":false},"excerpt":{"rendered":"<p>Kui laps k\u00fcsib: \u201cKas metsas loomad magavad ka?\u201d, siis see vintage stiilis tapeet vastab: jah, rebane teeb uinakut ja orav pistab salaja t\u00f5ru p\u00f5ske. Valgel taustal looklevad tammeoksad, lehtede vahel piiluvad linnud, teod ja v\u00e4ikesed seened \u2013 just nii nagu vanas pildiraamatus. Rahulikud toonid hoiavad toa \u00f5dusa, aga muster jutustab iga p\u00e4ev uue loo. See [&hellip;]<\/p>\n","protected":false},"featured_media":45945,"comment_status":"open","ping_status":"closed","template":"","meta":{"_acf_changed":false,"inline_featured_image":false},"product_brand":[],"product_cat":[629,387,406,265,271,400,248],"product_tag":[631,345,724],"class_list":{"0":"post-45938","1":"product","2":"type-product","3":"status-publish","4":"has-post-thumbnail","6":"product_cat-kikki-belle-tapeedid","7":"product_cat-pilttapeedid","8":"product_cat-klassika","9":"product_cat-beezid-tapeedid","10":"product_cat-rohelised-tapeedid","11":"product_cat-lastetoa-tapeedid","12":"product_cat-mets","13":"product_tag-kikki-belle-et","14":"product_tag-pilttapeet","15":"product_tag-sooneutraalsed-varvid-et","17":"first","18":"instock","19":"taxable","20":"shipping-taxable","21":"purchasable","22":"product-type-simple"},"acf":[],"yoast_head":"<!-- This site is optimized with the Yoast SEO plugin v25.9 - https:\/\/yoast.com\/wordpress\/plugins\/seo\/ -->\n<title>Vintage stiili tapeet | Lastetoa tapeet Metsapesad - vintage valge - BAUBAUWALL TAPEEDID<\/title>\n<meta name=\"description\" content=\"Vintage stiili tapeet lastetuppa - valgel taustal armsad metsloomad, kes omas pesas, kes ringi h\u00fcppamas. Ilus pilttapeet nii poistele kui t\u00fcdrukutele.\" \/>\n<meta name=\"robots\" content=\"index, follow, max-snippet:-1, max-image-preview:large, max-video-preview:-1\" \/>\n<link rel=\"canonical\" href=\"https:\/\/baubauwall.com\/et\/toode\/lastetoa-tapeet-metsapesad-vintage-valge\/\" \/>\n<meta property=\"og:locale\" content=\"et_EE\" \/>\n<meta property=\"og:type\" content=\"article\" \/>\n<meta property=\"og:title\" content=\"BAUBAUWALL TAPEEDID\" \/>\n<meta property=\"og:description\" content=\"Vintage stiili tapeet lastetuppa - valgel taustal armsad metsloomad, kes omas pesas, kes ringi h\u00fcppamas. Ilus pilttapeet nii poistele kui t\u00fcdrukutele.\" \/>\n<meta property=\"og:url\" content=\"https:\/\/baubauwall.com\/et\/toode\/lastetoa-tapeet-metsapesad-vintage-valge\/\" \/>\n<meta property=\"og:site_name\" content=\"BAUBAUWALL TAPEEDID\" \/>\n<meta property=\"article:publisher\" content=\"https:\/\/www.facebook.com\/Baubauwall\" \/>\n<meta property=\"article:modified_time\" content=\"2025-11-10T12:51:54+00:00\" \/>\n<meta property=\"og:image\" content=\"https:\/\/baubauwall.com\/wp-content\/uploads\/2025\/11\/Playful_Woods_Vintage_White__Baubauwall_Kids_Room_Wallpapers_51200514-2.jpg\" \/>\n\t<meta property=\"og:image:width\" content=\"2400\" \/>\n\t<meta property=\"og:image:height\" content=\"1600\" \/>\n\t<meta property=\"og:image:type\" content=\"image\/jpeg\" \/>\n<meta name=\"twitter:card\" content=\"summary_large_image\" \/>\n<meta name=\"twitter:label1\" content=\"Est. reading time\" \/>\n\t<meta name=\"twitter:data1\" content=\"1 minut\" \/>\n<script type=\"application\/ld+json\" class=\"yoast-schema-graph\">{\"@context\":\"https:\/\/schema.org\",\"@graph\":[{\"@type\":\"WebPage\",\"@id\":\"https:\/\/baubauwall.com\/et\/toode\/lastetoa-tapeet-metsapesad-vintage-valge\/\",\"url\":\"https:\/\/baubauwall.com\/et\/toode\/lastetoa-tapeet-metsapesad-vintage-valge\/\",\"name\":\"Vintage stiili tapeet | Lastetoa tapeet Metsapesad - vintage valge - BAUBAUWALL TAPEEDID\",\"isPartOf\":{\"@id\":\"https:\/\/baubauwall.com\/et\/#website\"},\"primaryImageOfPage\":{\"@id\":\"https:\/\/baubauwall.com\/et\/toode\/lastetoa-tapeet-metsapesad-vintage-valge\/#primaryimage\"},\"image\":{\"@id\":\"https:\/\/baubauwall.com\/et\/toode\/lastetoa-tapeet-metsapesad-vintage-valge\/#primaryimage\"},\"thumbnailUrl\":\"https:\/\/baubauwall.com\/wp-content\/uploads\/2025\/11\/Playful_Woods_Vintage_White__Baubauwall_Kids_Room_Wallpapers_51200514-1.jpg\",\"datePublished\":\"2025-11-10T12:30:02+00:00\",\"dateModified\":\"2025-11-10T12:51:54+00:00\",\"description\":\"Vintage stiili tapeet lastetuppa - valgel taustal armsad metsloomad, kes omas pesas, kes ringi h\u00fcppamas. Ilus pilttapeet nii poistele kui t\u00fcdrukutele.\",\"breadcrumb\":{\"@id\":\"https:\/\/baubauwall.com\/et\/toode\/lastetoa-tapeet-metsapesad-vintage-valge\/#breadcrumb\"},\"inLanguage\":\"et\",\"potentialAction\":[{\"@type\":\"ReadAction\",\"target\":[\"https:\/\/baubauwall.com\/et\/toode\/lastetoa-tapeet-metsapesad-vintage-valge\/\"]}]},{\"@type\":\"ImageObject\",\"inLanguage\":\"et\",\"@id\":\"https:\/\/baubauwall.com\/et\/toode\/lastetoa-tapeet-metsapesad-vintage-valge\/#primaryimage\",\"url\":\"https:\/\/baubauwall.com\/wp-content\/uploads\/2025\/11\/Playful_Woods_Vintage_White__Baubauwall_Kids_Room_Wallpapers_51200514-1.jpg\",\"contentUrl\":\"https:\/\/baubauwall.com\/wp-content\/uploads\/2025\/11\/Playful_Woods_Vintage_White__Baubauwall_Kids_Room_Wallpapers_51200514-1.jpg\",\"width\":1971,\"height\":1600,\"caption\":\"Lastetota tapeedid. Hele, vintage stiilis tapeet lastetoa aktsentseinas, Baubauwall tapeedid\"},{\"@type\":\"BreadcrumbList\",\"@id\":\"https:\/\/baubauwall.com\/et\/toode\/lastetoa-tapeet-metsapesad-vintage-valge\/#breadcrumb\",\"itemListElement\":[{\"@type\":\"ListItem\",\"position\":1,\"name\":\"Koju\",\"item\":\"https:\/\/baubauwall.com\/et\/\"},{\"@type\":\"ListItem\",\"position\":2,\"name\":\"Tapeedid\",\"item\":\"https:\/\/baubauwall.com\/et\/tapeedid\/\"},{\"@type\":\"ListItem\",\"position\":3,\"name\":\"Lastetoa tapeet Metsapesad &#8211; vintage valge\"}]},{\"@type\":\"WebSite\",\"@id\":\"https:\/\/baubauwall.com\/et\/#website\",\"url\":\"https:\/\/baubauwall.com\/et\/\",\"name\":\"BAUBAUWALL Wallpapers\",\"description\":\"Valmis paanides tapeet Eestist!\",\"publisher\":{\"@id\":\"https:\/\/baubauwall.com\/et\/#organization\"},\"potentialAction\":[{\"@type\":\"SearchAction\",\"target\":{\"@type\":\"EntryPoint\",\"urlTemplate\":\"https:\/\/baubauwall.com\/et\/?s={search_term_string}\"},\"query-input\":{\"@type\":\"PropertyValueSpecification\",\"valueRequired\":true,\"valueName\":\"search_term_string\"}}],\"inLanguage\":\"et\"},{\"@type\":\"Organization\",\"@id\":\"https:\/\/baubauwall.com\/et\/#organization\",\"name\":\"BAUBAUWALL Wallpapers\",\"url\":\"https:\/\/baubauwall.com\/et\/\",\"logo\":{\"@type\":\"ImageObject\",\"inLanguage\":\"et\",\"@id\":\"https:\/\/baubauwall.com\/et\/#\/schema\/logo\/image\/\",\"url\":\"https:\/\/baubauwall.com\/wp-content\/uploads\/2022\/03\/logo-horizontal.svg\",\"contentUrl\":\"https:\/\/baubauwall.com\/wp-content\/uploads\/2022\/03\/logo-horizontal.svg\",\"width\":\"1024\",\"height\":\"1024\",\"caption\":\"BAUBAUWALL Wallpapers\"},\"image\":{\"@id\":\"https:\/\/baubauwall.com\/et\/#\/schema\/logo\/image\/\"},\"sameAs\":[\"https:\/\/www.facebook.com\/Baubauwall\",\"https:\/\/www.instagram.com\/baubauwall\"]}]}<\/script>\n<!-- \/ Yoast SEO plugin. -->","yoast_head_json":{"title":"Vintage stiili tapeet | Lastetoa tapeet Metsapesad - vintage valge - BAUBAUWALL TAPEEDID","description":"Vintage stiili tapeet lastetuppa - valgel taustal armsad metsloomad, kes omas pesas, kes ringi h\u00fcppamas. Ilus pilttapeet nii poistele kui t\u00fcdrukutele.","robots":{"index":"index","follow":"follow","max-snippet":"max-snippet:-1","max-image-preview":"max-image-preview:large","max-video-preview":"max-video-preview:-1"},"canonical":"https:\/\/baubauwall.com\/et\/toode\/lastetoa-tapeet-metsapesad-vintage-valge\/","og_locale":"et_EE","og_type":"article","og_title":"BAUBAUWALL TAPEEDID","og_description":"Vintage stiili tapeet lastetuppa - valgel taustal armsad metsloomad, kes omas pesas, kes ringi h\u00fcppamas. Ilus pilttapeet nii poistele kui t\u00fcdrukutele.","og_url":"https:\/\/baubauwall.com\/et\/toode\/lastetoa-tapeet-metsapesad-vintage-valge\/","og_site_name":"BAUBAUWALL TAPEEDID","article_publisher":"https:\/\/www.facebook.com\/Baubauwall","article_modified_time":"2025-11-10T12:51:54+00:00","og_image":[{"width":2400,"height":1600,"url":"https:\/\/baubauwall.com\/wp-content\/uploads\/2025\/11\/Playful_Woods_Vintage_White__Baubauwall_Kids_Room_Wallpapers_51200514-2.jpg","type":"image\/jpeg"}],"twitter_card":"summary_large_image","twitter_misc":{"Est. reading time":"1 minut"},"schema":{"@context":"https:\/\/schema.org","@graph":[{"@type":"WebPage","@id":"https:\/\/baubauwall.com\/et\/toode\/lastetoa-tapeet-metsapesad-vintage-valge\/","url":"https:\/\/baubauwall.com\/et\/toode\/lastetoa-tapeet-metsapesad-vintage-valge\/","name":"Vintage stiili tapeet | Lastetoa tapeet Metsapesad - vintage valge - BAUBAUWALL TAPEEDID","isPartOf":{"@id":"https:\/\/baubauwall.com\/et\/#website"},"primaryImageOfPage":{"@id":"https:\/\/baubauwall.com\/et\/toode\/lastetoa-tapeet-metsapesad-vintage-valge\/#primaryimage"},"image":{"@id":"https:\/\/baubauwall.com\/et\/toode\/lastetoa-tapeet-metsapesad-vintage-valge\/#primaryimage"},"thumbnailUrl":"https:\/\/baubauwall.com\/wp-content\/uploads\/2025\/11\/Playful_Woods_Vintage_White__Baubauwall_Kids_Room_Wallpapers_51200514-1.jpg","datePublished":"2025-11-10T12:30:02+00:00","dateModified":"2025-11-10T12:51:54+00:00","description":"Vintage stiili tapeet lastetuppa - valgel taustal armsad metsloomad, kes omas pesas, kes ringi h\u00fcppamas. Ilus pilttapeet nii poistele kui t\u00fcdrukutele.","breadcrumb":{"@id":"https:\/\/baubauwall.com\/et\/toode\/lastetoa-tapeet-metsapesad-vintage-valge\/#breadcrumb"},"inLanguage":"et","potentialAction":[{"@type":"ReadAction","target":["https:\/\/baubauwall.com\/et\/toode\/lastetoa-tapeet-metsapesad-vintage-valge\/"]}]},{"@type":"ImageObject","inLanguage":"et","@id":"https:\/\/baubauwall.com\/et\/toode\/lastetoa-tapeet-metsapesad-vintage-valge\/#primaryimage","url":"https:\/\/baubauwall.com\/wp-content\/uploads\/2025\/11\/Playful_Woods_Vintage_White__Baubauwall_Kids_Room_Wallpapers_51200514-1.jpg","contentUrl":"https:\/\/baubauwall.com\/wp-content\/uploads\/2025\/11\/Playful_Woods_Vintage_White__Baubauwall_Kids_Room_Wallpapers_51200514-1.jpg","width":1971,"height":1600,"caption":"Lastetota tapeedid. Hele, vintage stiilis tapeet lastetoa aktsentseinas, Baubauwall tapeedid"},{"@type":"BreadcrumbList","@id":"https:\/\/baubauwall.com\/et\/toode\/lastetoa-tapeet-metsapesad-vintage-valge\/#breadcrumb","itemListElement":[{"@type":"ListItem","position":1,"name":"Koju","item":"https:\/\/baubauwall.com\/et\/"},{"@type":"ListItem","position":2,"name":"Tapeedid","item":"https:\/\/baubauwall.com\/et\/tapeedid\/"},{"@type":"ListItem","position":3,"name":"Lastetoa tapeet Metsapesad &#8211; vintage valge"}]},{"@type":"WebSite","@id":"https:\/\/baubauwall.com\/et\/#website","url":"https:\/\/baubauwall.com\/et\/","name":"BAUBAUWALL Wallpapers","description":"Valmis paanides tapeet Eestist!","publisher":{"@id":"https:\/\/baubauwall.com\/et\/#organization"},"potentialAction":[{"@type":"SearchAction","target":{"@type":"EntryPoint","urlTemplate":"https:\/\/baubauwall.com\/et\/?s={search_term_string}"},"query-input":{"@type":"PropertyValueSpecification","valueRequired":true,"valueName":"search_term_string"}}],"inLanguage":"et"},{"@type":"Organization","@id":"https:\/\/baubauwall.com\/et\/#organization","name":"BAUBAUWALL Wallpapers","url":"https:\/\/baubauwall.com\/et\/","logo":{"@type":"ImageObject","inLanguage":"et","@id":"https:\/\/baubauwall.com\/et\/#\/schema\/logo\/image\/","url":"https:\/\/baubauwall.com\/wp-content\/uploads\/2022\/03\/logo-horizontal.svg","contentUrl":"https:\/\/baubauwall.com\/wp-content\/uploads\/2022\/03\/logo-horizontal.svg","width":"1024","height":"1024","caption":"BAUBAUWALL Wallpapers"},"image":{"@id":"https:\/\/baubauwall.com\/et\/#\/schema\/logo\/image\/"},"sameAs":["https:\/\/www.facebook.com\/Baubauwall","https:\/\/www.instagram.com\/baubauwall"]}]}},"jetpack_sharing_enabled":true,"_links":{"self":[{"href":"https:\/\/baubauwall.com\/et\/wp-json\/wp\/v2\/product\/45938","targetHints":{"allow":["GET"]}}],"collection":[{"href":"https:\/\/baubauwall.com\/et\/wp-json\/wp\/v2\/product"}],"about":[{"href":"https:\/\/baubauwall.com\/et\/wp-json\/wp\/v2\/types\/product"}],"replies":[{"embeddable":true,"href":"https:\/\/baubauwall.com\/et\/wp-json\/wp\/v2\/comments?post=45938"}],"wp:featuredmedia":[{"embeddable":true,"href":"https:\/\/baubauwall.com\/et\/wp-json\/wp\/v2\/media\/45945"}],"wp:attachment":[{"href":"https:\/\/baubauwall.com\/et\/wp-json\/wp\/v2\/media?parent=45938"}],"wp:term":[{"taxonomy":"product_brand","embeddable":true,"href":"https:\/\/baubauwall.com\/et\/wp-json\/wp\/v2\/product_brand?post=45938"},{"taxonomy":"product_cat","embeddable":true,"href":"https:\/\/baubauwall.com\/et\/wp-json\/wp\/v2\/product_cat?post=45938"},{"taxonomy":"product_tag","embeddable":true,"href":"https:\/\/baubauwall.com\/et\/wp-json\/wp\/v2\/product_tag?post=45938"}],"curies":[{"name":"wp","href":"https:\/\/api.w.org\/{rel}","templated":true}]}}