{"id":46037,"date":"2025-11-18T11:26:38","date_gmt":"2025-11-18T09:26:38","guid":{"rendered":"https:\/\/baubauwall.com\/?post_type=product&#038;p=46037"},"modified":"2025-11-21T16:19:08","modified_gmt":"2025-11-21T14:19:08","slug":"pilttapeet-ahvidega-dzunglivalss-beez","status":"publish","type":"product","link":"https:\/\/baubauwall.com\/et\/toode\/pilttapeet-ahvidega-dzunglivalss-beez\/","title":{"rendered":"D\u017eunglivalss &#8211; bee\u017e"},"content":{"rendered":"<p>D\u017eunglivalss on ahvidega tapeet, mis toob tuppa d\u017eungli salongi-versiooni \u2013 veidi m\u00e4nguline, aga selgelt t\u00e4iskasvanulik. Pehmel bee\u017eil taustal liiguvad v\u00e4ikesed ahvid m\u00f6\u00f6da liaane, \u00fcmberringi lopsakad rohelised lehed ja troopilised taimed. Joonistatud detailid annavad seintele illustratsioonilikult elegantse ilme, nagu oleksid tellinud kunstiteose otse oma elutuppa.<\/p>\n<p>Tulemuseks on\u00a0<em>jungle chic<\/em>\u00a0sein, millel pilk j\u00e4\u00e4b puhkama \u2013 olgu see siis lastetuba v\u00f5i iseenda magamistuba.<\/p>\n<p>Nagu k\u00f5ik meie kordusmustriga tapeedid ja pilttapeedid, on ka see pilttapeet tr\u00fckitud <a href=\"https:\/\/baubauwall.com\/et\/keskkonnasobralikud-tapeedid\/\" target=\"_blank\" rel=\"noopener\">keskkonnas\u00f5bralike v\u00e4rvidega<\/a>, hingavale fliistapeedi materjalile, mis ei l\u00e4igi ja on lihtne paigaldada. Sinu uus tapeet tuleb valmis l\u00f5igatud ning nummerdatud paanides, mis on t\u00e4pselt nii k\u00f5rged, kui Sinu sein.<\/p>\n<p><strong>Miks see ahvidega\u00a0 tapeet v\u00f5iks Sulle meeldida?<\/strong><\/p>\n<ul>\n<li><em>Jungle chic\u00a0<\/em>stiil on \u00e4ge!<\/li>\n<li>Eesti ettev\u00f5te<\/li>\n<li>Tr\u00fckime tapeedi t\u00e4pselt Sinu seina m\u00f5\u00f5dus<\/li>\n<li>Premium, matt fliistapeedi materjal, 100% taaskasutatud kiust<\/li>\n<li>M\u00fcrgivabad tr\u00fckiv\u00e4rvid,\u00a0<em>Greenguard<\/em>\u00a0sertifitseeritud<\/li>\n<li>Keskkonnas\u00f5bralik, j\u00e4\u00e4tmevaba tapeetimine<\/li>\n<li>Kaasa tasuta tapeediliim<\/li>\n<li>Tasuta transport ja kiire tarne 3-5 t\u00f6\u00f6p\u00e4evaga<\/li>\n<\/ul>\n<p>Loe l\u00e4hemalt nutikatest, eritellimust\u00f6\u00f6na valmivatest tapeetidest\u00a0<a href=\"https:\/\/baubauwall.com\/et\/keskkonnasobralikud-tapeedid\/\">siit.<\/a><\/p>\n","protected":false},"excerpt":{"rendered":"<p>D\u017eunglivalss on ahvidega tapeet, mis toob tuppa d\u017eungli salongi-versiooni \u2013 veidi m\u00e4nguline, aga selgelt t\u00e4iskasvanulik. Pehmel bee\u017eil taustal liiguvad v\u00e4ikesed ahvid m\u00f6\u00f6da liaane, \u00fcmberringi lopsakad rohelised lehed ja troopilised taimed. Joonistatud detailid annavad seintele illustratsioonilikult elegantse ilme, nagu oleksid tellinud kunstiteose otse oma elutuppa. Tulemuseks on\u00a0jungle chic\u00a0sein, millel pilk j\u00e4\u00e4b puhkama \u2013 olgu see siis [&hellip;]<\/p>\n","protected":false},"featured_media":46044,"comment_status":"open","ping_status":"closed","template":"","meta":{"_acf_changed":false,"inline_featured_image":false},"product_brand":[],"product_cat":[629,650,387,406,388,265,268,271,752,413,400,402,250,255],"product_tag":[631,345,724],"class_list":{"0":"post-46037","1":"product","2":"type-product","3":"status-publish","4":"has-post-thumbnail","6":"product_cat-kikki-belle-tapeedid","7":"product_cat-sir-edward-pilttapeedid","8":"product_cat-pilttapeedid","9":"product_cat-klassika","10":"product_cat-vintage-et","11":"product_cat-beezid-tapeedid","12":"product_cat-kirkad-tapeedid","13":"product_cat-rohelised-tapeedid","14":"product_cat-avalik-ruum","15":"product_cat-magamistoa-tapeedid","16":"product_cat-lastetoa-tapeedid","17":"product_cat-elutoa-tapeedid","18":"product_cat-dzungel-troopika","19":"product_cat-loomad","20":"product_tag-kikki-belle-et","21":"product_tag-pilttapeet","22":"product_tag-sooneutraalsed-varvid-et","24":"first","25":"instock","26":"taxable","27":"shipping-taxable","28":"purchasable","29":"product-type-simple"},"acf":[],"yoast_head":"<!-- This site is optimized with the Yoast SEO plugin v25.9 - https:\/\/yoast.com\/wordpress\/plugins\/seo\/ -->\n<title>Ahvidega tapeet | D\u017eunglivalss | pilttapeet lastetuppa v\u00f5i mujale<\/title>\n<meta name=\"description\" content=\"Ahvidega troopiline bee\u017e tapeet. Pilttapeet, mis sobib aktsentseina tapeediks lastetuppa v\u00f5i magamistuppa. Keskkonnas\u00f5bralik pilttapeet t\u00e4psetes paanides\" \/>\n<meta name=\"robots\" content=\"index, follow, max-snippet:-1, max-image-preview:large, max-video-preview:-1\" \/>\n<link rel=\"canonical\" href=\"https:\/\/baubauwall.com\/et\/toode\/pilttapeet-ahvidega-dzunglivalss-beez\/\" \/>\n<meta property=\"og:locale\" content=\"et_EE\" \/>\n<meta property=\"og:type\" content=\"article\" \/>\n<meta property=\"og:title\" content=\"BAUBAUWALL TAPEEDID\" \/>\n<meta property=\"og:description\" content=\"Ahvidega troopiline bee\u017e tapeet. Pilttapeet, mis sobib aktsentseina tapeediks lastetuppa v\u00f5i magamistuppa. Keskkonnas\u00f5bralik pilttapeet t\u00e4psetes paanides\" \/>\n<meta property=\"og:url\" content=\"https:\/\/baubauwall.com\/et\/toode\/pilttapeet-ahvidega-dzunglivalss-beez\/\" \/>\n<meta property=\"og:site_name\" content=\"BAUBAUWALL TAPEEDID\" \/>\n<meta property=\"article:publisher\" content=\"https:\/\/www.facebook.com\/Baubauwall\" \/>\n<meta property=\"article:modified_time\" content=\"2025-11-21T14:19:08+00:00\" \/>\n<meta property=\"og:image\" content=\"https:\/\/baubauwall.com\/wp-content\/uploads\/2025\/11\/Mural_Wallpaper_Playful_Monkeys_Beige_BAUBAUWALL_room_51200515-2.jpg\" \/>\n\t<meta property=\"og:image:width\" content=\"2400\" \/>\n\t<meta property=\"og:image:height\" content=\"1600\" \/>\n\t<meta property=\"og:image:type\" content=\"image\/jpeg\" \/>\n<meta name=\"twitter:card\" content=\"summary_large_image\" \/>\n<meta name=\"twitter:label1\" content=\"Est. reading time\" \/>\n\t<meta name=\"twitter:data1\" content=\"1 minut\" \/>\n<script type=\"application\/ld+json\" class=\"yoast-schema-graph\">{\"@context\":\"https:\/\/schema.org\",\"@graph\":[{\"@type\":\"WebPage\",\"@id\":\"https:\/\/baubauwall.com\/et\/toode\/pilttapeet-ahvidega-dzunglivalss-beez\/\",\"url\":\"https:\/\/baubauwall.com\/et\/toode\/pilttapeet-ahvidega-dzunglivalss-beez\/\",\"name\":\"Ahvidega tapeet | D\u017eunglivalss | pilttapeet lastetuppa v\u00f5i mujale\",\"isPartOf\":{\"@id\":\"https:\/\/baubauwall.com\/et\/#website\"},\"primaryImageOfPage\":{\"@id\":\"https:\/\/baubauwall.com\/et\/toode\/pilttapeet-ahvidega-dzunglivalss-beez\/#primaryimage\"},\"image\":{\"@id\":\"https:\/\/baubauwall.com\/et\/toode\/pilttapeet-ahvidega-dzunglivalss-beez\/#primaryimage\"},\"thumbnailUrl\":\"https:\/\/baubauwall.com\/wp-content\/uploads\/2025\/11\/Mural_Wallpaper_Playful_Monkeys_Beige_BAUBAUWALL_room_51200515-3.jpg\",\"datePublished\":\"2025-11-18T09:26:38+00:00\",\"dateModified\":\"2025-11-21T14:19:08+00:00\",\"description\":\"Ahvidega troopiline bee\u017e tapeet. Pilttapeet, mis sobib aktsentseina tapeediks lastetuppa v\u00f5i magamistuppa. Keskkonnas\u00f5bralik pilttapeet t\u00e4psetes paanides\",\"breadcrumb\":{\"@id\":\"https:\/\/baubauwall.com\/et\/toode\/pilttapeet-ahvidega-dzunglivalss-beez\/#breadcrumb\"},\"inLanguage\":\"et\",\"potentialAction\":[{\"@type\":\"ReadAction\",\"target\":[\"https:\/\/baubauwall.com\/et\/toode\/pilttapeet-ahvidega-dzunglivalss-beez\/\"]}]},{\"@type\":\"ImageObject\",\"inLanguage\":\"et\",\"@id\":\"https:\/\/baubauwall.com\/et\/toode\/pilttapeet-ahvidega-dzunglivalss-beez\/#primaryimage\",\"url\":\"https:\/\/baubauwall.com\/wp-content\/uploads\/2025\/11\/Mural_Wallpaper_Playful_Monkeys_Beige_BAUBAUWALL_room_51200515-3.jpg\",\"contentUrl\":\"https:\/\/baubauwall.com\/wp-content\/uploads\/2025\/11\/Mural_Wallpaper_Playful_Monkeys_Beige_BAUBAUWALL_room_51200515-3.jpg\",\"width\":2400,\"height\":1600,\"caption\":\"Mural wallpaper with monkeys on beige. Baubauwall wallpapers and designer murals\"},{\"@type\":\"BreadcrumbList\",\"@id\":\"https:\/\/baubauwall.com\/et\/toode\/pilttapeet-ahvidega-dzunglivalss-beez\/#breadcrumb\",\"itemListElement\":[{\"@type\":\"ListItem\",\"position\":1,\"name\":\"Koju\",\"item\":\"https:\/\/baubauwall.com\/et\/\"},{\"@type\":\"ListItem\",\"position\":2,\"name\":\"Tapeedid\",\"item\":\"https:\/\/baubauwall.com\/et\/tapeedid\/\"},{\"@type\":\"ListItem\",\"position\":3,\"name\":\"D\u017eunglivalss &#8211; bee\u017e\"}]},{\"@type\":\"WebSite\",\"@id\":\"https:\/\/baubauwall.com\/et\/#website\",\"url\":\"https:\/\/baubauwall.com\/et\/\",\"name\":\"BAUBAUWALL Wallpapers\",\"description\":\"Valmis paanides tapeet Eestist!\",\"publisher\":{\"@id\":\"https:\/\/baubauwall.com\/et\/#organization\"},\"potentialAction\":[{\"@type\":\"SearchAction\",\"target\":{\"@type\":\"EntryPoint\",\"urlTemplate\":\"https:\/\/baubauwall.com\/et\/?s={search_term_string}\"},\"query-input\":{\"@type\":\"PropertyValueSpecification\",\"valueRequired\":true,\"valueName\":\"search_term_string\"}}],\"inLanguage\":\"et\"},{\"@type\":\"Organization\",\"@id\":\"https:\/\/baubauwall.com\/et\/#organization\",\"name\":\"BAUBAUWALL Wallpapers\",\"url\":\"https:\/\/baubauwall.com\/et\/\",\"logo\":{\"@type\":\"ImageObject\",\"inLanguage\":\"et\",\"@id\":\"https:\/\/baubauwall.com\/et\/#\/schema\/logo\/image\/\",\"url\":\"https:\/\/baubauwall.com\/wp-content\/uploads\/2022\/03\/logo-horizontal.svg\",\"contentUrl\":\"https:\/\/baubauwall.com\/wp-content\/uploads\/2022\/03\/logo-horizontal.svg\",\"width\":\"1024\",\"height\":\"1024\",\"caption\":\"BAUBAUWALL Wallpapers\"},\"image\":{\"@id\":\"https:\/\/baubauwall.com\/et\/#\/schema\/logo\/image\/\"},\"sameAs\":[\"https:\/\/www.facebook.com\/Baubauwall\",\"https:\/\/www.instagram.com\/baubauwall\"]}]}<\/script>\n<!-- \/ Yoast SEO plugin. -->","yoast_head_json":{"title":"Ahvidega tapeet | D\u017eunglivalss | pilttapeet lastetuppa v\u00f5i mujale","description":"Ahvidega troopiline bee\u017e tapeet. Pilttapeet, mis sobib aktsentseina tapeediks lastetuppa v\u00f5i magamistuppa. Keskkonnas\u00f5bralik pilttapeet t\u00e4psetes paanides","robots":{"index":"index","follow":"follow","max-snippet":"max-snippet:-1","max-image-preview":"max-image-preview:large","max-video-preview":"max-video-preview:-1"},"canonical":"https:\/\/baubauwall.com\/et\/toode\/pilttapeet-ahvidega-dzunglivalss-beez\/","og_locale":"et_EE","og_type":"article","og_title":"BAUBAUWALL TAPEEDID","og_description":"Ahvidega troopiline bee\u017e tapeet. Pilttapeet, mis sobib aktsentseina tapeediks lastetuppa v\u00f5i magamistuppa. Keskkonnas\u00f5bralik pilttapeet t\u00e4psetes paanides","og_url":"https:\/\/baubauwall.com\/et\/toode\/pilttapeet-ahvidega-dzunglivalss-beez\/","og_site_name":"BAUBAUWALL TAPEEDID","article_publisher":"https:\/\/www.facebook.com\/Baubauwall","article_modified_time":"2025-11-21T14:19:08+00:00","og_image":[{"width":2400,"height":1600,"url":"https:\/\/baubauwall.com\/wp-content\/uploads\/2025\/11\/Mural_Wallpaper_Playful_Monkeys_Beige_BAUBAUWALL_room_51200515-2.jpg","type":"image\/jpeg"}],"twitter_card":"summary_large_image","twitter_misc":{"Est. reading time":"1 minut"},"schema":{"@context":"https:\/\/schema.org","@graph":[{"@type":"WebPage","@id":"https:\/\/baubauwall.com\/et\/toode\/pilttapeet-ahvidega-dzunglivalss-beez\/","url":"https:\/\/baubauwall.com\/et\/toode\/pilttapeet-ahvidega-dzunglivalss-beez\/","name":"Ahvidega tapeet | D\u017eunglivalss | pilttapeet lastetuppa v\u00f5i mujale","isPartOf":{"@id":"https:\/\/baubauwall.com\/et\/#website"},"primaryImageOfPage":{"@id":"https:\/\/baubauwall.com\/et\/toode\/pilttapeet-ahvidega-dzunglivalss-beez\/#primaryimage"},"image":{"@id":"https:\/\/baubauwall.com\/et\/toode\/pilttapeet-ahvidega-dzunglivalss-beez\/#primaryimage"},"thumbnailUrl":"https:\/\/baubauwall.com\/wp-content\/uploads\/2025\/11\/Mural_Wallpaper_Playful_Monkeys_Beige_BAUBAUWALL_room_51200515-3.jpg","datePublished":"2025-11-18T09:26:38+00:00","dateModified":"2025-11-21T14:19:08+00:00","description":"Ahvidega troopiline bee\u017e tapeet. Pilttapeet, mis sobib aktsentseina tapeediks lastetuppa v\u00f5i magamistuppa. Keskkonnas\u00f5bralik pilttapeet t\u00e4psetes paanides","breadcrumb":{"@id":"https:\/\/baubauwall.com\/et\/toode\/pilttapeet-ahvidega-dzunglivalss-beez\/#breadcrumb"},"inLanguage":"et","potentialAction":[{"@type":"ReadAction","target":["https:\/\/baubauwall.com\/et\/toode\/pilttapeet-ahvidega-dzunglivalss-beez\/"]}]},{"@type":"ImageObject","inLanguage":"et","@id":"https:\/\/baubauwall.com\/et\/toode\/pilttapeet-ahvidega-dzunglivalss-beez\/#primaryimage","url":"https:\/\/baubauwall.com\/wp-content\/uploads\/2025\/11\/Mural_Wallpaper_Playful_Monkeys_Beige_BAUBAUWALL_room_51200515-3.jpg","contentUrl":"https:\/\/baubauwall.com\/wp-content\/uploads\/2025\/11\/Mural_Wallpaper_Playful_Monkeys_Beige_BAUBAUWALL_room_51200515-3.jpg","width":2400,"height":1600,"caption":"Mural wallpaper with monkeys on beige. Baubauwall wallpapers and designer murals"},{"@type":"BreadcrumbList","@id":"https:\/\/baubauwall.com\/et\/toode\/pilttapeet-ahvidega-dzunglivalss-beez\/#breadcrumb","itemListElement":[{"@type":"ListItem","position":1,"name":"Koju","item":"https:\/\/baubauwall.com\/et\/"},{"@type":"ListItem","position":2,"name":"Tapeedid","item":"https:\/\/baubauwall.com\/et\/tapeedid\/"},{"@type":"ListItem","position":3,"name":"D\u017eunglivalss &#8211; bee\u017e"}]},{"@type":"WebSite","@id":"https:\/\/baubauwall.com\/et\/#website","url":"https:\/\/baubauwall.com\/et\/","name":"BAUBAUWALL Wallpapers","description":"Valmis paanides tapeet Eestist!","publisher":{"@id":"https:\/\/baubauwall.com\/et\/#organization"},"potentialAction":[{"@type":"SearchAction","target":{"@type":"EntryPoint","urlTemplate":"https:\/\/baubauwall.com\/et\/?s={search_term_string}"},"query-input":{"@type":"PropertyValueSpecification","valueRequired":true,"valueName":"search_term_string"}}],"inLanguage":"et"},{"@type":"Organization","@id":"https:\/\/baubauwall.com\/et\/#organization","name":"BAUBAUWALL Wallpapers","url":"https:\/\/baubauwall.com\/et\/","logo":{"@type":"ImageObject","inLanguage":"et","@id":"https:\/\/baubauwall.com\/et\/#\/schema\/logo\/image\/","url":"https:\/\/baubauwall.com\/wp-content\/uploads\/2022\/03\/logo-horizontal.svg","contentUrl":"https:\/\/baubauwall.com\/wp-content\/uploads\/2022\/03\/logo-horizontal.svg","width":"1024","height":"1024","caption":"BAUBAUWALL Wallpapers"},"image":{"@id":"https:\/\/baubauwall.com\/et\/#\/schema\/logo\/image\/"},"sameAs":["https:\/\/www.facebook.com\/Baubauwall","https:\/\/www.instagram.com\/baubauwall"]}]}},"jetpack_sharing_enabled":true,"_links":{"self":[{"href":"https:\/\/baubauwall.com\/et\/wp-json\/wp\/v2\/product\/46037","targetHints":{"allow":["GET"]}}],"collection":[{"href":"https:\/\/baubauwall.com\/et\/wp-json\/wp\/v2\/product"}],"about":[{"href":"https:\/\/baubauwall.com\/et\/wp-json\/wp\/v2\/types\/product"}],"replies":[{"embeddable":true,"href":"https:\/\/baubauwall.com\/et\/wp-json\/wp\/v2\/comments?post=46037"}],"wp:featuredmedia":[{"embeddable":true,"href":"https:\/\/baubauwall.com\/et\/wp-json\/wp\/v2\/media\/46044"}],"wp:attachment":[{"href":"https:\/\/baubauwall.com\/et\/wp-json\/wp\/v2\/media?parent=46037"}],"wp:term":[{"taxonomy":"product_brand","embeddable":true,"href":"https:\/\/baubauwall.com\/et\/wp-json\/wp\/v2\/product_brand?post=46037"},{"taxonomy":"product_cat","embeddable":true,"href":"https:\/\/baubauwall.com\/et\/wp-json\/wp\/v2\/product_cat?post=46037"},{"taxonomy":"product_tag","embeddable":true,"href":"https:\/\/baubauwall.com\/et\/wp-json\/wp\/v2\/product_tag?post=46037"}],"curies":[{"name":"wp","href":"https:\/\/api.w.org\/{rel}","templated":true}]}}