{"id":46102,"date":"2025-11-21T15:46:17","date_gmt":"2025-11-21T13:46:17","guid":{"rendered":"https:\/\/baubauwall.com\/?post_type=product&#038;p=46102"},"modified":"2025-12-01T13:20:23","modified_gmt":"2025-12-01T11:20:23","slug":"pilttapeet-ahvide-paradiis-tumeroheline","status":"publish","type":"product","link":"https:\/\/baubauwall.com\/et\/toode\/pilttapeet-ahvide-paradiis-tumeroheline\/","title":{"rendered":"Ahvide paradiis &#8211; tumeroheline"},"content":{"rendered":"<p>Ahvidega roheline tapeet, mis toob tuppa d\u017eungli salap\u00e4ra. Tapeedidisain, mis on m\u00e4ngline ja lihtsalt ilus. Tumerohelisel d\u017eunglitaustal h\u00fcplevad v\u00e4ikesed ahvid m\u00f6\u00f6da liaane, \u00fcmberringi lopsakad lehed ja troopilised taimed. Joonistatud detailid annavad seintele illustratsioonilikult elegantse ilme, nagu oleksid tellinud kunstiteose otse oma magamistuppa v\u00f5i elutuppa.<\/p>\n<p>Tulemuseks on\u00a0<em>jungle chic<\/em> sein ja pilttapeet, millel pilk j\u00e4\u00e4b puhkama.<\/p>\n<p>Nagu k\u00f5ik meie tapeedid, on ka see pilttapeet tr\u00fckitud <a href=\"https:\/\/baubauwall.com\/et\/keskkonnasobralikud-tapeedid\/\" target=\"_blank\" rel=\"noopener\">keskkonnas\u00f5bralike v\u00e4rvidega<\/a>, hingavale fliistapeedi materjalile, mis ei l\u00e4igi ja on lihtne paigaldada. Sinu uus tapeet tuleb valmis l\u00f5igatud ning nummerdatud paanides, mis on t\u00e4pselt nii k\u00f5rged, kui Sinu sein.<\/p>\n<p><strong>Miks see ahvidega\u00a0 tapeet v\u00f5iks Sulle meeldida?<\/strong><\/p>\n<ul>\n<li><em>Jungle chic\u00a0<\/em>stiil on \u00e4ge!<\/li>\n<li>Eesti ettev\u00f5te<\/li>\n<li>Tr\u00fckime tapeedi t\u00e4pselt Sinu seina m\u00f5\u00f5dus<\/li>\n<li>Premium, matt fliistapeedi materjal, 100% taaskasutatud kiust<\/li>\n<li>M\u00fcrgivabad tr\u00fckiv\u00e4rvid,\u00a0<em>Greenguard<\/em>\u00a0sertifitseeritud<\/li>\n<li>Keskkonnas\u00f5bralik, j\u00e4\u00e4tmevaba tapeetimine<\/li>\n<li>Kaasa tasuta tapeediliim<\/li>\n<li>Tasuta transport ja kiire tarne 3-5 t\u00f6\u00f6p\u00e4evaga<\/li>\n<\/ul>\n<p>Loe l\u00e4hemalt nutikatest, eritellimust\u00f6\u00f6na valmivatest tapeetidest\u00a0<a href=\"https:\/\/baubauwall.com\/et\/keskkonnasobralikud-tapeedid\/\">siit.<\/a><\/p>\n","protected":false},"excerpt":{"rendered":"<p>Ahvidega roheline tapeet, mis toob tuppa d\u017eungli salap\u00e4ra. Tapeedidisain, mis on m\u00e4ngline ja lihtsalt ilus. Tumerohelisel d\u017eunglitaustal h\u00fcplevad v\u00e4ikesed ahvid m\u00f6\u00f6da liaane, \u00fcmberringi lopsakad lehed ja troopilised taimed. Joonistatud detailid annavad seintele illustratsioonilikult elegantse ilme, nagu oleksid tellinud kunstiteose otse oma magamistuppa v\u00f5i elutuppa. Tulemuseks on\u00a0jungle chic sein ja pilttapeet, millel pilk j\u00e4\u00e4b puhkama. Nagu [&hellip;]<\/p>\n","protected":false},"featured_media":46110,"comment_status":"open","ping_status":"closed","template":"","meta":{"_acf_changed":false,"inline_featured_image":false},"product_brand":[],"product_cat":[650,387,622,394,388,270,271,752,413,414,416,402,250,255],"product_tag":[345,638],"class_list":{"0":"post-46102","1":"product","2":"type-product","3":"status-publish","4":"has-post-thumbnail","6":"product_cat-sir-edward-pilttapeedid","7":"product_cat-pilttapeedid","8":"product_cat-julged-tapeedid","9":"product_cat-rikkalik","10":"product_cat-vintage-et","11":"product_cat-tumedad-tapeedid","12":"product_cat-rohelised-tapeedid","13":"product_cat-avalik-ruum","14":"product_cat-magamistoa-tapeedid","15":"product_cat-soogitoa-tapeedid","16":"product_cat-esiku-tapeedid","17":"product_cat-elutoa-tapeedid","18":"product_cat-dzungel-troopika","19":"product_cat-loomad","20":"product_tag-pilttapeet","21":"product_tag-sir-edward-pilttapeedid","23":"first","24":"instock","25":"taxable","26":"shipping-taxable","27":"purchasable","28":"product-type-simple"},"acf":[],"yoast_head":"<!-- This site is optimized with the Yoast SEO plugin v25.9 - https:\/\/yoast.com\/wordpress\/plugins\/seo\/ -->\n<title>Ahvidega roheline tapeet | D\u017eunglivalss | pilttapeet<\/title>\n<meta name=\"description\" content=\"Ahvidega roheline tapeet. Troopiline pilttapeet, mis sobib aktsentseina tapeediks elutuppa v\u00f5i magamistuppa. Keskkonnas\u00f5bralik pilttapeet t\u00e4psetes paanides\" \/>\n<meta name=\"robots\" content=\"index, follow, max-snippet:-1, max-image-preview:large, max-video-preview:-1\" \/>\n<link rel=\"canonical\" href=\"https:\/\/baubauwall.com\/et\/toode\/pilttapeet-ahvide-paradiis-tumeroheline\/\" \/>\n<meta property=\"og:locale\" content=\"et_EE\" \/>\n<meta property=\"og:type\" content=\"article\" \/>\n<meta property=\"og:title\" content=\"BAUBAUWALL TAPEEDID\" \/>\n<meta property=\"og:description\" content=\"Ahvidega roheline tapeet. Troopiline pilttapeet, mis sobib aktsentseina tapeediks elutuppa v\u00f5i magamistuppa. Keskkonnas\u00f5bralik pilttapeet t\u00e4psetes paanides\" \/>\n<meta property=\"og:url\" content=\"https:\/\/baubauwall.com\/et\/toode\/pilttapeet-ahvide-paradiis-tumeroheline\/\" \/>\n<meta property=\"og:site_name\" content=\"BAUBAUWALL TAPEEDID\" \/>\n<meta property=\"article:publisher\" content=\"https:\/\/www.facebook.com\/Baubauwall\" \/>\n<meta property=\"article:modified_time\" content=\"2025-12-01T11:20:23+00:00\" \/>\n<meta property=\"og:image\" content=\"https:\/\/baubauwall.com\/wp-content\/uploads\/2025\/11\/Mural_Wallpaper_Playful_Monkeys_Monochrome_Black_Baubauwall_room_51200516.jpg-3.jpg\" \/>\n\t<meta property=\"og:image:width\" content=\"1600\" \/>\n\t<meta property=\"og:image:height\" content=\"1600\" \/>\n\t<meta property=\"og:image:type\" content=\"image\/jpeg\" \/>\n<meta name=\"twitter:card\" content=\"summary_large_image\" \/>\n<meta name=\"twitter:label1\" content=\"Est. reading time\" \/>\n\t<meta name=\"twitter:data1\" content=\"1 minut\" \/>\n<script type=\"application\/ld+json\" class=\"yoast-schema-graph\">{\"@context\":\"https:\/\/schema.org\",\"@graph\":[{\"@type\":\"WebPage\",\"@id\":\"https:\/\/baubauwall.com\/et\/toode\/pilttapeet-ahvide-paradiis-tumeroheline\/\",\"url\":\"https:\/\/baubauwall.com\/et\/toode\/pilttapeet-ahvide-paradiis-tumeroheline\/\",\"name\":\"Ahvidega roheline tapeet | D\u017eunglivalss | pilttapeet\",\"isPartOf\":{\"@id\":\"https:\/\/baubauwall.com\/et\/#website\"},\"primaryImageOfPage\":{\"@id\":\"https:\/\/baubauwall.com\/et\/toode\/pilttapeet-ahvide-paradiis-tumeroheline\/#primaryimage\"},\"image\":{\"@id\":\"https:\/\/baubauwall.com\/et\/toode\/pilttapeet-ahvide-paradiis-tumeroheline\/#primaryimage\"},\"thumbnailUrl\":\"https:\/\/baubauwall.com\/wp-content\/uploads\/2025\/11\/Mural_Wallpaper_Playful_Monkeys_Monochrome_Green_Room_Baubauwall_51200517-1-scaled.jpg\",\"datePublished\":\"2025-11-21T13:46:17+00:00\",\"dateModified\":\"2025-12-01T11:20:23+00:00\",\"description\":\"Ahvidega roheline tapeet. Troopiline pilttapeet, mis sobib aktsentseina tapeediks elutuppa v\u00f5i magamistuppa. Keskkonnas\u00f5bralik pilttapeet t\u00e4psetes paanides\",\"breadcrumb\":{\"@id\":\"https:\/\/baubauwall.com\/et\/toode\/pilttapeet-ahvide-paradiis-tumeroheline\/#breadcrumb\"},\"inLanguage\":\"et\",\"potentialAction\":[{\"@type\":\"ReadAction\",\"target\":[\"https:\/\/baubauwall.com\/et\/toode\/pilttapeet-ahvide-paradiis-tumeroheline\/\"]}]},{\"@type\":\"ImageObject\",\"inLanguage\":\"et\",\"@id\":\"https:\/\/baubauwall.com\/et\/toode\/pilttapeet-ahvide-paradiis-tumeroheline\/#primaryimage\",\"url\":\"https:\/\/baubauwall.com\/wp-content\/uploads\/2025\/11\/Mural_Wallpaper_Playful_Monkeys_Monochrome_Green_Room_Baubauwall_51200517-1-scaled.jpg\",\"contentUrl\":\"https:\/\/baubauwall.com\/wp-content\/uploads\/2025\/11\/Mural_Wallpaper_Playful_Monkeys_Monochrome_Green_Room_Baubauwall_51200517-1-scaled.jpg\",\"width\":2560,\"height\":1506,\"caption\":\"jungle chic green mural wallpaper set on a living room feature wall. Baubauwall wallpapers\"},{\"@type\":\"BreadcrumbList\",\"@id\":\"https:\/\/baubauwall.com\/et\/toode\/pilttapeet-ahvide-paradiis-tumeroheline\/#breadcrumb\",\"itemListElement\":[{\"@type\":\"ListItem\",\"position\":1,\"name\":\"Koju\",\"item\":\"https:\/\/baubauwall.com\/et\/\"},{\"@type\":\"ListItem\",\"position\":2,\"name\":\"Tapeedid\",\"item\":\"https:\/\/baubauwall.com\/et\/tapeedid\/\"},{\"@type\":\"ListItem\",\"position\":3,\"name\":\"Ahvide paradiis &#8211; tumeroheline\"}]},{\"@type\":\"WebSite\",\"@id\":\"https:\/\/baubauwall.com\/et\/#website\",\"url\":\"https:\/\/baubauwall.com\/et\/\",\"name\":\"BAUBAUWALL Wallpapers\",\"description\":\"Valmis paanides tapeet Eestist!\",\"publisher\":{\"@id\":\"https:\/\/baubauwall.com\/et\/#organization\"},\"potentialAction\":[{\"@type\":\"SearchAction\",\"target\":{\"@type\":\"EntryPoint\",\"urlTemplate\":\"https:\/\/baubauwall.com\/et\/?s={search_term_string}\"},\"query-input\":{\"@type\":\"PropertyValueSpecification\",\"valueRequired\":true,\"valueName\":\"search_term_string\"}}],\"inLanguage\":\"et\"},{\"@type\":\"Organization\",\"@id\":\"https:\/\/baubauwall.com\/et\/#organization\",\"name\":\"BAUBAUWALL Wallpapers\",\"url\":\"https:\/\/baubauwall.com\/et\/\",\"logo\":{\"@type\":\"ImageObject\",\"inLanguage\":\"et\",\"@id\":\"https:\/\/baubauwall.com\/et\/#\/schema\/logo\/image\/\",\"url\":\"https:\/\/baubauwall.com\/wp-content\/uploads\/2022\/03\/logo-horizontal.svg\",\"contentUrl\":\"https:\/\/baubauwall.com\/wp-content\/uploads\/2022\/03\/logo-horizontal.svg\",\"width\":\"1024\",\"height\":\"1024\",\"caption\":\"BAUBAUWALL Wallpapers\"},\"image\":{\"@id\":\"https:\/\/baubauwall.com\/et\/#\/schema\/logo\/image\/\"},\"sameAs\":[\"https:\/\/www.facebook.com\/Baubauwall\",\"https:\/\/www.instagram.com\/baubauwall\"]}]}<\/script>\n<!-- \/ Yoast SEO plugin. -->","yoast_head_json":{"title":"Ahvidega roheline tapeet | D\u017eunglivalss | pilttapeet","description":"Ahvidega roheline tapeet. Troopiline pilttapeet, mis sobib aktsentseina tapeediks elutuppa v\u00f5i magamistuppa. Keskkonnas\u00f5bralik pilttapeet t\u00e4psetes paanides","robots":{"index":"index","follow":"follow","max-snippet":"max-snippet:-1","max-image-preview":"max-image-preview:large","max-video-preview":"max-video-preview:-1"},"canonical":"https:\/\/baubauwall.com\/et\/toode\/pilttapeet-ahvide-paradiis-tumeroheline\/","og_locale":"et_EE","og_type":"article","og_title":"BAUBAUWALL TAPEEDID","og_description":"Ahvidega roheline tapeet. Troopiline pilttapeet, mis sobib aktsentseina tapeediks elutuppa v\u00f5i magamistuppa. Keskkonnas\u00f5bralik pilttapeet t\u00e4psetes paanides","og_url":"https:\/\/baubauwall.com\/et\/toode\/pilttapeet-ahvide-paradiis-tumeroheline\/","og_site_name":"BAUBAUWALL TAPEEDID","article_publisher":"https:\/\/www.facebook.com\/Baubauwall","article_modified_time":"2025-12-01T11:20:23+00:00","og_image":[{"width":1600,"height":1600,"url":"https:\/\/baubauwall.com\/wp-content\/uploads\/2025\/11\/Mural_Wallpaper_Playful_Monkeys_Monochrome_Black_Baubauwall_room_51200516.jpg-3.jpg","type":"image\/jpeg"}],"twitter_card":"summary_large_image","twitter_misc":{"Est. reading time":"1 minut"},"schema":{"@context":"https:\/\/schema.org","@graph":[{"@type":"WebPage","@id":"https:\/\/baubauwall.com\/et\/toode\/pilttapeet-ahvide-paradiis-tumeroheline\/","url":"https:\/\/baubauwall.com\/et\/toode\/pilttapeet-ahvide-paradiis-tumeroheline\/","name":"Ahvidega roheline tapeet | D\u017eunglivalss | pilttapeet","isPartOf":{"@id":"https:\/\/baubauwall.com\/et\/#website"},"primaryImageOfPage":{"@id":"https:\/\/baubauwall.com\/et\/toode\/pilttapeet-ahvide-paradiis-tumeroheline\/#primaryimage"},"image":{"@id":"https:\/\/baubauwall.com\/et\/toode\/pilttapeet-ahvide-paradiis-tumeroheline\/#primaryimage"},"thumbnailUrl":"https:\/\/baubauwall.com\/wp-content\/uploads\/2025\/11\/Mural_Wallpaper_Playful_Monkeys_Monochrome_Green_Room_Baubauwall_51200517-1-scaled.jpg","datePublished":"2025-11-21T13:46:17+00:00","dateModified":"2025-12-01T11:20:23+00:00","description":"Ahvidega roheline tapeet. Troopiline pilttapeet, mis sobib aktsentseina tapeediks elutuppa v\u00f5i magamistuppa. Keskkonnas\u00f5bralik pilttapeet t\u00e4psetes paanides","breadcrumb":{"@id":"https:\/\/baubauwall.com\/et\/toode\/pilttapeet-ahvide-paradiis-tumeroheline\/#breadcrumb"},"inLanguage":"et","potentialAction":[{"@type":"ReadAction","target":["https:\/\/baubauwall.com\/et\/toode\/pilttapeet-ahvide-paradiis-tumeroheline\/"]}]},{"@type":"ImageObject","inLanguage":"et","@id":"https:\/\/baubauwall.com\/et\/toode\/pilttapeet-ahvide-paradiis-tumeroheline\/#primaryimage","url":"https:\/\/baubauwall.com\/wp-content\/uploads\/2025\/11\/Mural_Wallpaper_Playful_Monkeys_Monochrome_Green_Room_Baubauwall_51200517-1-scaled.jpg","contentUrl":"https:\/\/baubauwall.com\/wp-content\/uploads\/2025\/11\/Mural_Wallpaper_Playful_Monkeys_Monochrome_Green_Room_Baubauwall_51200517-1-scaled.jpg","width":2560,"height":1506,"caption":"jungle chic green mural wallpaper set on a living room feature wall. Baubauwall wallpapers"},{"@type":"BreadcrumbList","@id":"https:\/\/baubauwall.com\/et\/toode\/pilttapeet-ahvide-paradiis-tumeroheline\/#breadcrumb","itemListElement":[{"@type":"ListItem","position":1,"name":"Koju","item":"https:\/\/baubauwall.com\/et\/"},{"@type":"ListItem","position":2,"name":"Tapeedid","item":"https:\/\/baubauwall.com\/et\/tapeedid\/"},{"@type":"ListItem","position":3,"name":"Ahvide paradiis &#8211; tumeroheline"}]},{"@type":"WebSite","@id":"https:\/\/baubauwall.com\/et\/#website","url":"https:\/\/baubauwall.com\/et\/","name":"BAUBAUWALL Wallpapers","description":"Valmis paanides tapeet Eestist!","publisher":{"@id":"https:\/\/baubauwall.com\/et\/#organization"},"potentialAction":[{"@type":"SearchAction","target":{"@type":"EntryPoint","urlTemplate":"https:\/\/baubauwall.com\/et\/?s={search_term_string}"},"query-input":{"@type":"PropertyValueSpecification","valueRequired":true,"valueName":"search_term_string"}}],"inLanguage":"et"},{"@type":"Organization","@id":"https:\/\/baubauwall.com\/et\/#organization","name":"BAUBAUWALL Wallpapers","url":"https:\/\/baubauwall.com\/et\/","logo":{"@type":"ImageObject","inLanguage":"et","@id":"https:\/\/baubauwall.com\/et\/#\/schema\/logo\/image\/","url":"https:\/\/baubauwall.com\/wp-content\/uploads\/2022\/03\/logo-horizontal.svg","contentUrl":"https:\/\/baubauwall.com\/wp-content\/uploads\/2022\/03\/logo-horizontal.svg","width":"1024","height":"1024","caption":"BAUBAUWALL Wallpapers"},"image":{"@id":"https:\/\/baubauwall.com\/et\/#\/schema\/logo\/image\/"},"sameAs":["https:\/\/www.facebook.com\/Baubauwall","https:\/\/www.instagram.com\/baubauwall"]}]}},"jetpack_sharing_enabled":true,"_links":{"self":[{"href":"https:\/\/baubauwall.com\/et\/wp-json\/wp\/v2\/product\/46102","targetHints":{"allow":["GET"]}}],"collection":[{"href":"https:\/\/baubauwall.com\/et\/wp-json\/wp\/v2\/product"}],"about":[{"href":"https:\/\/baubauwall.com\/et\/wp-json\/wp\/v2\/types\/product"}],"replies":[{"embeddable":true,"href":"https:\/\/baubauwall.com\/et\/wp-json\/wp\/v2\/comments?post=46102"}],"wp:featuredmedia":[{"embeddable":true,"href":"https:\/\/baubauwall.com\/et\/wp-json\/wp\/v2\/media\/46110"}],"wp:attachment":[{"href":"https:\/\/baubauwall.com\/et\/wp-json\/wp\/v2\/media?parent=46102"}],"wp:term":[{"taxonomy":"product_brand","embeddable":true,"href":"https:\/\/baubauwall.com\/et\/wp-json\/wp\/v2\/product_brand?post=46102"},{"taxonomy":"product_cat","embeddable":true,"href":"https:\/\/baubauwall.com\/et\/wp-json\/wp\/v2\/product_cat?post=46102"},{"taxonomy":"product_tag","embeddable":true,"href":"https:\/\/baubauwall.com\/et\/wp-json\/wp\/v2\/product_tag?post=46102"}],"curies":[{"name":"wp","href":"https:\/\/api.w.org\/{rel}","templated":true}]}}